{"id":13470,"date":"2024-09-11T11:52:56","date_gmt":"2024-09-11T21:52:56","guid":{"rendered":"https:\/\/www.service-public.pf\/arass\/?page_id=13470"},"modified":"2024-09-11T11:52:56","modified_gmt":"2024-09-11T21:52:56","slug":"reglement-sanitaire-international-rsi-pf","status":"publish","type":"page","link":"https:\/\/www.service-public.pf\/arass\/reglement-sanitaire-international-rsi-pf\/","title":{"rendered":"Le r\u00e8glement sanitaire international (RSI)"},"content":{"rendered":"<p><div class=\"fusion-fullwidth fullwidth-box fusion-builder-row-1 fusion-flex-container has-pattern-background has-mask-background nonhundred-percent-fullwidth non-hundred-percent-height-scrolling\" style=\"--awb-border-radius-top-left:0px;--awb-border-radius-top-right:0px;--awb-border-radius-bottom-right:0px;--awb-border-radius-bottom-left:0px;--awb-flex-wrap:wrap;\" ><div class=\"fusion-builder-row fusion-row fusion-flex-align-items-flex-start fusion-flex-content-wrap\" style=\"max-width:1216.8px;margin-left: calc(-4% \/ 2 );margin-right: calc(-4% \/ 2 );\"><div class=\"fusion-layout-column fusion_builder_column fusion-builder-column-0 fusion_builder_column_4_5 4_5 fusion-flex-column\" style=\"--awb-bg-size:cover;--awb-width-large:80%;--awb-margin-top-large:0px;--awb-spacing-right-large:2.4%;--awb-margin-bottom-large:0px;--awb-spacing-left-large:2.4%;--awb-width-medium:100%;--awb-order-medium:0;--awb-spacing-right-medium:1.92%;--awb-spacing-left-medium:1.92%;--awb-width-small:100%;--awb-order-small:0;--awb-spacing-right-small:1.92%;--awb-spacing-left-small:1.92%;\"><div class=\"fusion-column-wrapper fusion-column-has-shadow fusion-flex-justify-content-flex-start fusion-content-layout-column\"><div class=\"fusion-text fusion-text-1\"><p style=\"text-align: justify\">La mondialisation croissante des \u00e9changes implique une augmentation des flux internationaux de voyageurs et de marchandises qui peut favoriser la propagation des maladies infectieuses. D\u00e9sormais, une crise sanitaire dans un pays peut avoir des r\u00e9percussions tr\u00e8s rapides sur l\u2019activit\u00e9 et l\u2019\u00e9conomie \u00e0 l\u2019\u00e9chelle mondiale. Les crises li\u00e9es au syndrome respiratoire aigu s\u00e9v\u00e8re (SRAS) en 2003, la pand\u00e9mie grippale associ\u00e9e au virus A(H1N1) en 2009, l\u2019\u00e9pid\u00e9mie du virus Ebola en 2014, et plus r\u00e9cemment, la pand\u00e9mie Covid-19 en sont de bons exemples.<\/p>\n<p style=\"text-align: justify\">Dans ce contexte, il est n\u00e9cessaire de b\u00e9n\u00e9ficier au niveau mondial d\u2019un r\u00e9seau d\u2019alerte et de r\u00e9ponse performant. La r\u00e9vision de 2005 du R\u00e8glement Sanitaire International (RSI) de l\u2019Organisation Mondiale de la Sant\u00e9 (OMS) vise \u00e0 mettre en place ce r\u00e9seau en couvrant les maladies infectieuses mais \u00e9galement tout \u00e9v\u00e9nement pouvant potentiellement avoir des cons\u00e9quences sanitaires internationales (connu ou inconnu). Adopt\u00e9 par 196 \u00e9tats, l\u2019objectif du RSI est d\u2019assurer le maximum de protection contre la propagation internationale des menaces sanitaires, tout en limitant les entraves au trafic international. Le RSI est ainsi le seul instrument international juridiquement contraignant en mati\u00e8re de s\u00e9curit\u00e9 sanitaire.<\/p>\n<p style=\"text-align: justify\">Le RSI a pour but de :<\/p>\n<ul style=\"text-align: justify\">\n<li>d\u00e9tecter, r\u00e9duire ou \u00e9liminer les sources de propagation de l\u2019infection ;<\/li>\n<li>d\u2019am\u00e9liorer la surveillance sanitaire et la r\u00e9ponse aux urgences sanitaires dans les ports et a\u00e9roports et autour de ceux-ci ;<\/li>\n<li>pr\u00e9venir la diss\u00e9mination des vecteurs ;<\/li>\n<li>entraver le moins possible les voyages et les \u00e9changes internationaux.<\/li>\n<\/ul>\n<p style=\"text-align: justify\">En Polyn\u00e9sie fran\u00e7aise (Pf), le bureau de veille sanitaire et de l\u2019observation (BVSO) de l\u2019ARASS est d\u00e9sign\u00e9 comme point focal local du RSI. A ce titre, il \u00e9change les informations concernant les \u00e9ventuelles alertes sanitaires avec le Bureau r\u00e9gional de l\u2019OMS et le Point focal national \u00e0 la DGS. Gr\u00e2ce \u00e0 une collaboration avec les laboratoires et les professionnels de sant\u00e9 du territoire, la veille et surveillance sanitaire sont effectives, essentiellement pour les maladies infectieuses. Cependant, la surveillance ne couvre pas encore suffisement tous les risques sanitaires que repr\u00e9sentent par exemple que les risques nucl\u00e9aires, radiologiques, biologiques et chimiques (NRBC). Une collaboration transversale est cependant d\u00e9velopp\u00e9e avec le secteur de la sant\u00e9 environnementale animale par exemple.<\/p>\n<\/div><\/div><\/div><div class=\"fusion-layout-column fusion_builder_column fusion-builder-column-1 awb-sticky awb-sticky-small awb-sticky-medium awb-sticky-large fusion_builder_column_1_5 1_5 fusion-flex-column\" style=\"--awb-bg-size:cover;--awb-width-large:20%;--awb-margin-top-large:0px;--awb-spacing-right-large:9.6%;--awb-margin-bottom-large:0px;--awb-spacing-left-large:9.6%;--awb-width-medium:100%;--awb-order-medium:0;--awb-spacing-right-medium:1.92%;--awb-spacing-left-medium:1.92%;--awb-width-small:100%;--awb-order-small:0;--awb-spacing-right-small:1.92%;--awb-spacing-left-small:1.92%;\" data-scroll-devices=\"small-visibility,medium-visibility,large-visibility\"><div class=\"fusion-column-wrapper fusion-column-has-shadow fusion-flex-justify-content-flex-start fusion-content-layout-column\"><div ><a class=\"fusion-button button-flat fusion-button-default-size button-default fusion-button-default button-1 fusion-button-default-span fusion-button-default-type\" target=\"_self\" href=\"https:\/\/www.service-public.pf\/arass\/wp-content\/uploads\/sites\/46\/2024\/09\/DMS-locale-francais-19.05.09.pdf\"><span class=\"fusion-button-text awb-button__text awb-button__text--default\">Formulaire DMS_fran\u00e7ais<\/span><\/a><\/div><div class=\"fusion-separator fusion-full-width-sep\" style=\"align-self: center;margin-left: auto;margin-right: auto;width:100%;\"><div class=\"fusion-separator-border sep-double\" style=\"--awb-height:20px;--awb-amount:20px;border-color:var(--awb-color3);border-top-width:3px;border-bottom-width:3px;\"><\/div><\/div><div ><a class=\"fusion-button button-flat fusion-button-default-size button-default fusion-button-default button-2 fusion-button-default-span fusion-button-default-type\" target=\"_self\" href=\"https:\/\/www.service-public.pf\/arass\/wp-content\/uploads\/sites\/46\/2024\/09\/DMS-locale-anglais-19.05.09.pdf\"><span class=\"fusion-button-text awb-button__text awb-button__text--default\">MDH Form_english <\/span><\/a><\/div><\/div><\/div><\/div><\/div><div class=\"fusion-fullwidth fullwidth-box fusion-builder-row-2 fusion-flex-container has-pattern-background has-mask-background nonhundred-percent-fullwidth non-hundred-percent-height-scrolling\" style=\"--awb-border-radius-top-left:0px;--awb-border-radius-top-right:0px;--awb-border-radius-bottom-right:0px;--awb-border-radius-bottom-left:0px;--awb-flex-wrap:wrap;\" ><div class=\"fusion-builder-row fusion-row fusion-flex-align-items-flex-start fusion-flex-content-wrap\" style=\"max-width:1216.8px;margin-left: calc(-4% \/ 2 );margin-right: calc(-4% \/ 2 );\"><div class=\"fusion-layout-column fusion_builder_column fusion-builder-column-2 fusion_builder_column_5_6 5_6 fusion-flex-column\" style=\"--awb-bg-size:cover;--awb-box-shadow: 0px 0px ;;--awb-width-large:83.333333333333%;--awb-margin-top-large:0px;--awb-spacing-right-large:2.304%;--awb-margin-bottom-large:0px;--awb-spacing-left-large:2.304%;--awb-width-medium:100%;--awb-order-medium:0;--awb-spacing-right-medium:1.92%;--awb-spacing-left-medium:1.92%;--awb-width-small:100%;--awb-order-small:0;--awb-spacing-right-small:1.92%;--awb-spacing-left-small:1.92%;\" data-scroll-devices=\"small-visibility,medium-visibility,large-visibility\"><div class=\"fusion-column-wrapper fusion-column-has-shadow fusion-flex-justify-content-flex-start fusion-content-layout-row\"><div class=\"accordian fusion-accordian\" style=\"--awb-border-size:1px;--awb-icon-size:16px;--awb-content-font-size:16px;--awb-icon-alignment:left;--awb-hover-color:var(--awb-color3);--awb-border-color:hsla(var(--awb-color8-h),var(--awb-color8-s),calc( var(--awb-color8-l) + 69% ),var(--awb-color8-a));--awb-background-color:var(--awb-color1);--awb-divider-color:var(--awb-color3);--awb-divider-hover-color:var(--awb-color3);--awb-icon-color:var(--awb-color1);--awb-title-color:var(--awb-color4);--awb-content-color:var(--awb-color5);--awb-icon-box-color:var(--awb-color8);--awb-toggle-hover-accent-color:var(--awb-color4);--awb-title-font-family:&quot;Roboto Slab&quot;;--awb-title-font-weight:700;--awb-title-font-style:normal;--awb-content-font-family:&quot;Roboto Slab&quot;;--awb-content-font-style:normal;--awb-content-font-weight:300;\"><div class=\"panel-group fusion-toggle-icon-boxed\" id=\"accordion-13470-1\"><div class=\"fusion-panel panel-default panel-5920a464f48727bd4 fusion-toggle-has-divider\" style=\"--awb-title-color:var(--awb-color4);--awb-content-color:var(--awb-color5);\"><div class=\"panel-heading\"><h4 class=\"panel-title toggle\" id=\"toggle_5920a464f48727bd4\"><a aria-expanded=\"false\" aria-controls=\"5920a464f48727bd4\" role=\"button\" data-toggle=\"collapse\" data-parent=\"#accordion-13470-1\" data-target=\"#5920a464f48727bd4\" href=\"#5920a464f48727bd4\"><span class=\"fusion-toggle-icon-wrapper\" aria-hidden=\"true\"><i class=\"fa-fusion-box active-icon awb-icon-minus\" aria-hidden=\"true\"><\/i><i class=\"fa-fusion-box inactive-icon fa-plus fas\" aria-hidden=\"true\"><\/i><\/span><span class=\"fusion-toggle-heading\">La d\u00e9claration maritime de sant\u00e9<\/span><\/a><\/h4><\/div><div id=\"5920a464f48727bd4\" class=\"panel-collapse collapse \" aria-labelledby=\"toggle_5920a464f48727bd4\"><div class=\"panel-body toggle-content fusion-clearfix\">\n<p style=\"text-align: justify\">Conform\u00e9ment \u00e0 l&rsquo;article 37 du r\u00e8glement <span class=\"mark7eiuwl7vi\" data-markjs=\"true\" data-ogac=\"\" data-ogab=\"\" data-ogsc=\"\" data-ogsb=\"\">sanitaire<\/span>\u00a0<span class=\"mark0dl124i9h\" data-markjs=\"true\" data-ogac=\"\" data-ogab=\"\" data-ogsc=\"\" data-ogsb=\"\"><span class=\"markisl9by8hv\" data-markjs=\"true\" data-ogac=\"\" data-ogab=\"\" data-ogsc=\"\" data-ogsb=\"\">internation<\/span>al<\/span>, avant sa premi\u00e8re escale sur le territoire d&rsquo;un Etat partie, le capitaine d&rsquo;un navire s&rsquo;assure de l&rsquo;\u00e9tat de sant\u00e9 \u00e0 bord remplit et remet \u00e0 l&rsquo;autorit\u00e9 comp\u00e9tente une d\u00e9claration maritime de sant\u00e9 qui est contresign\u00e9e par le m\u00e9decin de bord s&rsquo;il y en a un.<\/p>\n<p style=\"text-align: justify\">En Polyn\u00e9sie fran\u00e7aise, ce document est exig\u00e9 quel que soit le type de navire et doit \u00eatre transmis \u00e0 l&rsquo;ARASS au Bureau de la veille sanitaire et de l&rsquo;observation (BVSO) au plus tard<strong><span style=\"text-decoration: underline\"> 48 heures avant l&rsquo;arriv\u00e9e du navire<\/span>.<\/strong><\/p>\n<p style=\"text-align: justify\"><a href=\"https:\/\/www.service-public.pf\/arass\/wp-content\/uploads\/sites\/46\/2024\/09\/DMS-locale-francais-19.05.09.pdf\">Formulaire de d\u00e9claration maritime de sant\u00e9_FR<\/a><\/p>\n<p style=\"text-align: justify\"><a href=\"https:\/\/www.service-public.pf\/arass\/wp-content\/uploads\/sites\/46\/2024\/09\/DMS-locale-anglais-19.05.09.pdf\">Formulaire de d\u00e9claration maritime de sant\u00e9_EN<\/a><\/p>\n<\/div><\/div><\/div><\/div><\/div><div class=\"accordian fusion-accordian\" style=\"--awb-border-size:1px;--awb-icon-size:16px;--awb-content-font-size:16px;--awb-icon-alignment:left;--awb-hover-color:var(--awb-color3);--awb-border-color:hsla(var(--awb-color8-h),var(--awb-color8-s),calc( var(--awb-color8-l) + 69% ),var(--awb-color8-a));--awb-background-color:var(--awb-color1);--awb-divider-color:var(--awb-color3);--awb-divider-hover-color:var(--awb-color3);--awb-icon-color:var(--awb-color1);--awb-title-color:var(--awb-color4);--awb-content-color:var(--awb-color5);--awb-icon-box-color:var(--awb-color8);--awb-toggle-hover-accent-color:var(--awb-color4);--awb-title-font-family:&quot;Roboto Slab&quot;;--awb-title-font-weight:700;--awb-title-font-style:normal;--awb-content-font-family:&quot;Roboto Slab&quot;;--awb-content-font-style:normal;--awb-content-font-weight:300;\"><div class=\"panel-group fusion-toggle-icon-boxed\" id=\"accordion-13470-2\"><div class=\"fusion-panel panel-default panel-dafc34ea69706def7 fusion-toggle-has-divider\" style=\"--awb-title-color:var(--awb-color4);--awb-content-color:var(--awb-color5);\"><div class=\"panel-heading\"><h4 class=\"panel-title toggle\" id=\"toggle_dafc34ea69706def7\"><a aria-expanded=\"false\" aria-controls=\"dafc34ea69706def7\" role=\"button\" data-toggle=\"collapse\" data-parent=\"#accordion-13470-2\" data-target=\"#dafc34ea69706def7\" href=\"#dafc34ea69706def7\"><span class=\"fusion-toggle-icon-wrapper\" aria-hidden=\"true\"><i class=\"fa-fusion-box active-icon awb-icon-minus\" aria-hidden=\"true\"><\/i><i class=\"fa-fusion-box inactive-icon fa-plus fas\" aria-hidden=\"true\"><\/i><\/span><span class=\"fusion-toggle-heading\">Le certificat d'exemption de contr\u00f4le sanitaire \/ Certificat de contr\u00f4le sanitaire (CECS\/CCS)<\/span><\/a><\/h4><\/div><div id=\"dafc34ea69706def7\" class=\"panel-collapse collapse \" aria-labelledby=\"toggle_dafc34ea69706def7\"><div class=\"panel-body toggle-content fusion-clearfix\">\n<p style=\"text-align: justify\">Conform\u00e9ment \u00e0 l&rsquo;article 39 du r\u00e8glement <span class=\"mark7eiuwl7vi\" data-markjs=\"true\" data-ogac=\"\" data-ogab=\"\" data-ogsc=\"\" data-ogsb=\"\">sanitaire<\/span>\u00a0<span class=\"mark0dl124i9h\" data-markjs=\"true\" data-ogac=\"\" data-ogab=\"\" data-ogsc=\"\" data-ogsb=\"\"><span class=\"markisl9by8hv\" data-markjs=\"true\" data-ogac=\"\" data-ogab=\"\" data-ogsc=\"\" data-ogsb=\"\">internation<\/span>al<\/span>, tous les navires effectuant un voyage\u00a0<span class=\"mark0dl124i9h\" data-markjs=\"true\" data-ogac=\"\" data-ogab=\"\" data-ogsc=\"\" data-ogsb=\"\"><span class=\"markisl9by8hv\" data-markjs=\"true\" data-ogac=\"\" data-ogab=\"\" data-ogsc=\"\" data-ogsb=\"\">internation<\/span>al<\/span> doivent disposer d&rsquo;un CECS\/CCS valide (validit\u00e9 de 6 mois). Cela s&rsquo;applique quel que soit le type de navire et quel que soit sa taille : navire avec passagers (croisi\u00e8re, ferry, yatchs&#8230;), cargos, navires de p\u00eache. L&rsquo;inspection des navires et la d\u00e9livrance de certificats de contr\u00f4le <span class=\"mark7eiuwl7vi\" data-markjs=\"true\" data-ogac=\"\" data-ogab=\"\" data-ogsc=\"\" data-ogsb=\"\">sanitaire<\/span>\u00a0(CCS) ou de certificats d&rsquo;exemption de contr\u00f4le\u00a0<span class=\"mark7eiuwl7vi\" data-markjs=\"true\" data-ogac=\"\" data-ogab=\"\" data-ogsc=\"\" data-ogsb=\"\">sanitaire<\/span>\u00a0(CECS) est un instrument essentiel con\u00e7u pour aider les pays \u00e0 r\u00e9duire\u00a0<span class=\"marklgb55vh9f\" data-markjs=\"true\" data-ogac=\"\" data-ogab=\"\" data-ogsc=\"\" data-ogsb=\"\">au<\/span>\u00a0minimum le risque de propagation\u00a0<span class=\"mark0dl124i9h\" data-markjs=\"true\" data-ogac=\"\" data-ogab=\"\" data-ogsc=\"\" data-ogsb=\"\"><span class=\"markisl9by8hv\" data-markjs=\"true\" data-ogac=\"\" data-ogab=\"\" data-ogsc=\"\" data-ogsb=\"\">internation<\/span>al<\/span>e des maladies\u00a0<span class=\"marklgb55vh9f\" data-markjs=\"true\" data-ogac=\"\" data-ogab=\"\" data-ogsc=\"\" data-ogsb=\"\">au<\/span>\u00a0cours des voyages\u00a0<span class=\"markisl9by8hv\" data-markjs=\"true\" data-ogac=\"\" data-ogab=\"\" data-ogsc=\"\" data-ogsb=\"\">internation<\/span>aux. Ces certificats sont un moyen courant d&rsquo;enregistrer et de communiquer les \u00e9v\u00e9nements et les mesures prises \u00e0 bord d&rsquo;un navire lorsqu&rsquo;un navire\u00a0<span class=\"mark0dl124i9h\" data-markjs=\"true\" data-ogac=\"\" data-ogab=\"\" data-ogsc=\"\" data-ogsb=\"\"><span class=\"markisl9by8hv\" data-markjs=\"true\" data-ogac=\"\" data-ogab=\"\" data-ogsc=\"\" data-ogsb=\"\">internation<\/span>al<\/span>\u00a0arrive dans un port. Ils constituent donc un outil essentiel d&rsquo;\u00e9valuation pr\u00e9liminaire des risques pour \u00e9valuer les conditions\u00a0<span class=\"mark7eiuwl7vi\" data-markjs=\"true\" data-ogac=\"\" data-ogab=\"\" data-ogsc=\"\" data-ogsb=\"\">sanitaire<\/span>s \u00e0 bord d&rsquo;un navire \u00e0 l&rsquo;arriv\u00e9e.<\/p>\n<p style=\"text-align: justify\">Ainsi les navires ne disposant pas d&rsquo;uns CECS\/CCS valide doivent effectuer, dans un d\u00e9lai raisonnable (au minimum 5 jours avant l&rsquo;arriv\u00e9e du navire) une demande de contr\u00f4le sanitaire aupr\u00e8s du centre de sant\u00e9 environnemental \u00e0 l&rsquo;adresse e-mail suivante : rsi@sante.gov.pf.<\/p>\n<p style=\"text-align: justify\">Deux types de certificats sont cit\u00e9s et regroup\u00e9s sur un m\u00eame document :<\/p>\n<ul style=\"text-align: justify\">\n<li>le certificat d\u2019exemption de contr\u00f4le sanitaire : d\u00e9livr\u00e9 par l\u2019autorit\u00e9 sanitaire si, aux termes d\u2019une inspection, elle a la conviction que le navire est exempt d\u2019infection et de contamination, notamment de vecteurs et de r\u00e9servoir (inspection r\u00e9alis\u00e9e cales vides).<\/li>\n<li>le certificat de contr\u00f4le sanitaire\u00a0: d\u00e9livr\u00e9 quand l\u2019inspection t\u00e9moigne de la r\u00e9alisation effective de mesures correctives efficaces vis-\u00e0-vis de d\u00e9faut d\u2019hygi\u00e8ne pr\u00e9alablement constat\u00e9s.<\/li>\n<\/ul>\n<p style=\"text-align: justify\">La prolongation de certificat est possible uniquement lorsque le CECS est encore valide. Une extension du certificat sanitaire est d\u00e9livr\u00e9e par les organismes agr\u00e9\u00e9s lorsque l\u2019inspection ou les mesures de contr\u00f4le requises ne peuvent \u00eatre effectu\u00e9es dans le port et qu\u2019il n\u2019y a aucune preuve d\u2019infection ou de contamination.<\/p>\n<p style=\"text-align: justify\">L\u2019organisme agr\u00e9\u00e9 pourra alors \u00e9tendre la validit\u00e9 du certificat pour une p\u00e9riode d\u2019un mois, ce qui permettra au navire de se rendre dans un port o\u00f9 l\u2019inspection et la prise de mesures de contr\u00f4le n\u00e9cessaires pourront \u00eatre effectu\u00e9es et qui sera donc en mesure de lui d\u00e9livrer un nouveau certificat.<br class=\"autobr\" \/>Cette prolongation ne peut \u00eatre accord\u00e9e qu\u2019en l\u2019absence de probl\u00e8me sanitaire signal\u00e9 \u00e0 bord, en particulier dans la d\u00e9claration maritime de sant\u00e9.<\/p>\n<\/div><\/div><\/div><\/div><\/div><div class=\"accordian fusion-accordian\" style=\"--awb-border-size:1px;--awb-icon-size:16px;--awb-content-font-size:16px;--awb-icon-alignment:left;--awb-hover-color:var(--awb-color3);--awb-border-color:hsla(var(--awb-color8-h),var(--awb-color8-s),calc( var(--awb-color8-l) + 69% ),var(--awb-color8-a));--awb-background-color:var(--awb-color1);--awb-divider-color:var(--awb-color3);--awb-divider-hover-color:var(--awb-color3);--awb-icon-color:var(--awb-color1);--awb-title-color:var(--awb-color4);--awb-content-color:var(--awb-color5);--awb-icon-box-color:var(--awb-color8);--awb-toggle-hover-accent-color:var(--awb-color4);--awb-title-font-family:&quot;Roboto Slab&quot;;--awb-title-font-weight:700;--awb-title-font-style:normal;--awb-content-font-family:&quot;Roboto Slab&quot;;--awb-content-font-style:normal;--awb-content-font-weight:300;\"><div class=\"panel-group fusion-toggle-icon-boxed\" id=\"accordion-13470-3\"><div class=\"fusion-panel panel-default panel-6cafdccab313ca593 fusion-toggle-has-divider\" style=\"--awb-title-color:var(--awb-color4);--awb-content-color:var(--awb-color5);\"><div class=\"panel-heading\"><h4 class=\"panel-title toggle\" id=\"toggle_6cafdccab313ca593\"><a aria-expanded=\"false\" aria-controls=\"6cafdccab313ca593\" role=\"button\" data-toggle=\"collapse\" data-parent=\"#accordion-13470-3\" data-target=\"#6cafdccab313ca593\" href=\"#6cafdccab313ca593\"><span class=\"fusion-toggle-icon-wrapper\" aria-hidden=\"true\"><i class=\"fa-fusion-box active-icon awb-icon-minus\" aria-hidden=\"true\"><\/i><i class=\"fa-fusion-box inactive-icon fa-plus fas\" aria-hidden=\"true\"><\/i><\/span><span class=\"fusion-toggle-heading\">La fi\u00e8vre jaune : l'obligation de la vaccination internationale<\/span><\/a><\/h4><\/div><div id=\"6cafdccab313ca593\" class=\"panel-collapse collapse \" aria-labelledby=\"toggle_6cafdccab313ca593\"><div class=\"panel-body toggle-content fusion-clearfix\">\n<p style=\"text-align: justify\">La <span class=\"markh9pgy7q3g\" data-markjs=\"true\" data-ogac=\"\" data-ogab=\"\" data-ogsc=\"\" data-ogsb=\"\">vaccin<\/span>ation permet d\u2019une part de limiter le risque de contamination du voyageur qui se rend dans une zone o\u00f9 circule la maladie correspondante, d\u2019autre part de prot\u00e9ger les r\u00e9gions visit\u00e9es par le voyageur apr\u00e8s s\u2019\u00eatre rendu dans une zone o\u00f9 circule la maladie.\u00a0Le moustique vecteur de la maladie est pr\u00e9sent en Polyn\u00e9sie fran\u00e7aise, l\u2019introduction d\u2019un cas de fi\u00e8vre\u00a0<span class=\"markoj6nbhuw0\" data-markjs=\"true\" data-ogac=\"\" data-ogab=\"\" data-ogsc=\"\" data-ogsb=\"\">jaune<\/span>\u00a0pourrait donc entra\u00eener une transmission sur le territoire.<\/p>\n<p style=\"text-align: justify\">En vertu du R\u00e8glement sanitaire international, la vaccination contre la fi\u00e8vre jaune est <u>obligatoire<\/u> pour toute personne \u00e2g\u00e9e de plus de 9 mois ayant s\u00e9journ\u00e9 dans un pays d&rsquo;end\u00e9mie (Afrique sub-saharienne, Am\u00e9rique du Sud) et souhaitant se rendre \/ revenir en Polyn\u00e9sie fran\u00e7aise. La liste des pays identifi\u00e9 comme \u00e9tant \u00e0 risque par l&rsquo;Organisation mondiale de la sant\u00e9 est disponible via les 2 liens ci dessous :<\/p>\n<ul style=\"text-align: justify\">\n<li><a href=\"https:\/\/cdn.who.int\/media\/docs\/default-source\/travel-and-health\/countries-with-risk-of-yellow-fever-transmission.pdf?sfvrsn=bf42ac59_4&amp;download=true\">Liste des pays \u00e0 risque de transmission de la fi\u00e8vre jaune (OMS)<\/a><\/li>\n<li><a href=\"https:\/\/www.who.int\/publications\/m\/item\/vaccination-requirements-and-recommendations-for-international-travellers-and-malaria-situation-per-country-2022-edition\">Obligation vaccinale et recommandations pour les voyageurs internationaux (OMS)<\/a><\/li>\n<\/ul>\n<p style=\"text-align: justify\">Cette exigence s\u2019applique aux voyageurs rest\u00e9s plus de 12 heures dans un pays \u00e0 risque. Il faut un d\u00e9lai de 10 jours pour que le vaccin soit efficace et valable \u00e0 vie.\u00a0Ainsi, la\u00a0<span class=\"marko4exijvy2\" data-markjs=\"true\" data-ogac=\"\" data-ogab=\"\" data-ogsc=\"\" data-ogsb=\"\">vaccin<\/span>ation sera obligatoire si dans les 10 jours avant d&rsquo;arriver en Polyn\u00e9sie fran\u00e7aise, vous effectuez un transit\/une escale de plus de 12h00 dans une zone \u00e0 risque pour la fi\u00e8vre <span class=\"markteuskeqac\" data-markjs=\"true\" data-ogac=\"\" data-ogab=\"\" data-ogsc=\"\" data-ogsb=\"\">jaune<\/span>.<\/p>\n<\/div><\/div><\/div><\/div><\/div><\/div><\/div><\/div><\/div><\/p>\n","protected":false},"excerpt":{"rendered":"","protected":false},"author":373,"featured_media":0,"parent":0,"menu_order":0,"comment_status":"closed","ping_status":"closed","template":"","meta":{"_seopress_robots_primary_cat":"","_seopress_titles_title":"","_seopress_titles_desc":"","_seopress_robots_index":"","footnotes":""},"class_list":["post-13470","page","type-page","status-publish","hentry"],"_links":{"self":[{"href":"https:\/\/www.service-public.pf\/arass\/wp-json\/wp\/v2\/pages\/13470","targetHints":{"allow":["GET"]}}],"collection":[{"href":"https:\/\/www.service-public.pf\/arass\/wp-json\/wp\/v2\/pages"}],"about":[{"href":"https:\/\/www.service-public.pf\/arass\/wp-json\/wp\/v2\/types\/page"}],"author":[{"embeddable":true,"href":"https:\/\/www.service-public.pf\/arass\/wp-json\/wp\/v2\/users\/373"}],"replies":[{"embeddable":true,"href":"https:\/\/www.service-public.pf\/arass\/wp-json\/wp\/v2\/comments?post=13470"}],"version-history":[{"count":11,"href":"https:\/\/www.service-public.pf\/arass\/wp-json\/wp\/v2\/pages\/13470\/revisions"}],"predecessor-version":[{"id":13485,"href":"https:\/\/www.service-public.pf\/arass\/wp-json\/wp\/v2\/pages\/13470\/revisions\/13485"}],"wp:attachment":[{"href":"https:\/\/www.service-public.pf\/arass\/wp-json\/wp\/v2\/media?parent=13470"}],"curies":[{"name":"wp","href":"https:\/\/api.w.org\/{rel}","templated":true}]}}