{"id":3225,"date":"2022-09-19T13:55:01","date_gmt":"2022-09-19T23:55:01","guid":{"rendered":"https:\/\/www.service-public.pf\/arass\/?page_id=3225"},"modified":"2026-03-19T09:44:40","modified_gmt":"2026-03-19T19:44:40","slug":"enregistrement-de-la-qualite-dauxiliaire-en-pharmacie","status":"publish","type":"page","link":"https:\/\/www.service-public.pf\/arass\/enregistrement-de-la-qualite-dauxiliaire-en-pharmacie\/","title":{"rendered":"Enregistrement de la qualit\u00e9 d&rsquo;auxiliaire en pharmacie"},"content":{"rendered":"<p><div class=\"fusion-fullwidth fullwidth-box fusion-builder-row-1 fusion-flex-container nonhundred-percent-fullwidth non-hundred-percent-height-scrolling\" style=\"--awb-border-radius-top-left:0px;--awb-border-radius-top-right:0px;--awb-border-radius-bottom-right:0px;--awb-border-radius-bottom-left:0px;--awb-flex-wrap:wrap;\" ><div class=\"fusion-builder-row fusion-row fusion-flex-align-items-flex-start fusion-flex-content-wrap\" style=\"max-width:1216.8px;margin-left: calc(-4% \/ 2 );margin-right: calc(-4% \/ 2 );\"><div class=\"fusion-layout-column fusion_builder_column fusion-builder-column-0 fusion_builder_column_1_2 1_2 fusion-flex-column\" style=\"--awb-bg-size:cover;--awb-width-large:50%;--awb-margin-top-large:0px;--awb-spacing-right-large:3.84%;--awb-margin-bottom-large:0px;--awb-spacing-left-large:3.84%;--awb-width-medium:100%;--awb-spacing-right-medium:1.92%;--awb-spacing-left-medium:1.92%;--awb-width-small:100%;--awb-spacing-right-small:1.92%;--awb-spacing-left-small:1.92%;\"><div class=\"fusion-column-wrapper fusion-column-has-shadow fusion-flex-justify-content-flex-start fusion-content-layout-column\"><div class=\"fusion-title title fusion-title-1 fusion-sep-none fusion-title-text fusion-title-size-one\" style=\"--awb-margin-top-small:0px;--awb-margin-right-small:0px;--awb-margin-bottom-small:20px;--awb-margin-left-small:0px;\"><h1 class=\"fusion-title-heading title-heading-left fusion-responsive-typography-calculated\" style=\"margin:0;--fontSize:45;line-height:var(--awb-typography1-line-height);\"><span style=\"font-size: 24pt\">Pourquoi faire enregistrer son dipl\u00f4me ?<\/span><\/h1><\/div><div class=\"fusion-text fusion-text-1\"><p><span style=\"font-size: 14pt;font-family: georgia, palatino, serif\">Afin de pouvoir exercer en Polyn\u00e9sie fran\u00e7aise, toute personne exer\u00e7ant une profession de sant\u00e9\u00a0 est tenue avant tout commencement d\u2019exercice de sa profession de faire enregistrer sans frais, son dipl\u00f4me ou certificat de capacit\u00e9 \u00e0 l\u2019Agence de r\u00e9gulation de l\u2019action sanitaire et sociale.<\/span><\/p>\n<p><span style=\"font-size: 14pt;font-family: georgia, palatino, serif\">Dans un objectif de modernisation et de simplification de vos d\u00e9marches, vous \u00eates pri\u00e9s de t\u00e9l\u00e9charger, remplir sur votre support informatique le formulaire de demande d&rsquo;enregistrement de dipl\u00f4me et de l&rsquo;imprimer<\/span><\/p>\n<p><span style=\"font-size: 14pt;font-family: georgia, palatino, serif\">Avec ces \u00e9l\u00e9ments, vous pouvez vous pr\u00e9senter \u00e0 l&rsquo;ARASS aux heures de permanence.<\/span><\/p>\n<\/div><\/div><\/div><div class=\"fusion-layout-column fusion_builder_column fusion-builder-column-1 fusion_builder_column_1_4 1_4 fusion-flex-column\" style=\"--awb-bg-color:#ffffff;--awb-bg-color-hover:#ffffff;--awb-bg-size:cover;--awb-width-large:25%;--awb-margin-top-large:0px;--awb-spacing-right-large:7.68%;--awb-margin-bottom-large:0px;--awb-spacing-left-large:7.68%;--awb-width-medium:100%;--awb-order-medium:0;--awb-spacing-right-medium:1.92%;--awb-spacing-left-medium:1.92%;--awb-width-small:100%;--awb-order-small:0;--awb-spacing-right-small:1.92%;--awb-spacing-left-small:1.92%;\"><div class=\"fusion-column-wrapper fusion-column-has-shadow fusion-flex-justify-content-flex-start fusion-content-layout-column\"><div class=\"fusion-title title fusion-title-2 fusion-sep-none fusion-title-text fusion-title-size-one\" style=\"--awb-margin-top-small:0px;--awb-margin-right-small:0px;--awb-margin-bottom-small:20px;--awb-margin-left-small:0px;\"><h1 class=\"fusion-title-heading title-heading-left fusion-responsive-typography-calculated\" style=\"margin:0;--fontSize:45;line-height:var(--awb-typography1-line-height);\"><p style=\"text-align: center\"><span style=\"font-size: 24pt\">Documents utiles<\/span><\/p><\/h1><\/div><div style=\"text-align:center;\"><a class=\"fusion-button button-flat fusion-button-default-size button-custom fusion-button-default button-1 fusion-button-default-span fusion-button-default-type fusion-has-button-gradient\" style=\"--button_bevel_color:rgba(14,75,92,0.31);--button_accent_color:#ffffff;--button_border_color:rgba(0,74,102,0.92);--button_accent_hover_color:#0e4b5c;--button_border_hover_color:rgba(2,75,102,0.43);--button_border_width-top:1px;--button_border_width-right:1px;--button_border_width-bottom:1px;--button_border_width-left:1px;--button_gradient_top_color:#0e4b5c;--button_gradient_bottom_color:rgba(2,75,102,0.2);--button_gradient_top_color_hover:rgba(2,75,102,0.2);--button_gradient_bottom_color_hover:rgba(14,75,92,0.31);--button_text_transform:uppercase;\" target=\"_blank\" rel=\"noopener noreferrer\" href=\"https:\/\/www.service-public.pf\/arass\/wp-content\/uploads\/sites\/46\/2025\/11\/Prologation_des_delais-Auxiliaire_en_phamarcie-1.pdf\"><i class=\"fa-file-alt fas awb-button__icon awb-button__icon--default button-icon-left\" aria-hidden=\"true\"><\/i><span class=\"fusion-button-text awb-button__text awb-button__text--default\">Prolongation des d\u00e9lais pour justifier et s\u2019enregistrer<\/span><\/a><\/div><div class=\"fusion-separator fusion-full-width-sep\" style=\"align-self: center;margin-left: auto;margin-right: auto;margin-bottom:20px;width:100%;\"><\/div><div style=\"text-align:center;\"><a class=\"fusion-button button-flat fusion-button-default-size button-custom fusion-button-default button-2 fusion-button-default-span fusion-button-default-type fusion-has-button-gradient\" style=\"--button_bevel_color:rgba(14,75,92,0.31);--button_accent_color:#ffffff;--button_border_color:rgba(0,74,102,0.92);--button_accent_hover_color:#0e4b5c;--button_border_hover_color:rgba(2,75,102,0.43);--button_border_width-top:1px;--button_border_width-right:1px;--button_border_width-bottom:1px;--button_border_width-left:1px;--button_gradient_top_color:#0e4b5c;--button_gradient_bottom_color:rgba(2,75,102,0.2);--button_gradient_top_color_hover:rgba(2,75,102,0.2);--button_gradient_bottom_color_hover:rgba(14,75,92,0.31);--button_text_transform:uppercase;\" target=\"_blank\" rel=\"noopener noreferrer\" href=\"http:\/\/lexpol.cloud.pf\/LexpolAfficheTexte.php?texte=591085&amp;idr=1584&amp;np=1\"><i class=\"fa-balance-scale fas awb-button__icon awb-button__icon--default button-icon-left\" aria-hidden=\"true\"><\/i><span class=\"fusion-button-text awb-button__text awb-button__text--default\">R\u00e8glementation<\/span><\/a><\/div><div class=\"fusion-separator fusion-full-width-sep\" style=\"align-self: center;margin-left: auto;margin-right: auto;margin-bottom:20px;width:100%;\"><\/div><div style=\"text-align:center;\"><a class=\"fusion-button button-flat fusion-button-default-size button-custom fusion-button-default button-3 fusion-button-default-span fusion-button-default-type fusion-has-button-gradient\" style=\"--button_bevel_color:rgba(14,75,92,0.31);--button_accent_color:#ffffff;--button_border_color:rgba(0,74,102,0.92);--button_accent_hover_color:#0e4b5c;--button_border_hover_color:rgba(2,75,102,0.43);--button_border_width-top:1px;--button_border_width-right:1px;--button_border_width-bottom:1px;--button_border_width-left:1px;--button_gradient_top_color:#0e4b5c;--button_gradient_bottom_color:rgba(2,75,102,0.2);--button_gradient_top_color_hover:rgba(2,75,102,0.2);--button_gradient_bottom_color_hover:rgba(14,75,92,0.31);--button_text_transform:uppercase;\" target=\"_blank\" rel=\"noopener noreferrer\" href=\"https:\/\/www.service-public.pf\/arass\/wp-content\/uploads\/sites\/46\/2022\/09\/AuxPharm-2022-09-01-1-Procedure-3.docx\"><i class=\"fa-file-alt fas awb-button__icon awb-button__icon--default button-icon-left\" aria-hidden=\"true\"><\/i><span class=\"fusion-button-text awb-button__text awb-button__text--default\">Proc\u00e9dure<\/span><\/a><\/div><div class=\"fusion-separator fusion-full-width-sep\" style=\"align-self: center;margin-left: auto;margin-right: auto;margin-bottom:20px;width:100%;\"><\/div><div style=\"text-align:center;\"><a class=\"fusion-button button-flat fusion-button-default-size button-custom fusion-button-default button-4 fusion-button-default-span fusion-button-default-type fusion-has-button-gradient\" style=\"--button_bevel_color:rgba(14,75,92,0.31);--button_accent_color:var(--awb-color1);--button_border_color:#0e4b5c;--button_accent_hover_color:#0e4b5c;--button_border_hover_color:rgba(14,75,92,0.31);--button_border_width-top:1px;--button_border_width-right:1px;--button_border_width-bottom:1px;--button_border_width-left:1px;--button_gradient_top_color:#0e4b5c;--button_gradient_bottom_color:rgba(2,75,102,0.77);--button_gradient_top_color_hover:rgba(2,75,102,0.2);--button_gradient_bottom_color_hover:rgba(14,75,92,0.31);\" target=\"_blank\" rel=\"noopener noreferrer\" href=\"https:\/\/www.service-public.pf\/arass\/wp-content\/uploads\/sites\/46\/2022\/09\/AuxPharm-2022-09-01-3-Formulaire.docx\"><i class=\"fa-comment fas awb-button__icon awb-button__icon--default button-icon-left\" aria-hidden=\"true\"><\/i><span class=\"fusion-button-text awb-button__text awb-button__text--default\">Formulaire d&rsquo;enregistrement de dipl\u00f4me(s)<\/span><\/a><\/div><div class=\"fusion-separator fusion-full-width-sep\" style=\"align-self: center;margin-left: auto;margin-right: auto;margin-top:20px;width:100%;\"><\/div><div style=\"text-align:center;\"><a class=\"fusion-button button-flat fusion-button-default-size button-custom fusion-button-default button-5 fusion-button-default-span fusion-button-default-type fusion-has-button-gradient\" style=\"--button_bevel_color:rgba(14,75,92,0.31);--button_accent_color:var(--awb-color1);--button_accent_hover_color:#0e4b5c;--button_border_hover_color:rgba(14,75,92,0.31);--button_border_width-top:1px;--button_border_width-right:1px;--button_border_width-bottom:1px;--button_border_width-left:1px;--button_gradient_top_color:#0e4b5c;--button_gradient_bottom_color:rgba(2,75,102,0.77);--button_gradient_top_color_hover:rgba(2,75,102,0.2);--button_gradient_bottom_color_hover:rgba(14,75,92,0.31);\" target=\"_blank\" rel=\"noopener noreferrer\" href=\"https:\/\/www.service-public.pf\/arass\/wp-content\/uploads\/sites\/46\/2022\/09\/AuxPharm-2022-09-01-2-Procuration.docx\"><i class=\"fa-file-alt fas awb-button__icon awb-button__icon--default button-icon-left\" aria-hidden=\"true\"><\/i><span class=\"fusion-button-text awb-button__text awb-button__text--default\">Procuration<\/span><\/a><\/div><div class=\"fusion-separator fusion-full-width-sep\" style=\"align-self: center;margin-left: auto;margin-right: auto;margin-top:20px;width:100%;\"><\/div><div style=\"text-align:center;\"><a class=\"fusion-button button-flat fusion-button-default-size button-custom fusion-button-default button-6 fusion-button-default-span fusion-button-default-type fusion-has-button-gradient\" style=\"--button_bevel_color:rgba(14,75,92,0.31);--button_accent_color:var(--awb-color1);--button_accent_hover_color:#0e4b5c;--button_border_hover_color:rgba(14,75,92,0.31);--button_border_width-top:1px;--button_border_width-right:1px;--button_border_width-bottom:1px;--button_border_width-left:1px;--button_gradient_top_color:#0e4b5c;--button_gradient_bottom_color:rgba(2,75,102,0.77);--button_gradient_top_color_hover:rgba(2,75,102,0.2);--button_gradient_bottom_color_hover:rgba(14,75,92,0.31);\" target=\"_blank\" rel=\"noopener noreferrer\" href=\"https:\/\/www.service-public.pf\/arass\/wp-content\/uploads\/sites\/46\/2026\/03\/AuxPharm-ListeAuxPharmEmpForm-Mars2026.pdf\"><i class=\"fa-sort-alpha-up fas awb-button__icon awb-button__icon--default button-icon-left\" aria-hidden=\"true\"><\/i><span class=\"fusion-button-text awb-button__text awb-button__text--default\">Liste des auxiliaires en pharmacie et des employ\u00e9s en formation<\/span><\/a><\/div><\/div><\/div><div class=\"fusion-layout-column fusion_builder_column fusion-builder-column-2 fusion_builder_column_1_4 1_4 fusion-flex-column\" style=\"--awb-bg-size:cover;--awb-width-large:25%;--awb-margin-top-large:0px;--awb-spacing-right-large:7.68%;--awb-margin-bottom-large:0px;--awb-spacing-left-large:7.68%;--awb-width-medium:100%;--awb-spacing-right-medium:1.92%;--awb-spacing-left-medium:1.92%;--awb-width-small:100%;--awb-spacing-right-small:1.92%;--awb-spacing-left-small:1.92%;\"><div class=\"fusion-column-wrapper fusion-column-has-shadow fusion-flex-justify-content-flex-start fusion-content-layout-column\"><div class=\"fusion-flip-boxes flip-boxes row fusion-columns-1 flip-effect-3d\"><div class=\"fusion-flip-box-wrapper fusion-column col-lg-12 col-md-12 col-sm-12\"><div class=\"fusion-flip-box flip-right\" tabindex=\"0\"><div class=\"flip-box-inner-wrapper\"><div class=\"flip-box-front\" style=\"--awb-circle-color:#658c99;--awb-circle-border-color:#407f99;--awb-background-color-front:#0e4b5c;--awb-title-front-color:#ffffff;--awb-text-front-color:#ffffff;\"><div class=\"flip-box-front-inner\"><div class=\"flip-box-grafix flip-box-circle\"><i aria-hidden=\"true\" class=\"fa-clock far\"><\/i><\/div><h2 class=\"flip-box-heading\">Heures de permanence<\/h2> <\/div><\/div><div class=\"flip-box-back\" style=\"--awb-circle-color:#658c99;--awb-circle-border-color:#407f99;--awb-background-color-back:#ffc36b;--awb-title-back-color:#00475b;--awb-text-back-color:#00475b;\"><div class=\"flip-box-back-inner\"><h3 class=\"flip-box-heading-back\">On vous accueille<\/h3>\n<p style=\"text-align: center\"><strong>Les mardis et jeudis<\/strong><br \/>\n<strong>de 8h00 \u00e0 15h30<\/strong><\/p>\n<p style=\"text-align: center\">au rez-de-chauss\u00e9e<\/p>\n<p style=\"text-align: center\"><em>Veuillez sonner au 2\u00e8me \u00e9tage<\/em><\/p>\n<\/div><\/div><\/div><\/div><\/div><\/div><\/div><\/div><\/div><\/div><div class=\"fusion-fullwidth fullwidth-box fusion-builder-row-2 fusion-flex-container nonhundred-percent-fullwidth non-hundred-percent-height-scrolling\" style=\"--awb-border-radius-top-left:0px;--awb-border-radius-top-right:0px;--awb-border-radius-bottom-right:0px;--awb-border-radius-bottom-left:0px;--awb-flex-wrap:wrap;\" ><div class=\"fusion-builder-row fusion-row fusion-flex-align-items-flex-start fusion-flex-content-wrap\" style=\"max-width:1216.8px;margin-left: calc(-4% \/ 2 );margin-right: calc(-4% \/ 2 );\"><\/div><\/div><div class=\"fusion-fullwidth fullwidth-box fusion-builder-row-3 fusion-flex-container nonhundred-percent-fullwidth non-hundred-percent-height-scrolling\" style=\"--awb-border-radius-top-left:0px;--awb-border-radius-top-right:0px;--awb-border-radius-bottom-right:0px;--awb-border-radius-bottom-left:0px;--awb-flex-wrap:wrap;\" ><div class=\"fusion-builder-row fusion-row fusion-flex-align-items-flex-start fusion-flex-content-wrap\" style=\"max-width:1216.8px;margin-left: calc(-4% \/ 2 );margin-right: calc(-4% \/ 2 );\"><\/div><\/div><div class=\"fusion-fullwidth fullwidth-box fusion-builder-row-4 fusion-flex-container nonhundred-percent-fullwidth non-hundred-percent-height-scrolling\" style=\"--awb-border-radius-top-left:0px;--awb-border-radius-top-right:0px;--awb-border-radius-bottom-right:0px;--awb-border-radius-bottom-left:0px;--awb-flex-wrap:wrap;\" ><div class=\"fusion-builder-row fusion-row fusion-flex-align-items-flex-start fusion-flex-content-wrap\" style=\"max-width:1216.8px;margin-left: calc(-4% \/ 2 );margin-right: calc(-4% \/ 2 );\"><\/div><\/div><div class=\"fusion-fullwidth fullwidth-box fusion-builder-row-5 fusion-flex-container nonhundred-percent-fullwidth non-hundred-percent-height-scrolling\" style=\"--awb-border-radius-top-left:0px;--awb-border-radius-top-right:0px;--awb-border-radius-bottom-right:0px;--awb-border-radius-bottom-left:0px;--awb-flex-wrap:wrap;\" ><\/div><\/p>\n","protected":false},"excerpt":{"rendered":"","protected":false},"author":186,"featured_media":0,"parent":0,"menu_order":0,"comment_status":"closed","ping_status":"closed","template":"","meta":{"_seopress_robots_primary_cat":"","_seopress_titles_title":"","_seopress_titles_desc":"","_seopress_robots_index":"","footnotes":""},"class_list":["post-3225","page","type-page","status-publish","hentry"],"_links":{"self":[{"href":"https:\/\/www.service-public.pf\/arass\/wp-json\/wp\/v2\/pages\/3225","targetHints":{"allow":["GET"]}}],"collection":[{"href":"https:\/\/www.service-public.pf\/arass\/wp-json\/wp\/v2\/pages"}],"about":[{"href":"https:\/\/www.service-public.pf\/arass\/wp-json\/wp\/v2\/types\/page"}],"author":[{"embeddable":true,"href":"https:\/\/www.service-public.pf\/arass\/wp-json\/wp\/v2\/users\/186"}],"replies":[{"embeddable":true,"href":"https:\/\/www.service-public.pf\/arass\/wp-json\/wp\/v2\/comments?post=3225"}],"version-history":[{"count":15,"href":"https:\/\/www.service-public.pf\/arass\/wp-json\/wp\/v2\/pages\/3225\/revisions"}],"predecessor-version":[{"id":14578,"href":"https:\/\/www.service-public.pf\/arass\/wp-json\/wp\/v2\/pages\/3225\/revisions\/14578"}],"wp:attachment":[{"href":"https:\/\/www.service-public.pf\/arass\/wp-json\/wp\/v2\/media?parent=3225"}],"curies":[{"name":"wp","href":"https:\/\/api.w.org\/{rel}","templated":true}]}}