{"id":716,"date":"2026-04-10T10:00:17","date_gmt":"2026-04-10T20:00:17","guid":{"rendered":"https:\/\/arass.tagency.dev\/?page_id=716"},"modified":"2026-04-20T14:40:40","modified_gmt":"2026-04-21T00:40:40","slug":"science-home","status":"publish","type":"page","link":"https:\/\/www.service-public.pf\/arass\/","title":{"rendered":"Accueil ARASS"},"content":{"rendered":"<p><div class=\"fusion-fullwidth fullwidth-box fusion-builder-row-1 fusion-flex-container has-pattern-background has-mask-background fusion-parallax-fixed hundred-percent-fullwidth non-hundred-percent-height-scrolling lazyload\" style=\"--link_hover_color: #c6380d;--link_color: #fb9307;--awb-background-blend-mode:hard-light;--awb-border-sizes-top:0px;--awb-border-sizes-bottom:0px;--awb-border-sizes-left:0px;--awb-border-sizes-right:0px;--awb-border-radius-top-left:0px;--awb-border-radius-top-right:0px;--awb-border-radius-bottom-right:0px;--awb-border-radius-bottom-left:0px;--awb-padding-top:0px;--awb-padding-right:0px;--awb-padding-bottom:0px;--awb-padding-left:0px;--awb-margin-top:0px;--awb-margin-bottom:0px;--awb-background-size:cover;--awb-flex-wrap:wrap;background-attachment:fixed;\" data-bg=\"https:\/\/www.service-public.pf\/arass\/wp-content\/uploads\/sites\/46\/2021\/05\/halloween-composition-bg-scaled.png\" ><div class=\"fusion-builder-row fusion-row fusion-flex-align-items-flex-start fusion-flex-content-wrap\" style=\"width:104% !important;max-width:104% !important;margin-left: calc(-4% \/ 2 );margin-right: calc(-4% \/ 2 );\"><div class=\"fusion-layout-column fusion_builder_column fusion-builder-column-0 fusion_builder_column_1_1 1_1 fusion-flex-column fusion-animated\" style=\"--awb-padding-top:100px;--awb-padding-right:30px;--awb-padding-left:30px;--awb-padding-top-medium:69px;--awb-padding-top-small:70px;--awb-bg-color:#1e3d91;--awb-bg-color-hover:#1e3d91;--awb-bg-size:cover;--awb-width-large:100%;--awb-margin-top-large:0px;--awb-spacing-right-large:1.92%;--awb-margin-bottom-large:0px;--awb-spacing-left-large:1.92%;--awb-width-medium:100%;--awb-order-medium:0;--awb-spacing-right-medium:1.92%;--awb-spacing-left-medium:1.92%;--awb-width-small:100%;--awb-order-small:0;--awb-spacing-right-small:1.92%;--awb-spacing-left-small:1.92%;\" data-animationType=\"fadeInDown\" data-animationDuration=\"1.2\" data-animationOffset=\"top-into-view\" data-scroll-devices=\"small-visibility,medium-visibility,large-visibility\"><div class=\"fusion-column-wrapper fusion-column-has-shadow fusion-flex-justify-content-flex-start fusion-content-layout-column\"><div class=\"fusion-title title fusion-title-1 fusion-sep-none fusion-title-center fusion-title-text fusion-title-size-one\" style=\"--awb-text-color:#333333;--awb-margin-top:20px;--awb-margin-bottom:20px;--awb-margin-top-small:10px;--awb-margin-right-small:0px;--awb-margin-bottom-small:10px;--awb-margin-left-small:0px;--awb-font-size:124px;\"><h1 class=\"fusion-title-heading title-heading-center awb-gradient-text fusion-responsive-typography-calculated\" style=\"font-family:&quot;Work Sans&quot;;font-style:normal;font-weight:800;margin:0;letter-spacing:-0.012em;text-transform:var(--awb-typography1-text-transform);background-color:#ededed;background-image:linear-gradient(150deg, #ededed 20%,#f6c81e 100%);font-size:1em;--fontSize:124;line-height:1;\">Actualit\u00e9s ARASS<\/h1><\/div><\/div><\/div><\/div><\/div><div class=\"fusion-fullwidth fullwidth-box fusion-builder-row-2 fusion-flex-container has-pattern-background has-mask-background hundred-percent-fullwidth non-hundred-percent-height-scrolling\" style=\"--awb-border-radius-top-left:0px;--awb-border-radius-top-right:0px;--awb-border-radius-bottom-right:0px;--awb-border-radius-bottom-left:0px;--awb-margin-top:30px;--awb-flex-wrap:wrap;\" ><div class=\"fusion-builder-row fusion-row fusion-flex-align-items-flex-start fusion-flex-content-wrap\" style=\"width:104% !important;max-width:104% !important;margin-left: calc(-4% \/ 2 );margin-right: calc(-4% \/ 2 );\"><div class=\"fusion-layout-column fusion_builder_column fusion-builder-column-1 fusion_builder_column_2_5 2_5 fusion-flex-column\" style=\"--awb-padding-top:96px;--awb-padding-top-medium:60px;--awb-bg-size:cover;--awb-width-large:40%;--awb-margin-top-large:0px;--awb-spacing-right-large:4.8%;--awb-margin-bottom-large:0px;--awb-spacing-left-large:4.8%;--awb-width-medium:100%;--awb-order-medium:0;--awb-spacing-right-medium:1.92%;--awb-spacing-left-medium:1.92%;--awb-width-small:100%;--awb-order-small:0;--awb-spacing-right-small:1.92%;--awb-spacing-left-small:1.92%;\"><div class=\"fusion-column-wrapper fusion-column-has-shadow fusion-flex-justify-content-flex-start fusion-content-layout-column\"><div class=\"fusion-content-boxes content-boxes columns row fusion-columns-1 fusion-columns-total-1 fusion-content-boxes-1 content-boxes-timeline-vertical content-left content-boxes-timeline-layout content-boxes-icon-with-title has-flex-alignment fusion-delayed-animation\" style=\"--awb-backgroundcolor:rgba(160,160,160,0.04);--awb-alignment:center;--awb-title-color:#d13030;--awb-iconcolor:#d6521d;--awb-item-margin-top:0px;--awb-item-margin-bottom:0px;--awb-margin-top:0px;--awb-margin-bottom:0px;--awb-hover-accent-color:#d6521d;--awb-circle-hover-accent-color:transparent;\" data-animation-delay=\"350\" data-animationOffset=\"top-into-view\"><div style=\"--awb-backgroundcolor:rgba(160,160,160,0.04);--awb-iconcolor:#bf1818;--awb-content-padding-left:40px;\" class=\"fusion-column content-box-column content-box-column content-box-column-1 col-lg-12 col-md-12 col-sm-12 fusion-content-box-hover content-box-column-last content-box-column-last-in-row\"><div class=\"col content-box-wrapper content-wrapper-background link-area-link-icon content-icon-wrapper-yes icon-hover-animation-fade fusion-animated\" data-animationType=\"fadeIn\" data-animationDuration=\"0.25\" data-animationOffset=\"top-into-view\"><div class=\"heading heading-with-icon icon-left\"><div class=\"icon\" style=\"-webkit-animation-duration: 350ms;animation-duration: 350ms;\"><span ><i style=\"background-color:transparent;border-color:transparent;height:auto;width: 20px;line-height:normal;font-size:20px;\" aria-hidden=\"true\" class=\"fontawesome-icon fa-bullseye fas circle-no\"><\/i><\/span><\/div><h4 class=\"content-box-heading fusion-responsive-typography-calculated\" style=\"--h4_typography-font-size:24px;--fontSize:24;line-height:1.4;\">Avis d'appel \u00e0 concurrence pour la r\u00e9alisation d\u2019un plan de pr\u00e9paration (SSE) de la Polyn\u00e9sie fran\u00e7aise.<\/h4><\/div><div class=\"fusion-clearfix\"><\/div><div class=\"content-container\">\n<div data-olk-copy-source=\"MessageBody\">L\u2019Agence de r\u00e9gulation de l\u2019action sanitaire et sociale (ARASS) lance un appel \u00e0 concurrence pour la r\u00e9alisation<\/div>\n<div data-olk-copy-source=\"MessageBody\">d\u2019un plan de pr\u00e9paration de la r\u00e9ponse sanitaire aux situations sanitaires exceptionnelles (SSE) de la Polyn\u00e9sie fran\u00e7aise.<\/div>\n<div><\/div>\n<p>La mission consiste \u00e0 \u00e9laborer un\u00a0<b>plan de r\u00e9ponse sanitaire op\u00e9rationnel<\/b>, adapt\u00e9 aux sp\u00e9cificit\u00e9s territoriales, g\u00e9ographiques, d\u00e9mographiques et organisationnelles de la Polyn\u00e9sie fran\u00e7aise, permettant d\u2019anticiper et de g\u00e9rer de mani\u00e8re coordonn\u00e9e les situations sanitaires exceptionnelles susceptibles d\u2019affecter le territoire.<\/p>\n<p>Le plan devra comporter les \u00e9l\u00e9ments contenus dans le fichier consultable via le lien suivant :\u00a0 <a href=\"https:\/\/www.service-public.pf\/arass\/wp-content\/uploads\/sites\/46\/2026\/04\/Cdc_Plan_Multirisque.pdf\">cahier des charges <\/a><\/p>\n<p>La dur\u00e9e maximum de la mission est de\u00a0<b>12 mois.<\/b><\/p>\n<div>Les dossiers seront \u00e9valu\u00e9es notamment au regard de la qualit\u00e9 m\u00e9thodologique, de la compr\u00e9hension des enjeux territoriaux, de l\u2019exp\u00e9rience du prestataire et du co\u00fbt de la prestation.<\/div>\n<div><\/div>\n<div>\ud83d\udcc5\u00a0<b>Date limite de r\u00e9ception des dossiers : 27 avril 2026 \u00e0 12h (heure de Tahiti)<\/b><br \/>\n\ud83d\udcc5\u00a0<b>Date de publication : 10 avril 2026<\/b><\/div>\n<div><\/div>\n<div>Les dossiers devront \u00eatre adress\u00e9s \u00e0 l\u2019ARASS :<\/div>\n<div><\/div>\n<div>Par courriel: Secretariat.arass@administration.gov.pf<\/div>\n<div>Sous pli \u00e0 remettre \u00e0 l&rsquo;ARASS Rue du Commandant Destremau,<br \/>\nimmeuble LO en face de l\u2019\u00e9glise protestante \u00e0 Paofai<br \/>\nBP 2 551 \u2013 98 713 Papeete-Tahiti<\/div>\n<\/div><\/div><\/div><div class=\"fusion-clearfix\"><\/div><\/div><\/div><\/div><div class=\"fusion-layout-column fusion_builder_column fusion-builder-column-2 fusion_builder_column_2_5 2_5 fusion-flex-column\" style=\"--awb-bg-size:cover;--awb-width-large:40%;--awb-margin-top-large:0px;--awb-spacing-right-large:4.8%;--awb-margin-bottom-large:0px;--awb-spacing-left-large:4.8%;--awb-width-medium:100%;--awb-order-medium:0;--awb-spacing-right-medium:1.92%;--awb-spacing-left-medium:1.92%;--awb-width-small:100%;--awb-order-small:0;--awb-spacing-right-small:1.92%;--awb-spacing-left-small:1.92%;\"><div class=\"fusion-column-wrapper fusion-column-has-shadow fusion-flex-justify-content-flex-start fusion-content-layout-column\"><div class=\"fusion-content-boxes content-boxes columns row fusion-columns-1 fusion-columns-total-1 fusion-content-boxes-2 content-boxes-timeline-vertical content-left content-boxes-timeline-layout content-boxes-icon-with-title has-flex-alignment fusion-delayed-animation\" style=\"--awb-backgroundcolor:rgba(160,160,160,0.04);--awb-alignment:center;--awb-title-color:#2ecc71;--awb-iconcolor:#d6521d;--awb-item-margin-top:0px;--awb-item-margin-bottom:0px;--awb-margin-top:0px;--awb-margin-bottom:0px;--awb-hover-accent-color:#d6521d;--awb-circle-hover-accent-color:transparent;\" data-animation-delay=\"350\" data-animationOffset=\"top-into-view\"><div style=\"--awb-backgroundcolor:rgba(160,160,160,0.04);--awb-iconcolor:#d6521d;--awb-content-padding-left:55px;\" class=\"fusion-column content-box-column content-box-column content-box-column-1 col-lg-12 col-md-12 col-sm-12 fusion-content-box-hover content-box-column-last content-box-column-last-in-row\"><div class=\"col content-box-wrapper content-wrapper-background link-area-link-icon content-icon-wrapper-yes icon-hover-animation-fade fusion-animated\" data-animationType=\"fadeIn\" data-animationDuration=\"0.25\" data-animationOffset=\"top-into-view\"><div class=\"heading heading-with-icon icon-left\"><div aria-hidden=\"true\" class=\"image\"><img decoding=\"async\" class=\"lazyload\" src=\"data:image\/gif;base64,R0lGODlhAQABAAAAACH5BAEKAAEALAAAAAABAAEAAAICTAEAOw==\" data-orig-src=\"https:\/\/www.service-public.pf\/arass\/wp-content\/uploads\/sites\/46\/2024\/07\/alert_icon-arass-vert-1.png\" width=\"35\" height=\"35\" alt=\"\" \/><\/div><h4 class=\"content-box-heading fusion-responsive-typography-calculated\" style=\"--h4_typography-font-size:24px;--fontSize:24;line-height:1.4;\">INFORMATION concernant l'ouverture des conventionnements pour l'ann\u00e9e 2026<\/h4><\/div><div class=\"fusion-clearfix\"><\/div><div class=\"content-container\">\n<p>Le conseil des ministres a act\u00e9 <strong>l\u2019ouverture de quotas de conventionnements pour les m\u00e9decins, infirmiers dipl\u00f4m\u00e9s d\u2019Etat et chirurgiens-dentistes selon les quotas suivants\u00a0<\/strong>:<\/p>\n<ul>\n<li><strong>5 en m\u00e9decine g\u00e9n\u00e9rale\u00a0:<\/strong>\n<ul>\n<li>2 en zone 2 (1 \u00e0 Taiarapu-Ouest et 1 \u00e0 Hitia\u2019a o te ra) ;<\/li>\n<li>2 en zone 3 (1 \u00e0 Papetoai et 1 \u00e0 Teavaro) ;<\/li>\n<li>1 en zone 4 \u00e0 Bora bora<\/li>\n<\/ul>\n<\/li>\n<\/ul>\n<ul>\n<li><strong>8 en m\u00e9decine sp\u00e9cialis\u00e9e\u00a0:<\/strong>\n<ul>\n<li>4 en zone 1 (1 en angiologie, 1 en chirurgie thoracique et cardio-vasculaire, 1 en dermatologie et 1 en n\u00e9phrologie) ;<\/li>\n<li>4 en zone 2 (1 en angiologie, 1 cardiologie, 1 en gyn\u00e9cologie-obst\u00e9trique et 1 en n\u00e9phrologie) ;<\/li>\n<\/ul>\n<\/li>\n<\/ul>\n<ul>\n<li><strong>4 en soins infirmiers\u00a0:<\/strong>\n<ul>\n<li>3 en zone 2 (1 \u00e0 Taiarapu-Est, 1 \u00e0 Taiarapu-Ouest et 1 \u00e0 Teva i Uta) ;<\/li>\n<li>1 en zone 4 \u00e0 Uturoa\u00a0;<\/li>\n<\/ul>\n<\/li>\n<\/ul>\n<ul>\n<li><strong>1 en chirurgie-dentaire\u00a0:<\/strong>\n<ul>\n<li>1\u00a0en zone 4\u00a0\u00e0 Tumaraa.<\/li>\n<\/ul>\n<\/li>\n<\/ul>\n<p>Les informations sont disponibles dans le journal officiel de la Polyn\u00e9sie fran\u00e7aise (JOPF) via les liens suivants :<\/p>\n<ul>\n<li><a href=\"http:\/\/lexpol.cloud.pf\/LexpolAfficheTexte.php?texte=1037290&amp;mkey=100582398&amp;key=184375\">m\u00e9decins<\/a> ;<\/li>\n<li><a href=\"http:\/\/lexpol.cloud.pf\/LexpolAfficheTexte.php?texte=1037289&amp;mkey=100582398&amp;key=184375\">infirmiers<\/a> ;<\/li>\n<li><a href=\"http:\/\/lexpol.cloud.pf\/LexpolAfficheTexte.php?texte=1037288&amp;mkey=100582398&amp;key=184375\">chirurgiens-dentistes<\/a>.<\/li>\n<\/ul>\n<p>Les professionnels souhaitant solliciter l\u2019attribution d\u2019un conventionnement peuvent d\u00e9poser leurs dossiers de demande selon les modalit\u00e9s pr\u00e9cis\u00e9es ci-dessous :<\/p>\n<p>Les <strong>demandes doivent d\u00e9sormais \u00eatre effectu\u00e9es via la plateforme \u00ab <span style=\"color: #ff0000\"><a style=\"color: #ff0000\" href=\"https:\/\/www.mes-demarches.gov.pf\/commencer\/arass-conventionnement-sante-cps\">Mes d\u00e9marches<\/a><\/span> \u00bb<\/strong><\/p>\n<p>La <strong>date limite de d\u00e9p\u00f4t des dossiers est fix\u00e9e au <\/strong><span style=\"color: #ff0000\"><strong><u>31 mai 2026 \u00e0 12 heures<\/u><\/strong><\/span><\/p>\n<p><em>Pour toute information compl\u00e9mentaire, vous pouvez\u00a0:<\/em><\/p>\n<ul>\n<li>consulter le site internet de l\u2019ARASS\u00a0: rendez-vous \u00e0 la rubrique <a href=\"https:\/\/www.service-public.pf\/arass\/quotas-de-conventionnement\/\"><strong>conventionnements<\/strong><\/a><strong>,<\/strong><\/li>\n<li>vous rapprocher du service Gestion Des Risques (GDR) de la CPS\n<ul>\n<li>du lundi au vendredi, de 7 h 30 \u00e0 12 h sans rendez-vous<\/li>\n<li>sur rendez-vous l\u2019apr\u00e8s-midi (contact : 40 41 68 81)<\/li>\n<\/ul>\n<\/li>\n<\/ul>\n<\/div><\/div><\/div><div class=\"fusion-clearfix\"><\/div><\/div><\/div><\/div><\/div><\/div><div class=\"fusion-fullwidth fullwidth-box fusion-builder-row-3 fusion-flex-container has-pattern-background has-mask-background fusion-parallax-fixed hundred-percent-fullwidth non-hundred-percent-height-scrolling lazyload\" style=\"--link_hover_color: #c6380d;--link_color: #fb9307;--awb-background-blend-mode:hard-light;--awb-border-sizes-top:0px;--awb-border-sizes-bottom:0px;--awb-border-sizes-left:0px;--awb-border-sizes-right:0px;--awb-border-radius-top-left:0px;--awb-border-radius-top-right:0px;--awb-border-radius-bottom-right:0px;--awb-border-radius-bottom-left:0px;--awb-padding-top:0px;--awb-padding-right:0px;--awb-padding-bottom:0px;--awb-padding-left:0px;--awb-margin-top:0px;--awb-margin-bottom:0px;--awb-background-size:cover;--awb-flex-wrap:wrap;background-attachment:fixed;\" data-bg=\"https:\/\/www.service-public.pf\/arass\/wp-content\/uploads\/sites\/46\/2021\/05\/halloween-composition-bg-scaled.png\" ><div class=\"fusion-builder-row fusion-row fusion-flex-align-items-flex-start fusion-flex-content-wrap\" style=\"width:104% !important;max-width:104% !important;margin-left: calc(-4% \/ 2 );margin-right: calc(-4% \/ 2 );\"><div class=\"fusion-layout-column fusion_builder_column fusion-builder-column-3 fusion_builder_column_1_1 1_1 fusion-flex-column fusion-animated\" style=\"--awb-padding-top:100px;--awb-padding-right:30px;--awb-padding-left:30px;--awb-padding-top-medium:69px;--awb-padding-top-small:70px;--awb-bg-color:#1e3d91;--awb-bg-color-hover:#1e3d91;--awb-bg-size:cover;--awb-width-large:100%;--awb-margin-top-large:0px;--awb-spacing-right-large:1.92%;--awb-margin-bottom-large:0px;--awb-spacing-left-large:1.92%;--awb-width-medium:100%;--awb-order-medium:0;--awb-spacing-right-medium:1.92%;--awb-spacing-left-medium:1.92%;--awb-width-small:100%;--awb-order-small:0;--awb-spacing-right-small:1.92%;--awb-spacing-left-small:1.92%;\" data-animationType=\"fadeInDown\" data-animationDuration=\"1.2\" data-animationOffset=\"top-into-view\" data-scroll-devices=\"small-visibility,medium-visibility,large-visibility\"><div class=\"fusion-column-wrapper fusion-column-has-shadow fusion-flex-justify-content-flex-start fusion-content-layout-column\"><div class=\"fusion-title title fusion-title-2 fusion-sep-none fusion-title-center fusion-title-text fusion-title-size-one\" style=\"--awb-text-color:#333333;--awb-margin-top:20px;--awb-margin-bottom:20px;--awb-margin-top-small:10px;--awb-margin-right-small:0px;--awb-margin-bottom-small:10px;--awb-margin-left-small:0px;--awb-font-size:124px;\"><h1 class=\"fusion-title-heading title-heading-center awb-gradient-text fusion-responsive-typography-calculated\" style=\"font-family:&quot;Work Sans&quot;;font-style:normal;font-weight:800;margin:0;letter-spacing:-0.012em;text-transform:var(--awb-typography1-text-transform);background-color:#ededed;background-image:linear-gradient(150deg, #ededed 20%,#f6c81e 100%);font-size:1em;--fontSize:124;line-height:1;\">L&rsquo;ARASS en bref<\/h1><\/div><\/div><\/div><\/div><\/div><div class=\"fusion-fullwidth fullwidth-box fusion-builder-row-4 fusion-flex-container hundred-percent-fullwidth non-hundred-percent-height-scrolling\" style=\"--awb-border-radius-top-left:0px;--awb-border-radius-top-right:0px;--awb-border-radius-bottom-right:0px;--awb-border-radius-bottom-left:0px;--awb-padding-top:0px;--awb-padding-right:0px;--awb-padding-bottom:0px;--awb-padding-left:0px;--awb-flex-wrap:wrap;\" ><div class=\"fusion-builder-row fusion-row fusion-flex-align-items-stretch fusion-flex-content-wrap\" style=\"width:calc( 100% + 0px ) !important;max-width:calc( 100% + 0px ) !important;margin-left: calc(-0px \/ 2 );margin-right: calc(-0px \/ 2 );\"><div class=\"fusion-layout-column fusion_builder_column fusion-builder-column-4 fusion_builder_column_1_1 1_1 fusion-flex-column\" style=\"--awb-padding-top:100px;--awb-padding-right:7%;--awb-padding-bottom:100px;--awb-padding-left:7%;--awb-padding-top-medium:60px;--awb-padding-bottom-medium:60px;--awb-bg-blend:overlay;--awb-bg-size:cover;--awb-width-large:100%;--awb-margin-top-large:0px;--awb-spacing-right-large:0px;--awb-margin-bottom-large:0px;--awb-spacing-left-large:0px;--awb-width-medium:100%;--awb-spacing-right-medium:0px;--awb-spacing-left-medium:0px;--awb-width-small:100%;--awb-spacing-right-small:0px;--awb-spacing-left-small:0px;\"><div class=\"fusion-column-wrapper fusion-flex-justify-content-flex-start fusion-content-layout-column\"><div class=\"fusion-text fusion-text-1\" style=\"--awb-margin-right:35px;--awb-margin-left:35px;\"><p>Sous la tutelle du Ministre de la sant\u00e9, <em>en charge de la pr\u00e9vention et de la protection sociale g\u00e9n\u00e9ralis\u00e9e<\/em>, l&rsquo;<strong>Agence de r\u00e9gulation de l\u2019action sanitaire et sociale (ARASS)<\/strong> est un <strong>organisme r\u00e9gulateur<\/strong> cr\u00e9\u00e9 en 2017.<\/p>\n<p>L\u2019<strong>ARASS<\/strong>\u00a0a pour mission de proposer les strat\u00e9gies de politique publique ainsi que leurs financements dans les domaines strat\u00e9giques de la sant\u00e9, de la famille et des solidarit\u00e9s, de l\u2019action m\u00e9dico-sociale et de la protection sociale.<\/p>\n<p>Elle a \u00e9galement pour mission de planifier, coordonner, \u00e9valuer et contr\u00f4ler leur mise en \u0153uvre. Plus pr\u00e9cis\u00e9ment, elle est en charge de la r\u00e9gulation, de l\u2019instruction, de l\u2019\u00e9valuation et du contr\u00f4le des activit\u00e9s r\u00e9glement\u00e9es relatives aux :<\/p>\n<ul>\n<li><a href=\"https:\/\/www.service-public.pf\/arass\/creche-garderie\/\">Cr\u00e8ches et garderies<\/a> ;<\/li>\n<li><a href=\"https:\/\/www.service-public.pf\/arass\/transport-sanitaire\/\">Transports sanitaires<\/a> ;<\/li>\n<li><a href=\"https:\/\/www.service-public.pf\/arass\/accueillant-familial-2\/\">Accueillants familiaux<\/a>\u00a0et \u00e9tablissements sociaux et m\u00e9dico-sociaux soumis \u00e0 agr\u00e9ment ;<\/li>\n<li><a href=\"https:\/\/www.service-public.pf\/arass\/pharmaciens\/\">Pharmacies<\/a> ;<\/li>\n<li>Activit\u00e9s sanitaires et de soins ;<\/li>\n<li>Substances v\u00e9n\u00e9neuses.<\/li>\n<\/ul>\n<p>Pour ce faire, elle travaille en \u00e9troite collaboration avec les services administratifs, les \u00e9tablissements publics et priv\u00e9s et tout autre organisme, quelle que soit leur nature juridique, \u0153uvrant dans ces secteurs. A ce titre, elle peut se faire communiquer les chiffres, bilans, \u00e9tudes ou tout autre type de documents susceptibles de favoriser ses missions, sur simple demande.<\/p>\n<p>Elle est \u00e9galement, en charge de l\u2019<a href=\"https:\/\/www.service-public.pf\/arass\/enregistrement-de-diplomes\/\">enregistrement des dipl\u00f4mes des professions m\u00e9dicales, param\u00e9dicales, de pharmacie.<\/a><\/p>\n<\/div><\/div><\/div><\/div><\/div><div class=\"fusion-fullwidth fullwidth-box fusion-builder-row-5 fusion-flex-container nonhundred-percent-fullwidth non-hundred-percent-height-scrolling\" style=\"--awb-border-radius-top-left:0px;--awb-border-radius-top-right:0px;--awb-border-radius-bottom-right:0px;--awb-border-radius-bottom-left:0px;--awb-flex-wrap:wrap;\" ><\/div><\/p>\n","protected":false},"excerpt":{"rendered":"","protected":false},"author":98,"featured_media":0,"parent":0,"menu_order":0,"comment_status":"closed","ping_status":"closed","template":"100-width.php","meta":{"_seopress_robots_primary_cat":"","_seopress_titles_title":"","_seopress_titles_desc":"","_seopress_robots_index":"","footnotes":""},"class_list":["post-716","page","type-page","status-publish","hentry"],"_links":{"self":[{"href":"https:\/\/www.service-public.pf\/arass\/wp-json\/wp\/v2\/pages\/716","targetHints":{"allow":["GET"]}}],"collection":[{"href":"https:\/\/www.service-public.pf\/arass\/wp-json\/wp\/v2\/pages"}],"about":[{"href":"https:\/\/www.service-public.pf\/arass\/wp-json\/wp\/v2\/types\/page"}],"author":[{"embeddable":true,"href":"https:\/\/www.service-public.pf\/arass\/wp-json\/wp\/v2\/users\/98"}],"replies":[{"embeddable":true,"href":"https:\/\/www.service-public.pf\/arass\/wp-json\/wp\/v2\/comments?post=716"}],"version-history":[{"count":160,"href":"https:\/\/www.service-public.pf\/arass\/wp-json\/wp\/v2\/pages\/716\/revisions"}],"predecessor-version":[{"id":14716,"href":"https:\/\/www.service-public.pf\/arass\/wp-json\/wp\/v2\/pages\/716\/revisions\/14716"}],"wp:attachment":[{"href":"https:\/\/www.service-public.pf\/arass\/wp-json\/wp\/v2\/media?parent=716"}],"curies":[{"name":"wp","href":"https:\/\/api.w.org\/{rel}","templated":true}]}}