{"id":25262,"date":"2023-11-08T13:11:23","date_gmt":"2023-11-08T23:11:23","guid":{"rendered":"https:\/\/www.service-public.pf\/biosecurite\/?page_id=25262"},"modified":"2024-05-07T14:40:12","modified_gmt":"2024-05-08T00:40:12","slug":"transport-interinsulaire-de-bois-et-produits-en-bois-2","status":"publish","type":"page","link":"https:\/\/www.service-public.pf\/biosecurite\/accueil\/professionnels-2\/transport-entre-les-iles\/transport-interinsulaire-de-bois-et-produits-en-bois-2\/","title":{"rendered":"Bois et produits en bois"},"content":{"rendered":"<p><div class=\"fusion-fullwidth fullwidth-box fusion-builder-row-1 fusion-flex-container has-pattern-background has-mask-background fusion-parallax-none nonhundred-percent-fullwidth non-hundred-percent-height-scrolling vct_border_bottom_separator\" style=\"--awb-border-radius-top-left:0px;--awb-border-radius-top-right:0px;--awb-border-radius-bottom-right:0px;--awb-border-radius-bottom-left:0px;--awb-background-image:linear-gradient(180deg, rgba(0,0,0,0) 0%,rgba(0,0,0,0.8) 100%),url(https:\/\/www.service-public.pf\/biosecurite\/wp-content\/uploads\/sites\/43\/2023\/04\/48.png);;--awb-background-size:cover;--awb-flex-wrap:wrap;\" ><div class=\"fusion-builder-row fusion-row fusion-flex-align-items-flex-start fusion-flex-content-wrap\" style=\"max-width:1144px;margin-left: calc(-4% \/ 2 );margin-right: calc(-4% \/ 2 );\"><div class=\"fusion-layout-column fusion_builder_column fusion-builder-column-0 fusion_builder_column_1_1 1_1 fusion-flex-column\" style=\"--awb-padding-top:6vw;--awb-padding-right:5vw;--awb-padding-bottom:3vw;--awb-padding-left:5vw;--awb-bg-size:cover;--awb-width-large:100%;--awb-margin-top-large:0px;--awb-spacing-right-large:1.92%;--awb-margin-bottom-large:0px;--awb-spacing-left-large:1.92%;--awb-width-medium:100%;--awb-order-medium:0;--awb-spacing-right-medium:1.92%;--awb-spacing-left-medium:1.92%;--awb-width-small:100%;--awb-order-small:0;--awb-spacing-right-small:1.92%;--awb-spacing-left-small:1.92%;\"><div class=\"fusion-column-wrapper fusion-column-has-shadow fusion-flex-justify-content-flex-start fusion-content-layout-column\"><div class=\"fusion-title title fusion-title-1 fusion-sep-none fusion-title-text fusion-title-size-one\" style=\"--awb-text-color:#ffffff;--awb-margin-top-small:0px;--awb-margin-right-small:0px;--awb-margin-bottom-small:20px;--awb-margin-left-small:0px;--awb-font-size:3rem;\"><h1 class=\"fusion-title-heading title-heading-left\" style=\"margin:0;font-size:1em;\">Professionnels<\/h1><\/div><\/div><\/div><\/div><\/div><div class=\"fusion-fullwidth fullwidth-box fusion-builder-row-2 fusion-flex-container has-pattern-background has-mask-background nonhundred-percent-fullwidth non-hundred-percent-height-scrolling\" style=\"--awb-border-radius-top-left:0px;--awb-border-radius-top-right:0px;--awb-border-radius-bottom-right:0px;--awb-border-radius-bottom-left:0px;--awb-padding-right:5vw;--awb-padding-left:5vw;--awb-flex-wrap:wrap;\" ><div class=\"fusion-builder-row fusion-row fusion-flex-align-items-flex-start fusion-flex-justify-content-space-between fusion-flex-content-wrap\" style=\"max-width:1144px;margin-left: calc(-4% \/ 2 );margin-right: calc(-4% \/ 2 );\"><div class=\"fusion-layout-column fusion_builder_column fusion-builder-column-1 fusion_builder_column_1_1 1_1 fusion-flex-column\" style=\"--awb-bg-color:#ffffff;--awb-bg-color-hover:#ffffff;--awb-bg-size:cover;--awb-width-large:100%;--awb-margin-top-large:30px;--awb-spacing-right-large:1.92%;--awb-margin-bottom-large:30px;--awb-spacing-left-large:1.92%;--awb-width-medium:100%;--awb-order-medium:0;--awb-spacing-right-medium:1.92%;--awb-spacing-left-medium:1.92%;--awb-width-small:100%;--awb-order-small:0;--awb-spacing-right-small:1.92%;--awb-spacing-left-small:1.92%;\"><div class=\"fusion-column-wrapper fusion-column-has-shadow fusion-flex-justify-content-flex-start fusion-content-layout-column\"><nav class=\"fusion-breadcrumbs fusion-breadcrumbs-1\" style=\"--awb-font-size:16px;--awb-text-hover-color:#e51427;--awb-text-color:#12284d;--awb-breadcrumb-sep:&#039;&gt;&#039;;\" aria-label=\"Breadcrumb\"><ol class=\"awb-breadcrumb-list\"><li class=\"fusion-breadcrumb-item awb-breadcrumb-sep awb-home\" ><a href=\"https:\/\/www.service-public.pf\/biosecurite\" class=\"fusion-breadcrumb-link\"><span >Home<\/span><\/a><\/li><\/ol><\/nav><\/div><\/div><div class=\"fusion-layout-column fusion_builder_column fusion-builder-column-2 fusion_builder_column_3_4 3_4 fusion-flex-column\" style=\"--awb-bg-size:cover;--awb-width-large:75%;--awb-margin-top-large:0px;--awb-spacing-right-large:2.56%;--awb-margin-bottom-large:20px;--awb-spacing-left-large:2.56%;--awb-width-medium:100%;--awb-order-medium:0;--awb-spacing-right-medium:1.92%;--awb-spacing-left-medium:1.92%;--awb-width-small:100%;--awb-order-small:0;--awb-spacing-right-small:1.92%;--awb-spacing-left-small:1.92%;\"><div class=\"fusion-column-wrapper fusion-column-has-shadow fusion-flex-justify-content-center fusion-content-layout-column\"><div class=\"fusion-title title fusion-title-2 fusion-sep-none fusion-title-text fusion-title-size-two\" style=\"--awb-margin-bottom:5px;--awb-margin-top-small:0px;--awb-margin-right-small:0px;--awb-margin-bottom-small:20px;--awb-margin-left-small:0px;--awb-font-size:2.5rem;\"><h2 class=\"fusion-title-heading title-heading-left\" style=\"margin:0;font-size:1em;\"><p><strong>Transport interinsulaire de bois et produits en bois<br \/>\n<\/strong><\/p><\/h2><\/div><div class=\"fusion-separator\" style=\"align-self: flex-start;margin-right:auto;margin-bottom:3rem;width:100%;max-width:20%;\"><div class=\"fusion-separator-border sep-single sep-solid\" style=\"--awb-height:20px;--awb-amount:20px;--awb-sep-color:#e51427;border-color:#e51427;border-top-width:8px;\"><\/div><\/div><div class=\"accordian fusion-accordian vct_toggle\" style=\"--awb-border-size:1px;--awb-icon-size:13px;--awb-content-font-size:15px;--awb-icon-alignment:right;--awb-hover-color:#f9f9f9;--awb-border-color:#cccccc;--awb-background-color:#ffffff;--awb-divider-color:#e0dede;--awb-divider-hover-color:#e0dede;--awb-icon-color:#ffffff;--awb-title-color:#ffffff;--awb-content-color:#000000;--awb-icon-box-color:#333333;--awb-toggle-hover-accent-color:rgba(255,255,255,0);--awb-toggle-active-accent-color:rgba(255,255,255,0);--awb-title-font-family:&quot;Roboto&quot;;--awb-title-font-weight:400;--awb-title-font-style:normal;--awb-title-font-size:1.125rem;--awb-content-font-family:&quot;Roboto&quot;;--awb-content-font-style:normal;--awb-content-font-weight:400;\"><div class=\"panel-group fusion-toggle-icon-right fusion-toggle-icon-boxed\" id=\"accordion-25262-1\"><div class=\"fusion-panel panel-default panel-24fe893e10eb368f1 fusion-toggle-has-divider\" style=\"--awb-title-color:#ffffff;--awb-content-color:#333333;\"><div class=\"panel-heading\"><h3 class=\"panel-title toggle\" id=\"toggle_24fe893e10eb368f1\"><a class=\"active\" aria-expanded=\"true\" aria-controls=\"24fe893e10eb368f1\" role=\"button\" data-toggle=\"collapse\" data-target=\"#24fe893e10eb368f1\" href=\"#24fe893e10eb368f1\"><span class=\"fusion-toggle-icon-wrapper\" aria-hidden=\"true\"><i class=\"fa-fusion-box active-icon awb-icon-minus\" aria-hidden=\"true\"><\/i><i class=\"fa-fusion-box inactive-icon awb-icon-plus\" aria-hidden=\"true\"><\/i><\/span><span class=\"fusion-toggle-heading\">Produits en bois brut<\/span><\/a><\/h3><\/div><div id=\"24fe893e10eb368f1\" class=\"panel-collapse collapse in\" aria-labelledby=\"toggle_24fe893e10eb368f1\"><div class=\"panel-body toggle-content fusion-clearfix\">\n<p style=\"text-align: justify\">1. Bois brut de <em>Pinus<\/em><\/p>\n<p style=\"text-align: justify\">Les produits en bois de <em>Pinus<\/em> (pin) doivent \u00eatre accompagn\u00e9s d&rsquo;une ATI d\u00e9livr\u00e9 par la cellule phytosanitaire de la DBS (Motu Uta).<\/p>\n<p style=\"text-align: justify\">Les bois doivent \u00eatre :<\/p>\n<ul style=\"text-align: justify\">\n<li>exempts d&rsquo;insectes xylophages et de fourmis<\/li>\n<li>avoir subi un traitement au bromure de m\u00e9thyle (station de traitement de Motu Uta)<\/li>\n<\/ul>\n<p style=\"text-align: justify\">Les conditions de transport interinsulaire de produits en bois sont\u00a0 d\u00e9finis par l&rsquo;<a href=\"https:\/\/www.service-public.pf\/biosecurite\/wp-content\/uploads\/sites\/43\/2023\/11\/Arrete-n\u00b0-1755-CM-du-26_08_2021.pdf\" target=\"\" rel=\"noopener\">Arr\u00eat\u00e9 N\u00b0 1755 CM Du 26 08 2021<\/a>.<\/p>\n<p style=\"text-align: justify\">2. Bois brut de <em>Myrtaceae<\/em><\/p>\n<p style=\"text-align: justify\">Pour les bois bruts non-\u00e9corc\u00e9s, ils doivent \u00eatre reconnus exempts de <em>Puccinia psidii <\/em>\u00e0 la suite d&rsquo;une inspection conduite par la DBS<em>.<\/em><\/p>\n<p style=\"text-align: justify\">Pour les bois brut \u00e9corc\u00e9s, ils doivent \u00eatre reconnus exempts de <em>Puccinia psidii <\/em>\u00e0 la suite d&rsquo;une inspection conduite par la DBS ou subir le traitement prescrit.<\/p>\n<\/div><\/div><\/div><div class=\"fusion-panel panel-default panel-fe0d27021dd5c9143 fusion-toggle-has-divider\" style=\"--awb-title-color:#ffffff;--awb-content-color:#333333;\"><div class=\"panel-heading\"><h3 class=\"panel-title toggle\" id=\"toggle_fe0d27021dd5c9143\"><a class=\"active\" aria-expanded=\"true\" aria-controls=\"fe0d27021dd5c9143\" role=\"button\" data-toggle=\"collapse\" data-target=\"#fe0d27021dd5c9143\" href=\"#fe0d27021dd5c9143\"><span class=\"fusion-toggle-icon-wrapper\" aria-hidden=\"true\"><i class=\"fa-fusion-box active-icon awb-icon-minus\" aria-hidden=\"true\"><\/i><i class=\"fa-fusion-box inactive-icon awb-icon-plus\" aria-hidden=\"true\"><\/i><\/span><span class=\"fusion-toggle-heading\">Objets artisanaux en bois<\/span><\/a><\/h3><\/div><div id=\"fe0d27021dd5c9143\" class=\"panel-collapse collapse in\" aria-labelledby=\"toggle_fe0d27021dd5c9143\"><div class=\"panel-body toggle-content fusion-clearfix\">\n<p>Les objets artisanaux en bois sont soumis \u00e0 ATI.<\/p>\n<p>Ils doivent \u00eatre inspect\u00e9s et trouv\u00e9s exempts de tout organisme nuisible vivant.<\/p>\n<\/div><\/div><\/div><div class=\"fusion-panel panel-default panel-d64d1614467a31739 fusion-toggle-has-divider\" style=\"--awb-title-color:#ffffff;--awb-content-color:#333333;\"><div class=\"panel-heading\"><h3 class=\"panel-title toggle\" id=\"toggle_d64d1614467a31739\"><a class=\"active\" aria-expanded=\"true\" aria-controls=\"d64d1614467a31739\" role=\"button\" data-toggle=\"collapse\" data-target=\"#d64d1614467a31739\" href=\"#d64d1614467a31739\"><span class=\"fusion-toggle-icon-wrapper\" aria-hidden=\"true\"><i class=\"fa-fusion-box active-icon awb-icon-minus\" aria-hidden=\"true\"><\/i><i class=\"fa-fusion-box inactive-icon awb-icon-plus\" aria-hidden=\"true\"><\/i><\/span><span class=\"fusion-toggle-heading\">Traitement des bois brut de Pinus et Myrtaceae<\/span><\/a><\/h3><\/div><div id=\"d64d1614467a31739\" class=\"panel-collapse collapse in\" aria-labelledby=\"toggle_d64d1614467a31739\"><div class=\"panel-body toggle-content fusion-clearfix\">\n<p>Si vous exp\u00e9diez fr\u00e9quemment dans les \u00eeles au d\u00e9part de Tahiti, veuillez contacter la cellule phytosanitaire pour conna\u00eetre les modalit\u00e9s de prise en charge ou de traitement \u00e0 effectuer.<\/p>\n<p>Le traitement des marchandises peut \u00eatre effectu\u00e9 par la direction de la bios\u00e9curit\u00e9 <strong>sous r\u00e9serve de certaines conditions<\/strong>. Pour cela, vous devez vous renseigner aupr\u00e8s du responsable de la station de traitement par t\u00e9l\u00e9phone au 40 544 687 ou par mail: phyto.dbs@biosecurite.gov.pf.<\/p>\n<p>Traitement par fumigation au bromure de m\u00e9thyle (station de traitement de la DBS &#8211; Motu Uta)<\/p>\n<table style=\"border-collapse: collapse;width: 100%;height: 60px\">\n<tbody>\n<tr style=\"height: 24px\">\n<td style=\"width: 20.9895%;height: 24px;text-align: center\">Temp\u00e9rature (\u00b0C)<\/td>\n<td style=\"width: 19.2459%;height: 24px;text-align: center\">Dur\u00e9e (heures)<\/td>\n<td style=\"width: 16.9791%;height: 24px;text-align: center\">Concentration (g\/m3)<\/td>\n<td style=\"width: 42.7855%;height: 24px;text-align: center\">Remarques<\/td>\n<\/tr>\n<tr style=\"height: 12px\">\n<td style=\"width: 20.9895%;text-align: center;height: 12px\">28 &#8211; 32<\/td>\n<td style=\"width: 19.2459%;height: 12px;text-align: center\">12<\/td>\n<td style=\"width: 16.9791%;height: 12px;text-align: center\">20<\/td>\n<td style=\"width: 42.7855%;height: 12px\">Si aucune fourmi n&rsquo;a \u00e9t\u00e9 d\u00e9tect\u00e9e lors de l&rsquo;inspection<\/td>\n<\/tr>\n<tr style=\"height: 24px\">\n<td style=\"width: 20.9895%;text-align: center;height: 24px\">28 &#8211; 32<\/td>\n<td style=\"width: 19.2459%;height: 24px;text-align: center\">24<\/td>\n<td style=\"width: 16.9791%;height: 24px;text-align: center\">100<\/td>\n<td style=\"width: 42.7855%;height: 24px\">Si la pr\u00e9sence de fourmis a \u00e9t\u00e9 d\u00e9tect\u00e9e lors de l&rsquo;inspection<\/td>\n<\/tr>\n<\/tbody>\n<\/table>\n<p>Pour connaitre les horaires de fumigation au bromure de m\u00e9thyle, veuillez cliquer <a href=\"https:\/\/www.service-public.pf\/biosecurite\/accueil\/professionnels-2\/transport-entre-les-iles\/station-de-traitement-de-la-cellule-phytosanitaire\/\">ici<\/a>.<\/p>\n<\/div><\/div><\/div><div class=\"fusion-panel panel-default panel-92450d1e590601cb6 fusion-toggle-has-divider\" style=\"--awb-title-color:#2d73b9;--awb-content-color:#000000;\"><div class=\"panel-heading\"><h3 class=\"panel-title toggle\" id=\"toggle_92450d1e590601cb6\"><a class=\"active\" aria-expanded=\"true\" aria-controls=\"92450d1e590601cb6\" role=\"button\" data-toggle=\"collapse\" data-target=\"#92450d1e590601cb6\" href=\"#92450d1e590601cb6\"><span class=\"fusion-toggle-icon-wrapper\" aria-hidden=\"true\"><i class=\"fa-fusion-box active-icon awb-icon-minus\" aria-hidden=\"true\"><\/i><i class=\"fa-fusion-box inactive-icon awb-icon-plus\" aria-hidden=\"true\"><\/i><\/span><span class=\"fusion-toggle-heading\">L'agr\u00e9ment DBS pour simplifier vos d\u00e9marches<\/span><\/a><\/h3><\/div><div id=\"92450d1e590601cb6\" class=\"panel-collapse collapse in\" aria-labelledby=\"toggle_92450d1e590601cb6\"><div class=\"panel-body toggle-content fusion-clearfix\">\n<p>Le transport interinsulaire de produits, susceptibles de v\u00e9hiculer des organismes nuisibles pr\u00e9sentant un risque pour la sant\u00e9 des v\u00e9g\u00e9taux, est interdit ou soumis \u00e0 conditions.<\/p>\n<p>Le transport de ces articles d\u2019une \u00eele infest\u00e9e par un organisme nuisible vers une \u00eele indemne est subordonn\u00e9e \u00e0 une inspection et un traitement par la Direction de la bios\u00e9curit\u00e9 (DBS).<\/p>\n<p>Toutefois, les \u00e9tablissements agr\u00e9\u00e9s par la DBS sont dispens\u00e9s de cette inspection et de ce traitement syst\u00e9matique.<\/p>\n<p>L\u2019agr\u00e9ment des \u00e9tablissements permet ainsi de fluidifier et de s\u00e9curiser les envois dans les \u00eeles.<\/p>\n<p><a href=\"https:\/\/www.service-public.pf\/biosecurite\/accueil\/professionnels-2\/etablissements-agrees-biosecurite\/etablissements-agrees-2\/\">Pour plus d&rsquo;informations, cliquez ici.<\/a><\/p>\n<\/div><\/div><\/div><\/div><\/div><\/div><\/div><div class=\"fusion-layout-column fusion_builder_column fusion-builder-column-3 fusion_builder_column_1_4 1_4 fusion-flex-column\" style=\"--awb-bg-size:cover;--awb-width-large:25%;--awb-margin-top-large:0px;--awb-spacing-right-large:7.68%;--awb-margin-bottom-large:20px;--awb-spacing-left-large:7.68%;--awb-width-medium:100%;--awb-order-medium:0;--awb-spacing-right-medium:1.92%;--awb-spacing-left-medium:1.92%;--awb-width-small:100%;--awb-order-small:0;--awb-spacing-right-small:1.92%;--awb-spacing-left-small:1.92%;\"><div class=\"fusion-column-wrapper fusion-column-has-shadow fusion-flex-justify-content-flex-start fusion-content-layout-column\"><div class=\"fusion-builder-row fusion-builder-row-inner fusion-row fusion-flex-align-items-flex-start fusion-flex-justify-content-space-between fusion-flex-content-wrap\" style=\"--awb-flex-grow:0;--awb-flex-grow-medium:0;--awb-flex-grow-small:0;--awb-flex-shrink:0;--awb-flex-shrink-medium:0;--awb-flex-shrink-small:0;width:104% !important;max-width:104% !important;margin-left: calc(-4% \/ 2 );margin-right: calc(-4% \/ 2 );\"><div class=\"fusion-layout-column fusion_builder_column_inner fusion-builder-nested-column-0 fusion_builder_column_inner_1_1 1_1 fusion-flex-column vct_column_right\" style=\"--awb-bg-size:cover;--awb-width-large:100%;--awb-margin-top-large:0px;--awb-spacing-right-large:1.92%;--awb-margin-bottom-large:20px;--awb-spacing-left-large:1.92%;--awb-width-medium:100%;--awb-order-medium:0;--awb-spacing-right-medium:1.92%;--awb-spacing-left-medium:1.92%;--awb-width-small:100%;--awb-order-small:0;--awb-spacing-right-small:1.92%;--awb-spacing-left-small:1.92%;\"><div class=\"fusion-column-wrapper fusion-column-has-shadow fusion-flex-justify-content-flex-start fusion-content-layout-column\"><div class=\"fusion-title title fusion-title-3 fusion-sep-none fusion-title-text fusion-title-size-three vct_icon_title_left_blue\" style=\"--awb-text-color:#ffffff;--awb-margin-bottom:0px;--awb-margin-top-small:0px;--awb-margin-right-small:0px;--awb-margin-bottom-small:0px;--awb-margin-left-small:0px;--awb-font-size:1.125rem;\"><h3 class=\"fusion-title-heading title-heading-left\" style=\"margin:0;font-size:1em;\">R\u00e8glementation<\/h3><\/div><div class=\"fusion-text fusion-text-1\"><p><a href=\"https:\/\/lexpol.cloud.pf\/LexpolAfficheTexte.php?texte=586619&amp;idr=0&amp;np=1\">Arr\u00eat\u00e9 n\u00b0 793 CM du 25 mai 2022<\/a><\/p>\n<p><a href=\"https:\/\/lexpol.cloud.pf\/LexpolAfficheTexte.php?texte=573292&amp;idr=0&amp;np=1\">Arr\u00eat\u00e9 n\u00b0 1755 CM du 26 ao\u00fbt 2021<\/a><\/p>\n<\/div><\/div><\/div><div class=\"fusion-layout-column fusion_builder_column_inner fusion-builder-nested-column-1 fusion_builder_column_inner_1_1 1_1 fusion-flex-column vct_column_right\" style=\"--awb-bg-size:cover;--awb-width-large:100%;--awb-margin-top-large:0px;--awb-spacing-right-large:1.92%;--awb-margin-bottom-large:20px;--awb-spacing-left-large:1.92%;--awb-width-medium:100%;--awb-order-medium:0;--awb-spacing-right-medium:1.92%;--awb-spacing-left-medium:1.92%;--awb-width-small:100%;--awb-order-small:0;--awb-spacing-right-small:1.92%;--awb-spacing-left-small:1.92%;\"><div class=\"fusion-column-wrapper fusion-column-has-shadow fusion-flex-justify-content-flex-start fusion-content-layout-column\"><div class=\"fusion-title title fusion-title-4 fusion-sep-none fusion-title-text fusion-title-size-three vct_icon_title_left_blue\" style=\"--awb-text-color:#ffffff;--awb-margin-bottom:0px;--awb-margin-top-small:0px;--awb-margin-right-small:0px;--awb-margin-bottom-small:0px;--awb-margin-left-small:0px;--awb-font-size:1.125rem;\"><h3 class=\"fusion-title-heading title-heading-left\" style=\"margin:0;font-size:1em;\">Tarif<\/h3><\/div><div class=\"fusion-text fusion-text-2\"><p>ATI gratuite<\/p>\n<p>Traitement gratuit<\/p>\n<p>Cerclage \u00e0 500xpf par unit\u00e9<\/p>\n<\/div><\/div><\/div><div class=\"fusion-layout-column fusion_builder_column_inner fusion-builder-nested-column-2 fusion_builder_column_inner_1_1 1_1 fusion-flex-column vct_column_right\" style=\"--awb-bg-size:cover;--awb-width-large:100%;--awb-margin-top-large:0px;--awb-spacing-right-large:1.92%;--awb-margin-bottom-large:20px;--awb-spacing-left-large:1.92%;--awb-width-medium:100%;--awb-order-medium:0;--awb-spacing-right-medium:1.92%;--awb-spacing-left-medium:1.92%;--awb-width-small:100%;--awb-order-small:0;--awb-spacing-right-small:1.92%;--awb-spacing-left-small:1.92%;\"><div class=\"fusion-column-wrapper fusion-column-has-shadow fusion-flex-justify-content-flex-start fusion-content-layout-column\"><div class=\"fusion-title title fusion-title-5 fusion-sep-none fusion-title-text fusion-title-size-three vct_icon_title_left_blue\" style=\"--awb-text-color:#ffffff;--awb-margin-bottom:0px;--awb-margin-top-small:0px;--awb-margin-right-small:0px;--awb-margin-bottom-small:0px;--awb-margin-left-small:0px;--awb-font-size:1.125rem;\"><h3 class=\"fusion-title-heading title-heading-left\" style=\"margin:0;font-size:1em;\">Nous contacter<\/h3><\/div><div class=\"fusion-text fusion-text-3\"><p>Service: Cellule phytosanitaire<br \/>\nE-mail : phyto.dbs@biosecurite.gov.pf<br \/>\nT\u00e9l\u00e9phone: + (689) 40 544 585<\/p>\n<\/div><\/div><\/div><\/div><\/div><\/div><\/div><\/div><\/p>\n","protected":false},"excerpt":{"rendered":"","protected":false},"author":308,"featured_media":23268,"parent":22954,"menu_order":0,"comment_status":"closed","ping_status":"closed","template":"","meta":{"_seopress_robots_primary_cat":"","_seopress_titles_title":"","_seopress_titles_desc":"","_seopress_robots_index":"","footnotes":""},"class_list":["post-25262","page","type-page","status-publish","has-post-thumbnail","hentry"],"_links":{"self":[{"href":"https:\/\/www.service-public.pf\/biosecurite\/wp-json\/wp\/v2\/pages\/25262","targetHints":{"allow":["GET"]}}],"collection":[{"href":"https:\/\/www.service-public.pf\/biosecurite\/wp-json\/wp\/v2\/pages"}],"about":[{"href":"https:\/\/www.service-public.pf\/biosecurite\/wp-json\/wp\/v2\/types\/page"}],"author":[{"embeddable":true,"href":"https:\/\/www.service-public.pf\/biosecurite\/wp-json\/wp\/v2\/users\/308"}],"replies":[{"embeddable":true,"href":"https:\/\/www.service-public.pf\/biosecurite\/wp-json\/wp\/v2\/comments?post=25262"}],"version-history":[{"count":0,"href":"https:\/\/www.service-public.pf\/biosecurite\/wp-json\/wp\/v2\/pages\/25262\/revisions"}],"up":[{"embeddable":true,"href":"https:\/\/www.service-public.pf\/biosecurite\/wp-json\/wp\/v2\/pages\/22954"}],"wp:featuredmedia":[{"embeddable":true,"href":"https:\/\/www.service-public.pf\/biosecurite\/wp-json\/wp\/v2\/media\/23268"}],"wp:attachment":[{"href":"https:\/\/www.service-public.pf\/biosecurite\/wp-json\/wp\/v2\/media?parent=25262"}],"curies":[{"name":"wp","href":"https:\/\/api.w.org\/{rel}","templated":true}]}}