{"id":25402,"date":"2023-11-10T10:27:48","date_gmt":"2023-11-10T20:27:48","guid":{"rendered":"https:\/\/www.service-public.pf\/biosecurite\/?page_id=25402"},"modified":"2024-04-25T12:17:53","modified_gmt":"2024-04-25T22:17:53","slug":"charbon-vegetal","status":"publish","type":"page","link":"https:\/\/www.service-public.pf\/biosecurite\/accueil\/professionnels-2\/importer-en-polynesie-francaise-2\/bois-et-autres-produits-en-bois\/charbon-vegetal\/","title":{"rendered":"Charbon v\u00e9g\u00e9tal"},"content":{"rendered":"<p><div class=\"fusion-fullwidth fullwidth-box fusion-builder-row-1 fusion-flex-container has-pattern-background has-mask-background fusion-parallax-none nonhundred-percent-fullwidth non-hundred-percent-height-scrolling vct_border_bottom_separator\" style=\"--awb-border-radius-top-left:0px;--awb-border-radius-top-right:0px;--awb-border-radius-bottom-right:0px;--awb-border-radius-bottom-left:0px;--awb-background-image:linear-gradient(180deg, rgba(0,0,0,0) 0%,rgba(0,0,0,0.8) 100%),url(https:\/\/www.service-public.pf\/biosecurite\/wp-content\/uploads\/sites\/43\/2022\/11\/pexels-albin-berlin-906982-2@2x.png);;--awb-background-size:cover;--awb-flex-wrap:wrap;\" ><div class=\"fusion-builder-row fusion-row fusion-flex-align-items-flex-start fusion-flex-content-wrap\" style=\"max-width:1144px;margin-left: calc(-4% \/ 2 );margin-right: calc(-4% \/ 2 );\"><div class=\"fusion-layout-column fusion_builder_column fusion-builder-column-0 fusion_builder_column_1_1 1_1 fusion-flex-column\" style=\"--awb-padding-top:6vw;--awb-padding-right:5vw;--awb-padding-bottom:3vw;--awb-padding-left:5vw;--awb-bg-size:cover;--awb-width-large:100%;--awb-margin-top-large:0px;--awb-spacing-right-large:1.92%;--awb-margin-bottom-large:0px;--awb-spacing-left-large:1.92%;--awb-width-medium:100%;--awb-order-medium:0;--awb-spacing-right-medium:1.92%;--awb-spacing-left-medium:1.92%;--awb-width-small:100%;--awb-order-small:0;--awb-spacing-right-small:1.92%;--awb-spacing-left-small:1.92%;\"><div class=\"fusion-column-wrapper fusion-column-has-shadow fusion-flex-justify-content-flex-start fusion-content-layout-column\"><div class=\"fusion-title title fusion-title-1 fusion-sep-none fusion-title-text fusion-title-size-one\" style=\"--awb-text-color:#ffffff;--awb-margin-top-small:0px;--awb-margin-right-small:0px;--awb-margin-bottom-small:20px;--awb-margin-left-small:0px;--awb-font-size:3rem;\"><h1 class=\"fusion-title-heading title-heading-left\" style=\"margin:0;font-size:1em;\">Professionnels<\/h1><\/div><\/div><\/div><\/div><\/div><div class=\"fusion-fullwidth fullwidth-box fusion-builder-row-2 fusion-flex-container has-pattern-background has-mask-background nonhundred-percent-fullwidth non-hundred-percent-height-scrolling\" style=\"--awb-border-radius-top-left:0px;--awb-border-radius-top-right:0px;--awb-border-radius-bottom-right:0px;--awb-border-radius-bottom-left:0px;--awb-padding-right:5vw;--awb-padding-left:5vw;--awb-flex-wrap:wrap;\" ><div class=\"fusion-builder-row fusion-row fusion-flex-align-items-flex-start fusion-flex-justify-content-space-between fusion-flex-content-wrap\" style=\"max-width:1144px;margin-left: calc(-4% \/ 2 );margin-right: calc(-4% \/ 2 );\"><div class=\"fusion-layout-column fusion_builder_column fusion-builder-column-1 fusion_builder_column_1_1 1_1 fusion-flex-column\" style=\"--awb-bg-color:#ffffff;--awb-bg-color-hover:#ffffff;--awb-bg-size:cover;--awb-width-large:100%;--awb-margin-top-large:30px;--awb-spacing-right-large:1.92%;--awb-margin-bottom-large:30px;--awb-spacing-left-large:1.92%;--awb-width-medium:100%;--awb-order-medium:0;--awb-spacing-right-medium:1.92%;--awb-spacing-left-medium:1.92%;--awb-width-small:100%;--awb-order-small:0;--awb-spacing-right-small:1.92%;--awb-spacing-left-small:1.92%;\"><div class=\"fusion-column-wrapper fusion-column-has-shadow fusion-flex-justify-content-flex-start fusion-content-layout-column\"><nav class=\"fusion-breadcrumbs fusion-breadcrumbs-1\" style=\"--awb-font-size:16px;--awb-text-hover-color:#e51427;--awb-text-color:#12284d;--awb-breadcrumb-sep:&#039;&gt;&#039;;\" aria-label=\"Breadcrumb\"><ol class=\"awb-breadcrumb-list\"><li class=\"fusion-breadcrumb-item awb-breadcrumb-sep awb-home\" ><a href=\"https:\/\/www.service-public.pf\/biosecurite\" class=\"fusion-breadcrumb-link\"><span >Home<\/span><\/a><\/li><\/ol><\/nav><\/div><\/div><div class=\"fusion-layout-column fusion_builder_column fusion-builder-column-2 fusion_builder_column_3_4 3_4 fusion-flex-column\" style=\"--awb-bg-size:cover;--awb-width-large:75%;--awb-margin-top-large:0px;--awb-spacing-right-large:2.56%;--awb-margin-bottom-large:20px;--awb-spacing-left-large:2.56%;--awb-width-medium:100%;--awb-order-medium:0;--awb-spacing-right-medium:1.92%;--awb-spacing-left-medium:1.92%;--awb-width-small:100%;--awb-order-small:0;--awb-spacing-right-small:1.92%;--awb-spacing-left-small:1.92%;\"><div class=\"fusion-column-wrapper fusion-column-has-shadow fusion-flex-justify-content-center fusion-content-layout-column\"><div class=\"fusion-title title fusion-title-2 fusion-sep-none fusion-title-text fusion-title-size-two\" style=\"--awb-margin-bottom:15px;--awb-margin-top-small:0px;--awb-margin-right-small:0px;--awb-margin-bottom-small:20px;--awb-margin-left-small:0px;--awb-font-size:35px;\"><h2 class=\"fusion-title-heading title-heading-left\" style=\"margin:0;font-size:1em;\"><p><strong>Comment importer du charbon v\u00e9g\u00e9tal en Polyn\u00e9sie fran\u00e7aise?<br \/>\n<\/strong><\/p><\/h2><\/div><div class=\"fusion-separator\" style=\"align-self: flex-start;margin-right:auto;margin-bottom:3rem;width:100%;max-width:20%;\"><div class=\"fusion-separator-border sep-single sep-solid\" style=\"--awb-height:20px;--awb-amount:20px;--awb-sep-color:#e51427;border-color:#e51427;border-top-width:8px;\"><\/div><\/div><div class=\"accordian fusion-accordian vct_toggle\" style=\"--awb-border-size:1px;--awb-icon-size:13px;--awb-content-font-size:15px;--awb-icon-alignment:right;--awb-hover-color:#f9f9f9;--awb-border-color:#cccccc;--awb-background-color:#ffffff;--awb-divider-color:#e0dede;--awb-divider-hover-color:#e0dede;--awb-icon-color:#ffffff;--awb-title-color:#ffffff;--awb-content-color:#000000;--awb-icon-box-color:#333333;--awb-toggle-hover-accent-color:rgba(255,255,255,0);--awb-toggle-active-accent-color:rgba(255,255,255,0);--awb-title-font-family:&quot;Roboto&quot;;--awb-title-font-weight:400;--awb-title-font-style:normal;--awb-title-font-size:1.125rem;--awb-content-font-family:&quot;Roboto&quot;;--awb-content-font-style:normal;--awb-content-font-weight:400;\"><div class=\"panel-group fusion-toggle-icon-right fusion-toggle-icon-boxed\" id=\"accordion-25402-1\"><div class=\"fusion-panel panel-default panel-9d6c57cd89d38d7f2 fusion-toggle-has-divider\" style=\"--awb-title-color:#ffffff;--awb-content-color:#333333;\"><div class=\"panel-heading\"><h3 class=\"panel-title toggle\" id=\"toggle_9d6c57cd89d38d7f2\"><a class=\"active\" aria-expanded=\"true\" aria-controls=\"9d6c57cd89d38d7f2\" role=\"button\" data-toggle=\"collapse\" data-parent=\"#accordion-25402-1\" data-target=\"#9d6c57cd89d38d7f2\" href=\"#9d6c57cd89d38d7f2\"><span class=\"fusion-toggle-icon-wrapper\" aria-hidden=\"true\"><i class=\"fa-fusion-box active-icon awb-icon-minus\" aria-hidden=\"true\"><\/i><i class=\"fa-fusion-box inactive-icon awb-icon-plus\" aria-hidden=\"true\"><\/i><\/span><span class=\"fusion-toggle-heading\">Conditions g\u00e9n\u00e9rales<\/span><\/a><\/h3><\/div><div id=\"9d6c57cd89d38d7f2\" class=\"panel-collapse collapse in\" aria-labelledby=\"toggle_9d6c57cd89d38d7f2\"><div class=\"panel-body toggle-content fusion-clearfix\">\n<p>Les charbons doivent \u00eatre :<\/p>\n<ul>\n<li>secs (pourcentage d\u2019humidit\u00e9 &lt; 25 %)\u00a0;<\/li>\n<li>exempts de tout organisme nuisible vivant ;<\/li>\n<li>exempts de terre, feuilles et autres mati\u00e8res \u00e9trang\u00e8res (un taux de contamination de 0,01 % masse\/masse est tol\u00e9r\u00e9) ;<\/li>\n<li>emball\u00e9s commercialement et\/ou exp\u00e9di\u00e9s de fa\u00e7on \u00e0 emp\u00eacher toute infestation ou contamination par des organismes nuisibles de quarantaine par exemple dans des feuilles de plastique, des caisses \u00e0 6 faces, des conteneurs ferm\u00e9s.<\/li>\n<\/ul>\n<p><em>Le permis d&rsquo;importation et le certificat phytosanitaire ne sont pas exig\u00e9s.<\/em><\/p>\n<p><span dir=\"ltr\" role=\"presentation\">Si une <\/span><span dir=\"ltr\" role=\"presentation\">inspection <\/span><span dir=\"ltr\" role=\"presentation\">\u00e0 <\/span><span dir=\"ltr\" role=\"presentation\">l&rsquo;arriv\u00e9e <\/span><span dir=\"ltr\" role=\"presentation\">montre <\/span><span dir=\"ltr\" role=\"presentation\">la <\/span><span dir=\"ltr\" role=\"presentation\">pr\u00e9sence <\/span><span dir=\"ltr\" role=\"presentation\">de terre <\/span><span dir=\"ltr\" role=\"presentation\">ou d&rsquo;autres <\/span><span dir=\"ltr\" role=\"presentation\">mat\u00e9riaux <\/span><span dir=\"ltr\" role=\"presentation\">ind\u00e9sirables, ces <\/span><span dir=\"ltr\" role=\"presentation\">\u00e9l\u00e9ments contaminants sont enlev\u00e9s et d\u00e9truits, faute de quoi <\/span><span dir=\"ltr\" role=\"presentation\">si <\/span><span dir=\"ltr\" role=\"presentation\">un <\/span><span dir=\"ltr\" role=\"presentation\">traitement <\/span><span dir=\"ltr\" role=\"presentation\">n&rsquo;est <\/span><span dir=\"ltr\" role=\"presentation\">pas <\/span><span dir=\"ltr\" role=\"presentation\">possible, <\/span><span dir=\"ltr\" role=\"presentation\">la <\/span><span dir=\"ltr\" role=\"presentation\">marchandise <\/span><span dir=\"ltr\" role=\"presentation\">est <\/span><span dir=\"ltr\" role=\"presentation\">d\u00e9truite ou r\u00e9exp\u00e9di\u00e9e aux frais de l&rsquo;importateur. <\/span><\/p>\n<\/div><\/div><\/div><\/div><\/div><\/div><\/div><div class=\"fusion-layout-column fusion_builder_column fusion-builder-column-3 fusion_builder_column_1_4 1_4 fusion-flex-column\" style=\"--awb-bg-size:cover;--awb-width-large:25%;--awb-margin-top-large:0px;--awb-spacing-right-large:7.68%;--awb-margin-bottom-large:20px;--awb-spacing-left-large:7.68%;--awb-width-medium:100%;--awb-order-medium:0;--awb-spacing-right-medium:1.92%;--awb-spacing-left-medium:1.92%;--awb-width-small:100%;--awb-order-small:0;--awb-spacing-right-small:1.92%;--awb-spacing-left-small:1.92%;\"><div class=\"fusion-column-wrapper fusion-column-has-shadow fusion-flex-justify-content-flex-start fusion-content-layout-column\"><div class=\"fusion-builder-row fusion-builder-row-inner fusion-row fusion-flex-align-items-flex-start fusion-flex-justify-content-space-between fusion-flex-content-wrap\" style=\"--awb-flex-grow:0;--awb-flex-grow-medium:0;--awb-flex-grow-small:0;--awb-flex-shrink:0;--awb-flex-shrink-medium:0;--awb-flex-shrink-small:0;width:104% !important;max-width:104% !important;margin-left: calc(-4% \/ 2 );margin-right: calc(-4% \/ 2 );\"><div class=\"fusion-layout-column fusion_builder_column_inner fusion-builder-nested-column-0 fusion_builder_column_inner_1_1 1_1 fusion-flex-column vct_column_right\" style=\"--awb-bg-size:cover;--awb-width-large:100%;--awb-margin-top-large:0px;--awb-spacing-right-large:1.92%;--awb-margin-bottom-large:20px;--awb-spacing-left-large:1.92%;--awb-width-medium:100%;--awb-order-medium:0;--awb-spacing-right-medium:1.92%;--awb-spacing-left-medium:1.92%;--awb-width-small:100%;--awb-order-small:0;--awb-spacing-right-small:1.92%;--awb-spacing-left-small:1.92%;\"><div class=\"fusion-column-wrapper fusion-column-has-shadow fusion-flex-justify-content-flex-start fusion-content-layout-column\"><div class=\"fusion-title title fusion-title-3 fusion-sep-none fusion-title-text fusion-title-size-three vct_icon_title_left_blue\" style=\"--awb-text-color:#ffffff;--awb-margin-bottom:0px;--awb-margin-top-small:0px;--awb-margin-right-small:0px;--awb-margin-bottom-small:0px;--awb-margin-left-small:0px;--awb-font-size:1.125rem;\"><h3 class=\"fusion-title-heading title-heading-left\" style=\"margin:0;font-size:1em;\">R\u00e9glementation<\/h3><\/div><div class=\"fusion-text fusion-text-1\"><p><a href=\"http:\/\/lexpol.cloud.pf\/LexpolAfficheTexte.php?texte=215921&amp;idr=1402&amp;np=2\">\u2022 <\/a><a href=\"http:\/\/lexpol.cloud.pf\/LexpolAfficheTexte.php?texte=215921&amp;idr=1402&amp;np=2\">Arr\u00eat\u00e9 n\u00b0 1946 CM du 26 d\u00e9cembre 2008<\/a><\/p>\n<\/div><\/div><\/div><div class=\"fusion-layout-column fusion_builder_column_inner fusion-builder-nested-column-1 fusion_builder_column_inner_1_1 1_1 fusion-flex-column vct_column_right\" style=\"--awb-bg-size:cover;--awb-width-large:100%;--awb-margin-top-large:0px;--awb-spacing-right-large:1.92%;--awb-margin-bottom-large:20px;--awb-spacing-left-large:1.92%;--awb-width-medium:100%;--awb-order-medium:0;--awb-spacing-right-medium:1.92%;--awb-spacing-left-medium:1.92%;--awb-width-small:100%;--awb-order-small:0;--awb-spacing-right-small:1.92%;--awb-spacing-left-small:1.92%;\"><div class=\"fusion-column-wrapper fusion-column-has-shadow fusion-flex-justify-content-flex-start fusion-content-layout-column\"><div class=\"fusion-title title fusion-title-4 fusion-sep-none fusion-title-text fusion-title-size-three vct_icon_title_left_blue\" style=\"--awb-text-color:#ffffff;--awb-margin-bottom:0px;--awb-margin-top-small:0px;--awb-margin-right-small:0px;--awb-margin-bottom-small:0px;--awb-margin-left-small:0px;--awb-font-size:1.125rem;\"><h3 class=\"fusion-title-heading title-heading-left\" style=\"margin:0;font-size:1em;\">Nous contacter<\/h3><\/div><div class=\"fusion-text fusion-text-2\"><p>Service: Cellule phytosanitaire<br \/>\nE-mail : phyto.dbs@biosecurite.gov.pf<br \/>\nT\u00e9l\u00e9phone: + (689) 40 544 586<\/p>\n<\/div><\/div><\/div><\/div><\/div><\/div><\/div><\/div><\/p>\n","protected":false},"excerpt":{"rendered":"","protected":false},"author":308,"featured_media":20909,"parent":21111,"menu_order":0,"comment_status":"closed","ping_status":"closed","template":"","meta":{"_seopress_robots_primary_cat":"","_seopress_titles_title":"","_seopress_titles_desc":"","_seopress_robots_index":"","footnotes":""},"class_list":["post-25402","page","type-page","status-publish","has-post-thumbnail","hentry"],"_links":{"self":[{"href":"https:\/\/www.service-public.pf\/biosecurite\/wp-json\/wp\/v2\/pages\/25402","targetHints":{"allow":["GET"]}}],"collection":[{"href":"https:\/\/www.service-public.pf\/biosecurite\/wp-json\/wp\/v2\/pages"}],"about":[{"href":"https:\/\/www.service-public.pf\/biosecurite\/wp-json\/wp\/v2\/types\/page"}],"author":[{"embeddable":true,"href":"https:\/\/www.service-public.pf\/biosecurite\/wp-json\/wp\/v2\/users\/308"}],"replies":[{"embeddable":true,"href":"https:\/\/www.service-public.pf\/biosecurite\/wp-json\/wp\/v2\/comments?post=25402"}],"version-history":[{"count":0,"href":"https:\/\/www.service-public.pf\/biosecurite\/wp-json\/wp\/v2\/pages\/25402\/revisions"}],"up":[{"embeddable":true,"href":"https:\/\/www.service-public.pf\/biosecurite\/wp-json\/wp\/v2\/pages\/21111"}],"wp:featuredmedia":[{"embeddable":true,"href":"https:\/\/www.service-public.pf\/biosecurite\/wp-json\/wp\/v2\/media\/20909"}],"wp:attachment":[{"href":"https:\/\/www.service-public.pf\/biosecurite\/wp-json\/wp\/v2\/media?parent=25402"}],"curies":[{"name":"wp","href":"https:\/\/api.w.org\/{rel}","templated":true}]}}