{"id":25418,"date":"2023-11-10T12:02:22","date_gmt":"2023-11-10T22:02:22","guid":{"rendered":"https:\/\/www.service-public.pf\/biosecurite\/?page_id=25418"},"modified":"2024-04-25T11:27:41","modified_gmt":"2024-04-25T21:27:41","slug":"bois-demballage","status":"publish","type":"page","link":"https:\/\/www.service-public.pf\/biosecurite\/accueil\/professionnels-2\/importer-en-polynesie-francaise-2\/bois-et-autres-produits-en-bois\/bois-demballage\/","title":{"rendered":"Bois d&#8217;emballage"},"content":{"rendered":"<p><div class=\"fusion-fullwidth fullwidth-box fusion-builder-row-1 fusion-flex-container has-pattern-background has-mask-background fusion-parallax-none nonhundred-percent-fullwidth non-hundred-percent-height-scrolling vct_border_bottom_separator\" style=\"--awb-border-radius-top-left:0px;--awb-border-radius-top-right:0px;--awb-border-radius-bottom-right:0px;--awb-border-radius-bottom-left:0px;--awb-background-image:linear-gradient(180deg, rgba(0,0,0,0) 0%,rgba(0,0,0,0.8) 100%),url(https:\/\/www.service-public.pf\/biosecurite\/wp-content\/uploads\/sites\/43\/2022\/11\/pexels-albin-berlin-906982-2@2x.png);;--awb-background-size:cover;--awb-flex-wrap:wrap;\" ><div class=\"fusion-builder-row fusion-row fusion-flex-align-items-flex-start fusion-flex-content-wrap\" style=\"max-width:1144px;margin-left: calc(-4% \/ 2 );margin-right: calc(-4% \/ 2 );\"><div class=\"fusion-layout-column fusion_builder_column fusion-builder-column-0 fusion_builder_column_1_1 1_1 fusion-flex-column\" style=\"--awb-padding-top:6vw;--awb-padding-right:5vw;--awb-padding-bottom:3vw;--awb-padding-left:5vw;--awb-bg-size:cover;--awb-width-large:100%;--awb-margin-top-large:0px;--awb-spacing-right-large:1.92%;--awb-margin-bottom-large:0px;--awb-spacing-left-large:1.92%;--awb-width-medium:100%;--awb-order-medium:0;--awb-spacing-right-medium:1.92%;--awb-spacing-left-medium:1.92%;--awb-width-small:100%;--awb-order-small:0;--awb-spacing-right-small:1.92%;--awb-spacing-left-small:1.92%;\"><div class=\"fusion-column-wrapper fusion-column-has-shadow fusion-flex-justify-content-flex-start fusion-content-layout-column\"><div class=\"fusion-title title fusion-title-1 fusion-sep-none fusion-title-text fusion-title-size-one\" style=\"--awb-text-color:#ffffff;--awb-margin-top-small:0px;--awb-margin-right-small:0px;--awb-margin-bottom-small:20px;--awb-margin-left-small:0px;--awb-font-size:3rem;\"><h1 class=\"fusion-title-heading title-heading-left\" style=\"margin:0;font-size:1em;\">Professionnels<\/h1><\/div><\/div><\/div><\/div><\/div><div class=\"fusion-fullwidth fullwidth-box fusion-builder-row-2 fusion-flex-container has-pattern-background has-mask-background nonhundred-percent-fullwidth non-hundred-percent-height-scrolling\" style=\"--awb-border-radius-top-left:0px;--awb-border-radius-top-right:0px;--awb-border-radius-bottom-right:0px;--awb-border-radius-bottom-left:0px;--awb-padding-right:5vw;--awb-padding-left:5vw;--awb-flex-wrap:wrap;\" ><div class=\"fusion-builder-row fusion-row fusion-flex-align-items-flex-start fusion-flex-justify-content-space-between fusion-flex-content-wrap\" style=\"max-width:1144px;margin-left: calc(-4% \/ 2 );margin-right: calc(-4% \/ 2 );\"><div class=\"fusion-layout-column fusion_builder_column fusion-builder-column-1 fusion_builder_column_1_1 1_1 fusion-flex-column\" style=\"--awb-bg-color:#ffffff;--awb-bg-color-hover:#ffffff;--awb-bg-size:cover;--awb-width-large:100%;--awb-margin-top-large:30px;--awb-spacing-right-large:1.92%;--awb-margin-bottom-large:30px;--awb-spacing-left-large:1.92%;--awb-width-medium:100%;--awb-order-medium:0;--awb-spacing-right-medium:1.92%;--awb-spacing-left-medium:1.92%;--awb-width-small:100%;--awb-order-small:0;--awb-spacing-right-small:1.92%;--awb-spacing-left-small:1.92%;\"><div class=\"fusion-column-wrapper fusion-column-has-shadow fusion-flex-justify-content-flex-start fusion-content-layout-column\"><nav class=\"fusion-breadcrumbs fusion-breadcrumbs-1\" style=\"--awb-font-size:16px;--awb-text-hover-color:#e51427;--awb-text-color:#12284d;--awb-breadcrumb-sep:&#039;&gt;&#039;;\" aria-label=\"Breadcrumb\"><ol class=\"awb-breadcrumb-list\"><li class=\"fusion-breadcrumb-item awb-breadcrumb-sep awb-home\" ><a href=\"https:\/\/www.service-public.pf\/biosecurite\" class=\"fusion-breadcrumb-link\"><span >Home<\/span><\/a><\/li><\/ol><\/nav><\/div><\/div><div class=\"fusion-layout-column fusion_builder_column fusion-builder-column-2 fusion_builder_column_3_4 3_4 fusion-flex-column\" style=\"--awb-bg-size:cover;--awb-width-large:75%;--awb-margin-top-large:0px;--awb-spacing-right-large:2.56%;--awb-margin-bottom-large:20px;--awb-spacing-left-large:2.56%;--awb-width-medium:100%;--awb-order-medium:0;--awb-spacing-right-medium:1.92%;--awb-spacing-left-medium:1.92%;--awb-width-small:100%;--awb-order-small:0;--awb-spacing-right-small:1.92%;--awb-spacing-left-small:1.92%;\"><div class=\"fusion-column-wrapper fusion-column-has-shadow fusion-flex-justify-content-center fusion-content-layout-column\"><div class=\"fusion-title title fusion-title-2 fusion-sep-none fusion-title-text fusion-title-size-two\" style=\"--awb-margin-bottom:15px;--awb-margin-top-small:0px;--awb-margin-right-small:0px;--awb-margin-bottom-small:20px;--awb-margin-left-small:0px;--awb-font-size:35px;\"><h2 class=\"fusion-title-heading title-heading-left\" style=\"margin:0;font-size:1em;\"><p><strong>Comment importer des emballages en bois en Polyn\u00e9sie fran\u00e7aise ?<br \/>\n<\/strong><\/p><\/h2><\/div><div class=\"fusion-separator\" style=\"align-self: flex-start;margin-right:auto;margin-bottom:3rem;width:100%;max-width:20%;\"><div class=\"fusion-separator-border sep-single sep-solid\" style=\"--awb-height:20px;--awb-amount:20px;--awb-sep-color:#e51427;border-color:#e51427;border-top-width:8px;\"><\/div><\/div><div class=\"accordian fusion-accordian vct_toggle\" style=\"--awb-border-size:1px;--awb-icon-size:13px;--awb-content-font-size:15px;--awb-icon-alignment:right;--awb-hover-color:#f9f9f9;--awb-border-color:#cccccc;--awb-background-color:#ffffff;--awb-divider-color:#e0dede;--awb-divider-hover-color:#e0dede;--awb-icon-color:#ffffff;--awb-title-color:#ffffff;--awb-content-color:#000000;--awb-icon-box-color:#333333;--awb-toggle-hover-accent-color:rgba(255,255,255,0);--awb-toggle-active-accent-color:rgba(255,255,255,0);--awb-title-font-family:&quot;Roboto&quot;;--awb-title-font-weight:400;--awb-title-font-style:normal;--awb-title-font-size:1.125rem;--awb-content-font-family:&quot;Roboto&quot;;--awb-content-font-style:normal;--awb-content-font-weight:400;\"><div class=\"panel-group fusion-toggle-icon-right fusion-toggle-icon-boxed\" id=\"accordion-25418-1\"><div class=\"fusion-panel panel-default panel-846a8083d99b4a192 fusion-toggle-has-divider\" style=\"--awb-title-color:#ffffff;--awb-content-color:#333333;\"><div class=\"panel-heading\"><h3 class=\"panel-title toggle\" id=\"toggle_846a8083d99b4a192\"><a class=\"active\" aria-expanded=\"true\" aria-controls=\"846a8083d99b4a192\" role=\"button\" data-toggle=\"collapse\" data-parent=\"#accordion-25418-1\" data-target=\"#846a8083d99b4a192\" href=\"#846a8083d99b4a192\"><span class=\"fusion-toggle-icon-wrapper\" aria-hidden=\"true\"><i class=\"fa-fusion-box active-icon awb-icon-minus\" aria-hidden=\"true\"><\/i><i class=\"fa-fusion-box inactive-icon awb-icon-plus\" aria-hidden=\"true\"><\/i><\/span><span class=\"fusion-toggle-heading\">Conditions g\u00e9n\u00e9rales<\/span><\/a><\/h3><\/div><div id=\"846a8083d99b4a192\" class=\"panel-collapse collapse in\" aria-labelledby=\"toggle_846a8083d99b4a192\"><div class=\"panel-body toggle-content fusion-clearfix\">\n<p style=\"text-align: justify\">Par principe, tous les mat\u00e9riaux d&#8217;emballage en bois en provenance de pays infest\u00e9s par les <a href=\"https:\/\/www.service-public.pf\/biosecurite\/accueil\/professionnels-2\/organismes-nuisibles-prioritaires-vegetaux\/sante-vegetale\/loryctes-rhinoceros\/\">insectes xylophages du cocotier<\/a> sont interdits.<\/p>\n<p class=\"x_elementToProof\" style=\"text-align: justify\">Ne peuvent \u00eatre import\u00e9s que les bois bruts qui ont fait l\u2019objet de traitements agr\u00e9\u00e9s par le service charg\u00e9 de la protection des v\u00e9g\u00e9taux\u00a0 ou conformes avec la norme internationale pour les mesures phytosanitaires n\u00b0 15 de la Convention internationale pour la protection des v\u00e9g\u00e9taux (voir annexe A de l&rsquo;arr\u00eat\u00e9 n\u00b0 1663 CM du 06 d\u00e9cembre 2007).<\/p>\n<p style=\"text-align: justify\">Les emballages en bois concern\u00e9s et exempt\u00e9s sont pr\u00e9cis\u00e9s dans les onglets ci-apr\u00e8s.<\/p>\n<p class=\"x_elementToProof\" style=\"text-align: justify\">Pour justifier de la conformit\u00e9 des produits import\u00e9s avec la r\u00e9glementation, l\u2019importateur a le choix entre pr\u00e9senter un certificat phytosanitaire (voir annexe B) ou un syst\u00e8me de marquage conforme avec la norme internationale pour les mesures phytosanitaires n\u00b015 (voir annexe C de l&rsquo;arr\u00eat\u00e9 n\u00b0 1663 CM du 06 d\u00e9cembre 2007 ou l&rsquo;onglet \u00ab\u00a0Marques\u00a0\u00bb ci-dessous ).<\/p>\n<\/div><\/div><\/div><div class=\"fusion-panel panel-default panel-76476e757196d798e fusion-toggle-has-divider\" style=\"--awb-title-color:#ffffff;--awb-content-color:#333333;\"><div class=\"panel-heading\"><h3 class=\"panel-title toggle\" id=\"toggle_76476e757196d798e\"><a class=\"active\" aria-expanded=\"true\" aria-controls=\"76476e757196d798e\" role=\"button\" data-toggle=\"collapse\" data-parent=\"#accordion-25418-1\" data-target=\"#76476e757196d798e\" href=\"#76476e757196d798e\"><span class=\"fusion-toggle-icon-wrapper\" aria-hidden=\"true\"><i class=\"fa-fusion-box active-icon awb-icon-minus\" aria-hidden=\"true\"><\/i><i class=\"fa-fusion-box inactive-icon awb-icon-plus\" aria-hidden=\"true\"><\/i><\/span><span class=\"fusion-toggle-heading\">Bois concern\u00e9s<\/span><\/a><\/h3><\/div><div id=\"76476e757196d798e\" class=\"panel-collapse collapse in\" aria-labelledby=\"toggle_76476e757196d798e\"><div class=\"panel-body toggle-content fusion-clearfix\">\n<p style=\"text-align: justify\">La norme 15 (NIMP) visent toute forme de mat\u00e9riaux d\u2019emballage en bois qui peuvent servir de fili\u00e8res \u00e0 des organismes nuisibles qui constituent principalement un risque phytosanitaire pour les arbres vivants.<\/p>\n<p style=\"text-align: justify\">Elles couvrent des mat\u00e9riaux d\u2019emballage en bois tels que :<\/p>\n<ul>\n<li style=\"text-align: justify\">palettes, caisses,<\/li>\n<li style=\"text-align: justify\">bo\u00eetes d\u2019emballage,<\/li>\n<li style=\"text-align: justify\">bois de calage,<\/li>\n<li style=\"text-align: justify\">tambours d\u2019enroulement de c\u00e2bles, caisses ou bobines\/enrouleurs qui peuvent \u00eatre pr\u00e9sents dans pratiquement tous les envois import\u00e9s, y compris les envois qui ne feraient pas normalement l\u2019objet d\u2019une inspection phytosanitaire<\/li>\n<\/ul>\n<p><strong>En cas de non-conformit\u00e9 constat\u00e9e:<\/strong> destruction de la palette \u00e0 la charge de l&rsquo;importateur voire refoulement de la palette et sa marchandise ou du conteneur entier.<\/p>\n<\/div><\/div><\/div><div class=\"fusion-panel panel-default panel-dd0e781b53580de58 fusion-toggle-has-divider\" style=\"--awb-title-color:#ffffff;--awb-content-color:#333333;\"><div class=\"panel-heading\"><h3 class=\"panel-title toggle\" id=\"toggle_dd0e781b53580de58\"><a class=\"active\" aria-expanded=\"true\" aria-controls=\"dd0e781b53580de58\" role=\"button\" data-toggle=\"collapse\" data-parent=\"#accordion-25418-1\" data-target=\"#dd0e781b53580de58\" href=\"#dd0e781b53580de58\"><span class=\"fusion-toggle-icon-wrapper\" aria-hidden=\"true\"><i class=\"fa-fusion-box active-icon awb-icon-minus\" aria-hidden=\"true\"><\/i><i class=\"fa-fusion-box inactive-icon awb-icon-plus\" aria-hidden=\"true\"><\/i><\/span><span class=\"fusion-toggle-heading\">Bois exempt\u00e9s <\/span><\/a><\/h3><\/div><div id=\"dd0e781b53580de58\" class=\"panel-collapse collapse in\" aria-labelledby=\"toggle_dd0e781b53580de58\"><div class=\"panel-body toggle-content fusion-clearfix\">\n<p style=\"text-align: justify\">Les bois exempt\u00e9s sont :<\/p>\n<ul>\n<li style=\"text-align: justify\">les mat\u00e9riaux d\u2019emballage faits enti\u00e8rement de bois mince (d\u2019une \u00e9paisseur de 6 mm ou moins);<\/li>\n<li style=\"text-align: justify\">les mat\u00e9riaux d&#8217;emballage faits enti\u00e8rement de mat\u00e9riau en bois transform\u00e9, tels que le contre-plaqu\u00e9, les panneaux de particules, les panneaux de lamelles minces longues et orient\u00e9es (OSB) ou le bois de placage, obtenus en utilisant la colle, la chaleur ou la pression ou plusieurs de ces techniques;<\/li>\n<li style=\"text-align: justify\">les tonneaux pour vins ou spiritueux ayant subi un traitement thermique en cours de fabrication;<\/li>\n<li style=\"text-align: justify\">les coffrets cadeaux de vins, de cigares ou d\u2019autres marchandises, en bois transform\u00e9 et\/ou fabriqu\u00e9 de fa\u00e7on \u00e0 \u00eatre exempt d\u2019organismes nuisibles;<\/li>\n<li style=\"text-align: justify\">la sciure de bois, les copeaux de bois et la laine de bois-les \u00e9l\u00e9ments de bois fix\u00e9s de fa\u00e7on permanente aux v\u00e9hicules de fret et conteneurs.<\/li>\n<\/ul>\n<\/div><\/div><\/div><div class=\"fusion-panel panel-default panel-0b677b714fa0db990 fusion-toggle-has-divider\" style=\"--awb-title-color:#2d73b9;--awb-content-color:#000000;\"><div class=\"panel-heading\"><h3 class=\"panel-title toggle\" id=\"toggle_0b677b714fa0db990\"><a class=\"active\" aria-expanded=\"true\" aria-controls=\"0b677b714fa0db990\" role=\"button\" data-toggle=\"collapse\" data-parent=\"#accordion-25418-1\" data-target=\"#0b677b714fa0db990\" href=\"#0b677b714fa0db990\"><span class=\"fusion-toggle-icon-wrapper\" aria-hidden=\"true\"><i class=\"fa-fusion-box active-icon awb-icon-minus\" aria-hidden=\"true\"><\/i><i class=\"fa-fusion-box inactive-icon awb-icon-plus\" aria-hidden=\"true\"><\/i><\/span><span class=\"fusion-toggle-heading\">Traitements approuv\u00e9s<\/span><\/a><\/h3><\/div><div id=\"0b677b714fa0db990\" class=\"panel-collapse collapse in\" aria-labelledby=\"toggle_0b677b714fa0db990\"><div class=\"panel-body toggle-content fusion-clearfix\">\n<p style=\"text-align: justify\">Les traitements approuv\u00e9s pour le transport d&#8217;emballages en bois sont les suivants :<\/p>\n<ul style=\"text-align: justify\">\n<li>Traitement \u00e0 la chaleur<\/li>\n<li>Traitement au bromure de m\u00e9thyle.<\/li>\n<\/ul>\n<p style=\"text-align: justify\">Les conditions d\u00e9taill\u00e9es des traitements sont d\u00e9finies dans l&rsquo;annexe A de l&rsquo;arr\u00eat\u00e9 n\u00b0 1663 CM du 06 d\u00e9cembre 2007 et dans l&rsquo;annexe I de la <a href=\"https:\/\/www.ippc.int\/static\/media\/files\/publication\/fr\/2017\/06\/ISPM_15_2009_Fr_2017-06-13_PostCPM12_InkAm.pdf\">NIMP 5<\/a>.<\/p>\n<\/div><\/div><\/div><div class=\"fusion-panel panel-default panel-c3cedd07ac88ed362 fusion-toggle-has-divider\" style=\"--awb-title-color:#ffffff;--awb-content-color:#333333;\"><div class=\"panel-heading\"><h3 class=\"panel-title toggle\" id=\"toggle_c3cedd07ac88ed362\"><a class=\"active\" aria-expanded=\"true\" aria-controls=\"c3cedd07ac88ed362\" role=\"button\" data-toggle=\"collapse\" data-parent=\"#accordion-25418-1\" data-target=\"#c3cedd07ac88ed362\" href=\"#c3cedd07ac88ed362\"><span class=\"fusion-toggle-icon-wrapper\" aria-hidden=\"true\"><i class=\"fa-fusion-box active-icon awb-icon-minus\" aria-hidden=\"true\"><\/i><i class=\"fa-fusion-box inactive-icon awb-icon-plus\" aria-hidden=\"true\"><\/i><\/span><span class=\"fusion-toggle-heading\">Marques<\/span><\/a><\/h3><\/div><div id=\"c3cedd07ac88ed362\" class=\"panel-collapse collapse in\" aria-labelledby=\"toggle_c3cedd07ac88ed362\"><div class=\"panel-body toggle-content fusion-clearfix\">\n<p style=\"text-align: justify\">Les emballages approuv\u00e9s pour le commerce mondiale sont appos\u00e9s d&rsquo;une marque officielles.<\/p>\n<p style=\"text-align: justify\"><em>ces marques exemptes l&rsquo;accompagnement de tout document phytosanitaire.<\/em><\/p>\n<p style=\"text-align: justify\">En voici des exemples :<\/p>\n<p style=\"text-align: justify\"><img decoding=\"async\" class=\"alignnone wp-image-25422\" src=\"https:\/\/www.service-public.pf\/biosecurite\/wp-content\/uploads\/sites\/43\/2023\/11\/marque-1-300x108.png\" alt=\"\" width=\"350\" height=\"126\" srcset=\"https:\/\/www.service-public.pf\/biosecurite\/wp-content\/uploads\/sites\/43\/2023\/11\/marque-1-200x72.png 200w, https:\/\/www.service-public.pf\/biosecurite\/wp-content\/uploads\/sites\/43\/2023\/11\/marque-1-300x108.png 300w, https:\/\/www.service-public.pf\/biosecurite\/wp-content\/uploads\/sites\/43\/2023\/11\/marque-1-400x145.png 400w, https:\/\/www.service-public.pf\/biosecurite\/wp-content\/uploads\/sites\/43\/2023\/11\/marque-1.png 570w\" sizes=\"(max-width: 350px) 100vw, 350px\" \/><\/p>\n<p style=\"text-align: justify\"><img decoding=\"async\" class=\"alignnone wp-image-25423\" src=\"https:\/\/www.service-public.pf\/biosecurite\/wp-content\/uploads\/sites\/43\/2023\/11\/exmple-2-NIMP-15-300x240.png\" alt=\"\" width=\"417\" height=\"334\" srcset=\"https:\/\/www.service-public.pf\/biosecurite\/wp-content\/uploads\/sites\/43\/2023\/11\/exmple-2-NIMP-15-177x142.png 177w, https:\/\/www.service-public.pf\/biosecurite\/wp-content\/uploads\/sites\/43\/2023\/11\/exmple-2-NIMP-15-200x160.png 200w, https:\/\/www.service-public.pf\/biosecurite\/wp-content\/uploads\/sites\/43\/2023\/11\/exmple-2-NIMP-15-300x240.png 300w, https:\/\/www.service-public.pf\/biosecurite\/wp-content\/uploads\/sites\/43\/2023\/11\/exmple-2-NIMP-15-400x320.png 400w, https:\/\/www.service-public.pf\/biosecurite\/wp-content\/uploads\/sites\/43\/2023\/11\/exmple-2-NIMP-15-600x480.png 600w, https:\/\/www.service-public.pf\/biosecurite\/wp-content\/uploads\/sites\/43\/2023\/11\/exmple-2-NIMP-15-768x615.png 768w, https:\/\/www.service-public.pf\/biosecurite\/wp-content\/uploads\/sites\/43\/2023\/11\/exmple-2-NIMP-15.png 787w\" sizes=\"(max-width: 417px) 100vw, 417px\" \/><\/p>\n<\/div><\/div><\/div><\/div><\/div><\/div><\/div><div class=\"fusion-layout-column fusion_builder_column fusion-builder-column-3 fusion_builder_column_1_4 1_4 fusion-flex-column\" style=\"--awb-bg-size:cover;--awb-width-large:25%;--awb-margin-top-large:0px;--awb-spacing-right-large:7.68%;--awb-margin-bottom-large:20px;--awb-spacing-left-large:7.68%;--awb-width-medium:100%;--awb-order-medium:0;--awb-spacing-right-medium:1.92%;--awb-spacing-left-medium:1.92%;--awb-width-small:100%;--awb-order-small:0;--awb-spacing-right-small:1.92%;--awb-spacing-left-small:1.92%;\"><div class=\"fusion-column-wrapper fusion-column-has-shadow fusion-flex-justify-content-flex-start fusion-content-layout-column\"><div class=\"fusion-builder-row fusion-builder-row-inner fusion-row fusion-flex-align-items-flex-start fusion-flex-justify-content-space-between fusion-flex-content-wrap\" style=\"--awb-flex-grow:0;--awb-flex-grow-medium:0;--awb-flex-grow-small:0;--awb-flex-shrink:0;--awb-flex-shrink-medium:0;--awb-flex-shrink-small:0;width:104% !important;max-width:104% !important;margin-left: calc(-4% \/ 2 );margin-right: calc(-4% \/ 2 );\"><div class=\"fusion-layout-column fusion_builder_column_inner fusion-builder-nested-column-0 fusion_builder_column_inner_1_1 1_1 fusion-flex-column vct_column_right\" style=\"--awb-bg-size:cover;--awb-width-large:100%;--awb-margin-top-large:0px;--awb-spacing-right-large:1.92%;--awb-margin-bottom-large:20px;--awb-spacing-left-large:1.92%;--awb-width-medium:100%;--awb-order-medium:0;--awb-spacing-right-medium:1.92%;--awb-spacing-left-medium:1.92%;--awb-width-small:100%;--awb-order-small:0;--awb-spacing-right-small:1.92%;--awb-spacing-left-small:1.92%;\"><div class=\"fusion-column-wrapper fusion-column-has-shadow fusion-flex-justify-content-flex-start fusion-content-layout-column\"><div class=\"fusion-title title fusion-title-3 fusion-sep-none fusion-title-text fusion-title-size-three vct_icon_title_left_blue\" style=\"--awb-text-color:#ffffff;--awb-margin-bottom:0px;--awb-margin-top-small:0px;--awb-margin-right-small:0px;--awb-margin-bottom-small:0px;--awb-margin-left-small:0px;--awb-font-size:1.125rem;\"><h3 class=\"fusion-title-heading title-heading-left\" style=\"margin:0;font-size:1em;\">R\u00e9glementation<\/h3><\/div><div class=\"fusion-text fusion-text-1\"><p><a href=\"https:\/\/www.ippc.int\/static\/media\/files\/publication\/fr\/2017\/06\/ISPM_15_2009_Fr_2017-06-13_PostCPM12_InkAm.pdf\">NIMP 15 : norme internationale<\/a><\/p>\n<\/div><\/div><\/div><div class=\"fusion-layout-column fusion_builder_column_inner fusion-builder-nested-column-1 fusion_builder_column_inner_1_1 1_1 fusion-flex-column vct_column_right\" style=\"--awb-bg-size:cover;--awb-width-large:100%;--awb-margin-top-large:0px;--awb-spacing-right-large:1.92%;--awb-margin-bottom-large:20px;--awb-spacing-left-large:1.92%;--awb-width-medium:100%;--awb-order-medium:0;--awb-spacing-right-medium:1.92%;--awb-spacing-left-medium:1.92%;--awb-width-small:100%;--awb-order-small:0;--awb-spacing-right-small:1.92%;--awb-spacing-left-small:1.92%;\"><div class=\"fusion-column-wrapper fusion-column-has-shadow fusion-flex-justify-content-flex-start fusion-content-layout-column\"><div class=\"fusion-title title fusion-title-4 fusion-sep-none fusion-title-text fusion-title-size-three vct_icon_title_left_blue\" style=\"--awb-text-color:#ffffff;--awb-margin-bottom:0px;--awb-margin-top-small:0px;--awb-margin-right-small:0px;--awb-margin-bottom-small:0px;--awb-margin-left-small:0px;--awb-font-size:1.125rem;\"><h3 class=\"fusion-title-heading title-heading-left\" style=\"margin:0;font-size:1em;\">Nous contacter<\/h3><\/div><div class=\"fusion-text fusion-text-2\"><p>Service: Cellule phytosanitaire<br \/>\nE-mail : phyto.dbs@biosecurite.gov.pf<br \/>\nT\u00e9l\u00e9phone: + (689) 40 544 586<\/p>\n<\/div><\/div><\/div><\/div><\/div><\/div><\/div><\/div><\/p>\n","protected":false},"excerpt":{"rendered":"","protected":false},"author":308,"featured_media":20909,"parent":21111,"menu_order":0,"comment_status":"closed","ping_status":"closed","template":"","meta":{"_seopress_robots_primary_cat":"","_seopress_titles_title":"","_seopress_titles_desc":"","_seopress_robots_index":"","footnotes":""},"class_list":["post-25418","page","type-page","status-publish","has-post-thumbnail","hentry"],"_links":{"self":[{"href":"https:\/\/www.service-public.pf\/biosecurite\/wp-json\/wp\/v2\/pages\/25418","targetHints":{"allow":["GET"]}}],"collection":[{"href":"https:\/\/www.service-public.pf\/biosecurite\/wp-json\/wp\/v2\/pages"}],"about":[{"href":"https:\/\/www.service-public.pf\/biosecurite\/wp-json\/wp\/v2\/types\/page"}],"author":[{"embeddable":true,"href":"https:\/\/www.service-public.pf\/biosecurite\/wp-json\/wp\/v2\/users\/308"}],"replies":[{"embeddable":true,"href":"https:\/\/www.service-public.pf\/biosecurite\/wp-json\/wp\/v2\/comments?post=25418"}],"version-history":[{"count":0,"href":"https:\/\/www.service-public.pf\/biosecurite\/wp-json\/wp\/v2\/pages\/25418\/revisions"}],"up":[{"embeddable":true,"href":"https:\/\/www.service-public.pf\/biosecurite\/wp-json\/wp\/v2\/pages\/21111"}],"wp:featuredmedia":[{"embeddable":true,"href":"https:\/\/www.service-public.pf\/biosecurite\/wp-json\/wp\/v2\/media\/20909"}],"wp:attachment":[{"href":"https:\/\/www.service-public.pf\/biosecurite\/wp-json\/wp\/v2\/media?parent=25418"}],"curies":[{"name":"wp","href":"https:\/\/api.w.org\/{rel}","templated":true}]}}