{"id":25429,"date":"2023-11-10T12:17:29","date_gmt":"2023-11-10T22:17:29","guid":{"rendered":"https:\/\/www.service-public.pf\/biosecurite\/?page_id=25429"},"modified":"2024-06-19T09:28:03","modified_gmt":"2024-06-19T19:28:03","slug":"bois-manufacture-industriellement","status":"publish","type":"page","link":"https:\/\/www.service-public.pf\/biosecurite\/accueil\/professionnels-2\/importer-en-polynesie-francaise-2\/bois-et-autres-produits-en-bois\/bois-manufacture-industriellement\/","title":{"rendered":"Objets en bois manufactur\u00e9s industriellement"},"content":{"rendered":"<p><div class=\"fusion-fullwidth fullwidth-box fusion-builder-row-1 fusion-flex-container has-pattern-background has-mask-background fusion-parallax-none nonhundred-percent-fullwidth non-hundred-percent-height-scrolling vct_border_bottom_separator\" style=\"--awb-border-radius-top-left:0px;--awb-border-radius-top-right:0px;--awb-border-radius-bottom-right:0px;--awb-border-radius-bottom-left:0px;--awb-background-image:linear-gradient(180deg, rgba(0,0,0,0) 0%,rgba(0,0,0,0.8) 100%),url(https:\/\/www.service-public.pf\/biosecurite\/wp-content\/uploads\/sites\/43\/2022\/11\/pexels-albin-berlin-906982-2@2x.png);;--awb-background-size:cover;--awb-flex-wrap:wrap;\" ><div class=\"fusion-builder-row fusion-row fusion-flex-align-items-flex-start fusion-flex-content-wrap\" style=\"max-width:1144px;margin-left: calc(-4% \/ 2 );margin-right: calc(-4% \/ 2 );\"><div class=\"fusion-layout-column fusion_builder_column fusion-builder-column-0 fusion_builder_column_1_1 1_1 fusion-flex-column\" style=\"--awb-padding-top:6vw;--awb-padding-right:5vw;--awb-padding-bottom:3vw;--awb-padding-left:5vw;--awb-bg-size:cover;--awb-width-large:100%;--awb-margin-top-large:0px;--awb-spacing-right-large:1.92%;--awb-margin-bottom-large:0px;--awb-spacing-left-large:1.92%;--awb-width-medium:100%;--awb-order-medium:0;--awb-spacing-right-medium:1.92%;--awb-spacing-left-medium:1.92%;--awb-width-small:100%;--awb-order-small:0;--awb-spacing-right-small:1.92%;--awb-spacing-left-small:1.92%;\"><div class=\"fusion-column-wrapper fusion-column-has-shadow fusion-flex-justify-content-flex-start fusion-content-layout-column\"><div class=\"fusion-title title fusion-title-1 fusion-sep-none fusion-title-text fusion-title-size-one\" style=\"--awb-text-color:#ffffff;--awb-margin-top-small:0px;--awb-margin-right-small:0px;--awb-margin-bottom-small:20px;--awb-margin-left-small:0px;--awb-font-size:3rem;\"><h1 class=\"fusion-title-heading title-heading-left\" style=\"margin:0;font-size:1em;\">Professionnels<\/h1><\/div><\/div><\/div><\/div><\/div><div class=\"fusion-fullwidth fullwidth-box fusion-builder-row-2 fusion-flex-container has-pattern-background has-mask-background nonhundred-percent-fullwidth non-hundred-percent-height-scrolling\" style=\"--awb-border-radius-top-left:0px;--awb-border-radius-top-right:0px;--awb-border-radius-bottom-right:0px;--awb-border-radius-bottom-left:0px;--awb-padding-right:5vw;--awb-padding-left:5vw;--awb-flex-wrap:wrap;\" ><div class=\"fusion-builder-row fusion-row fusion-flex-align-items-flex-start fusion-flex-justify-content-space-between fusion-flex-content-wrap\" style=\"max-width:1144px;margin-left: calc(-4% \/ 2 );margin-right: calc(-4% \/ 2 );\"><div class=\"fusion-layout-column fusion_builder_column fusion-builder-column-1 fusion_builder_column_1_1 1_1 fusion-flex-column\" style=\"--awb-bg-color:#ffffff;--awb-bg-color-hover:#ffffff;--awb-bg-size:cover;--awb-width-large:100%;--awb-margin-top-large:30px;--awb-spacing-right-large:1.92%;--awb-margin-bottom-large:30px;--awb-spacing-left-large:1.92%;--awb-width-medium:100%;--awb-order-medium:0;--awb-spacing-right-medium:1.92%;--awb-spacing-left-medium:1.92%;--awb-width-small:100%;--awb-order-small:0;--awb-spacing-right-small:1.92%;--awb-spacing-left-small:1.92%;\"><div class=\"fusion-column-wrapper fusion-column-has-shadow fusion-flex-justify-content-flex-start fusion-content-layout-column\"><nav class=\"fusion-breadcrumbs fusion-breadcrumbs-1\" style=\"--awb-font-size:16px;--awb-text-hover-color:#e51427;--awb-text-color:#12284d;--awb-breadcrumb-sep:&#039;&gt;&#039;;\" aria-label=\"Breadcrumb\"><ol class=\"awb-breadcrumb-list\"><li class=\"fusion-breadcrumb-item awb-breadcrumb-sep awb-home\" ><a href=\"https:\/\/www.service-public.pf\/biosecurite\" class=\"fusion-breadcrumb-link\"><span >Home<\/span><\/a><\/li><\/ol><\/nav><\/div><\/div><div class=\"fusion-layout-column fusion_builder_column fusion-builder-column-2 fusion_builder_column_3_4 3_4 fusion-flex-column\" style=\"--awb-bg-size:cover;--awb-width-large:75%;--awb-margin-top-large:0px;--awb-spacing-right-large:2.56%;--awb-margin-bottom-large:20px;--awb-spacing-left-large:2.56%;--awb-width-medium:100%;--awb-order-medium:0;--awb-spacing-right-medium:1.92%;--awb-spacing-left-medium:1.92%;--awb-width-small:100%;--awb-order-small:0;--awb-spacing-right-small:1.92%;--awb-spacing-left-small:1.92%;\"><div class=\"fusion-column-wrapper fusion-column-has-shadow fusion-flex-justify-content-center fusion-content-layout-column\"><div class=\"fusion-title title fusion-title-2 fusion-sep-none fusion-title-text fusion-title-size-two\" style=\"--awb-margin-bottom:15px;--awb-margin-top-small:0px;--awb-margin-right-small:0px;--awb-margin-bottom-small:20px;--awb-margin-left-small:0px;--awb-font-size:35px;\"><h2 class=\"fusion-title-heading title-heading-left\" style=\"margin:0;font-size:1em;\"><p><strong>Comment importer des objets en bois manufactur\u00e9s industriellement en Polyn\u00e9sie fran\u00e7aise?<br \/>\n<\/strong><\/p><\/h2><\/div><div class=\"fusion-separator\" style=\"align-self: flex-start;margin-right:auto;margin-bottom:3rem;width:100%;max-width:20%;\"><div class=\"fusion-separator-border sep-single sep-solid\" style=\"--awb-height:20px;--awb-amount:20px;--awb-sep-color:#e51427;border-color:#e51427;border-top-width:8px;\"><\/div><\/div><div class=\"accordian fusion-accordian vct_toggle\" style=\"--awb-border-size:1px;--awb-icon-size:13px;--awb-content-font-size:15px;--awb-icon-alignment:right;--awb-hover-color:#f9f9f9;--awb-border-color:#cccccc;--awb-background-color:#ffffff;--awb-divider-color:#e0dede;--awb-divider-hover-color:#e0dede;--awb-icon-color:#ffffff;--awb-title-color:#ffffff;--awb-content-color:#000000;--awb-icon-box-color:#333333;--awb-toggle-hover-accent-color:rgba(255,255,255,0);--awb-toggle-active-accent-color:rgba(255,255,255,0);--awb-title-font-family:&quot;Roboto&quot;;--awb-title-font-weight:400;--awb-title-font-style:normal;--awb-title-font-size:1.125rem;--awb-content-font-family:&quot;Roboto&quot;;--awb-content-font-style:normal;--awb-content-font-weight:400;\"><div class=\"panel-group fusion-toggle-icon-right fusion-toggle-icon-boxed\" id=\"accordion-25429-1\"><div class=\"fusion-panel panel-default panel-ad994f8566fcd747a fusion-toggle-has-divider\" style=\"--awb-title-color:#ffffff;--awb-content-color:#333333;\"><div class=\"panel-heading\"><h3 class=\"panel-title toggle\" id=\"toggle_ad994f8566fcd747a\"><a class=\"active\" aria-expanded=\"true\" aria-controls=\"ad994f8566fcd747a\" role=\"button\" data-toggle=\"collapse\" data-parent=\"#accordion-25429-1\" data-target=\"#ad994f8566fcd747a\" href=\"#ad994f8566fcd747a\"><span class=\"fusion-toggle-icon-wrapper\" aria-hidden=\"true\"><i class=\"fa-fusion-box active-icon awb-icon-minus\" aria-hidden=\"true\"><\/i><i class=\"fa-fusion-box inactive-icon awb-icon-plus\" aria-hidden=\"true\"><\/i><\/span><span class=\"fusion-toggle-heading\">Conditions g\u00e9n\u00e9rales<\/span><\/a><\/h3><\/div><div id=\"ad994f8566fcd747a\" class=\"panel-collapse collapse in\" aria-labelledby=\"toggle_ad994f8566fcd747a\"><div class=\"panel-body toggle-content fusion-clearfix\">\n<p style=\"text-align: justify\">L&rsquo;importation d&rsquo;objets industriels en bois manufactur\u00e9s et non visiblement brut n&rsquo;est pas soumise \u00e0 la d\u00e9livrance d&rsquo;un permis d&rsquo;importation, mais il doit \u00eatre accompagn\u00e9 d&rsquo;un certificat phytosanitaire.<\/p>\n<p style=\"text-align: justify\">Les bois doivent \u00eatre :<\/p>\n<ul>\n<li style=\"text-align: justify\">secs (pourcentage d\u2019humidit\u00e9 &lt; 25 %)\u00a0;<\/li>\n<li style=\"text-align: justify\">exempts de tout organisme nuisible vivant ;<\/li>\n<li style=\"text-align: justify\">exempts d\u2019\u00e9corce ;<\/li>\n<li style=\"text-align: justify\">exempts de terre, feuilles et autres mati\u00e8res \u00e9trang\u00e8res (un taux de contamination de 0,01 % masse\/masse est tol\u00e9r\u00e9) ;<\/li>\n<li style=\"text-align: justify\">emball\u00e9s et\/ou exp\u00e9di\u00e9s de fa\u00e7on \u00e0 emp\u00eacher toute infestation ou contamination par des organismes nuisibles de quarantaine par exemple dans des feuilles de plastique, des caisses \u00e0 6 faces, des conteneurs ferm\u00e9s.<\/li>\n<\/ul>\n<p><span style=\"color: #ff0000\">ATTENTION:<\/span><\/p>\n<p>1) Des conditions sp\u00e9cifiques s&rsquo;appliquent pour les objets arrivant d&rsquo;un pays infest\u00e9 par les <a href=\"https:\/\/www.service-public.pf\/biosecurite\/accueil\/professionnels-2\/organismes-nuisibles-prioritaires-vegetaux\/sante-vegetale\/loryctes-rhinoceros\/\">insectes xylophages du cocotier<\/a> ainsi que pour les objets industriels en bois manufactur\u00e9s de <em>Cocos nucifera<\/em>, de <em>Myrtaceae<\/em>, de bambou, rotin, roseau, brins de saule.<\/p>\n<p>2) Les objets fabriqu\u00e9s artisanalement sont r\u00e9gis par les conditions d&rsquo;importation de bois bruts ou trait\u00e9s selon le cas.<\/p>\n<\/div><\/div><\/div><div class=\"fusion-panel panel-default panel-18a436e5cd4d16fff fusion-toggle-has-divider\" style=\"--awb-title-color:#ffffff;--awb-content-color:#333333;\"><div class=\"panel-heading\"><h3 class=\"panel-title toggle\" id=\"toggle_18a436e5cd4d16fff\"><a class=\"active\" aria-expanded=\"true\" aria-controls=\"18a436e5cd4d16fff\" role=\"button\" data-toggle=\"collapse\" data-parent=\"#accordion-25429-1\" data-target=\"#18a436e5cd4d16fff\" href=\"#18a436e5cd4d16fff\"><span class=\"fusion-toggle-icon-wrapper\" aria-hidden=\"true\"><i class=\"fa-fusion-box active-icon awb-icon-minus\" aria-hidden=\"true\"><\/i><i class=\"fa-fusion-box inactive-icon awb-icon-plus\" aria-hidden=\"true\"><\/i><\/span><span class=\"fusion-toggle-heading\">Conditions sp\u00e9cifiques<\/span><\/a><\/h3><\/div><div id=\"18a436e5cd4d16fff\" class=\"panel-collapse collapse in\" aria-labelledby=\"toggle_18a436e5cd4d16fff\"><div class=\"panel-body toggle-content fusion-clearfix\">\n<p style=\"text-align: justify\"><strong>Pour les bois neufs :<\/strong><br \/>\nDocument phytosanitaire obligatoire :\u00a0 <strong>Certificat phytosanitaire<\/strong><\/p>\n<p style=\"text-align: justify\"><strong>Pour les bois usag\u00e9s : <\/strong><\/p>\n<p style=\"text-align: justify\">L&rsquo;un des traitement est obligatoire :<\/p>\n<ol style=\"text-align: justify\">\n<li>Fumigation au bromure de m\u00e9thyle pendant 2 heures \u00e0 36 g\/m3 \u00e0 21\u00b0-26\u00b0C ou 42 g\/m3 \u00e0 16-20\u00b0C<\/li>\n<li>Traitement \u00e0 la chaleur \u00e0 une temp\u00e9rature minimale de 70\u00b0C au c\u0153ur du produit pendant au moins 4h.<\/li>\n<\/ol>\n<p style=\"text-align: justify\"><strong>Conditions particuli\u00e8res pour les bois de <em>Pinus<\/em> :<\/strong><\/p>\n<p style=\"text-align: justify\">Ils sont soumis aux conditions d\u00e9finies pour les objets en pins de bois brut ou trait\u00e9.<\/p>\n<p style=\"text-align: justify\"><span style=\"font-size: 12pt\"><strong>Bois de <em>Pinus<\/em> brut:<\/strong> <\/span><\/p>\n<p style=\"text-align: justify\">Le permis d\u2019importation et le certificat phytosanitaire sont exig\u00e9s.<\/p>\n<p style=\"text-align: justify\">A) L&rsquo;importation de bois bruts de <em>Pinus spp<\/em>. provenant de <strong>zones exemptes<\/strong> de <em>Fusarium circinatum (syn. Fusarium subglutinans f sp. pin\u00ef<\/em>) est autoris\u00e9e sous r\u00e9serve qu&rsquo;un des traitements suivants ait \u00e9t\u00e9 effectu\u00e9, au plus tard 21 jours avant la date d&rsquo;exp\u00e9dition :<\/p>\n<p style=\"text-align: justify\">1. Fumigation au bromure de m\u00e9thyle selon les conditions suivantes :<\/p>\n<table>\n<tbody>\n<tr>\n<td>Temp\u00e9rature<\/td>\n<td>Dosage (g\/m3)<\/td>\n<td colspan=\"4\">Minimum de concentration (g\/m3) apr\u00e8s :<\/td>\n<\/tr>\n<tr>\n<td><\/td>\n<td><\/td>\n<td>2h<\/td>\n<td>4h<\/td>\n<td>12h<\/td>\n<td>24h<\/td>\n<\/tr>\n<tr>\n<td>21\u00b0C et plus<\/td>\n<td>48<\/td>\n<td>36<\/td>\n<td>31<\/td>\n<td>28<\/td>\n<td>24<\/td>\n<\/tr>\n<tr>\n<td>16\u00b0C et plus<\/td>\n<td>56<\/td>\n<td>42<\/td>\n<td>36<\/td>\n<td>32<\/td>\n<td>28<\/td>\n<\/tr>\n<tr>\n<td>10\u00b0C et plus<\/td>\n<td>64<\/td>\n<td>48<\/td>\n<td>42<\/td>\n<td>36<\/td>\n<td>32<\/td>\n<\/tr>\n<\/tbody>\n<\/table>\n<p style=\"text-align: justify\">La temp\u00e9rature minimale ne doit pas \u00eatre en dessous de 10 \u00b0C et le temps minimum d&rsquo;exposition doit \u00eatre de 24 heures.<\/p>\n<p style=\"text-align: justify\">2. Traitement \u00e0 la chaleur selon un programme temps\/temp\u00e9rature pr\u00e9cis qui permet d&rsquo;atteindre une temp\u00e9rature minimale de 56 \u00b0C au c\u0153ur du bois pendant au moins 30 minutes cons\u00e9cutives ;<\/p>\n<p style=\"text-align: justify\">3. Le s\u00e9chage \u00e0 l&rsquo;\u00e9tuve (KD, kilndrying), l&rsquo;impr\u00e9gnation chimique sous pression (CPI) et d&rsquo;autres m\u00e9thodes peuvent \u00eatre employ\u00e9s pour r\u00e9aliser le traitement, \u00e0 condition que les conditions susmentionn\u00e9es de temp\u00e9rature et de dur\u00e9e d&rsquo;exposition soient respect\u00e9es.<\/p>\n<p style=\"text-align: justify\">B) L&rsquo;importation de bois brut de Pinus provenant d&rsquo;une <strong>zone non exempte<\/strong> de <em>Fusarium oxysporum <\/em>n\u00e9cessite un traitement \u00e0 la chaleur \u00e0 70\u00b0C pendant au moins 4 heures \u00e0 partir du moment o\u00f9 la temp\u00e9rature au centre du chargement atteint 70\u00b0C.<\/p>\n<p style=\"text-align: justify\"><span style=\"font-size: 12pt\"><strong>Bois de <em>Pinus<\/em> trait\u00e9:<\/strong><\/span><\/p>\n<p style=\"text-align: justify\">Le permis d\u2019importation et le certificat phytosanitaire sont obligatoires si le bois provient d\u2019une zone non exempte de <em>Fusarium oxysporum. <\/em>Les bois de <em>Pinus<\/em> doivent avoir subi un traitement \u00e0 la chaleur selon un programme temps\/temp\u00e9rature pr\u00e9cis qui permet d\u2019atteindre une temp\u00e9rature minimale de 70 \u00b0C au c\u0153ur du bois pendant au moins 4 heures.\u00a0<em><br \/>\n<\/em><\/p>\n<p style=\"text-align: justify\">Si le bois provient d\u2019une zone\u00a0exempte de <em>Fusarium oxysporum<\/em>, le produit est assujetti aux conditions g\u00e9n\u00e9rales d\u2019importation des bois chimiquement trait\u00e9s.<\/p>\n<p style=\"text-align: justify\"><strong>Conditions particuli\u00e8res pour les bois de la famille des <em>Myrtaceae<\/em> :<\/strong><\/p>\n<div class=\"x_elementToProof\" style=\"text-align: justify\">L\u2019importation de bois s\u00e9ch\u00e9s au kiln des esp\u00e8ces appartenant aux genres suivants : <em>Acca, Angophora, Callistemon, Campomanesia, Cotymbia, Eucalyptus, Eugenia, Melaleuca, Metrosid\u00ebros, Myrcia, Myrcianthes, Myrciaria, Myrtus, Pimenta, Syncarpia et Syzygium<\/em> et en provenance des pays ou zones o\u00f9 <em>Puccinia psidii<\/em> est pr\u00e9sent, est interdite.<\/div>\n<div style=\"text-align: justify\"><\/div>\n<div style=\"text-align: justify\">L\u2019importation de bois s\u00e9ch\u00e9s au kiln des esp\u00e8ces appartenant aux genres suivants : <em>Acca, Angophora, Callistemon, Campomanesia, Corymbia, Eucalyptus, Eugenia, Melaleuca, Metrosid\u00ebros, Myrcia, Myrcianthes, Myrciaria, Myrtus, Pimenta, Syncarpia et Syzygium<\/em> et en \u2022 provenance des pays ou zones exempts de <em>Puccinia psidii<\/em> est autoris\u00e9e sous r\u00e9serve:<\/div>\n<div style=\"text-align: justify\"><\/div>\n<div style=\"text-align: justify\">1- Qu\u2019ils aient subi au d\u00e9part l\u2019un des traitements suivants :<\/div>\n<div style=\"text-align: justify\">\u2013 traitement \u00e0 la chaleur \u00e0 85 \u00b0C pendant au moins 8 heures une fois que cette temp\u00e9rature a \u00e9t\u00e9 atteinte au<\/div>\n<div style=\"text-align: justify\">coeur du bois ;<\/div>\n<div style=\"text-align: justify\">\u2013 le s\u00e9chage \u00e0 l\u2019\u00e9tuve (KD, kilndrying), l\u2019impr\u00e9gnation chimique sous pression (CPI) et d\u2019autres m\u00e9thodes peuvent \u00eatre employ\u00e9s pour r\u00e9aliser le traitement, \u00e0 condition que les conditions susmentionn\u00e9es de temp\u00e9rature et de dur\u00e9e d\u2019exposition soient respect\u00e9es ;<\/div>\n<div style=\"text-align: justify\">\u2013 traitement chimique de pr\u00e9servation permanente du bois agr\u00e9\u00e9 par la DBS.<\/div>\n<p style=\"text-align: justify\">2- Qu\u2019ils aient b\u00e9n\u00e9fici\u00e9 d\u2019un permis d\u2019importation pr\u00e9alable et qu\u2019ils soient accompagn\u00e9s d\u2019un certificat phytosanitaire attestant le respect des exigences de bios\u00e9curit\u00e9.<\/p>\n<p style=\"text-align: justify\"><strong>Pour les bois \u00e0 usage personnel\/non commercial :<\/strong><br \/>\nPas de document phytosanitaire n\u00e9cessaire si le volume permet une inspection minutieuse. Si les produits sont en bois de <em>Pinus <\/em>ou <em>Myrtaceae , <\/em>ou cocotier, bambou, rotin et objets apparent\u00e9s les conditions sp\u00e9cifiques \u00e0 ses esp\u00e8ces s&rsquo;appliquent.<\/p>\n<\/div><\/div><\/div><div class=\"fusion-panel panel-default panel-f93083ab01a60d58a fusion-toggle-has-divider\" style=\"--awb-title-color:#ffffff;--awb-content-color:#333333;\"><div class=\"panel-heading\"><h3 class=\"panel-title toggle\" id=\"toggle_f93083ab01a60d58a\"><a aria-expanded=\"false\" aria-controls=\"f93083ab01a60d58a\" role=\"button\" data-toggle=\"collapse\" data-parent=\"#accordion-25429-1\" data-target=\"#f93083ab01a60d58a\" href=\"#f93083ab01a60d58a\"><span class=\"fusion-toggle-icon-wrapper\" aria-hidden=\"true\"><i class=\"fa-fusion-box active-icon awb-icon-minus\" aria-hidden=\"true\"><\/i><i class=\"fa-fusion-box inactive-icon awb-icon-plus\" aria-hidden=\"true\"><\/i><\/span><span class=\"fusion-toggle-heading\">Ce qu\u2019il faut faire<\/span><\/a><\/h3><\/div><div id=\"f93083ab01a60d58a\" class=\"panel-collapse collapse \" aria-labelledby=\"toggle_f93083ab01a60d58a\"><div class=\"panel-body toggle-content fusion-clearfix\"><\/div><\/div><\/div><\/div><\/div><div class=\"accordian fusion-accordian vct_toggle\" style=\"--awb-border-size:1px;--awb-icon-size:13px;--awb-content-font-size:15px;--awb-icon-alignment:right;--awb-hover-color:#f9f9f9;--awb-border-color:#cccccc;--awb-background-color:#ffffff;--awb-divider-color:#e0dede;--awb-divider-hover-color:#e0dede;--awb-icon-color:#ffffff;--awb-title-color:#ffffff;--awb-content-color:#000000;--awb-icon-box-color:#333333;--awb-toggle-hover-accent-color:rgba(255,255,255,0);--awb-toggle-active-accent-color:rgba(255,255,255,0);--awb-title-font-family:&quot;Roboto&quot;;--awb-title-font-weight:400;--awb-title-font-style:normal;--awb-title-font-size:1.125rem;--awb-content-font-family:&quot;Roboto&quot;;--awb-content-font-style:normal;--awb-content-font-weight:400;\"><div class=\"panel-group fusion-toggle-icon-right fusion-toggle-icon-boxed\" id=\"accordion-25429-2\"><div class=\"fusion-panel panel-default panel-54ce910ee84cf9ab9 fusion-toggle-has-divider\" style=\"--awb-title-color:#ffffff;--awb-content-color:#333333;\"><div class=\"panel-heading\"><h3 class=\"panel-title toggle\" id=\"toggle_54ce910ee84cf9ab9\"><a class=\"active\" aria-expanded=\"true\" aria-controls=\"54ce910ee84cf9ab9\" role=\"button\" data-toggle=\"collapse\" data-parent=\"#accordion-25429-2\" data-target=\"#54ce910ee84cf9ab9\" href=\"#54ce910ee84cf9ab9\"><span class=\"fusion-toggle-icon-wrapper\" aria-hidden=\"true\"><i class=\"fa-fusion-box active-icon awb-icon-minus\" aria-hidden=\"true\"><\/i><i class=\"fa-fusion-box inactive-icon awb-icon-plus\" aria-hidden=\"true\"><\/i><\/span><span class=\"fusion-toggle-heading\">Nous contacter<\/span><\/a><\/h3><\/div><div id=\"54ce910ee84cf9ab9\" class=\"panel-collapse collapse in\" aria-labelledby=\"toggle_54ce910ee84cf9ab9\"><div class=\"panel-body toggle-content fusion-clearfix\">\n<h1 class=\"title-heading-center fusion-responsive-typography-calculated\" data-fontsize=\"40\" data-lineheight=\"60px\">\u00a0Vous avez une question ?<\/h1>\n<div id=\"gform_17\"><a class=\"fusion-button button-flat fusion-button-default-size button-custom button-1 fusion-button-default-span fusion-button-default-type gform_button\" target=\"_self\" rel=\"noopener\"><span class=\"fusion-button-text\">Parcourir la F.A.Q<\/span><\/a><\/div>\n<h1 class=\"title-heading-center fusion-responsive-typography-calculated\" data-fontsize=\"40\" data-lineheight=\"60px\">\u00a0Envoyer un formulaire<\/h1>\n<\/div><\/div><\/div><\/div><\/div><\/div><\/div><div class=\"fusion-layout-column fusion_builder_column fusion-builder-column-3 fusion_builder_column_1_4 1_4 fusion-flex-column\" style=\"--awb-bg-size:cover;--awb-width-large:25%;--awb-margin-top-large:0px;--awb-spacing-right-large:7.68%;--awb-margin-bottom-large:20px;--awb-spacing-left-large:7.68%;--awb-width-medium:100%;--awb-order-medium:0;--awb-spacing-right-medium:1.92%;--awb-spacing-left-medium:1.92%;--awb-width-small:100%;--awb-order-small:0;--awb-spacing-right-small:1.92%;--awb-spacing-left-small:1.92%;\"><div class=\"fusion-column-wrapper fusion-column-has-shadow fusion-flex-justify-content-flex-start fusion-content-layout-column\"><div class=\"fusion-builder-row fusion-builder-row-inner fusion-row fusion-flex-align-items-flex-start fusion-flex-justify-content-space-between fusion-flex-content-wrap\" style=\"--awb-flex-grow:0;--awb-flex-grow-medium:0;--awb-flex-grow-small:0;--awb-flex-shrink:0;--awb-flex-shrink-medium:0;--awb-flex-shrink-small:0;width:104% !important;max-width:104% !important;margin-left: calc(-4% \/ 2 );margin-right: calc(-4% \/ 2 );\"><div class=\"fusion-layout-column fusion_builder_column_inner fusion-builder-nested-column-0 fusion_builder_column_inner_1_1 1_1 fusion-flex-column vct_column_right\" style=\"--awb-bg-size:cover;--awb-width-large:100%;--awb-margin-top-large:0px;--awb-spacing-right-large:1.92%;--awb-margin-bottom-large:20px;--awb-spacing-left-large:1.92%;--awb-width-medium:100%;--awb-order-medium:0;--awb-spacing-right-medium:1.92%;--awb-spacing-left-medium:1.92%;--awb-width-small:100%;--awb-order-small:0;--awb-spacing-right-small:1.92%;--awb-spacing-left-small:1.92%;\"><div class=\"fusion-column-wrapper fusion-column-has-shadow fusion-flex-justify-content-flex-start fusion-content-layout-column\"><div class=\"fusion-title title fusion-title-3 fusion-sep-none fusion-title-text fusion-title-size-three vct_icon_title_left_blue\" style=\"--awb-text-color:#ffffff;--awb-margin-bottom:0px;--awb-margin-top-small:0px;--awb-margin-right-small:0px;--awb-margin-bottom-small:0px;--awb-margin-left-small:0px;--awb-font-size:1.125rem;\"><h3 class=\"fusion-title-heading title-heading-left\" style=\"margin:0;font-size:1em;\">R\u00e9glementation<\/h3><\/div><div class=\"fusion-text fusion-text-1\"><p>\u2022 <a href=\"http:\/\/lexpol.cloud.pf\/LexpolAfficheTexte.php?texte=215921&amp;idr=1402&amp;np=2\">Arr\u00eat\u00e9 n\u00b0 1946 CM du 26 d\u00e9cembre 2008<\/a><\/p>\n<\/div><\/div><\/div><div class=\"fusion-layout-column fusion_builder_column_inner fusion-builder-nested-column-1 fusion_builder_column_inner_1_1 1_1 fusion-flex-column vct_column_right\" style=\"--awb-bg-size:cover;--awb-width-large:100%;--awb-margin-top-large:0px;--awb-spacing-right-large:1.92%;--awb-margin-bottom-large:20px;--awb-spacing-left-large:1.92%;--awb-width-medium:100%;--awb-order-medium:0;--awb-spacing-right-medium:1.92%;--awb-spacing-left-medium:1.92%;--awb-width-small:100%;--awb-order-small:0;--awb-spacing-right-small:1.92%;--awb-spacing-left-small:1.92%;\"><div class=\"fusion-column-wrapper fusion-column-has-shadow fusion-flex-justify-content-flex-start fusion-content-layout-column\"><div class=\"fusion-title title fusion-title-4 fusion-sep-none fusion-title-text fusion-title-size-three vct_icon_title_left_blue\" style=\"--awb-text-color:#ffffff;--awb-margin-bottom:0px;--awb-margin-top-small:0px;--awb-margin-right-small:0px;--awb-margin-bottom-small:0px;--awb-margin-left-small:0px;--awb-font-size:1.125rem;\"><h3 class=\"fusion-title-heading title-heading-left\" style=\"margin:0;font-size:1em;\">Nous contacter<\/h3><\/div><div class=\"fusion-text fusion-text-2\"><p>Service: Cellule phytosanitaire<br \/>\nE-mail : phyto.dbs@biosecurite.gov.pf<br \/>\nT\u00e9l\u00e9phone: + (689) 40 544 586<\/p>\n<\/div><\/div><\/div><\/div><\/div><\/div><\/div><\/div><\/p>\n","protected":false},"excerpt":{"rendered":"","protected":false},"author":308,"featured_media":20909,"parent":21111,"menu_order":0,"comment_status":"closed","ping_status":"closed","template":"","meta":{"_seopress_robots_primary_cat":"","_seopress_titles_title":"","_seopress_titles_desc":"","_seopress_robots_index":"","footnotes":""},"class_list":["post-25429","page","type-page","status-publish","has-post-thumbnail","hentry"],"_links":{"self":[{"href":"https:\/\/www.service-public.pf\/biosecurite\/wp-json\/wp\/v2\/pages\/25429","targetHints":{"allow":["GET"]}}],"collection":[{"href":"https:\/\/www.service-public.pf\/biosecurite\/wp-json\/wp\/v2\/pages"}],"about":[{"href":"https:\/\/www.service-public.pf\/biosecurite\/wp-json\/wp\/v2\/types\/page"}],"author":[{"embeddable":true,"href":"https:\/\/www.service-public.pf\/biosecurite\/wp-json\/wp\/v2\/users\/308"}],"replies":[{"embeddable":true,"href":"https:\/\/www.service-public.pf\/biosecurite\/wp-json\/wp\/v2\/comments?post=25429"}],"version-history":[{"count":0,"href":"https:\/\/www.service-public.pf\/biosecurite\/wp-json\/wp\/v2\/pages\/25429\/revisions"}],"up":[{"embeddable":true,"href":"https:\/\/www.service-public.pf\/biosecurite\/wp-json\/wp\/v2\/pages\/21111"}],"wp:featuredmedia":[{"embeddable":true,"href":"https:\/\/www.service-public.pf\/biosecurite\/wp-json\/wp\/v2\/media\/20909"}],"wp:attachment":[{"href":"https:\/\/www.service-public.pf\/biosecurite\/wp-json\/wp\/v2\/media?parent=25429"}],"curies":[{"name":"wp","href":"https:\/\/api.w.org\/{rel}","templated":true}]}}