{"id":25587,"date":"2023-11-24T15:11:24","date_gmt":"2023-11-25T01:11:24","guid":{"rendered":"https:\/\/www.service-public.pf\/biosecurite\/?page_id=25587"},"modified":"2023-12-26T16:07:57","modified_gmt":"2023-12-27T02:07:57","slug":"importation-engrais-amendements-partie-zoo-a-completer-par-phyto","status":"publish","type":"page","link":"https:\/\/www.service-public.pf\/biosecurite\/accueil\/professionnels-2\/importer-en-polynesie-francaise-2\/importation-engrais-amendements-partie-zoo-a-completer-par-phyto\/","title":{"rendered":"Engrais et amendements"},"content":{"rendered":"<p><div class=\"fusion-fullwidth fullwidth-box fusion-builder-row-1 fusion-flex-container has-pattern-background has-mask-background fusion-parallax-none nonhundred-percent-fullwidth non-hundred-percent-height-scrolling vct_border_bottom_separator\" style=\"--awb-border-radius-top-left:0px;--awb-border-radius-top-right:0px;--awb-border-radius-bottom-right:0px;--awb-border-radius-bottom-left:0px;--awb-background-image:linear-gradient(180deg, rgba(0,0,0,0) 0%,rgba(0,0,0,0.8) 100%),url(https:\/\/www.service-public.pf\/biosecurite\/wp-content\/uploads\/sites\/43\/2023\/11\/gros-plan-photo-main-tenant-plantation-du-jeune-arbre-plante-scaled.jpg);;--awb-background-size:cover;--awb-flex-wrap:wrap;\" ><div class=\"fusion-builder-row fusion-row fusion-flex-align-items-flex-start fusion-flex-content-wrap\" style=\"max-width:1144px;margin-left: calc(-4% \/ 2 );margin-right: calc(-4% \/ 2 );\"><div class=\"fusion-layout-column fusion_builder_column fusion-builder-column-0 fusion_builder_column_1_1 1_1 fusion-flex-column\" style=\"--awb-padding-top:6vw;--awb-padding-right:5vw;--awb-padding-bottom:3vw;--awb-padding-left:5vw;--awb-bg-size:cover;--awb-width-large:100%;--awb-margin-top-large:0px;--awb-spacing-right-large:1.92%;--awb-margin-bottom-large:0px;--awb-spacing-left-large:1.92%;--awb-width-medium:100%;--awb-order-medium:0;--awb-spacing-right-medium:1.92%;--awb-spacing-left-medium:1.92%;--awb-width-small:100%;--awb-order-small:0;--awb-spacing-right-small:1.92%;--awb-spacing-left-small:1.92%;\"><div class=\"fusion-column-wrapper fusion-column-has-shadow fusion-flex-justify-content-flex-start fusion-content-layout-column\"><div class=\"fusion-title title fusion-title-1 fusion-sep-none fusion-title-text fusion-title-size-one\" style=\"--awb-text-color:#ffffff;--awb-margin-top-small:0px;--awb-margin-right-small:0px;--awb-margin-bottom-small:20px;--awb-margin-left-small:0px;--awb-font-size:3rem;\"><h1 class=\"fusion-title-heading title-heading-left\" style=\"margin:0;font-size:1em;\">Professionnels<\/h1><\/div><\/div><\/div><\/div><\/div><div class=\"fusion-fullwidth fullwidth-box fusion-builder-row-2 fusion-flex-container has-pattern-background has-mask-background nonhundred-percent-fullwidth non-hundred-percent-height-scrolling\" style=\"--awb-border-radius-top-left:0px;--awb-border-radius-top-right:0px;--awb-border-radius-bottom-right:0px;--awb-border-radius-bottom-left:0px;--awb-padding-right:5vw;--awb-padding-left:5vw;--awb-flex-wrap:wrap;\" ><div class=\"fusion-builder-row fusion-row fusion-flex-align-items-flex-start fusion-flex-justify-content-space-between fusion-flex-content-wrap\" style=\"max-width:1144px;margin-left: calc(-4% \/ 2 );margin-right: calc(-4% \/ 2 );\"><div class=\"fusion-layout-column fusion_builder_column fusion-builder-column-1 fusion_builder_column_1_1 1_1 fusion-flex-column\" style=\"--awb-bg-color:#ffffff;--awb-bg-color-hover:#ffffff;--awb-bg-size:cover;--awb-width-large:100%;--awb-margin-top-large:30px;--awb-spacing-right-large:1.92%;--awb-margin-bottom-large:30px;--awb-spacing-left-large:1.92%;--awb-width-medium:100%;--awb-order-medium:0;--awb-spacing-right-medium:1.92%;--awb-spacing-left-medium:1.92%;--awb-width-small:100%;--awb-order-small:0;--awb-spacing-right-small:1.92%;--awb-spacing-left-small:1.92%;\"><div class=\"fusion-column-wrapper fusion-column-has-shadow fusion-flex-justify-content-flex-start fusion-content-layout-column\"><nav class=\"fusion-breadcrumbs fusion-breadcrumbs-1\" style=\"--awb-font-size:16px;--awb-text-hover-color:#e51427;--awb-text-color:#12284d;--awb-breadcrumb-sep:&#039;&gt;&#039;;\" aria-label=\"Breadcrumb\"><ol class=\"awb-breadcrumb-list\"><li class=\"fusion-breadcrumb-item awb-breadcrumb-sep awb-home\" ><a href=\"https:\/\/www.service-public.pf\/biosecurite\" class=\"fusion-breadcrumb-link\"><span >Home<\/span><\/a><\/li><\/ol><\/nav><\/div><\/div><div class=\"fusion-layout-column fusion_builder_column fusion-builder-column-2 fusion_builder_column_3_4 3_4 fusion-flex-column\" style=\"--awb-bg-size:cover;--awb-width-large:75%;--awb-margin-top-large:0px;--awb-spacing-right-large:2.56%;--awb-margin-bottom-large:20px;--awb-spacing-left-large:2.56%;--awb-width-medium:100%;--awb-order-medium:0;--awb-spacing-right-medium:1.92%;--awb-spacing-left-medium:1.92%;--awb-width-small:100%;--awb-order-small:0;--awb-spacing-right-small:1.92%;--awb-spacing-left-small:1.92%;\"><div class=\"fusion-column-wrapper fusion-column-has-shadow fusion-flex-justify-content-center fusion-content-layout-column\"><div class=\"fusion-title title fusion-title-2 fusion-sep-none fusion-title-text fusion-title-size-two\" style=\"--awb-margin-bottom:15px;--awb-margin-top-small:0px;--awb-margin-right-small:0px;--awb-margin-bottom-small:20px;--awb-margin-left-small:0px;--awb-font-size:35px;\"><h2 class=\"fusion-title-heading title-heading-left\" style=\"margin:0;font-size:1em;\"><p><b>Comment importer des engrais et amendements<br \/>\n<\/b><\/p><\/h2><\/div><div class=\"fusion-separator\" style=\"align-self: flex-start;margin-right:auto;margin-bottom:3rem;width:100%;max-width:20%;\"><div class=\"fusion-separator-border sep-single sep-solid\" style=\"--awb-height:20px;--awb-amount:20px;--awb-sep-color:#e51427;border-color:#e51427;border-top-width:8px;\"><\/div><\/div><div class=\"accordian fusion-accordian vct_toggle\" style=\"--awb-border-size:1px;--awb-icon-size:13px;--awb-content-font-size:15px;--awb-icon-alignment:right;--awb-hover-color:#f9f9f9;--awb-border-color:#cccccc;--awb-background-color:#ffffff;--awb-divider-color:#e0dede;--awb-divider-hover-color:#e0dede;--awb-icon-color:#ffffff;--awb-title-color:#ffffff;--awb-content-color:#000000;--awb-icon-box-color:#333333;--awb-toggle-hover-accent-color:rgba(255,255,255,0);--awb-toggle-active-accent-color:rgba(255,255,255,0);--awb-title-font-family:&quot;Roboto&quot;;--awb-title-font-weight:400;--awb-title-font-style:normal;--awb-title-font-size:1.125rem;--awb-content-font-family:&quot;Roboto&quot;;--awb-content-font-style:normal;--awb-content-font-weight:400;\"><div class=\"panel-group fusion-toggle-icon-right fusion-toggle-icon-boxed\" id=\"accordion-25587-1\"><div class=\"fusion-panel panel-default panel-3e52a2de85408ac6f fusion-toggle-has-divider\" style=\"--awb-title-color:#ffffff;--awb-content-color:#333333;\"><div class=\"panel-heading\"><h3 class=\"panel-title toggle\" id=\"toggle_3e52a2de85408ac6f\"><a class=\"active\" aria-expanded=\"true\" aria-controls=\"3e52a2de85408ac6f\" role=\"button\" data-toggle=\"collapse\" data-parent=\"#accordion-25587-1\" data-target=\"#3e52a2de85408ac6f\" href=\"#3e52a2de85408ac6f\"><span class=\"fusion-toggle-icon-wrapper\" aria-hidden=\"true\"><i class=\"fa-fusion-box active-icon awb-icon-minus\" aria-hidden=\"true\"><\/i><i class=\"fa-fusion-box inactive-icon awb-icon-plus\" aria-hidden=\"true\"><\/i><\/span><span class=\"fusion-toggle-heading\">Conditions g\u00e9n\u00e9rales<\/span><\/a><\/h3><\/div><div id=\"3e52a2de85408ac6f\" class=\"panel-collapse collapse in\" aria-labelledby=\"toggle_3e52a2de85408ac6f\"><div class=\"panel-body toggle-content fusion-clearfix\">\n<p style=\"text-align: justify\">Les engrais compos\u00e9s de produits d&rsquo;origine v\u00e9g\u00e9tale ou compos\u00e9s de produits d&rsquo;origine animale doivent \u00eatre accompagn\u00e9s de documents de bios\u00e9curit\u00e9 (permis d&rsquo;importation pr\u00e9alable, certificat phytosanitaire, certificat zoosanitaire).<\/p>\n<\/div><\/div><\/div><div class=\"fusion-panel panel-default panel-4488a090f94db215c fusion-toggle-has-divider\" style=\"--awb-title-color:#ffffff;--awb-content-color:#333333;\"><div class=\"panel-heading\"><h3 class=\"panel-title toggle\" id=\"toggle_4488a090f94db215c\"><a class=\"active\" aria-expanded=\"true\" aria-controls=\"4488a090f94db215c\" role=\"button\" data-toggle=\"collapse\" data-parent=\"#accordion-25587-1\" data-target=\"#4488a090f94db215c\" href=\"#4488a090f94db215c\"><span class=\"fusion-toggle-icon-wrapper\" aria-hidden=\"true\"><i class=\"fa-fusion-box active-icon awb-icon-minus\" aria-hidden=\"true\"><\/i><i class=\"fa-fusion-box inactive-icon awb-icon-plus\" aria-hidden=\"true\"><\/i><\/span><span class=\"fusion-toggle-heading\">Conditions particuli\u00e8res<\/span><\/a><\/h3><\/div><div id=\"4488a090f94db215c\" class=\"panel-collapse collapse in\" aria-labelledby=\"toggle_4488a090f94db215c\"><div class=\"panel-body toggle-content fusion-clearfix\">\n<p><strong>Engrais organiques en provenance de pays infest\u00e9s par les <a href=\"https:\/\/www.service-public.pf\/biosecurite\/accueil\/professionnels-2\/organismes-nuisibles-prioritaires-vegetaux\/sante-vegetale\/loryctes-rhinoceros\/\">insectes xylophages du cocotier<\/a><\/strong>: ils sont interdits \u00e0 l&rsquo;importation.<\/p>\n<p><strong>Engrais organiques compos\u00e9s d&rsquo;\u00e9corce:<\/strong> permis d&rsquo;importation pr\u00e9alable et certificat phytosanitaire obligatoire. Les conditions sont celles applicables \u00e0 l&rsquo;esp\u00e8ce concern\u00e9es (pour plus d&rsquo;information, <a href=\"https:\/\/www.service-public.pf\/biosecurite\/accueil\/professionnels-2\/importer-en-polynesie-francaise-2\/bois-et-autres-produits-en-bois\/ecorce-sous-formes-de-fragments-copeaux-y-compris-les-objets-possedant-de-lecorce-non-manufacturees-et-non-traitees\/\">cliquez ici<\/a>).<\/p>\n<p><strong>Engrais min\u00e9raux<\/strong>: <a href=\"https:\/\/www.service-public.pf\/biosecurite\/accueil\/professionnels-2\/importer-en-polynesie-francaise-2\/sol-roche-gravier-sable-argile\/\">cliquez ici<\/a>.<\/p>\n<p><strong>Engrais organiques et amendements d\u2019origine animale : <\/strong><\/p>\n<p>Les engrais organiques et amendements d\u2019origine animale doivent :<\/p>\n<p>A &#8211; Soit ne contenir que des ingr\u00e9dients d\u2019origine animale qui figurent dans les listes des marchandises des codes de l\u2019OMSA comme \u00e9tant d\u00e9nu\u00e9es de risque vis \u00e0 vis des maladies list\u00e9es par le code de l\u2019OMSA ;<br \/>\nB &#8211; Soit \u00eatre accompagn\u00e9s par un certificat v\u00e9t\u00e9rinaire ou sanitaire.<\/p>\n<p>&#8211; les mod\u00e8les de certificat v\u00e9t\u00e9rinaire ou sanitaires approuv\u00e9s par pays sont diffus\u00e9s par note aux importateurs. Il existe des prohibitions ou traitements selon le statut sanitaire du pays vis-\u00e0-vis de nombreuses maladies dont la fi\u00e8vre aphteuse, fi\u00e8vre charbonneuse, diverses pestes, enc\u00e9phalopathie spongiforme bovine (ESB),<br \/>\n&#8211; engrais contenant des cadavres d\u2019animaux : certificat attestant traitement d\u2019hydrolyse alcaline ou de bioraffinage<br \/>\n&#8211; engrais contenant \u00a0du guano et des d\u00e9jections animales : ils doivent avoir subi une r\u00e9duction en particules de 50 mm au maximum et ont \u00e9t\u00e9 soumis \u00e0 une temp\u00e9rature \u00e0 c\u0153ur de plus de 133 \u00b0C pendant au moins vingt minutes sans interruption, \u00e0 une pression absolue d\u2019au moins 3 bars, ou tout traitement \u00e9quivalent ;<br \/>\n&#8211; engrais d\u2019origine bovine : il provient d&rsquo;un pays pr\u00e9sentant un risque n\u00e9gligeable vis-\u00e0-vis de l&rsquo;ESB\u00a0 ou il a subi une r\u00e9duction en particules de 50 mm au maximum et ayant \u00e9t\u00e9 soumis \u00e0 une temp\u00e9rature \u00e0 c\u0153ur de plus de 133 \u00b0C pendant au moins vingt minutes sans interruption, \u00e0 une pression absolue d\u2019au moins 3 bars, ou tout traitement \u00e9quivalent ;<br \/>\n&#8211; \u00e9tiquetage : mentions \u201cengrais organiques\u201d, \u201cengrais organo-min\u00e9raux\u201d ou \u201camendements\u201d et \u201cl\u2019acc\u00e8s aux terres est interdit aux animaux d\u2019\u00e9levage pendant vingt et un jours au moins apr\u00e8s utilisation sur les terres\u201d. Non obligatoire pour les engrais organiques et organo-min\u00e9raux destin\u00e9s \u00e0 l\u2019arboriculture, horticulture et mara\u00eechage et pour ceux conditionn\u00e9s dans des emballages pr\u00eats \u00e0 la vente dont le poids &lt; 50 kg et destin\u00e9s \u00e0 \u00eatre utilis\u00e9s par le consommateur final.<\/p>\n<p><strong>Engrais contenant des ingr\u00e9dients aquatiques d\u00e9nu\u00e9s de risque :<br \/>\n&#8211; <\/strong>huiles de poisson et de crustac\u00e9s<strong> : <\/strong>dispense de certificat<br \/>\n&#8211; farines de poissons : le traitement thermique doit \u00eatre suffisant (attestation du fabricant)<\/p>\n<\/div><\/div><\/div><div class=\"fusion-panel panel-default panel-c334725670613d376 fusion-toggle-has-divider\" style=\"--awb-title-color:#ffffff;--awb-content-color:#333333;\"><div class=\"panel-heading\"><h3 class=\"panel-title toggle\" id=\"toggle_c334725670613d376\"><a class=\"active\" aria-expanded=\"true\" aria-controls=\"c334725670613d376\" role=\"button\" data-toggle=\"collapse\" data-parent=\"#accordion-25587-1\" data-target=\"#c334725670613d376\" href=\"#c334725670613d376\"><span class=\"fusion-toggle-icon-wrapper\" aria-hidden=\"true\"><i class=\"fa-fusion-box active-icon awb-icon-minus\" aria-hidden=\"true\"><\/i><i class=\"fa-fusion-box inactive-icon awb-icon-plus\" aria-hidden=\"true\"><\/i><\/span><span class=\"fusion-toggle-heading\">Ce qu\u2019il faut faire<\/span><\/a><\/h3><\/div><div id=\"c334725670613d376\" class=\"panel-collapse collapse in\" aria-labelledby=\"toggle_c334725670613d376\"><div class=\"panel-body toggle-content fusion-clearfix\">\n<p><strong>Avant d\u2019importer\u00a0:<\/strong> Veuillez vous renseigner \u00e0 l\u2019avance sur les prohibitions, v\u00e9rifier le certificat envoy\u00e9 par votre fournisseur. Certains engrais contenant des produits v\u00e9g\u00e9taux peuvent n\u00e9cessiter un permis d&rsquo;importation.<\/p>\n<p><strong>A l\u2019arriv\u00e9e\u00a0:<\/strong> Avant d\u00e9claration en douane, votre d\u00e9clarant doit d\u00e9poser ou remplir en ligne un dossier de demande de laissez-passer aupr\u00e8s des contr\u00f4leurs du p\u00f4le import POA de la cellule zoosanitaire compos\u00e9 de :<br \/>\n&#8211; un projet de laissez-passer<br \/>\n&#8211; un certificat v\u00e9t\u00e9rinaire<\/p>\n<p><strong>Si non-conformit\u00e9\u00a0: <\/strong>Les articles refoul\u00e9s pour un motif zoosanitaire sont soit r\u00e9exp\u00e9di\u00e9s, soit d\u00e9truits par incin\u00e9ration.<\/p>\n<\/div><\/div><\/div><\/div><\/div><div class=\"accordian fusion-accordian vct_toggle\" style=\"--awb-border-size:1px;--awb-icon-size:13px;--awb-content-font-size:15px;--awb-icon-alignment:right;--awb-hover-color:#f9f9f9;--awb-border-color:#cccccc;--awb-background-color:#ffffff;--awb-divider-color:#e0dede;--awb-divider-hover-color:#e0dede;--awb-icon-color:#ffffff;--awb-title-color:#ffffff;--awb-content-color:#000000;--awb-icon-box-color:#333333;--awb-toggle-hover-accent-color:rgba(255,255,255,0);--awb-toggle-active-accent-color:rgba(255,255,255,0);--awb-title-font-family:&quot;Roboto&quot;;--awb-title-font-weight:400;--awb-title-font-style:normal;--awb-title-font-size:1.125rem;--awb-content-font-family:&quot;Roboto&quot;;--awb-content-font-style:normal;--awb-content-font-weight:400;\"><div class=\"panel-group fusion-toggle-icon-right fusion-toggle-icon-boxed\" id=\"accordion-25587-2\"><div class=\"fusion-panel panel-default panel-2b4e1064668199652 fusion-toggle-has-divider\" style=\"--awb-title-color:#ffffff;--awb-content-color:#333333;\"><div class=\"panel-heading\"><h3 class=\"panel-title toggle\" id=\"toggle_2b4e1064668199652\"><a class=\"active\" aria-expanded=\"true\" aria-controls=\"2b4e1064668199652\" role=\"button\" data-toggle=\"collapse\" data-parent=\"#accordion-25587-2\" data-target=\"#2b4e1064668199652\" href=\"#2b4e1064668199652\"><span class=\"fusion-toggle-icon-wrapper\" aria-hidden=\"true\"><i class=\"fa-fusion-box active-icon awb-icon-minus\" aria-hidden=\"true\"><\/i><i class=\"fa-fusion-box inactive-icon awb-icon-plus\" aria-hidden=\"true\"><\/i><\/span><span class=\"fusion-toggle-heading\">Nous contacter<\/span><\/a><\/h3><\/div><div id=\"2b4e1064668199652\" class=\"panel-collapse collapse in\" aria-labelledby=\"toggle_2b4e1064668199652\"><div class=\"panel-body toggle-content fusion-clearfix\">\n<h1 class=\"title-heading-center fusion-responsive-typography-calculated\" data-fontsize=\"40\" data-lineheight=\"60px\">\u00a0Vous avez une question ?<\/h1>\n<div id=\"gform_17\"><a class=\"fusion-button button-flat fusion-button-default-size button-custom button-1 fusion-button-default-span fusion-button-default-type gform_button\" target=\"_self\" rel=\"noopener\"><span class=\"fusion-button-text\">Parcourir la F.A.Q<\/span><\/a><\/div>\n<h1 class=\"title-heading-center fusion-responsive-typography-calculated\" data-fontsize=\"40\" data-lineheight=\"60px\">\u00a0Envoyer un formulaire<\/h1>\n<\/div><\/div><\/div><\/div><\/div><\/div><\/div><div class=\"fusion-layout-column fusion_builder_column fusion-builder-column-3 fusion_builder_column_1_4 1_4 fusion-flex-column\" style=\"--awb-bg-size:cover;--awb-width-large:25%;--awb-margin-top-large:0px;--awb-spacing-right-large:7.68%;--awb-margin-bottom-large:20px;--awb-spacing-left-large:7.68%;--awb-width-medium:100%;--awb-order-medium:0;--awb-spacing-right-medium:1.92%;--awb-spacing-left-medium:1.92%;--awb-width-small:100%;--awb-order-small:0;--awb-spacing-right-small:1.92%;--awb-spacing-left-small:1.92%;\"><div class=\"fusion-column-wrapper fusion-column-has-shadow fusion-flex-justify-content-flex-start fusion-content-layout-column\"><div class=\"fusion-builder-row fusion-builder-row-inner fusion-row fusion-flex-align-items-flex-start fusion-flex-justify-content-space-between fusion-flex-content-wrap\" style=\"--awb-flex-grow:0;--awb-flex-grow-medium:0;--awb-flex-grow-small:0;--awb-flex-shrink:0;--awb-flex-shrink-medium:0;--awb-flex-shrink-small:0;width:104% !important;max-width:104% !important;margin-left: calc(-4% \/ 2 );margin-right: calc(-4% \/ 2 );\"><div class=\"fusion-layout-column fusion_builder_column_inner fusion-builder-nested-column-0 fusion_builder_column_inner_1_1 1_1 fusion-flex-column vct_column_right\" style=\"--awb-bg-size:cover;--awb-width-large:100%;--awb-margin-top-large:0px;--awb-spacing-right-large:1.92%;--awb-margin-bottom-large:20px;--awb-spacing-left-large:1.92%;--awb-width-medium:100%;--awb-order-medium:0;--awb-spacing-right-medium:1.92%;--awb-spacing-left-medium:1.92%;--awb-width-small:100%;--awb-order-small:0;--awb-spacing-right-small:1.92%;--awb-spacing-left-small:1.92%;\"><div class=\"fusion-column-wrapper fusion-column-has-shadow fusion-flex-justify-content-flex-start fusion-content-layout-column\"><div class=\"fusion-title title fusion-title-3 fusion-sep-none fusion-title-text fusion-title-size-three vct_icon_title_left_blue\" style=\"--awb-text-color:#ffffff;--awb-margin-bottom:0px;--awb-margin-top-small:0px;--awb-margin-right-small:0px;--awb-margin-bottom-small:0px;--awb-margin-left-small:0px;--awb-font-size:1.125rem;\"><h3 class=\"fusion-title-heading title-heading-left\" style=\"margin:0;font-size:1em;\">Formulaire \u00e0 remplir<\/h3><\/div><div class=\"fusion-text fusion-text-1\"><p>\u2022 <a href=\"#\">Projet de laissez-passer<\/a><\/p>\n<\/div><\/div><\/div><div class=\"fusion-layout-column fusion_builder_column_inner fusion-builder-nested-column-1 fusion_builder_column_inner_1_1 1_1 fusion-flex-column vct_column_right\" style=\"--awb-bg-size:cover;--awb-width-large:100%;--awb-margin-top-large:0px;--awb-spacing-right-large:1.92%;--awb-margin-bottom-large:20px;--awb-spacing-left-large:1.92%;--awb-width-medium:100%;--awb-order-medium:0;--awb-spacing-right-medium:1.92%;--awb-spacing-left-medium:1.92%;--awb-width-small:100%;--awb-order-small:0;--awb-spacing-right-small:1.92%;--awb-spacing-left-small:1.92%;\"><div class=\"fusion-column-wrapper fusion-column-has-shadow fusion-flex-justify-content-flex-start fusion-content-layout-column\"><div class=\"fusion-title title fusion-title-4 fusion-sep-none fusion-title-text fusion-title-size-three vct_icon_title_left_blue\" style=\"--awb-text-color:#ffffff;--awb-margin-bottom:0px;--awb-margin-top-small:0px;--awb-margin-right-small:0px;--awb-margin-bottom-small:0px;--awb-margin-left-small:0px;--awb-font-size:1.125rem;\"><h3 class=\"fusion-title-heading title-heading-left\" style=\"margin:0;font-size:1em;\">R\u00e9glementation<\/h3><\/div><div class=\"fusion-text fusion-text-2\"><p>\u2022 <a href=\"https:\/\/lexpol.cloud.pf\/LexpolAfficheTexte.php?texte=396989&amp;idr=956&amp;np=1\">Loi du Pays n\u00b0 2013-12 du 6 mai 2013<\/a><br \/>\n\u2022 <a href=\"https:\/\/lexpol.cloud.pf\/LexpolAfficheTexte.php?texte=455661&amp;idr=962&amp;np=1\">Arr\u00eat\u00e9 n\u00b0 979 CM du 24 juillet 2015 modifi\u00e9<\/a><\/p>\n<\/div><\/div><\/div><div class=\"fusion-layout-column fusion_builder_column_inner fusion-builder-nested-column-2 fusion_builder_column_inner_1_1 1_1 fusion-flex-column vct_column_right\" style=\"--awb-bg-size:cover;--awb-width-large:100%;--awb-margin-top-large:0px;--awb-spacing-right-large:1.92%;--awb-margin-bottom-large:20px;--awb-spacing-left-large:1.92%;--awb-width-medium:100%;--awb-order-medium:0;--awb-spacing-right-medium:1.92%;--awb-spacing-left-medium:1.92%;--awb-width-small:100%;--awb-order-small:0;--awb-spacing-right-small:1.92%;--awb-spacing-left-small:1.92%;\"><div class=\"fusion-column-wrapper fusion-column-has-shadow fusion-flex-justify-content-flex-start fusion-content-layout-column\"><div class=\"fusion-title title fusion-title-5 fusion-sep-none fusion-title-text fusion-title-size-three vct_icon_title_left_blue\" style=\"--awb-text-color:#ffffff;--awb-margin-bottom:0px;--awb-margin-top-small:0px;--awb-margin-right-small:0px;--awb-margin-bottom-small:0px;--awb-margin-left-small:0px;--awb-font-size:1.125rem;\"><h3 class=\"fusion-title-heading title-heading-left\" style=\"margin:0;font-size:1em;\">Notes aux importateurs<\/h3><\/div><div class=\"fusion-text fusion-text-3\"><p>\u2022 <a href=\"https:\/\/www.service-public.pf\/biosecurite\/import\/denrees-alimentaires\/importation-produits-dorigine-animale-viande-lait-miel-poisson\/\">Notes alertes sanitaires<\/a><br \/>\n\u2022 <a href=\"#\">Notes certificats et autres documents<\/a><\/p>\n<\/div><\/div><\/div><div class=\"fusion-layout-column fusion_builder_column_inner fusion-builder-nested-column-3 fusion_builder_column_inner_1_1 1_1 fusion-flex-column vct_column_right\" style=\"--awb-bg-size:cover;--awb-width-large:100%;--awb-margin-top-large:0px;--awb-spacing-right-large:1.92%;--awb-margin-bottom-large:20px;--awb-spacing-left-large:1.92%;--awb-width-medium:100%;--awb-order-medium:0;--awb-spacing-right-medium:1.92%;--awb-spacing-left-medium:1.92%;--awb-width-small:100%;--awb-order-small:0;--awb-spacing-right-small:1.92%;--awb-spacing-left-small:1.92%;\"><div class=\"fusion-column-wrapper fusion-column-has-shadow fusion-flex-justify-content-flex-start fusion-content-layout-column\"><div class=\"fusion-title title fusion-title-6 fusion-sep-none fusion-title-text fusion-title-size-three vct_icon_title_left_blue\" style=\"--awb-text-color:#ffffff;--awb-margin-bottom:0px;--awb-margin-top-small:0px;--awb-margin-right-small:0px;--awb-margin-bottom-small:0px;--awb-margin-left-small:0px;--awb-font-size:1.125rem;\"><h3 class=\"fusion-title-heading title-heading-left\" style=\"margin:0;font-size:1em;\">Tarifs<\/h3><\/div><div class=\"fusion-text fusion-text-4\"><p><a href=\"https:\/\/lexpol.cloud.pf\/LexpolAfficheTexte.php?texte=459542&amp;idr=1125&amp;np=1\">Arr\u00eat\u00e9 n\u00b0 1920 CM du 26 novembre 2015 modifi\u00e9<\/a><\/p>\n<\/div><\/div><\/div><div class=\"fusion-layout-column fusion_builder_column_inner fusion-builder-nested-column-4 fusion_builder_column_inner_1_1 1_1 fusion-flex-column vct_column_right\" style=\"--awb-bg-size:cover;--awb-width-large:100%;--awb-margin-top-large:0px;--awb-spacing-right-large:1.92%;--awb-margin-bottom-large:20px;--awb-spacing-left-large:1.92%;--awb-width-medium:100%;--awb-order-medium:0;--awb-spacing-right-medium:1.92%;--awb-spacing-left-medium:1.92%;--awb-width-small:100%;--awb-order-small:0;--awb-spacing-right-small:1.92%;--awb-spacing-left-small:1.92%;\"><div class=\"fusion-column-wrapper fusion-column-has-shadow fusion-flex-justify-content-flex-start fusion-content-layout-column\"><div class=\"fusion-title title fusion-title-7 fusion-sep-none fusion-title-text fusion-title-size-three vct_icon_title_left_blue\" style=\"--awb-text-color:#ffffff;--awb-margin-bottom:0px;--awb-margin-top-small:0px;--awb-margin-right-small:0px;--awb-margin-bottom-small:0px;--awb-margin-left-small:0px;--awb-font-size:1.125rem;\"><h3 class=\"fusion-title-heading title-heading-left\" style=\"margin:0;font-size:1em;\">Nous contacter<\/h3><\/div><div class=\"fusion-text fusion-text-5\"><p>Cellule zoosanitaire &#8211; P\u00f4le import POA<\/p>\n<p>Email\u00a0: zoo.dbs@biosecurite.gov.pf<\/p>\n<p>T\u00e9l\u00e9phone\u00a0: 00\u00a0689 40540100<\/p>\n<\/div><\/div><\/div><\/div><\/div><\/div><\/div><\/div><\/p>\n","protected":false},"excerpt":{"rendered":"","protected":false},"author":307,"featured_media":26186,"parent":22845,"menu_order":0,"comment_status":"closed","ping_status":"closed","template":"","meta":{"_seopress_robots_primary_cat":"","_seopress_titles_title":"","_seopress_titles_desc":"","_seopress_robots_index":"","footnotes":""},"class_list":["post-25587","page","type-page","status-publish","has-post-thumbnail","hentry"],"_links":{"self":[{"href":"https:\/\/www.service-public.pf\/biosecurite\/wp-json\/wp\/v2\/pages\/25587","targetHints":{"allow":["GET"]}}],"collection":[{"href":"https:\/\/www.service-public.pf\/biosecurite\/wp-json\/wp\/v2\/pages"}],"about":[{"href":"https:\/\/www.service-public.pf\/biosecurite\/wp-json\/wp\/v2\/types\/page"}],"author":[{"embeddable":true,"href":"https:\/\/www.service-public.pf\/biosecurite\/wp-json\/wp\/v2\/users\/307"}],"replies":[{"embeddable":true,"href":"https:\/\/www.service-public.pf\/biosecurite\/wp-json\/wp\/v2\/comments?post=25587"}],"version-history":[{"count":0,"href":"https:\/\/www.service-public.pf\/biosecurite\/wp-json\/wp\/v2\/pages\/25587\/revisions"}],"up":[{"embeddable":true,"href":"https:\/\/www.service-public.pf\/biosecurite\/wp-json\/wp\/v2\/pages\/22845"}],"wp:featuredmedia":[{"embeddable":true,"href":"https:\/\/www.service-public.pf\/biosecurite\/wp-json\/wp\/v2\/media\/26186"}],"wp:attachment":[{"href":"https:\/\/www.service-public.pf\/biosecurite\/wp-json\/wp\/v2\/media?parent=25587"}],"curies":[{"name":"wp","href":"https:\/\/api.w.org\/{rel}","templated":true}]}}