{"id":25897,"date":"2023-11-20T15:24:19","date_gmt":"2023-11-21T01:24:19","guid":{"rendered":"https:\/\/www.service-public.pf\/biosecurite\/?page_id=25897"},"modified":"2024-01-15T12:52:05","modified_gmt":"2024-01-15T22:52:05","slug":"importation-de-volaille","status":"publish","type":"page","link":"https:\/\/www.service-public.pf\/biosecurite\/accueil\/professionnels-2\/importer-en-polynesie-francaise-2\/controle-aux-frontieres-avions-navires-avis-darrivees\/importation-de-volaille\/","title":{"rendered":"Contr\u00f4le des navires"},"content":{"rendered":"<p><div class=\"fusion-fullwidth fullwidth-box fusion-builder-row-1 fusion-flex-container has-pattern-background has-mask-background fusion-parallax-none nonhundred-percent-fullwidth non-hundred-percent-height-scrolling vct_border_bottom_separator\" style=\"--awb-border-radius-top-left:0px;--awb-border-radius-top-right:0px;--awb-border-radius-bottom-right:0px;--awb-border-radius-bottom-left:0px;--awb-background-image:linear-gradient(180deg, rgba(0,0,0,0) 0%,rgba(0,0,0,0.8) 100%),url(https:\/\/www.service-public.pf\/biosecurite\/wp-content\/uploads\/sites\/43\/2023\/04\/navires.png);;--awb-background-size:cover;--awb-flex-wrap:wrap;\" ><div class=\"fusion-builder-row fusion-row fusion-flex-align-items-flex-start fusion-flex-content-wrap\" style=\"max-width:1144px;margin-left: calc(-4% \/ 2 );margin-right: calc(-4% \/ 2 );\"><div class=\"fusion-layout-column fusion_builder_column fusion-builder-column-0 fusion_builder_column_1_1 1_1 fusion-flex-column\" style=\"--awb-padding-top:6vw;--awb-padding-right:5vw;--awb-padding-bottom:3vw;--awb-padding-left:5vw;--awb-bg-size:cover;--awb-width-large:100%;--awb-margin-top-large:0px;--awb-spacing-right-large:1.92%;--awb-margin-bottom-large:0px;--awb-spacing-left-large:1.92%;--awb-width-medium:100%;--awb-order-medium:0;--awb-spacing-right-medium:1.92%;--awb-spacing-left-medium:1.92%;--awb-width-small:100%;--awb-order-small:0;--awb-spacing-right-small:1.92%;--awb-spacing-left-small:1.92%;\"><div class=\"fusion-column-wrapper fusion-column-has-shadow fusion-flex-justify-content-flex-start fusion-content-layout-column\"><div class=\"fusion-title title fusion-title-1 fusion-sep-none fusion-title-text fusion-title-size-one\" style=\"--awb-text-color:#ffffff;--awb-margin-top-small:0px;--awb-margin-right-small:0px;--awb-margin-bottom-small:20px;--awb-margin-left-small:0px;--awb-font-size:3rem;\"><h1 class=\"fusion-title-heading title-heading-left\" style=\"margin:0;font-size:1em;\">Professionnels<\/h1><\/div><\/div><\/div><\/div><\/div><div class=\"fusion-fullwidth fullwidth-box fusion-builder-row-2 fusion-flex-container has-pattern-background has-mask-background nonhundred-percent-fullwidth non-hundred-percent-height-scrolling\" style=\"--awb-border-radius-top-left:0px;--awb-border-radius-top-right:0px;--awb-border-radius-bottom-right:0px;--awb-border-radius-bottom-left:0px;--awb-padding-right:5vw;--awb-padding-left:5vw;--awb-flex-wrap:wrap;\" ><div class=\"fusion-builder-row fusion-row fusion-flex-align-items-flex-start fusion-flex-justify-content-space-between fusion-flex-content-wrap\" style=\"max-width:1144px;margin-left: calc(-4% \/ 2 );margin-right: calc(-4% \/ 2 );\"><div class=\"fusion-layout-column fusion_builder_column fusion-builder-column-1 fusion_builder_column_1_1 1_1 fusion-flex-column\" style=\"--awb-bg-color:#ffffff;--awb-bg-color-hover:#ffffff;--awb-bg-size:cover;--awb-width-large:100%;--awb-margin-top-large:30px;--awb-spacing-right-large:1.92%;--awb-margin-bottom-large:30px;--awb-spacing-left-large:1.92%;--awb-width-medium:100%;--awb-order-medium:0;--awb-spacing-right-medium:1.92%;--awb-spacing-left-medium:1.92%;--awb-width-small:100%;--awb-order-small:0;--awb-spacing-right-small:1.92%;--awb-spacing-left-small:1.92%;\"><div class=\"fusion-column-wrapper fusion-column-has-shadow fusion-flex-justify-content-flex-start fusion-content-layout-column\"><nav class=\"fusion-breadcrumbs fusion-breadcrumbs-1\" style=\"--awb-font-size:16px;--awb-text-hover-color:#e51427;--awb-text-color:#12284d;--awb-breadcrumb-sep:&#039;&gt;&#039;;\" aria-label=\"Breadcrumb\"><ol class=\"awb-breadcrumb-list\"><li class=\"fusion-breadcrumb-item awb-breadcrumb-sep awb-home\" ><a href=\"https:\/\/www.service-public.pf\/biosecurite\" class=\"fusion-breadcrumb-link\"><span >Home<\/span><\/a><\/li><\/ol><\/nav><\/div><\/div><div class=\"fusion-layout-column fusion_builder_column fusion-builder-column-2 fusion_builder_column_3_4 3_4 fusion-flex-column\" style=\"--awb-bg-size:cover;--awb-width-large:75%;--awb-margin-top-large:0px;--awb-spacing-right-large:2.56%;--awb-margin-bottom-large:20px;--awb-spacing-left-large:2.56%;--awb-width-medium:100%;--awb-order-medium:0;--awb-spacing-right-medium:1.92%;--awb-spacing-left-medium:1.92%;--awb-width-small:100%;--awb-order-small:0;--awb-spacing-right-small:1.92%;--awb-spacing-left-small:1.92%;\"><div class=\"fusion-column-wrapper fusion-column-has-shadow fusion-flex-justify-content-center fusion-content-layout-column\"><div class=\"fusion-title title fusion-title-2 fusion-sep-none fusion-title-text fusion-title-size-two\" style=\"--awb-margin-bottom:15px;--awb-margin-top-small:0px;--awb-margin-right-small:0px;--awb-margin-bottom-small:20px;--awb-margin-left-small:0px;--awb-font-size:35px;\"><h2 class=\"fusion-title-heading title-heading-left\" style=\"margin:0;font-size:1em;\"><p><strong>Le contr\u00f4le des navires en Polyn\u00e9sie fran\u00e7aise<br \/>\n<\/strong><\/p><\/h2><\/div><div class=\"fusion-separator\" style=\"align-self: flex-start;margin-right:auto;margin-bottom:3rem;width:100%;max-width:20%;\"><div class=\"fusion-separator-border sep-single sep-solid\" style=\"--awb-height:20px;--awb-amount:20px;--awb-sep-color:#e51427;border-color:#e51427;border-top-width:8px;\"><\/div><\/div><div class=\"accordian fusion-accordian vct_toggle\" style=\"--awb-border-size:1px;--awb-icon-size:13px;--awb-content-font-size:15px;--awb-icon-alignment:right;--awb-hover-color:#f9f9f9;--awb-border-color:#cccccc;--awb-background-color:#ffffff;--awb-divider-color:#e0dede;--awb-divider-hover-color:#e0dede;--awb-icon-color:#ffffff;--awb-title-color:#ffffff;--awb-content-color:#000000;--awb-icon-box-color:#333333;--awb-toggle-hover-accent-color:rgba(255,255,255,0);--awb-toggle-active-accent-color:rgba(255,255,255,0);--awb-title-font-family:&quot;Roboto&quot;;--awb-title-font-weight:400;--awb-title-font-style:normal;--awb-title-font-size:1.125rem;--awb-content-font-family:&quot;Roboto&quot;;--awb-content-font-style:normal;--awb-content-font-weight:400;\"><div class=\"panel-group fusion-toggle-icon-right fusion-toggle-icon-boxed\" id=\"accordion-25897-1\"><div class=\"fusion-panel panel-default panel-773301d1a6c83b85b fusion-toggle-has-divider\" style=\"--awb-title-color:#ffffff;--awb-content-color:#333333;\"><div class=\"panel-heading\"><h3 class=\"panel-title toggle\" id=\"toggle_773301d1a6c83b85b\"><a class=\"active\" aria-expanded=\"true\" aria-controls=\"773301d1a6c83b85b\" role=\"button\" data-toggle=\"collapse\" data-parent=\"#accordion-25897-1\" data-target=\"#773301d1a6c83b85b\" href=\"#773301d1a6c83b85b\"><span class=\"fusion-toggle-icon-wrapper\" aria-hidden=\"true\"><i class=\"fa-fusion-box active-icon awb-icon-minus\" aria-hidden=\"true\"><\/i><i class=\"fa-fusion-box inactive-icon awb-icon-plus\" aria-hidden=\"true\"><\/i><\/span><span class=\"fusion-toggle-heading\">Conditions g\u00e9n\u00e9rales<\/span><\/a><\/h3><\/div><div id=\"773301d1a6c83b85b\" class=\"panel-collapse collapse in\" aria-labelledby=\"toggle_773301d1a6c83b85b\"><div class=\"panel-body toggle-content fusion-clearfix\">\n<p style=\"text-align: justify\">Pour pouvoir \u00eatre import\u00e9es, les marchandises doivent \u00eatre soumises \u00e0 un contr\u00f4le documentaire et physique. Le fait d\u2019importer ou tenter d\u2019importer des articles pr\u00e9sentant un risque pour la bios\u00e9curit\u00e9 sans se soumettre aux contr\u00f4les constitue une infraction punie de 6 mois d\u2019emprisonnement et d\u2019une amende de 3 570 000 francs pacifiques.<\/p>\n<p style=\"text-align: justify\">Par ailleurs, tout navire (de plaisance, cargo, de p\u00eache, cimentier\u2026) en provenance de l\u2019ext\u00e9rieur du territoire doit subir un arraisonnement par les agents de bios\u00e9curit\u00e9 dans le point d\u2019entr\u00e9e internationale (Tahiti).<\/p>\n<p>En cas de transport d&rsquo;animaux, le <b>transit<\/b> en Polyn\u00e9sie fran\u00e7aise peut \u00eatre interdit selon l&rsquo;infestation des pays d&rsquo;escale.<\/p>\n<\/div><\/div><\/div><div class=\"fusion-panel panel-default panel-7000c5c251dc95d71 fusion-toggle-has-divider\" style=\"--awb-title-color:#ffffff;--awb-content-color:#333333;\"><div class=\"panel-heading\"><h3 class=\"panel-title toggle\" id=\"toggle_7000c5c251dc95d71\"><a class=\"active\" aria-expanded=\"true\" aria-controls=\"7000c5c251dc95d71\" role=\"button\" data-toggle=\"collapse\" data-parent=\"#accordion-25897-1\" data-target=\"#7000c5c251dc95d71\" href=\"#7000c5c251dc95d71\"><span class=\"fusion-toggle-icon-wrapper\" aria-hidden=\"true\"><i class=\"fa-fusion-box active-icon awb-icon-minus\" aria-hidden=\"true\"><\/i><i class=\"fa-fusion-box inactive-icon awb-icon-plus\" aria-hidden=\"true\"><\/i><\/span><span class=\"fusion-toggle-heading\">Conditions sp\u00e9cifiques<\/span><\/a><\/h3><\/div><div id=\"7000c5c251dc95d71\" class=\"panel-collapse collapse in\" aria-labelledby=\"toggle_7000c5c251dc95d71\"><div class=\"panel-body toggle-content fusion-clearfix\">\n<p style=\"text-align: justify\">Le point d\u2019entr\u00e9e officiel est le port international de Tahiti \u2013 Papeete pour les navires de commerce.<br \/>\nUn arraisonnement et un contr\u00f4le de bios\u00e9curit\u00e9 documentaire et physique sont effectu\u00e9s au point d\u2019entr\u00e9e officiel.<br \/>\nEn cas d\u2019escale dans un pays infest\u00e9 par les insectes de quarantaine du cocotier avec op\u00e9rations de manutention, ou par la fi\u00e8vre catarrhale ovine, la maladie h\u00e9morragique \u00e9pizootique, la fi\u00e8vre aphteuse, la fi\u00e8vre de la vall\u00e9e du Rift, la myiase \u00e0 <em>Cochliomyia hominivorax<\/em> ou <em>bezziana<\/em>, les navires accostent dans le port de Papeete entre 6h30 et 16h30 et subissent un traitement insecticide des cales. Le fret (conteneurs et marchandises) pour la Polyn\u00e9sie fran\u00e7aise est trait\u00e9 au d\u00e9part des pays infest\u00e9s. Aucune cale ouverte entre 16h30 et 6h30 en pays infest\u00e9 ne contient de fret pour la PF et ruminants\/suid\u00e9s en transit et les cales contenant des chargements embarqu\u00e9s pour une destination autre que PF ne sont pas ouvertes en PF. Les d\u00e9jections d\u2019animaux en transit ne sont pas descendues \u00e0 terre ou largu\u00e9es en lagon.<br \/>\nLes cales sont inspect\u00e9es et trait\u00e9es le cas \u00e9ch\u00e9ant. Les bagages \u00e0 main, fret, bagages de cale, animaux, provision de bord et d\u00e9chets de bord peuvent \u00eatre inspect\u00e9s et trait\u00e9s. Les sacs des d\u00e9chets de bord sont ferm\u00e9s et scell\u00e9s, plac\u00e9s dans des conteneurs herm\u00e9tiquement ferm\u00e9s et scell\u00e9s pour traitement thermique (seule l\u2019\u00eele de Tahiti peut les traiter).<\/p>\n<p style=\"text-align: justify\"><strong>Cas des paquebots de croisi\u00e8re\u00a0:<\/strong> Aucune provision de bord introduite en transbordement n\u2019est descendue \u00e0 terre pour l\u2019organisation de pique-nique et des mesures sont prises pour \u00e9viter leur descente \u00e0 terre par les passagers. S\u2019il vient d\u2019un pays infest\u00e9 par les insectes de quarantaine du cocotier, tous les produits d\u2019origine v\u00e9g\u00e9tale sont consign\u00e9s \u00e0 bord, enferm\u00e9s et scell\u00e9s.<\/p>\n<\/div><\/div><\/div><div class=\"fusion-panel panel-default panel-b79ff34301acc8db3 fusion-toggle-has-divider\" style=\"--awb-title-color:#ffffff;--awb-content-color:#333333;\"><div class=\"panel-heading\"><h3 class=\"panel-title toggle\" id=\"toggle_b79ff34301acc8db3\"><a class=\"active\" aria-expanded=\"true\" aria-controls=\"b79ff34301acc8db3\" role=\"button\" data-toggle=\"collapse\" data-parent=\"#accordion-25897-1\" data-target=\"#b79ff34301acc8db3\" href=\"#b79ff34301acc8db3\"><span class=\"fusion-toggle-icon-wrapper\" aria-hidden=\"true\"><i class=\"fa-fusion-box active-icon awb-icon-minus\" aria-hidden=\"true\"><\/i><i class=\"fa-fusion-box inactive-icon awb-icon-plus\" aria-hidden=\"true\"><\/i><\/span><span class=\"fusion-toggle-heading\">Ce qu\u2019il faut faire<\/span><\/a><\/h3><\/div><div id=\"b79ff34301acc8db3\" class=\"panel-collapse collapse in\" aria-labelledby=\"toggle_b79ff34301acc8db3\"><div class=\"panel-body toggle-content fusion-clearfix\">\n<p style=\"text-align: justify\"><strong>Au d\u00e9part de la pr\u00e9c\u00e9dente escale\u00a0:<\/strong> se renseigner sur les conditions d\u2019atterrissage\/accostage selon le dernier pays touch\u00e9<\/p>\n<p style=\"text-align: justify\"><strong>A l\u2019entr\u00e9e sur le territoire douanier\u00a0:<\/strong> pr\u00e9senter la d\u00e9claration d\u2019arriv\u00e9e pr\u00e9alable et les documents suivants\u00a0:<br \/>\nPour les navires : permis de sortie \u00ab clearance \u00bb de l\u2019autorit\u00e9 comp\u00e9tente du dernier pays touch\u00e9, liste des ports touch\u00e9s, questionnaire relatif aux conditions de toucher du navire en pays infest\u00e9, certificat de d\u00e9ratisation, phytosanitaire et liste des escales si animaux.<\/p>\n<p style=\"text-align: justify\"><strong>Apr\u00e8s l\u2019arriv\u00e9e en PF<\/strong> : se conformer aux injonctions relatives aux conditions de fermeture et d\u2019ouverture de l\u2019appareil\/des cales et de s\u00e9jour en PF, op\u00e9rations de nettoyage et d\u00e9sinfection, r\u00e9glementation interinsulaire de bios\u00e9curit\u00e9. Par ailleurs, l\u2019importation de marchandises transport\u00e9es via des a\u00e9ronefs ou navires doit r\u00e9pondre aux exigences de bios\u00e9curit\u00e9.<\/p>\n<p style=\"text-align: justify\"><strong>Si non-conformit\u00e9\u00a0: <\/strong>interdiction d\u2019ouvrir les portes de l\u2019a\u00e9ronef ou d\u2019accoster \u00e0 quai ou de s\u2019approcher \u00e0 moins de 400 m\u00e8tres des c\u00f4tes des \u00eeles de la Polyn\u00e9sie fran\u00e7aise<\/p>\n<\/div><\/div><\/div><\/div><\/div><div class=\"accordian fusion-accordian vct_toggle\" style=\"--awb-border-size:1px;--awb-icon-size:13px;--awb-content-font-size:15px;--awb-icon-alignment:right;--awb-hover-color:#f9f9f9;--awb-border-color:#cccccc;--awb-background-color:#ffffff;--awb-divider-color:#e0dede;--awb-divider-hover-color:#e0dede;--awb-icon-color:#ffffff;--awb-title-color:#ffffff;--awb-content-color:#000000;--awb-icon-box-color:#333333;--awb-toggle-hover-accent-color:rgba(255,255,255,0);--awb-toggle-active-accent-color:rgba(255,255,255,0);--awb-title-font-family:&quot;Roboto&quot;;--awb-title-font-weight:400;--awb-title-font-style:normal;--awb-title-font-size:1.125rem;--awb-content-font-family:&quot;Roboto&quot;;--awb-content-font-style:normal;--awb-content-font-weight:400;\"><div class=\"panel-group fusion-toggle-icon-right fusion-toggle-icon-boxed\" id=\"accordion-25897-2\"><div class=\"fusion-panel panel-default panel-7ca97299c6ec1fa16 fusion-toggle-has-divider\" style=\"--awb-title-color:#ffffff;--awb-content-color:#333333;\"><div class=\"panel-heading\"><h3 class=\"panel-title toggle\" id=\"toggle_7ca97299c6ec1fa16\"><a class=\"active\" aria-expanded=\"true\" aria-controls=\"7ca97299c6ec1fa16\" role=\"button\" data-toggle=\"collapse\" data-parent=\"#accordion-25897-2\" data-target=\"#7ca97299c6ec1fa16\" href=\"#7ca97299c6ec1fa16\"><span class=\"fusion-toggle-icon-wrapper\" aria-hidden=\"true\"><i class=\"fa-fusion-box active-icon awb-icon-minus\" aria-hidden=\"true\"><\/i><i class=\"fa-fusion-box inactive-icon awb-icon-plus\" aria-hidden=\"true\"><\/i><\/span><span class=\"fusion-toggle-heading\">Nous contacter<\/span><\/a><\/h3><\/div><div id=\"7ca97299c6ec1fa16\" class=\"panel-collapse collapse in\" aria-labelledby=\"toggle_7ca97299c6ec1fa16\"><div class=\"panel-body toggle-content fusion-clearfix\">\n<h1 class=\"title-heading-center fusion-responsive-typography-calculated\" data-fontsize=\"40\" data-lineheight=\"60px\">\u00a0Vous avez une question ?<\/h1>\n<div id=\"gform_17\"><a class=\"fusion-button button-flat fusion-button-default-size button-custom button-1 fusion-button-default-span fusion-button-default-type gform_button\" target=\"_self\" rel=\"noopener\"><span class=\"fusion-button-text\">Parcourir la F.A.Q<\/span><\/a><\/div>\n<h1 class=\"title-heading-center fusion-responsive-typography-calculated\" data-fontsize=\"40\" data-lineheight=\"60px\">\u00a0Envoyer un formulaire<\/h1>\n\n<\/div><\/div><\/div><\/div><\/div><\/div><\/div><div class=\"fusion-layout-column fusion_builder_column fusion-builder-column-3 fusion_builder_column_1_4 1_4 fusion-flex-column\" style=\"--awb-bg-size:cover;--awb-width-large:25%;--awb-margin-top-large:0px;--awb-spacing-right-large:7.68%;--awb-margin-bottom-large:20px;--awb-spacing-left-large:7.68%;--awb-width-medium:100%;--awb-order-medium:0;--awb-spacing-right-medium:1.92%;--awb-spacing-left-medium:1.92%;--awb-width-small:100%;--awb-order-small:0;--awb-spacing-right-small:1.92%;--awb-spacing-left-small:1.92%;\" data-scroll-devices=\"small-visibility,medium-visibility,large-visibility\"><div class=\"fusion-column-wrapper fusion-column-has-shadow fusion-flex-justify-content-flex-start fusion-content-layout-column\"><div class=\"fusion-builder-row fusion-builder-row-inner fusion-row fusion-flex-align-items-flex-start fusion-flex-justify-content-space-between fusion-flex-content-wrap\" style=\"--awb-flex-grow:0;--awb-flex-grow-medium:0;--awb-flex-grow-small:0;--awb-flex-shrink:0;--awb-flex-shrink-medium:0;--awb-flex-shrink-small:0;width:104% !important;max-width:104% !important;margin-left: calc(-4% \/ 2 );margin-right: calc(-4% \/ 2 );\"><div class=\"fusion-layout-column fusion_builder_column_inner fusion-builder-nested-column-0 fusion_builder_column_inner_1_1 1_1 fusion-flex-column vct_column_right\" style=\"--awb-bg-size:cover;--awb-width-large:100%;--awb-margin-top-large:0px;--awb-spacing-right-large:1.92%;--awb-margin-bottom-large:20px;--awb-spacing-left-large:1.92%;--awb-width-medium:100%;--awb-order-medium:0;--awb-spacing-right-medium:1.92%;--awb-spacing-left-medium:1.92%;--awb-width-small:100%;--awb-order-small:0;--awb-spacing-right-small:1.92%;--awb-spacing-left-small:1.92%;\"><div class=\"fusion-column-wrapper fusion-column-has-shadow fusion-flex-justify-content-flex-start fusion-content-layout-column\"><div class=\"fusion-title title fusion-title-3 fusion-sep-none fusion-title-text fusion-title-size-three vct_icon_title_left_blue\" style=\"--awb-text-color:#ffffff;--awb-margin-bottom:0px;--awb-margin-top-small:0px;--awb-margin-right-small:0px;--awb-margin-bottom-small:0px;--awb-margin-left-small:0px;--awb-font-size:1.125rem;\"><h3 class=\"fusion-title-heading title-heading-left\" style=\"margin:0;font-size:1em;\">Formulaire \u00e0 t\u00e9l\u00e9charger<\/h3><\/div><div class=\"fusion-text fusion-text-1\"><p>\u2022 <a href=\"#\">Formulaire 1<\/a><br \/>\n\u2022 <a href=\"#\">Formulaire 2<\/a><br \/>\n\u2022 <a href=\"#\">Formulaire 3<\/a><\/p>\n<\/div><\/div><\/div><div class=\"fusion-layout-column fusion_builder_column_inner fusion-builder-nested-column-1 fusion_builder_column_inner_1_1 1_1 fusion-flex-column vct_column_right\" style=\"--awb-bg-size:cover;--awb-width-large:100%;--awb-margin-top-large:0px;--awb-spacing-right-large:1.92%;--awb-margin-bottom-large:20px;--awb-spacing-left-large:1.92%;--awb-width-medium:100%;--awb-order-medium:0;--awb-spacing-right-medium:1.92%;--awb-spacing-left-medium:1.92%;--awb-width-small:100%;--awb-order-small:0;--awb-spacing-right-small:1.92%;--awb-spacing-left-small:1.92%;\"><div class=\"fusion-column-wrapper fusion-column-has-shadow fusion-flex-justify-content-flex-start fusion-content-layout-column\"><div class=\"fusion-title title fusion-title-4 fusion-sep-none fusion-title-text fusion-title-size-three vct_icon_title_left_blue\" style=\"--awb-text-color:#ffffff;--awb-margin-bottom:0px;--awb-margin-top-small:0px;--awb-margin-right-small:0px;--awb-margin-bottom-small:0px;--awb-margin-left-small:0px;--awb-font-size:1.125rem;\"><h3 class=\"fusion-title-heading title-heading-left\" style=\"margin:0;font-size:1em;\">R\u00e9glementation<\/h3><\/div><div class=\"fusion-text fusion-text-2\"><p><a href=\"https:\/\/lexpol.cloud.pf\/LexpolAfficheTexte.php?texte=396989&amp;idr=0&amp;np=1\">Loi du Pays n\u00b0 2013-12 du 6 mai 2013<\/a><br \/>\n<a href=\"https:\/\/lexpol.cloud.pf\/LexpolAfficheTexte.php?texte=109063&amp;idr=0&amp;np=1\">Arr\u00eat\u00e9 n\u00b0 1266 CM du 20 d\u00e9cembre 1985 modifi\u00e9<\/a><br \/>\n<a href=\"https:\/\/lexpol.cloud.pf\/LexpolAfficheTexte.php?texte=455661&amp;idr=0&amp;np=1\">Arr\u00eat\u00e9 n\u00b0 979 CM du 24 juillet 2015 modifi\u00e9<\/a><br \/>\n<a href=\"https:\/\/lexpol.cloud.pf\/LexpolAfficheTexte.php?texte=459755&amp;idr=174&amp;np=1\">Arr\u00eat\u00e9 n\u00b0 1975 CM du 3 d\u00e9cembre 2015<\/a><\/p>\n<p><a href=\"https:\/\/lexpol.cloud.pf\/LexpolAfficheTexte.php?texte=479999&amp;idr=757&amp;np=1\">Arr\u00eat\u00e9 n\u00b0 110 CM du 7 f\u00e9vrier 2017<\/a><\/p>\n<\/div><\/div><\/div><div class=\"fusion-layout-column fusion_builder_column_inner fusion-builder-nested-column-2 fusion_builder_column_inner_1_1 1_1 fusion-flex-column vct_column_right\" style=\"--awb-bg-size:cover;--awb-width-large:100%;--awb-margin-top-large:0px;--awb-spacing-right-large:1.92%;--awb-margin-bottom-large:20px;--awb-spacing-left-large:1.92%;--awb-width-medium:100%;--awb-order-medium:0;--awb-spacing-right-medium:1.92%;--awb-spacing-left-medium:1.92%;--awb-width-small:100%;--awb-order-small:0;--awb-spacing-right-small:1.92%;--awb-spacing-left-small:1.92%;\"><div class=\"fusion-column-wrapper fusion-column-has-shadow fusion-flex-justify-content-flex-start fusion-content-layout-column\"><div class=\"fusion-title title fusion-title-5 fusion-sep-none fusion-title-text fusion-title-size-three vct_icon_title_left_blue\" style=\"--awb-text-color:#ffffff;--awb-margin-bottom:0px;--awb-margin-top-small:0px;--awb-margin-right-small:0px;--awb-margin-bottom-small:0px;--awb-margin-left-small:0px;--awb-font-size:1.125rem;\"><h3 class=\"fusion-title-heading title-heading-left\" style=\"margin:0;font-size:1em;\">Notes aux importateurs<\/h3><\/div><div class=\"fusion-text fusion-text-3\"><p>Notes aux acconiers, gestionnaires des ports<\/p>\n<\/div><\/div><\/div><div class=\"fusion-layout-column fusion_builder_column_inner fusion-builder-nested-column-3 fusion_builder_column_inner_1_1 1_1 fusion-flex-column vct_column_right\" style=\"--awb-bg-size:cover;--awb-width-large:100%;--awb-margin-top-large:0px;--awb-spacing-right-large:1.92%;--awb-margin-bottom-large:20px;--awb-spacing-left-large:1.92%;--awb-width-medium:100%;--awb-order-medium:0;--awb-spacing-right-medium:1.92%;--awb-spacing-left-medium:1.92%;--awb-width-small:100%;--awb-order-small:0;--awb-spacing-right-small:1.92%;--awb-spacing-left-small:1.92%;\"><div class=\"fusion-column-wrapper fusion-column-has-shadow fusion-flex-justify-content-flex-start fusion-content-layout-column\"><div class=\"fusion-title title fusion-title-6 fusion-sep-none fusion-title-text fusion-title-size-three vct_icon_title_left_blue\" style=\"--awb-text-color:#ffffff;--awb-margin-bottom:0px;--awb-margin-top-small:0px;--awb-margin-right-small:0px;--awb-margin-bottom-small:0px;--awb-margin-left-small:0px;--awb-font-size:1.125rem;\"><h3 class=\"fusion-title-heading title-heading-left\" style=\"margin:0;font-size:1em;\">Tarifs<\/h3><\/div><div class=\"fusion-text fusion-text-4\"><p><a href=\"https:\/\/lexpol.cloud.pf\/LexpolAfficheTexte.php?texte=459542&amp;idr=0&amp;np=1\">Arr\u00eat\u00e9 n\u00b0 1920 CM du 26 novembre 2015 modifi\u00e9<\/a><\/p>\n<\/div><\/div><\/div><div class=\"fusion-layout-column fusion_builder_column_inner fusion-builder-nested-column-4 fusion_builder_column_inner_1_1 1_1 fusion-flex-column vct_column_right\" style=\"--awb-bg-size:cover;--awb-width-large:100%;--awb-margin-top-large:0px;--awb-spacing-right-large:1.92%;--awb-margin-bottom-large:20px;--awb-spacing-left-large:1.92%;--awb-width-medium:100%;--awb-order-medium:0;--awb-spacing-right-medium:1.92%;--awb-spacing-left-medium:1.92%;--awb-width-small:100%;--awb-order-small:0;--awb-spacing-right-small:1.92%;--awb-spacing-left-small:1.92%;\"><div class=\"fusion-column-wrapper fusion-column-has-shadow fusion-flex-justify-content-flex-start fusion-content-layout-column\"><div class=\"fusion-title title fusion-title-7 fusion-sep-none fusion-title-text fusion-title-size-three vct_icon_title_left_blue\" style=\"--awb-text-color:#ffffff;--awb-margin-bottom:0px;--awb-margin-top-small:0px;--awb-margin-right-small:0px;--awb-margin-bottom-small:0px;--awb-margin-left-small:0px;--awb-font-size:1.125rem;\"><h3 class=\"fusion-title-heading title-heading-left\" style=\"margin:0;font-size:1em;\">Nous contacter<\/h3><\/div><div class=\"fusion-text fusion-text-5\"><p>Service: Cellule phytosanitaire<br \/>\nE-mail : phyto.dbs@biosecurite.gov.pf<br \/>\nT\u00e9l\u00e9phone: + (689) 40 544 585<\/p>\n<\/div><\/div><\/div><\/div><\/div><\/div><\/div><\/div><\/p>\n","protected":false},"excerpt":{"rendered":"","protected":false},"author":240,"featured_media":23468,"parent":23449,"menu_order":0,"comment_status":"closed","ping_status":"closed","template":"","meta":{"_seopress_robots_primary_cat":"","_seopress_titles_title":"","_seopress_titles_desc":"","_seopress_robots_index":"","footnotes":""},"class_list":["post-25897","page","type-page","status-publish","has-post-thumbnail","hentry"],"_links":{"self":[{"href":"https:\/\/www.service-public.pf\/biosecurite\/wp-json\/wp\/v2\/pages\/25897","targetHints":{"allow":["GET"]}}],"collection":[{"href":"https:\/\/www.service-public.pf\/biosecurite\/wp-json\/wp\/v2\/pages"}],"about":[{"href":"https:\/\/www.service-public.pf\/biosecurite\/wp-json\/wp\/v2\/types\/page"}],"author":[{"embeddable":true,"href":"https:\/\/www.service-public.pf\/biosecurite\/wp-json\/wp\/v2\/users\/240"}],"replies":[{"embeddable":true,"href":"https:\/\/www.service-public.pf\/biosecurite\/wp-json\/wp\/v2\/comments?post=25897"}],"version-history":[{"count":0,"href":"https:\/\/www.service-public.pf\/biosecurite\/wp-json\/wp\/v2\/pages\/25897\/revisions"}],"up":[{"embeddable":true,"href":"https:\/\/www.service-public.pf\/biosecurite\/wp-json\/wp\/v2\/pages\/23449"}],"wp:featuredmedia":[{"embeddable":true,"href":"https:\/\/www.service-public.pf\/biosecurite\/wp-json\/wp\/v2\/media\/23468"}],"wp:attachment":[{"href":"https:\/\/www.service-public.pf\/biosecurite\/wp-json\/wp\/v2\/media?parent=25897"}],"curies":[{"name":"wp","href":"https:\/\/api.w.org\/{rel}","templated":true}]}}