{"id":26034,"date":"2023-11-22T10:21:13","date_gmt":"2023-11-22T20:21:13","guid":{"rendered":"https:\/\/www.service-public.pf\/biosecurite\/?page_id=26034"},"modified":"2024-05-23T11:50:07","modified_gmt":"2024-05-23T21:50:07","slug":"transport-interinsulaire-de-materiaux-de-construction","status":"publish","type":"page","link":"https:\/\/www.service-public.pf\/biosecurite\/accueil\/professionnels-2\/transport-entre-les-iles\/transport-interinsulaire-de-materiaux-de-construction\/","title":{"rendered":"Mat\u00e9riaux divers"},"content":{"rendered":"<p><div class=\"fusion-fullwidth fullwidth-box fusion-builder-row-1 fusion-flex-container has-pattern-background has-mask-background fusion-parallax-none nonhundred-percent-fullwidth non-hundred-percent-height-scrolling vct_border_bottom_separator\" style=\"--awb-border-radius-top-left:0px;--awb-border-radius-top-right:0px;--awb-border-radius-bottom-right:0px;--awb-border-radius-bottom-left:0px;--awb-background-image:linear-gradient(180deg, rgba(0,0,0,0) 0%,rgba(0,0,0,0.8) 100%),url(https:\/\/www.service-public.pf\/biosecurite\/wp-content\/uploads\/sites\/43\/2023\/04\/40.png);;--awb-background-size:cover;--awb-flex-wrap:wrap;\" ><div class=\"fusion-builder-row fusion-row fusion-flex-align-items-flex-start fusion-flex-content-wrap\" style=\"max-width:1144px;margin-left: calc(-4% \/ 2 );margin-right: calc(-4% \/ 2 );\"><div class=\"fusion-layout-column fusion_builder_column fusion-builder-column-0 fusion_builder_column_1_1 1_1 fusion-flex-column\" style=\"--awb-padding-top:6vw;--awb-padding-right:5vw;--awb-padding-bottom:3vw;--awb-padding-left:5vw;--awb-bg-size:cover;--awb-width-large:100%;--awb-margin-top-large:0px;--awb-spacing-right-large:1.92%;--awb-margin-bottom-large:0px;--awb-spacing-left-large:1.92%;--awb-width-medium:100%;--awb-order-medium:0;--awb-spacing-right-medium:1.92%;--awb-spacing-left-medium:1.92%;--awb-width-small:100%;--awb-order-small:0;--awb-spacing-right-small:1.92%;--awb-spacing-left-small:1.92%;\"><div class=\"fusion-column-wrapper fusion-column-has-shadow fusion-flex-justify-content-flex-start fusion-content-layout-column\"><div class=\"fusion-title title fusion-title-1 fusion-sep-none fusion-title-text fusion-title-size-one\" style=\"--awb-text-color:#ffffff;--awb-margin-top-small:0px;--awb-margin-right-small:0px;--awb-margin-bottom-small:20px;--awb-margin-left-small:0px;--awb-font-size:3rem;\"><h1 class=\"fusion-title-heading title-heading-left\" style=\"margin:0;font-size:1em;\">Professionnels<\/h1><\/div><\/div><\/div><\/div><\/div><div class=\"fusion-fullwidth fullwidth-box fusion-builder-row-2 fusion-flex-container has-pattern-background has-mask-background nonhundred-percent-fullwidth non-hundred-percent-height-scrolling\" style=\"--awb-border-radius-top-left:0px;--awb-border-radius-top-right:0px;--awb-border-radius-bottom-right:0px;--awb-border-radius-bottom-left:0px;--awb-padding-right:5vw;--awb-padding-left:5vw;--awb-flex-wrap:wrap;\" ><div class=\"fusion-builder-row fusion-row fusion-flex-align-items-flex-start fusion-flex-justify-content-space-between fusion-flex-content-wrap\" style=\"max-width:1144px;margin-left: calc(-4% \/ 2 );margin-right: calc(-4% \/ 2 );\"><div class=\"fusion-layout-column fusion_builder_column fusion-builder-column-1 fusion_builder_column_1_1 1_1 fusion-flex-column\" style=\"--awb-bg-color:#ffffff;--awb-bg-color-hover:#ffffff;--awb-bg-size:cover;--awb-width-large:100%;--awb-margin-top-large:30px;--awb-spacing-right-large:1.92%;--awb-margin-bottom-large:30px;--awb-spacing-left-large:1.92%;--awb-width-medium:100%;--awb-order-medium:0;--awb-spacing-right-medium:1.92%;--awb-spacing-left-medium:1.92%;--awb-width-small:100%;--awb-order-small:0;--awb-spacing-right-small:1.92%;--awb-spacing-left-small:1.92%;\"><div class=\"fusion-column-wrapper fusion-column-has-shadow fusion-flex-justify-content-flex-start fusion-content-layout-column\"><nav class=\"fusion-breadcrumbs fusion-breadcrumbs-1\" style=\"--awb-font-size:16px;--awb-text-hover-color:#e51427;--awb-text-color:#12284d;--awb-breadcrumb-sep:&#039;&gt;&#039;;\" aria-label=\"Breadcrumb\"><ol class=\"awb-breadcrumb-list\"><li class=\"fusion-breadcrumb-item awb-breadcrumb-sep awb-home\" ><a href=\"https:\/\/www.service-public.pf\/biosecurite\" class=\"fusion-breadcrumb-link\"><span >Home<\/span><\/a><\/li><\/ol><\/nav><\/div><\/div><div class=\"fusion-layout-column fusion_builder_column fusion-builder-column-2 fusion_builder_column_3_4 3_4 fusion-flex-column\" style=\"--awb-bg-size:cover;--awb-width-large:75%;--awb-margin-top-large:0px;--awb-spacing-right-large:2.56%;--awb-margin-bottom-large:20px;--awb-spacing-left-large:2.56%;--awb-width-medium:100%;--awb-order-medium:0;--awb-spacing-right-medium:1.92%;--awb-spacing-left-medium:1.92%;--awb-width-small:100%;--awb-order-small:0;--awb-spacing-right-small:1.92%;--awb-spacing-left-small:1.92%;\"><div class=\"fusion-column-wrapper fusion-column-has-shadow fusion-flex-justify-content-center fusion-content-layout-column\"><div class=\"fusion-title title fusion-title-2 fusion-sep-none fusion-title-text fusion-title-size-two\" style=\"--awb-margin-bottom:5px;--awb-margin-top-small:0px;--awb-margin-right-small:0px;--awb-margin-bottom-small:20px;--awb-margin-left-small:0px;--awb-font-size:2.5rem;\"><h2 class=\"fusion-title-heading title-heading-left\" style=\"margin:0;font-size:1em;\"><p><strong>Transport interinsulaire de mat\u00e9riaux divers<br \/>\n<\/strong><\/p><\/h2><\/div><div class=\"fusion-separator\" style=\"align-self: flex-start;margin-right:auto;margin-bottom:3rem;width:100%;max-width:20%;\"><div class=\"fusion-separator-border sep-single sep-solid\" style=\"--awb-height:20px;--awb-amount:20px;--awb-sep-color:#e51427;border-color:#e51427;border-top-width:8px;\"><\/div><\/div><div class=\"accordian fusion-accordian vct_toggle\" style=\"--awb-border-size:1px;--awb-icon-size:13px;--awb-content-font-size:15px;--awb-icon-alignment:right;--awb-hover-color:#f9f9f9;--awb-border-color:#cccccc;--awb-background-color:#ffffff;--awb-divider-color:#e0dede;--awb-divider-hover-color:#e0dede;--awb-icon-color:#ffffff;--awb-title-color:#ffffff;--awb-content-color:#000000;--awb-icon-box-color:#333333;--awb-toggle-hover-accent-color:rgba(255,255,255,0);--awb-toggle-active-accent-color:rgba(255,255,255,0);--awb-title-font-family:&quot;Roboto&quot;;--awb-title-font-weight:400;--awb-title-font-style:normal;--awb-title-font-size:1.125rem;--awb-content-font-family:&quot;Roboto&quot;;--awb-content-font-style:normal;--awb-content-font-weight:400;\"><div class=\"panel-group fusion-toggle-icon-right fusion-toggle-icon-boxed\" id=\"accordion-26034-1\"><div class=\"fusion-panel panel-default panel-0ef0b4789d59bfc77 fusion-toggle-has-divider\" style=\"--awb-title-color:#ffffff;--awb-content-color:#333333;\"><div class=\"panel-heading\"><h3 class=\"panel-title toggle\" id=\"toggle_0ef0b4789d59bfc77\"><a class=\"active\" aria-expanded=\"true\" aria-controls=\"0ef0b4789d59bfc77\" role=\"button\" data-toggle=\"collapse\" data-target=\"#0ef0b4789d59bfc77\" href=\"#0ef0b4789d59bfc77\"><span class=\"fusion-toggle-icon-wrapper\" aria-hidden=\"true\"><i class=\"fa-fusion-box active-icon awb-icon-minus\" aria-hidden=\"true\"><\/i><i class=\"fa-fusion-box inactive-icon awb-icon-plus\" aria-hidden=\"true\"><\/i><\/span><span class=\"fusion-toggle-heading\">Conditions g\u00e9n\u00e9rales <\/span><\/a><\/h3><\/div><div id=\"0ef0b4789d59bfc77\" class=\"panel-collapse collapse in\" aria-labelledby=\"toggle_0ef0b4789d59bfc77\"><div class=\"panel-body toggle-content fusion-clearfix\">\n<p class=\"x_elementToProof\" style=\"text-align: justify\">Les produits non-v\u00e9g\u00e9taux en provenance d\u2019un site contamin\u00e9 par la <strong>petite fourmi de feu<\/strong> (<em>Wasmannia auropunctata<\/em>) constituent des articles r\u00e9glement\u00e9s dont le transport entre une \u00eele de la Polyn\u00e9sie infest\u00e9e par la petite fourmi de feu et une \u00eele indemne ou prot\u00e9g\u00e9e est subordonn\u00e9 \u00e0 l\u2019application d\u2019un traitement phytosanitaire suivie de la d\u00e9livrance d\u2019une autorisation de transport interinsulaire (ATI).<\/p>\n<p class=\"x_elementToProof\" style=\"text-align: justify\">A ce titre, les mat\u00e9riaux de construction suivants doivent imp\u00e9rativement \u00eatre <strong>soumis \u00e0 un traitement permettant d&rsquo;\u00e9liminer la petite fourmi de feu<\/strong> :<\/p>\n<ul style=\"list-style-type: circle\">\n<li class=\"x_elementToProof\" style=\"text-align: justify\">les agr\u00e9gats,<\/li>\n<li class=\"x_elementToProof\" style=\"text-align: justify\">les parpaings,<\/li>\n<li class=\"x_elementToProof\" style=\"text-align: justify\">le ciment,<\/li>\n<li class=\"x_elementToProof\" style=\"text-align: justify\">les t\u00f4les,<\/li>\n<li class=\"x_elementToProof\" style=\"text-align: justify\">les pr\u00e9dalles en b\u00e9ton,<\/li>\n<li class=\"x_elementToProof\" style=\"text-align: justify\">les tubes en acier,<\/li>\n<li class=\"x_elementToProof\" style=\"text-align: justify\">les treillis soud\u00e9s,<\/li>\n<li class=\"x_elementToProof\" style=\"text-align: justify\">les fers \u00e0 b\u00e9ton.<\/li>\n<\/ul>\n<p>Les mat\u00e9riaux de construction <strong>non-list\u00e9s<\/strong>, tels les clous, vis, \u00e9querres, qui ne pr\u00e9sentent pas de risque sanitaire, <strong>n\u2019ont pas<\/strong> \u00e0 subir ce traitement ni \u00e0 b\u00e9n\u00e9ficier d&rsquo;une ATI.<\/p>\n<p class=\"x_elementToProof\" style=\"text-align: justify\">Le bois et ces d\u00e9riv\u00e9s doivent r\u00e9pondre \u00e0 des <a href=\"https:\/\/www.service-public.pf\/biosecurite\/accueil\/professionnels-2\/transport-entre-les-iles\/transport-interinsulaire-de-bois-et-produits-en-bois-2\/\">exigences sp\u00e9cifiques au bois<\/a>.<\/p>\n<p class=\"x_elementToProof\" style=\"text-align: justify\">A noter que les <a href=\"https:\/\/www.service-public.pf\/biosecurite\/accueil\/professionnels-2\/etablissements-agrees-biosecurite\/etablissements-agrees-2\/\">entreprises agr\u00e9\u00e9es<\/a> ne sont pas oblig\u00e9es de se soumettre \u00e0 un contr\u00f4le physique syst\u00e9matique des marchandises avant envoi.<\/p>\n<\/div><\/div><\/div><div class=\"fusion-panel panel-default panel-6bc90e3ae820e226a fusion-toggle-has-divider\" style=\"--awb-title-color:#ffffff;--awb-content-color:#333333;\"><div class=\"panel-heading\"><h3 class=\"panel-title toggle\" id=\"toggle_6bc90e3ae820e226a\"><a class=\"active\" aria-expanded=\"true\" aria-controls=\"6bc90e3ae820e226a\" role=\"button\" data-toggle=\"collapse\" data-target=\"#6bc90e3ae820e226a\" href=\"#6bc90e3ae820e226a\"><span class=\"fusion-toggle-icon-wrapper\" aria-hidden=\"true\"><i class=\"fa-fusion-box active-icon awb-icon-minus\" aria-hidden=\"true\"><\/i><i class=\"fa-fusion-box inactive-icon awb-icon-plus\" aria-hidden=\"true\"><\/i><\/span><span class=\"fusion-toggle-heading\">Traitement des mat\u00e9riaux de construction<\/span><\/a><\/h3><\/div><div id=\"6bc90e3ae820e226a\" class=\"panel-collapse collapse in\" aria-labelledby=\"toggle_6bc90e3ae820e226a\"><div class=\"panel-body toggle-content fusion-clearfix\">\n<p>Si vous exp\u00e9diez fr\u00e9quemment dans les \u00eeles au d\u00e9part de Tahiti, veuillez contacter la cellule phytosanitaire pour conna\u00eetre les modalit\u00e9s de prise en charge ou de traitement \u00e0 effectuer.<\/p>\n<p>Le traitement des marchandises peut \u00eatre effectu\u00e9 par la direction de la bios\u00e9curit\u00e9 <strong>sous r\u00e9serve de certaines conditions<\/strong>. Pour cela, vous devez vous renseigner aupr\u00e8s du responsable de la station de traitement par t\u00e9l\u00e9phone au 40 544 687 ou par mail: phyto.dbs@biosecurite.gov.pf.<\/p>\n<p>Traitement par fumigation au bromure de m\u00e9thyle (station de traitement de la DBS &#8211; Motu Uta)<\/p>\n<table style=\"border-collapse: collapse;width: 100%;height: 60px\">\n<tbody>\n<tr style=\"height: 24px\">\n<td style=\"width: 20.9895%;height: 24px;text-align: center\">Temp\u00e9rature (\u00b0C)<\/td>\n<td style=\"width: 19.2459%;height: 24px;text-align: center\">Dur\u00e9e (heures)<\/td>\n<td style=\"width: 16.9791%;height: 24px;text-align: center\">Concentration (g\/m3)<\/td>\n<td style=\"width: 42.7855%;height: 24px;text-align: center\">Remarques<\/td>\n<\/tr>\n<tr style=\"height: 12px\">\n<td style=\"width: 20.9895%;text-align: center;height: 12px\">28 &#8211; 32<\/td>\n<td style=\"width: 19.2459%;height: 12px;text-align: center\">12<\/td>\n<td style=\"width: 16.9791%;height: 12px;text-align: center\">20<\/td>\n<td style=\"width: 42.7855%;height: 12px\">Si aucune fourmi n&rsquo;a \u00e9t\u00e9 d\u00e9tect\u00e9e lors de l&rsquo;inspection<\/td>\n<\/tr>\n<tr style=\"height: 24px\">\n<td style=\"width: 20.9895%;text-align: center;height: 24px\">28 &#8211; 32<\/td>\n<td style=\"width: 19.2459%;height: 24px;text-align: center\">24<\/td>\n<td style=\"width: 16.9791%;height: 24px;text-align: center\">100<\/td>\n<td style=\"width: 42.7855%;height: 24px\">Si la pr\u00e9sence de fourmis a \u00e9t\u00e9 d\u00e9tect\u00e9e lors de l&rsquo;inspection<\/td>\n<\/tr>\n<\/tbody>\n<\/table>\n<p>Pour connaitre les horaires de fumigation au bromure de m\u00e9thyle, veuillez cliquer <a href=\"https:\/\/www.service-public.pf\/biosecurite\/accueil\/professionnels-2\/transport-entre-les-iles\/station-de-traitement-de-la-cellule-phytosanitaire\/\">ici<\/a>.<\/p>\n<\/div><\/div><\/div><div class=\"fusion-panel panel-default panel-a7cb109f168c9706f fusion-toggle-has-divider\" style=\"--awb-title-color:#ffffff;--awb-content-color:#333333;\"><div class=\"panel-heading\"><h3 class=\"panel-title toggle\" id=\"toggle_a7cb109f168c9706f\"><a class=\"active\" aria-expanded=\"true\" aria-controls=\"a7cb109f168c9706f\" role=\"button\" data-toggle=\"collapse\" data-target=\"#a7cb109f168c9706f\" href=\"#a7cb109f168c9706f\"><span class=\"fusion-toggle-icon-wrapper\" aria-hidden=\"true\"><i class=\"fa-fusion-box active-icon awb-icon-minus\" aria-hidden=\"true\"><\/i><i class=\"fa-fusion-box inactive-icon awb-icon-plus\" aria-hidden=\"true\"><\/i><\/span><span class=\"fusion-toggle-heading\">L'agr\u00e9ment DBS pour simplifier vos d\u00e9marches<\/span><\/a><\/h3><\/div><div id=\"a7cb109f168c9706f\" class=\"panel-collapse collapse in\" aria-labelledby=\"toggle_a7cb109f168c9706f\"><div class=\"panel-body toggle-content fusion-clearfix\">\n<p>Le transport interinsulaire de produits, susceptibles de v\u00e9hiculer des organismes nuisibles pr\u00e9sentant un risque pour la sant\u00e9 des v\u00e9g\u00e9taux, est interdit ou soumis \u00e0 conditions.<\/p>\n<p>Le transport de ces articles d\u2019une \u00eele infest\u00e9e par un organisme nuisible vers une \u00eele indemne est subordonn\u00e9e \u00e0 une inspection et un traitement par la Direction de la bios\u00e9curit\u00e9 (DBS).<\/p>\n<p>Toutefois, les \u00e9tablissements agr\u00e9\u00e9s par la DBS sont dispens\u00e9s de cette inspection et de ce traitement syst\u00e9matique.<\/p>\n<p>L\u2019agr\u00e9ment des \u00e9tablissements permet ainsi de fluidifier et de s\u00e9curiser les envois dans les \u00eeles.<\/p>\n<p><a href=\"https:\/\/www.service-public.pf\/biosecurite\/accueil\/professionnels-2\/etablissements-agrees-biosecurite\/etablissements-agrees-2\/\">Pour plus d&rsquo;informations, cliquez ici.<\/a><\/p>\n<\/div><\/div><\/div><\/div><\/div><\/div><\/div><div class=\"fusion-layout-column fusion_builder_column fusion-builder-column-3 fusion_builder_column_1_4 1_4 fusion-flex-column\" style=\"--awb-bg-size:cover;--awb-width-large:25%;--awb-margin-top-large:0px;--awb-spacing-right-large:7.68%;--awb-margin-bottom-large:20px;--awb-spacing-left-large:7.68%;--awb-width-medium:100%;--awb-order-medium:0;--awb-spacing-right-medium:1.92%;--awb-spacing-left-medium:1.92%;--awb-width-small:100%;--awb-order-small:0;--awb-spacing-right-small:1.92%;--awb-spacing-left-small:1.92%;\"><div class=\"fusion-column-wrapper fusion-column-has-shadow fusion-flex-justify-content-flex-start fusion-content-layout-column\"><div class=\"fusion-builder-row fusion-builder-row-inner fusion-row fusion-flex-align-items-flex-start fusion-flex-justify-content-space-between fusion-flex-content-wrap\" style=\"--awb-flex-grow:0;--awb-flex-grow-medium:0;--awb-flex-grow-small:0;--awb-flex-shrink:0;--awb-flex-shrink-medium:0;--awb-flex-shrink-small:0;width:104% !important;max-width:104% !important;margin-left: calc(-4% \/ 2 );margin-right: calc(-4% \/ 2 );\"><div class=\"fusion-layout-column fusion_builder_column_inner fusion-builder-nested-column-0 fusion_builder_column_inner_1_1 1_1 fusion-flex-column vct_column_right\" style=\"--awb-bg-size:cover;--awb-width-large:100%;--awb-margin-top-large:0px;--awb-spacing-right-large:1.92%;--awb-margin-bottom-large:20px;--awb-spacing-left-large:1.92%;--awb-width-medium:100%;--awb-order-medium:0;--awb-spacing-right-medium:1.92%;--awb-spacing-left-medium:1.92%;--awb-width-small:100%;--awb-order-small:0;--awb-spacing-right-small:1.92%;--awb-spacing-left-small:1.92%;\"><div class=\"fusion-column-wrapper fusion-column-has-shadow fusion-flex-justify-content-flex-start fusion-content-layout-column\"><div class=\"fusion-title title fusion-title-3 fusion-sep-none fusion-title-text fusion-title-size-three vct_icon_title_left_blue\" style=\"--awb-text-color:#ffffff;--awb-margin-bottom:0px;--awb-margin-top-small:0px;--awb-margin-right-small:0px;--awb-margin-bottom-small:0px;--awb-margin-left-small:0px;--awb-font-size:1.125rem;\"><h3 class=\"fusion-title-heading title-heading-left\" style=\"margin:0;font-size:1em;\">R\u00e8glementation<\/h3><\/div><div class=\"fusion-text fusion-text-1\"><p><a href=\"https:\/\/lexpol.cloud.pf\/LexpolAfficheTexte.php?texte=586619&amp;idr=0&amp;np=1\">Arr\u00eat\u00e9 n\u00b0 793 CM du 25 mai 2022<\/a><\/p>\n<p><a href=\"https:\/\/lexpol.cloud.pf\/LexpolAfficheTexte.php?texte=573292&amp;idr=0&amp;np=1\">Arr\u00eat\u00e9 n\u00b0 1755 CM du 26 ao\u00fbt 2021<\/a><\/p>\n<p><a href=\"https:\/\/www.service-public.pf\/biosecurite\/wp-content\/uploads\/sites\/43\/2024\/05\/n\u00b0749_note-info_liste-des-mat-de-construct\u00b0-susceptibles-de-vehiculer-des-organismes-contacts_15343982.pdf\">Liste des mat\u00e9riaux de construction r\u00e8glement\u00e9s<\/a><\/p>\n<\/div><\/div><\/div><div class=\"fusion-layout-column fusion_builder_column_inner fusion-builder-nested-column-1 fusion_builder_column_inner_1_1 1_1 fusion-flex-column vct_column_right\" style=\"--awb-bg-size:cover;--awb-width-large:100%;--awb-margin-top-large:0px;--awb-spacing-right-large:1.92%;--awb-margin-bottom-large:20px;--awb-spacing-left-large:1.92%;--awb-width-medium:100%;--awb-order-medium:0;--awb-spacing-right-medium:1.92%;--awb-spacing-left-medium:1.92%;--awb-width-small:100%;--awb-order-small:0;--awb-spacing-right-small:1.92%;--awb-spacing-left-small:1.92%;\"><div class=\"fusion-column-wrapper fusion-column-has-shadow fusion-flex-justify-content-flex-start fusion-content-layout-column\"><div class=\"fusion-title title fusion-title-4 fusion-sep-none fusion-title-text fusion-title-size-three vct_icon_title_left_blue\" style=\"--awb-text-color:#ffffff;--awb-margin-bottom:0px;--awb-margin-top-small:0px;--awb-margin-right-small:0px;--awb-margin-bottom-small:0px;--awb-margin-left-small:0px;--awb-font-size:1.125rem;\"><h3 class=\"fusion-title-heading title-heading-left\" style=\"margin:0;font-size:1em;\">Tarif<\/h3><\/div><div class=\"fusion-text fusion-text-2\"><p>ATI gratuit<\/p>\n<p>Traitement gratuit<\/p>\n<p>Cerclage \u00e0 500 xpf par unit\u00e9<\/p>\n<\/div><\/div><\/div><div class=\"fusion-layout-column fusion_builder_column_inner fusion-builder-nested-column-2 fusion_builder_column_inner_1_1 1_1 fusion-flex-column vct_column_right\" style=\"--awb-bg-size:cover;--awb-width-large:100%;--awb-margin-top-large:0px;--awb-spacing-right-large:1.92%;--awb-margin-bottom-large:20px;--awb-spacing-left-large:1.92%;--awb-width-medium:100%;--awb-order-medium:0;--awb-spacing-right-medium:1.92%;--awb-spacing-left-medium:1.92%;--awb-width-small:100%;--awb-order-small:0;--awb-spacing-right-small:1.92%;--awb-spacing-left-small:1.92%;\"><div class=\"fusion-column-wrapper fusion-column-has-shadow fusion-flex-justify-content-flex-start fusion-content-layout-column\"><div class=\"fusion-title title fusion-title-5 fusion-sep-none fusion-title-text fusion-title-size-three vct_icon_title_left_blue\" style=\"--awb-text-color:#ffffff;--awb-margin-bottom:0px;--awb-margin-top-small:0px;--awb-margin-right-small:0px;--awb-margin-bottom-small:0px;--awb-margin-left-small:0px;--awb-font-size:1.125rem;\"><h3 class=\"fusion-title-heading title-heading-left\" style=\"margin:0;font-size:1em;\">Nous contacter<\/h3><\/div><div class=\"fusion-text fusion-text-3\"><p>Service: Cellule phytosanitaire<br \/>\nE-mail : phyto.dbs@biosecurite.gov.pf<br \/>\nT\u00e9l\u00e9phone: + (689) 40 544 585<\/p>\n<\/div><\/div><\/div><\/div><\/div><\/div><\/div><\/div><\/p>\n","protected":false},"excerpt":{"rendered":"","protected":false},"author":240,"featured_media":23247,"parent":22954,"menu_order":0,"comment_status":"closed","ping_status":"closed","template":"","meta":{"_seopress_robots_primary_cat":"","_seopress_titles_title":"","_seopress_titles_desc":"","_seopress_robots_index":"","footnotes":""},"class_list":["post-26034","page","type-page","status-publish","has-post-thumbnail","hentry"],"_links":{"self":[{"href":"https:\/\/www.service-public.pf\/biosecurite\/wp-json\/wp\/v2\/pages\/26034","targetHints":{"allow":["GET"]}}],"collection":[{"href":"https:\/\/www.service-public.pf\/biosecurite\/wp-json\/wp\/v2\/pages"}],"about":[{"href":"https:\/\/www.service-public.pf\/biosecurite\/wp-json\/wp\/v2\/types\/page"}],"author":[{"embeddable":true,"href":"https:\/\/www.service-public.pf\/biosecurite\/wp-json\/wp\/v2\/users\/240"}],"replies":[{"embeddable":true,"href":"https:\/\/www.service-public.pf\/biosecurite\/wp-json\/wp\/v2\/comments?post=26034"}],"version-history":[{"count":0,"href":"https:\/\/www.service-public.pf\/biosecurite\/wp-json\/wp\/v2\/pages\/26034\/revisions"}],"up":[{"embeddable":true,"href":"https:\/\/www.service-public.pf\/biosecurite\/wp-json\/wp\/v2\/pages\/22954"}],"wp:featuredmedia":[{"embeddable":true,"href":"https:\/\/www.service-public.pf\/biosecurite\/wp-json\/wp\/v2\/media\/23247"}],"wp:attachment":[{"href":"https:\/\/www.service-public.pf\/biosecurite\/wp-json\/wp\/v2\/media?parent=26034"}],"curies":[{"name":"wp","href":"https:\/\/api.w.org\/{rel}","templated":true}]}}