{"id":26323,"date":"2023-11-30T12:20:00","date_gmt":"2023-11-30T22:20:00","guid":{"rendered":"https:\/\/www.service-public.pf\/biosecurite\/?page_id=26323"},"modified":"2023-11-30T12:20:00","modified_gmt":"2023-11-30T22:20:00","slug":"le-virus-de-la-tristeza-des-agrumes-ctv","status":"publish","type":"page","link":"https:\/\/www.service-public.pf\/biosecurite\/accueil\/particuliers\/transport-entre-les-iles\/organismes-nuisibles-en-pf\/le-virus-de-la-tristeza-des-agrumes-ctv\/","title":{"rendered":"Le Virus de la tristeza des agrumes (CTV)"},"content":{"rendered":"<p><div class=\"fusion-fullwidth fullwidth-box fusion-builder-row-1 fusion-flex-container has-pattern-background has-mask-background fusion-parallax-none nonhundred-percent-fullwidth non-hundred-percent-height-scrolling vct_border_bottom_separator\" style=\"--awb-border-radius-top-left:0px;--awb-border-radius-top-right:0px;--awb-border-radius-bottom-right:0px;--awb-border-radius-bottom-left:0px;--awb-background-image:linear-gradient(180deg, rgba(0,0,0,0) 0%,rgba(0,0,0,0.8) 100%),url(https:\/\/www.service-public.pf\/biosecurite\/wp-content\/uploads\/sites\/43\/2022\/11\/pexels-albin-berlin-906982-2@2x.png);;--awb-background-size:cover;--awb-flex-wrap:wrap;\" ><div class=\"fusion-builder-row fusion-row fusion-flex-align-items-flex-start fusion-flex-content-wrap\" style=\"max-width:1144px;margin-left: calc(-4% \/ 2 );margin-right: calc(-4% \/ 2 );\"><div class=\"fusion-layout-column fusion_builder_column fusion-builder-column-0 fusion_builder_column_1_1 1_1 fusion-flex-column\" style=\"--awb-padding-top:6vw;--awb-padding-right:5vw;--awb-padding-bottom:3vw;--awb-padding-left:5vw;--awb-bg-size:cover;--awb-width-large:100%;--awb-margin-top-large:0px;--awb-spacing-right-large:1.92%;--awb-margin-bottom-large:0px;--awb-spacing-left-large:1.92%;--awb-width-medium:100%;--awb-order-medium:0;--awb-spacing-right-medium:1.92%;--awb-spacing-left-medium:1.92%;--awb-width-small:100%;--awb-order-small:0;--awb-spacing-right-small:1.92%;--awb-spacing-left-small:1.92%;\"><div class=\"fusion-column-wrapper fusion-column-has-shadow fusion-flex-justify-content-flex-start fusion-content-layout-column\"><div class=\"fusion-title title fusion-title-1 fusion-sep-none fusion-title-text fusion-title-size-one\" style=\"--awb-text-color:#ffffff;--awb-margin-top-small:0px;--awb-margin-right-small:0px;--awb-margin-bottom-small:20px;--awb-margin-left-small:0px;--awb-font-size:3rem;\"><h1 class=\"fusion-title-heading title-heading-left\" style=\"margin:0;font-size:1em;\">Usagers professionnels<\/h1><\/div><\/div><\/div><\/div><\/div><div class=\"fusion-fullwidth fullwidth-box fusion-builder-row-2 fusion-flex-container has-pattern-background has-mask-background nonhundred-percent-fullwidth non-hundred-percent-height-scrolling\" style=\"--awb-border-radius-top-left:0px;--awb-border-radius-top-right:0px;--awb-border-radius-bottom-right:0px;--awb-border-radius-bottom-left:0px;--awb-padding-right:5vw;--awb-padding-left:5vw;--awb-flex-wrap:wrap;\" ><div class=\"fusion-builder-row fusion-row fusion-flex-align-items-flex-start fusion-flex-justify-content-space-between fusion-flex-content-wrap\" style=\"max-width:1144px;margin-left: calc(-4% \/ 2 );margin-right: calc(-4% \/ 2 );\"><div class=\"fusion-layout-column fusion_builder_column fusion-builder-column-1 fusion_builder_column_1_1 1_1 fusion-flex-column\" style=\"--awb-bg-color:#ffffff;--awb-bg-color-hover:#ffffff;--awb-bg-size:cover;--awb-width-large:100%;--awb-margin-top-large:30px;--awb-spacing-right-large:1.92%;--awb-margin-bottom-large:30px;--awb-spacing-left-large:1.92%;--awb-width-medium:100%;--awb-order-medium:0;--awb-spacing-right-medium:1.92%;--awb-spacing-left-medium:1.92%;--awb-width-small:100%;--awb-order-small:0;--awb-spacing-right-small:1.92%;--awb-spacing-left-small:1.92%;\"><div class=\"fusion-column-wrapper fusion-column-has-shadow fusion-flex-justify-content-flex-start fusion-content-layout-column\"><nav class=\"fusion-breadcrumbs fusion-breadcrumbs-1\" style=\"--awb-font-size:16px;--awb-text-hover-color:#e51427;--awb-text-color:#12284d;--awb-breadcrumb-sep:&#039;&gt;&#039;;\" aria-label=\"Breadcrumb\"><ol class=\"awb-breadcrumb-list\"><li class=\"fusion-breadcrumb-item awb-breadcrumb-sep awb-home\" ><a href=\"https:\/\/www.service-public.pf\/biosecurite\" class=\"fusion-breadcrumb-link\"><span >Home<\/span><\/a><\/li><\/ol><\/nav><\/div><\/div><div class=\"fusion-layout-column fusion_builder_column fusion-builder-column-2 fusion_builder_column_3_4 3_4 fusion-flex-column\" style=\"--awb-bg-size:cover;--awb-width-large:75%;--awb-margin-top-large:0px;--awb-spacing-right-large:2.56%;--awb-margin-bottom-large:20px;--awb-spacing-left-large:2.56%;--awb-width-medium:100%;--awb-order-medium:0;--awb-spacing-right-medium:1.92%;--awb-spacing-left-medium:1.92%;--awb-width-small:100%;--awb-order-small:0;--awb-spacing-right-small:1.92%;--awb-spacing-left-small:1.92%;\"><div class=\"fusion-column-wrapper fusion-column-has-shadow fusion-flex-justify-content-center fusion-content-layout-column\"><div class=\"fusion-title title fusion-title-2 fusion-sep-none fusion-title-text fusion-title-size-two\" style=\"--awb-margin-bottom:5px;--awb-margin-top-small:0px;--awb-margin-right-small:0px;--awb-margin-bottom-small:20px;--awb-margin-left-small:0px;--awb-font-size:2.5rem;\"><h2 class=\"fusion-title-heading title-heading-left\" style=\"margin:0;font-size:1em;\"><strong>Le virus de la Tristeza des agrumes (CTV)<\/strong><\/h2><\/div><div class=\"fusion-separator\" style=\"align-self: flex-start;margin-right:auto;margin-bottom:3rem;width:100%;max-width:20%;\"><div class=\"fusion-separator-border sep-single sep-solid\" style=\"--awb-height:20px;--awb-amount:20px;--awb-sep-color:#e51427;border-color:#e51427;border-top-width:8px;\"><\/div><\/div><div class=\"accordian fusion-accordian vct_toggle\" style=\"--awb-border-size:1px;--awb-icon-size:13px;--awb-content-font-size:15px;--awb-icon-alignment:right;--awb-hover-color:#f9f9f9;--awb-border-color:#cccccc;--awb-background-color:#ffffff;--awb-divider-color:#e0dede;--awb-divider-hover-color:#e0dede;--awb-icon-color:#ffffff;--awb-title-color:#ffffff;--awb-content-color:#000000;--awb-icon-box-color:#333333;--awb-toggle-hover-accent-color:rgba(255,255,255,0);--awb-toggle-active-accent-color:rgba(255,255,255,0);--awb-title-font-family:&quot;Roboto&quot;;--awb-title-font-weight:400;--awb-title-font-style:normal;--awb-title-font-size:1.125rem;--awb-content-font-family:&quot;Roboto&quot;;--awb-content-font-style:normal;--awb-content-font-weight:400;\"><div class=\"panel-group fusion-toggle-icon-right fusion-toggle-icon-boxed\" id=\"accordion-26323-1\"><div class=\"fusion-panel panel-default panel-4097f7e9f72a2a027 fusion-toggle-has-divider\" style=\"--awb-title-color:#ffffff;--awb-content-color:#333333;\"><div class=\"panel-heading\"><h3 class=\"panel-title toggle\" id=\"toggle_4097f7e9f72a2a027\"><a class=\"active\" aria-expanded=\"true\" aria-controls=\"4097f7e9f72a2a027\" role=\"button\" data-toggle=\"collapse\" data-target=\"#4097f7e9f72a2a027\" href=\"#4097f7e9f72a2a027\"><span class=\"fusion-toggle-icon-wrapper\" aria-hidden=\"true\"><i class=\"fa-fusion-box active-icon awb-icon-minus\" aria-hidden=\"true\"><\/i><i class=\"fa-fusion-box inactive-icon awb-icon-plus\" aria-hidden=\"true\"><\/i><\/span><span class=\"fusion-toggle-heading\">Description<\/span><\/a><\/h3><\/div><div id=\"4097f7e9f72a2a027\" class=\"panel-collapse collapse in\" aria-labelledby=\"toggle_4097f7e9f72a2a027\"><div class=\"panel-body toggle-content fusion-clearfix\">\n<p>La tristeza est un virus particuli\u00e8rement virulent et d\u00e9vastateur des vergers d\u2019agrumes. Les temp\u00e9ratures optimales pour une infection par ce virus et sa prolif\u00e9ration se situent entre 20 et 25\u00b0C.<br \/>\nTransmission :<br \/>\nLe virus ne se transmet que de 2 mani\u00e8res diff\u00e9rentes :<br \/>\n1. Les pucerons : le plus efficace est le puceron Toxoptera citricidus (efficacit\u00e9 de transmission : 20 %). Mais d\u2019autres pucerons constituent des vecteurs secondaires : T. aurantii, Aphys gossypii ou encore A. spiraecola. Un puceron est contamin\u00e9 5 \u00e0 60 min apr\u00e8s alimentation sur un plant malade et le reste 24 \u00e0 48 heures.<br \/>\n2. Utilisation de mat\u00e9riel v\u00e9g\u00e9tal contamin\u00e9 (greffage).<br \/>\n<img decoding=\"async\" class=\"alignnone wp-image-26318 aligncenter\" src=\"https:\/\/www.service-public.pf\/biosecurite\/wp-content\/uploads\/sites\/43\/2023\/11\/puceonsctv-300x82.png\" alt=\"\" width=\"641\" height=\"175\" srcset=\"https:\/\/www.service-public.pf\/biosecurite\/wp-content\/uploads\/sites\/43\/2023\/11\/puceonsctv-200x54.png 200w, https:\/\/www.service-public.pf\/biosecurite\/wp-content\/uploads\/sites\/43\/2023\/11\/puceonsctv-300x82.png 300w, https:\/\/www.service-public.pf\/biosecurite\/wp-content\/uploads\/sites\/43\/2023\/11\/puceonsctv-400x109.png 400w, https:\/\/www.service-public.pf\/biosecurite\/wp-content\/uploads\/sites\/43\/2023\/11\/puceonsctv-600x163.png 600w, https:\/\/www.service-public.pf\/biosecurite\/wp-content\/uploads\/sites\/43\/2023\/11\/puceonsctv-768x209.png 768w, https:\/\/www.service-public.pf\/biosecurite\/wp-content\/uploads\/sites\/43\/2023\/11\/puceonsctv-800x218.png 800w, https:\/\/www.service-public.pf\/biosecurite\/wp-content\/uploads\/sites\/43\/2023\/11\/puceonsctv-1024x279.png 1024w, https:\/\/www.service-public.pf\/biosecurite\/wp-content\/uploads\/sites\/43\/2023\/11\/puceonsctv-1200x327.png 1200w, https:\/\/www.service-public.pf\/biosecurite\/wp-content\/uploads\/sites\/43\/2023\/11\/puceonsctv.png 1311w\" sizes=\"(max-width: 641px) 100vw, 641px\" \/><\/p>\n<p style=\"text-align: center\">Pucerons vecteurs de la tristeza des agrumes<\/p>\n<p>Plantes h\u00f4tes :<br \/>\nLes h\u00f4tes pr\u00e9f\u00e9rentiels du CTV sont Citrus sinensis et C. aurantium, mais tous les Citrus peuvent \u00eatre h\u00f4tes. Les genres Aeglopsis, Afraegle, Fortunella et Pamburus peuvent \u00e9galement \u00eatre contamin\u00e9s.<\/p>\n<\/div><\/div><\/div><div class=\"fusion-panel panel-default panel-d937da01f4f16829e fusion-toggle-has-divider\" style=\"--awb-title-color:#ffffff;--awb-content-color:#333333;\"><div class=\"panel-heading\"><h3 class=\"panel-title toggle\" id=\"toggle_d937da01f4f16829e\"><a aria-expanded=\"false\" aria-controls=\"d937da01f4f16829e\" role=\"button\" data-toggle=\"collapse\" data-target=\"#d937da01f4f16829e\" href=\"#d937da01f4f16829e\"><span class=\"fusion-toggle-icon-wrapper\" aria-hidden=\"true\"><i class=\"fa-fusion-box active-icon awb-icon-minus\" aria-hidden=\"true\"><\/i><i class=\"fa-fusion-box inactive-icon awb-icon-plus\" aria-hidden=\"true\"><\/i><\/span><span class=\"fusion-toggle-heading\">Les d\u00e9g\u00e2ts \/ sympt\u00f4mes<\/span><\/a><\/h3><\/div><div id=\"d937da01f4f16829e\" class=\"panel-collapse collapse \" aria-labelledby=\"toggle_d937da01f4f16829e\"><div class=\"panel-body toggle-content fusion-clearfix\">\n<p>Les sympt\u00f4mes peuvent \u00eatre non visibles plusieurs ann\u00e9es et se r\u00e9v\u00e9ler d\u2019un coup suite \u00e0 un stress. La s\u00e9v\u00e9rit\u00e9 des sympt\u00f4mes d\u00e9pend de la virulence du virus. Certaines vari\u00e9t\u00e9s peuvent ne pr\u00e9senter aucun sympt\u00f4me visible.<br \/>\nLes principaux sympt\u00f4mes sont les suivants :<br \/>\n&#8211; Perte des feuilles, affaiblissement et d\u00e9p\u00e9rissement progressif des arbres parfois jusqu\u2019\u00e0 la mort =<br \/>\n\u00ab quick decline \u00bb,<br \/>\n&#8211; D\u00e9coloration des nervures qui deviennent jaunes voire blanches,<br \/>\n&#8211; Floraison pr\u00e9coce, fructification 1 \u00e0 2 ans avant leurs homologues sains,<br \/>\n&#8211; Fruits petits, d\u00e9form\u00e9s et de mauvaise qualit\u00e9<br \/>\n&#8211; L\u2019\u00e9corce pr\u00e9lev\u00e9e juste au-dessous de la greffe peut pr\u00e9senter de nombreux petits trous, des striures verticales ou des dessins polygonaux = \u00ab stem pitting \u00bb,<\/p>\n<p>ATTENTION<br \/>\nLa plupart de ces sympt\u00f4mes ne sont pas sp\u00e9cifiques de la tristeza. Ils peuvent par exemple \u00eatre confondus avec les d\u00e9g\u00e2ts caus\u00e9s par Spiroplasma citri ou avec des probl\u00e8mes de nutrition.<\/p>\n<\/div><\/div><\/div><div class=\"fusion-panel panel-default panel-21608603904712504 fusion-toggle-has-divider\" style=\"--awb-title-color:#ffffff;--awb-content-color:#333333;\"><div class=\"panel-heading\"><h3 class=\"panel-title toggle\" id=\"toggle_21608603904712504\"><a aria-expanded=\"false\" aria-controls=\"21608603904712504\" role=\"button\" data-toggle=\"collapse\" data-target=\"#21608603904712504\" href=\"#21608603904712504\"><span class=\"fusion-toggle-icon-wrapper\" aria-hidden=\"true\"><i class=\"fa-fusion-box active-icon awb-icon-minus\" aria-hidden=\"true\"><\/i><i class=\"fa-fusion-box inactive-icon awb-icon-plus\" aria-hidden=\"true\"><\/i><\/span><span class=\"fusion-toggle-heading\">Distribution<\/span><\/a><\/h3><\/div><div id=\"21608603904712504\" class=\"panel-collapse collapse \" aria-labelledby=\"toggle_21608603904712504\"><div class=\"panel-body toggle-content fusion-clearfix\">\n<p>Distribution en Polyn\u00e9sie fran\u00e7aise :<br \/>\nPr\u00e9sent : Tahiti, Moorea, Raiatea, Huahine, Tahaa, Bora Bora et Maupiti, Nuku hiva, Rurutu.<br \/>\nAbsent : Marquises (sauf Nuku Hiva), Gambier et Australes (sauf Rurutu).<\/p>\n<\/div><\/div><\/div><div class=\"fusion-panel panel-default panel-13a02494e1ab8be63 fusion-toggle-has-divider\" style=\"--awb-title-color:#ffffff;--awb-content-color:#333333;\"><div class=\"panel-heading\"><h3 class=\"panel-title toggle\" id=\"toggle_13a02494e1ab8be63\"><a aria-expanded=\"false\" aria-controls=\"13a02494e1ab8be63\" role=\"button\" data-toggle=\"collapse\" data-target=\"#13a02494e1ab8be63\" href=\"#13a02494e1ab8be63\"><span class=\"fusion-toggle-icon-wrapper\" aria-hidden=\"true\"><i class=\"fa-fusion-box active-icon awb-icon-minus\" aria-hidden=\"true\"><\/i><i class=\"fa-fusion-box inactive-icon awb-icon-plus\" aria-hidden=\"true\"><\/i><\/span><span class=\"fusion-toggle-heading\">Actualit\u00e9 \/ Veille<\/span><\/a><\/h3><\/div><div id=\"13a02494e1ab8be63\" class=\"panel-collapse collapse \" aria-labelledby=\"toggle_13a02494e1ab8be63\"><div class=\"panel-body toggle-content fusion-clearfix\">\n<p>Source<br \/>\nEPPO [mettre lien : <a href=\"https:\/\/gd.eppo.int\/taxon\/CTV000\/%5D\" target=\"_blank\" rel=\"noopener\">https:\/\/gd.eppo.int\/taxon\/CTV000\/]<\/a><br \/>\nCABI [<a href=\"https:\/\/www.cabi.org\/isc\/datasheet\/16705%5D\" target=\"_blank\" rel=\"noopener\">https:\/\/www.cabi.org\/isc\/datasheet\/16705]<\/a><br \/>\nDate de derni\u00e8re MAJ<\/p>\n<\/div><\/div><\/div><div class=\"fusion-panel panel-default panel-ef93d9da2443dcea5 fusion-toggle-has-divider\" style=\"--awb-title-color:#ffffff;--awb-content-color:#333333;\"><div class=\"panel-heading\"><h3 class=\"panel-title toggle\" id=\"toggle_ef93d9da2443dcea5\"><a aria-expanded=\"false\" aria-controls=\"ef93d9da2443dcea5\" role=\"button\" data-toggle=\"collapse\" data-target=\"#ef93d9da2443dcea5\" href=\"#ef93d9da2443dcea5\"><span class=\"fusion-toggle-icon-wrapper\" aria-hidden=\"true\"><i class=\"fa-fusion-box active-icon awb-icon-minus\" aria-hidden=\"true\"><\/i><i class=\"fa-fusion-box inactive-icon awb-icon-plus\" aria-hidden=\"true\"><\/i><\/span><span class=\"fusion-toggle-heading\">Actualit\u00e9 \/ Veille<\/span><\/a><\/h3><\/div><div id=\"ef93d9da2443dcea5\" class=\"panel-collapse collapse \" aria-labelledby=\"toggle_ef93d9da2443dcea5\"><div class=\"panel-body toggle-content fusion-clearfix\">\n<p>Source<br \/>\nEPPO [mettre lien : <a href=\"https:\/\/gd.eppo.int\/taxon\/CTV000\/%5D\" target=\"_blank\" rel=\"noopener\">https:\/\/gd.eppo.int\/taxon\/CTV000\/]<\/a><br \/>\nCABI [<a href=\"https:\/\/www.cabi.org\/isc\/datasheet\/16705%5D\" target=\"_blank\" rel=\"noopener\">https:\/\/www.cabi.org\/isc\/datasheet\/16705]<\/a><br \/>\nDate de derni\u00e8re MAJ<\/p>\n<\/div><\/div><\/div><\/div><\/div><\/div><\/div><div class=\"fusion-layout-column fusion_builder_column fusion-builder-column-3 fusion_builder_column_1_4 1_4 fusion-flex-column\" style=\"--awb-bg-size:cover;--awb-width-large:25%;--awb-margin-top-large:0px;--awb-spacing-right-large:7.68%;--awb-margin-bottom-large:20px;--awb-spacing-left-large:7.68%;--awb-width-medium:100%;--awb-order-medium:0;--awb-spacing-right-medium:1.92%;--awb-spacing-left-medium:1.92%;--awb-width-small:100%;--awb-order-small:0;--awb-spacing-right-small:1.92%;--awb-spacing-left-small:1.92%;\"><div class=\"fusion-column-wrapper fusion-column-has-shadow fusion-flex-justify-content-flex-start fusion-content-layout-column\"><div class=\"fusion-builder-row fusion-builder-row-inner fusion-row fusion-flex-align-items-flex-start fusion-flex-justify-content-space-between fusion-flex-content-wrap\" style=\"--awb-flex-grow:0;--awb-flex-grow-medium:0;--awb-flex-grow-small:0;--awb-flex-shrink:0;--awb-flex-shrink-medium:0;--awb-flex-shrink-small:0;width:104% !important;max-width:104% !important;margin-left: calc(-4% \/ 2 );margin-right: calc(-4% \/ 2 );\"><div class=\"fusion-layout-column fusion_builder_column_inner fusion-builder-nested-column-0 fusion_builder_column_inner_1_1 1_1 fusion-flex-column vct_column_right\" style=\"--awb-bg-size:cover;--awb-width-large:100%;--awb-margin-top-large:0px;--awb-spacing-right-large:1.92%;--awb-margin-bottom-large:20px;--awb-spacing-left-large:1.92%;--awb-width-medium:100%;--awb-order-medium:0;--awb-spacing-right-medium:1.92%;--awb-spacing-left-medium:1.92%;--awb-width-small:100%;--awb-order-small:0;--awb-spacing-right-small:1.92%;--awb-spacing-left-small:1.92%;\"><div class=\"fusion-column-wrapper fusion-column-has-shadow fusion-flex-justify-content-flex-start fusion-content-layout-column\"><div class=\"fusion-title title fusion-title-3 fusion-sep-none fusion-title-text fusion-title-size-three vct_icon_title_left_blue\" style=\"--awb-text-color:#ffffff;--awb-margin-bottom:0px;--awb-margin-top-small:0px;--awb-margin-right-small:0px;--awb-margin-bottom-small:0px;--awb-margin-left-small:0px;--awb-font-size:1.125rem;\"><h3 class=\"fusion-title-heading title-heading-left\" style=\"margin:0;font-size:1em;\">Fiche technique<\/h3><\/div><div class=\"fusion-text fusion-text-1\"><p><a href=\"https:\/\/www.service-public.pf\/biosecurite\/wp-content\/uploads\/sites\/43\/2023\/11\/fiche-CTV-VF.pdf\" target=\"\" rel=\"noopener\">fiche CTV VF<\/a><\/p>\n<\/div><\/div><\/div><div class=\"fusion-layout-column fusion_builder_column_inner fusion-builder-nested-column-1 fusion_builder_column_inner_1_1 1_1 fusion-flex-column vct_column_right\" style=\"--awb-bg-color:#efeded;--awb-bg-color-hover:#efeded;--awb-bg-size:cover;--awb-width-large:100%;--awb-margin-top-large:0px;--awb-spacing-right-large:1.92%;--awb-margin-bottom-large:20px;--awb-spacing-left-large:1.92%;--awb-width-medium:100%;--awb-order-medium:0;--awb-spacing-right-medium:1.92%;--awb-spacing-left-medium:1.92%;--awb-width-small:100%;--awb-order-small:0;--awb-spacing-right-small:1.92%;--awb-spacing-left-small:1.92%;\"><div class=\"fusion-column-wrapper fusion-column-has-shadow fusion-flex-justify-content-flex-start fusion-content-layout-column\"><div class=\"fusion-title title fusion-title-4 fusion-sep-none fusion-title-text fusion-title-size-three vct_icon_title_left_blue\" style=\"--awb-text-color:#ffffff;--awb-margin-bottom:0px;--awb-margin-top-small:0px;--awb-margin-right-small:0px;--awb-margin-bottom-small:0px;--awb-margin-left-small:0px;--awb-font-size:1.125rem;\"><h3 class=\"fusion-title-heading title-heading-left\" style=\"margin:0;font-size:1em;\">Image(s)<\/h3><\/div><div class=\"fusion-image-element \" style=\"text-align:center;--awb-margin-bottom:20px;--awb-caption-title-font-family:var(--h2_typography-font-family);--awb-caption-title-font-weight:var(--h2_typography-font-weight);--awb-caption-title-font-style:var(--h2_typography-font-style);--awb-caption-title-size:var(--h2_typography-font-size);--awb-caption-title-transform:var(--h2_typography-text-transform);--awb-caption-title-line-height:var(--h2_typography-line-height);--awb-caption-title-letter-spacing:var(--h2_typography-letter-spacing);\"><span class=\" fusion-imageframe imageframe-none imageframe-1 hover-type-none\"><img decoding=\"async\" width=\"300\" height=\"225\" title=\"Tristeza Agrume (3)\" src=\"https:\/\/www.service-public.pf\/biosecurite\/wp-content\/uploads\/sites\/43\/2023\/11\/Tristeza-agrume-3-300x225.jpg\" alt class=\"img-responsive wp-image-26316\" srcset=\"https:\/\/www.service-public.pf\/biosecurite\/wp-content\/uploads\/sites\/43\/2023\/11\/Tristeza-agrume-3-200x150.jpg 200w, https:\/\/www.service-public.pf\/biosecurite\/wp-content\/uploads\/sites\/43\/2023\/11\/Tristeza-agrume-3-400x300.jpg 400w, https:\/\/www.service-public.pf\/biosecurite\/wp-content\/uploads\/sites\/43\/2023\/11\/Tristeza-agrume-3-600x450.jpg 600w, https:\/\/www.service-public.pf\/biosecurite\/wp-content\/uploads\/sites\/43\/2023\/11\/Tristeza-agrume-3-800x600.jpg 800w, https:\/\/www.service-public.pf\/biosecurite\/wp-content\/uploads\/sites\/43\/2023\/11\/Tristeza-agrume-3-1200x900.jpg 1200w\" sizes=\"(max-width: 1024px) 100vw, (max-width: 640px) 100vw, 1200px\" \/><\/span><\/div><\/div><\/div><div class=\"fusion-layout-column fusion_builder_column_inner fusion-builder-nested-column-2 fusion_builder_column_inner_1_1 1_1 fusion-flex-column vct_column_right\" style=\"--awb-bg-size:cover;--awb-width-large:100%;--awb-margin-top-large:0px;--awb-spacing-right-large:1.92%;--awb-margin-bottom-large:20px;--awb-spacing-left-large:1.92%;--awb-width-medium:100%;--awb-order-medium:0;--awb-spacing-right-medium:1.92%;--awb-spacing-left-medium:1.92%;--awb-width-small:100%;--awb-order-small:0;--awb-spacing-right-small:1.92%;--awb-spacing-left-small:1.92%;\"><div class=\"fusion-column-wrapper fusion-column-has-shadow fusion-flex-justify-content-flex-start fusion-content-layout-column\"><div class=\"fusion-title title fusion-title-5 fusion-sep-none fusion-title-text fusion-title-size-three vct_icon_title_left_blue\" style=\"--awb-text-color:#ffffff;--awb-margin-bottom:0px;--awb-margin-top-small:0px;--awb-margin-right-small:0px;--awb-margin-bottom-small:0px;--awb-margin-left-small:0px;--awb-font-size:1.125rem;\"><h3 class=\"fusion-title-heading title-heading-left\" style=\"margin:0;font-size:1em;\">Nous contacter<\/h3><\/div><div class=\"fusion-text fusion-text-2\"><p>Service: Cellule phytosanitaire<br \/>\nE-mail : phyto.dbs@biosecurite.gov.pf<br \/>\nT\u00e9l\u00e9phone: 40 544 586<\/p>\n<\/div><\/div><\/div><\/div><\/div><\/div><\/div><\/div><\/p>\n","protected":false},"excerpt":{"rendered":"","protected":false},"author":308,"featured_media":20909,"parent":25309,"menu_order":0,"comment_status":"closed","ping_status":"closed","template":"","meta":{"_seopress_robots_primary_cat":"","_seopress_titles_title":"","_seopress_titles_desc":"","_seopress_robots_index":"","footnotes":""},"class_list":["post-26323","page","type-page","status-publish","has-post-thumbnail","hentry"],"_links":{"self":[{"href":"https:\/\/www.service-public.pf\/biosecurite\/wp-json\/wp\/v2\/pages\/26323","targetHints":{"allow":["GET"]}}],"collection":[{"href":"https:\/\/www.service-public.pf\/biosecurite\/wp-json\/wp\/v2\/pages"}],"about":[{"href":"https:\/\/www.service-public.pf\/biosecurite\/wp-json\/wp\/v2\/types\/page"}],"author":[{"embeddable":true,"href":"https:\/\/www.service-public.pf\/biosecurite\/wp-json\/wp\/v2\/users\/308"}],"replies":[{"embeddable":true,"href":"https:\/\/www.service-public.pf\/biosecurite\/wp-json\/wp\/v2\/comments?post=26323"}],"version-history":[{"count":0,"href":"https:\/\/www.service-public.pf\/biosecurite\/wp-json\/wp\/v2\/pages\/26323\/revisions"}],"up":[{"embeddable":true,"href":"https:\/\/www.service-public.pf\/biosecurite\/wp-json\/wp\/v2\/pages\/25309"}],"wp:featuredmedia":[{"embeddable":true,"href":"https:\/\/www.service-public.pf\/biosecurite\/wp-json\/wp\/v2\/media\/20909"}],"wp:attachment":[{"href":"https:\/\/www.service-public.pf\/biosecurite\/wp-json\/wp\/v2\/media?parent=26323"}],"curies":[{"name":"wp","href":"https:\/\/api.w.org\/{rel}","templated":true}]}}