{"id":26938,"date":"2023-12-27T08:33:06","date_gmt":"2023-12-27T18:33:06","guid":{"rendered":"https:\/\/www.service-public.pf\/biosecurite\/?page_id=26938"},"modified":"2023-12-27T08:37:12","modified_gmt":"2023-12-27T18:37:12","slug":"la-mouche-des-mediterraneenne-des-fruits","status":"publish","type":"page","link":"https:\/\/www.service-public.pf\/biosecurite\/accueil\/professionnels-2\/organismes-nuisibles-prioritaires-vegetaux\/sante-vegetale\/la-mouche-des-mediterraneenne-des-fruits\/","title":{"rendered":"La mouche des m\u00e9diterran\u00e9enne des fruits"},"content":{"rendered":"<p><div class=\"fusion-fullwidth fullwidth-box fusion-builder-row-1 fusion-flex-container has-pattern-background has-mask-background fusion-parallax-none nonhundred-percent-fullwidth non-hundred-percent-height-scrolling vct_border_bottom_separator\" style=\"--awb-border-radius-top-left:0px;--awb-border-radius-top-right:0px;--awb-border-radius-bottom-right:0px;--awb-border-radius-bottom-left:0px;--awb-background-image:linear-gradient(180deg, rgba(0,0,0,0) 0%,rgba(0,0,0,0.8) 100%),url(https:\/\/www.service-public.pf\/biosecurite\/wp-content\/uploads\/sites\/43\/2022\/11\/pexels-albin-berlin-906982-2@2x.png);;--awb-background-size:cover;--awb-flex-wrap:wrap;\" ><div class=\"fusion-builder-row fusion-row fusion-flex-align-items-flex-start fusion-flex-content-wrap\" style=\"max-width:1144px;margin-left: calc(-4% \/ 2 );margin-right: calc(-4% \/ 2 );\"><div class=\"fusion-layout-column fusion_builder_column fusion-builder-column-0 fusion_builder_column_1_1 1_1 fusion-flex-column\" style=\"--awb-padding-top:6vw;--awb-padding-right:5vw;--awb-padding-bottom:3vw;--awb-padding-left:5vw;--awb-bg-size:cover;--awb-width-large:100%;--awb-margin-top-large:0px;--awb-spacing-right-large:1.92%;--awb-margin-bottom-large:0px;--awb-spacing-left-large:1.92%;--awb-width-medium:100%;--awb-order-medium:0;--awb-spacing-right-medium:1.92%;--awb-spacing-left-medium:1.92%;--awb-width-small:100%;--awb-order-small:0;--awb-spacing-right-small:1.92%;--awb-spacing-left-small:1.92%;\"><div class=\"fusion-column-wrapper fusion-column-has-shadow fusion-flex-justify-content-flex-start fusion-content-layout-column\"><div class=\"fusion-title title fusion-title-1 fusion-sep-none fusion-title-text fusion-title-size-one\" style=\"--awb-text-color:#ffffff;--awb-margin-top-small:0px;--awb-margin-right-small:0px;--awb-margin-bottom-small:20px;--awb-margin-left-small:0px;--awb-font-size:3rem;\"><h1 class=\"fusion-title-heading title-heading-left\" style=\"margin:0;font-size:1em;\">Usagers professionnels<\/h1><\/div><\/div><\/div><\/div><\/div><div class=\"fusion-fullwidth fullwidth-box fusion-builder-row-2 fusion-flex-container has-pattern-background has-mask-background nonhundred-percent-fullwidth non-hundred-percent-height-scrolling\" style=\"--awb-border-radius-top-left:0px;--awb-border-radius-top-right:0px;--awb-border-radius-bottom-right:0px;--awb-border-radius-bottom-left:0px;--awb-padding-right:5vw;--awb-padding-left:5vw;--awb-flex-wrap:wrap;\" ><div class=\"fusion-builder-row fusion-row fusion-flex-align-items-flex-start fusion-flex-justify-content-space-between fusion-flex-content-wrap\" style=\"max-width:1144px;margin-left: calc(-4% \/ 2 );margin-right: calc(-4% \/ 2 );\"><div class=\"fusion-layout-column fusion_builder_column fusion-builder-column-1 fusion_builder_column_1_1 1_1 fusion-flex-column\" style=\"--awb-bg-color:#ffffff;--awb-bg-color-hover:#ffffff;--awb-bg-size:cover;--awb-width-large:100%;--awb-margin-top-large:30px;--awb-spacing-right-large:1.92%;--awb-margin-bottom-large:30px;--awb-spacing-left-large:1.92%;--awb-width-medium:100%;--awb-order-medium:0;--awb-spacing-right-medium:1.92%;--awb-spacing-left-medium:1.92%;--awb-width-small:100%;--awb-order-small:0;--awb-spacing-right-small:1.92%;--awb-spacing-left-small:1.92%;\"><div class=\"fusion-column-wrapper fusion-column-has-shadow fusion-flex-justify-content-flex-start fusion-content-layout-column\"><nav class=\"fusion-breadcrumbs fusion-breadcrumbs-1\" style=\"--awb-font-size:16px;--awb-text-hover-color:#e51427;--awb-text-color:#12284d;--awb-breadcrumb-sep:&#039;&gt;&#039;;\" aria-label=\"Breadcrumb\"><ol class=\"awb-breadcrumb-list\"><li class=\"fusion-breadcrumb-item awb-breadcrumb-sep awb-home\" ><a href=\"https:\/\/www.service-public.pf\/biosecurite\" class=\"fusion-breadcrumb-link\"><span >Home<\/span><\/a><\/li><\/ol><\/nav><\/div><\/div><div class=\"fusion-layout-column fusion_builder_column fusion-builder-column-2 fusion_builder_column_3_4 3_4 fusion-flex-column\" style=\"--awb-bg-size:cover;--awb-width-large:75%;--awb-margin-top-large:0px;--awb-spacing-right-large:2.56%;--awb-margin-bottom-large:20px;--awb-spacing-left-large:2.56%;--awb-width-medium:100%;--awb-order-medium:0;--awb-spacing-right-medium:1.92%;--awb-spacing-left-medium:1.92%;--awb-width-small:100%;--awb-order-small:0;--awb-spacing-right-small:1.92%;--awb-spacing-left-small:1.92%;\"><div class=\"fusion-column-wrapper fusion-column-has-shadow fusion-flex-justify-content-center fusion-content-layout-column\"><div class=\"fusion-title title fusion-title-2 fusion-sep-none fusion-title-text fusion-title-size-two\" style=\"--awb-margin-bottom:5px;--awb-margin-top-small:0px;--awb-margin-right-small:0px;--awb-margin-bottom-small:20px;--awb-margin-left-small:0px;--awb-font-size:2.5rem;\"><h2 class=\"fusion-title-heading title-heading-left\" style=\"margin:0;font-size:1em;\"><p><strong><b><i>Ceratitis capitata <\/i>(mouche m\u00e9diterran\u00e9enne des fruits)<br \/>\n<\/b><\/strong><\/p><\/h2><\/div><div class=\"fusion-separator\" style=\"align-self: flex-start;margin-right:auto;margin-bottom:3rem;width:100%;max-width:20%;\"><div class=\"fusion-separator-border sep-single sep-solid\" style=\"--awb-height:20px;--awb-amount:20px;--awb-sep-color:#e51427;border-color:#e51427;border-top-width:8px;\"><\/div><\/div><div class=\"accordian fusion-accordian vct_toggle\" style=\"--awb-border-size:1px;--awb-icon-size:13px;--awb-content-font-size:15px;--awb-icon-alignment:right;--awb-hover-color:#f9f9f9;--awb-border-color:#cccccc;--awb-background-color:#ffffff;--awb-divider-color:#e0dede;--awb-divider-hover-color:#e0dede;--awb-icon-color:#ffffff;--awb-title-color:#ffffff;--awb-content-color:#000000;--awb-icon-box-color:#333333;--awb-toggle-hover-accent-color:rgba(255,255,255,0);--awb-toggle-active-accent-color:rgba(255,255,255,0);--awb-title-font-family:&quot;Roboto&quot;;--awb-title-font-weight:400;--awb-title-font-style:normal;--awb-title-font-size:1.125rem;--awb-content-font-family:&quot;Roboto&quot;;--awb-content-font-style:normal;--awb-content-font-weight:400;\"><div class=\"panel-group fusion-toggle-icon-right fusion-toggle-icon-boxed\" id=\"accordion-26938-1\"><div class=\"fusion-panel panel-default panel-d422cd875cc325db6 fusion-toggle-has-divider\" style=\"--awb-title-color:#ffffff;--awb-content-color:#333333;\"><div class=\"panel-heading\"><h3 class=\"panel-title toggle\" id=\"toggle_d422cd875cc325db6\"><a class=\"active\" aria-expanded=\"true\" aria-controls=\"d422cd875cc325db6\" role=\"button\" data-toggle=\"collapse\" data-target=\"#d422cd875cc325db6\" href=\"#d422cd875cc325db6\"><span class=\"fusion-toggle-icon-wrapper\" aria-hidden=\"true\"><i class=\"fa-fusion-box active-icon awb-icon-minus\" aria-hidden=\"true\"><\/i><i class=\"fa-fusion-box inactive-icon awb-icon-plus\" aria-hidden=\"true\"><\/i><\/span><span class=\"fusion-toggle-heading\">Description<\/span><\/a><\/h3><\/div><div id=\"d422cd875cc325db6\" class=\"panel-collapse collapse in\" aria-labelledby=\"toggle_d422cd875cc325db6\"><div class=\"panel-body toggle-content fusion-clearfix\">\n<p>Constituant une menace au niveau mondial, la c\u00e9ratite ou mouche m\u00e9diterran\u00e9enne des fruits est inscrit dans la liste A2 de l\u2019EOPP des organismes de quarantaine. En Europe, elle cause des dommages tr\u00e8s cons\u00e9quents sur les arbres fruitiers notamment les <i>citrus<\/i> (agrumes) et <i>prunus<\/i>.<\/p>\n<p><strong>Plantes h\u00f4tes :<\/strong><\/p>\n<p><i>C. capitata<\/i> est une esp\u00e8ce tr\u00e8s polyphage. La liste des plantes h\u00f4tes comprends environ 200 esp\u00e8ces v\u00e9g\u00e9tales. Les h\u00f4tes principaux sont <i>Solanum<\/i> <i>pseudocapsicum<\/i> et <i>Coffera<\/i><i> arabica <\/i>(caf\u00e9ier) mais elle est observ\u00e9e de mani\u00e8re r\u00e9guli\u00e8re sur avocatier, manguier, kiwi, n\u00e9flier, pommier, prunier et poirier. Elle a \u00e9galement \u00e9t\u00e9 signal\u00e9e sur plusieurs plantes sauvages.<\/p>\n<p><strong>D\u00e9veloppement :\u00a0<\/strong><\/p>\n<p>L\u2019adulte est une mouche au corps jaune et noir qui mesure de 4 \u00e0 6 mm. Elle poss\u00e8de un thorax argent\u00e9 avec des mouchetures grises sur les ailes caract\u00e9ristiques des <i>Ceratitis<\/i> spp. La femelle poss\u00e8de un ovicapte de 1,2 mm lui permettant de pondre ses \u0153ufs sous la peau des fruits \u00e0 une profondeur de 1 \u00e0 2 mm. Les \u0153ufs \u00e9closent apr\u00e8s 2 \u00e0 4 jours et donnent naissance \u00e0 des larves blanches voire jaun\u00e2tres. Celles-ci r\u00e9alisent deux mues avant de quitter le fruit pour se nymphoser dans le sol. Apr\u00e8s une hibernation sous forme de pupe, elles se nymphosent \u00e0 faible profondeur (1 \u00e0 8 cm) o\u00f9 elle acquiert sa forme adulte.<\/p>\n<\/div><\/div><\/div><div class=\"fusion-panel panel-default panel-5bcccfc0392f451ba fusion-toggle-has-divider\" style=\"--awb-title-color:#ffffff;--awb-content-color:#333333;\"><div class=\"panel-heading\"><h3 class=\"panel-title toggle\" id=\"toggle_5bcccfc0392f451ba\"><a aria-expanded=\"false\" aria-controls=\"5bcccfc0392f451ba\" role=\"button\" data-toggle=\"collapse\" data-target=\"#5bcccfc0392f451ba\" href=\"#5bcccfc0392f451ba\"><span class=\"fusion-toggle-icon-wrapper\" aria-hidden=\"true\"><i class=\"fa-fusion-box active-icon awb-icon-minus\" aria-hidden=\"true\"><\/i><i class=\"fa-fusion-box inactive-icon awb-icon-plus\" aria-hidden=\"true\"><\/i><\/span><span class=\"fusion-toggle-heading\">Les d\u00e9g\u00e2ts \/ sympt\u00f4mes<\/span><\/a><\/h3><\/div><div id=\"5bcccfc0392f451ba\" class=\"panel-collapse collapse \" aria-labelledby=\"toggle_5bcccfc0392f451ba\"><div class=\"panel-body toggle-content fusion-clearfix\">\n<ul>\n<li class=\"cvGsUA direction-ltr align-justify para-style-body\">Pourrissement des fruits<\/li>\n<li>Larves dans les fruits les rendant inconsommables<\/li>\n<\/ul>\n<\/div><\/div><\/div><div class=\"fusion-panel panel-default panel-5a86bdd51ef32cabc fusion-toggle-has-divider\" style=\"--awb-title-color:#ffffff;--awb-content-color:#333333;\"><div class=\"panel-heading\"><h3 class=\"panel-title toggle\" id=\"toggle_5a86bdd51ef32cabc\"><a aria-expanded=\"false\" aria-controls=\"5a86bdd51ef32cabc\" role=\"button\" data-toggle=\"collapse\" data-target=\"#5a86bdd51ef32cabc\" href=\"#5a86bdd51ef32cabc\"><span class=\"fusion-toggle-icon-wrapper\" aria-hidden=\"true\"><i class=\"fa-fusion-box active-icon awb-icon-minus\" aria-hidden=\"true\"><\/i><i class=\"fa-fusion-box inactive-icon awb-icon-plus\" aria-hidden=\"true\"><\/i><\/span><span class=\"fusion-toggle-heading\">Distribution<\/span><\/a><\/h3><\/div><div id=\"5a86bdd51ef32cabc\" class=\"panel-collapse collapse \" aria-labelledby=\"toggle_5a86bdd51ef32cabc\"><div class=\"panel-body toggle-content fusion-clearfix\">\n<p><img decoding=\"async\" class=\" wp-image-26943 aligncenter\" src=\"https:\/\/www.service-public.pf\/biosecurite\/wp-content\/uploads\/sites\/43\/2023\/12\/a-ceratitis-1-300x192.png\" alt=\"\" width=\"613\" height=\"392\" srcset=\"https:\/\/www.service-public.pf\/biosecurite\/wp-content\/uploads\/sites\/43\/2023\/12\/a-ceratitis-1-200x128.png 200w, https:\/\/www.service-public.pf\/biosecurite\/wp-content\/uploads\/sites\/43\/2023\/12\/a-ceratitis-1-300x192.png 300w, https:\/\/www.service-public.pf\/biosecurite\/wp-content\/uploads\/sites\/43\/2023\/12\/a-ceratitis-1-400x257.png 400w, https:\/\/www.service-public.pf\/biosecurite\/wp-content\/uploads\/sites\/43\/2023\/12\/a-ceratitis-1-460x295.png 460w, https:\/\/www.service-public.pf\/biosecurite\/wp-content\/uploads\/sites\/43\/2023\/12\/a-ceratitis-1-600x385.png 600w, https:\/\/www.service-public.pf\/biosecurite\/wp-content\/uploads\/sites\/43\/2023\/12\/a-ceratitis-1.png 697w\" sizes=\"(max-width: 613px) 100vw, 613px\" \/>Oc\u00e9anie : Australie, Mariannes du nord<\/p>\n<p>Hawa\u00ef<\/p>\n<\/div><\/div><\/div><div class=\"fusion-panel panel-default panel-a8c5303c11f0b9ad6 fusion-toggle-has-divider\" style=\"--awb-title-color:#ffffff;--awb-content-color:#333333;\"><div class=\"panel-heading\"><h3 class=\"panel-title toggle\" id=\"toggle_a8c5303c11f0b9ad6\"><a aria-expanded=\"false\" aria-controls=\"a8c5303c11f0b9ad6\" role=\"button\" data-toggle=\"collapse\" data-target=\"#a8c5303c11f0b9ad6\" href=\"#a8c5303c11f0b9ad6\"><span class=\"fusion-toggle-icon-wrapper\" aria-hidden=\"true\"><i class=\"fa-fusion-box active-icon awb-icon-minus\" aria-hidden=\"true\"><\/i><i class=\"fa-fusion-box inactive-icon awb-icon-plus\" aria-hidden=\"true\"><\/i><\/span><span class=\"fusion-toggle-heading\">Actualit\u00e9 \/ Veille<\/span><\/a><\/h3><\/div><div id=\"a8c5303c11f0b9ad6\" class=\"panel-collapse collapse \" aria-labelledby=\"toggle_a8c5303c11f0b9ad6\"><div class=\"panel-body toggle-content fusion-clearfix\">\n<p>Date de derni\u00e8re MAJ : 07\/11\/2023<\/p>\n<\/div><\/div><\/div><\/div><\/div><\/div><\/div><div class=\"fusion-layout-column fusion_builder_column fusion-builder-column-3 fusion_builder_column_1_4 1_4 fusion-flex-column\" style=\"--awb-bg-size:cover;--awb-width-large:25%;--awb-margin-top-large:0px;--awb-spacing-right-large:7.68%;--awb-margin-bottom-large:20px;--awb-spacing-left-large:7.68%;--awb-width-medium:100%;--awb-order-medium:0;--awb-spacing-right-medium:1.92%;--awb-spacing-left-medium:1.92%;--awb-width-small:100%;--awb-order-small:0;--awb-spacing-right-small:1.92%;--awb-spacing-left-small:1.92%;\"><div class=\"fusion-column-wrapper fusion-column-has-shadow fusion-flex-justify-content-flex-start fusion-content-layout-column\"><div class=\"fusion-builder-row fusion-builder-row-inner fusion-row fusion-flex-align-items-flex-start fusion-flex-justify-content-space-between fusion-flex-content-wrap\" style=\"--awb-flex-grow:0;--awb-flex-grow-medium:0;--awb-flex-grow-small:0;--awb-flex-shrink:0;--awb-flex-shrink-medium:0;--awb-flex-shrink-small:0;width:104% !important;max-width:104% !important;margin-left: calc(-4% \/ 2 );margin-right: calc(-4% \/ 2 );\"><div class=\"fusion-layout-column fusion_builder_column_inner fusion-builder-nested-column-0 fusion_builder_column_inner_1_1 1_1 fusion-flex-column vct_column_right\" style=\"--awb-bg-size:cover;--awb-width-large:100%;--awb-margin-top-large:0px;--awb-spacing-right-large:1.92%;--awb-margin-bottom-large:20px;--awb-spacing-left-large:1.92%;--awb-width-medium:100%;--awb-order-medium:0;--awb-spacing-right-medium:1.92%;--awb-spacing-left-medium:1.92%;--awb-width-small:100%;--awb-order-small:0;--awb-spacing-right-small:1.92%;--awb-spacing-left-small:1.92%;\"><div class=\"fusion-column-wrapper fusion-column-has-shadow fusion-flex-justify-content-flex-start fusion-content-layout-column\"><div class=\"fusion-title title fusion-title-3 fusion-sep-none fusion-title-text fusion-title-size-three vct_icon_title_left_blue\" style=\"--awb-text-color:#ffffff;--awb-margin-bottom:0px;--awb-margin-top-small:0px;--awb-margin-right-small:0px;--awb-margin-bottom-small:0px;--awb-margin-left-small:0px;--awb-font-size:1.125rem;\"><h3 class=\"fusion-title-heading title-heading-left\" style=\"margin:0;font-size:1em;\">Fiche technique<\/h3><\/div><div class=\"fusion-text fusion-text-1\"><p><a href=\"https:\/\/www.service-public.pf\/biosecurite\/wp-content\/uploads\/sites\/43\/2023\/12\/fiche-technique-Ceratitis-capitata.pdf\" target=\"\" rel=\"noopener\">Fiche Technique Ceratitis Capitata<\/a><\/p>\n<\/div><\/div><\/div><div class=\"fusion-layout-column fusion_builder_column_inner fusion-builder-nested-column-1 fusion_builder_column_inner_1_1 1_1 fusion-flex-column vct_column_right\" style=\"--awb-bg-color:#efeded;--awb-bg-color-hover:#efeded;--awb-bg-size:cover;--awb-width-large:100%;--awb-margin-top-large:0px;--awb-spacing-right-large:1.92%;--awb-margin-bottom-large:20px;--awb-spacing-left-large:1.92%;--awb-width-medium:100%;--awb-order-medium:0;--awb-spacing-right-medium:1.92%;--awb-spacing-left-medium:1.92%;--awb-width-small:100%;--awb-order-small:0;--awb-spacing-right-small:1.92%;--awb-spacing-left-small:1.92%;\"><div class=\"fusion-column-wrapper fusion-column-has-shadow fusion-flex-justify-content-flex-start fusion-content-layout-column\"><div class=\"fusion-title title fusion-title-4 fusion-sep-none fusion-title-text fusion-title-size-three vct_icon_title_left_blue\" style=\"--awb-text-color:#ffffff;--awb-margin-bottom:0px;--awb-margin-top-small:0px;--awb-margin-right-small:0px;--awb-margin-bottom-small:0px;--awb-margin-left-small:0px;--awb-font-size:1.125rem;\"><h3 class=\"fusion-title-heading title-heading-left\" style=\"margin:0;font-size:1em;\">Image(s)<\/h3><\/div><div class=\"fusion-image-element \" style=\"text-align:center;--awb-margin-bottom:20px;--awb-caption-title-font-family:var(--h2_typography-font-family);--awb-caption-title-font-weight:var(--h2_typography-font-weight);--awb-caption-title-font-style:var(--h2_typography-font-style);--awb-caption-title-size:var(--h2_typography-font-size);--awb-caption-title-transform:var(--h2_typography-text-transform);--awb-caption-title-line-height:var(--h2_typography-line-height);--awb-caption-title-letter-spacing:var(--h2_typography-letter-spacing);\"><span class=\" fusion-imageframe imageframe-none imageframe-1 hover-type-none\"><img decoding=\"async\" width=\"151\" height=\"126\" title=\"Aaaa\" src=\"https:\/\/www.service-public.pf\/biosecurite\/wp-content\/uploads\/sites\/43\/2023\/12\/aaaa.png\" alt class=\"img-responsive wp-image-26939\"\/><\/span><\/div><div class=\"fusion-image-element \" style=\"text-align:center;--awb-caption-title-font-family:var(--h2_typography-font-family);--awb-caption-title-font-weight:var(--h2_typography-font-weight);--awb-caption-title-font-style:var(--h2_typography-font-style);--awb-caption-title-size:var(--h2_typography-font-size);--awb-caption-title-transform:var(--h2_typography-text-transform);--awb-caption-title-line-height:var(--h2_typography-line-height);--awb-caption-title-letter-spacing:var(--h2_typography-letter-spacing);\"><span class=\" fusion-imageframe imageframe-none imageframe-2 hover-type-none\"><img decoding=\"async\" width=\"300\" height=\"188\" title=\"Ab\" src=\"https:\/\/www.service-public.pf\/biosecurite\/wp-content\/uploads\/sites\/43\/2023\/12\/ab-300x188.png\" alt class=\"img-responsive wp-image-26941\" srcset=\"https:\/\/www.service-public.pf\/biosecurite\/wp-content\/uploads\/sites\/43\/2023\/12\/ab-200x125.png 200w, https:\/\/www.service-public.pf\/biosecurite\/wp-content\/uploads\/sites\/43\/2023\/12\/ab.png 305w\" sizes=\"(max-width: 1024px) 100vw, (max-width: 640px) 100vw, 300px\" \/><\/span><\/div><div class=\"fusion-image-element \" style=\"text-align:center;--awb-margin-top:20px;--awb-caption-title-font-family:var(--h2_typography-font-family);--awb-caption-title-font-weight:var(--h2_typography-font-weight);--awb-caption-title-font-style:var(--h2_typography-font-style);--awb-caption-title-size:var(--h2_typography-font-size);--awb-caption-title-transform:var(--h2_typography-text-transform);--awb-caption-title-line-height:var(--h2_typography-line-height);--awb-caption-title-letter-spacing:var(--h2_typography-letter-spacing);\"><span class=\" fusion-imageframe imageframe-none imageframe-3 hover-type-none\"><img decoding=\"async\" width=\"300\" height=\"185\" title=\"Aaaaaaa\" src=\"https:\/\/www.service-public.pf\/biosecurite\/wp-content\/uploads\/sites\/43\/2023\/12\/aaaaaaa-300x185.png\" alt class=\"img-responsive wp-image-26940\" srcset=\"https:\/\/www.service-public.pf\/biosecurite\/wp-content\/uploads\/sites\/43\/2023\/12\/aaaaaaa-200x123.png 200w, https:\/\/www.service-public.pf\/biosecurite\/wp-content\/uploads\/sites\/43\/2023\/12\/aaaaaaa.png 341w\" sizes=\"(max-width: 1024px) 100vw, (max-width: 640px) 100vw, 300px\" \/><\/span><\/div><\/div><\/div><div class=\"fusion-layout-column fusion_builder_column_inner fusion-builder-nested-column-2 fusion_builder_column_inner_1_1 1_1 fusion-flex-column vct_column_right\" style=\"--awb-bg-size:cover;--awb-width-large:100%;--awb-margin-top-large:0px;--awb-spacing-right-large:1.92%;--awb-margin-bottom-large:20px;--awb-spacing-left-large:1.92%;--awb-width-medium:100%;--awb-order-medium:0;--awb-spacing-right-medium:1.92%;--awb-spacing-left-medium:1.92%;--awb-width-small:100%;--awb-order-small:0;--awb-spacing-right-small:1.92%;--awb-spacing-left-small:1.92%;\"><div class=\"fusion-column-wrapper fusion-column-has-shadow fusion-flex-justify-content-flex-start fusion-content-layout-column\"><div class=\"fusion-title title fusion-title-5 fusion-sep-none fusion-title-text fusion-title-size-three vct_icon_title_left_blue\" style=\"--awb-text-color:#ffffff;--awb-margin-bottom:0px;--awb-margin-top-small:0px;--awb-margin-right-small:0px;--awb-margin-bottom-small:0px;--awb-margin-left-small:0px;--awb-font-size:1.125rem;\"><h3 class=\"fusion-title-heading title-heading-left\" style=\"margin:0;font-size:1em;\">Nous contacter<\/h3><\/div><div class=\"fusion-text fusion-text-2\"><p>Service: Cellule phytosanitaire<br \/>\nE-mail : phyto.dbs@biosecurite.gov.pf<br \/>\nT\u00e9l\u00e9phone: 40 544 586<\/p>\n<\/div><\/div><\/div><\/div><\/div><\/div><\/div><\/div><\/p>\n","protected":false},"excerpt":{"rendered":"","protected":false},"author":308,"featured_media":20909,"parent":23538,"menu_order":0,"comment_status":"closed","ping_status":"closed","template":"","meta":{"_seopress_robots_primary_cat":"","_seopress_titles_title":"","_seopress_titles_desc":"","_seopress_robots_index":"","footnotes":""},"class_list":["post-26938","page","type-page","status-publish","has-post-thumbnail","hentry"],"_links":{"self":[{"href":"https:\/\/www.service-public.pf\/biosecurite\/wp-json\/wp\/v2\/pages\/26938","targetHints":{"allow":["GET"]}}],"collection":[{"href":"https:\/\/www.service-public.pf\/biosecurite\/wp-json\/wp\/v2\/pages"}],"about":[{"href":"https:\/\/www.service-public.pf\/biosecurite\/wp-json\/wp\/v2\/types\/page"}],"author":[{"embeddable":true,"href":"https:\/\/www.service-public.pf\/biosecurite\/wp-json\/wp\/v2\/users\/308"}],"replies":[{"embeddable":true,"href":"https:\/\/www.service-public.pf\/biosecurite\/wp-json\/wp\/v2\/comments?post=26938"}],"version-history":[{"count":0,"href":"https:\/\/www.service-public.pf\/biosecurite\/wp-json\/wp\/v2\/pages\/26938\/revisions"}],"up":[{"embeddable":true,"href":"https:\/\/www.service-public.pf\/biosecurite\/wp-json\/wp\/v2\/pages\/23538"}],"wp:featuredmedia":[{"embeddable":true,"href":"https:\/\/www.service-public.pf\/biosecurite\/wp-json\/wp\/v2\/media\/20909"}],"wp:attachment":[{"href":"https:\/\/www.service-public.pf\/biosecurite\/wp-json\/wp\/v2\/media?parent=26938"}],"curies":[{"name":"wp","href":"https:\/\/api.w.org\/{rel}","templated":true}]}}