{"id":27165,"date":"2024-01-15T15:14:55","date_gmt":"2024-01-16T01:14:55","guid":{"rendered":"https:\/\/www.service-public.pf\/biosecurite\/?page_id=27165"},"modified":"2025-10-17T09:51:10","modified_gmt":"2025-10-17T19:51:10","slug":"points-dentree-officiels","status":"publish","type":"page","link":"https:\/\/www.service-public.pf\/biosecurite\/accueil\/professionnels-2\/controle-de-biosecurite-aux-frontieres\/points-dentree-officiels\/","title":{"rendered":"Points d&rsquo;entr\u00e9e officiels"},"content":{"rendered":"<p><div class=\"fusion-fullwidth fullwidth-box fusion-builder-row-1 fusion-flex-container has-pattern-background has-mask-background fusion-parallax-none nonhundred-percent-fullwidth non-hundred-percent-height-scrolling vct_border_bottom_separator\" style=\"--awb-border-radius-top-left:0px;--awb-border-radius-top-right:0px;--awb-border-radius-bottom-right:0px;--awb-border-radius-bottom-left:0px;--awb-background-image:linear-gradient(180deg, rgba(0,0,0,0) 0%,rgba(0,0,0,0.8) 100%),url(https:\/\/www.service-public.pf\/biosecurite\/wp-content\/uploads\/sites\/43\/2024\/01\/carte-voyage-vue-dessus-avion-scaled.jpg);;--awb-background-size:cover;--awb-flex-wrap:wrap;\" ><div class=\"fusion-builder-row fusion-row fusion-flex-align-items-flex-start fusion-flex-content-wrap\" style=\"max-width:1144px;margin-left: calc(-4% \/ 2 );margin-right: calc(-4% \/ 2 );\"><div class=\"fusion-layout-column fusion_builder_column fusion-builder-column-0 fusion_builder_column_1_1 1_1 fusion-flex-column\" style=\"--awb-padding-top:6vw;--awb-padding-right:5vw;--awb-padding-bottom:3vw;--awb-padding-left:5vw;--awb-bg-size:cover;--awb-width-large:100%;--awb-margin-top-large:0px;--awb-spacing-right-large:1.92%;--awb-margin-bottom-large:0px;--awb-spacing-left-large:1.92%;--awb-width-medium:100%;--awb-order-medium:0;--awb-spacing-right-medium:1.92%;--awb-spacing-left-medium:1.92%;--awb-width-small:100%;--awb-order-small:0;--awb-spacing-right-small:1.92%;--awb-spacing-left-small:1.92%;\"><div class=\"fusion-column-wrapper fusion-column-has-shadow fusion-flex-justify-content-flex-start fusion-content-layout-column\"><div class=\"fusion-title title fusion-title-1 fusion-sep-none fusion-title-text fusion-title-size-one\" style=\"--awb-text-color:#ffffff;--awb-margin-top-small:0px;--awb-margin-right-small:0px;--awb-margin-bottom-small:20px;--awb-margin-left-small:0px;--awb-font-size:3rem;\"><h1 class=\"fusion-title-heading title-heading-left\" style=\"margin:0;font-size:1em;\">Professionnels<\/h1><\/div><\/div><\/div><\/div><\/div><div class=\"fusion-fullwidth fullwidth-box fusion-builder-row-2 fusion-flex-container has-pattern-background has-mask-background nonhundred-percent-fullwidth non-hundred-percent-height-scrolling\" style=\"--awb-border-radius-top-left:0px;--awb-border-radius-top-right:0px;--awb-border-radius-bottom-right:0px;--awb-border-radius-bottom-left:0px;--awb-padding-right:5vw;--awb-padding-left:5vw;--awb-flex-wrap:wrap;\" ><div class=\"fusion-builder-row fusion-row fusion-flex-align-items-flex-start fusion-flex-justify-content-space-between fusion-flex-content-wrap\" style=\"max-width:1144px;margin-left: calc(-4% \/ 2 );margin-right: calc(-4% \/ 2 );\"><div class=\"fusion-layout-column fusion_builder_column fusion-builder-column-1 fusion_builder_column_1_1 1_1 fusion-flex-column\" style=\"--awb-bg-color:#ffffff;--awb-bg-color-hover:#ffffff;--awb-bg-size:cover;--awb-width-large:100%;--awb-margin-top-large:30px;--awb-spacing-right-large:1.92%;--awb-margin-bottom-large:30px;--awb-spacing-left-large:1.92%;--awb-width-medium:100%;--awb-order-medium:0;--awb-spacing-right-medium:1.92%;--awb-spacing-left-medium:1.92%;--awb-width-small:100%;--awb-order-small:0;--awb-spacing-right-small:1.92%;--awb-spacing-left-small:1.92%;\"><div class=\"fusion-column-wrapper fusion-column-has-shadow fusion-flex-justify-content-flex-start fusion-content-layout-column\"><nav class=\"fusion-breadcrumbs fusion-breadcrumbs-1\" style=\"--awb-font-size:16px;--awb-text-hover-color:#e51427;--awb-text-color:#12284d;--awb-breadcrumb-sep:&#039;&gt;&#039;;\" aria-label=\"Breadcrumb\"><ol class=\"awb-breadcrumb-list\"><li class=\"fusion-breadcrumb-item awb-breadcrumb-sep awb-home\" ><a href=\"https:\/\/www.service-public.pf\/biosecurite\" class=\"fusion-breadcrumb-link\"><span >Home<\/span><\/a><\/li><\/ol><\/nav><\/div><\/div><div class=\"fusion-layout-column fusion_builder_column fusion-builder-column-2 fusion_builder_column_3_4 3_4 fusion-flex-column\" style=\"--awb-bg-size:cover;--awb-width-large:75%;--awb-margin-top-large:0px;--awb-spacing-right-large:2.56%;--awb-margin-bottom-large:20px;--awb-spacing-left-large:2.56%;--awb-width-medium:100%;--awb-order-medium:0;--awb-spacing-right-medium:1.92%;--awb-spacing-left-medium:1.92%;--awb-width-small:100%;--awb-order-small:0;--awb-spacing-right-small:1.92%;--awb-spacing-left-small:1.92%;\"><div class=\"fusion-column-wrapper fusion-column-has-shadow fusion-flex-justify-content-center fusion-content-layout-column\"><div class=\"fusion-title title fusion-title-2 fusion-sep-none fusion-title-text fusion-title-size-two\" style=\"--awb-margin-bottom:15px;--awb-margin-top-small:0px;--awb-margin-right-small:0px;--awb-margin-bottom-small:20px;--awb-margin-left-small:0px;--awb-font-size:35px;\"><h2 class=\"fusion-title-heading title-heading-left\" style=\"margin:0;font-size:1em;\"><p><strong>Les points d&rsquo;entr\u00e9e officiels en Polyn\u00e9sie fran\u00e7aise<br \/>\n<\/strong><\/p><\/h2><\/div><div class=\"fusion-separator\" style=\"align-self: flex-start;margin-right:auto;margin-bottom:3rem;width:100%;max-width:20%;\"><div class=\"fusion-separator-border sep-single sep-solid\" style=\"--awb-height:20px;--awb-amount:20px;--awb-sep-color:#e51427;border-color:#e51427;border-top-width:8px;\"><\/div><\/div><div class=\"accordian fusion-accordian vct_toggle\" style=\"--awb-border-size:1px;--awb-icon-size:13px;--awb-content-font-size:15px;--awb-icon-alignment:right;--awb-hover-color:#f9f9f9;--awb-border-color:#cccccc;--awb-background-color:#ffffff;--awb-divider-color:#e0dede;--awb-divider-hover-color:#e0dede;--awb-icon-color:#ffffff;--awb-title-color:#ffffff;--awb-content-color:#000000;--awb-icon-box-color:#333333;--awb-toggle-hover-accent-color:rgba(255,255,255,0);--awb-toggle-active-accent-color:rgba(255,255,255,0);--awb-title-font-family:&quot;Roboto&quot;;--awb-title-font-weight:400;--awb-title-font-style:normal;--awb-title-font-size:1.125rem;--awb-content-font-family:&quot;Roboto&quot;;--awb-content-font-style:normal;--awb-content-font-weight:400;\"><div class=\"panel-group fusion-toggle-icon-right fusion-toggle-icon-boxed\" id=\"accordion-27165-1\"><div class=\"fusion-panel panel-default panel-0001e27b234314dd2 fusion-toggle-has-divider\" style=\"--awb-title-color:#ffffff;--awb-content-color:#333333;\"><div class=\"panel-heading\"><h3 class=\"panel-title toggle\" id=\"toggle_0001e27b234314dd2\"><a class=\"active\" aria-expanded=\"true\" aria-controls=\"0001e27b234314dd2\" role=\"button\" data-toggle=\"collapse\" data-parent=\"#accordion-27165-1\" data-target=\"#0001e27b234314dd2\" href=\"#0001e27b234314dd2\"><span class=\"fusion-toggle-icon-wrapper\" aria-hidden=\"true\"><i class=\"fa-fusion-box active-icon awb-icon-minus\" aria-hidden=\"true\"><\/i><i class=\"fa-fusion-box inactive-icon awb-icon-plus\" aria-hidden=\"true\"><\/i><\/span><span class=\"fusion-toggle-heading\">Conditions g\u00e9n\u00e9rales<\/span><\/a><\/h3><\/div><div id=\"0001e27b234314dd2\" class=\"panel-collapse collapse in\" aria-labelledby=\"toggle_0001e27b234314dd2\"><div class=\"panel-body toggle-content fusion-clearfix\">\n<p style=\"text-align: justify\">Tous les avions et les navires en provenance d\u2019un a\u00e9roport\/port ext\u00e9rieur au territoire douanier de la Polyn\u00e9sie fran\u00e7aise et arrivant en Polyn\u00e9sie fran\u00e7aise (ext\u00e9rieur \u00e0 la PF) <strong>doivent atterrir ou accoster en premier lieu dans un point d\u2019entr\u00e9e officiel<\/strong> pour y subir le <strong>contr\u00f4le de bios\u00e9curit\u00e9<\/strong> (Art. LP. 10. de la <a href=\"https:\/\/lexpol.cloud.pf\/LexpolAfficheTexte.php?texte=396989&amp;idr=0&amp;np=1\">loi de pays n\u00b0 2013-12 du 06\/05\/2013<\/a> et Art 5 de la <a href=\"https:\/\/lexpol.cloud.pf\/LexpolAfficheTexte.php?texte=181837&amp;idr=0&amp;np=1\">d\u00e9lib\u00e9ration n\u00b0 99-168 APF du 30\/09\/1999<\/a>).<\/p>\n<p style=\"text-align: justify\">Les <strong>deux points d\u2019entr\u00e9e officiels<\/strong> de la Polyn\u00e9sie fran\u00e7aise sont les suivants\u00a0:<\/p>\n<ul style=\"text-align: justify\">\n<li style=\"text-align: left\">Le <strong>port de Papeete<\/strong>, TAHITI (navires)<\/li>\n<\/ul>\n<p style=\"text-align: justify\"><img decoding=\"async\" class=\"wp-image-27158 aligncenter\" src=\"https:\/\/www.service-public.pf\/biosecurite\/wp-content\/uploads\/sites\/43\/2024\/01\/Screenshot-2024-01-15-at-12-30-16-satellite-carte-de-Papeete-Territoire-de-la-Polynesie-Francaise-Iles-du-Vent.png\" alt=\"\" width=\"592\" height=\"394\" srcset=\"https:\/\/www.service-public.pf\/biosecurite\/wp-content\/uploads\/sites\/43\/2024\/01\/Screenshot-2024-01-15-at-12-30-16-satellite-carte-de-Papeete-Territoire-de-la-Polynesie-Francaise-Iles-du-Vent-200x133.png 200w, https:\/\/www.service-public.pf\/biosecurite\/wp-content\/uploads\/sites\/43\/2024\/01\/Screenshot-2024-01-15-at-12-30-16-satellite-carte-de-Papeete-Territoire-de-la-Polynesie-Francaise-Iles-du-Vent-300x200.png 300w, https:\/\/www.service-public.pf\/biosecurite\/wp-content\/uploads\/sites\/43\/2024\/01\/Screenshot-2024-01-15-at-12-30-16-satellite-carte-de-Papeete-Territoire-de-la-Polynesie-Francaise-Iles-du-Vent-400x266.png 400w, https:\/\/www.service-public.pf\/biosecurite\/wp-content\/uploads\/sites\/43\/2024\/01\/Screenshot-2024-01-15-at-12-30-16-satellite-carte-de-Papeete-Territoire-de-la-Polynesie-Francaise-Iles-du-Vent-600x399.png 600w, https:\/\/www.service-public.pf\/biosecurite\/wp-content\/uploads\/sites\/43\/2024\/01\/Screenshot-2024-01-15-at-12-30-16-satellite-carte-de-Papeete-Territoire-de-la-Polynesie-Francaise-Iles-du-Vent-768x511.png 768w, https:\/\/www.service-public.pf\/biosecurite\/wp-content\/uploads\/sites\/43\/2024\/01\/Screenshot-2024-01-15-at-12-30-16-satellite-carte-de-Papeete-Territoire-de-la-Polynesie-Francaise-Iles-du-Vent-800x532.png 800w, https:\/\/www.service-public.pf\/biosecurite\/wp-content\/uploads\/sites\/43\/2024\/01\/Screenshot-2024-01-15-at-12-30-16-satellite-carte-de-Papeete-Territoire-de-la-Polynesie-Francaise-Iles-du-Vent.png 878w\" sizes=\"(max-width: 592px) 100vw, 592px\" \/><\/p>\n<ul style=\"text-align: justify\">\n<li>L\u2019<strong>a\u00e9roport de Faa\u2019a<\/strong>, TAHITI (avion)<\/li>\n<\/ul>\n<p style=\"text-align: justify\"><img decoding=\"async\" class=\"aligncenter\" src=\"https:\/\/www.service-public.pf\/biosecurite\/wp-content\/uploads\/sites\/43\/2024\/01\/Capture.png\" width=\"586\" height=\"523\" \/><\/p>\n<\/div><\/div><\/div><div class=\"fusion-panel panel-default panel-499465e73ae67f911 fusion-toggle-has-divider\" style=\"--awb-title-color:#ffffff;--awb-content-color:#333333;\"><div class=\"panel-heading\"><h3 class=\"panel-title toggle\" id=\"toggle_499465e73ae67f911\"><a class=\"active\" aria-expanded=\"true\" aria-controls=\"499465e73ae67f911\" role=\"button\" data-toggle=\"collapse\" data-parent=\"#accordion-27165-1\" data-target=\"#499465e73ae67f911\" href=\"#499465e73ae67f911\"><span class=\"fusion-toggle-icon-wrapper\" aria-hidden=\"true\"><i class=\"fa-fusion-box active-icon awb-icon-minus\" aria-hidden=\"true\"><\/i><i class=\"fa-fusion-box inactive-icon awb-icon-plus\" aria-hidden=\"true\"><\/i><\/span><span class=\"fusion-toggle-heading\">Sanction en cas d'accostage ou d'atterrissage en dehors des points d'entr\u00e9e officiels<\/span><\/a><\/h3><\/div><div id=\"499465e73ae67f911\" class=\"panel-collapse collapse in\" aria-labelledby=\"toggle_499465e73ae67f911\"><div class=\"panel-body toggle-content fusion-clearfix\">\n<p>Les infractions \u00e0 ces dispositions sont punies d&rsquo;une amende de 5e classe. Lorsqu&rsquo;elles entrainent l&rsquo;importation d&rsquo;articles r\u00e8glement\u00e9s sans contr\u00f4le, elles sont punies de 6 mois d&#8217;emprisonnement et de 3 570 000 fcfp d&rsquo;amende. Enfin, lorsqu&rsquo;elles entrainent des atteintes pour la sant\u00e9 humaine ou animale, les peines peuvent \u00eatre port\u00e9es \u00e0 5 ans d&#8217;emprisonnement et une amende de 9 millions fcfp.<\/p>\n<\/div><\/div><\/div><\/div><\/div><\/div><\/div><div class=\"fusion-layout-column fusion_builder_column fusion-builder-column-3 fusion_builder_column_1_4 1_4 fusion-flex-column\" style=\"--awb-bg-size:cover;--awb-width-large:25%;--awb-margin-top-large:0px;--awb-spacing-right-large:7.68%;--awb-margin-bottom-large:20px;--awb-spacing-left-large:7.68%;--awb-width-medium:100%;--awb-order-medium:0;--awb-spacing-right-medium:1.92%;--awb-spacing-left-medium:1.92%;--awb-width-small:100%;--awb-order-small:0;--awb-spacing-right-small:1.92%;--awb-spacing-left-small:1.92%;\" data-scroll-devices=\"small-visibility,medium-visibility,large-visibility\"><div class=\"fusion-column-wrapper fusion-column-has-shadow fusion-flex-justify-content-flex-start fusion-content-layout-column\"><div class=\"fusion-builder-row fusion-builder-row-inner fusion-row fusion-flex-align-items-flex-start fusion-flex-justify-content-space-between fusion-flex-content-wrap\" style=\"--awb-flex-grow:0;--awb-flex-grow-medium:0;--awb-flex-grow-small:0;--awb-flex-shrink:0;--awb-flex-shrink-medium:0;--awb-flex-shrink-small:0;width:104% !important;max-width:104% !important;margin-left: calc(-4% \/ 2 );margin-right: calc(-4% \/ 2 );\"><div class=\"fusion-layout-column fusion_builder_column_inner fusion-builder-nested-column-0 fusion_builder_column_inner_1_1 1_1 fusion-flex-column vct_column_right\" style=\"--awb-bg-size:cover;--awb-width-large:100%;--awb-margin-top-large:0px;--awb-spacing-right-large:1.92%;--awb-margin-bottom-large:20px;--awb-spacing-left-large:1.92%;--awb-width-medium:100%;--awb-order-medium:0;--awb-spacing-right-medium:1.92%;--awb-spacing-left-medium:1.92%;--awb-width-small:100%;--awb-order-small:0;--awb-spacing-right-small:1.92%;--awb-spacing-left-small:1.92%;\"><div class=\"fusion-column-wrapper fusion-column-has-shadow fusion-flex-justify-content-flex-start fusion-content-layout-column\"><div class=\"fusion-title title fusion-title-3 fusion-sep-none fusion-title-text fusion-title-size-three vct_icon_title_left_blue\" style=\"--awb-text-color:#ffffff;--awb-margin-bottom:0px;--awb-margin-top-small:0px;--awb-margin-right-small:0px;--awb-margin-bottom-small:0px;--awb-margin-left-small:0px;--awb-font-size:1.125rem;\"><h3 class=\"fusion-title-heading title-heading-left\" style=\"margin:0;font-size:1em;\">R\u00e9glementation<\/h3><\/div><div class=\"fusion-text fusion-text-1\"><ul>\n<li><a href=\"https:\/\/lexpol.cloud.pf\/LexpolAfficheTexte.php?texte=396989&amp;idr=0&amp;np=1\">Loi de pays n\u00b0 2013-12 du 06\/05\/2013<\/a><\/li>\n<li><a href=\"https:\/\/lexpol.cloud.pf\/LexpolAfficheTexte.php?texte=181837&amp;idr=0&amp;np=1\">D\u00e9lib\u00e9ration n\u00b0 99-168 APF du 30\/09\/1999<\/a><\/li>\n<\/ul>\n<\/div><\/div><\/div><div class=\"fusion-layout-column fusion_builder_column_inner fusion-builder-nested-column-1 fusion_builder_column_inner_1_1 1_1 fusion-flex-column vct_column_right\" style=\"--awb-bg-size:cover;--awb-width-large:100%;--awb-margin-top-large:0px;--awb-spacing-right-large:1.92%;--awb-margin-bottom-large:20px;--awb-spacing-left-large:1.92%;--awb-width-medium:100%;--awb-order-medium:0;--awb-spacing-right-medium:1.92%;--awb-spacing-left-medium:1.92%;--awb-width-small:100%;--awb-order-small:0;--awb-spacing-right-small:1.92%;--awb-spacing-left-small:1.92%;\"><div class=\"fusion-column-wrapper fusion-column-has-shadow fusion-flex-justify-content-flex-start fusion-content-layout-column\"><div class=\"fusion-title title fusion-title-4 fusion-sep-none fusion-title-text fusion-title-size-three vct_icon_title_left_blue\" style=\"--awb-text-color:#ffffff;--awb-margin-bottom:0px;--awb-margin-top-small:0px;--awb-margin-right-small:0px;--awb-margin-bottom-small:0px;--awb-margin-left-small:0px;--awb-font-size:1.125rem;\"><h3 class=\"fusion-title-heading title-heading-left\" style=\"margin:0;font-size:1em;\">Tarifs<\/h3><\/div><div class=\"fusion-text fusion-text-2\"><p><a href=\"https:\/\/lexpol.cloud.pf\/LexpolAfficheTexte.php?texte=459542&amp;idr=0&amp;np=1\">Arr\u00eat\u00e9 n\u00b0 1920 CM du 26 novembre 2015 modifi\u00e9<\/a><\/p>\n<\/div><\/div><\/div><div class=\"fusion-layout-column fusion_builder_column_inner fusion-builder-nested-column-2 fusion_builder_column_inner_1_1 1_1 fusion-flex-column vct_column_right\" style=\"--awb-bg-size:cover;--awb-width-large:100%;--awb-margin-top-large:0px;--awb-spacing-right-large:1.92%;--awb-margin-bottom-large:20px;--awb-spacing-left-large:1.92%;--awb-width-medium:100%;--awb-order-medium:0;--awb-spacing-right-medium:1.92%;--awb-spacing-left-medium:1.92%;--awb-width-small:100%;--awb-order-small:0;--awb-spacing-right-small:1.92%;--awb-spacing-left-small:1.92%;\"><div class=\"fusion-column-wrapper fusion-column-has-shadow fusion-flex-justify-content-flex-start fusion-content-layout-column\"><div class=\"fusion-title title fusion-title-5 fusion-sep-none fusion-title-text fusion-title-size-three vct_icon_title_left_blue\" style=\"--awb-text-color:#ffffff;--awb-margin-bottom:0px;--awb-margin-top-small:0px;--awb-margin-right-small:0px;--awb-margin-bottom-small:0px;--awb-margin-left-small:0px;--awb-font-size:1.125rem;\"><h3 class=\"fusion-title-heading title-heading-left\" style=\"margin:0;font-size:1em;\">Nous contacter<\/h3><\/div><div class=\"fusion-text fusion-text-3\"><p>Service: Cellule phytosanitaire<br \/>\nE-mail : phyto.dbs@administration.gov.pf<br \/>\nT\u00e9l\u00e9phone: + (689) 40 54 45 85<\/p>\n<\/div><\/div><\/div><\/div><\/div><\/div><\/div><\/div><\/p>\n","protected":false},"excerpt":{"rendered":"","protected":false},"author":240,"featured_media":27157,"parent":27106,"menu_order":0,"comment_status":"closed","ping_status":"closed","template":"","meta":{"_seopress_robots_primary_cat":"","_seopress_titles_title":"","_seopress_titles_desc":"","_seopress_robots_index":"","footnotes":""},"class_list":["post-27165","page","type-page","status-publish","has-post-thumbnail","hentry"],"_links":{"self":[{"href":"https:\/\/www.service-public.pf\/biosecurite\/wp-json\/wp\/v2\/pages\/27165","targetHints":{"allow":["GET"]}}],"collection":[{"href":"https:\/\/www.service-public.pf\/biosecurite\/wp-json\/wp\/v2\/pages"}],"about":[{"href":"https:\/\/www.service-public.pf\/biosecurite\/wp-json\/wp\/v2\/types\/page"}],"author":[{"embeddable":true,"href":"https:\/\/www.service-public.pf\/biosecurite\/wp-json\/wp\/v2\/users\/240"}],"replies":[{"embeddable":true,"href":"https:\/\/www.service-public.pf\/biosecurite\/wp-json\/wp\/v2\/comments?post=27165"}],"version-history":[{"count":1,"href":"https:\/\/www.service-public.pf\/biosecurite\/wp-json\/wp\/v2\/pages\/27165\/revisions"}],"predecessor-version":[{"id":29986,"href":"https:\/\/www.service-public.pf\/biosecurite\/wp-json\/wp\/v2\/pages\/27165\/revisions\/29986"}],"up":[{"embeddable":true,"href":"https:\/\/www.service-public.pf\/biosecurite\/wp-json\/wp\/v2\/pages\/27106"}],"wp:featuredmedia":[{"embeddable":true,"href":"https:\/\/www.service-public.pf\/biosecurite\/wp-json\/wp\/v2\/media\/27157"}],"wp:attachment":[{"href":"https:\/\/www.service-public.pf\/biosecurite\/wp-json\/wp\/v2\/media?parent=27165"}],"curies":[{"name":"wp","href":"https:\/\/api.w.org\/{rel}","templated":true}]}}