{"id":27576,"date":"2024-04-17T13:29:30","date_gmt":"2024-04-17T23:29:30","guid":{"rendered":"https:\/\/www.service-public.pf\/biosecurite\/?page_id=27576"},"modified":"2026-03-13T11:40:51","modified_gmt":"2026-03-13T21:40:51","slug":"profession-veterinaire","status":"publish","type":"page","link":"https:\/\/www.service-public.pf\/biosecurite\/accueil\/professionnels-2\/profession-veterinaire\/","title":{"rendered":"Profession v\u00e9t\u00e9rinaire"},"content":{"rendered":"<p><div class=\"fusion-fullwidth fullwidth-box fusion-builder-row-1 fusion-flex-container has-pattern-background has-mask-background fusion-parallax-none nonhundred-percent-fullwidth non-hundred-percent-height-scrolling vct_border_bottom_separator\" style=\"--awb-border-radius-top-left:0px;--awb-border-radius-top-right:0px;--awb-border-radius-bottom-right:0px;--awb-border-radius-bottom-left:0px;--awb-background-image:linear-gradient(180deg, rgba(0,0,0,0) 0%,rgba(0,0,0,0.8) 100%),url(https:\/\/www.service-public.pf\/biosecurite\/wp-content\/uploads\/sites\/43\/2023\/04\/13.png);;--awb-background-size:cover;--awb-flex-wrap:wrap;\" ><div class=\"fusion-builder-row fusion-row fusion-flex-align-items-flex-start fusion-flex-content-wrap\" style=\"max-width:1144px;margin-left: calc(-4% \/ 2 );margin-right: calc(-4% \/ 2 );\"><div class=\"fusion-layout-column fusion_builder_column fusion-builder-column-0 fusion_builder_column_1_1 1_1 fusion-flex-column\" style=\"--awb-padding-top:6vw;--awb-padding-right:5vw;--awb-padding-bottom:3vw;--awb-padding-left:5vw;--awb-bg-size:cover;--awb-width-large:100%;--awb-margin-top-large:0px;--awb-spacing-right-large:1.92%;--awb-margin-bottom-large:0px;--awb-spacing-left-large:1.92%;--awb-width-medium:100%;--awb-order-medium:0;--awb-spacing-right-medium:1.92%;--awb-spacing-left-medium:1.92%;--awb-width-small:100%;--awb-order-small:0;--awb-spacing-right-small:1.92%;--awb-spacing-left-small:1.92%;\"><div class=\"fusion-column-wrapper fusion-column-has-shadow fusion-flex-justify-content-flex-start fusion-content-layout-column\"><div class=\"fusion-title title fusion-title-1 fusion-sep-none fusion-title-text fusion-title-size-one\" style=\"--awb-text-color:#ffffff;--awb-margin-top-small:0px;--awb-margin-right-small:0px;--awb-margin-bottom-small:20px;--awb-margin-left-small:0px;--awb-font-size:3rem;\"><h1 class=\"fusion-title-heading title-heading-left\" style=\"margin:0;font-size:1em;\">Professionnels<\/h1><\/div><\/div><\/div><\/div><\/div><div class=\"fusion-fullwidth fullwidth-box fusion-builder-row-2 fusion-flex-container has-pattern-background has-mask-background nonhundred-percent-fullwidth non-hundred-percent-height-scrolling\" style=\"--awb-border-radius-top-left:0px;--awb-border-radius-top-right:0px;--awb-border-radius-bottom-right:0px;--awb-border-radius-bottom-left:0px;--awb-padding-right:5vw;--awb-padding-left:5vw;--awb-flex-wrap:wrap;\" ><div class=\"fusion-builder-row fusion-row fusion-flex-align-items-flex-start fusion-flex-justify-content-space-between fusion-flex-content-wrap\" style=\"max-width:1144px;margin-left: calc(-4% \/ 2 );margin-right: calc(-4% \/ 2 );\"><div class=\"fusion-layout-column fusion_builder_column fusion-builder-column-1 fusion_builder_column_1_1 1_1 fusion-flex-column\" style=\"--awb-bg-color:#ffffff;--awb-bg-color-hover:#ffffff;--awb-bg-size:cover;--awb-width-large:100%;--awb-margin-top-large:30px;--awb-spacing-right-large:1.92%;--awb-margin-bottom-large:30px;--awb-spacing-left-large:1.92%;--awb-width-medium:100%;--awb-order-medium:0;--awb-spacing-right-medium:1.92%;--awb-spacing-left-medium:1.92%;--awb-width-small:100%;--awb-order-small:0;--awb-spacing-right-small:1.92%;--awb-spacing-left-small:1.92%;\"><div class=\"fusion-column-wrapper fusion-column-has-shadow fusion-flex-justify-content-flex-start fusion-content-layout-column\"><nav class=\"fusion-breadcrumbs fusion-breadcrumbs-1\" style=\"--awb-font-size:16px;--awb-text-hover-color:#e51427;--awb-text-color:#12284d;--awb-breadcrumb-sep:&#039;&gt;&#039;;\" aria-label=\"Breadcrumb\"><ol class=\"awb-breadcrumb-list\"><li class=\"fusion-breadcrumb-item awb-breadcrumb-sep awb-home\" ><a href=\"https:\/\/www.service-public.pf\/biosecurite\" class=\"fusion-breadcrumb-link\"><span >Home<\/span><\/a><\/li><\/ol><\/nav><\/div><\/div><div class=\"fusion-layout-column fusion_builder_column fusion-builder-column-2 fusion_builder_column_3_4 3_4 fusion-flex-column\" style=\"--awb-bg-size:cover;--awb-width-large:75%;--awb-margin-top-large:0px;--awb-spacing-right-large:2.56%;--awb-margin-bottom-large:20px;--awb-spacing-left-large:2.56%;--awb-width-medium:100%;--awb-order-medium:0;--awb-spacing-right-medium:1.92%;--awb-spacing-left-medium:1.92%;--awb-width-small:100%;--awb-order-small:0;--awb-spacing-right-small:1.92%;--awb-spacing-left-small:1.92%;\"><div class=\"fusion-column-wrapper fusion-column-has-shadow fusion-flex-justify-content-center fusion-content-layout-column\"><div class=\"fusion-title title fusion-title-2 fusion-sep-none fusion-title-text fusion-title-size-two\" style=\"--awb-margin-bottom:5px;--awb-margin-top-small:0px;--awb-margin-right-small:0px;--awb-margin-bottom-small:20px;--awb-margin-left-small:0px;--awb-font-size:2.5rem;\"><h2 class=\"fusion-title-heading title-heading-left\" style=\"margin:0;font-size:1em;\"><p><strong>Les professions v\u00e9t\u00e9rinaires en Polyn\u00e9sie fran\u00e7aise<br \/>\n<\/strong><\/p><\/h2><\/div><div class=\"fusion-separator\" style=\"align-self: flex-start;margin-right:auto;margin-bottom:3rem;width:100%;max-width:20%;\"><div class=\"fusion-separator-border sep-single sep-solid\" style=\"--awb-height:20px;--awb-amount:20px;--awb-sep-color:#e51427;border-color:#e51427;border-top-width:8px;\"><\/div><\/div><div class=\"accordian fusion-accordian vct_toggle\" style=\"--awb-border-size:1px;--awb-icon-size:13px;--awb-content-font-size:15px;--awb-icon-alignment:right;--awb-hover-color:#f9f9f9;--awb-border-color:#cccccc;--awb-background-color:#ffffff;--awb-divider-color:#e0dede;--awb-divider-hover-color:#e0dede;--awb-icon-color:#ffffff;--awb-title-color:#ffffff;--awb-content-color:#000000;--awb-icon-box-color:#333333;--awb-toggle-hover-accent-color:rgba(255,255,255,0);--awb-toggle-active-accent-color:rgba(255,255,255,0);--awb-title-font-family:&quot;Roboto&quot;;--awb-title-font-weight:400;--awb-title-font-style:normal;--awb-title-font-size:1.125rem;--awb-content-font-family:&quot;Roboto&quot;;--awb-content-font-style:normal;--awb-content-font-weight:400;\"><div class=\"panel-group fusion-toggle-icon-right fusion-toggle-icon-boxed\" id=\"accordion-27576-1\"><div class=\"fusion-panel panel-default panel-65f79f1d127becd8b fusion-toggle-has-divider\" style=\"--awb-title-color:#ffffff;--awb-content-color:#333333;\"><div class=\"panel-heading\"><h3 class=\"panel-title toggle\" id=\"toggle_65f79f1d127becd8b\"><a class=\"active\" aria-expanded=\"true\" aria-controls=\"65f79f1d127becd8b\" role=\"button\" data-toggle=\"collapse\" data-target=\"#65f79f1d127becd8b\" href=\"#65f79f1d127becd8b\"><span class=\"fusion-toggle-icon-wrapper\" aria-hidden=\"true\"><i class=\"fa-fusion-box active-icon awb-icon-minus\" aria-hidden=\"true\"><\/i><i class=\"fa-fusion-box inactive-icon awb-icon-plus\" aria-hidden=\"true\"><\/i><\/span><span class=\"fusion-toggle-heading\">Conditions g\u00e9n\u00e9rales<\/span><\/a><\/h3><\/div><div id=\"65f79f1d127becd8b\" class=\"panel-collapse collapse in\" aria-labelledby=\"toggle_65f79f1d127becd8b\"><div class=\"panel-body toggle-content fusion-clearfix\">\n<div class=\"x_elementToProof\">La loi du pays n\u00b0 2019-18 du 13 juin 2019 a cr\u00e9\u00e9 un ordre des v\u00e9t\u00e9rinaires de la Polyn\u00e9sie fran\u00e7aise groupant les personnes habilit\u00e9es \u00e0 exercer cette profession.<br \/>\nL\u2019ordre des v\u00e9t\u00e9rinaires regroupe obligatoirement tous les\u00a0v\u00e9t\u00e9rinaires priv\u00e9s, ceux qui sont inscrits sur les listes d\u2019experts judiciaires, ceux qui exercent des responsabilit\u00e9s pharmaceutiques ainsi que les soci\u00e9t\u00e9s d\u2019exercice v\u00e9t\u00e9rinaire mentionn\u00e9es au I de l\u2019article LP. 7<\/div>\n<div class=\"x_elementToProof\"><\/div>\n<div class=\"x_elementToProof\">Nul ne peut porter le titre de v\u00e9t\u00e9rinaire ni exercer la profession de v\u00e9t\u00e9rinaire s\u2019il ne satisfait pas aux conditions ci-apr\u00e8s :<br \/>\n1\u00b0 Poss\u00e9der la nationalit\u00e9 fran\u00e7aise ou celle d\u2019un Etat membre de l\u2019Union europ\u00e9enne ;<br \/>\n2\u00b0 Jouir de ses droits civils ;<br \/>\n3\u00b0 Etre titulaire d\u2019un dipl\u00f4me, certificat ou titre v\u00e9t\u00e9rinaire permettant l\u2019exercice de la profession de v\u00e9t\u00e9rinaire dans l\u2019Union europ\u00e9enne, en Nouvelle-Z\u00e9lande et en Australie ;<br \/>\n<b>4\u00b0 Avoir fait enregistrer son dipl\u00f4me aupr\u00e8s de l\u2019ordre des v\u00e9t\u00e9rinaires de la Polyn\u00e9sie fran\u00e7aise pour les v\u00e9t\u00e9rinaires priv\u00e9s.<br \/>\nL\u2019enregistrement du dipl\u00f4me doit \u00eatre suivi de la production d\u2019un certificat d\u2019inscription au tableau de l\u2019ordre des v\u00e9t\u00e9rinaires d\u00e9livr\u00e9 par l\u2019ordre des v\u00e9t\u00e9rinaires de la Polyn\u00e9sie fran\u00e7aise, dans un d\u00e9lai de deux mois ;<\/b><br \/>\n5\u00b0 Ne pas avoir \u00e9t\u00e9 l\u2019auteur de faits contraires \u00e0 l\u2019honneur, \u00e0 la probit\u00e9 et aux bonnes m\u0153urs, n\u2019avoir subi aucune condamnation criminelle ou correctionnelle de nature \u00e0 entacher son honorabilit\u00e9 ;<br \/>\n6\u00b0 Ne pas avoir fait l\u2019objet d\u2019une mesure de radiation de la fonction publique pour des raisons disciplinaires li\u00e9es \u00e0 des d\u00e9faillances dans l\u2019exercice de la profession v\u00e9t\u00e9rinaire, d\u2019un autre ordre, ou de tout organisme autorisant \u00e0 exercer la profession au plan national ou en Polyn\u00e9sie fran\u00e7aise ;<br \/>\n7\u00b0 Justifier d\u2019une assurance en responsabilit\u00e9 civile professionnelle pour les v\u00e9t\u00e9rinaires priv\u00e9s.<\/div>\n<div id=\"x_Signature\">\n<div><\/div>\n<div>L&rsquo;inscription est r\u00e9alis\u00e9e directement aupr\u00e8s du Conseil de l&rsquo;Ordre des v\u00e9t\u00e9rinaires: <a href=\"https:\/\/veterinaire-polynesie.fr\/\">cliquez ici pour plus d&rsquo;informations<\/a>.<\/div>\n<div class=\"x__Entity x__EType_OWALinkPreview x__EId_OWALinkPreview x__EReadonly_1\">\n<div id=\"LPBorder_GTaHR0cHM6Ly92ZXRlcmluYWlyZS1wb2x5bmVzaWUuZnIv\" class=\"x_LPBorder704472\"><\/div>\n<\/div>\n<div>Les v\u00e9t\u00e9rinaires sont astreints au respect d&rsquo;un Code de d\u00e9ontologie, approuv\u00e9 par <a href=\"https:\/\/lexpol.cloud.pf\/LexpolAfficheTexte.php?texte=582064&amp;idr=900&amp;np=1\">arr\u00eat\u00e9<\/a> en conseil des ministres: <a href=\"https:\/\/lexpol.cloud.pf\/LexpolAfficheTexte.php?texte=582064&amp;idr=900&amp;np=1\">cliquez ici pour plus d&rsquo;informations<\/a>.<\/div>\n<\/div>\n<\/div><\/div><\/div><div class=\"fusion-panel panel-default panel-eaf0d88e92085007e fusion-toggle-has-divider\" style=\"--awb-title-color:#ffffff;--awb-content-color:#333333;\"><div class=\"panel-heading\"><h3 class=\"panel-title toggle\" id=\"toggle_eaf0d88e92085007e\"><a class=\"active\" aria-expanded=\"true\" aria-controls=\"eaf0d88e92085007e\" role=\"button\" data-toggle=\"collapse\" data-target=\"#eaf0d88e92085007e\" href=\"#eaf0d88e92085007e\"><span class=\"fusion-toggle-icon-wrapper\" aria-hidden=\"true\"><i class=\"fa-fusion-box active-icon awb-icon-minus\" aria-hidden=\"true\"><\/i><i class=\"fa-fusion-box inactive-icon awb-icon-plus\" aria-hidden=\"true\"><\/i><\/span><span class=\"fusion-toggle-heading\">Liste des v\u00e9t\u00e9rinaires habilit\u00e9s<\/span><\/a><\/h3><\/div><div id=\"eaf0d88e92085007e\" class=\"panel-collapse collapse in\" aria-labelledby=\"toggle_eaf0d88e92085007e\"><div class=\"panel-body toggle-content fusion-clearfix\">\n<p><a href=\"https:\/\/www.service-public.pf\/biosecurite\/wp-content\/uploads\/sites\/43\/2025\/05\/20250521_listes-des-veterinaires-habilites-N\u00b0631.pdf\">Cliquez ici.<\/a><\/p>\n<\/div><\/div><\/div><\/div><\/div><\/div><\/div><div class=\"fusion-layout-column fusion_builder_column fusion-builder-column-3 fusion_builder_column_1_4 1_4 fusion-flex-column\" style=\"--awb-bg-size:cover;--awb-width-large:25%;--awb-margin-top-large:0px;--awb-spacing-right-large:7.68%;--awb-margin-bottom-large:20px;--awb-spacing-left-large:7.68%;--awb-width-medium:100%;--awb-order-medium:0;--awb-spacing-right-medium:1.92%;--awb-spacing-left-medium:1.92%;--awb-width-small:100%;--awb-order-small:0;--awb-spacing-right-small:1.92%;--awb-spacing-left-small:1.92%;\"><div class=\"fusion-column-wrapper fusion-column-has-shadow fusion-flex-justify-content-flex-start fusion-content-layout-column\"><div class=\"fusion-builder-row fusion-builder-row-inner fusion-row fusion-flex-align-items-flex-start fusion-flex-justify-content-space-between fusion-flex-content-wrap\" style=\"--awb-flex-grow:0;--awb-flex-grow-medium:0;--awb-flex-grow-small:0;--awb-flex-shrink:0;--awb-flex-shrink-medium:0;--awb-flex-shrink-small:0;width:104% !important;max-width:104% !important;margin-left: calc(-4% \/ 2 );margin-right: calc(-4% \/ 2 );\"><div class=\"fusion-layout-column fusion_builder_column_inner fusion-builder-nested-column-0 fusion_builder_column_inner_1_1 1_1 fusion-flex-column vct_column_right\" style=\"--awb-bg-size:cover;--awb-width-large:100%;--awb-margin-top-large:0px;--awb-spacing-right-large:1.92%;--awb-margin-bottom-large:20px;--awb-spacing-left-large:1.92%;--awb-width-medium:100%;--awb-order-medium:0;--awb-spacing-right-medium:1.92%;--awb-spacing-left-medium:1.92%;--awb-width-small:100%;--awb-order-small:0;--awb-spacing-right-small:1.92%;--awb-spacing-left-small:1.92%;\"><div class=\"fusion-column-wrapper fusion-column-has-shadow fusion-flex-justify-content-flex-start fusion-content-layout-column\"><div class=\"fusion-title title fusion-title-3 fusion-sep-none fusion-title-text fusion-title-size-three vct_icon_title_left_blue\" style=\"--awb-text-color:#ffffff;--awb-margin-bottom:0px;--awb-margin-top-small:0px;--awb-margin-right-small:0px;--awb-margin-bottom-small:0px;--awb-margin-left-small:0px;--awb-font-size:1.125rem;\"><h3 class=\"fusion-title-heading title-heading-left\" style=\"margin:0;font-size:1em;\">Formulaires<\/h3><\/div><div class=\"fusion-text fusion-text-1\"><p><a href=\"https:\/\/www.mes-demarches.gov.pf\/commencer\/agrement_campagne_sterilisation_chien_chat\">Demande d&rsquo;agr\u00e9ment pour les \u00e9tablissements en charge de campagnes de contr\u00f4le de la population d&rsquo;animaux domestiques <\/a><\/p>\n<\/div><\/div><\/div><div class=\"fusion-layout-column fusion_builder_column_inner fusion-builder-nested-column-1 fusion_builder_column_inner_1_1 1_1 fusion-flex-column vct_column_right\" style=\"--awb-bg-size:cover;--awb-width-large:100%;--awb-margin-top-large:0px;--awb-spacing-right-large:1.92%;--awb-margin-bottom-large:20px;--awb-spacing-left-large:1.92%;--awb-width-medium:100%;--awb-order-medium:0;--awb-spacing-right-medium:1.92%;--awb-spacing-left-medium:1.92%;--awb-width-small:100%;--awb-order-small:0;--awb-spacing-right-small:1.92%;--awb-spacing-left-small:1.92%;\"><div class=\"fusion-column-wrapper fusion-column-has-shadow fusion-flex-justify-content-flex-start fusion-content-layout-column\"><div class=\"fusion-title title fusion-title-4 fusion-sep-none fusion-title-text fusion-title-size-three vct_icon_title_left_blue\" style=\"--awb-text-color:#ffffff;--awb-margin-bottom:0px;--awb-margin-top-small:0px;--awb-margin-right-small:0px;--awb-margin-bottom-small:0px;--awb-margin-left-small:0px;--awb-font-size:1.125rem;\"><h3 class=\"fusion-title-heading title-heading-left\" style=\"margin:0;font-size:1em;\">R\u00e8glementation<\/h3><\/div><div class=\"fusion-text fusion-text-2\"><p><a href=\"https:\/\/lexpol.cloud.pf\/LexpolAfficheTexte.php?texte=248603&amp;idr=0&amp;np=1\">Arr\u00eat\u00e9 n\u00b0 1469 CM du 3 septembre 2009 <\/a><\/p>\n<\/div><\/div><\/div><div class=\"fusion-layout-column fusion_builder_column_inner fusion-builder-nested-column-2 fusion_builder_column_inner_1_1 1_1 fusion-flex-column vct_column_right\" style=\"--awb-bg-size:cover;--awb-width-large:100%;--awb-margin-top-large:0px;--awb-spacing-right-large:1.92%;--awb-margin-bottom-large:20px;--awb-spacing-left-large:1.92%;--awb-width-medium:100%;--awb-order-medium:0;--awb-spacing-right-medium:1.92%;--awb-spacing-left-medium:1.92%;--awb-width-small:100%;--awb-order-small:0;--awb-spacing-right-small:1.92%;--awb-spacing-left-small:1.92%;\"><div class=\"fusion-column-wrapper fusion-column-has-shadow fusion-flex-justify-content-flex-start fusion-content-layout-column\"><div class=\"fusion-title title fusion-title-5 fusion-sep-none fusion-title-text fusion-title-size-three vct_icon_title_left_blue\" style=\"--awb-text-color:#ffffff;--awb-margin-bottom:0px;--awb-margin-top-small:0px;--awb-margin-right-small:0px;--awb-margin-bottom-small:0px;--awb-margin-left-small:0px;--awb-font-size:1.125rem;\"><h3 class=\"fusion-title-heading title-heading-left\" style=\"margin:0;font-size:1em;\">Nous contacter<\/h3><\/div><div class=\"fusion-text fusion-text-3\"><p>Service: Cellule zoosanitaire &#8211; P\u00f4le Sant\u00e9 et Protection Animale Animaux de compagnie<br \/>\nE-mail :animal.impex.dbs@administration.gov.pf<br \/>\nT\u00e9l\u00e9phone:\u00a0 + (689) 40 540 100<\/p>\n<\/div><\/div><\/div><\/div><\/div><\/div><\/div><\/div><\/p>\n","protected":false},"excerpt":{"rendered":"","protected":false},"author":240,"featured_media":23198,"parent":21039,"menu_order":0,"comment_status":"closed","ping_status":"closed","template":"","meta":{"_seopress_robots_primary_cat":"","_seopress_titles_title":"","_seopress_titles_desc":"","_seopress_robots_index":"","footnotes":""},"class_list":["post-27576","page","type-page","status-publish","has-post-thumbnail","hentry"],"_links":{"self":[{"href":"https:\/\/www.service-public.pf\/biosecurite\/wp-json\/wp\/v2\/pages\/27576","targetHints":{"allow":["GET"]}}],"collection":[{"href":"https:\/\/www.service-public.pf\/biosecurite\/wp-json\/wp\/v2\/pages"}],"about":[{"href":"https:\/\/www.service-public.pf\/biosecurite\/wp-json\/wp\/v2\/types\/page"}],"author":[{"embeddable":true,"href":"https:\/\/www.service-public.pf\/biosecurite\/wp-json\/wp\/v2\/users\/240"}],"replies":[{"embeddable":true,"href":"https:\/\/www.service-public.pf\/biosecurite\/wp-json\/wp\/v2\/comments?post=27576"}],"version-history":[{"count":9,"href":"https:\/\/www.service-public.pf\/biosecurite\/wp-json\/wp\/v2\/pages\/27576\/revisions"}],"predecessor-version":[{"id":30402,"href":"https:\/\/www.service-public.pf\/biosecurite\/wp-json\/wp\/v2\/pages\/27576\/revisions\/30402"}],"up":[{"embeddable":true,"href":"https:\/\/www.service-public.pf\/biosecurite\/wp-json\/wp\/v2\/pages\/21039"}],"wp:featuredmedia":[{"embeddable":true,"href":"https:\/\/www.service-public.pf\/biosecurite\/wp-json\/wp\/v2\/media\/23198"}],"wp:attachment":[{"href":"https:\/\/www.service-public.pf\/biosecurite\/wp-json\/wp\/v2\/media?parent=27576"}],"curies":[{"name":"wp","href":"https:\/\/api.w.org\/{rel}","templated":true}]}}