{"id":27615,"date":"2024-04-25T09:16:04","date_gmt":"2024-04-25T19:16:04","guid":{"rendered":"https:\/\/www.service-public.pf\/biosecurite\/?page_id=27615"},"modified":"2024-05-15T16:14:01","modified_gmt":"2024-05-16T02:14:01","slug":"dechets-de-bord-des-aeronefs","status":"publish","type":"page","link":"https:\/\/www.service-public.pf\/biosecurite\/accueil\/professionnels-2\/controle-de-biosecurite-aux-frontieres\/aeroport-de-faaa\/dechets-de-bord-des-aeronefs\/","title":{"rendered":"D\u00e9chets de bord des a\u00e9ronefs"},"content":{"rendered":"<p><div class=\"fusion-fullwidth fullwidth-box fusion-builder-row-1 fusion-flex-container has-pattern-background has-mask-background fusion-parallax-none nonhundred-percent-fullwidth non-hundred-percent-height-scrolling vct_border_bottom_separator\" style=\"--awb-border-radius-top-left:0px;--awb-border-radius-top-right:0px;--awb-border-radius-bottom-right:0px;--awb-border-radius-bottom-left:0px;--awb-background-image:linear-gradient(180deg, rgba(0,0,0,0) 0%,rgba(0,0,0,0.8) 100%),url(https:\/\/www.service-public.pf\/biosecurite\/wp-content\/uploads\/sites\/43\/2023\/12\/vue-dessus-concept-cuisson-dechets-scaled.jpg);;--awb-background-size:cover;--awb-flex-wrap:wrap;\" ><div class=\"fusion-builder-row fusion-row fusion-flex-align-items-flex-start fusion-flex-content-wrap\" style=\"max-width:1144px;margin-left: calc(-4% \/ 2 );margin-right: calc(-4% \/ 2 );\"><div class=\"fusion-layout-column fusion_builder_column fusion-builder-column-0 fusion_builder_column_1_1 1_1 fusion-flex-column\" style=\"--awb-padding-top:6vw;--awb-padding-right:5vw;--awb-padding-bottom:3vw;--awb-padding-left:5vw;--awb-bg-size:cover;--awb-width-large:100%;--awb-margin-top-large:0px;--awb-spacing-right-large:1.92%;--awb-margin-bottom-large:0px;--awb-spacing-left-large:1.92%;--awb-width-medium:100%;--awb-order-medium:0;--awb-spacing-right-medium:1.92%;--awb-spacing-left-medium:1.92%;--awb-width-small:100%;--awb-order-small:0;--awb-spacing-right-small:1.92%;--awb-spacing-left-small:1.92%;\"><div class=\"fusion-column-wrapper fusion-column-has-shadow fusion-flex-justify-content-flex-start fusion-content-layout-column\"><div class=\"fusion-title title fusion-title-1 fusion-sep-none fusion-title-text fusion-title-size-one\" style=\"--awb-text-color:#ffffff;--awb-margin-top-small:0px;--awb-margin-right-small:0px;--awb-margin-bottom-small:20px;--awb-margin-left-small:0px;--awb-font-size:3rem;\"><h1 class=\"fusion-title-heading title-heading-left\" style=\"margin:0;font-size:1em;\">Professionnels<\/h1><\/div><\/div><\/div><\/div><\/div><div class=\"fusion-fullwidth fullwidth-box fusion-builder-row-2 fusion-flex-container has-pattern-background has-mask-background nonhundred-percent-fullwidth non-hundred-percent-height-scrolling\" style=\"--awb-border-radius-top-left:0px;--awb-border-radius-top-right:0px;--awb-border-radius-bottom-right:0px;--awb-border-radius-bottom-left:0px;--awb-padding-right:5vw;--awb-padding-left:5vw;--awb-flex-wrap:wrap;\" ><div class=\"fusion-builder-row fusion-row fusion-flex-align-items-flex-start fusion-flex-justify-content-space-between fusion-flex-content-wrap\" style=\"max-width:1144px;margin-left: calc(-4% \/ 2 );margin-right: calc(-4% \/ 2 );\"><div class=\"fusion-layout-column fusion_builder_column fusion-builder-column-1 fusion_builder_column_1_1 1_1 fusion-flex-column\" style=\"--awb-bg-color:#ffffff;--awb-bg-color-hover:#ffffff;--awb-bg-size:cover;--awb-width-large:100%;--awb-margin-top-large:30px;--awb-spacing-right-large:1.92%;--awb-margin-bottom-large:30px;--awb-spacing-left-large:1.92%;--awb-width-medium:100%;--awb-order-medium:0;--awb-spacing-right-medium:1.92%;--awb-spacing-left-medium:1.92%;--awb-width-small:100%;--awb-order-small:0;--awb-spacing-right-small:1.92%;--awb-spacing-left-small:1.92%;\"><div class=\"fusion-column-wrapper fusion-column-has-shadow fusion-flex-justify-content-flex-start fusion-content-layout-column\"><nav class=\"fusion-breadcrumbs fusion-breadcrumbs-1\" style=\"--awb-font-size:16px;--awb-text-hover-color:#e51427;--awb-text-color:#12284d;--awb-breadcrumb-sep:&#039;&gt;&#039;;\" aria-label=\"Breadcrumb\"><ol class=\"awb-breadcrumb-list\"><li class=\"fusion-breadcrumb-item awb-breadcrumb-sep awb-home\" ><a href=\"https:\/\/www.service-public.pf\/biosecurite\" class=\"fusion-breadcrumb-link\"><span >Home<\/span><\/a><\/li><\/ol><\/nav><\/div><\/div><div class=\"fusion-layout-column fusion_builder_column fusion-builder-column-2 fusion_builder_column_3_4 3_4 fusion-flex-column\" style=\"--awb-bg-size:cover;--awb-width-large:75%;--awb-margin-top-large:0px;--awb-spacing-right-large:2.56%;--awb-margin-bottom-large:20px;--awb-spacing-left-large:2.56%;--awb-width-medium:100%;--awb-order-medium:0;--awb-spacing-right-medium:1.92%;--awb-spacing-left-medium:1.92%;--awb-width-small:100%;--awb-order-small:0;--awb-spacing-right-small:1.92%;--awb-spacing-left-small:1.92%;\"><div class=\"fusion-column-wrapper fusion-column-has-shadow fusion-flex-justify-content-center fusion-content-layout-column\"><div class=\"fusion-title title fusion-title-2 fusion-sep-none fusion-title-text fusion-title-size-two\" style=\"--awb-margin-bottom:15px;--awb-margin-top-small:0px;--awb-margin-right-small:0px;--awb-margin-bottom-small:20px;--awb-margin-left-small:0px;--awb-font-size:35px;\"><h2 class=\"fusion-title-heading title-heading-left\" style=\"margin:0;font-size:1em;\"><p><strong>Comment traiter ses d\u00e9chets de bord en Polyn\u00e9sie fran\u00e7aise ?<br \/>\n<\/strong><\/p><\/h2><\/div><div class=\"fusion-separator\" style=\"align-self: flex-start;margin-right:auto;margin-bottom:3rem;width:100%;max-width:20%;\"><div class=\"fusion-separator-border sep-single sep-solid\" style=\"--awb-height:20px;--awb-amount:20px;--awb-sep-color:#e51427;border-color:#e51427;border-top-width:8px;\"><\/div><\/div><div class=\"accordian fusion-accordian vct_toggle\" style=\"--awb-border-size:1px;--awb-icon-size:13px;--awb-content-font-size:15px;--awb-icon-alignment:right;--awb-hover-color:#f9f9f9;--awb-border-color:#cccccc;--awb-background-color:#ffffff;--awb-divider-color:#e0dede;--awb-divider-hover-color:#e0dede;--awb-icon-color:#ffffff;--awb-title-color:#ffffff;--awb-content-color:#000000;--awb-icon-box-color:#333333;--awb-toggle-hover-accent-color:rgba(255,255,255,0);--awb-toggle-active-accent-color:rgba(255,255,255,0);--awb-title-font-family:&quot;Roboto&quot;;--awb-title-font-weight:400;--awb-title-font-style:normal;--awb-title-font-size:1.125rem;--awb-content-font-family:&quot;Roboto&quot;;--awb-content-font-style:normal;--awb-content-font-weight:400;\"><div class=\"panel-group fusion-toggle-icon-right fusion-toggle-icon-boxed\" id=\"accordion-27615-1\"><div class=\"fusion-panel panel-default panel-06f488be9f0658266 fusion-toggle-has-divider\" style=\"--awb-title-color:#ffffff;--awb-content-color:#333333;\"><div class=\"panel-heading\"><h3 class=\"panel-title toggle\" id=\"toggle_06f488be9f0658266\"><a class=\"active\" aria-expanded=\"true\" aria-controls=\"06f488be9f0658266\" role=\"button\" data-toggle=\"collapse\" data-parent=\"#accordion-27615-1\" data-target=\"#06f488be9f0658266\" href=\"#06f488be9f0658266\"><span class=\"fusion-toggle-icon-wrapper\" aria-hidden=\"true\"><i class=\"fa-fusion-box active-icon awb-icon-minus\" aria-hidden=\"true\"><\/i><i class=\"fa-fusion-box inactive-icon awb-icon-plus\" aria-hidden=\"true\"><\/i><\/span><span class=\"fusion-toggle-heading\">D\u00e9finition<\/span><\/a><\/h3><\/div><div id=\"06f488be9f0658266\" class=\"panel-collapse collapse in\" aria-labelledby=\"toggle_06f488be9f0658266\"><div class=\"panel-body toggle-content fusion-clearfix\">\n<p>Les d\u00e9chets de bord peuvent v\u00e9hiculer des agents infectieux responsables de maladies chez les animaux. La Polyn\u00e9sie fran\u00e7aise est indemne de nombreuses maladies pr\u00e9sentes dans le monde, telles que la grippe aviaire, l&rsquo;anthrax, la peste porcine africaine, le syndrome des points blancs des crustac\u00e9s. Ces maladies sont extr\u00eamement difficiles \u00e0 \u00e9radiquer une fois qu&rsquo;elles sont pr\u00e9sentes sur un territoire. Si elles arrivaient sur notre territoire, il est peu probable que le Pays soit en mesure d&#8217;emp\u00eacher leur diffusion, ce qui serait tr\u00e8s n\u00e9faste pour les \u00e9leveurs et aquaculteurs et l&rsquo;environnement du Fenua.<\/p>\n<p>Les d\u00e9chets de bord tels que des morceaux de fruits ou de l\u00e9gumes provenant de l\u2019ext\u00e9rieur de la Polyn\u00e9sie fran\u00e7aise peuvent transporter et \u00eatre la cause d\u2019introduction de ravageurs et maladies non pr\u00e9sents en PF (ex\u00a0: mouche des fruits <a href=\"https:\/\/www.service-public.pf\/biosecurite\/accueil\/professionnels-2\/organismes-nuisibles-prioritaires-vegetaux\/sante-vegetale\/la-mouche-des-mediterraneenne-des-fruits\/\"><em>Ceratitis capitata <\/em><\/a>&#8230;\u00a0 dans les oranges).<\/p>\n<p>Les d\u00e9chets de bord sont les d\u00e9chets de cuisine et de table ainsi que les emballages et autres objets souill\u00e9s par ces d\u00e9chets, les eaux de cuisine, les ordures m\u00e9nag\u00e8res et les eaux us\u00e9es provenant des espaces utilis\u00e9s pour le transport des animaux, provenant des moyens de transport op\u00e9rant au niveau international ou interinsulaire<\/p>\n<\/div><\/div><\/div><div class=\"fusion-panel panel-default panel-503e1d869c3af9821 fusion-toggle-has-divider\" style=\"--awb-title-color:#ffffff;--awb-content-color:#333333;\"><div class=\"panel-heading\"><h3 class=\"panel-title toggle\" id=\"toggle_503e1d869c3af9821\"><a class=\"active\" aria-expanded=\"true\" aria-controls=\"503e1d869c3af9821\" role=\"button\" data-toggle=\"collapse\" data-parent=\"#accordion-27615-1\" data-target=\"#503e1d869c3af9821\" href=\"#503e1d869c3af9821\"><span class=\"fusion-toggle-icon-wrapper\" aria-hidden=\"true\"><i class=\"fa-fusion-box active-icon awb-icon-minus\" aria-hidden=\"true\"><\/i><i class=\"fa-fusion-box inactive-icon awb-icon-plus\" aria-hidden=\"true\"><\/i><\/span><span class=\"fusion-toggle-heading\">Conditions g\u00e9n\u00e9rales<\/span><\/a><\/h3><\/div><div id=\"503e1d869c3af9821\" class=\"panel-collapse collapse in\" aria-labelledby=\"toggle_503e1d869c3af9821\"><div class=\"panel-body toggle-content fusion-clearfix\">\n<p>Les d\u00e9chets de bord r\u00e9cup\u00e9r\u00e9s directement dans l\u2019a\u00e9ronef ou dans les poubelles mises \u00e0 la disposition des passagers en zone sous douane doivent \u00eatre transport\u00e9s dans des sacs ou conteneurs herm\u00e9tiquement ferm\u00e9s et scell\u00e9s, trait\u00e9s le cas \u00e9ch\u00e9ant, puis d\u00e9truits par tout moyen approuv\u00e9 par le service de mani\u00e8re \u00e0 inactiver les organismes nuisibles aux v\u00e9g\u00e9taux et les agents de maladies transmissibles des animaux et tuer les esp\u00e8ces mena\u00e7ant la biodiversit\u00e9.<\/p>\n<p>Le service gestionnaire de l&rsquo;a\u00e9roport de TAHITI &#8211; Faa&rsquo;a doit s\u2019assurer que des installations ad\u00e9quates de r\u00e9ception des d\u00e9chets sont disponibles. La sortie de zone sous douane des d\u00e9chets de bord est soumise \u00e0 la d\u00e9livrance d\u2019un laissez-passer par le service et remis au service des douanes.<\/p>\n<p>Les d\u00e9chets de bord sont r\u00e9guli\u00e8rement contr\u00f4l\u00e9s tout au long de leur fili\u00e8re d\u2019\u00e9limination.<\/p>\n<p>Les d\u00e9chets de bord d&rsquo;origine animale import\u00e9s ne peuvent \u00eatre d\u00e9barqu\u00e9s que sur l&rsquo;\u00eele de Tahiti, seule \u00eele disposant d&rsquo;un \u00e9tablissement autoris\u00e9 par la DBS \u00e0 traiter les d\u00e9chets de bord. Le d\u00e9barquement des d\u00e9chets de bord d&rsquo;origine animale dans les autres \u00eeles est prohib\u00e9.<\/p>\n<p><strong>En cas de d\u00e9barquement illicite<\/strong> : Vous encourez une peine de 6 mois d\u2019emprisonnement et 3 570 000 F d\u2019amende.<\/p>\n<\/div><\/div><\/div><\/div><\/div><\/div><\/div><div class=\"fusion-layout-column fusion_builder_column fusion-builder-column-3 fusion_builder_column_1_4 1_4 fusion-flex-column\" style=\"--awb-bg-size:cover;--awb-width-large:25%;--awb-margin-top-large:0px;--awb-spacing-right-large:7.68%;--awb-margin-bottom-large:20px;--awb-spacing-left-large:7.68%;--awb-width-medium:100%;--awb-order-medium:0;--awb-spacing-right-medium:1.92%;--awb-spacing-left-medium:1.92%;--awb-width-small:100%;--awb-order-small:0;--awb-spacing-right-small:1.92%;--awb-spacing-left-small:1.92%;\"><div class=\"fusion-column-wrapper fusion-column-has-shadow fusion-flex-justify-content-flex-start fusion-content-layout-column\"><div class=\"fusion-builder-row fusion-builder-row-inner fusion-row fusion-flex-align-items-flex-start fusion-flex-justify-content-space-between fusion-flex-content-wrap\" style=\"--awb-flex-grow:0;--awb-flex-grow-medium:0;--awb-flex-grow-small:0;--awb-flex-shrink:0;--awb-flex-shrink-medium:0;--awb-flex-shrink-small:0;width:104% !important;max-width:104% !important;margin-left: calc(-4% \/ 2 );margin-right: calc(-4% \/ 2 );\"><div class=\"fusion-layout-column fusion_builder_column_inner fusion-builder-nested-column-0 fusion_builder_column_inner_1_1 1_1 fusion-flex-column vct_column_right\" style=\"--awb-bg-size:cover;--awb-width-large:100%;--awb-margin-top-large:0px;--awb-spacing-right-large:1.92%;--awb-margin-bottom-large:20px;--awb-spacing-left-large:1.92%;--awb-width-medium:100%;--awb-order-medium:0;--awb-spacing-right-medium:1.92%;--awb-spacing-left-medium:1.92%;--awb-width-small:100%;--awb-order-small:0;--awb-spacing-right-small:1.92%;--awb-spacing-left-small:1.92%;\"><div class=\"fusion-column-wrapper fusion-column-has-shadow fusion-flex-justify-content-flex-start fusion-content-layout-column\"><div class=\"fusion-title title fusion-title-3 fusion-sep-none fusion-title-text fusion-title-size-three vct_icon_title_left_blue\" style=\"--awb-text-color:#ffffff;--awb-margin-bottom:0px;--awb-margin-top-small:0px;--awb-margin-right-small:0px;--awb-margin-bottom-small:0px;--awb-margin-left-small:0px;--awb-font-size:1.125rem;\"><h3 class=\"fusion-title-heading title-heading-left\" style=\"margin:0;font-size:1em;\">R\u00e9glementation<\/h3><\/div><div class=\"fusion-text fusion-text-1\"><p><a href=\"https:\/\/lexpol.cloud.pf\/LexpolAfficheTexte.php?texte=396989&amp;idr=76&amp;np=1\">Loi du Pays n\u00b0 2013-12 du 6 mai 2013<\/a><\/p>\n<p><a href=\"http:\/\/lexpol.cloud.pf\/LexpolAfficheTexte.php?texte=397681&amp;idr=72&amp;np=1#\">Annexe \u00e0 la loi du Pays n\u00b0 2013-12 du 6 mai 2013<\/a><\/p>\n<\/div><\/div><\/div><div class=\"fusion-layout-column fusion_builder_column_inner fusion-builder-nested-column-1 fusion_builder_column_inner_1_1 1_1 fusion-flex-column vct_column_right\" style=\"--awb-bg-size:cover;--awb-width-large:100%;--awb-margin-top-large:0px;--awb-spacing-right-large:1.92%;--awb-margin-bottom-large:20px;--awb-spacing-left-large:1.92%;--awb-width-medium:100%;--awb-order-medium:0;--awb-spacing-right-medium:1.92%;--awb-spacing-left-medium:1.92%;--awb-width-small:100%;--awb-order-small:0;--awb-spacing-right-small:1.92%;--awb-spacing-left-small:1.92%;\"><div class=\"fusion-column-wrapper fusion-column-has-shadow fusion-flex-justify-content-flex-start fusion-content-layout-column\"><\/div><\/div><div class=\"fusion-layout-column fusion_builder_column_inner fusion-builder-nested-column-2 fusion_builder_column_inner_1_1 1_1 fusion-flex-column vct_column_right\" style=\"--awb-bg-size:cover;--awb-width-large:100%;--awb-margin-top-large:0px;--awb-spacing-right-large:1.92%;--awb-margin-bottom-large:20px;--awb-spacing-left-large:1.92%;--awb-width-medium:100%;--awb-order-medium:0;--awb-spacing-right-medium:1.92%;--awb-spacing-left-medium:1.92%;--awb-width-small:100%;--awb-order-small:0;--awb-spacing-right-small:1.92%;--awb-spacing-left-small:1.92%;\"><div class=\"fusion-column-wrapper fusion-column-has-shadow fusion-flex-justify-content-flex-start fusion-content-layout-column\"><div class=\"fusion-title title fusion-title-4 fusion-sep-none fusion-title-text fusion-title-size-three vct_icon_title_left_blue\" style=\"--awb-text-color:#ffffff;--awb-margin-bottom:0px;--awb-margin-top-small:0px;--awb-margin-right-small:0px;--awb-margin-bottom-small:0px;--awb-margin-left-small:0px;--awb-font-size:1.125rem;\"><h3 class=\"fusion-title-heading title-heading-left\" style=\"margin:0;font-size:1em;\">Nous contacter<\/h3><\/div><div class=\"fusion-text fusion-text-2\"><p>Service: Cellule phytosanitaire<br \/>\nE-mail : phyto.dbs@biosecurite.gov.pf<br \/>\nT\u00e9l\u00e9phone: + (689) 40 544 586<\/p>\n<\/div><\/div><\/div><\/div><\/div><\/div><\/div><\/div><\/p>\n","protected":false},"excerpt":{"rendered":"","protected":false},"author":240,"featured_media":26518,"parent":27279,"menu_order":0,"comment_status":"closed","ping_status":"closed","template":"","meta":{"_seopress_robots_primary_cat":"","_seopress_titles_title":"","_seopress_titles_desc":"","_seopress_robots_index":"","footnotes":""},"class_list":["post-27615","page","type-page","status-publish","has-post-thumbnail","hentry"],"_links":{"self":[{"href":"https:\/\/www.service-public.pf\/biosecurite\/wp-json\/wp\/v2\/pages\/27615","targetHints":{"allow":["GET"]}}],"collection":[{"href":"https:\/\/www.service-public.pf\/biosecurite\/wp-json\/wp\/v2\/pages"}],"about":[{"href":"https:\/\/www.service-public.pf\/biosecurite\/wp-json\/wp\/v2\/types\/page"}],"author":[{"embeddable":true,"href":"https:\/\/www.service-public.pf\/biosecurite\/wp-json\/wp\/v2\/users\/240"}],"replies":[{"embeddable":true,"href":"https:\/\/www.service-public.pf\/biosecurite\/wp-json\/wp\/v2\/comments?post=27615"}],"version-history":[{"count":0,"href":"https:\/\/www.service-public.pf\/biosecurite\/wp-json\/wp\/v2\/pages\/27615\/revisions"}],"up":[{"embeddable":true,"href":"https:\/\/www.service-public.pf\/biosecurite\/wp-json\/wp\/v2\/pages\/27279"}],"wp:featuredmedia":[{"embeddable":true,"href":"https:\/\/www.service-public.pf\/biosecurite\/wp-json\/wp\/v2\/media\/26518"}],"wp:attachment":[{"href":"https:\/\/www.service-public.pf\/biosecurite\/wp-json\/wp\/v2\/media?parent=27615"}],"curies":[{"name":"wp","href":"https:\/\/api.w.org\/{rel}","templated":true}]}}