{"id":28184,"date":"2024-05-15T16:07:16","date_gmt":"2024-05-16T02:07:16","guid":{"rendered":"https:\/\/www.service-public.pf\/biosecurite\/?page_id=28184"},"modified":"2024-05-16T10:23:10","modified_gmt":"2024-05-16T20:23:10","slug":"aeronefs-prives","status":"publish","type":"page","link":"https:\/\/www.service-public.pf\/biosecurite\/accueil\/particuliers\/vols-prives\/aeronefs-prives\/","title":{"rendered":"Formalit\u00e9 des a\u00e9ronefs priv\u00e9s"},"content":{"rendered":"<p><div class=\"fusion-fullwidth fullwidth-box fusion-builder-row-1 fusion-flex-container has-pattern-background has-mask-background fusion-parallax-none nonhundred-percent-fullwidth non-hundred-percent-height-scrolling vct_border_bottom_separator\" style=\"--awb-border-radius-top-left:0px;--awb-border-radius-top-right:0px;--awb-border-radius-bottom-right:0px;--awb-border-radius-bottom-left:0px;--awb-background-image:linear-gradient(180deg, rgba(0,0,0,0) 0%,rgba(0,0,0,0.8) 100%),url(https:\/\/www.service-public.pf\/biosecurite\/wp-content\/uploads\/sites\/43\/2023\/04\/avions.png);;--awb-background-size:cover;--awb-flex-wrap:wrap;\" ><div class=\"fusion-builder-row fusion-row fusion-flex-align-items-flex-start fusion-flex-content-wrap\" style=\"max-width:1144px;margin-left: calc(-4% \/ 2 );margin-right: calc(-4% \/ 2 );\"><div class=\"fusion-layout-column fusion_builder_column fusion-builder-column-0 fusion_builder_column_1_1 1_1 fusion-flex-column\" style=\"--awb-padding-top:6vw;--awb-padding-right:5vw;--awb-padding-bottom:3vw;--awb-padding-left:5vw;--awb-bg-size:cover;--awb-width-large:100%;--awb-margin-top-large:0px;--awb-spacing-right-large:1.92%;--awb-margin-bottom-large:0px;--awb-spacing-left-large:1.92%;--awb-width-medium:100%;--awb-order-medium:0;--awb-spacing-right-medium:1.92%;--awb-spacing-left-medium:1.92%;--awb-width-small:100%;--awb-order-small:0;--awb-spacing-right-small:1.92%;--awb-spacing-left-small:1.92%;\"><div class=\"fusion-column-wrapper fusion-column-has-shadow fusion-flex-justify-content-flex-start fusion-content-layout-column\"><div class=\"fusion-title title fusion-title-1 fusion-sep-none fusion-title-text fusion-title-size-one\" style=\"--awb-text-color:#ffffff;--awb-margin-top-small:0px;--awb-margin-right-small:0px;--awb-margin-bottom-small:20px;--awb-margin-left-small:0px;--awb-font-size:3rem;\"><h1 class=\"fusion-title-heading title-heading-left\" style=\"margin:0;font-size:1em;\">Particuliers<\/h1><\/div><\/div><\/div><\/div><\/div><div class=\"fusion-fullwidth fullwidth-box fusion-builder-row-2 fusion-flex-container has-pattern-background has-mask-background nonhundred-percent-fullwidth non-hundred-percent-height-scrolling\" style=\"--awb-border-radius-top-left:0px;--awb-border-radius-top-right:0px;--awb-border-radius-bottom-right:0px;--awb-border-radius-bottom-left:0px;--awb-padding-right:5vw;--awb-padding-left:5vw;--awb-flex-wrap:wrap;\" ><div class=\"fusion-builder-row fusion-row fusion-flex-align-items-flex-start fusion-flex-justify-content-space-between fusion-flex-content-wrap\" style=\"max-width:1144px;margin-left: calc(-4% \/ 2 );margin-right: calc(-4% \/ 2 );\"><div class=\"fusion-layout-column fusion_builder_column fusion-builder-column-1 fusion_builder_column_1_1 1_1 fusion-flex-column\" style=\"--awb-bg-color:#ffffff;--awb-bg-color-hover:#ffffff;--awb-bg-size:cover;--awb-width-large:100%;--awb-margin-top-large:30px;--awb-spacing-right-large:1.92%;--awb-margin-bottom-large:30px;--awb-spacing-left-large:1.92%;--awb-width-medium:100%;--awb-order-medium:0;--awb-spacing-right-medium:1.92%;--awb-spacing-left-medium:1.92%;--awb-width-small:100%;--awb-order-small:0;--awb-spacing-right-small:1.92%;--awb-spacing-left-small:1.92%;\"><div class=\"fusion-column-wrapper fusion-column-has-shadow fusion-flex-justify-content-flex-start fusion-content-layout-column\"><nav class=\"fusion-breadcrumbs fusion-breadcrumbs-1\" style=\"--awb-font-size:16px;--awb-text-hover-color:#e51427;--awb-text-color:#12284d;--awb-breadcrumb-sep:&#039;&gt;&#039;;\" aria-label=\"Breadcrumb\"><ol class=\"awb-breadcrumb-list\"><li class=\"fusion-breadcrumb-item awb-breadcrumb-sep awb-home\" ><a href=\"https:\/\/www.service-public.pf\/biosecurite\" class=\"fusion-breadcrumb-link\"><span >Home<\/span><\/a><\/li><\/ol><\/nav><\/div><\/div><div class=\"fusion-layout-column fusion_builder_column fusion-builder-column-2 fusion_builder_column_3_4 3_4 fusion-flex-column\" style=\"--awb-bg-size:cover;--awb-width-large:75%;--awb-margin-top-large:0px;--awb-spacing-right-large:2.56%;--awb-margin-bottom-large:20px;--awb-spacing-left-large:2.56%;--awb-width-medium:100%;--awb-order-medium:0;--awb-spacing-right-medium:1.92%;--awb-spacing-left-medium:1.92%;--awb-width-small:100%;--awb-order-small:0;--awb-spacing-right-small:1.92%;--awb-spacing-left-small:1.92%;\"><div class=\"fusion-column-wrapper fusion-column-has-shadow fusion-flex-justify-content-center fusion-content-layout-column\"><div class=\"fusion-title title fusion-title-2 fusion-sep-none fusion-title-text fusion-title-size-two\" style=\"--awb-margin-bottom:15px;--awb-margin-top-small:0px;--awb-margin-right-small:0px;--awb-margin-bottom-small:20px;--awb-margin-left-small:0px;--awb-font-size:35px;\"><h2 class=\"fusion-title-heading title-heading-left\" style=\"margin:0;font-size:1em;\"><p><strong>Contr\u00f4le de bios\u00e9curit\u00e9 des a\u00e9ronefs priv\u00e9s<br \/>\n<\/strong><\/p><\/h2><\/div><div class=\"fusion-separator\" style=\"align-self: flex-start;margin-right:auto;margin-bottom:3rem;width:100%;max-width:20%;\"><div class=\"fusion-separator-border sep-single sep-solid\" style=\"--awb-height:20px;--awb-amount:20px;--awb-sep-color:#e51427;border-color:#e51427;border-top-width:8px;\"><\/div><\/div><div class=\"accordian fusion-accordian vct_toggle\" style=\"--awb-border-size:1px;--awb-icon-size:13px;--awb-content-font-size:15px;--awb-icon-alignment:right;--awb-hover-color:#f9f9f9;--awb-border-color:#cccccc;--awb-background-color:#ffffff;--awb-divider-color:#e0dede;--awb-divider-hover-color:#e0dede;--awb-icon-color:#ffffff;--awb-title-color:#ffffff;--awb-content-color:#000000;--awb-icon-box-color:#333333;--awb-toggle-hover-accent-color:rgba(255,255,255,0);--awb-toggle-active-accent-color:rgba(255,255,255,0);--awb-title-font-family:&quot;Roboto&quot;;--awb-title-font-weight:400;--awb-title-font-style:normal;--awb-title-font-size:1.125rem;--awb-content-font-family:&quot;Roboto&quot;;--awb-content-font-style:normal;--awb-content-font-weight:400;\"><div class=\"panel-group fusion-toggle-icon-right fusion-toggle-icon-boxed\" id=\"accordion-28184-1\"><div class=\"fusion-panel panel-default panel-d0e63641825cb0b26 fusion-toggle-has-divider\" style=\"--awb-title-color:#ffffff;--awb-content-color:#333333;\"><div class=\"panel-heading\"><h3 class=\"panel-title toggle\" id=\"toggle_d0e63641825cb0b26\"><a class=\"active\" aria-expanded=\"true\" aria-controls=\"d0e63641825cb0b26\" role=\"button\" data-toggle=\"collapse\" data-parent=\"#accordion-28184-1\" data-target=\"#d0e63641825cb0b26\" href=\"#d0e63641825cb0b26\"><span class=\"fusion-toggle-icon-wrapper\" aria-hidden=\"true\"><i class=\"fa-fusion-box active-icon awb-icon-minus\" aria-hidden=\"true\"><\/i><i class=\"fa-fusion-box inactive-icon awb-icon-plus\" aria-hidden=\"true\"><\/i><\/span><span class=\"fusion-toggle-heading\">Pourquoi un contr\u00f4le de bios\u00e9curit\u00e9 ?<\/span><\/a><\/h3><\/div><div id=\"d0e63641825cb0b26\" class=\"panel-collapse collapse in\" aria-labelledby=\"toggle_d0e63641825cb0b26\"><div class=\"panel-body toggle-content fusion-clearfix\">\n<p>La Polyn\u00e9sie fran\u00e7aise est un pays encore indemne de nombreuses pestes et maladies (animales et v\u00e9g\u00e9tales).<\/p>\n<p>Aussi, pour \u00e9viter l\u2019introduction en Polyn\u00e9sie fran\u00e7aise de ravageurs (ex : <a href=\"https:\/\/www.service-public.pf\/biosecurite\/accueil\/professionnels-2\/organismes-nuisibles-prioritaires-vegetaux\/sante-vegetale\/loryctes-rhinoceros\/\">Oryctes rhinoceros<\/a>) ou maladies animales (ex : Rage) ou v\u00e9g\u00e9tales (ex : <a href=\"https:\/\/www.service-public.pf\/biosecurite\/accueil\/professionnels-2\/organismes-nuisibles-prioritaires-vegetaux\/sante-vegetale\/le-huanglongbing\/\">HLB<\/a>) par les navires ou par les marchandises qu\u2019ils transportent, des contr\u00f4les de bios\u00e9curit\u00e9 (documentaires et physiques) sont effectu\u00e9s avant et lors de l\u2019arriv\u00e9e des a\u00e9ronefs et marchandises.<\/p>\n<\/div><\/div><\/div><div class=\"fusion-panel panel-default panel-fbad13651b7abd711 fusion-toggle-has-divider\" style=\"--awb-title-color:#ffffff;--awb-content-color:#333333;\"><div class=\"panel-heading\"><h3 class=\"panel-title toggle\" id=\"toggle_fbad13651b7abd711\"><a class=\"active\" aria-expanded=\"true\" aria-controls=\"fbad13651b7abd711\" role=\"button\" data-toggle=\"collapse\" data-parent=\"#accordion-28184-1\" data-target=\"#fbad13651b7abd711\" href=\"#fbad13651b7abd711\"><span class=\"fusion-toggle-icon-wrapper\" aria-hidden=\"true\"><i class=\"fa-fusion-box active-icon awb-icon-minus\" aria-hidden=\"true\"><\/i><i class=\"fa-fusion-box inactive-icon awb-icon-plus\" aria-hidden=\"true\"><\/i><\/span><span class=\"fusion-toggle-heading\">Point d'entr\u00e9e officiel des a\u00e9ronefs en Polyn\u00e9sie fran\u00e7aise<\/span><\/a><\/h3><\/div><div id=\"fbad13651b7abd711\" class=\"panel-collapse collapse in\" aria-labelledby=\"toggle_fbad13651b7abd711\"><div class=\"panel-body toggle-content fusion-clearfix\">\n<p>Le <a href=\"https:\/\/www.service-public.pf\/biosecurite\/accueil\/professionnels-2\/controle-de-biosecurite-aux-frontieres\/points-dentree-officiels\/\"><strong>point d\u2019entr\u00e9e officiel<\/strong><\/a> pour les a\u00e9ronefs est l<strong>&lsquo;a\u00e9roport international de Faa&rsquo;a<\/strong> situ\u00e9 sur l\u2019\u00eele de Tahiti.<\/p>\n<\/div><\/div><\/div><div class=\"fusion-panel panel-default panel-ba7582166bd16ee9c fusion-toggle-has-divider\" style=\"--awb-title-color:#ffffff;--awb-content-color:#333333;\"><div class=\"panel-heading\"><h3 class=\"panel-title toggle\" id=\"toggle_ba7582166bd16ee9c\"><a class=\"active\" aria-expanded=\"true\" aria-controls=\"ba7582166bd16ee9c\" role=\"button\" data-toggle=\"collapse\" data-parent=\"#accordion-28184-1\" data-target=\"#ba7582166bd16ee9c\" href=\"#ba7582166bd16ee9c\"><span class=\"fusion-toggle-icon-wrapper\" aria-hidden=\"true\"><i class=\"fa-fusion-box active-icon awb-icon-minus\" aria-hidden=\"true\"><\/i><i class=\"fa-fusion-box inactive-icon awb-icon-plus\" aria-hidden=\"true\"><\/i><\/span><span class=\"fusion-toggle-heading\">Formalit\u00e9s g\u00e9n\u00e9rales de bios\u00e9curit\u00e9<\/span><\/a><\/h3><\/div><div id=\"ba7582166bd16ee9c\" class=\"panel-collapse collapse in\" aria-labelledby=\"toggle_ba7582166bd16ee9c\"><div class=\"panel-body toggle-content fusion-clearfix\">\n<ul>\n<li><strong>Au d\u00e9part de la pr\u00e9c\u00e9dente escale :<\/strong><\/li>\n<\/ul>\n<p>1) Renseignez-vous aupr\u00e8s de la cellule phytosanitaire sur les conditions de bios\u00e9curit\u00e9 \u00e0 respecter lors de votre arriv\u00e9e en Polyn\u00e9sie fran\u00e7aise:<\/p>\n<p>&#8211; par mail : <a href=\"mailto:secretariat@biosecurite.gov.pf\">secretariat@biosecurite.gov.pf<\/a><br \/>\n&#8211; par t\u00e9l\u00e9phone : + (689) 40 54 45 85<\/p>\n<p>2) Transmettez les certificats de traitement (soutes, cabines,&#8230;) si ces derniers ont \u00e9t\u00e9 effectu\u00e9s avant votre d\u00e9part \u00e0 l&rsquo;adresse suivante: <a href=\"mailto:phyto.dbs@biosecurite.gov.pf\">phyto.dbs@biosecurite.gov.pf<\/a><\/p>\n<ul>\n<li><strong>Le jour de l\u2019arriv\u00e9e de votre a\u00e9ronef \u00e0 Papeete<\/strong> :<\/li>\n<\/ul>\n<p>1) Conformez-vous aux formalit\u00e9s de bios\u00e9curit\u00e9 (LP 2013-12 Art. LP.11) :<\/p>\n<p>&#8211; Traitement des trains d&rsquo;atterrissages;<\/p>\n<p>&#8211; Traitement des soutes si le traitement n&rsquo;a pas \u00e9t\u00e9 effectu\u00e9 au d\u00e9part et si le certificat n&rsquo;a pas \u00e9t\u00e9 transmis dans les temps.<\/p>\n<p>2) Les bagages \u00e0 mains, le fret et les bagages de soutes peuvent \u00eatres inspect\u00e9s et, si besoin est, trait\u00e9s.<\/p>\n<p>3) La gestion des d\u00e9chets de bord doit respecter la r\u00e8glementation de bios\u00e9curit\u00e9: pour plus d&rsquo;informations<a href=\"https:\/\/www.service-public.pf\/biosecurite\/accueil\/particuliers\/apporter-ou-faire-venir-en-pf-particulier\/vols-prives\/dechets-de-bord-des-avions\/\"> cliquez ici<\/a>.<\/p>\n<\/div><\/div><\/div><div class=\"fusion-panel panel-default panel-f8fc0ae912b674d90 fusion-toggle-has-divider\" style=\"--awb-title-color:#ffffff;--awb-content-color:#333333;\"><div class=\"panel-heading\"><h3 class=\"panel-title toggle\" id=\"toggle_f8fc0ae912b674d90\"><a class=\"active\" aria-expanded=\"true\" aria-controls=\"f8fc0ae912b674d90\" role=\"button\" data-toggle=\"collapse\" data-parent=\"#accordion-28184-1\" data-target=\"#f8fc0ae912b674d90\" href=\"#f8fc0ae912b674d90\"><span class=\"fusion-toggle-icon-wrapper\" aria-hidden=\"true\"><i class=\"fa-fusion-box active-icon awb-icon-minus\" aria-hidden=\"true\"><\/i><i class=\"fa-fusion-box inactive-icon awb-icon-plus\" aria-hidden=\"true\"><\/i><\/span><span class=\"fusion-toggle-heading\">Animaux de compagnie et conditions sanitaires d'arriv\u00e9e<\/span><\/a><\/h3><\/div><div id=\"f8fc0ae912b674d90\" class=\"panel-collapse collapse in\" aria-labelledby=\"toggle_f8fc0ae912b674d90\"><div class=\"panel-body toggle-content fusion-clearfix\">\n<p>Si vous voyagez en PF en provenance d\u2019autres pays avec un animal de compagnie, certaines r\u00e8gles sont \u00e0 respecter.<\/p>\n<p>Les conditions sanitaires d\u2019arriv\u00e9e des animaux de compagnie en Polyn\u00e9sie fran\u00e7aise sont d\u00e9taill\u00e9es sur la page <a href=\"https:\/\/www.service-public.pf\/biosecurite\/accueil\/particuliers\/importation-de-chiens\/\">Comment venir avec mon animal de compagnie en Polyn\u00e9sie fran\u00e7aise<\/a>.<\/p>\n<p>Attention, le <strong>transit<\/strong> en Polyn\u00e9sie fran\u00e7aise peut \u00eatre interdit selon l\u2019infestation des pays d\u2019escale.<\/p>\n<\/div><\/div><\/div><div class=\"fusion-panel panel-default panel-2ed87daa580612d9c fusion-toggle-has-divider\" style=\"--awb-title-color:#ffffff;--awb-content-color:#333333;\"><div class=\"panel-heading\"><h3 class=\"panel-title toggle\" id=\"toggle_2ed87daa580612d9c\"><a class=\"active\" aria-expanded=\"true\" aria-controls=\"2ed87daa580612d9c\" role=\"button\" data-toggle=\"collapse\" data-parent=\"#accordion-28184-1\" data-target=\"#2ed87daa580612d9c\" href=\"#2ed87daa580612d9c\"><span class=\"fusion-toggle-icon-wrapper\" aria-hidden=\"true\"><i class=\"fa-fusion-box active-icon awb-icon-minus\" aria-hidden=\"true\"><\/i><i class=\"fa-fusion-box inactive-icon awb-icon-plus\" aria-hidden=\"true\"><\/i><\/span><span class=\"fusion-toggle-heading\">Animaux exotiques et interdits<\/span><\/a><\/h3><\/div><div id=\"2ed87daa580612d9c\" class=\"panel-collapse collapse in\" aria-labelledby=\"toggle_2ed87daa580612d9c\"><div class=\"panel-body toggle-content fusion-clearfix\">\n<p>Voir l&rsquo;onglet <a href=\"https:\/\/www.service-public.pf\/biosecurite\/accueil\/particuliers\/autres-animaux-exotiques\/\">Animaux exotiques<\/a>.<\/p>\n<\/div><\/div><\/div><div class=\"fusion-panel panel-default panel-63faa25e12c00ee56 fusion-toggle-has-divider\" style=\"--awb-title-color:#ffffff;--awb-content-color:#333333;\"><div class=\"panel-heading\"><h3 class=\"panel-title toggle\" id=\"toggle_63faa25e12c00ee56\"><a class=\"active\" aria-expanded=\"true\" aria-controls=\"63faa25e12c00ee56\" role=\"button\" data-toggle=\"collapse\" data-parent=\"#accordion-28184-1\" data-target=\"#63faa25e12c00ee56\" href=\"#63faa25e12c00ee56\"><span class=\"fusion-toggle-icon-wrapper\" aria-hidden=\"true\"><i class=\"fa-fusion-box active-icon awb-icon-minus\" aria-hidden=\"true\"><\/i><i class=\"fa-fusion-box inactive-icon awb-icon-plus\" aria-hidden=\"true\"><\/i><\/span><span class=\"fusion-toggle-heading\">Sanctions et mesures en cas de non-respect<\/span><\/a><\/h3><\/div><div id=\"63faa25e12c00ee56\" class=\"panel-collapse collapse in\" aria-labelledby=\"toggle_63faa25e12c00ee56\"><div class=\"panel-body toggle-content fusion-clearfix\">\n<p>Le non-respect des formalit\u00e9s de bios\u00e9curit\u00e9 peut donner lieu \u00e0 des sanctions administratives et p\u00e9nales.<\/p>\n<\/div><\/div><\/div><div class=\"fusion-panel panel-default panel-6eb1f86cabeca0cc4 fusion-toggle-has-divider\" style=\"--awb-title-color:#ffffff;--awb-content-color:#333333;\"><div class=\"panel-heading\"><h3 class=\"panel-title toggle\" id=\"toggle_6eb1f86cabeca0cc4\"><a class=\"active\" aria-expanded=\"true\" aria-controls=\"6eb1f86cabeca0cc4\" role=\"button\" data-toggle=\"collapse\" data-parent=\"#accordion-28184-1\" data-target=\"#6eb1f86cabeca0cc4\" href=\"#6eb1f86cabeca0cc4\"><span class=\"fusion-toggle-icon-wrapper\" aria-hidden=\"true\"><i class=\"fa-fusion-box active-icon awb-icon-minus\" aria-hidden=\"true\"><\/i><i class=\"fa-fusion-box inactive-icon awb-icon-plus\" aria-hidden=\"true\"><\/i><\/span><span class=\"fusion-toggle-heading\">Tarification<\/span><\/a><\/h3><\/div><div id=\"6eb1f86cabeca0cc4\" class=\"panel-collapse collapse in\" aria-labelledby=\"toggle_6eb1f86cabeca0cc4\"><div class=\"panel-body toggle-content fusion-clearfix\">\n<p>Certaines prestations (interventions et documents) r\u00e9alis\u00e9es par la Direction de bios\u00e9curit\u00e9 sont payants (<a href=\"https:\/\/lexpol.cloud.pf\/LexpolAfficheTexte.php?texte=459542\">Arr\u00eat\u00e9 n\u00b0 1920 CM du 26 novembre 2015)<\/a><\/p>\n<p>Vous trouverez ci-dessous les tarifs appliqu\u00e9s\u00a0:<\/p>\n<table style=\"width: 80.2414%\">\n<tbody>\n<tr>\n<td style=\"width: 65.942%\" width=\"302\"><strong>Arraisonnement d\u2019un a\u00e9ronef<br \/>\n<\/strong><\/td>\n<td style=\"width: 76.1131%;text-align: center\" width=\"302\">1000 francs CFP<\/td>\n<\/tr>\n<tr>\n<td style=\"width: 65.942%\" width=\"302\"><strong>D\u00e9sinsectisation des trains d&rsquo;atterrissage<br \/>\n<\/strong><\/td>\n<td style=\"width: 76.1131%;text-align: center\" width=\"302\">2000 CFP<\/td>\n<\/tr>\n<tr>\n<td style=\"width: 65.942%\" width=\"302\"><strong>D\u00e9sinsectisation des soutes et cabines<br \/>\n<\/strong><\/td>\n<td style=\"width: 76.1131%;text-align: center\" width=\"302\">75 francs\/m3 CFP<\/td>\n<\/tr>\n<\/tbody>\n<\/table>\n<p>Le montant est \u00e0 r\u00e9gler aupr\u00e8s de la r\u00e9gie de la Direction de la bios\u00e9curit\u00e9.<\/p>\n<\/div><\/div><\/div><\/div><\/div><\/div><\/div><div class=\"fusion-layout-column fusion_builder_column fusion-builder-column-3 fusion_builder_column_1_4 1_4 fusion-flex-column\" style=\"--awb-bg-size:cover;--awb-width-large:25%;--awb-margin-top-large:0px;--awb-spacing-right-large:7.68%;--awb-margin-bottom-large:20px;--awb-spacing-left-large:7.68%;--awb-width-medium:100%;--awb-order-medium:0;--awb-spacing-right-medium:1.92%;--awb-spacing-left-medium:1.92%;--awb-width-small:100%;--awb-order-small:0;--awb-spacing-right-small:1.92%;--awb-spacing-left-small:1.92%;\" data-scroll-devices=\"small-visibility,medium-visibility,large-visibility\"><div class=\"fusion-column-wrapper fusion-column-has-shadow fusion-flex-justify-content-flex-start fusion-content-layout-column\"><div class=\"fusion-builder-row fusion-builder-row-inner fusion-row fusion-flex-align-items-flex-start fusion-flex-justify-content-space-between fusion-flex-content-wrap\" style=\"--awb-flex-grow:0;--awb-flex-grow-medium:0;--awb-flex-grow-small:0;--awb-flex-shrink:0;--awb-flex-shrink-medium:0;--awb-flex-shrink-small:0;width:104% !important;max-width:104% !important;margin-left: calc(-4% \/ 2 );margin-right: calc(-4% \/ 2 );\"><div class=\"fusion-layout-column fusion_builder_column_inner fusion-builder-nested-column-0 fusion_builder_column_inner_1_1 1_1 fusion-flex-column vct_column_right\" style=\"--awb-bg-size:cover;--awb-width-large:100%;--awb-margin-top-large:0px;--awb-spacing-right-large:1.92%;--awb-margin-bottom-large:20px;--awb-spacing-left-large:1.92%;--awb-width-medium:100%;--awb-order-medium:0;--awb-spacing-right-medium:1.92%;--awb-spacing-left-medium:1.92%;--awb-width-small:100%;--awb-order-small:0;--awb-spacing-right-small:1.92%;--awb-spacing-left-small:1.92%;\"><div class=\"fusion-column-wrapper fusion-column-has-shadow fusion-flex-justify-content-flex-start fusion-content-layout-column\"><div class=\"fusion-title title fusion-title-3 fusion-sep-none fusion-title-text fusion-title-size-three vct_icon_title_left_blue\" style=\"--awb-text-color:#ffffff;--awb-margin-bottom:0px;--awb-margin-top-small:0px;--awb-margin-right-small:0px;--awb-margin-bottom-small:0px;--awb-margin-left-small:0px;--awb-font-size:1.125rem;\"><h3 class=\"fusion-title-heading title-heading-left\" style=\"margin:0;font-size:1em;\">R\u00e9glementation<\/h3><\/div><div class=\"fusion-text fusion-text-1\"><p><a href=\"https:\/\/lexpol.cloud.pf\/LexpolAfficheTexte.php?texte=396989&amp;idr=0&amp;np=1\">Loi du Pays n\u00b0 2013-12 du 6 mai 2013<\/a><br \/>\n<a href=\"https:\/\/lexpol.cloud.pf\/LexpolAfficheTexte.php?texte=109063&amp;idr=0&amp;np=1\">Arr\u00eat\u00e9 n\u00b0 1266 CM du 20 d\u00e9cembre 1985 modifi\u00e9<\/a><br \/>\n<a href=\"https:\/\/lexpol.cloud.pf\/LexpolAfficheTexte.php?texte=455661&amp;idr=0&amp;np=1\">Arr\u00eat\u00e9 n\u00b0 979 CM du 24 juillet 2015 modifi\u00e9<\/a><br \/>\n<a href=\"https:\/\/lexpol.cloud.pf\/LexpolAfficheTexte.php?texte=459755&amp;idr=174&amp;np=1\">Arr\u00eat\u00e9 n\u00b0 1975 CM du 3 d\u00e9cembre 2015<\/a><\/p>\n<p><a href=\"https:\/\/lexpol.cloud.pf\/LexpolAfficheTexte.php?texte=397967&amp;idr=868&amp;np=1\">Arr\u00eat\u00e9 n\u00b0 738 CM du 15 mai 2013<\/a><\/p>\n<p><a href=\"https:\/\/lexpol.cloud.pf\/LexpolAfficheTexte.php?texte=479999&amp;idr=757&amp;np=1\">Arr\u00eat\u00e9 n\u00b0 110 CM du 7 f\u00e9vrier 2017<\/a><\/p>\n<\/div><\/div><\/div><div class=\"fusion-layout-column fusion_builder_column_inner fusion-builder-nested-column-1 fusion_builder_column_inner_1_1 1_1 fusion-flex-column vct_column_right\" style=\"--awb-bg-size:cover;--awb-width-large:100%;--awb-margin-top-large:0px;--awb-spacing-right-large:1.92%;--awb-margin-bottom-large:20px;--awb-spacing-left-large:1.92%;--awb-width-medium:100%;--awb-order-medium:0;--awb-spacing-right-medium:1.92%;--awb-spacing-left-medium:1.92%;--awb-width-small:100%;--awb-order-small:0;--awb-spacing-right-small:1.92%;--awb-spacing-left-small:1.92%;\"><div class=\"fusion-column-wrapper fusion-column-has-shadow fusion-flex-justify-content-flex-start fusion-content-layout-column\"><div class=\"fusion-title title fusion-title-4 fusion-sep-none fusion-title-text fusion-title-size-three vct_icon_title_left_blue\" style=\"--awb-text-color:#ffffff;--awb-margin-bottom:0px;--awb-margin-top-small:0px;--awb-margin-right-small:0px;--awb-margin-bottom-small:0px;--awb-margin-left-small:0px;--awb-font-size:1.125rem;\"><h3 class=\"fusion-title-heading title-heading-left\" style=\"margin:0;font-size:1em;\">Nous contacter<\/h3><\/div><div class=\"fusion-text fusion-text-2\"><p>Service: Cellule phytosanitaire<br \/>\nE-mail : phyto.dbs@biosecurite.gov.pf<br \/>\nT\u00e9l\u00e9phone: + (689) 40 544 585<\/p>\n<\/div><\/div><\/div><\/div><\/div><\/div><\/div><\/div><\/p>\n","protected":false},"excerpt":{"rendered":"","protected":false},"author":240,"featured_media":23465,"parent":26454,"menu_order":0,"comment_status":"closed","ping_status":"closed","template":"","meta":{"_seopress_robots_primary_cat":"","_seopress_titles_title":"","_seopress_titles_desc":"","_seopress_robots_index":"","footnotes":""},"class_list":["post-28184","page","type-page","status-publish","has-post-thumbnail","hentry"],"_links":{"self":[{"href":"https:\/\/www.service-public.pf\/biosecurite\/wp-json\/wp\/v2\/pages\/28184","targetHints":{"allow":["GET"]}}],"collection":[{"href":"https:\/\/www.service-public.pf\/biosecurite\/wp-json\/wp\/v2\/pages"}],"about":[{"href":"https:\/\/www.service-public.pf\/biosecurite\/wp-json\/wp\/v2\/types\/page"}],"author":[{"embeddable":true,"href":"https:\/\/www.service-public.pf\/biosecurite\/wp-json\/wp\/v2\/users\/240"}],"replies":[{"embeddable":true,"href":"https:\/\/www.service-public.pf\/biosecurite\/wp-json\/wp\/v2\/comments?post=28184"}],"version-history":[{"count":0,"href":"https:\/\/www.service-public.pf\/biosecurite\/wp-json\/wp\/v2\/pages\/28184\/revisions"}],"up":[{"embeddable":true,"href":"https:\/\/www.service-public.pf\/biosecurite\/wp-json\/wp\/v2\/pages\/26454"}],"wp:featuredmedia":[{"embeddable":true,"href":"https:\/\/www.service-public.pf\/biosecurite\/wp-json\/wp\/v2\/media\/23465"}],"wp:attachment":[{"href":"https:\/\/www.service-public.pf\/biosecurite\/wp-json\/wp\/v2\/media?parent=28184"}],"curies":[{"name":"wp","href":"https:\/\/api.w.org\/{rel}","templated":true}]}}