{"id":28352,"date":"2024-05-22T08:56:30","date_gmt":"2024-05-22T18:56:30","guid":{"rendered":"https:\/\/www.service-public.pf\/biosecurite\/?page_id=28352"},"modified":"2025-10-13T11:24:50","modified_gmt":"2025-10-13T21:24:50","slug":"qui-sommes-nous","status":"publish","type":"page","link":"https:\/\/www.service-public.pf\/biosecurite\/qui-sommes-nous\/","title":{"rendered":"Qui sommes-nous ?"},"content":{"rendered":"<p><div class=\"fusion-fullwidth fullwidth-box fusion-builder-row-1 fusion-flex-container has-pattern-background has-mask-background fusion-parallax-none nonhundred-percent-fullwidth non-hundred-percent-height-scrolling vct_border_bottom_separator\" style=\"--awb-border-radius-top-left:0px;--awb-border-radius-top-right:0px;--awb-border-radius-bottom-right:0px;--awb-border-radius-bottom-left:0px;--awb-background-image:linear-gradient(180deg, rgba(0,0,0,0) 0%,rgba(0,0,0,0.8) 100%),url(https:\/\/www.service-public.pf\/biosecurite\/wp-content\/uploads\/sites\/43\/2024\/05\/LGFJ1460-scaled.jpg);;--awb-background-size:cover;--awb-flex-wrap:wrap;\" ><div class=\"fusion-builder-row fusion-row fusion-flex-align-items-flex-start fusion-flex-content-wrap\" style=\"max-width:1144px;margin-left: calc(-4% \/ 2 );margin-right: calc(-4% \/ 2 );\"><div class=\"fusion-layout-column fusion_builder_column fusion-builder-column-0 fusion_builder_column_1_1 1_1 fusion-flex-column\" style=\"--awb-padding-top:6vw;--awb-padding-right:5vw;--awb-padding-bottom:3vw;--awb-padding-left:5vw;--awb-bg-size:cover;--awb-width-large:100%;--awb-margin-top-large:0px;--awb-spacing-right-large:1.92%;--awb-margin-bottom-large:0px;--awb-spacing-left-large:1.92%;--awb-width-medium:100%;--awb-order-medium:0;--awb-spacing-right-medium:1.92%;--awb-spacing-left-medium:1.92%;--awb-width-small:100%;--awb-order-small:0;--awb-spacing-right-small:1.92%;--awb-spacing-left-small:1.92%;\"><div class=\"fusion-column-wrapper fusion-column-has-shadow fusion-flex-justify-content-flex-start fusion-content-layout-column\"><div class=\"fusion-title title fusion-title-1 fusion-sep-none fusion-title-text fusion-title-size-one\" style=\"--awb-text-color:#ffffff;--awb-margin-top-small:0px;--awb-margin-right-small:0px;--awb-margin-bottom-small:20px;--awb-margin-left-small:0px;--awb-font-size:3rem;\"><h1 class=\"fusion-title-heading title-heading-left\" style=\"margin:0;font-size:1em;\">Qui sommes-nous ?<\/h1><\/div><\/div><\/div><\/div><\/div><div class=\"fusion-fullwidth fullwidth-box fusion-builder-row-2 has-pattern-background has-mask-background nonhundred-percent-fullwidth non-hundred-percent-height-scrolling fusion-equal-height-columns\" style=\"--awb-border-radius-top-left:0px;--awb-border-radius-top-right:0px;--awb-border-radius-bottom-right:0px;--awb-border-radius-bottom-left:0px;--awb-padding-right:5vw;--awb-padding-left:5vw;--awb-flex-wrap:wrap;\" ><div class=\"fusion-builder-row fusion-row\"><div class=\"fusion-layout-column fusion_builder_column fusion-builder-column-1 fusion_builder_column_1_1 1_1 fusion-one-full fusion-column-first fusion-column-last fusion-column-no-min-height\" style=\"--awb-bg-color:#ffffff;--awb-bg-color-hover:#ffffff;--awb-bg-size:cover;--awb-margin-top:30px;--awb-margin-bottom:30px;\"><div class=\"fusion-column-wrapper fusion-column-has-shadow fusion-flex-column-wrapper-legacy\"><nav class=\"fusion-breadcrumbs fusion-breadcrumbs-1\" style=\"--awb-font-size:16px;--awb-text-hover-color:#e51427;--awb-text-color:#12284d;--awb-breadcrumb-sep:&#039;&gt;&#039;;\" aria-label=\"Breadcrumb\"><ol class=\"awb-breadcrumb-list\"><li class=\"fusion-breadcrumb-item awb-breadcrumb-sep awb-home\" ><a href=\"https:\/\/www.service-public.pf\/biosecurite\" class=\"fusion-breadcrumb-link\"><span >Home<\/span><\/a><\/li><\/ol><\/nav><div class=\"fusion-clearfix\"><\/div><\/div><\/div><div class=\"fusion-layout-column fusion_builder_column fusion-builder-column-2 fusion_builder_column_1_1 1_1 fusion-one-full fusion-column-first fusion-column-last fusion-column-no-min-height\" style=\"--awb-bg-size:cover;\"><div class=\"fusion-column-wrapper fusion-column-has-shadow fusion-flex-column-wrapper-legacy\"><div class=\"fusion-title title fusion-title-2 fusion-sep-none fusion-title-text fusion-title-size-two vct_title_border vct_icon_title_left_red\" style=\"--awb-text-color:#12284d;--awb-margin-top-small:0px;--awb-margin-right-small:0px;--awb-margin-bottom-small:20px;--awb-margin-left-small:0px;--awb-font-size:2.5rem;\"><h2 class=\"fusion-title-heading title-heading-left\" style=\"margin:0;text-transform:uppercase;font-size:1em;\">Pr\u00e9sentation de la Direction de la Bios\u00e9curit\u00e9<\/h2><\/div><div class=\"fusion-text fusion-text-1 fusion-text-no-margin\" style=\"--awb-margin-bottom:20px;\"><p>La Direction de la Bios\u00e9curit\u00e9 a \u00e9t\u00e9 cr\u00e9\u00e9 par arr\u00eat\u00e9 n\u00b0 169 CM du 17 f\u00e9vrier 2017.<\/p>\n<p>En vertu de ce texte, la direction de la bios\u00e9curit\u00e9 est dot\u00e9e d\u2019une comp\u00e9tence g\u00e9n\u00e9rale d\u2019organisation, de proposition, d\u2019intervention et d\u2019information en mati\u00e8re de gestion des risques pesant sur la sant\u00e9 des v\u00e9g\u00e9taux, des animaux et des personnes \u00e0 leur contact ou en contact avec leurs productions.<\/p>\n<p>La direction de la bios\u00e9curit\u00e9 a ainsi pour missions :<\/p>\n<p>&#8211; d\u2019\u00e9laborer et d\u2019appliquer la r\u00e9glementation en mati\u00e8re de protection des v\u00e9g\u00e9taux, de sant\u00e9 et bien-\u00eatre animal et de s\u00e9curit\u00e9 sanitaire des aliments ;<\/p>\n<p>&#8211; de proposer et de coordonner les plans de lutte destin\u00e9s \u00e0 pr\u00e9venir l\u2019introduction et la diss\u00e9mination en Polyn\u00e9sie fran\u00e7aise des organismes nuisibles aux v\u00e9g\u00e9taux et aux animaux, responsables des maladies v\u00e9g\u00e9tales, animales et pouvant avoir un impact sur la sant\u00e9 humaine.<\/p>\n<p>Elle est compos\u00e9e d\u2019une Direction, d\u2019une <a href=\"https:\/\/www.service-public.pf\/biosecurite\/cellule-zoosanitaire\/\">cellule zoosanitaire<\/a>, d\u2019une <a href=\"https:\/\/www.service-public.pf\/biosecurite\/cellule-phytosanitaire\/\">cellule phytosanitaire<\/a>, d\u2019une <a href=\"https:\/\/www.service-public.pf\/biosecurite\/equipe-cynophile\/\">\u00e9quipe cynophile<\/a>, de deux antennes \u00e9tablies \u00e0 <a href=\"https:\/\/www.service-public.pf\/biosecurite\/bora-bora\/\">Bora Bora<\/a> et <a href=\"https:\/\/www.service-public.pf\/biosecurite\/nuku-hiva\/\">Nuku-Hiva<\/a>.<\/p>\n<\/div><div class=\"fusion-title title fusion-title-3 fusion-sep-none fusion-title-text fusion-title-size-two vct_title_border vct_icon_title_left_red\" style=\"--awb-text-color:#12284d;--awb-margin-top-small:0px;--awb-margin-right-small:0px;--awb-margin-bottom-small:20px;--awb-margin-left-small:0px;--awb-font-size:2.5rem;\"><h2 class=\"fusion-title-heading title-heading-left\" style=\"margin:0;text-transform:uppercase;font-size:1em;\"><h3>Missions et organisations d\u00e9taill\u00e9es des p\u00f4les administratifs de la DBS<\/h3><\/h2><\/div><div class=\"fusion-text fusion-text-2 fusion-text-no-margin\" style=\"--awb-margin-bottom:20px;\"><p><span style=\"font-size: 14pt\"><strong>a)\u00a0\u00a0\u00a0\u00a0\u00a0 Direction<\/strong><\/span><\/p>\n<p>La direction est compos\u00e9e d\u2019un chef de service d\u00e9nomm\u00e9 directeur, d\u2019un directeur adjoint et d\u2019un secr\u00e9tariat. Peuvent y \u00eatre rattach\u00e9s des charg\u00e9s de mission.<\/p>\n<p><span style=\"font-size: 14pt\"><strong>b)\u00a0\u00a0\u00a0\u00a0 Administration<\/strong><\/span><\/p>\n<p>L\u2019administration centrale comprend deux bureaux dont les attributions respectives sont les suivantes :<\/p>\n<p><span style=\"font-size: 14pt\"><strong> i.\u00a0\u00a0\u00a0\u00a0\u00a0\u00a0\u00a0\u00a0\u00a0\u00a0\u00a0\u00a0 Le bureau de la strat\u00e9gie et des affaires juridiques<\/strong><\/span><\/p>\n<p>Ce bureau con\u00e7oit, contr\u00f4le et \u00e9value les programmes et les actions qui concourent \u00e0 l\u2019exercice des missions du service. Il est charg\u00e9 de l\u2019\u00e9laboration et de l\u2019adaptation de la r\u00e9glementation et de l\u2019instruction des contentieux. A ce titre, il assure notamment les missions suivantes :<\/p>\n<p>&#8211;\u00a0\u00a0\u00a0\u00a0\u00a0\u00a0\u00a0\u00a0\u00a0 \u00e9laboration, coordination et \u00e9valuation des plans de lutte et des proc\u00e9dures de contr\u00f4le ;<br \/>\n&#8211;\u00a0\u00a0\u00a0\u00a0\u00a0\u00a0\u00a0\u00a0\u00a0 relations avec les instances locales, nationales et internationales comp\u00e9tentes, notamment dans le cadre de la n\u00e9gociation des certificats ;<br \/>\n&#8211;\u00a0\u00a0\u00a0\u00a0\u00a0\u00a0\u00a0\u00a0\u00a0 \u00e9laboration des strat\u00e9gies en mati\u00e8re de pharmacie v\u00e9t\u00e9rinaire et d\u2019exercice de la m\u00e9decine v\u00e9t\u00e9rinaire ;<br \/>\n&#8211;\u00a0\u00a0\u00a0\u00a0\u00a0\u00a0\u00a0\u00a0\u00a0 d\u00e9veloppement et suivi des standards QHSE, de proc\u00e9dures, des outils num\u00e9riques, de la communication ;<br \/>\n&#8211;\u00a0\u00a0\u00a0\u00a0\u00a0\u00a0\u00a0\u00a0\u00a0 montage et suivi des projets structurants.<\/p>\n<p>Le bureau de la strat\u00e9gie et des affaires juridiques est compos\u00e9 d\u2019un p\u00f4le affaires juridiques et d\u2019un p\u00f4le d\u00e9veloppement et suivi des strat\u00e9gies.<\/p>\n<p>Le p\u00f4le r\u00e9glementation et certificats est charg\u00e9 de l\u2019\u00e9laboration et de l\u2019adaptation de la r\u00e9glementation, de la veille juridique et sanitaire ainsi que de la n\u00e9gociation des certificats avec les autorit\u00e9s \u00e9trang\u00e8res.<\/p>\n<p>Le p\u00f4le d\u00e9veloppement et suivi des strat\u00e9gies a pour mission de s\u2019assurer que la Direction respecte les standards d\u00e9finis par la r\u00e9glementation et le Pays en mati\u00e8re environnementale, de qualit\u00e9 du service, d\u2019hygi\u00e8ne et s\u00e9curit\u00e9 au travail. Il participe \u00e0 la d\u00e9finition des politiques publiques de bios\u00e9curit\u00e9. Il formule des propositions en vue de d\u00e9velopper les capacit\u00e9s de la Direction. Il assure la coordination et le suivi des projets structurants et de l\u2019ex\u00e9cution des politiques publiques de bios\u00e9curit\u00e9. Il coordonne la r\u00e9daction des rapports d\u2019activit\u00e9s.<\/p>\n<p><span style=\"font-size: 14pt\"><strong> ii.\u00a0\u00a0\u00a0\u00a0\u00a0\u00a0\u00a0\u00a0\u00a0\u00a0\u00a0 Le bureau de l\u2019administration g\u00e9n\u00e9rale<\/strong><\/span><\/p>\n<p>Ce bureau coordonne les activit\u00e9s li\u00e9es au fonctionnement du service. A ce titre, il assure notamment les missions suivantes :<\/p>\n<p>&#8211;\u00a0\u00a0\u00a0\u00a0\u00a0\u00a0\u00a0\u00a0\u00a0 gestion du personnel et des programmes de formation ;<br \/>\n&#8211;\u00a0\u00a0\u00a0\u00a0\u00a0\u00a0\u00a0\u00a0\u00a0 pr\u00e9paration et ex\u00e9cution des budgets et suivi des dispositifs de financement contractualis\u00e9s ;<br \/>\n&#8211;\u00a0\u00a0\u00a0\u00a0\u00a0\u00a0\u00a0\u00a0\u00a0 gestion et entretien des biens mobiliers et immobiliers ;<br \/>\n&#8211;\u00a0\u00a0\u00a0\u00a0\u00a0\u00a0\u00a0\u00a0\u00a0 march\u00e9s administratifs destin\u00e9s \u00e0 l\u2019ex\u00e9cution des missions du service ;<br \/>\n&#8211;\u00a0\u00a0\u00a0\u00a0\u00a0\u00a0\u00a0\u00a0\u00a0 gestion de la documentation et des archives.<\/p>\n<p>Il est dot\u00e9 de p\u00f4les ressources humaines, finances et logistique.<\/p>\n<p>Le p\u00f4le ressources humaines assure la gestion du personnel et des programmes de formation.<\/p>\n<p>Le p\u00f4le finance assure le suivi et l\u2019ex\u00e9cution du budget et des march\u00e9s publics.<\/p>\n<p>Le p\u00f4le comptabilit\u00e9 assure l\u2019engagement et la liquidation des d\u00e9penses.<\/p>\n<p>Le p\u00f4le logistique assure la gestion et l\u2019entretien des biens mobiliers et immobiliers ainsi que la gestion des archives.<\/p>\n<\/div><div class=\"fusion-clearfix\"><\/div><\/div><\/div><div class=\"fusion-layout-column fusion_builder_column fusion-builder-column-3 fusion_builder_column_1_1 1_1 fusion-one-full fusion-column-first fusion-column-last\" style=\"--awb-bg-size:cover;\"><div class=\"fusion-column-wrapper fusion-column-has-shadow fusion-flex-column-wrapper-legacy\"><div class=\"fusion-builder-row fusion-builder-row-inner fusion-row\"><div class=\"fusion-layout-column fusion_builder_column_inner fusion-builder-nested-column-0 fusion_builder_column_inner_1_2 1_2 fusion-one-half fusion-column-first\" style=\"--awb-padding-top:20px;--awb-padding-right:20px;--awb-padding-bottom:20px;--awb-padding-left:20px;--awb-bg-color:#12284d;--awb-bg-color-hover:#12284d;--awb-bg-size:cover;width:50%;width:calc(50% - ( ( 4% ) * 0.5 ) );margin-right: 4%;\"><div class=\"fusion-column-wrapper fusion-column-has-shadow fusion-flex-column-wrapper-legacy\"><div class=\"fusion-title title fusion-title-4 fusion-sep-none fusion-title-center fusion-title-text fusion-title-size-three vct_title_border\" style=\"--awb-text-color:#ffffff;--awb-margin-bottom:20px;--awb-margin-top-small:0px;--awb-margin-right-small:0px;--awb-margin-bottom-small:20px;--awb-margin-left-small:0px;--awb-font-size:1.875rem;\"><h3 class=\"fusion-title-heading title-heading-center\" style=\"margin:0;text-transform:uppercase;font-size:1em;\">Direction de la Bios\u00e9curit\u00e9<\/h3><\/div><div class=\"fusion-text fusion-text-3\" style=\"--awb-text-color:#ffffff;\"><p>Lieu : Motu Uta &#8211; Papeete 98713 TAHITI<\/p>\n<p><strong>Horaires<\/strong> :<br \/>\nDu lundi au jeudi : de\u00a0 <strong>07h30 \u00e0 15h30 <\/strong><br \/>\nLe vendredi : de <strong>07h30 \u00e0 14h30<\/strong><\/p>\n<p><strong>Contact<\/strong> :<br \/>\nT\u00e9l : +689\u00a0 <strong>40 54 45 85 <\/strong><br \/>\nE-mail :<span style=\"color: #ffffff\">\u00a0<a style=\"color: #ffffff\" href=\"mailto:zoo.aeroport@biosecurite.gov.pf\"> secretariat.dbs@administration.gov.pf<\/a><\/span><\/p>\n<\/div><div class=\"fusion-clearfix\"><\/div><\/div><\/div><div class=\"fusion-layout-column fusion_builder_column_inner fusion-builder-nested-column-1 fusion_builder_column_inner_1_2 1_2 fusion-one-half fusion-column-last\" style=\"--awb-bg-size:cover;width:50%;width:calc(50% - ( ( 4% ) * 0.5 ) );\"><div class=\"fusion-column-wrapper fusion-column-has-shadow fusion-flex-column-wrapper-legacy\">\t\t\t\t\t<script type=\"text\/javascript\">\n\t\t\t\t\t\tvar map_fusion_map_69d4bc4d0ae79;\n\t\t\t\t\t\tvar markers = [];\n\t\t\t\t\t\tvar counter = 0;\n\t\t\t\t\t\t\t\t\t\t\t\t\t\t\t\t\t\t\t\tvar fusionMapNonce = '561d5c951f';\n\t\t\t\t\t\t\t\t\t\t\t\tfunction fusion_run_map_fusion_map_69d4bc4d0ae79() {\n\t\t\t\t\t\t\tjQuery ('#fusion_map_69d4bc4d0ae79' ).fusion_maps( {\n\t\t\t\t\t\t\t\taddresses: [{\"address\":\"Motu Uta - Papeete 98713\",\"infobox_content\":\"SI\\u00c8GE ADMINISTRATIF DE LA DIRECTION DE LA BIOS\\u00c9CURIT\\u00c9 - R\\u00c9GIE DE RECETTE\",\"coordinates\":false,\"cache\":true,\"latitude\":\"-17.5349242\",\"longitude\":\"-149.5772003\"}],\n\t\t\t\t\t\t\t\tanimations: false,\n\t\t\t\t\t\t\t\tinfobox_background_color: '',\n\t\t\t\t\t\t\t\tinfobox_styling: 'default',\n\t\t\t\t\t\t\t\tinfobox_text_color: '',\n\t\t\t\t\t\t\t\tmap_style: 'custom',\n\t\t\t\t\t\t\t\tmap_type: 'roadmap',\n\t\t\t\t\t\t\t\tmarker_icon: '',\n\t\t\t\t\t\t\t\toverlay_color: '',\n\t\t\t\t\t\t\t\toverlay_color_hsl: {\"hue\":0,\"sat\":0,\"lum\":100},\n\t\t\t\t\t\t\t\tshow_address: true,\n\t\t\t\t\t\t\t\tscale_control: true,\n\t\t\t\t\t\t\t\tscrollwheel: false,\n\t\t\t\t\t\t\t\tzoom: 14,\n\t\t\t\t\t\t\t\tzoom_control: true,\n\t\t\t\t\t\t\t} );\n\t\t\t\t\t\t}\n\n\t\t\t\t\t\tgoogle.maps.event.addDomListener(window, 'load', fusion_run_map_fusion_map_69d4bc4d0ae79);\n\t\t\t\t\t<\/script>\n\t\t\t\t\t<div class=\"shortcode-map fusion-google-map fusion-maps-js-type\" id=\"fusion_map_69d4bc4d0ae79\"><\/div><div class=\"fusion-clearfix\"><\/div><\/div><\/div><\/div><div class=\"fusion-clearfix\"><\/div><\/div><\/div><\/div><\/div><\/p>\n","protected":false},"excerpt":{"rendered":"","protected":false},"author":240,"featured_media":27849,"parent":0,"menu_order":0,"comment_status":"closed","ping_status":"closed","template":"","meta":{"_seopress_robots_primary_cat":"","_seopress_titles_title":"","_seopress_titles_desc":"","_seopress_robots_index":"","footnotes":""},"class_list":["post-28352","page","type-page","status-publish","has-post-thumbnail","hentry"],"_links":{"self":[{"href":"https:\/\/www.service-public.pf\/biosecurite\/wp-json\/wp\/v2\/pages\/28352","targetHints":{"allow":["GET"]}}],"collection":[{"href":"https:\/\/www.service-public.pf\/biosecurite\/wp-json\/wp\/v2\/pages"}],"about":[{"href":"https:\/\/www.service-public.pf\/biosecurite\/wp-json\/wp\/v2\/types\/page"}],"author":[{"embeddable":true,"href":"https:\/\/www.service-public.pf\/biosecurite\/wp-json\/wp\/v2\/users\/240"}],"replies":[{"embeddable":true,"href":"https:\/\/www.service-public.pf\/biosecurite\/wp-json\/wp\/v2\/comments?post=28352"}],"version-history":[{"count":1,"href":"https:\/\/www.service-public.pf\/biosecurite\/wp-json\/wp\/v2\/pages\/28352\/revisions"}],"predecessor-version":[{"id":29960,"href":"https:\/\/www.service-public.pf\/biosecurite\/wp-json\/wp\/v2\/pages\/28352\/revisions\/29960"}],"wp:featuredmedia":[{"embeddable":true,"href":"https:\/\/www.service-public.pf\/biosecurite\/wp-json\/wp\/v2\/media\/27849"}],"wp:attachment":[{"href":"https:\/\/www.service-public.pf\/biosecurite\/wp-json\/wp\/v2\/media?parent=28352"}],"curies":[{"name":"wp","href":"https:\/\/api.w.org\/{rel}","templated":true}]}}