{"id":56,"date":"2017-09-20T21:44:51","date_gmt":"2017-09-20T19:44:51","guid":{"rendered":"https:\/\/www.service-public.pf\/cau\/?page_id=56"},"modified":"2020-08-27T13:02:57","modified_gmt":"2020-08-27T23:02:57","slug":"tourisme","status":"publish","type":"page","link":"https:\/\/www.service-public.pf\/cau\/entreprendre\/tourisme\/","title":{"rendered":"Tourisme"},"content":{"rendered":"<div class=\"fusion-fullwidth fullwidth-box fusion-builder-row-1 nonhundred-percent-fullwidth non-hundred-percent-height-scrolling\" style=\"--awb-border-radius-top-left:0px;--awb-border-radius-top-right:0px;--awb-border-radius-bottom-right:0px;--awb-border-radius-bottom-left:0px;--awb-flex-wrap:wrap;\" ><div class=\"fusion-builder-row fusion-row\"><div class=\"fusion-layout-column fusion_builder_column fusion-builder-column-0 fusion_builder_column_1_1 1_1 fusion-one-full fusion-column-first fusion-column-last\" style=\"--awb-bg-size:cover;--awb-margin-top:0px;--awb-margin-bottom:0px;\"><div class=\"fusion-column-wrapper fusion-flex-column-wrapper-legacy\"><div class=\"fusion-text fusion-text-1\"><h1 style=\"text-align: center\"><span style=\"color: #000000\"><strong style=\"font-size: 28px\" data-fusion-font=\"true\">Dispositifs d\u2019aide au d\u00e9veloppement du tourisme<br \/><\/strong><\/span><span style=\"color: #000000\"><em><strong style=\"font-size: 28px\" data-fusion-font=\"true\">Mau tauturu n\u014d te fa\u2019ahotura\u2019a i te f\u0101ri\u2019ira\u2019a r\u0101tere<\/strong><\/em><\/span><\/h1>\n<div>\n<\/div>\n<h2><b><span style=\"color: #000000\"><span style=\"font-size: 18px\" data-fusion-font=\"true\">Ai-je droit \u00e0 une aide ? <\/span><em><span style=\"font-size: 18px\" data-fusion-font=\"true\">E f\u0101na\u2019o \u0101nei au i te tauturu ?<\/span><\/em><\/span><\/b><br \/>\n<\/h2>\n<p style=\"padding-left: 20px\"><span style=\"color: #000000\">\u2022 <span style=\"font-size: 16px\" data-fusion-font=\"true\">Je suis une personne physique ou morale immatricul\u00e9es au registre du commerce et je dispose d\u2019un n\u00b0 Tahiti.<\/span><\/span><\/p>\n<p style=\"padding-left: 20px\"><span style=\"color: #000000\"><span style=\"font-size: 16px\" data-fusion-font=\"true\">\u2022 <\/span><span style=\"text-decoration: underline;font-size: 16px\" data-fusion-font=\"true\">Exploitant d\u2019un \u00e9tablissement d\u2019h\u00e9bergement de tourisme chez l\u2019habitant et de la petite h\u00f4tellerie familiale de toute la Polyn\u00e9sie fran\u00e7aise souhaitant :<\/span><\/span><br \/><span style=\"font-size: 16px\" data-fusion-font=\"true\"><br \/>\n<\/span><span style=\"font-size: 16px\" data-fusion-font=\"true\"> &#8211; Cr\u00e9er, \u00e9tendre, r\u00e9nover ou effectuer une mise en conformit\u00e9 d\u2019un \u00e9tablissement.<\/span><br \/><span style=\"font-size: 16px\" data-fusion-font=\"true\"><br \/>\n<\/span><span style=\"font-size: 16px\" data-fusion-font=\"true\"> &#8211; Cr\u00e9er des activit\u00e9s directement li\u00e9es \u00e0 l\u2019exploitation de l\u2019\u00e9tablissement.<\/span><br \/><span style=\"font-size: 16px\" data-fusion-font=\"true\"><br \/>\n<\/span><span style=\"font-size: 16px\" data-fusion-font=\"true\"> &#8211; Se former.<\/span><br \/><span style=\"font-size: 16px\" data-fusion-font=\"true\"><br \/>\n<\/span><span style=\"font-size: 16px\" data-fusion-font=\"true\"> &#8211; Faire effectuer des \u00e9tudes et expertises par des techniciens ou des organismes agr\u00e9es pour des \u00e9tudes-conseils.<\/span><br \/><span style=\"font-size: 16px\" data-fusion-font=\"true\"><br \/>\n<\/span><span style=\"font-size: 16px\" data-fusion-font=\"true\"> &#8211; Adh\u00e9rer volontairement \u00e0 un label de qualit\u00e9 li\u00e9 \u00e0 l\u2019activit\u00e9 d\u2019h\u00e9bergement.<\/span><\/p>\n<p style=\"padding-left: 20px\"><span style=\"color: #000000\"><span style=\"font-size: 16px\" data-fusion-font=\"true\">\u2022 <\/span><span style=\"text-decoration: underline;font-size: 16px\" data-fusion-font=\"true\">J\u2019ai au moins l\u2019un des 3 documents suivants :<\/span><\/span><br \/><span style=\"font-size: 16px\" data-fusion-font=\"true\"><br \/>\n<\/span><span style=\"font-size: 16px\" data-fusion-font=\"true\"> &#8211; Une attestation de classement provisoire.<\/span><br \/><span style=\"font-size: 16px\" data-fusion-font=\"true\"><br \/>\n<\/span><span style=\"font-size: 16px\" data-fusion-font=\"true\"> &#8211; Un r\u00e9c\u00e9piss\u00e9 de d\u00e9p\u00f4t du dossier complet pour un classement d\u00e9finitif.<\/span><br \/><span style=\"font-size: 16px\" data-fusion-font=\"true\"><br \/>\n<\/span><span style=\"font-size: 16px\" data-fusion-font=\"true\"> &#8211; Un classement d\u00e9finit.<\/span><\/p>\n<h2><span style=\"color: #000000\"><strong><span style=\"font-size: 18px\" data-fusion-font=\"true\">Quelles sont les aides que l\u2019on me propose ? <\/span><em><span style=\"font-size: 18px\" data-fusion-font=\"true\">\u2018E aha te mau tauturu e f\u0101na\u2019ohia e au ?<\/span><\/em><\/strong><br \/>\n<\/span><\/h2>\n<p style=\"padding-left: 20px\"><span style=\"color: #000000\">\u2022<span style=\"font-size: 16px\" data-fusion-font=\"true\"> Je suis aid\u00e9 jusqu\u2019\u00e0 50% des d\u00e9penses totales hors taxe.<\/span><\/span><br \/><span style=\"font-size: 16px\" data-fusion-font=\"true\"><br \/>\n<\/span><span style=\"color: #000000\"><span style=\"font-size: 16px\" data-fusion-font=\"true\"> \u2022 <\/span><span style=\"text-decoration: underline;font-size: 16px\" data-fusion-font=\"true\">Cette aide financi\u00e8re est plafonn\u00e9e \u00e0<\/span><span style=\"font-size: 16px\" data-fusion-font=\"true\"> :<\/span><\/span><br \/><span style=\"font-size: 16px\" data-fusion-font=\"true\"><br \/>\n<\/span><span style=\"font-size: 16px\" data-fusion-font=\"true\"> &#8211; 5.000.000 Cfp pour un programme de cr\u00e9ation.<\/span><br \/><span style=\"font-size: 16px\" data-fusion-font=\"true\"><br \/>\n<\/span><span style=\"font-size: 16px\" data-fusion-font=\"true\"> &#8211; 3.500.000 Cfp pour un programme d\u2019extension ou de r\u00e9novation.<\/span><br \/><span style=\"font-size: 16px\" data-fusion-font=\"true\"><br \/>\n<\/span><span style=\"font-size: 16px\" data-fusion-font=\"true\"> &#8211; 2.500.000 Cfp pour les autres programmes.<\/span><\/p>\n<p style=\"padding-left: 20px\"><span style=\"color: #000000\"><span style=\"font-size: 16px\" data-fusion-font=\"true\">\u2022 <\/span><span style=\"text-decoration: underline;font-size: 16px\" data-fusion-font=\"true\">En tant que porteurs de projets, je peux toujours m\u2019orienter vers :<\/span><\/span><br \/><span style=\"font-size: 16px\" data-fusion-font=\"true\"><br \/>\n<\/span><span style=\"font-size: 16px\" data-fusion-font=\"true\"> &#8211; La SOFIDEP, qui g\u00e8re diff\u00e9rents pr\u00eats participatifs ax\u00e9s sur le financement de la cr\u00e9ation, du d\u00e9veloppement et de la transmission des entreprises.<\/span><br \/><span style=\"font-size: 16px\" data-fusion-font=\"true\"><br \/>\n<\/span><span style=\"font-size: 16px\" data-fusion-font=\"true\"> &#8211; L\u2019ADIE, qui propose des micro-cr\u00e9dits \u00e0 des petits porteurs de projet.<\/span><br \/><span style=\"font-size: 16px\" data-fusion-font=\"true\"><br \/>\n<\/span><span style=\"font-size: 16px\" data-fusion-font=\"true\"> &#8211; Ou le CAGEST, qui effectue un accompagnement personnalis\u00e9 en gestion aux cr\u00e9ateurs et aux chefs d\u2019entreprises de petites tailles.<\/span><\/p>\n<h2><span style=\"color: #000000\"><strong><span style=\"font-size: 18px\" data-fusion-font=\"true\">Comment puis-je b\u00e9n\u00e9ficier d\u2019une aide ? <\/span><em><span style=\"font-size: 18px\" data-fusion-font=\"true\">N\u0101 hea vau e f\u0101na\u2019o ai i te tauturu ?<\/span><\/em><\/strong><br \/>\n<\/span><\/h2>\n<p style=\"padding-left: 20px\"><span style=\"color: #000000\">\u2022 <span style=\"text-decoration: underline;font-size: 16px\" data-fusion-font=\"true\">Je dois d\u00e9poser le dossier complet de la demande d\u2019aide au d\u00e9veloppement au service du tourisme, accompagn\u00e9 de :<\/span><\/span><br \/><span style=\"font-size: 16px\" data-fusion-font=\"true\"><br \/>\n<\/span><span style=\"font-size: 16px\" data-fusion-font=\"true\"> &#8211; Soit un r\u00e9c\u00e9piss\u00e9 de d\u00e9p\u00f4t du dossier complet de demande de classement EHH ;<\/span><br \/><span style=\"font-size: 16px\" data-fusion-font=\"true\"><br \/>\n<\/span><span style=\"font-size: 16px\" data-fusion-font=\"true\"> &#8211; Soit une ACP (Attestation de Classement Provisoire).<\/span><br \/><span style=\"font-size: 16px\" data-fusion-font=\"true\"><br \/>\n<\/span><span style=\"font-size: 16px\" data-fusion-font=\"true\"> &#8211; Soit l\u2019arr\u00eat\u00e9 de classement.<\/span><\/p>\n<h2><span style=\"color: #000000\"><strong><span style=\"font-size: 18px\" data-fusion-font=\"true\">Quelles sont les conditions d\u2019attribution ? <\/span><em><span style=\"font-size: 18px\" data-fusion-font=\"true\">\u2018E aha te mea e anihia i\u0101&rsquo;u ia f\u0101na&rsquo;o vau i te tauturu?<\/span><\/em><\/strong><br \/>\n<\/span><\/h2>\n<p style=\"padding-left: 20px\"><span style=\"color: #000000\">&#8211; <span style=\"font-size: 16px\" data-fusion-font=\"true\">Je ne dois pas b\u00e9n\u00e9ficier des dispositifs de d\u00e9fiscalisation locale.<\/span><\/span><br \/><span style=\"font-size: 16px\" data-fusion-font=\"true\"><br \/>\n<\/span><span style=\"font-size: 16px\" data-fusion-font=\"true\"> &#8211; Je dois attester d\u2019une exp\u00e9rience ou d\u2019une formation dans les activit\u00e9s li\u00e9es \u00e0 l\u2019h\u00e9bergement touristique.<\/span><br \/><span style=\"font-size: 16px\" data-fusion-font=\"true\"><br \/>\n<\/span><span style=\"font-size: 16px\" data-fusion-font=\"true\"> &#8211; Je dois motiver les besoins du march\u00e9 et du niveau de concurrence.<\/span><br \/><span style=\"font-size: 16px\" data-fusion-font=\"true\"><br \/>\n<\/span><span style=\"font-size: 16px\" data-fusion-font=\"true\"> &#8211; Je dois engager des fonds propres ou bancaire.<\/span><br \/><span style=\"font-size: 16px\" data-fusion-font=\"true\"><br \/>\n<\/span><span style=\"font-size: 16px\" data-fusion-font=\"true\"> &#8211; Je dois garantir la fiabilit\u00e9 du plan de financement.<\/span><br \/><span style=\"font-size: 16px\" data-fusion-font=\"true\"><br \/>\n<\/span><span style=\"font-size: 16px\" data-fusion-font=\"true\"> &#8211; Je dois maintenir ou cr\u00e9er des emplois.<\/span><\/p>\n<h2><span style=\"color: #000000\"><strong><span style=\"font-size: 18px\" data-fusion-font=\"true\">Comment s\u2019effectue le versement de l\u2019aide ? <\/span><em><span style=\"font-size: 18px\" data-fusion-font=\"true\">Mea n\u0101 fea te fa&rsquo;anahora&rsquo;a o te tauturu ?<\/span><\/em><\/strong><br \/>\n<\/span><\/h2>\n<p style=\"padding-left: 20px\"><span style=\"color: #000000\">\u2022 <span style=\"font-size: 16px\" data-fusion-font=\"true\">Si le b\u00e9n\u00e9ficiaire est une personne physique, l\u2019aide inf\u00e9rieure ou \u00e9gale \u00e0 90.000 F CFP est vers\u00e9e en int\u00e9gralit\u00e9 d\u00e8s la date de notification de l\u2019arr\u00eat\u00e9 d\u2019attribution.<\/span><\/span><\/p>\n<p style=\"padding-left: 20px\"><span style=\"color: #000000\"><span style=\"font-size: 16px\" data-fusion-font=\"true\">\u2022 <\/span><span style=\"text-decoration: underline;font-size: 16px\" data-fusion-font=\"true\">Par contre, si l\u2019aide est sup\u00e9rieure \u00e0 90.000 F CFP, le versement s\u2019effectue en deux fois :<\/span><\/span><br \/><span style=\"font-size: 16px\" data-fusion-font=\"true\"><br \/>\n<\/span><span style=\"font-size: 16px\" data-fusion-font=\"true\"> &#8211; Une avance de 70 %, d\u00e8s r\u00e9ception par le service du tourisme, des justificatifs de commencement du programme.<\/span><br \/><span style=\"font-size: 16px\" data-fusion-font=\"true\"><br \/>\n<\/span><span style=\"font-size: 16px\" data-fusion-font=\"true\"> &#8211; Le solde sera pay\u00e9, d\u00e8s r\u00e9ception des factures acquitt\u00e9es attestant de la r\u00e9alisation d\u2019au moins 70 % du programme.<\/span><\/p>\n<p><span style=\"font-size: 16px\" data-fusion-font=\"true\">Le b\u00e9n\u00e9ficiaire est tenu de transmettre au service du tourisme, dans un d\u00e9lai d\u2019un an, \u00e0 compter de la date de versement du solde, tous les justificatifs relatifs \u00e0 l\u2019utilisation de la somme vers\u00e9e.<\/span><\/p>\n<p style=\"padding-left: 20px\"><span style=\"color: #000000\"><span style=\"font-size: 16px\" data-fusion-font=\"true\">\u2022 <\/span><span style=\"text-decoration: underline;font-size: 16px\" data-fusion-font=\"true\">Si le b\u00e9n\u00e9ficiaire est une personne morale, l\u2019aide est vers\u00e9e en deux fois :<\/span><\/span><br \/><span style=\"font-size: 16px\" data-fusion-font=\"true\"><br \/>\n<\/span><span style=\"font-size: 16px\" data-fusion-font=\"true\"> &#8211; Une avance de 50 %, d\u00e8s r\u00e9ception par le service du tourisme des justificatifs de commencement du programme.<\/span><br \/><span style=\"font-size: 16px\" data-fusion-font=\"true\"><br \/>\n<\/span><span style=\"font-size: 16px\" data-fusion-font=\"true\"> &#8211; Le solde, d\u00e8s r\u00e9ception des factures acquitt\u00e9es relatives \u00e0 la r\u00e9alisation et \u00e0 la conformit\u00e9 des caract\u00e9ristiques du programme.<\/span><\/p>\n<p><b><span style=\"color: #000000\">Contact :<\/span><\/b><\/p>\n<p><span style=\"font-size: 18px\" data-fusion-font=\"true\">SERVICE DU TOURISME<\/span><br \/><span style=\"font-size: 18px\" data-fusion-font=\"true\"><br \/>\n<\/span><span style=\"font-size: 18px\" data-fusion-font=\"true\"> Tel : 40.47.62.00\/ Fax : 40.47.62.04<\/span><br \/><span style=\"font-size: 18px\" data-fusion-font=\"true\"><br \/>\n<\/span><span style=\"font-size: 18px\" data-fusion-font=\"true\"> Mail : sdt@tourisme.gov.pf<\/span><br \/><span style=\"font-size: 18px\" data-fusion-font=\"true\"><br \/>\n<\/span><span style=\"font-size: 18px\" data-fusion-font=\"true\"> Site internet : www.servicedutourisme.gov.fr<\/span><br \/><span style=\"font-size: 18px\" data-fusion-font=\"true\"><br \/>\n<\/span><span style=\"font-size: 18px\" data-fusion-font=\"true\"> Batiment D de l\u2019immeuble Paofai- 1er \u00e9tage<\/span><\/p>\n<p><img decoding=\"async\" class=\"size-large wp-image-96 aligncenter\" src=\"https:\/\/www.service-public.pf\/cau\/wp-content\/uploads\/sites\/37\/2017\/08\/Baleines-RRT-1024x410.jpg\" alt=\"\" width=\"1024\" height=\"410\" srcset=\"https:\/\/www.service-public.pf\/cau\/wp-content\/uploads\/sites\/37\/2017\/08\/Baleines-RRT-200x80.jpg 200w, https:\/\/www.service-public.pf\/cau\/wp-content\/uploads\/sites\/37\/2017\/08\/Baleines-RRT-300x120.jpg 300w, https:\/\/www.service-public.pf\/cau\/wp-content\/uploads\/sites\/37\/2017\/08\/Baleines-RRT-400x160.jpg 400w, https:\/\/www.service-public.pf\/cau\/wp-content\/uploads\/sites\/37\/2017\/08\/Baleines-RRT-600x240.jpg 600w, https:\/\/www.service-public.pf\/cau\/wp-content\/uploads\/sites\/37\/2017\/08\/Baleines-RRT-768x307.jpg 768w, https:\/\/www.service-public.pf\/cau\/wp-content\/uploads\/sites\/37\/2017\/08\/Baleines-RRT-800x320.jpg 800w, https:\/\/www.service-public.pf\/cau\/wp-content\/uploads\/sites\/37\/2017\/08\/Baleines-RRT-1024x410.jpg 1024w, https:\/\/www.service-public.pf\/cau\/wp-content\/uploads\/sites\/37\/2017\/08\/Baleines-RRT-1200x480.jpg 1200w, https:\/\/www.service-public.pf\/cau\/wp-content\/uploads\/sites\/37\/2017\/08\/Baleines-RRT.jpg 1280w\" sizes=\"(max-width: 1024px) 100vw, 1024px\" \/><\/p>\n<\/div><div class=\"fusion-clearfix\"><\/div><\/div><\/div><\/div><\/div>\n","protected":false},"excerpt":{"rendered":"","protected":false},"author":53,"featured_media":0,"parent":25,"menu_order":0,"comment_status":"closed","ping_status":"closed","template":"","meta":{"_seopress_robots_primary_cat":"","_seopress_titles_title":"","_seopress_titles_desc":"","_seopress_robots_index":"","footnotes":""},"class_list":["post-56","page","type-page","status-publish","hentry"],"_links":{"self":[{"href":"https:\/\/www.service-public.pf\/cau\/wp-json\/wp\/v2\/pages\/56","targetHints":{"allow":["GET"]}}],"collection":[{"href":"https:\/\/www.service-public.pf\/cau\/wp-json\/wp\/v2\/pages"}],"about":[{"href":"https:\/\/www.service-public.pf\/cau\/wp-json\/wp\/v2\/types\/page"}],"author":[{"embeddable":true,"href":"https:\/\/www.service-public.pf\/cau\/wp-json\/wp\/v2\/users\/53"}],"replies":[{"embeddable":true,"href":"https:\/\/www.service-public.pf\/cau\/wp-json\/wp\/v2\/comments?post=56"}],"version-history":[{"count":0,"href":"https:\/\/www.service-public.pf\/cau\/wp-json\/wp\/v2\/pages\/56\/revisions"}],"up":[{"embeddable":true,"href":"https:\/\/www.service-public.pf\/cau\/wp-json\/wp\/v2\/pages\/25"}],"wp:attachment":[{"href":"https:\/\/www.service-public.pf\/cau\/wp-json\/wp\/v2\/media?parent=56"}],"curies":[{"name":"wp","href":"https:\/\/api.w.org\/{rel}","templated":true}]}}