{"id":85,"date":"2017-09-20T22:16:09","date_gmt":"2017-09-20T20:16:09","guid":{"rendered":"https:\/\/www.service-public.pf\/cau\/?page_id=85"},"modified":"2020-09-04T09:50:28","modified_gmt":"2020-09-04T19:50:28","slug":"sefi","status":"publish","type":"page","link":"https:\/\/www.service-public.pf\/cau\/emploi\/sefi\/","title":{"rendered":"SEFI"},"content":{"rendered":"<div class=\"fusion-fullwidth fullwidth-box fusion-builder-row-1 nonhundred-percent-fullwidth non-hundred-percent-height-scrolling\" style=\"--awb-border-radius-top-left:0px;--awb-border-radius-top-right:0px;--awb-border-radius-bottom-right:0px;--awb-border-radius-bottom-left:0px;--awb-padding-right:2px;--awb-padding-bottom:8px;--awb-flex-wrap:wrap;\" ><div class=\"fusion-builder-row fusion-row\"><div class=\"fusion-layout-column fusion_builder_column fusion-builder-column-0 fusion_builder_column_1_1 1_1 fusion-one-full fusion-column-first fusion-column-last\" style=\"--awb-bg-size:cover;--awb-margin-top:0px;--awb-margin-bottom:0px;\"><div class=\"fusion-column-wrapper fusion-flex-column-wrapper-legacy\"><div class=\"fusion-text fusion-text-1\"><p>Vous souhaitez solliciter l&rsquo;une des mesures d&rsquo;aide \u00e0 l&#8217;emploi propos\u00e9e par le<span style=\"color: #ff9900\"> <b>SEFI<\/b> <\/span>et conna\u00eetre toutes les informations n\u00e9cessaires, il vous suffit de cliquer sur le lien du dispositif sollicit\u00e9 ci-dessous :<\/p>\n<p><u><strong><span style=\"color: #000000\">Aide \u00e0 la cr\u00e9ation ou la reprise d&rsquo;une entreprise<\/span><\/strong><\/u><\/p>\n<ul>\n<li><b><a href=\"https:\/\/www.sefi.pf\/SefiWeb\/SefiPublic.nsf\/Mesures\/ICRA?OpenDocument\" target=\"_blank\" rel=\"noopener noreferrer\"><span style=\"color: #ff9900\">ICRA<\/span><\/a><\/b> Insertion par la Cr\u00e9ation ou la Reprise d&rsquo;Activit\u00e9<\/li>\n<\/ul>\n<p><u><strong>Stage<\/strong><\/u><\/p>\n<ul>\n<li><b><a href=\"https:\/\/www.sefi.pf\/SefiWeb\/SefiPublic.nsf\/Mesures\/CAE_la?OpenDocument\" target=\"_blank\" rel=\"noopener noreferrer\"><span style=\"color: #ff9900\">CAE<\/span><\/a><\/b> Convention d&rsquo;Acc\u00e8s \u00e0 l&rsquo;Emploi<\/li>\n<li><span style=\"color: #ff9900\"><b><a style=\"color: #ff9900\" href=\"https:\/\/www.sefi.pf\/SefiWeb\/SefiPublic.nsf\/Mesures\/CVD?OpenDocument\" target=\"_blank\" rel=\"noopener noreferrer\">CVD<\/a><\/b><\/span> Corps de Volontaires au D\u00e9veloppement<\/li>\n<li><b><a href=\"https:\/\/www.sefi.pf\/SefiWeb\/SefiPublic.nsf\/Mesures\/CDL?OpenDocument\" target=\"_blank\" rel=\"noopener noreferrer\"><span style=\"color: #ff9900\">CDL<\/span><\/a><\/b> Chantiers de D\u00e9veloppement Local<\/li>\n<li><span style=\"color: #ff9900\"><b><a style=\"color: #ff9900\" href=\"https:\/\/www.sefi.pf\/SefiWeb\/SefiPublic.nsf\/Mesures\/SITH?OpenDocument\" target=\"_blank\" rel=\"noopener noreferrer\">SITH<\/a><\/b><\/span> Stage d&rsquo;Insertion Travailleur Handicap\u00e9<\/li>\n<\/ul>\n<p>Pour conna\u00eetre toute l&rsquo;actualit\u00e9 des offres d&#8217;emploi, allez directement sur le site du <a href=\"https:\/\/www.sefi.pf\/SefiWeb\/SefiOffres.nsf\/vOffresNouvelles?OpenView\" target=\"_blank\" rel=\"noopener noreferrer\"><strong><span style=\"color: #ff9900\">SEF<\/span><span style=\"color: #ff9900\">I<\/span><\/strong><\/a>.<\/p>\n<p>Pour conna\u00eetre toute l&rsquo;actualit\u00e9 des vid\u00e9os du <span style=\"color: #ff9900\"><strong>SEFI<\/strong><\/span>, allez directement sur leur cha\u00eene <a href=\"https:\/\/www.youtube.com\/channel\/UCJ7udyWiqfrR7k1lx5DpuIg\" target=\"_blank\" rel=\"noopener noreferrer\"><strong><span style=\"color: #ff9900\">youtube<\/span><\/strong><\/a>.<\/p>\n<p><img decoding=\"async\" class=\"alignnone wp-image-1163\" src=\"https:\/\/www.service-public.pf\/cau\/wp-content\/uploads\/sites\/37\/2020\/08\/sefi.gif\" alt=\"\" width=\"201\" height=\"63\" \/><\/p>\n<\/div><div class=\"fusion-slider-sc fusion-flexslider-loading flexslider flexslider-hover-type-none\" data-slideshow_autoplay=\"1\" data-slideshow_smooth_height=\"0\" data-slideshow_speed=\"20000\" style=\"max-width:100%;height:100%;\"><ul class=\"slides\"><li class=\"image\"><span class=\"fusion-image-hover-element hover-type-none\"><img decoding=\"async\" src=\"https:\/\/www.service-public.pf\/cau\/wp-content\/uploads\/sites\/37\/2020\/09\/icra2.jpg\" width=\"2240\" height=\"1260\" class=\"wp-image-1405\" srcset=\"https:\/\/www.service-public.pf\/cau\/wp-content\/uploads\/sites\/37\/2020\/09\/icra2-200x113.jpg 200w, https:\/\/www.service-public.pf\/cau\/wp-content\/uploads\/sites\/37\/2020\/09\/icra2-400x225.jpg 400w, https:\/\/www.service-public.pf\/cau\/wp-content\/uploads\/sites\/37\/2020\/09\/icra2-600x338.jpg 600w, https:\/\/www.service-public.pf\/cau\/wp-content\/uploads\/sites\/37\/2020\/09\/icra2-800x450.jpg 800w, https:\/\/www.service-public.pf\/cau\/wp-content\/uploads\/sites\/37\/2020\/09\/icra2-1200x675.jpg 1200w, https:\/\/www.service-public.pf\/cau\/wp-content\/uploads\/sites\/37\/2020\/09\/icra2.jpg 2240w\" sizes=\"(max-width: 800px) 100vw, 2240px\" \/><\/span><\/li><li class=\"image\"><span class=\"fusion-image-hover-element hover-type-none\"><img decoding=\"async\" src=\"https:\/\/www.service-public.pf\/cau\/wp-content\/uploads\/sites\/37\/2020\/09\/ICRA-1.png\" width=\"2240\" height=\"1260\" class=\"wp-image-1420\" srcset=\"https:\/\/www.service-public.pf\/cau\/wp-content\/uploads\/sites\/37\/2020\/09\/ICRA-1-200x113.png 200w, https:\/\/www.service-public.pf\/cau\/wp-content\/uploads\/sites\/37\/2020\/09\/ICRA-1-400x225.png 400w, https:\/\/www.service-public.pf\/cau\/wp-content\/uploads\/sites\/37\/2020\/09\/ICRA-1-600x338.png 600w, https:\/\/www.service-public.pf\/cau\/wp-content\/uploads\/sites\/37\/2020\/09\/ICRA-1-800x450.png 800w, https:\/\/www.service-public.pf\/cau\/wp-content\/uploads\/sites\/37\/2020\/09\/ICRA-1-1200x675.png 1200w, https:\/\/www.service-public.pf\/cau\/wp-content\/uploads\/sites\/37\/2020\/09\/ICRA-1.png 2240w\" sizes=\"(max-width: 800px) 100vw, 2240px\" \/><\/span><\/li><\/ul><\/div><div class=\"fusion-clearfix\"><\/div><\/div><\/div><\/div><\/div>\n","protected":false},"excerpt":{"rendered":"","protected":false},"author":53,"featured_media":0,"parent":28,"menu_order":0,"comment_status":"closed","ping_status":"closed","template":"","meta":{"_seopress_robots_primary_cat":"","_seopress_titles_title":"","_seopress_titles_desc":"Vous \u00eates dip\u00f4m\u00e9(e) ou pas et vous recherchez un emploi ? Quelles d\u00e9marches entrprendre pour b\u00e9n\u00e9ficier du dispositif d'aide mis en place par le SEFI ?","_seopress_robots_index":"","footnotes":""},"class_list":["post-85","page","type-page","status-publish","hentry"],"_links":{"self":[{"href":"https:\/\/www.service-public.pf\/cau\/wp-json\/wp\/v2\/pages\/85","targetHints":{"allow":["GET"]}}],"collection":[{"href":"https:\/\/www.service-public.pf\/cau\/wp-json\/wp\/v2\/pages"}],"about":[{"href":"https:\/\/www.service-public.pf\/cau\/wp-json\/wp\/v2\/types\/page"}],"author":[{"embeddable":true,"href":"https:\/\/www.service-public.pf\/cau\/wp-json\/wp\/v2\/users\/53"}],"replies":[{"embeddable":true,"href":"https:\/\/www.service-public.pf\/cau\/wp-json\/wp\/v2\/comments?post=85"}],"version-history":[{"count":0,"href":"https:\/\/www.service-public.pf\/cau\/wp-json\/wp\/v2\/pages\/85\/revisions"}],"up":[{"embeddable":true,"href":"https:\/\/www.service-public.pf\/cau\/wp-json\/wp\/v2\/pages\/28"}],"wp:attachment":[{"href":"https:\/\/www.service-public.pf\/cau\/wp-json\/wp\/v2\/media?parent=85"}],"curies":[{"name":"wp","href":"https:\/\/api.w.org\/{rel}","templated":true}]}}