{"id":1215,"date":"2025-01-07T02:47:08","date_gmt":"2025-01-07T01:47:08","guid":{"rendered":"https:\/\/www.service-public.pf\/cse\/?page_id=1215"},"modified":"2025-02-01T00:07:08","modified_gmt":"2025-01-31T23:07:08","slug":"homologuer-une-substance-active","status":"publish","type":"page","link":"https:\/\/www.service-public.pf\/cse\/professionnel\/importation-de-pesticides\/homologuer-une-substance-active\/","title":{"rendered":"Homologuer une substance active"},"content":{"rendered":"<div class=\"fusion-fullwidth fullwidth-box fusion-builder-row-1 fusion-flex-container has-pattern-background has-mask-background nonhundred-percent-fullwidth non-hundred-percent-height-scrolling\" style=\"--awb-border-radius-top-left:0px;--awb-border-radius-top-right:0px;--awb-border-radius-bottom-right:0px;--awb-border-radius-bottom-left:0px;--awb-flex-wrap:wrap;\" ><div class=\"fusion-builder-row fusion-row fusion-flex-align-items-flex-start fusion-flex-content-wrap\" style=\"max-width:1664px;margin-left: calc(-4% \/ 2 );margin-right: calc(-4% \/ 2 );\"><div class=\"fusion-layout-column fusion_builder_column fusion-builder-column-0 fusion_builder_column_1_1 1_1 fusion-flex-column\" style=\"--awb-bg-size:cover;--awb-width-large:100%;--awb-margin-top-large:0px;--awb-spacing-right-large:1.92%;--awb-margin-bottom-large:20px;--awb-spacing-left-large:1.92%;--awb-width-medium:100%;--awb-order-medium:0;--awb-spacing-right-medium:1.92%;--awb-spacing-left-medium:1.92%;--awb-width-small:100%;--awb-order-small:0;--awb-spacing-right-small:1.92%;--awb-spacing-left-small:1.92%;\"><div class=\"fusion-column-wrapper fusion-column-has-shadow fusion-flex-justify-content-flex-start fusion-content-layout-column\"><div class=\"fusion-title title fusion-title-1 fusion-sep-none fusion-title-text fusion-title-size-one\" style=\"--awb-margin-top-small:0px;--awb-margin-right-small:0px;--awb-margin-bottom-small:20px;--awb-margin-left-small:0px;\"><h1 class=\"fusion-title-heading title-heading-left\" style=\"margin:0;\">Homologuer une substance active<\/h1><\/div><div class=\"fusion-text fusion-text-1\"><p style=\"text-align: justify\"><span style=\"font-family: arial, helvetica, sans-serif;font-size: 18pt\">Pour toute demande relative \u00e0 l\u2019ajout ou au retrait d\u2019une substance active, \u00e0 un changement de cat\u00e9gorie, ou encore \u00e0 la modification d\u2019une mention particuli\u00e8re toute personne physique ou morale doit pr\u00e9senter un dossier de demande aupr\u00e8s du service charg\u00e9 du secr\u00e9tariat de la commission des pesticides via la proc\u00e9dure <a href=\"https:\/\/www.mes-demarches.gov.pf\/commencer\/dbs-cse-homologation-pesticides\">Mes D\u00e9marches <strong>ici<\/strong><\/a>.<\/span><\/p>\n<p style=\"text-align: justify\"><span style=\"font-family: arial, helvetica, sans-serif;font-size: 18pt\">Le dossier sera \u00e9valu\u00e9 par les services comp\u00e9tents puis soumis \u00e0 l\u2019avis de la commission. Si elle est accord\u00e9e, l\u2019autorisation est d\u00e9livr\u00e9e par le Conseil des ministres puis publi\u00e9 par arr\u00eat\u00e9 pris en conseil des ministres.<\/span><\/p>\n<p style=\"text-align: center\"><span style=\"font-size: 18pt\"><u><span style=\"font-family: arial, helvetica, sans-serif\">Etape pour l\u2019instruction d\u2019une demande d\u2019homologation d\u2019une substance active\u00a0:<\/span> <\/u><\/span><\/p>\n<\/div><div class=\"fusion-image-element \" style=\"text-align:center;--awb-caption-title-font-family:var(--h2_typography-font-family);--awb-caption-title-font-weight:var(--h2_typography-font-weight);--awb-caption-title-font-style:var(--h2_typography-font-style);--awb-caption-title-size:var(--h2_typography-font-size);--awb-caption-title-transform:var(--h2_typography-text-transform);--awb-caption-title-line-height:var(--h2_typography-line-height);--awb-caption-title-letter-spacing:var(--h2_typography-letter-spacing);\"><span class=\" fusion-imageframe imageframe-none imageframe-1 hover-type-none\"><img decoding=\"async\" width=\"1431\" height=\"279\" title=\"Qdqsdqsdqs\" src=\"https:\/\/www.service-public.pf\/cse\/wp-content\/uploads\/sites\/16\/2025\/01\/qdqsdqsdqs.jpg\" alt class=\"img-responsive wp-image-1219\" srcset=\"https:\/\/www.service-public.pf\/cse\/wp-content\/uploads\/sites\/16\/2025\/01\/qdqsdqsdqs-200x39.jpg 200w, https:\/\/www.service-public.pf\/cse\/wp-content\/uploads\/sites\/16\/2025\/01\/qdqsdqsdqs-400x78.jpg 400w, https:\/\/www.service-public.pf\/cse\/wp-content\/uploads\/sites\/16\/2025\/01\/qdqsdqsdqs-600x117.jpg 600w, https:\/\/www.service-public.pf\/cse\/wp-content\/uploads\/sites\/16\/2025\/01\/qdqsdqsdqs-800x156.jpg 800w, https:\/\/www.service-public.pf\/cse\/wp-content\/uploads\/sites\/16\/2025\/01\/qdqsdqsdqs-1200x234.jpg 1200w, https:\/\/www.service-public.pf\/cse\/wp-content\/uploads\/sites\/16\/2025\/01\/qdqsdqsdqs.jpg 1431w\" sizes=\"(max-width: 1024px) 100vw, (max-width: 640px) 100vw, 1431px\" \/><\/span><\/div><div class=\"fusion-text fusion-text-2\"><blockquote>\n<p style=\"text-align: justify\"><span style=\"font-size: 18pt\"><span style=\"font-family: arial, helvetica, sans-serif\">Pour plus d\u2019informations concernant <\/span><span style=\"font-family: arial, helvetica, sans-serif\">l&rsquo;homologation d&rsquo;une substance active biocide, vous pouvez vous rapprocher du Centre de sant\u00e9 environnementale, par courriel \u00e0 import.pesticides.cse@sante.gov.pf ou par t\u00e9l\u00e9phone au 40 50 37 45.<\/span><\/span><\/p>\n<p style=\"text-align: justify\"><span style=\"font-family: arial, helvetica, sans-serif;font-size: 18pt\">S\u2019il s\u2019agit de substances actives \u00e0 usage phytosanitaire, merci de prendre contact avec la <a href=\"https:\/\/www.service-public.pf\/biosecurite\/accueil\/professionnels-2\/etablissements-agrees-biosecurite\/demande-dhomologation-de-substance-active-de-pesticide\/\">cellule \u00ab pesticides \u00bb de la Direction de la bios\u00e9curit\u00e9<\/a>.<\/span><\/p>\n<\/blockquote>\n<\/div><\/div><\/div><\/div><\/div>\n","protected":false},"excerpt":{"rendered":"","protected":false},"author":217,"featured_media":0,"parent":325,"menu_order":0,"comment_status":"closed","ping_status":"closed","template":"100-width.php","meta":{"_seopress_robots_primary_cat":"","_seopress_titles_title":"","_seopress_titles_desc":"","_seopress_robots_index":"","footnotes":""},"class_list":["post-1215","page","type-page","status-publish","hentry"],"_links":{"self":[{"href":"https:\/\/www.service-public.pf\/cse\/wp-json\/wp\/v2\/pages\/1215","targetHints":{"allow":["GET"]}}],"collection":[{"href":"https:\/\/www.service-public.pf\/cse\/wp-json\/wp\/v2\/pages"}],"about":[{"href":"https:\/\/www.service-public.pf\/cse\/wp-json\/wp\/v2\/types\/page"}],"author":[{"embeddable":true,"href":"https:\/\/www.service-public.pf\/cse\/wp-json\/wp\/v2\/users\/217"}],"replies":[{"embeddable":true,"href":"https:\/\/www.service-public.pf\/cse\/wp-json\/wp\/v2\/comments?post=1215"}],"version-history":[{"count":7,"href":"https:\/\/www.service-public.pf\/cse\/wp-json\/wp\/v2\/pages\/1215\/revisions"}],"predecessor-version":[{"id":1612,"href":"https:\/\/www.service-public.pf\/cse\/wp-json\/wp\/v2\/pages\/1215\/revisions\/1612"}],"up":[{"embeddable":true,"href":"https:\/\/www.service-public.pf\/cse\/wp-json\/wp\/v2\/pages\/325"}],"wp:attachment":[{"href":"https:\/\/www.service-public.pf\/cse\/wp-json\/wp\/v2\/media?parent=1215"}],"curies":[{"name":"wp","href":"https:\/\/api.w.org\/{rel}","templated":true}]}}