{"id":1343,"date":"2025-01-14T21:22:11","date_gmt":"2025-01-14T20:22:11","guid":{"rendered":"https:\/\/www.service-public.pf\/cse\/?page_id=1343"},"modified":"2025-06-30T22:01:29","modified_gmt":"2025-06-30T21:01:29","slug":"autorisation","status":"publish","type":"page","link":"https:\/\/www.service-public.pf\/cse\/professionnel\/activite-alimentaire\/creation-dun-projet-alimentaire\/les-denrees-animales-ou-dorigine-animale\/autorisation\/","title":{"rendered":"Autorisation"},"content":{"rendered":"<div class=\"fusion-fullwidth fullwidth-box fusion-builder-row-1 fusion-flex-container has-pattern-background has-mask-background nonhundred-percent-fullwidth non-hundred-percent-height-scrolling\" style=\"--awb-border-radius-top-left:0px;--awb-border-radius-top-right:0px;--awb-border-radius-bottom-right:0px;--awb-border-radius-bottom-left:0px;--awb-flex-wrap:wrap;\" ><div class=\"fusion-builder-row fusion-row fusion-flex-align-items-flex-start fusion-flex-content-wrap\" style=\"max-width:1664px;margin-left: calc(-4% \/ 2 );margin-right: calc(-4% \/ 2 );\"><div class=\"fusion-layout-column fusion_builder_column fusion-builder-column-0 fusion_builder_column_1_1 1_1 fusion-flex-column\" style=\"--awb-bg-size:cover;--awb-width-large:100%;--awb-margin-top-large:0px;--awb-spacing-right-large:1.92%;--awb-margin-bottom-large:20px;--awb-spacing-left-large:1.92%;--awb-width-medium:100%;--awb-order-medium:0;--awb-spacing-right-medium:1.92%;--awb-spacing-left-medium:1.92%;--awb-width-small:100%;--awb-order-small:0;--awb-spacing-right-small:1.92%;--awb-spacing-left-small:1.92%;\"><div class=\"fusion-column-wrapper fusion-column-has-shadow fusion-flex-justify-content-flex-start fusion-content-layout-column\"><div class=\"fusion-title title fusion-title-1 fusion-sep-none fusion-title-text fusion-title-size-one\" style=\"--awb-margin-top-small:0px;--awb-margin-right-small:0px;--awb-margin-bottom-small:20px;--awb-margin-left-small:0px;\"><h1 class=\"fusion-title-heading title-heading-left\" style=\"margin:0;\">Autorisation<\/h1><\/div><div class=\"fusion-text fusion-text-1\"><p style=\"text-align: justify\"><span style=\"font-family: arial, helvetica, sans-serif;font-size: 18pt\">Les \u00e9tablissements qui remettent des denr\u00e9es \u00e0 des professionnels de l\u2019alimentaire (magasins, restaurateurs, collectivit\u00e9s) doivent obtenir une autorisation d\u2019ouverture et d\u2019exploitation pr\u00e9alable du CSE. <\/span><br class=\"autobr\" \/><span style=\"font-family: arial, helvetica, sans-serif;font-size: 18pt\">Il en font la demande \u00e0 l\u2019adresse de la responsable du CSE au moyen d\u2019<a href=\"https:\/\/www.service-public.pf\/cse\/wp-content\/uploads\/sites\/16\/2024\/12\/FI12_Anx2_AUTO_LETTRE_decla_V12.pdf\">un courrier de demande<\/a>, accompagn\u00e9 du formulaire de D\u00e9claration\u00a0 et d\u2019un dossier d\u00e9taillant le fonctionnement de l\u2019\u00e9tablissement : <a href=\"https:\/\/www.service-public.pf\/cse\/wp-content\/uploads\/sites\/16\/2025\/06\/FI13_Anx3_AUTO_LISTE_decla_V14.pdf\">Pi\u00e8ces du dossier d\u2019autorisation<\/a>.<\/span><\/p>\n<p style=\"text-align: justify\"><span style=\"font-family: arial, helvetica, sans-serif;font-size: 18pt\">Sont exclus de l&rsquo;obligation d&rsquo;autorisation les \u00e9tablissements ou exploitants :<br \/>\n<\/span><\/p>\n<ul>\n<li><span style=\"font-family: arial, helvetica, sans-serif;font-size: 18pt\">fournissant des pr\u00e9parations culinaires traditionnelles telles que\u00a0:<\/span>\n<ul>\n<li><span style=\"font-family: arial, helvetica, sans-serif;font-size: 18pt\">\u00ab\u00a0Mitihue\u00a0\u00bb\u00a0: pr\u00e9paration \u00e0 base de pulpe de coco cuite \u00e0 laquelle est ajout\u00e9e du jus de petits crustac\u00e9s broy\u00e9s.<\/span><\/li>\n<li><span style=\"font-family: arial, helvetica, sans-serif;font-size: 18pt\">\u00ab\u00a0Miti f\u0101faru\u00a0\u00bb\u00a0: eau de mer dans laquelle est mac\u00e9r\u00e9e du poisson ou des crustac\u00e9s puis filtr\u00e9e.<\/span><\/li>\n<li><span style=\"font-family: arial, helvetica, sans-serif;font-size: 18pt\">\u00ab\u00a0Taioro\u00a0\u00bb ou \u00ab\u00a0taiero\u00a0\u00bb\u00a0: pr\u00e9paration \u00e0 base de coco r\u00e2p\u00e9e \u00e0 laquelle est ajout\u00e9e du jus de petits crustac\u00e9s broy\u00e9s.\u00a0<\/span><\/li>\n<\/ul>\n<\/li>\n<li><span style=\"font-family: arial, helvetica, sans-serif;font-size: 18pt\">de produits de boulangerie et viennoiserie stables \u00e0 temp\u00e9rature ambiante\u00a0;<\/span><\/li>\n<li><span style=\"font-family: arial, helvetica, sans-serif;font-size: 18pt\">de moyens de transport terrestres des denr\u00e9es alimentaires\u00a0;<\/span><\/li>\n<li><span style=\"font-family: arial, helvetica, sans-serif;font-size: 18pt\">d\u2019activit\u00e9s de n\u00e9goce et de courtage d\u00e8s lors qu\u2019il n\u2019y a aucun entreposage de denr\u00e9es alimentaires\u00a0;<\/span><\/li>\n<li><span style=\"font-family: arial, helvetica, sans-serif;font-size: 18pt\">fournissant des denr\u00e9es alimentaires animales ou d\u2019origine animale \u00e0 un seul autre \u00e9tablissement de remise directe appartenant au m\u00eame exploitant. Cette disposition ne s\u2019applique pas aux \u00e9tablissements de restauration collective.<\/span><\/li>\n<\/ul>\n<blockquote>\n<p><span style=\"font-family: arial, helvetica, sans-serif;font-size: 18pt\">Sans autorisation vous ne pouvez pas vendre \u00e0 d&rsquo;autre professionnels.<\/span><\/p>\n<p><span style=\"font-family: arial, helvetica, sans-serif;font-size: 18pt\">Les produits peuvent \u00eatre consign\u00e9s pour retour au fabricant.<\/span><\/p>\n<p><span style=\"font-family: arial, helvetica, sans-serif;font-size: 18pt\">Si vous \u00eates un professionnel, v\u00e9rifiez que vos fournisseurs sont autoris\u00e9s. <\/span><\/p>\n<p><span style=\"font-family: arial, helvetica, sans-serif;font-size: 18pt\">Si vos activit\u00e9s changent, une modification de l&rsquo;autorisation est \u00e0 effectuer avec un dossier \u00e0 d\u00e9poser au CSE.<\/span><\/p>\n<\/blockquote>\n<\/div><\/div><\/div><\/div><\/div>\n","protected":false},"excerpt":{"rendered":"","protected":false},"author":217,"featured_media":0,"parent":329,"menu_order":0,"comment_status":"closed","ping_status":"closed","template":"100-width.php","meta":{"_seopress_robots_primary_cat":"","_seopress_titles_title":"","_seopress_titles_desc":"","_seopress_robots_index":"","footnotes":""},"class_list":["post-1343","page","type-page","status-publish","hentry"],"_links":{"self":[{"href":"https:\/\/www.service-public.pf\/cse\/wp-json\/wp\/v2\/pages\/1343","targetHints":{"allow":["GET"]}}],"collection":[{"href":"https:\/\/www.service-public.pf\/cse\/wp-json\/wp\/v2\/pages"}],"about":[{"href":"https:\/\/www.service-public.pf\/cse\/wp-json\/wp\/v2\/types\/page"}],"author":[{"embeddable":true,"href":"https:\/\/www.service-public.pf\/cse\/wp-json\/wp\/v2\/users\/217"}],"replies":[{"embeddable":true,"href":"https:\/\/www.service-public.pf\/cse\/wp-json\/wp\/v2\/comments?post=1343"}],"version-history":[{"count":7,"href":"https:\/\/www.service-public.pf\/cse\/wp-json\/wp\/v2\/pages\/1343\/revisions"}],"predecessor-version":[{"id":1856,"href":"https:\/\/www.service-public.pf\/cse\/wp-json\/wp\/v2\/pages\/1343\/revisions\/1856"}],"up":[{"embeddable":true,"href":"https:\/\/www.service-public.pf\/cse\/wp-json\/wp\/v2\/pages\/329"}],"wp:attachment":[{"href":"https:\/\/www.service-public.pf\/cse\/wp-json\/wp\/v2\/media?parent=1343"}],"curies":[{"name":"wp","href":"https:\/\/api.w.org\/{rel}","templated":true}]}}