{"id":1458,"date":"2025-01-21T21:09:41","date_gmt":"2025-01-21T20:09:41","guid":{"rendered":"https:\/\/www.service-public.pf\/cse\/?page_id=1458"},"modified":"2025-03-10T21:08:13","modified_gmt":"2025-03-10T20:08:13","slug":"bonnes-pratiques-de-cuisine","status":"publish","type":"page","link":"https:\/\/www.service-public.pf\/cse\/particulier\/bonnes-pratiques-de-cuisine\/","title":{"rendered":"Bonnes pratiques de cuisine"},"content":{"rendered":"<p><div class=\"fusion-fullwidth fullwidth-box fusion-builder-row-1 fusion-flex-container has-pattern-background has-mask-background nonhundred-percent-fullwidth non-hundred-percent-height-scrolling\" style=\"--awb-border-radius-top-left:0px;--awb-border-radius-top-right:0px;--awb-border-radius-bottom-right:0px;--awb-border-radius-bottom-left:0px;--awb-flex-wrap:wrap;\" ><div class=\"fusion-builder-row fusion-row fusion-flex-align-items-flex-start fusion-flex-content-wrap\" style=\"max-width:1664px;margin-left: calc(-4% \/ 2 );margin-right: calc(-4% \/ 2 );\"><div class=\"fusion-layout-column fusion_builder_column fusion-builder-column-0 fusion_builder_column_1_1 1_1 fusion-flex-column\" style=\"--awb-bg-size:cover;--awb-width-large:100%;--awb-margin-top-large:0px;--awb-spacing-right-large:1.92%;--awb-margin-bottom-large:20px;--awb-spacing-left-large:1.92%;--awb-width-medium:100%;--awb-order-medium:0;--awb-spacing-right-medium:1.92%;--awb-spacing-left-medium:1.92%;--awb-width-small:100%;--awb-order-small:0;--awb-spacing-right-small:1.92%;--awb-spacing-left-small:1.92%;\"><div class=\"fusion-column-wrapper fusion-column-has-shadow fusion-flex-justify-content-flex-start fusion-content-layout-column\"><div class=\"fusion-title title fusion-title-1 fusion-sep-none fusion-title-text fusion-title-size-one\" style=\"--awb-margin-top-small:0px;--awb-margin-right-small:0px;--awb-margin-bottom-small:20px;--awb-margin-left-small:0px;\"><h1 class=\"fusion-title-heading title-heading-left\" style=\"margin:0;\">Bonnes pratiques de cuisine<\/h1><\/div><\/div><\/div><\/div><\/div><div class=\"fusion-fullwidth fullwidth-box fusion-builder-row-2 fusion-flex-container has-pattern-background has-mask-background nonhundred-percent-fullwidth non-hundred-percent-height-scrolling\" style=\"--awb-border-radius-top-left:0px;--awb-border-radius-top-right:0px;--awb-border-radius-bottom-right:0px;--awb-border-radius-bottom-left:0px;--awb-flex-wrap:wrap;\" ><div class=\"fusion-builder-row fusion-row fusion-flex-align-items-flex-start fusion-flex-content-wrap\" style=\"max-width:1664px;margin-left: calc(-4% \/ 2 );margin-right: calc(-4% \/ 2 );\"><div class=\"fusion-layout-column fusion_builder_column fusion-builder-column-1 fusion_builder_column_1_1 1_1 fusion-flex-column\" style=\"--awb-bg-size:cover;--awb-width-large:100%;--awb-margin-top-large:0px;--awb-spacing-right-large:1.92%;--awb-margin-bottom-large:20px;--awb-spacing-left-large:1.92%;--awb-width-medium:100%;--awb-order-medium:0;--awb-spacing-right-medium:1.92%;--awb-spacing-left-medium:1.92%;--awb-width-small:100%;--awb-order-small:0;--awb-spacing-right-small:1.92%;--awb-spacing-left-small:1.92%;\"><div class=\"fusion-column-wrapper fusion-column-has-shadow fusion-flex-justify-content-flex-start fusion-content-layout-column\"><div class=\"fusion-text fusion-text-1\"><p><span style=\"font-family: arial, helvetica, sans-serif;font-size: 18pt\">La cuisine et les pr\u00e9parations alimentaires comportent des risques. De mauvaises pratiques d\u2019hygi\u00e8ne peuvent causer des <a href=\"https:\/\/www.service-public.pf\/cse\/t-i-a-c\/\">intoxications alimentaires\u00a0<\/a> pour vous et vos proches. Pour \u00e9viter ces d\u00e9sagr\u00e9ments, comme des vomissements ou des diarrh\u00e9es, suivez ces conseils pratiques :<\/span><\/p>\n<\/div><div class=\"fusion-title title fusion-title-2 sep-underline sep-solid fusion-title-text fusion-title-size-two\" style=\"--awb-margin-top-small:0px;--awb-margin-right-small:0px;--awb-margin-bottom-small:20px;--awb-margin-left-small:0px;\"><h2 class=\"fusion-title-heading title-heading-left\" style=\"font-family:Arial, Helvetica, sans-serif;font-style:normal;font-weight:400;margin:0;\">Allerg\u00e8nes<\/h2><\/div><div class=\"fusion-text fusion-text-2\"><p><span style=\"font-family: arial, helvetica, sans-serif;font-size: 18pt\">M\u00eame avec une bonne hygi\u00e8ne, certains aliments peuvent provoquer des troubles sur la sant\u00e9, notamment avec la pr\u00e9sence d\u2019allerg\u00e8nes. Ces allerg\u00e8nes peuvent entra\u00eener des r\u00e9actions allergiques, allant de l\u2019\u00e9ruption cutan\u00e9e au choc anaphylactique. Une liste d\u2019allerg\u00e8nes reconnus est accessible au public. Sachez \u00e9galement que les aliments emball\u00e9s doivent \u00eatre \u00e9tiquet\u00e9s pour indiquer la pr\u00e9sence de ces allerg\u00e8nes.<\/span><\/p>\n<\/div><div class=\"fusion-title title fusion-title-3 sep-underline sep-solid fusion-title-text fusion-title-size-two\" style=\"--awb-margin-top-small:0px;--awb-margin-right-small:0px;--awb-margin-bottom-small:20px;--awb-margin-left-small:0px;\"><h2 class=\"fusion-title-heading title-heading-left\" style=\"font-family:Arial, Helvetica, sans-serif;font-style:normal;font-weight:400;margin:0;\">Manger \u00e0 l&rsquo;ext\u00e9rieur<\/h2><\/div><div class=\"fusion-text fusion-text-3\"><p><span style=\"font-family: arial, helvetica, sans-serif;font-size: 18pt\">Si vous mangez souvent \u00e0 l&rsquo;ext\u00e9rieur dans vos restaurants ou roulottes pr\u00e9f\u00e9r\u00e9s ou que vous commandez des plats pr\u00e9par\u00e9s, j&rsquo;adopte les bons r\u00e9flexes!<br \/>\n<\/span><\/p>\n<p><span style=\"font-size: 18pt\"><img decoding=\"async\" class=\"aligncenter wp-image-1461 size-large\" src=\"https:\/\/www.service-public.pf\/cse\/wp-content\/uploads\/sites\/16\/2025\/01\/Affiche_Consommateurs_A1-725x1024.jpg\" alt=\"\" width=\"725\" height=\"1024\" srcset=\"https:\/\/www.service-public.pf\/cse\/wp-content\/uploads\/sites\/16\/2025\/01\/Affiche_Consommateurs_A1-200x282.jpg 200w, https:\/\/www.service-public.pf\/cse\/wp-content\/uploads\/sites\/16\/2025\/01\/Affiche_Consommateurs_A1-212x300.jpg 212w, https:\/\/www.service-public.pf\/cse\/wp-content\/uploads\/sites\/16\/2025\/01\/Affiche_Consommateurs_A1-400x565.jpg 400w, https:\/\/www.service-public.pf\/cse\/wp-content\/uploads\/sites\/16\/2025\/01\/Affiche_Consommateurs_A1-600x847.jpg 600w, https:\/\/www.service-public.pf\/cse\/wp-content\/uploads\/sites\/16\/2025\/01\/Affiche_Consommateurs_A1-725x1024.jpg 725w, https:\/\/www.service-public.pf\/cse\/wp-content\/uploads\/sites\/16\/2025\/01\/Affiche_Consommateurs_A1-768x1084.jpg 768w, https:\/\/www.service-public.pf\/cse\/wp-content\/uploads\/sites\/16\/2025\/01\/Affiche_Consommateurs_A1-800x1129.jpg 800w, https:\/\/www.service-public.pf\/cse\/wp-content\/uploads\/sites\/16\/2025\/01\/Affiche_Consommateurs_A1-1088x1536.jpg 1088w, https:\/\/www.service-public.pf\/cse\/wp-content\/uploads\/sites\/16\/2025\/01\/Affiche_Consommateurs_A1-1200x1694.jpg 1200w, https:\/\/www.service-public.pf\/cse\/wp-content\/uploads\/sites\/16\/2025\/01\/Affiche_Consommateurs_A1-1451x2048.jpg 1451w, https:\/\/www.service-public.pf\/cse\/wp-content\/uploads\/sites\/16\/2025\/01\/Affiche_Consommateurs_A1-scaled.jpg 1813w\" sizes=\"(max-width: 725px) 100vw, 725px\" \/><\/span><\/p>\n<p><span style=\"font-family: arial, helvetica, sans-serif;font-size: 18pt\">Ces \u00e9tablissements sont soumis \u00e0 des inspections r\u00e9guli\u00e8res, mais cela ne garantit pas une absence totale de risque. Si toutefois, vous tombez malade apr\u00e8s avoir consomm\u00e9 un plat de l&rsquo;un de ces \u00e9tablissements, il sera plus facile d\u2019enqu\u00eater et d\u2019identifier la cause de l&rsquo;intoxication. Vous pouvez d\u2019ailleurs nous contacter \u00e0 l\u2019aide du<a href=\"https:\/\/www.service-public.pf\/cse\/wp-content\/uploads\/sites\/16\/2024\/12\/FI7_Enregistrement_Plainte_Signalement.pdf\" target=\"_blank\" rel=\"noopener\"> formulaire de signalement<\/a> en cas de suspicion.<\/span><\/p>\n<\/div><div class=\"fusion-title title fusion-title-4 sep-underline sep-solid fusion-title-text fusion-title-size-two\" style=\"--awb-margin-top-small:0px;--awb-margin-right-small:0px;--awb-margin-bottom-small:20px;--awb-margin-left-small:0px;\"><h2 class=\"fusion-title-heading title-heading-left\" style=\"font-family:Arial, Helvetica, sans-serif;font-style:normal;font-weight:400;margin:0;\">Plats pr\u00e9par\u00e9s en Grande Surface<\/h2><\/div><div class=\"fusion-text fusion-text-4\"><p><span style=\"font-family: arial, helvetica, sans-serif;font-size: 18pt\">Les plats \u00e0 base de produits d&rsquo;origine animale doivent \u00eatre fournis par des \u00e9tablissements autoris\u00e9s qui doivent afficher leur num\u00e9ro sanitaire sur l\u2019\u00e9tiquette du produit. Voici la <a href=\"https:\/\/www.service-public.pf\/cse\/wp-content\/uploads\/sites\/16\/2025\/03\/2025.III_.07_liste_etab_autorises.pdf\" target=\"_blank\" rel=\"noopener\">liste des fournisseurs autoris\u00e9s<\/a>.<\/span><\/p>\n<p><span style=\"font-family: arial, helvetica, sans-serif;font-size: 18pt\">Les plats achet\u00e9s en grande surface doivent provenir de fournisseurs autoris\u00e9s. Si ce n\u2019est pas le cas ou en cas de doute, <a href=\"https:\/\/www.service-public.pf\/cse\/wp-content\/uploads\/sites\/16\/2024\/12\/FI7_Enregistrement_Plainte_Signalement.pdf\" target=\"_blank\" rel=\"noopener\">informez-nous<\/a>.<br \/>\n<\/span><\/p>\n<\/div><\/div><\/div><div class=\"fusion-layout-column fusion_builder_column fusion-builder-column-2 fusion_builder_column_1_1 1_1 fusion-flex-column\" style=\"--awb-bg-size:cover;--awb-width-large:100%;--awb-margin-top-large:0px;--awb-spacing-right-large:1.92%;--awb-margin-bottom-large:20px;--awb-spacing-left-large:1.92%;--awb-width-medium:100%;--awb-order-medium:0;--awb-spacing-right-medium:1.92%;--awb-spacing-left-medium:1.92%;--awb-width-small:100%;--awb-order-small:0;--awb-spacing-right-small:1.92%;--awb-spacing-left-small:1.92%;\"><div class=\"fusion-column-wrapper fusion-column-has-shadow fusion-flex-justify-content-flex-start fusion-content-layout-column\"><\/div><\/div><\/div><\/div><\/p>\n","protected":false},"excerpt":{"rendered":"","protected":false},"author":363,"featured_media":0,"parent":1488,"menu_order":0,"comment_status":"closed","ping_status":"closed","template":"100-width.php","meta":{"_seopress_robots_primary_cat":"","_seopress_titles_title":"","_seopress_titles_desc":"","_seopress_robots_index":"","footnotes":""},"class_list":["post-1458","page","type-page","status-publish","hentry"],"_links":{"self":[{"href":"https:\/\/www.service-public.pf\/cse\/wp-json\/wp\/v2\/pages\/1458","targetHints":{"allow":["GET"]}}],"collection":[{"href":"https:\/\/www.service-public.pf\/cse\/wp-json\/wp\/v2\/pages"}],"about":[{"href":"https:\/\/www.service-public.pf\/cse\/wp-json\/wp\/v2\/types\/page"}],"author":[{"embeddable":true,"href":"https:\/\/www.service-public.pf\/cse\/wp-json\/wp\/v2\/users\/363"}],"replies":[{"embeddable":true,"href":"https:\/\/www.service-public.pf\/cse\/wp-json\/wp\/v2\/comments?post=1458"}],"version-history":[{"count":11,"href":"https:\/\/www.service-public.pf\/cse\/wp-json\/wp\/v2\/pages\/1458\/revisions"}],"predecessor-version":[{"id":1798,"href":"https:\/\/www.service-public.pf\/cse\/wp-json\/wp\/v2\/pages\/1458\/revisions\/1798"}],"up":[{"embeddable":true,"href":"https:\/\/www.service-public.pf\/cse\/wp-json\/wp\/v2\/pages\/1488"}],"wp:attachment":[{"href":"https:\/\/www.service-public.pf\/cse\/wp-json\/wp\/v2\/media?parent=1458"}],"curies":[{"name":"wp","href":"https:\/\/api.w.org\/{rel}","templated":true}]}}