{"id":333,"date":"2024-10-08T20:48:45","date_gmt":"2024-10-08T19:48:45","guid":{"rendered":"https:\/\/www.service-public.pf\/cse\/?page_id=333"},"modified":"2026-03-10T19:51:14","modified_gmt":"2026-03-10T18:51:14","slug":"mes-demarches-administratives","status":"publish","type":"page","link":"https:\/\/www.service-public.pf\/cse\/professionnel\/activite-alimentaire\/creation-dun-projet-alimentaire\/les-denrees-animales-ou-dorigine-animale\/mes-demarches-administratives\/","title":{"rendered":"D\u00e9claration"},"content":{"rendered":"<p><div class=\"fusion-fullwidth fullwidth-box fusion-builder-row-1 fusion-flex-container has-pattern-background has-mask-background nonhundred-percent-fullwidth non-hundred-percent-height-scrolling\" style=\"--awb-border-radius-top-left:0px;--awb-border-radius-top-right:0px;--awb-border-radius-bottom-right:0px;--awb-border-radius-bottom-left:0px;--awb-flex-wrap:wrap;\" ><div class=\"fusion-builder-row fusion-row fusion-flex-align-items-flex-start fusion-flex-content-wrap\" style=\"max-width:1664px;margin-left: calc(-4% \/ 2 );margin-right: calc(-4% \/ 2 );\"><div class=\"fusion-layout-column fusion_builder_column fusion-builder-column-0 fusion_builder_column_1_1 1_1 fusion-flex-column\" style=\"--awb-bg-size:cover;--awb-width-large:100%;--awb-margin-top-large:0px;--awb-spacing-right-large:1.92%;--awb-margin-bottom-large:0px;--awb-spacing-left-large:1.92%;--awb-width-medium:100%;--awb-spacing-right-medium:1.92%;--awb-spacing-left-medium:1.92%;--awb-width-small:100%;--awb-spacing-right-small:1.92%;--awb-spacing-left-small:1.92%;\"><div class=\"fusion-column-wrapper fusion-flex-justify-content-flex-start fusion-content-layout-column\"><div class=\"fusion-title title fusion-title-1 fusion-sep-none fusion-title-text fusion-title-size-one\" style=\"--awb-margin-top-small:0px;--awb-margin-right-small:0px;--awb-margin-bottom-small:20px;--awb-margin-left-small:0px;\"><h1 class=\"fusion-title-heading title-heading-left\" style=\"font-family:Arial, Helvetica, sans-serif;font-style:normal;font-weight:400;margin:0;\">La d\u00e9claration alimentaire : \u00e9tape par \u00e9tape<\/h1><\/div><\/div><\/div><\/div><\/div><div class=\"fusion-fullwidth fullwidth-box fusion-builder-row-2 fusion-flex-container has-pattern-background has-mask-background nonhundred-percent-fullwidth non-hundred-percent-height-scrolling\" style=\"--awb-border-radius-top-left:0px;--awb-border-radius-top-right:0px;--awb-border-radius-bottom-right:0px;--awb-border-radius-bottom-left:0px;--awb-flex-wrap:wrap;\" ><div class=\"fusion-builder-row fusion-row fusion-flex-align-items-flex-start fusion-flex-content-wrap\" style=\"max-width:1664px;margin-left: calc(-4% \/ 2 );margin-right: calc(-4% \/ 2 );\"><div class=\"fusion-layout-column fusion_builder_column fusion-builder-column-1 fusion_builder_column_1_1 1_1 fusion-flex-column\" style=\"--awb-bg-color:rgba(153,153,153,0);--awb-bg-color-hover:rgba(153,153,153,0);--awb-bg-size:cover;--awb-width-large:100%;--awb-margin-top-large:0px;--awb-spacing-right-large:1.92%;--awb-margin-bottom-large:20px;--awb-spacing-left-large:1.92%;--awb-width-medium:100%;--awb-order-medium:0;--awb-spacing-right-medium:1.92%;--awb-spacing-left-medium:1.92%;--awb-width-small:100%;--awb-order-small:0;--awb-spacing-right-small:1.92%;--awb-spacing-left-small:1.92%;\" data-scroll-devices=\"small-visibility,medium-visibility,large-visibility\"><div class=\"fusion-column-wrapper fusion-column-has-shadow fusion-flex-justify-content-flex-start fusion-content-layout-column\"><div class=\"fusion-separator fusion-full-width-sep\" style=\"align-self: center;margin-left: auto;margin-right: auto;width:100%;\"><div class=\"fusion-separator-border sep-single sep-dashed\" style=\"--awb-height:20px;--awb-amount:20px;border-color:#e0dede;border-top-width:1px;\"><\/div><\/div><div class=\"accordian fusion-accordian\" style=\"--awb-border-size:1px;--awb-icon-size:20px;--awb-content-font-size:14px;--awb-icon-alignment:left;--awb-hover-color:#f9f9f9;--awb-border-color:#cccccc;--awb-background-color:#ffffff;--awb-divider-color:#e0dede;--awb-divider-hover-color:#e0dede;--awb-icon-color:rgba(0,0,0,0);--awb-title-color:#000000;--awb-content-color:#000000;--awb-icon-box-color:rgba(51,51,51,0);--awb-toggle-hover-accent-color:#a03800;--awb-toggle-active-accent-color:#000000;--awb-title-font-family:Arial, Helvetica, sans-serif;--awb-title-font-weight:400;--awb-title-font-style:normal;--awb-title-font-size:30px;--awb-content-font-family:Arial, Helvetica, sans-serif;--awb-content-font-style:normal;--awb-content-font-weight:400;\"><div class=\"panel-group fusion-toggle-icon-unboxed\" id=\"accordion-333-1\"><div class=\"fusion-panel panel-default panel-c8bab312c94b41f92 fusion-toggle-has-divider\" style=\"--awb-content-font-size:14px;--awb-content-font-family:Arial, Helvetica, sans-serif;--awb-content-font-style:normal;--awb-content-font-weight:400;--awb-title-font-family:Arial, Helvetica, sans-serif;--awb-title-font-weight:400;--awb-title-font-style:normal;--awb-title-font-size:30px;--awb-title-color:#000000;--awb-content-color:#000000;\"><div class=\"panel-heading\"><h2 class=\"panel-title toggle\" id=\"toggle_c8bab312c94b41f92\"><a aria-expanded=\"false\" aria-controls=\"c8bab312c94b41f92\" role=\"button\" data-toggle=\"collapse\" data-target=\"#c8bab312c94b41f92\" href=\"#c8bab312c94b41f92\"><span class=\"fusion-toggle-icon-wrapper\" aria-hidden=\"true\"><i class=\"fa-fusion-box active-icon fa-chevron-down fas\" aria-hidden=\"true\"><\/i><i class=\"fa-fusion-box inactive-icon fa-chevron-right fas\" aria-hidden=\"true\"><\/i><\/span><span class=\"fusion-toggle-heading\">Formulaire de d\u00e9claration<\/span><\/a><\/h2><\/div><div id=\"c8bab312c94b41f92\" class=\"panel-collapse collapse \" aria-labelledby=\"toggle_c8bab312c94b41f92\"><div class=\"panel-body toggle-content fusion-clearfix\">\n<p><span style=\"font-family: arial, helvetica, sans-serif;font-size: 18pt\">T\u00e9l\u00e9charger le formulaire de d\u00e9claration en <a href=\"https:\/\/www.service-public.pf\/cse\/wp-content\/uploads\/sites\/16\/2025\/10\/FI10_DECLARATION_ha_V16.pdf\" target=\"_blank\" rel=\"noopener\">cliquant ici<\/a><\/span><\/p>\n<div class=\"fusion-text fusion-text-1\">\n<p><span style=\"font-family: arial, helvetica, sans-serif;font-size: 18pt\">Indiquer le statut de votre d\u00e9claration<\/span><br \/>\n<span style=\"font-family: arial, helvetica, sans-serif;font-size: 18pt\"><em>\u00ab\u00a0S\u2019agit-il d\u2019une premi\u00e8re d\u00e9claration ou d\u2019une actualisation ?\u00a0\u00bb<\/em><\/span><br \/>\n<span style=\"font-family: arial, helvetica, sans-serif;font-size: 18pt\">Identifier votre \u00e9tablissement ainsi que le responsable<\/span><br \/>\n<span style=\"font-family: arial, helvetica, sans-serif;font-size: 18pt\">Vos coordonn\u00e9es doivent \u00eatre imp\u00e9rativement renseigner<\/span><br \/>\n<span style=\"font-family: arial, helvetica, sans-serif;font-size: 18pt\">Pr\u00e9ciser le ou les activit\u00e9 de votre \u00e9tablissement<\/span><br \/>\n<span style=\"font-family: arial, helvetica, sans-serif;font-size: 18pt\"><em>Se reporter directement \u00e0 la ou les rubriques vous concernant<\/em><\/span><\/p>\n<p><span style=\"font-family: arial, helvetica, sans-serif;font-size: 18pt\">Exemple : Vous souhaitez d\u00e9clarer une roulotte et le laboratoire o\u00f9 vous \u00e9laborer vos denr\u00e9es interm\u00e9diaires<\/span><\/p>\n<p><span style=\"font-family: arial, helvetica, sans-serif;font-size: 18pt\">Dans ce cas, vous renseigner la rubrique 1 \u2013 Restauration commerciale et vous cocher \u00ab\u00a0laboratoire de pr\u00e9paration\u00a0\u00bb.<\/span><br \/>\n<span style=\"font-family: arial, helvetica, sans-serif;font-size: 18pt\">Vous renseigner \u00e9galement la rubrique 2 \u2013 Restauration mobile ou provisoire et vous cocher \u00ab\u00a0roulotte\u00a0\u00bb.<\/span><\/p>\n<\/div>\n<\/div><\/div><\/div><\/div><\/div><div class=\"accordian fusion-accordian\" style=\"--awb-border-size:1px;--awb-icon-size:20px;--awb-content-font-size:14px;--awb-icon-alignment:left;--awb-hover-color:#f9f9f9;--awb-border-color:#cccccc;--awb-background-color:#ffffff;--awb-divider-color:#e0dede;--awb-divider-hover-color:#e0dede;--awb-icon-color:rgba(0,0,0,0);--awb-title-color:#000000;--awb-content-color:#000000;--awb-icon-box-color:rgba(51,51,51,0);--awb-toggle-hover-accent-color:#a03800;--awb-toggle-active-accent-color:#000000;--awb-title-font-family:Arial, Helvetica, sans-serif;--awb-title-font-weight:400;--awb-title-font-style:normal;--awb-title-font-size:30px;--awb-content-font-family:Arial, Helvetica, sans-serif;--awb-content-font-style:normal;--awb-content-font-weight:400;\"><div class=\"panel-group fusion-toggle-icon-unboxed\" id=\"accordion-333-2\"><div class=\"fusion-panel panel-default panel-2d35389f8bdb6e79f fusion-toggle-has-divider\" style=\"--awb-content-font-size:14px;--awb-content-font-family:Arial, Helvetica, sans-serif;--awb-content-font-style:normal;--awb-content-font-weight:400;--awb-title-font-family:Arial, Helvetica, sans-serif;--awb-title-font-weight:400;--awb-title-font-style:normal;--awb-title-font-size:30px;--awb-title-color:#000000;--awb-content-color:#000000;\"><div class=\"panel-heading\"><h2 class=\"panel-title toggle\" id=\"toggle_2d35389f8bdb6e79f\"><a aria-expanded=\"false\" aria-controls=\"2d35389f8bdb6e79f\" role=\"button\" data-toggle=\"collapse\" data-target=\"#2d35389f8bdb6e79f\" href=\"#2d35389f8bdb6e79f\"><span class=\"fusion-toggle-icon-wrapper\" aria-hidden=\"true\"><i class=\"fa-fusion-box active-icon fa-chevron-down fas\" aria-hidden=\"true\"><\/i><i class=\"fa-fusion-box inactive-icon fa-chevron-right fas\" aria-hidden=\"true\"><\/i><\/span><span class=\"fusion-toggle-heading\">Notice d\u00e9taill\u00e9e<\/span><\/a><\/h2><\/div><div id=\"2d35389f8bdb6e79f\" class=\"panel-collapse collapse \" aria-labelledby=\"toggle_2d35389f8bdb6e79f\"><div class=\"panel-body toggle-content fusion-clearfix\">\n<p><span style=\"font-family: arial, helvetica, sans-serif;font-size: 18pt\">T\u00e9l\u00e9charger la notice d\u00e9taill\u00e9e en <a href=\"https:\/\/www.service-public.pf\/cse\/wp-content\/uploads\/sites\/16\/2024\/10\/FI11a_Anx1_DECLA__liste_piecesV14.pdf\" target=\"_blank\" rel=\"noopener\">cliquant ici<\/a><\/span><\/p>\n<p><span style=\"font-family: arial, helvetica, sans-serif;font-size: 18pt\">Ce document comporte 12 points \u00e0 compl\u00e9ter imp\u00e9rativement.<\/span><br \/>\n<span style=\"font-family: arial, helvetica, sans-serif;font-size: 18pt\">En cas de doute, n&rsquo;h\u00e9siter pas \u00e0 vous entretenir avec l&rsquo;agent de permanence.<\/span><br \/>\n<span style=\"font-family: arial, helvetica, sans-serif;font-size: 18pt\">Ce document est important et permet d&rsquo;\u00e9valuer et de valider votre activit\u00e9.<\/span><\/p>\n<\/div><\/div><\/div><\/div><\/div><div class=\"accordian fusion-accordian\" style=\"--awb-border-size:1px;--awb-icon-size:20px;--awb-content-font-size:14px;--awb-icon-alignment:left;--awb-hover-color:#f9f9f9;--awb-border-color:#cccccc;--awb-background-color:#ffffff;--awb-divider-color:#e0dede;--awb-divider-hover-color:#e0dede;--awb-icon-color:rgba(0,0,0,0);--awb-title-color:#000000;--awb-content-color:#000000;--awb-icon-box-color:rgba(51,51,51,0);--awb-toggle-hover-accent-color:#a03800;--awb-toggle-active-accent-color:#000000;--awb-title-font-family:Arial, Helvetica, sans-serif;--awb-title-font-weight:400;--awb-title-font-style:normal;--awb-title-font-size:30px;--awb-content-font-family:Arial, Helvetica, sans-serif;--awb-content-font-style:normal;--awb-content-font-weight:400;\"><div class=\"panel-group fusion-toggle-icon-unboxed\" id=\"accordion-333-3\"><div class=\"fusion-panel panel-default panel-31f4a33749bcce53a fusion-toggle-has-divider\" style=\"--awb-content-font-size:14px;--awb-content-font-family:Arial, Helvetica, sans-serif;--awb-content-font-style:normal;--awb-content-font-weight:400;--awb-title-font-family:Arial, Helvetica, sans-serif;--awb-title-font-weight:400;--awb-title-font-style:normal;--awb-title-font-size:30px;--awb-title-color:#000000;--awb-content-color:#000000;\"><div class=\"panel-heading\"><h2 class=\"panel-title toggle\" id=\"toggle_31f4a33749bcce53a\"><a aria-expanded=\"false\" aria-controls=\"31f4a33749bcce53a\" role=\"button\" data-toggle=\"collapse\" data-target=\"#31f4a33749bcce53a\" href=\"#31f4a33749bcce53a\"><span class=\"fusion-toggle-icon-wrapper\" aria-hidden=\"true\"><i class=\"fa-fusion-box active-icon fa-chevron-down fas\" aria-hidden=\"true\"><\/i><i class=\"fa-fusion-box inactive-icon fa-chevron-right fas\" aria-hidden=\"true\"><\/i><\/span><span class=\"fusion-toggle-heading\">Compl\u00e9tude du dossier <\/span><\/a><\/h2><\/div><div id=\"31f4a33749bcce53a\" class=\"panel-collapse collapse \" aria-labelledby=\"toggle_31f4a33749bcce53a\"><div class=\"panel-body toggle-content fusion-clearfix\">\n<p><span style=\"font-size: 18pt;font-family: arial, helvetica, sans-serif\">Le dossier complet comporte :<\/span><br \/>\n<span style=\"font-size: 18pt;font-family: arial, helvetica, sans-serif\">&#8211; le formulaire de d\u00e9claration dument renseign\u00e9<\/span><br \/>\n<span style=\"font-size: 18pt;font-family: arial, helvetica, sans-serif\">&#8211; la notice d\u00e9taill\u00e9e dument compl\u00e9t\u00e9e<\/span><br \/>\n<span style=\"font-size: 18pt;font-family: arial, helvetica, sans-serif\">&#8211; un plan d\u00e9taill\u00e9 de l&rsquo;\u00e9tablissement tel que demand\u00e9 dans la notice<\/span><br \/>\n<span style=\"font-size: 18pt;font-family: arial, helvetica, sans-serif\">&#8211; un justificatif de formation en s\u00e9curit\u00e9 sanitaire des aliments (ou en hygi\u00e8ne alimentaire)<\/span><\/p>\n<p><span style=\"font-size: 18pt;font-family: arial, helvetica, sans-serif\">Le dossier complet est \u00e0 d\u00e9poser \u00e0 l&rsquo;agent de permanence ou peut \u00eatre envoy\u00e9 par mail \u00e0 l&rsquo;adresse suivante cse@sante.gov.pf si vous \u00eates dans les \u00eeles sans antennes.<br \/>\n<\/span><\/p>\n<\/div><\/div><\/div><\/div><\/div><div class=\"accordian fusion-accordian\" style=\"--awb-border-size:1px;--awb-icon-size:20px;--awb-content-font-size:14px;--awb-icon-alignment:left;--awb-hover-color:#f9f9f9;--awb-border-color:#cccccc;--awb-background-color:#ffffff;--awb-divider-color:#e0dede;--awb-divider-hover-color:#e0dede;--awb-icon-color:rgba(0,0,0,0);--awb-title-color:#000000;--awb-content-color:#000000;--awb-icon-box-color:rgba(51,51,51,0);--awb-toggle-hover-accent-color:#a03800;--awb-toggle-active-accent-color:#000000;--awb-title-font-family:Arial, Helvetica, sans-serif;--awb-title-font-weight:400;--awb-title-font-style:normal;--awb-title-font-size:30px;--awb-content-font-family:Arial, Helvetica, sans-serif;--awb-content-font-style:normal;--awb-content-font-weight:400;\"><div class=\"panel-group fusion-toggle-icon-unboxed\" id=\"accordion-333-4\"><div class=\"fusion-panel panel-default panel-df20eddeeba819691 fusion-toggle-has-divider\" style=\"--awb-content-font-size:14px;--awb-content-font-family:Arial, Helvetica, sans-serif;--awb-content-font-style:normal;--awb-content-font-weight:400;--awb-title-font-family:Arial, Helvetica, sans-serif;--awb-title-font-weight:400;--awb-title-font-style:normal;--awb-title-font-size:30px;--awb-title-color:#000000;--awb-content-color:#000000;\"><div class=\"panel-heading\"><h2 class=\"panel-title toggle\" id=\"toggle_df20eddeeba819691\"><a aria-expanded=\"false\" aria-controls=\"df20eddeeba819691\" role=\"button\" data-toggle=\"collapse\" data-target=\"#df20eddeeba819691\" href=\"#df20eddeeba819691\"><span class=\"fusion-toggle-icon-wrapper\" aria-hidden=\"true\"><i class=\"fa-fusion-box active-icon fa-chevron-down fas\" aria-hidden=\"true\"><\/i><i class=\"fa-fusion-box inactive-icon fa-chevron-right fas\" aria-hidden=\"true\"><\/i><\/span><span class=\"fusion-toggle-heading\">Instruction du dossier<\/span><\/a><\/h2><\/div><div id=\"df20eddeeba819691\" class=\"panel-collapse collapse \" aria-labelledby=\"toggle_df20eddeeba819691\"><div class=\"panel-body toggle-content fusion-clearfix\">\n<p><span style=\"font-family: arial, helvetica, sans-serif;font-size: 18pt\">Le dossier est instruit par un agent, le d\u00e9alai d&rsquo;instruction peut \u00eatre de 2 mois.<\/span><\/p>\n<p><span style=\"font-family: arial, helvetica, sans-serif;font-size: 18pt\"><em>1er sc\u00e9nario :<\/em> votre dossier est complet et recevable<\/span><br \/>\n<span style=\"font-family: arial, helvetica, sans-serif;font-size: 18pt\">Le secr\u00e9tariat vous contacte pour vous informer que votre d\u00e9claration est valid\u00e9e, vous recevez un r\u00e9c\u00e9piss\u00e9 \u00e0 retirer au service ou par pli postal.<br \/>\n<\/span><\/p>\n<p><span style=\"font-family: arial, helvetica, sans-serif;font-size: 18pt\"><em>2\u00e8me sc\u00e9nario :<\/em> votre dossier est incomplet<\/span><br \/>\n<span style=\"font-family: arial, helvetica, sans-serif;font-size: 18pt\">L&rsquo;agent en charge de votre dossier vous contacte et vous r\u00e9clame des pi\u00e8ces compl\u00e9mentaires<\/span><\/p>\n<blockquote><p><span style=\"font-family: arial, helvetica, sans-serif;font-size: 18pt\"><strong>Attention!<\/strong> En absence de retour suite \u00e0 cette demande, votre dossier est rejet\u00e9 et une nouvelle demande devra \u00eatre effectu\u00e9e.<\/span><\/p><\/blockquote>\n<p><span style=\"font-family: arial, helvetica, sans-serif;font-size: 18pt\"><em>3\u00e8me sc\u00e9nario :<\/em> votre dossier est complet mais irrecevable<\/span><br \/>\n<span style=\"font-family: arial, helvetica, sans-serif;font-size: 18pt\">L&rsquo;agent en charge de votre dossier vous transmet un rejet de d\u00e9claration car votre activit\u00e9 ne r\u00e9ponds pas \u00e0 la r\u00e8glementation locale.<\/span><\/p>\n<blockquote><p><span style=\"font-family: arial, helvetica, sans-serif;font-size: 18pt\"><strong>Attention!<\/strong> il n&rsquo;y a pas de proc\u00e9dure acc\u00e9l\u00e9r\u00e9e, prenez vos dispositions si d&rsquo;autres formalit\u00e9s administratives sont parall\u00e8les.<br \/>\n<\/span><\/p><\/blockquote>\n<\/div><\/div><\/div><\/div><\/div><div class=\"accordian fusion-accordian\" style=\"--awb-border-size:1px;--awb-icon-size:20px;--awb-content-font-size:14px;--awb-icon-alignment:left;--awb-hover-color:#f9f9f9;--awb-border-color:#cccccc;--awb-background-color:#ffffff;--awb-divider-color:#e0dede;--awb-divider-hover-color:#e0dede;--awb-icon-color:rgba(0,0,0,0);--awb-title-color:#000000;--awb-content-color:#000000;--awb-icon-box-color:rgba(51,51,51,0);--awb-toggle-hover-accent-color:#a03800;--awb-toggle-active-accent-color:#000000;--awb-title-font-family:Arial, Helvetica, sans-serif;--awb-title-font-weight:400;--awb-title-font-style:normal;--awb-title-font-size:30px;--awb-content-font-family:Arial, Helvetica, sans-serif;--awb-content-font-style:normal;--awb-content-font-weight:400;\"><div class=\"panel-group fusion-toggle-icon-unboxed\" id=\"accordion-333-5\"><div class=\"fusion-panel panel-default panel-324904be0d4bf6204 fusion-toggle-has-divider\" style=\"--awb-content-font-size:14px;--awb-content-font-family:Arial, Helvetica, sans-serif;--awb-content-font-style:normal;--awb-content-font-weight:400;--awb-title-font-family:Arial, Helvetica, sans-serif;--awb-title-font-weight:400;--awb-title-font-style:normal;--awb-title-font-size:30px;--awb-title-color:#000000;--awb-content-color:#000000;\"><div class=\"panel-heading\"><h2 class=\"panel-title toggle\" id=\"toggle_324904be0d4bf6204\"><a aria-expanded=\"false\" aria-controls=\"324904be0d4bf6204\" role=\"button\" data-toggle=\"collapse\" data-target=\"#324904be0d4bf6204\" href=\"#324904be0d4bf6204\"><span class=\"fusion-toggle-icon-wrapper\" aria-hidden=\"true\"><i class=\"fa-fusion-box active-icon fa-chevron-down fas\" aria-hidden=\"true\"><\/i><i class=\"fa-fusion-box inactive-icon fa-chevron-right fas\" aria-hidden=\"true\"><\/i><\/span><span class=\"fusion-toggle-heading\">Demande d'autorisation<\/span><\/a><\/h2><\/div><div id=\"324904be0d4bf6204\" class=\"panel-collapse collapse \" aria-labelledby=\"toggle_324904be0d4bf6204\"><div class=\"panel-body toggle-content fusion-clearfix\">\n<p><span style=\"font-family: arial, helvetica, sans-serif;font-size: 18pt\">Votre activit\u00e9 n\u00e9cessite une autorisation<\/span><\/p>\n<p><span style=\"font-family: arial, helvetica, sans-serif;font-size: 18pt\">L&rsquo;agent en charge de votre dossier vous informe que votre activit\u00e9 n\u00e9cessite une autorisation<\/span><\/p>\n<p><span style=\"font-family: arial, helvetica, sans-serif;font-size: 18pt\">L&rsquo;\u00e9tape de d\u00e9claration est un pr\u00e9requis.<\/span><br \/>\n<span style=\"font-family: arial, helvetica, sans-serif;font-size: 18pt\">L&rsquo;agent en charge de votre dossier vous informe \u00e9galement que votre activit\u00e9 est soumise \u00e0 autorisation.<\/span><\/p>\n<p><span style=\"font-family: arial, helvetica, sans-serif;font-size: 18pt\">Les activit\u00e9s qui n\u00e9cessite une autorisation sont les suivantes :<\/span><br \/>\n<span style=\"font-family: arial, helvetica, sans-serif;font-size: 18pt\">&#8211; vente indirecte (vers un autre professionnel de l&rsquo;alimentaire ou revendeur)<\/span><br \/>\n<span style=\"font-family: arial, helvetica, sans-serif;font-size: 18pt\">&#8211; entreposage entre -1\u00b0C et 0\u00b0C<\/span><\/p>\n<p><span style=\"font-family: arial, helvetica, sans-serif;font-size: 18pt\">Pour plus d&rsquo;information sur la demande d&rsquo;autorisation, veuillez vous rediriger sur la page <a href=\"https:\/\/www.service-public.pf\/cse\/activite-alimentaire\/creation-dun-projet-alimentaire\/les-denrees-animales-ou-dorigine-animale\/autorisation\/\">\u00ab\u00a0Demande d&rsquo;Autorisation Pour Un \u00c9tablissement Alimentaire\u00a0\u00bb<\/a><\/span><\/p>\n<\/div><\/div><\/div><\/div><\/div><\/div><\/div><\/div><\/div><\/p>\n","protected":false},"excerpt":{"rendered":"","protected":false},"author":217,"featured_media":0,"parent":329,"menu_order":0,"comment_status":"closed","ping_status":"closed","template":"","meta":{"_seopress_robots_primary_cat":"","_seopress_titles_title":"","_seopress_titles_desc":"","_seopress_robots_index":"","footnotes":""},"class_list":["post-333","page","type-page","status-publish","hentry"],"_links":{"self":[{"href":"https:\/\/www.service-public.pf\/cse\/wp-json\/wp\/v2\/pages\/333","targetHints":{"allow":["GET"]}}],"collection":[{"href":"https:\/\/www.service-public.pf\/cse\/wp-json\/wp\/v2\/pages"}],"about":[{"href":"https:\/\/www.service-public.pf\/cse\/wp-json\/wp\/v2\/types\/page"}],"author":[{"embeddable":true,"href":"https:\/\/www.service-public.pf\/cse\/wp-json\/wp\/v2\/users\/217"}],"replies":[{"embeddable":true,"href":"https:\/\/www.service-public.pf\/cse\/wp-json\/wp\/v2\/comments?post=333"}],"version-history":[{"count":16,"href":"https:\/\/www.service-public.pf\/cse\/wp-json\/wp\/v2\/pages\/333\/revisions"}],"predecessor-version":[{"id":2269,"href":"https:\/\/www.service-public.pf\/cse\/wp-json\/wp\/v2\/pages\/333\/revisions\/2269"}],"up":[{"embeddable":true,"href":"https:\/\/www.service-public.pf\/cse\/wp-json\/wp\/v2\/pages\/329"}],"wp:attachment":[{"href":"https:\/\/www.service-public.pf\/cse\/wp-json\/wp\/v2\/media?parent=333"}],"curies":[{"name":"wp","href":"https:\/\/api.w.org\/{rel}","templated":true}]}}