{"id":352,"date":"2024-10-08T21:22:20","date_gmt":"2024-10-08T20:22:20","guid":{"rendered":"https:\/\/www.service-public.pf\/cse\/?page_id=352"},"modified":"2025-02-12T20:54:11","modified_gmt":"2025-02-12T19:54:11","slug":"les-eaux-de-consommation","status":"publish","type":"page","link":"https:\/\/www.service-public.pf\/cse\/les-eaux-de-consommation\/","title":{"rendered":"R\u00e9seaux et fontaines publiques"},"content":{"rendered":"<div class=\"fusion-fullwidth fullwidth-box fusion-builder-row-1 fusion-flex-container has-pattern-background has-mask-background nonhundred-percent-fullwidth non-hundred-percent-height-scrolling\" style=\"--awb-border-radius-top-left:0px;--awb-border-radius-top-right:0px;--awb-border-radius-bottom-right:0px;--awb-border-radius-bottom-left:0px;--awb-flex-wrap:wrap;\" ><div class=\"fusion-builder-row fusion-row fusion-flex-align-items-flex-start fusion-flex-content-wrap\" style=\"max-width:1664px;margin-left: calc(-4% \/ 2 );margin-right: calc(-4% \/ 2 );\"><div class=\"fusion-layout-column fusion_builder_column fusion-builder-column-0 fusion_builder_column_1_1 1_1 fusion-flex-column\" style=\"--awb-bg-size:cover;--awb-width-large:100%;--awb-margin-top-large:0px;--awb-spacing-right-large:1.92%;--awb-margin-bottom-large:20px;--awb-spacing-left-large:1.92%;--awb-width-medium:100%;--awb-order-medium:0;--awb-spacing-right-medium:1.92%;--awb-spacing-left-medium:1.92%;--awb-width-small:100%;--awb-order-small:0;--awb-spacing-right-small:1.92%;--awb-spacing-left-small:1.92%;\"><div class=\"fusion-column-wrapper fusion-column-has-shadow fusion-flex-justify-content-flex-start fusion-content-layout-column\"><div class=\"fusion-title title fusion-title-1 fusion-sep-none fusion-title-text fusion-title-size-one\" style=\"--awb-margin-top-small:0px;--awb-margin-right-small:0px;--awb-margin-bottom-small:20px;--awb-margin-left-small:0px;\"><h1 class=\"fusion-title-heading title-heading-left\" style=\"margin:0;\">R\u00e9seaux et fontaines publiques<\/h1><\/div><div class=\"fusion-text fusion-text-1\" style=\"--awb-font-size:18px;--awb-text-font-family:Arial, Helvetica, sans-serif;--awb-text-font-style:normal;--awb-text-font-weight:400;\"><p><span style=\"font-size: 24pt;font-family: arial, helvetica, sans-serif\">Qu&rsquo;est ce qu&rsquo;une eau de consommation ?<\/span><\/p>\n<blockquote>\n<p style=\"text-align: justify\"><span style=\"font-size: 18pt;font-family: arial, helvetica, sans-serif\">On entend par \u00ab\u00a0eaux de consommation\u00a0\u00bb les eaux qui sont destin\u00e9es \u00e0 la boisson, \u00e0 la pr\u00e9paration et \u00e0 la cuisson des aliments, mais \u00e9galement \u00e0 l\u2019hygi\u00e8ne corporelle, \u00e0 l\u2019hygi\u00e8ne g\u00e9n\u00e9rale et \u00e0 la propret\u00e9, ainsi qu\u2019\u00e0 d\u2019autres usages domestiques. Elle doit r\u00e9pondre \u00e0 des normes de qualit\u00e9 et ne pas porter atteinte \u00e0 la sant\u00e9 des consommateurs.<\/span><\/p>\n<\/blockquote>\n<\/div><div class=\"accordian fusion-accordian\" style=\"margin-top:10px;--awb-margin-top:10px;--awb-border-size:1px;--awb-icon-size:20px;--awb-content-font-size:13px;--awb-icon-alignment:left;--awb-hover-color:#f9f9f9;--awb-border-color:#cccccc;--awb-background-color:#ffffff;--awb-divider-color:#686767;--awb-divider-hover-color:#e0dede;--awb-icon-color:rgba(237,237,237,0);--awb-title-color:#333333;--awb-content-color:#000000;--awb-icon-box-color:rgba(51,51,51,0);--awb-toggle-hover-accent-color:#000000;--awb-toggle-active-accent-color:#000000;--awb-title-font-family:Arial, Helvetica, sans-serif;--awb-title-font-weight:400;--awb-title-font-style:normal;--awb-title-font-size:30px;--awb-content-font-family:Arial, Helvetica, sans-serif;--awb-content-font-style:normal;--awb-content-font-weight:400;\"><div class=\"panel-group fusion-toggle-icon-unboxed\" id=\"accordion-352-1\"><div class=\"fusion-panel panel-default panel-c2e12d4c933c3d5c3 fusion-toggle-has-divider\" style=\"--awb-title-color:#333333;--awb-content-color:#747474;\"><div class=\"panel-heading\"><h2 class=\"panel-title toggle\" id=\"toggle_c2e12d4c933c3d5c3\"><a aria-expanded=\"false\" aria-controls=\"c2e12d4c933c3d5c3\" role=\"button\" data-toggle=\"collapse\" data-parent=\"#accordion-352-1\" data-target=\"#c2e12d4c933c3d5c3\" href=\"#c2e12d4c933c3d5c3\"><span class=\"fusion-toggle-icon-wrapper\" aria-hidden=\"true\"><i class=\"fa-fusion-box active-icon fa-chevron-down fas\" aria-hidden=\"true\"><\/i><i class=\"fa-fusion-box inactive-icon fa-chevron-right fas\" aria-hidden=\"true\"><\/i><\/span><span class=\"fusion-toggle-heading\">D\u2019o\u00f9 proviennent les eaux de consommation ?<\/span><\/a><\/h2><\/div><div id=\"c2e12d4c933c3d5c3\" class=\"panel-collapse collapse \" aria-labelledby=\"toggle_c2e12d4c933c3d5c3\"><div class=\"panel-body toggle-content fusion-clearfix\">\n<p style=\"text-align: justify\"><span style=\"font-family: arial, helvetica, sans-serif;font-size: 18pt\">En Polyn\u00e9sie fran\u00e7aise, les ressources en eaux exploit\u00e9es sont souterraines (forages, galeries drainantes\u2026), de surface (sources, captages de rivi\u00e8re, eau de mer\u2026) ou atmosph\u00e9riques (eau de pluie).<\/span><\/p>\n<p style=\"text-align: justify\"><span style=\"font-family: arial, helvetica, sans-serif;font-size: 18pt\">Pour garantir la s\u00e9curit\u00e9 sanitaire de l&rsquo;eau, celle-ci peut subir un traitement. Les m\u00e9thodes couramment utilis\u00e9es incluent la chloration ou le traitement par ultra-violet (fontaines publiques de distribution notamment). Celui-ci peut \u00eatre pr\u00e9c\u00e9d\u00e9 de traitements de type filtration et\/ou d\u00e9cantation. Pour l\u2019eau de mer, un traitement par osmose inverse est n\u00e9cessaire. Apr\u00e8s captage, l\u2019eau est g\u00e9n\u00e9ralement achemin\u00e9e via un r\u00e9seau de distribution jusqu\u2019aux points de consommation.<\/span><\/p>\n<p style=\"text-align: justify\"><span style=\"font-family: arial, helvetica, sans-serif;font-size: 18pt\">Pour les \u00eeles basses, la mise en place d\u2019un r\u00e9seau de distribution est complexe d\u2019autant que les ressources en eau douce sont limit\u00e9es. La r\u00e9cup\u00e9ration d&rsquo;eau de pluie est courante \u00e0 l\u2019\u00e9chelle de chaque habitation. Cette eau non trait\u00e9e, n\u2019est pas potable.<\/span><\/p>\n<p style=\"text-align: justify\"><span style=\"font-family: arial, helvetica, sans-serif;font-size: 18pt\">\u00a0<\/span><\/p>\n<\/div><\/div><\/div><div class=\"fusion-panel panel-default panel-a7d62b8f1f37ce9ff fusion-toggle-has-divider\" style=\"--awb-title-color:#333333;--awb-content-color:#747474;\"><div class=\"panel-heading\"><h2 class=\"panel-title toggle\" id=\"toggle_a7d62b8f1f37ce9ff\"><a aria-expanded=\"false\" aria-controls=\"a7d62b8f1f37ce9ff\" role=\"button\" data-toggle=\"collapse\" data-parent=\"#accordion-352-1\" data-target=\"#a7d62b8f1f37ce9ff\" href=\"#a7d62b8f1f37ce9ff\"><span class=\"fusion-toggle-icon-wrapper\" aria-hidden=\"true\"><i class=\"fa-fusion-box active-icon fa-chevron-down fas\" aria-hidden=\"true\"><\/i><i class=\"fa-fusion-box inactive-icon fa-chevron-right fas\" aria-hidden=\"true\"><\/i><\/span><span class=\"fusion-toggle-heading\">L\u2019eau du robinet est-elle potable partout en Polyn\u00e9sie fran\u00e7aise ?<\/span><\/a><\/h2><\/div><div id=\"a7d62b8f1f37ce9ff\" class=\"panel-collapse collapse \" aria-labelledby=\"toggle_a7d62b8f1f37ce9ff\"><div class=\"panel-body toggle-content fusion-clearfix\">\n<p style=\"text-align: justify\"><span style=\"font-size: 18pt;font-family: arial, helvetica, sans-serif\">Il est important de noter que l&rsquo;acc\u00e8s \u00e0 l&rsquo;eau potable, que ce soit aux r\u00e9seaux de distribution ou aux fontaines publiques, n&rsquo;est pas uniforme dans toute la Polyn\u00e9sie fran\u00e7aise. Actuellement, certaines communes disposent d&rsquo;un approvisionnement en eau potable conforme aux normes, tandis que d&rsquo;autres zones peuvent avoir un taux de r\u00e9sultats conformes plus faible. <\/span><\/p>\n<p style=\"text-align: justify\"><span style=\"font-size: 18pt;font-family: arial, helvetica, sans-serif\">Consulter la potabilit\u00e9 de l&rsquo;eau distribu\u00e9e dans votre commune sur <a href=\"https:\/\/www.tefenua.gov.pf\/\" target=\"_blank\" rel=\"noopener\"><em><span style=\"text-decoration: underline\"><strong>le site TE FENUA<\/strong><\/span><\/em><\/a>. Cliquer sur l\u2019ic\u00f4ne \u00ab\u00a0Cartes\u00a0\u00bb situ\u00e9e en bas \u00e0 gauche puis appliquer le filtre \u00ab\u00a0Sant\u00e9\u00a0\u00bb.<br \/>\n<\/span><\/p>\n<p style=\"text-align: justify\"><span style=\"font-size: 18pt\"><a href=\"https:\/\/www.tefenua.gov.pf\/\"><img decoding=\"async\" class=\"alignnone wp-image-801 size-large\" src=\"https:\/\/www.service-public.pf\/cse\/wp-content\/uploads\/sites\/16\/2024\/11\/tefenua-1024x645.jpg\" alt=\"\" width=\"1024\" height=\"645\" srcset=\"https:\/\/www.service-public.pf\/cse\/wp-content\/uploads\/sites\/16\/2024\/11\/tefenua-200x126.jpg 200w, https:\/\/www.service-public.pf\/cse\/wp-content\/uploads\/sites\/16\/2024\/11\/tefenua-300x189.jpg 300w, https:\/\/www.service-public.pf\/cse\/wp-content\/uploads\/sites\/16\/2024\/11\/tefenua-320x202.jpg 320w, https:\/\/www.service-public.pf\/cse\/wp-content\/uploads\/sites\/16\/2024\/11\/tefenua-400x252.jpg 400w, https:\/\/www.service-public.pf\/cse\/wp-content\/uploads\/sites\/16\/2024\/11\/tefenua-600x378.jpg 600w, https:\/\/www.service-public.pf\/cse\/wp-content\/uploads\/sites\/16\/2024\/11\/tefenua-700x441.jpg 700w, https:\/\/www.service-public.pf\/cse\/wp-content\/uploads\/sites\/16\/2024\/11\/tefenua-768x483.jpg 768w, https:\/\/www.service-public.pf\/cse\/wp-content\/uploads\/sites\/16\/2024\/11\/tefenua-800x504.jpg 800w, https:\/\/www.service-public.pf\/cse\/wp-content\/uploads\/sites\/16\/2024\/11\/tefenua-1024x645.jpg 1024w, https:\/\/www.service-public.pf\/cse\/wp-content\/uploads\/sites\/16\/2024\/11\/tefenua-1200x755.jpg 1200w, https:\/\/www.service-public.pf\/cse\/wp-content\/uploads\/sites\/16\/2024\/11\/tefenua.jpg 1274w\" sizes=\"(max-width: 1024px) 100vw, 1024px\" \/><\/a><\/span><\/p>\n<p style=\"text-align: justify\"><span style=\"font-size: 18pt;font-family: arial, helvetica, sans-serif\">Si vous r\u00e9sidez dans une zone o\u00f9 l&rsquo;eau de consommation affiche un faible taux de r\u00e9sultats conformes aux normes sanitaires, il est recommand\u00e9 d&rsquo;adopter certaines bonnes pratiques pour diminuer les risques sanitaires :<\/span><\/p>\n<ul style=\"text-align: justify\">\n<li><span style=\"font-size: 18pt;font-family: arial, helvetica, sans-serif\">Faire bouillir l&rsquo;eau : Porter l&rsquo;eau \u00e0 \u00e9bullition pendant au moins une minute pour tuer les micro-organismes.<\/span><\/li>\n<li><span style=\"font-size: 18pt;font-family: arial, helvetica, sans-serif\">Utiliser des pastilles de chlore\u00a0: Les pastilles doivent \u00eatre destin\u00e9es \u00e0 cette usage et le dosage doit \u00eatre strictement respect\u00e9.<\/span><\/li>\n<li><span style=\"font-size: 18pt;font-family: arial, helvetica, sans-serif\">Privil\u00e9gier l\u2019eau conditionn\u00e9e pour les personnes sensibles (jeunes enfants, personnes \u00e2g\u00e9es, personnes immunod\u00e9prim\u00e9es, femmes enceintes\u2026).<\/span><\/li>\n<\/ul>\n<p style=\"text-align: justify\"><span style=\"font-size: 18pt;font-family: arial, helvetica, sans-serif\">Apr\u00e8s traitement, consommer rapidement l\u2019eau. Dans tous les cas, la conserver dans des r\u00e9cipients propres et ferm\u00e9s pour \u00e9viter toute recontamination.<\/span><\/p>\n<p style=\"text-align: justify\"><span style=\"font-family: arial, helvetica, sans-serif;font-size: 18pt\">\u00a0<\/span><\/p>\n<\/div><\/div><\/div><div class=\"fusion-panel panel-default panel-646bebc3f09fc36b6 fusion-toggle-has-divider\" style=\"--awb-title-color:#333333;--awb-content-color:#747474;\"><div class=\"panel-heading\"><h2 class=\"panel-title toggle\" id=\"toggle_646bebc3f09fc36b6\"><a aria-expanded=\"false\" aria-controls=\"646bebc3f09fc36b6\" role=\"button\" data-toggle=\"collapse\" data-parent=\"#accordion-352-1\" data-target=\"#646bebc3f09fc36b6\" href=\"#646bebc3f09fc36b6\"><span class=\"fusion-toggle-icon-wrapper\" aria-hidden=\"true\"><i class=\"fa-fusion-box active-icon fa-chevron-down fas\" aria-hidden=\"true\"><\/i><i class=\"fa-fusion-box inactive-icon fa-chevron-right fas\" aria-hidden=\"true\"><\/i><\/span><span class=\"fusion-toggle-heading\">Comment les eaux de consommation sont contr\u00f4l\u00e9es ?<\/span><\/a><\/h2><\/div><div id=\"646bebc3f09fc36b6\" class=\"panel-collapse collapse \" aria-labelledby=\"toggle_646bebc3f09fc36b6\"><div class=\"panel-body toggle-content fusion-clearfix\">\n<p><span style=\"font-size: 18pt;font-family: arial, helvetica, sans-serif\">En Polyn\u00e9sie fran\u00e7aise, plusieurs textes r\u00e9glementaires encadrent les eaux de consommation. Les exploitants sont responsables de v\u00e9rifier la qualit\u00e9 de l&rsquo;eau distribu\u00e9e via leurs installations de distribution selon un programme de contr\u00f4le annuel. En plus de ces autocontr\u00f4les, le Centre de sant\u00e9 environnementale (CSE) effectue des v\u00e9rifications suppl\u00e9mentaires par des laboratoires agr\u00e9\u00e9s pour le contr\u00f4le de denr\u00e9es alimentaires.<\/span><\/p>\n<p><span style=\"font-size: 18pt;font-family: arial, helvetica, sans-serif\">Le CSE synth\u00e9tise et publie annuellement les r\u00e9sultats des contr\u00f4les sous forme de <a href=\"https:\/\/www.service-public.pf\/cse\/711-2\/\" target=\"_blank\" rel=\"noopener\"><strong><u>rapports et cartes<\/u><\/strong>.<\/a> Ces documents sont rendus accessibles au grand public, permettant \u00e0 chacun de s&rsquo;informer sur la qualit\u00e9 de l&rsquo;eau de sa commune.<\/span><\/p>\n<p><span style=\"font-family: arial, helvetica, sans-serif;font-size: 18pt\">\u00a0<\/span><\/p>\n<\/div><\/div><\/div><div class=\"fusion-panel panel-default panel-a5220d8632766e735 fusion-toggle-has-divider\" style=\"--awb-title-color:#333333;--awb-content-color:#747474;\"><div class=\"panel-heading\"><h2 class=\"panel-title toggle\" id=\"toggle_a5220d8632766e735\"><a aria-expanded=\"false\" aria-controls=\"a5220d8632766e735\" role=\"button\" data-toggle=\"collapse\" data-parent=\"#accordion-352-1\" data-target=\"#a5220d8632766e735\" href=\"#a5220d8632766e735\"><span class=\"fusion-toggle-icon-wrapper\" aria-hidden=\"true\"><i class=\"fa-fusion-box active-icon fa-chevron-down fas\" aria-hidden=\"true\"><\/i><i class=\"fa-fusion-box inactive-icon fa-chevron-right fas\" aria-hidden=\"true\"><\/i><\/span><span class=\"fusion-toggle-heading\">Quelles sont les r\u00e9f\u00e9rences r\u00e9glementaires ?<\/span><\/a><\/h2><\/div><div id=\"a5220d8632766e735\" class=\"panel-collapse collapse \" aria-labelledby=\"toggle_a5220d8632766e735\"><div class=\"panel-body toggle-content fusion-clearfix\">\n<ul>\n<li><span style=\"font-family: arial, helvetica, sans-serif;font-size: 18pt\"><a href=\"https:\/\/lexpol.cloud.pf\/LexpolAfficheTexte.php?texte=117124&amp;idr=210&amp;np=1\" target=\"_blank\" rel=\"noopener\">Arr\u00eat\u00e9 1639\/CM du 17 novembre 1999 fixant les normes de potabilit\u00e9 des eaux destin\u00e9es \u00e0 la consommation humaine distribu\u00e9es par les r\u00e9seaux, fontaines et citernes \u00e0 usage collectif<\/a><\/span><\/li>\n<li><span style=\"font-family: arial, helvetica, sans-serif;font-size: 18pt\"><a href=\"https:\/\/lexpol.cloud.pf\/LexpolAfficheTexte.php?texte=117186\" target=\"_blank\" rel=\"noopener\">Arr\u00eat\u00e9 1640\/CM du 17 novembre 1999 fixant le programme de contr\u00f4le de la qualit\u00e9 des eaux destin\u00e9es \u00e0 la consommation humaine distribu\u00e9es par des installations d&rsquo;adduction d&rsquo;eau, depuis la ressource jusqu&rsquo;au point de distribution, exploit\u00e9es pour un usage collectif, qu&rsquo;elles soient publiques ou priv\u00e9es<\/a><\/span><\/li>\n<li><span style=\"font-family: arial, helvetica, sans-serif;font-size: 18pt\"><a href=\"https:\/\/lexpol.cloud.pf\/LexpolAfficheTexte.php?texte=181848\" target=\"_blank\" rel=\"noopener\">D\u00e9lib\u00e9ration 99-178 du 14 octobre 1999 portant r\u00e9glementation de l&rsquo;hygi\u00e8ne des eaux destin\u00e9es \u00e0 la consommation humaine distribu\u00e9es par des installations d&rsquo;adduction d&rsquo;eau, depuis la ressource jusqu&rsquo;au point de distribution, exploit\u00e9es pour un usage collectif, qu&rsquo;elles soient publiques ou priv\u00e9es<\/a><\/span><\/li>\n<\/ul>\n<p style=\"text-align: justify\"><span style=\"font-family: arial, helvetica, sans-serif;font-size: 18pt\">\u00a0<\/span><\/p>\n<\/div><\/div><\/div><\/div><\/div><\/div><\/div><\/div><\/div>\n","protected":false},"excerpt":{"rendered":"","protected":false},"author":217,"featured_media":0,"parent":0,"menu_order":0,"comment_status":"closed","ping_status":"closed","template":"100-width.php","meta":{"_seopress_robots_primary_cat":"","_seopress_titles_title":"","_seopress_titles_desc":"","_seopress_robots_index":"","footnotes":""},"class_list":["post-352","page","type-page","status-publish","hentry"],"_links":{"self":[{"href":"https:\/\/www.service-public.pf\/cse\/wp-json\/wp\/v2\/pages\/352","targetHints":{"allow":["GET"]}}],"collection":[{"href":"https:\/\/www.service-public.pf\/cse\/wp-json\/wp\/v2\/pages"}],"about":[{"href":"https:\/\/www.service-public.pf\/cse\/wp-json\/wp\/v2\/types\/page"}],"author":[{"embeddable":true,"href":"https:\/\/www.service-public.pf\/cse\/wp-json\/wp\/v2\/users\/217"}],"replies":[{"embeddable":true,"href":"https:\/\/www.service-public.pf\/cse\/wp-json\/wp\/v2\/comments?post=352"}],"version-history":[{"count":22,"href":"https:\/\/www.service-public.pf\/cse\/wp-json\/wp\/v2\/pages\/352\/revisions"}],"predecessor-version":[{"id":1721,"href":"https:\/\/www.service-public.pf\/cse\/wp-json\/wp\/v2\/pages\/352\/revisions\/1721"}],"wp:attachment":[{"href":"https:\/\/www.service-public.pf\/cse\/wp-json\/wp\/v2\/media?parent=352"}],"curies":[{"name":"wp","href":"https:\/\/api.w.org\/{rel}","templated":true}]}}