{"id":356,"date":"2024-10-08T21:22:22","date_gmt":"2024-10-08T20:22:22","guid":{"rendered":"https:\/\/www.service-public.pf\/cse\/?page_id=356"},"modified":"2025-02-04T02:46:23","modified_gmt":"2025-02-04T01:46:23","slug":"le-plombs-et-le-saturnisme","status":"publish","type":"page","link":"https:\/\/www.service-public.pf\/cse\/les-maladies-environnementales\/le-plombs-et-le-saturnisme\/","title":{"rendered":"Plomb et saturnisme"},"content":{"rendered":"<div class=\"fusion-fullwidth fullwidth-box fusion-builder-row-1 fusion-flex-container has-pattern-background has-mask-background nonhundred-percent-fullwidth non-hundred-percent-height-scrolling\" style=\"--awb-border-radius-top-left:0px;--awb-border-radius-top-right:0px;--awb-border-radius-bottom-right:0px;--awb-border-radius-bottom-left:0px;--awb-flex-wrap:wrap;\" ><div class=\"fusion-builder-row fusion-row fusion-flex-align-items-flex-start fusion-flex-content-wrap\" style=\"max-width:1664px;margin-left: calc(-4% \/ 2 );margin-right: calc(-4% \/ 2 );\"><div class=\"fusion-layout-column fusion_builder_column fusion-builder-column-0 fusion_builder_column_1_1 1_1 fusion-flex-column\" style=\"--awb-bg-size:cover;--awb-width-large:100%;--awb-margin-top-large:0px;--awb-spacing-right-large:1.92%;--awb-margin-bottom-large:20px;--awb-spacing-left-large:1.92%;--awb-width-medium:100%;--awb-order-medium:0;--awb-spacing-right-medium:1.92%;--awb-spacing-left-medium:1.92%;--awb-width-small:100%;--awb-order-small:0;--awb-spacing-right-small:1.92%;--awb-spacing-left-small:1.92%;\"><div class=\"fusion-column-wrapper fusion-column-has-shadow fusion-flex-justify-content-flex-start fusion-content-layout-column\"><div class=\"fusion-title title fusion-title-1 fusion-sep-none fusion-title-text fusion-title-size-one\" style=\"--awb-margin-top-small:0px;--awb-margin-right-small:0px;--awb-margin-bottom-small:20px;--awb-margin-left-small:0px;\"><h1 class=\"fusion-title-heading title-heading-left\" style=\"font-family:Arial, Helvetica, sans-serif;font-style:normal;font-weight:400;margin:0;\">Le plomb : un danger invisible<\/h1><\/div><\/div><\/div><div class=\"fusion-layout-column fusion_builder_column fusion-builder-column-1 fusion_builder_column_3_5 3_5 fusion-flex-column\" style=\"--awb-bg-size:cover;--awb-width-large:60%;--awb-margin-top-large:0px;--awb-spacing-right-large:3.2%;--awb-margin-bottom-large:20px;--awb-spacing-left-large:3.2%;--awb-width-medium:100%;--awb-order-medium:0;--awb-spacing-right-medium:1.92%;--awb-spacing-left-medium:1.92%;--awb-width-small:100%;--awb-order-small:0;--awb-spacing-right-small:1.92%;--awb-spacing-left-small:1.92%;\"><div class=\"fusion-column-wrapper fusion-column-has-shadow fusion-flex-justify-content-flex-start fusion-content-layout-column\"><div class=\"fusion-text fusion-text-1\"><p style=\"text-align: justify\"><span style=\"font-family: arial, helvetica, sans-serif;font-size: 18pt\">L\u2019intoxication au plomb, ou saturnisme, est <strong>une maladie grave<\/strong> caus\u00e9e par <strong>une exposition prolong\u00e9e ou intense au plomb<\/strong>. Ce m\u00e9tal lourd est particuli\u00e8rement <strong>toxique chez les enfants<\/strong>. Ses effets sur la sant\u00e9 comprennent des troubles neurologiques, des retards de d\u00e9veloppement, des probl\u00e8mes d\u2019apprentissage et, dans les cas graves, des convulsions et des comas.<\/span><\/p>\n<p style=\"text-align: justify\"><span style=\"font-family: arial, helvetica, sans-serif;font-size: 18pt\">En Polyn\u00e9sie fran\u00e7aise, plusieurs sources peuvent contribuer \u00e0 la pollution au plomb. Parmi elles, on trouve les d\u00e9chets m\u00e9nagers sp\u00e9ciaux (DMS), comme les batteries de v\u00e9hicules. Ces batteries sont parfois utilis\u00e9es comme lests ou abandonn\u00e9es dans l\u2019environnement, contaminant ainsi les sols et les eaux. Cette contamination peut se propager ensuite dans la cha\u00eene trophique, affectant les produits de consommation puis les consommateurs.<\/span><\/p>\n<p style=\"text-align: justify\"><span style=\"font-family: arial, helvetica, sans-serif;font-size: 18pt\">De plus, dans certaines \u00eeles \u00e9loign\u00e9es, il est courant de recycler le plomb pour fabriquer notamment des lests pour la p\u00eache, ce qui peut contaminer l\u2019environnement domestique. Pour rem\u00e9dier \u00e0 ce probl\u00e8me, les autorit\u00e9s locales ont mis en place un r\u00e9seau de collecte des DMS, pris en charge par le Pays. Il est important que tous les habitants contribuent en rapportant leurs batteries usagers directement dans les points de collecte.<\/span><\/p>\n<blockquote>\n<p style=\"text-align: justify\"><span style=\"font-family: arial, helvetica, sans-serif;font-size: 18pt\"> Vous pouvez trouver les informations compl\u00e9mentaires au travers de<a href=\"https:\/\/www.service-public.pf\/diren\/2018\/11\/08\/le-nouveau-depliant-dedie-aux-dechets-dangereux\/\" target=\"_blank\" rel=\"noopener\"> ce guide<\/a> d\u00e9di\u00e9 \u00e0 la gestion des DMS.<\/span><\/p>\n<\/blockquote>\n<\/div><\/div><\/div><div class=\"fusion-layout-column fusion_builder_column fusion-builder-column-2 fusion_builder_column_2_5 2_5 fusion-flex-column\" style=\"--awb-bg-size:cover;--awb-width-large:40%;--awb-margin-top-large:0px;--awb-spacing-right-large:4.8%;--awb-margin-bottom-large:20px;--awb-spacing-left-large:4.8%;--awb-width-medium:100%;--awb-order-medium:0;--awb-spacing-right-medium:1.92%;--awb-spacing-left-medium:1.92%;--awb-width-small:100%;--awb-order-small:0;--awb-spacing-right-small:1.92%;--awb-spacing-left-small:1.92%;\"><div class=\"fusion-column-wrapper fusion-column-has-shadow fusion-flex-justify-content-flex-start fusion-content-layout-column\"><div class=\"fusion-image-element \" style=\"--awb-caption-title-font-family:var(--h2_typography-font-family);--awb-caption-title-font-weight:var(--h2_typography-font-weight);--awb-caption-title-font-style:var(--h2_typography-font-style);--awb-caption-title-size:var(--h2_typography-font-size);--awb-caption-title-transform:var(--h2_typography-text-transform);--awb-caption-title-line-height:var(--h2_typography-line-height);--awb-caption-title-letter-spacing:var(--h2_typography-letter-spacing);\"><span class=\" fusion-imageframe imageframe-none imageframe-1 hover-type-none\"><img decoding=\"async\" width=\"2560\" height=\"1920\" title=\"IMG 20180627 100721\" src=\"https:\/\/www.service-public.pf\/cse\/wp-content\/uploads\/sites\/16\/2025\/01\/IMG_20180627_100721.jpg\" alt class=\"img-responsive wp-image-1143\" srcset=\"https:\/\/www.service-public.pf\/cse\/wp-content\/uploads\/sites\/16\/2025\/01\/IMG_20180627_100721-200x150.jpg 200w, https:\/\/www.service-public.pf\/cse\/wp-content\/uploads\/sites\/16\/2025\/01\/IMG_20180627_100721-400x300.jpg 400w, https:\/\/www.service-public.pf\/cse\/wp-content\/uploads\/sites\/16\/2025\/01\/IMG_20180627_100721-600x450.jpg 600w, https:\/\/www.service-public.pf\/cse\/wp-content\/uploads\/sites\/16\/2025\/01\/IMG_20180627_100721-800x600.jpg 800w, https:\/\/www.service-public.pf\/cse\/wp-content\/uploads\/sites\/16\/2025\/01\/IMG_20180627_100721-1200x900.jpg 1200w, https:\/\/www.service-public.pf\/cse\/wp-content\/uploads\/sites\/16\/2025\/01\/IMG_20180627_100721.jpg 2560w\" sizes=\"(max-width: 1024px) 100vw, (max-width: 640px) 100vw, 600px\" \/><\/span><\/div><\/div><\/div><\/div><\/div>\n","protected":false},"excerpt":{"rendered":"","protected":false},"author":217,"featured_media":0,"parent":354,"menu_order":0,"comment_status":"closed","ping_status":"closed","template":"100-width.php","meta":{"_seopress_robots_primary_cat":"","_seopress_titles_title":"","_seopress_titles_desc":"","_seopress_robots_index":"","footnotes":""},"class_list":["post-356","page","type-page","status-publish","hentry"],"_links":{"self":[{"href":"https:\/\/www.service-public.pf\/cse\/wp-json\/wp\/v2\/pages\/356","targetHints":{"allow":["GET"]}}],"collection":[{"href":"https:\/\/www.service-public.pf\/cse\/wp-json\/wp\/v2\/pages"}],"about":[{"href":"https:\/\/www.service-public.pf\/cse\/wp-json\/wp\/v2\/types\/page"}],"author":[{"embeddable":true,"href":"https:\/\/www.service-public.pf\/cse\/wp-json\/wp\/v2\/users\/217"}],"replies":[{"embeddable":true,"href":"https:\/\/www.service-public.pf\/cse\/wp-json\/wp\/v2\/comments?post=356"}],"version-history":[{"count":12,"href":"https:\/\/www.service-public.pf\/cse\/wp-json\/wp\/v2\/pages\/356\/revisions"}],"predecessor-version":[{"id":1622,"href":"https:\/\/www.service-public.pf\/cse\/wp-json\/wp\/v2\/pages\/356\/revisions\/1622"}],"up":[{"embeddable":true,"href":"https:\/\/www.service-public.pf\/cse\/wp-json\/wp\/v2\/pages\/354"}],"wp:attachment":[{"href":"https:\/\/www.service-public.pf\/cse\/wp-json\/wp\/v2\/media?parent=356"}],"curies":[{"name":"wp","href":"https:\/\/api.w.org\/{rel}","templated":true}]}}