{"id":361,"date":"2024-10-08T21:22:26","date_gmt":"2024-10-08T20:22:26","guid":{"rendered":"https:\/\/www.service-public.pf\/cse\/?page_id=361"},"modified":"2025-02-04T00:53:57","modified_gmt":"2025-02-03T23:53:57","slug":"la-baignade-en-eaux-libres","status":"publish","type":"page","link":"https:\/\/www.service-public.pf\/cse\/particulier\/les-eaux-de-loisir\/la-baignade-en-eaux-libres\/","title":{"rendered":"Baignade en eaux libres"},"content":{"rendered":"<div class=\"fusion-fullwidth fullwidth-box fusion-builder-row-1 fusion-flex-container has-pattern-background has-mask-background nonhundred-percent-fullwidth non-hundred-percent-height-scrolling\" style=\"--awb-border-radius-top-left:0px;--awb-border-radius-top-right:0px;--awb-border-radius-bottom-right:0px;--awb-border-radius-bottom-left:0px;--awb-flex-wrap:wrap;\" ><div class=\"fusion-builder-row fusion-row fusion-flex-align-items-flex-start fusion-flex-content-wrap\" style=\"max-width:1664px;margin-left: calc(-4% \/ 2 );margin-right: calc(-4% \/ 2 );\"><div class=\"fusion-layout-column fusion_builder_column fusion-builder-column-0 fusion_builder_column_1_1 1_1 fusion-flex-column\" style=\"--awb-bg-size:cover;--awb-width-large:100%;--awb-margin-top-large:0px;--awb-spacing-right-large:1.92%;--awb-margin-bottom-large:20px;--awb-spacing-left-large:1.92%;--awb-width-medium:100%;--awb-order-medium:0;--awb-spacing-right-medium:1.92%;--awb-spacing-left-medium:1.92%;--awb-width-small:100%;--awb-order-small:0;--awb-spacing-right-small:1.92%;--awb-spacing-left-small:1.92%;\"><div class=\"fusion-column-wrapper fusion-column-has-shadow fusion-flex-justify-content-flex-start fusion-content-layout-column\"><div class=\"fusion-title title fusion-title-1 fusion-sep-none fusion-title-text fusion-title-size-one\" style=\"--awb-margin-top-small:0px;--awb-margin-right-small:0px;--awb-margin-bottom-small:20px;--awb-margin-left-small:0px;--awb-font-size:50px;\"><h1 class=\"fusion-title-heading title-heading-left\" style=\"margin:0;font-size:1em;\">Baignade en eaux libres<\/h1><\/div><div class=\"fusion-image-element \" style=\"--awb-caption-title-font-family:var(--h2_typography-font-family);--awb-caption-title-font-weight:var(--h2_typography-font-weight);--awb-caption-title-font-style:var(--h2_typography-font-style);--awb-caption-title-size:var(--h2_typography-font-size);--awb-caption-title-transform:var(--h2_typography-text-transform);--awb-caption-title-line-height:var(--h2_typography-line-height);--awb-caption-title-letter-spacing:var(--h2_typography-letter-spacing);\"><span class=\" fusion-imageframe imageframe-none imageframe-1 hover-type-none\"><img decoding=\"async\" width=\"1920\" height=\"384\" title=\"MOOREA(4)\" src=\"https:\/\/www.service-public.pf\/cse\/wp-content\/uploads\/sites\/16\/2025\/01\/MOOREA4.png\" alt class=\"img-responsive wp-image-1133\" srcset=\"https:\/\/www.service-public.pf\/cse\/wp-content\/uploads\/sites\/16\/2025\/01\/MOOREA4-200x40.png 200w, https:\/\/www.service-public.pf\/cse\/wp-content\/uploads\/sites\/16\/2025\/01\/MOOREA4-400x80.png 400w, https:\/\/www.service-public.pf\/cse\/wp-content\/uploads\/sites\/16\/2025\/01\/MOOREA4-600x120.png 600w, https:\/\/www.service-public.pf\/cse\/wp-content\/uploads\/sites\/16\/2025\/01\/MOOREA4-800x160.png 800w, https:\/\/www.service-public.pf\/cse\/wp-content\/uploads\/sites\/16\/2025\/01\/MOOREA4-1200x240.png 1200w, https:\/\/www.service-public.pf\/cse\/wp-content\/uploads\/sites\/16\/2025\/01\/MOOREA4.png 1920w\" sizes=\"(max-width: 1024px) 100vw, (max-width: 640px) 100vw, 1920px\" \/><\/span><\/div><div class=\"fusion-title title fusion-title-2 fusion-sep-none fusion-title-text fusion-title-size-two\" style=\"--awb-margin-top:30px;--awb-margin-top-small:0px;--awb-margin-right-small:0px;--awb-margin-bottom-small:20px;--awb-margin-left-small:0px;--awb-font-size:30px;\"><h2 class=\"fusion-title-heading title-heading-left\" style=\"font-family:Arial, Helvetica, sans-serif;font-style:normal;font-weight:400;margin:0;font-size:1em;\"><p><strong>Qualit\u00e9 des eaux de baignade : un enjeu de sant\u00e9 publique<br \/>\n<\/strong><\/p><\/h2><\/div><div class=\"fusion-text fusion-text-1\"><p style=\"text-align: justify\"><span style=\"font-family: arial, helvetica, sans-serif;font-size: 18pt\">Avec son contexte g\u00e9ographique particulier et ses conditions climatiques favorables toute l\u2019ann\u00e9e, la Polyn\u00e9sie fran\u00e7aise offre, pour le plus grand bonheur des polyn\u00e9siens et des touristes, une saison baln\u00e9aire unique avec une multitude de lieux de baignade propices aux activit\u00e9s aquatiques de d\u00e9tente et de loisir.<\/span><\/p>\n<p style=\"text-align: justify\"><span style=\"font-family: arial, helvetica, sans-serif;font-size: 18pt\">Pourtant, la qualit\u00e9 des eaux de baignade en Polyn\u00e9sie fran\u00e7aise est parfois d\u00e9grad\u00e9e pouvant \u00eatre \u00e0 l&rsquo;origine de diverses maladies telles que conjonctivites, otites, dermatites ou encore gastroent\u00e9rites chez les baigneurs.<\/span><\/p>\n<\/div><div class=\"fusion-title title fusion-title-3 fusion-sep-none fusion-title-text fusion-title-size-two\" style=\"--awb-margin-top-small:0px;--awb-margin-right-small:0px;--awb-margin-bottom-small:20px;--awb-margin-left-small:0px;--awb-font-size:30px;\"><h2 class=\"fusion-title-heading title-heading-left\" style=\"font-family:Arial, Helvetica, sans-serif;font-style:normal;font-weight:400;margin:0;font-size:1em;\"><strong>Surveillance et pr\u00e9vention<\/strong><\/h2><\/div><div class=\"fusion-text fusion-text-2\"><p style=\"text-align: justify\"><span style=\"font-family: arial, helvetica, sans-serif;font-size: 18pt\">Le contr\u00f4le sanitaire, men\u00e9 par le Centre de sant\u00e9 environnementale (CSE), couvre les zones de baignade accessibles et fr\u00e9quent\u00e9es par le public, comme les plages, les embouchures et m\u00eame les rivi\u00e8res.<\/span><\/p>\n<p style=\"text-align: justify\"><span style=\"font-family: arial, helvetica, sans-serif;font-size: 18pt\">Le CSE effectue des analyses pour d\u00e9tecter des pollutions d&rsquo;origine f\u00e9cale, utilisant des indicateurs tels que les <em>Escherichia coli<\/em> et Ent\u00e9rocoques intestinaux. Conform\u00e9ment \u00e0 la <a href=\"https:\/\/eur-lex.europa.eu\/FR\/legal-content\/summary\/bathing-water-quality.html\" target=\"_blank\" rel=\"noopener\">directive europ\u00e9enne 2006\/7\/CE<\/a>, des valeurs guides sont utilis\u00e9es pour \u00e9valuer la qualit\u00e9 des eaux. Les r\u00e9sultats des analyses classent l&rsquo;eau en cat\u00e9gories : Excellente, Bonne, Suffisante ou Insuffisante (impropre \u00e0 la baignade).<\/span><\/p>\n<p style=\"text-align: justify\"><span style=\"font-family: arial, helvetica, sans-serif;font-size: 18pt\">Les r\u00e9sultats d&rsquo;analyse mensuels sont publics et transmis aux communes pour affichage.<\/span><\/p>\n<p style=\"text-align: justify\"><span style=\"font-family: arial, helvetica, sans-serif;font-size: 18pt\">Le CSE synth\u00e9tise et publie tous les deux ans les r\u00e9sultats des eaux de baignades sous forme de <a href=\"https:\/\/www.service-public.pf\/cse\/711-2\/\">rapports et cartes<\/a>.<\/span><\/p>\n<p style=\"text-align: justify\"><span style=\"font-family: arial, helvetica, sans-serif;font-size: 18pt\">Certaines communes, comme Bora Bora, Punaauia et la communaut\u00e9 de commune TEREHEAMANU, r\u00e9alisent \u00e9galement des programmes de surveillance, notamment en vue de l&rsquo;obtention du label Pavillon Bleu, qui r\u00e9compense les communes respectueuses de l&rsquo;environnement et offrant des zones de baignade de qualit\u00e9.<\/span><\/p>\n<\/div><\/div><\/div><\/div><\/div>\n","protected":false},"excerpt":{"rendered":"","protected":false},"author":217,"featured_media":0,"parent":353,"menu_order":0,"comment_status":"closed","ping_status":"closed","template":"100-width.php","meta":{"_seopress_robots_primary_cat":"","_seopress_titles_title":"","_seopress_titles_desc":"","_seopress_robots_index":"","footnotes":""},"class_list":["post-361","page","type-page","status-publish","hentry"],"_links":{"self":[{"href":"https:\/\/www.service-public.pf\/cse\/wp-json\/wp\/v2\/pages\/361","targetHints":{"allow":["GET"]}}],"collection":[{"href":"https:\/\/www.service-public.pf\/cse\/wp-json\/wp\/v2\/pages"}],"about":[{"href":"https:\/\/www.service-public.pf\/cse\/wp-json\/wp\/v2\/types\/page"}],"author":[{"embeddable":true,"href":"https:\/\/www.service-public.pf\/cse\/wp-json\/wp\/v2\/users\/217"}],"replies":[{"embeddable":true,"href":"https:\/\/www.service-public.pf\/cse\/wp-json\/wp\/v2\/comments?post=361"}],"version-history":[{"count":18,"href":"https:\/\/www.service-public.pf\/cse\/wp-json\/wp\/v2\/pages\/361\/revisions"}],"predecessor-version":[{"id":1672,"href":"https:\/\/www.service-public.pf\/cse\/wp-json\/wp\/v2\/pages\/361\/revisions\/1672"}],"up":[{"embeddable":true,"href":"https:\/\/www.service-public.pf\/cse\/wp-json\/wp\/v2\/pages\/353"}],"wp:attachment":[{"href":"https:\/\/www.service-public.pf\/cse\/wp-json\/wp\/v2\/media?parent=361"}],"curies":[{"name":"wp","href":"https:\/\/api.w.org\/{rel}","templated":true}]}}