{"id":441,"date":"2024-10-09T01:13:48","date_gmt":"2024-10-09T00:13:48","guid":{"rendered":"https:\/\/www.service-public.pf\/cse\/?page_id=441"},"modified":"2025-02-13T02:31:06","modified_gmt":"2025-02-13T01:31:06","slug":"creation-dun-projet-alimentaire","status":"publish","type":"page","link":"https:\/\/www.service-public.pf\/cse\/professionnel\/activite-alimentaire\/creation-dun-projet-alimentaire\/","title":{"rendered":"Projets-cr\u00e9ations"},"content":{"rendered":"<div class=\"fusion-fullwidth fullwidth-box fusion-builder-row-1 fusion-flex-container has-pattern-background has-mask-background nonhundred-percent-fullwidth non-hundred-percent-height-scrolling\" style=\"--awb-border-radius-top-left:0px;--awb-border-radius-top-right:0px;--awb-border-radius-bottom-right:0px;--awb-border-radius-bottom-left:0px;--awb-flex-wrap:wrap;\" ><div class=\"fusion-builder-row fusion-row fusion-flex-align-items-flex-start fusion-flex-content-wrap\" style=\"max-width:1664px;margin-left: calc(-4% \/ 2 );margin-right: calc(-4% \/ 2 );\"><div class=\"fusion-layout-column fusion_builder_column fusion-builder-column-0 fusion_builder_column_1_1 1_1 fusion-flex-column\" style=\"--awb-bg-size:cover;--awb-width-large:100%;--awb-margin-top-large:0px;--awb-spacing-right-large:1.92%;--awb-margin-bottom-large:20px;--awb-spacing-left-large:1.92%;--awb-width-medium:100%;--awb-order-medium:0;--awb-spacing-right-medium:1.92%;--awb-spacing-left-medium:1.92%;--awb-width-small:100%;--awb-order-small:0;--awb-spacing-right-small:1.92%;--awb-spacing-left-small:1.92%;\"><div class=\"fusion-column-wrapper fusion-column-has-shadow fusion-flex-justify-content-flex-start fusion-content-layout-column\"><div class=\"fusion-title title fusion-title-1 fusion-sep-none fusion-title-text fusion-title-size-one\" style=\"--awb-margin-top-small:0px;--awb-margin-right-small:0px;--awb-margin-bottom-small:20px;--awb-margin-left-small:0px;\"><h1 class=\"fusion-title-heading title-heading-left\" style=\"font-family:Arial, Helvetica, sans-serif;font-style:normal;font-weight:700;margin:0;\">R\u00e9aliser un projet alimentaire<\/h1><\/div><\/div><\/div><div class=\"fusion-layout-column fusion_builder_column fusion-builder-column-1 fusion_builder_column_1_1 1_1 fusion-flex-column\" style=\"--awb-bg-size:cover;--awb-width-large:100%;--awb-margin-top-large:0px;--awb-spacing-right-large:1.92%;--awb-margin-bottom-large:20px;--awb-spacing-left-large:1.92%;--awb-width-medium:100%;--awb-order-medium:0;--awb-spacing-right-medium:1.92%;--awb-spacing-left-medium:1.92%;--awb-width-small:100%;--awb-order-small:0;--awb-spacing-right-small:1.92%;--awb-spacing-left-small:1.92%;\"><div class=\"fusion-column-wrapper fusion-column-has-shadow fusion-flex-justify-content-flex-start fusion-content-layout-column\"><div class=\"fusion-title title fusion-title-2 fusion-sep-none fusion-title-text fusion-title-size-two\" style=\"--awb-margin-top-small:0px;--awb-margin-right-small:0px;--awb-margin-bottom-small:20px;--awb-margin-left-small:0px;--awb-font-size:30px;\"><h2 class=\"fusion-title-heading title-heading-left\" style=\"font-family:Arial, Helvetica, sans-serif;font-style:normal;font-weight:400;margin:0;font-size:1em;\">Rappel important<\/h2><\/div><div class=\"fusion-text fusion-text-1\"><p style=\"text-align: justify\"><span style=\"font-size: 18pt;font-family: arial, helvetica, sans-serif\">Vos produits sont destin\u00e9s \u00e0 la consommation humaine et doivent \u00eatre s\u00fbrs pour tous. La manipulation des denr\u00e9es alimentaires est encadr\u00e9e par <a href=\"https:\/\/www.service-public.pf\/cse\/wp-content\/uploads\/sites\/16\/2024\/12\/FI19_Regles_hygiene_alimentaire.pdf\" target=\"_blank\" rel=\"noopener\">des r\u00e8gles d&rsquo;hygi\u00e8nes<\/a> et <a href=\"https:\/\/www.service-public.pf\/cse\/acces-a-la-reglementation\/\">des normes r\u00e8glementaires<\/a> qui sont \u00e0 respecter.<\/span><\/p>\n<\/div><\/div><\/div><div class=\"fusion-layout-column fusion_builder_column fusion-builder-column-2 fusion_builder_column_1_1 1_1 fusion-flex-column\" style=\"--awb-bg-size:cover;--awb-width-large:100%;--awb-margin-top-large:0px;--awb-spacing-right-large:1.92%;--awb-margin-bottom-large:20px;--awb-spacing-left-large:1.92%;--awb-width-medium:100%;--awb-order-medium:0;--awb-spacing-right-medium:1.92%;--awb-spacing-left-medium:1.92%;--awb-width-small:100%;--awb-order-small:0;--awb-spacing-right-small:1.92%;--awb-spacing-left-small:1.92%;\"><div class=\"fusion-column-wrapper fusion-column-has-shadow fusion-flex-justify-content-flex-start fusion-content-layout-column\"><div class=\"fusion-title title fusion-title-3 fusion-sep-none fusion-title-text fusion-title-size-two\" style=\"--awb-margin-top-small:0px;--awb-margin-right-small:0px;--awb-margin-bottom-small:20px;--awb-margin-left-small:0px;--awb-font-size:30px;\"><h2 class=\"fusion-title-heading title-heading-left\" style=\"font-family:Arial, Helvetica, sans-serif;font-style:normal;font-weight:400;margin:0;font-size:1em;\">Identifiez clairement les cat\u00e9gories de denr\u00e9es alimentaires utilis\u00e9es dans votre projet<\/h2><\/div><div class=\"fusion-text fusion-text-2\"><ul>\n<li><span style=\"font-family: arial, helvetica, sans-serif;font-size: 18pt\"><strong>Denr\u00e9es v\u00e9g\u00e9tales (DV)<\/strong> : incluent les fruits et l\u00e9gumes (par exemple, taro d\u00e9coup\u00e9 et congel\u00e9, eau de coco, p\u00e2tisseries v\u00e9ganes, mape, ou le traditionnel \u00ab\u00a0po&rsquo;e banane\u00a0\u00bb).<\/span><\/li>\n<li><span style=\"font-family: arial, helvetica, sans-serif;font-size: 18pt\"><strong>Denr\u00e9es animales ou d&rsquo;origine animale (DAOA)<\/strong> : regroupent les produits comme le \u00ab\u00a0steak frites\u00a0\u00bb, le \u00ab\u00a0poisson cru au lait de coco\u00a0\u00bb, ainsi que toutes les denr\u00e9es d&rsquo;origine animale (laitages, \u0153ufs, etc.).<\/span><\/li>\n<\/ul>\n<p><span style=\"font-family: arial, helvetica, sans-serif;font-size: 18pt\"><strong>Choisissez la section adapt\u00e9e \u00e0 votre projet :<\/strong><\/span><\/p>\n<ul>\n<li><span style=\"font-family: arial, helvetica, sans-serif;font-size: 18pt\">Si vos produits sont <strong>uniquement v\u00e9g\u00e9taux<\/strong>, consultez la section\u00a0<a href=\"https:\/\/www.service-public.pf\/cse\/les-denrees-vegetales\/\">Denr\u00e9es V\u00e9g\u00e9tales<\/a><\/span><\/li>\n<li><span style=\"font-family: arial, helvetica, sans-serif;font-size: 18pt\">Pour les produits <strong>mixtes<\/strong> (v\u00e9g\u00e9taux et animaux), r\u00e9f\u00e9rez-vous \u00e0 la section\u00a0<a href=\"https:\/\/www.service-public.pf\/cse\/les-denrees-animales-ou-dorigine-animale\/\">Denr\u00e9es Animales ou d&rsquo;Origine Animale<\/a><\/span><\/li>\n<\/ul>\n<\/div><\/div><\/div><div class=\"fusion-layout-column fusion_builder_column fusion-builder-column-3 fusion_builder_column_1_1 1_1 fusion-flex-column\" style=\"--awb-bg-size:cover;--awb-width-large:100%;--awb-margin-top-large:0px;--awb-spacing-right-large:1.92%;--awb-margin-bottom-large:20px;--awb-spacing-left-large:1.92%;--awb-width-medium:100%;--awb-order-medium:0;--awb-spacing-right-medium:1.92%;--awb-spacing-left-medium:1.92%;--awb-width-small:100%;--awb-order-small:0;--awb-spacing-right-small:1.92%;--awb-spacing-left-small:1.92%;\"><div class=\"fusion-column-wrapper fusion-column-has-shadow fusion-flex-justify-content-flex-start fusion-content-layout-column\"><div class=\"fusion-image-element \" style=\"--awb-caption-title-font-family:var(--h2_typography-font-family);--awb-caption-title-font-weight:var(--h2_typography-font-weight);--awb-caption-title-font-style:var(--h2_typography-font-style);--awb-caption-title-size:var(--h2_typography-font-size);--awb-caption-title-transform:var(--h2_typography-text-transform);--awb-caption-title-line-height:var(--h2_typography-line-height);--awb-caption-title-letter-spacing:var(--h2_typography-letter-spacing);\"><span class=\" fusion-imageframe imageframe-none imageframe-1 hover-type-none\"><img decoding=\"async\" width=\"6912\" height=\"3456\" title=\"Design Sans Titre(23)\" src=\"https:\/\/www.service-public.pf\/cse\/wp-content\/uploads\/sites\/16\/2025\/02\/Design-sans-titre23.png\" alt class=\"img-responsive wp-image-1651\" srcset=\"https:\/\/www.service-public.pf\/cse\/wp-content\/uploads\/sites\/16\/2025\/02\/Design-sans-titre23-200x100.png 200w, https:\/\/www.service-public.pf\/cse\/wp-content\/uploads\/sites\/16\/2025\/02\/Design-sans-titre23-400x200.png 400w, https:\/\/www.service-public.pf\/cse\/wp-content\/uploads\/sites\/16\/2025\/02\/Design-sans-titre23-600x300.png 600w, https:\/\/www.service-public.pf\/cse\/wp-content\/uploads\/sites\/16\/2025\/02\/Design-sans-titre23-800x400.png 800w, https:\/\/www.service-public.pf\/cse\/wp-content\/uploads\/sites\/16\/2025\/02\/Design-sans-titre23-1200x600.png 1200w, https:\/\/www.service-public.pf\/cse\/wp-content\/uploads\/sites\/16\/2025\/02\/Design-sans-titre23.png 6912w\" sizes=\"(max-width: 1024px) 100vw, (max-width: 640px) 100vw, 6912px\" \/><\/span><\/div><\/div><\/div><\/div><\/div>\n","protected":false},"excerpt":{"rendered":"","protected":false},"author":217,"featured_media":0,"parent":1514,"menu_order":0,"comment_status":"closed","ping_status":"closed","template":"","meta":{"_seopress_robots_primary_cat":"","_seopress_titles_title":"","_seopress_titles_desc":"","_seopress_robots_index":"","footnotes":""},"class_list":["post-441","page","type-page","status-publish","hentry"],"_links":{"self":[{"href":"https:\/\/www.service-public.pf\/cse\/wp-json\/wp\/v2\/pages\/441","targetHints":{"allow":["GET"]}}],"collection":[{"href":"https:\/\/www.service-public.pf\/cse\/wp-json\/wp\/v2\/pages"}],"about":[{"href":"https:\/\/www.service-public.pf\/cse\/wp-json\/wp\/v2\/types\/page"}],"author":[{"embeddable":true,"href":"https:\/\/www.service-public.pf\/cse\/wp-json\/wp\/v2\/users\/217"}],"replies":[{"embeddable":true,"href":"https:\/\/www.service-public.pf\/cse\/wp-json\/wp\/v2\/comments?post=441"}],"version-history":[{"count":27,"href":"https:\/\/www.service-public.pf\/cse\/wp-json\/wp\/v2\/pages\/441\/revisions"}],"predecessor-version":[{"id":1724,"href":"https:\/\/www.service-public.pf\/cse\/wp-json\/wp\/v2\/pages\/441\/revisions\/1724"}],"up":[{"embeddable":true,"href":"https:\/\/www.service-public.pf\/cse\/wp-json\/wp\/v2\/pages\/1514"}],"wp:attachment":[{"href":"https:\/\/www.service-public.pf\/cse\/wp-json\/wp\/v2\/media?parent=441"}],"curies":[{"name":"wp","href":"https:\/\/api.w.org\/{rel}","templated":true}]}}