{"id":625,"date":"2024-11-08T02:43:37","date_gmt":"2024-11-08T01:43:37","guid":{"rendered":"https:\/\/www.service-public.pf\/cse\/?page_id=625"},"modified":"2025-05-30T19:02:17","modified_gmt":"2025-05-30T18:02:17","slug":"acces-a-la-reglementation","status":"publish","type":"page","link":"https:\/\/www.service-public.pf\/cse\/acces-a-la-reglementation\/","title":{"rendered":"R\u00e9glementation"},"content":{"rendered":"<div class=\"fusion-fullwidth fullwidth-box fusion-builder-row-1 fusion-flex-container has-pattern-background has-mask-background nonhundred-percent-fullwidth non-hundred-percent-height-scrolling\" style=\"--awb-border-radius-top-left:0px;--awb-border-radius-top-right:0px;--awb-border-radius-bottom-right:0px;--awb-border-radius-bottom-left:0px;--awb-flex-wrap:wrap;\" ><div class=\"fusion-builder-row fusion-row fusion-flex-align-items-flex-start fusion-flex-content-wrap\" style=\"max-width:1664px;margin-left: calc(-4% \/ 2 );margin-right: calc(-4% \/ 2 );\"><div class=\"fusion-layout-column fusion_builder_column fusion-builder-column-0 fusion_builder_column_1_1 1_1 fusion-flex-column\" style=\"--awb-bg-color:rgba(165,48,50,0);--awb-bg-color-hover:rgba(165,48,50,0);--awb-bg-size:cover;--awb-width-large:100%;--awb-margin-top-large:0px;--awb-spacing-right-large:1.92%;--awb-margin-bottom-large:20px;--awb-spacing-left-large:1.92%;--awb-width-medium:100%;--awb-order-medium:0;--awb-spacing-right-medium:1.92%;--awb-spacing-left-medium:1.92%;--awb-width-small:100%;--awb-order-small:0;--awb-spacing-right-small:1.92%;--awb-spacing-left-small:1.92%;\" data-scroll-devices=\"small-visibility,medium-visibility,large-visibility\"><div class=\"fusion-column-wrapper fusion-column-has-shadow fusion-flex-justify-content-flex-start fusion-content-layout-column\"><div class=\"fusion-text fusion-text-1\"><h3 style=\"text-align: center\"><span style=\"font-size: 24pt\"><strong><span style=\"font-family: arial, helvetica, sans-serif\">S\u00e9curit\u00e9 sanitaire des aliments<\/span><\/strong><\/span><\/h3>\n<\/div><div class=\"fusion-text fusion-text-2\"><ul style=\"list-style-type: square\">\n<li style=\"text-align: justify\"><span style=\"font-family: arial, helvetica, sans-serif;font-size: 18pt\"><a href=\"https:\/\/lexpol.cloud.pf\/LexpolAfficheTexte.php?texte=253635\" target=\"_blank\" rel=\"noopener\">Arr\u00eat\u00e9 n\u00b0 1750 CM du 14 octobre 2009 relatif aux conditions d\u2019hygi\u00e8ne applicables dans les \u00e9tablissements mobiles ou provisoires qui proposent, \u00e0 titre gratuit ou on\u00e9reux, des denr\u00e9es alimentaires animales ou d\u2019origine animale<\/a><\/span><\/li>\n<li style=\"text-align: justify\"><span style=\"font-family: arial, helvetica, sans-serif;font-size: 18pt\"><a href=\"https:\/\/lexpol.cloud.pf\/LexpolAfficheTexte.php?texte=212351\" target=\"_blank\" rel=\"noopener\">Loi du Pays n\u00b0 2008-12 du 26 septembre 2008 relative \u00e0 la certification, la conformit\u00e9 et la s\u00e9curit\u00e9 des produits et des services<\/a><\/span><\/li>\n<li style=\"text-align: justify\"><span style=\"font-family: arial, helvetica, sans-serif;font-size: 18pt\"><a href=\"https:\/\/lexpol.cloud.pf\/LexpolAfficheTexte.php?texte=104833\" target=\"_blank\" rel=\"noopener\">Arr\u00eat\u00e9 n\u00b0 1119 CM du 9 octobre 2006 relatif aux dur\u00e9es maximales de conservation de certaines denr\u00e9es alimentaires animales ou d\u2019origine animale<\/a><\/span><\/li>\n<li><span style=\"font-family: arial, helvetica, sans-serif;font-size: 18pt\"><a href=\"https:\/\/lexpol.cloud.pf\/LexpolAfficheTexte.php?texte=104780\" target=\"_blank\" rel=\"noopener\">Arr\u00eat\u00e9 n\u00b0 1116 CM du 6 octobre 2006 pris en application de l\u2019article 11 de la d\u00e9lib\u00e9ration n\u00b0 77-116 AT du 14 octobre 1977 modifi\u00e9e portant r\u00e9glementation de l\u2019inspection des denr\u00e9es alimentaires d\u2019origine animale<\/a><\/span><\/li>\n<li><a href=\"https:\/\/lexpol.cloud.pf\/LexpolAfficheTexte.php?texte=104762\" target=\"_blank\" rel=\"noopener\"><span style=\"font-family: arial, helvetica, sans-serif;font-size: 18pt\">Arr\u00eat\u00e9 n\u00b0 1115 CM du 6 octobre 2006 pris en application de l\u2019article 10 de la d\u00e9lib\u00e9ration n\u00b0 77-116 AT du 14 octobre 1977 modifi\u00e9e portant r\u00e9glementation de l\u2019inspection des denr\u00e9es alimentaires d\u2019origine animale<\/span><\/a><\/li>\n<li style=\"text-align: justify\"><span style=\"font-family: arial, helvetica, sans-serif;font-size: 18pt\"><a href=\"https:\/\/lexpol.cloud.pf\/LexpolAfficheTexte.php?texte=112246&amp;idr=173&amp;np=1\" target=\"_blank\" rel=\"noopener\">Arr\u00eat\u00e9 N\u00b0 1391 CM du 23 octobre 1998relatif aux crit\u00e8res microbiologiques auxquels doivent satisfaire certaines denr\u00e9es alimentaires d&rsquo;origine animale<\/a><\/span><\/li>\n<li style=\"text-align: justify\"><span style=\"font-family: arial, helvetica, sans-serif;font-size: 18pt\"><a href=\"https:\/\/lexpol.cloud.pf\/LexpolAfficheTexte.php?texte=181670&amp;idr=974&amp;np=1\" target=\"_blank\" rel=\"noopener\">D\u00e9lib\u00e9ration n\u00b0 98-189 APF du 19 novembre 1998 r\u00e9glementant l&rsquo;information du consommateur en mati\u00e8re de denr\u00e9es alimentaires au moyen de l&rsquo;\u00e9tiquetage<\/a><\/span><\/li>\n<li style=\"text-align: justify\"><span style=\"font-family: arial, helvetica, sans-serif;font-size: 18pt\"><a href=\"https:\/\/lexpol.cloud.pf\/LexpolAfficheTexte.php?texte=204431\" target=\"_blank\" rel=\"noopener\">D\u00e9lib\u00e9ration n\u00b0 77-116 du 14 octobre 1977 portant r\u00e9glementation de l\u2019inspection des denr\u00e9es alimentaires d\u2019origine animale<\/a><\/span><\/li>\n<li style=\"text-align: justify\"><span style=\"font-family: arial, helvetica, sans-serif;font-size: 18pt\"><a href=\"https:\/\/lexpol.cloud.pf\/LexpolAfficheTexte.php?texte=266228\" target=\"_blank\" rel=\"noopener\">Arr\u00eat\u00e9 n\u00b0 583 s du 9 avril 1954 r\u00e9glementant l\u2019hygi\u00e8ne et la salubrit\u00e9 publiques dans les Etablissements fran\u00e7ais de l\u2019Oc\u00e9anie<\/a><\/span><\/li>\n<li><a href=\"https:\/\/lexpol.cloud.pf\/LexpolAfficheTexte.php?texte=1020749&amp;idr=550&amp;np=1\"><span style=\"font-family: arial, helvetica, sans-serif;font-size: 18pt\">Arr\u00eat\u00e9 n\u00b0 716 CM du 27 mai 2025 relatif aux modalit\u00e9s de d\u00e9claration et d&rsquo;autorisation d&rsquo;ouverture et d&rsquo;exploitation des \u00e9tablissements qui mettent en \u0153uvre l&rsquo;une des \u00e9tapes de la production, de la transformation ou de la distribution des denr\u00e9es alimentaires animales ou d&rsquo;origine animale destin\u00e9es \u00e0 la consommation humaine<\/span><\/a><\/li>\n<\/ul>\n<\/div><div class=\"fusion-separator fusion-full-width-sep\" style=\"align-self: center;margin-left: auto;margin-right: auto;width:100%;\"><div class=\"fusion-separator-border sep-single sep-solid\" style=\"--awb-height:20px;--awb-amount:20px;border-color:#e0dede;border-top-width:1px;\"><\/div><\/div><div class=\"fusion-text fusion-text-3\"><h3 style=\"text-align: center\"><span style=\"font-family: arial, helvetica, sans-serif;font-size: 24pt\"><strong>Eaux de consommation<\/strong><br \/>\n<\/span><\/h3>\n<\/div><div class=\"fusion-text fusion-text-4\"><ul style=\"list-style-type: square\">\n<li style=\"text-align: justify\"><span style=\"font-family: arial, helvetica, sans-serif;font-size: 18pt\"><a href=\"https:\/\/lexpol.cloud.pf\/LexpolAfficheTexte.php?texte=117124&amp;idr=210&amp;np=1\" target=\"_blank\" rel=\"noopener\">Arr\u00eat\u00e9 1639\/CM du 17 novembre 1999 fixant les normes de potabilit\u00e9 des eaux destin\u00e9es \u00e0 la consommation humaine distribu\u00e9es par les r\u00e9seaux, fontaines et citernes \u00e0 usage collectif<\/a><\/span><\/li>\n<li style=\"text-align: justify\"><span style=\"font-family: arial, helvetica, sans-serif;font-size: 18pt\"><a href=\"https:\/\/lexpol.cloud.pf\/LexpolAfficheTexte.php?texte=117186\" target=\"_blank\" rel=\"noopener\">Arr\u00eat\u00e9 1640\/CM du 17 novembre 1999 fixant le programme de contr\u00f4le de la qualit\u00e9 des eaux destin\u00e9es \u00e0 la consommation humaine distribu\u00e9es par des installations d&rsquo;adduction d&rsquo;eau, depuis la ressource jusqu&rsquo;au point de distribution, exploit\u00e9es pour un usage collectif, qu&rsquo;elles soient publiques ou priv\u00e9es<\/a><\/span><\/li>\n<li style=\"text-align: justify\"><span style=\"font-family: arial, helvetica, sans-serif;font-size: 18pt\"><a href=\"https:\/\/lexpol.cloud.pf\/LexpolAfficheTexte.php?texte=181848\" target=\"_blank\" rel=\"noopener\">D\u00e9lib\u00e9ration 99-178 du 14 octobre 1999 portant r\u00e9glementation de l&rsquo;hygi\u00e8ne des eaux destin\u00e9es \u00e0 la consommation humaine distribu\u00e9es par des installations d&rsquo;adduction d&rsquo;eau, depuis la ressource jusqu&rsquo;au point de distribution, exploit\u00e9es pour un usage collectif, qu&rsquo;elles soient publiques ou priv\u00e9es<\/a><\/span><\/li>\n<\/ul>\n<\/div><div class=\"fusion-separator fusion-full-width-sep\" style=\"align-self: center;margin-left: auto;margin-right: auto;width:100%;\"><div class=\"fusion-separator-border sep-single sep-solid\" style=\"--awb-height:20px;--awb-amount:20px;border-color:#e0dede;border-top-width:1px;\"><\/div><\/div><div class=\"fusion-text fusion-text-5\"><h3 style=\"text-align: center\"><span style=\"font-family: arial, helvetica, sans-serif;font-size: 24pt\"><strong>D\u00e9chets d&rsquo;activit\u00e9 de soins<\/strong><br \/>\n<\/span><\/h3>\n<\/div><div class=\"fusion-text fusion-text-6\"><ul style=\"list-style-type: square\">\n<li style=\"text-align: justify\"><span style=\"font-family: arial, helvetica, sans-serif;font-size: 18pt\"><a href=\"https:\/\/lexpol.cloud.pf\/LexpolAfficheTexte.php?texte=178705\" target=\"_blank\" rel=\"noopener\">D\u00e9lib\u00e9ration n\u00b02001-81 APF du 5 juillet 2001 portant r\u00e9glementation de l\u2019\u00e9limination des d\u00e9chets d\u2019activit\u00e9s de soins<\/a><\/span><\/li>\n<li style=\"text-align: justify\"><span style=\"font-family: arial, helvetica, sans-serif;font-size: 18pt\"><a href=\"https:\/\/lexpol.cloud.pf\/LexpolAfficheTexte.php?texte=445375\" target=\"_blank\" rel=\"noopener\">Arr\u00eat\u00e9 n\u00b01279 CM du 28 ao\u00fbt 2014 fixant les conditions de collecte, de transport et d\u2019agr\u00e9ment des transporteurs de d\u00e9chets d\u2019activit\u00e9s de soins par toute en Polyn\u00e9sie fran\u00e7aise<\/a><\/span><\/li>\n<li style=\"text-align: justify\"><span style=\"font-family: arial, helvetica, sans-serif;font-size: 18pt\"><a href=\"https:\/\/lexpol.cloud.pf\/LexpolAfficheTexte.php?texte=277277\" target=\"_blank\" rel=\"noopener\">Arr\u00eat\u00e9 n\u00b0466 CM du 8 avril 2010 portant modification de l\u2019arr\u00eat\u00e9 n\u00b0133 CM du 8 f\u00e9vrier 2010 fixant les modalit\u00e9s d\u2019agr\u00e9ment, d\u2019autorisation, de mise en \u0153uvre et d\u2019exploitation des appareils de d\u00e9sinfection des d\u00e9chets d\u2019activit\u00e9s de soins<\/a><\/span><\/li>\n<li style=\"text-align: justify\"><span style=\"font-family: arial, helvetica, sans-serif;font-size: 18pt\"><a href=\"https:\/\/lexpol.cloud.pf\/LexpolAfficheTexte.php?texte=188308\" target=\"_blank\" rel=\"noopener\">Arr\u00eat\u00e9 n\u00b0384 CM du 19 mars 2007 relatif aux emballages des d\u00e9chets d\u2019activit\u00e9s de soins<\/a><\/span><\/li>\n<li style=\"text-align: justify\"><span style=\"font-family: arial, helvetica, sans-serif;font-size: 18pt\"><a href=\"https:\/\/lexpol.cloud.pf\/LexpolAfficheTexte.php?texte=188387\" target=\"_blank\" rel=\"noopener\">Arr\u00eat\u00e9 n\u00b0385\/CM du 19\u00a0mars 2007 relatif aux d\u00e9lais d\u2019\u00e9limination des d\u00e9chets d\u2019activit\u00e9 de soins<\/a><\/span><\/li>\n<li style=\"text-align: justify\"><span style=\"font-family: arial, helvetica, sans-serif;font-size: 18pt\"><a href=\"https:\/\/lexpol.cloud.pf\/LexpolAfficheTexte.php?texte=188309\" target=\"_blank\" rel=\"noopener\">Arr\u00eat\u00e9 n\u00b0386\/CM du 19\u00a0mars 2007 modifi\u00e9, relatif au bordereau de suivi des d\u00e9chets d\u2019activit\u00e9s de soins et ses r\u00e8gles d\u2019utilisation<\/a><\/span><\/li>\n<li style=\"text-align: justify\"><span style=\"font-family: arial, helvetica, sans-serif;font-size: 18pt\"><a href=\"https:\/\/lexpol.cloud.pf\/LexpolAfficheTexte.php?texte=270847\" target=\"_blank\" rel=\"noopener\">Arr\u00eat\u00e9 n\u00b0134\/CM du 8\u00a0f\u00e9vrier 2010 fixant la composition et les modalit\u00e9s de fonctionnement du comit\u00e9 consultatif d\u2019expertise instaur\u00e9 par la d\u00e9lib\u00e9ration n\u00b02001-81 APF du 5\u00a0juillet 2001 modifi\u00e9e portant r\u00e9glementation de l\u2019\u00e9limination des d\u00e9chets d\u2019activit\u00e9s de soins<\/a><\/span><\/li>\n<\/ul>\n<\/div><div class=\"fusion-separator fusion-full-width-sep\" style=\"align-self: center;margin-left: auto;margin-right: auto;width:100%;\"><div class=\"fusion-separator-border sep-single sep-solid\" style=\"--awb-height:20px;--awb-amount:20px;border-color:#e0dede;border-top-width:1px;\"><\/div><\/div><div class=\"fusion-text fusion-text-7\"><h3 style=\"text-align: center\"><span style=\"font-family: arial, helvetica, sans-serif;font-size: 24pt\"><strong>Pesticides<\/strong><br \/>\n<\/span><\/h3>\n<\/div><div class=\"fusion-text fusion-text-8\"><ul>\n<li style=\"text-align: justify\"><span style=\"font-size: 18pt;font-family: arial, helvetica, sans-serif\"><a href=\"https:\/\/lexpol.cloud.pf\/LexpolAfficheTexte.php?texte=340407\">Loi de Pays n\u00b0 2011-19 du 19 juillet 2011 relative \u00e0 l&rsquo;importation, la commercialisation et l&rsquo;utilisation des pesticides en Polyn\u00e9sie fran\u00e7aise<\/a><\/span><\/li>\n<li style=\"text-align: justify\"><span style=\"font-size: 18pt;font-family: arial, helvetica, sans-serif\"><a href=\"https:\/\/lexpol.cloud.pf\/LexpolAfficheTexte.php?texte=340994\">Arr\u00eat\u00e9 n\u00b01065 CM du 25 juillet 2011 fixant la liste des substances actives et pr\u00e9parations commerciales de pesticides autoris\u00e9es en Polyn\u00e9sie fran\u00e7aise<\/a><\/span><\/li>\n<li style=\"text-align: justify\"><span style=\"font-family: arial, helvetica, sans-serif;font-size: 18pt\"><a href=\"https:\/\/lexpol.cloud.pf\/LexpolAfficheTexte.php?texte=367007&amp;idr=1231&amp;np=1\" target=\"_blank\" rel=\"noopener\">Arr\u00eat\u00e9 n\u00b0 766 CM du 20 juin 2012 fixant les conditions de d\u00e9livrance du certificat d&rsquo;aptitude \u00e0 la commercialisation ou \u00e0 la manipulation des pesticides en Polyn\u00e9sie fran\u00e7aise<\/a><br \/>\n<\/span><\/li>\n<li style=\"text-align: justify\"><span style=\"font-family: arial, helvetica, sans-serif;font-size: 18pt\"><a href=\"https:\/\/lexpol.cloud.pf\/LexpolAfficheTexte.php?texte=354251&amp;idr=1233&amp;np=1\" target=\"_blank\" rel=\"noopener\">Arr\u00eat\u00e9 n\u00b0 257 CM du 17 f\u00e9vrier 2012 relatif aux conditions g\u00e9n\u00e9rales d&#8217;emploi de certains fumigants en Polyn\u00e9sie fran\u00e7aise et aux r\u00e9sidus de fumigation<\/a> <\/span><\/li>\n<li style=\"text-align: justify\"><span style=\"font-family: arial, helvetica, sans-serif;font-size: 18pt\"><a href=\"https:\/\/lexpol.cloud.pf\/LexpolAfficheTexte.php?texte=389630\">Arr\u00eat\u00e9 n\u00b0 139 CM du 4 f\u00e9vrier 2013 fixant les prescriptions techniques des locaux et du mat\u00e9riel professionnels des \u00e9tablissements titulaires de l&rsquo;agr\u00e9ment de vente ou d&rsquo;application des pesticides<\/a> <\/span><\/li>\n<li style=\"text-align: justify\"><span style=\"font-size: 18pt\"><a href=\"https:\/\/lexpol.cloud.pf\/LexpolAfficheTexte.php?texte=451935&amp;idr=1255&amp;np=1\" target=\"_blank\" rel=\"noopener\"><span style=\"font-family: arial, helvetica, sans-serif\">Arr\u00eat\u00e9 n\u00b0 356 CM du 26 mars 2015 fixant la composition et le fonctionnement de la commission des pesticides<\/span><\/a><\/span><\/li>\n<\/ul>\n<\/div><\/div><\/div><\/div><\/div>\n","protected":false},"excerpt":{"rendered":"","protected":false},"author":217,"featured_media":0,"parent":0,"menu_order":0,"comment_status":"closed","ping_status":"closed","template":"100-width.php","meta":{"_seopress_robots_primary_cat":"","_seopress_titles_title":"","_seopress_titles_desc":"","_seopress_robots_index":"","footnotes":""},"class_list":["post-625","page","type-page","status-publish","hentry"],"_links":{"self":[{"href":"https:\/\/www.service-public.pf\/cse\/wp-json\/wp\/v2\/pages\/625","targetHints":{"allow":["GET"]}}],"collection":[{"href":"https:\/\/www.service-public.pf\/cse\/wp-json\/wp\/v2\/pages"}],"about":[{"href":"https:\/\/www.service-public.pf\/cse\/wp-json\/wp\/v2\/types\/page"}],"author":[{"embeddable":true,"href":"https:\/\/www.service-public.pf\/cse\/wp-json\/wp\/v2\/users\/217"}],"replies":[{"embeddable":true,"href":"https:\/\/www.service-public.pf\/cse\/wp-json\/wp\/v2\/comments?post=625"}],"version-history":[{"count":33,"href":"https:\/\/www.service-public.pf\/cse\/wp-json\/wp\/v2\/pages\/625\/revisions"}],"predecessor-version":[{"id":1848,"href":"https:\/\/www.service-public.pf\/cse\/wp-json\/wp\/v2\/pages\/625\/revisions\/1848"}],"wp:attachment":[{"href":"https:\/\/www.service-public.pf\/cse\/wp-json\/wp\/v2\/media?parent=625"}],"curies":[{"name":"wp","href":"https:\/\/api.w.org\/{rel}","templated":true}]}}