{"id":5,"date":"2016-09-08T21:05:47","date_gmt":"2016-09-08T20:05:47","guid":{"rendered":"http:\/\/www.service-public.pf\/ctg\/?page_id=5"},"modified":"2021-02-18T02:05:28","modified_gmt":"2021-02-18T01:05:28","slug":"accueil-ctg","status":"publish","type":"page","link":"https:\/\/www.service-public.pf\/ctg\/","title":{"rendered":"Accueil CTG"},"content":{"rendered":"<p><div class=\"fusion-fullwidth fullwidth-box fusion-builder-row-1 nonhundred-percent-fullwidth non-hundred-percent-height-scrolling\" style=\"--awb-background-position:left top;--awb-border-color:#e5e4e4;--awb-border-radius-top-left:0px;--awb-border-radius-top-right:0px;--awb-border-radius-bottom-right:0px;--awb-border-radius-bottom-left:0px;--awb-padding-top:0px;--awb-padding-right:0px;--awb-padding-bottom:-33px;--awb-padding-left:0px;--awb-border-sizes-top:0px;--awb-border-sizes-bottom:0px;--awb-flex-wrap:wrap;\" ><div class=\"fusion-builder-row fusion-row\"><div class=\"fusion-layout-column fusion_builder_column fusion-builder-column-0 fusion_builder_column_1_1 1_1 fusion-one-full fusion-column-first fusion-column-last\" style=\"--awb-padding-bottom:-22px;--awb-bg-size:cover;--awb-margin-top:-70px;--awb-margin-bottom:-50px;\"><div class=\"fusion-column-wrapper fusion-flex-column-wrapper-legacy\"><div class=\"fusion-image-carousel fusion-image-carousel-auto fusion-image-carousel-1 fusion-carousel-border\"><div class=\"awb-carousel awb-swiper awb-swiper-carousel awb-carousel--carousel awb-swiper-dots-position-bottom\" data-layout=\"carousel\" data-autoplay=\"yes\" data-autoplayspeed=\"2500\" data-autoplaypause=\"no\" data-columns=\"1\" data-columnsmedium=\"1\" data-columnssmall=\"1\" data-itemmargin=\"13\" data-itemwidth=\"180\" data-touchscroll=\"no\" data-freemode=\"no\" data-imagesize=\"auto\" data-scrollitems=\"0\" data-centeredslides=\"no\" data-rotationangle=\"50\" data-depth=\"100\" data-speed=\"500\" data-shadow=\"no\" data-pagination=\"bullets\" style=\"--awb-columns:1;--awb-border-width:1px;--awb-border-color:#e9eaee;\"><div class=\"swiper-wrapper awb-image-carousel-wrapper fusion-flex-align-items-center\"><div class=\"swiper-slide\"><div class=\"fusion-carousel-item-wrapper\"><div class=\"fusion-image-wrapper hover-type-none\"><img decoding=\"async\" width=\"1366\" height=\"456\" src=\"https:\/\/www.service-public.pf\/ctg\/wp-content\/uploads\/sites\/4\/2017\/06\/silder-polynesie-autres-iles-des-tuamotu.jpg\" class=\"attachment-full size-full\" alt=\"\" srcset=\"https:\/\/www.service-public.pf\/ctg\/wp-content\/uploads\/sites\/4\/2017\/06\/silder-polynesie-autres-iles-des-tuamotu-200x67.jpg 200w, https:\/\/www.service-public.pf\/ctg\/wp-content\/uploads\/sites\/4\/2017\/06\/silder-polynesie-autres-iles-des-tuamotu-300x100.jpg 300w, https:\/\/www.service-public.pf\/ctg\/wp-content\/uploads\/sites\/4\/2017\/06\/silder-polynesie-autres-iles-des-tuamotu-400x134.jpg 400w, https:\/\/www.service-public.pf\/ctg\/wp-content\/uploads\/sites\/4\/2017\/06\/silder-polynesie-autres-iles-des-tuamotu-600x200.jpg 600w, https:\/\/www.service-public.pf\/ctg\/wp-content\/uploads\/sites\/4\/2017\/06\/silder-polynesie-autres-iles-des-tuamotu-768x256.jpg 768w, https:\/\/www.service-public.pf\/ctg\/wp-content\/uploads\/sites\/4\/2017\/06\/silder-polynesie-autres-iles-des-tuamotu-800x267.jpg 800w, https:\/\/www.service-public.pf\/ctg\/wp-content\/uploads\/sites\/4\/2017\/06\/silder-polynesie-autres-iles-des-tuamotu-1024x342.jpg 1024w, https:\/\/www.service-public.pf\/ctg\/wp-content\/uploads\/sites\/4\/2017\/06\/silder-polynesie-autres-iles-des-tuamotu-1200x401.jpg 1200w, https:\/\/www.service-public.pf\/ctg\/wp-content\/uploads\/sites\/4\/2017\/06\/silder-polynesie-autres-iles-des-tuamotu.jpg 1366w\" sizes=\"(max-width: 1366px) 100vw, 1366px\" \/><\/div><\/div><\/div><div class=\"swiper-slide\"><div class=\"fusion-carousel-item-wrapper\"><div class=\"fusion-image-wrapper hover-type-none\"><img decoding=\"async\" width=\"1366\" height=\"456\" src=\"https:\/\/www.service-public.pf\/ctg\/wp-content\/uploads\/sites\/4\/2016\/09\/silder-polynesie-autres-iles-des-tuamotu2-1.jpg\" class=\"attachment-full size-full\" alt=\"\" srcset=\"https:\/\/www.service-public.pf\/ctg\/wp-content\/uploads\/sites\/4\/2016\/09\/silder-polynesie-autres-iles-des-tuamotu2-1-200x67.jpg 200w, https:\/\/www.service-public.pf\/ctg\/wp-content\/uploads\/sites\/4\/2016\/09\/silder-polynesie-autres-iles-des-tuamotu2-1-300x100.jpg 300w, https:\/\/www.service-public.pf\/ctg\/wp-content\/uploads\/sites\/4\/2016\/09\/silder-polynesie-autres-iles-des-tuamotu2-1-400x134.jpg 400w, https:\/\/www.service-public.pf\/ctg\/wp-content\/uploads\/sites\/4\/2016\/09\/silder-polynesie-autres-iles-des-tuamotu2-1-600x200.jpg 600w, https:\/\/www.service-public.pf\/ctg\/wp-content\/uploads\/sites\/4\/2016\/09\/silder-polynesie-autres-iles-des-tuamotu2-1-768x256.jpg 768w, https:\/\/www.service-public.pf\/ctg\/wp-content\/uploads\/sites\/4\/2016\/09\/silder-polynesie-autres-iles-des-tuamotu2-1-800x267.jpg 800w, https:\/\/www.service-public.pf\/ctg\/wp-content\/uploads\/sites\/4\/2016\/09\/silder-polynesie-autres-iles-des-tuamotu2-1-1024x342.jpg 1024w, https:\/\/www.service-public.pf\/ctg\/wp-content\/uploads\/sites\/4\/2016\/09\/silder-polynesie-autres-iles-des-tuamotu2-1-1200x401.jpg 1200w, https:\/\/www.service-public.pf\/ctg\/wp-content\/uploads\/sites\/4\/2016\/09\/silder-polynesie-autres-iles-des-tuamotu2-1.jpg 1366w\" sizes=\"(max-width: 1366px) 100vw, 1366px\" \/><\/div><\/div><\/div><div class=\"swiper-slide\"><div class=\"fusion-carousel-item-wrapper\"><div class=\"fusion-image-wrapper hover-type-none\"><img decoding=\"async\" width=\"1366\" height=\"456\" src=\"https:\/\/www.service-public.pf\/ctg\/wp-content\/uploads\/sites\/4\/2016\/09\/silder-polynesie-autres-iles-des-tuamotu3.jpg\" class=\"attachment-full size-full\" alt=\"\" srcset=\"https:\/\/www.service-public.pf\/ctg\/wp-content\/uploads\/sites\/4\/2016\/09\/silder-polynesie-autres-iles-des-tuamotu3-200x67.jpg 200w, https:\/\/www.service-public.pf\/ctg\/wp-content\/uploads\/sites\/4\/2016\/09\/silder-polynesie-autres-iles-des-tuamotu3-300x100.jpg 300w, https:\/\/www.service-public.pf\/ctg\/wp-content\/uploads\/sites\/4\/2016\/09\/silder-polynesie-autres-iles-des-tuamotu3-400x134.jpg 400w, https:\/\/www.service-public.pf\/ctg\/wp-content\/uploads\/sites\/4\/2016\/09\/silder-polynesie-autres-iles-des-tuamotu3-600x200.jpg 600w, https:\/\/www.service-public.pf\/ctg\/wp-content\/uploads\/sites\/4\/2016\/09\/silder-polynesie-autres-iles-des-tuamotu3-768x256.jpg 768w, https:\/\/www.service-public.pf\/ctg\/wp-content\/uploads\/sites\/4\/2016\/09\/silder-polynesie-autres-iles-des-tuamotu3-800x267.jpg 800w, https:\/\/www.service-public.pf\/ctg\/wp-content\/uploads\/sites\/4\/2016\/09\/silder-polynesie-autres-iles-des-tuamotu3-1024x342.jpg 1024w, https:\/\/www.service-public.pf\/ctg\/wp-content\/uploads\/sites\/4\/2016\/09\/silder-polynesie-autres-iles-des-tuamotu3-1200x401.jpg 1200w, https:\/\/www.service-public.pf\/ctg\/wp-content\/uploads\/sites\/4\/2016\/09\/silder-polynesie-autres-iles-des-tuamotu3.jpg 1366w\" sizes=\"(max-width: 1366px) 100vw, 1366px\" \/><\/div><\/div><\/div><\/div><div class=\"awb-swiper-button awb-swiper-button-prev\"><i class=\"awb-icon-angle-left\" aria-hidden=\"true\"><\/i><\/div><div class=\"awb-swiper-button awb-swiper-button-next\"><i class=\"awb-icon-angle-right\" aria-hidden=\"true\"><\/i><\/div><\/div><\/div><div class=\"fusion-sep-clear\"><\/div><div class=\"fusion-separator fusion-full-width-sep\" style=\"margin-left: auto;margin-right: auto;margin-top:40px;width:100%;\"><\/div><div class=\"fusion-sep-clear\"><\/div><div class=\"fusion-clearfix\"><\/div><\/div><\/div><\/div><\/div><div class=\"fusion-fullwidth fullwidth-box fusion-builder-row-2 nonhundred-percent-fullwidth non-hundred-percent-height-scrolling\" style=\"--awb-background-position:left top;--awb-border-color:#e5e4e4;--awb-border-radius-top-left:0px;--awb-border-radius-top-right:0px;--awb-border-radius-bottom-right:0px;--awb-border-radius-bottom-left:0px;--awb-padding-top:0px;--awb-padding-right:0px;--awb-padding-bottom:33px;--awb-padding-left:0px;--awb-border-sizes-top:0px;--awb-border-sizes-bottom:0px;--awb-flex-wrap:wrap;\" ><div class=\"fusion-builder-row fusion-row\"><div class=\"fusion-layout-column fusion_builder_column fusion-builder-column-1 fusion_builder_column_1_5 1_5 fusion-one-fifth fusion-column-first\" style=\"--awb-bg-size:cover;width:16.8%; margin-right: 4%;\"><div class=\"fusion-column-wrapper fusion-flex-column-wrapper-legacy\"><div class=\"fusion-text fusion-text-1\"><h2 style=\"text-align: center;\"><strong><a href=\"mailto:mike.teriiamarama@archipels.gov.pf\">Mike TERIIAMARAMA<\/a><\/strong><\/h2>\n<\/div><div class=\"fusion-text fusion-text-2\"><p style=\"text-align: center;\">En charge des secteurs des affaires fonci\u00e8res (DAF), des occupations du domaine public (DRMM et DAF) et des extractions (DEQ).<\/p>\n<\/div><div class=\"fusion-clearfix\"><\/div><\/div><\/div><div class=\"fusion-layout-column fusion_builder_column fusion-builder-column-2 fusion_builder_column_1_5 1_5 fusion-one-fifth\" style=\"--awb-bg-size:cover;width:16.8%; margin-right: 4%;\"><div class=\"fusion-column-wrapper fusion-flex-column-wrapper-legacy\"><div class=\"fusion-text fusion-text-3\"><h2 style=\"text-align: center;\"><a href=\"eugene.SAM-KOUA@archipels.gov.pf\"><strong>Eug\u00e8ne SAM-KOUA<\/strong><\/a><\/h2>\n<\/div><div class=\"fusion-text fusion-text-4\"><p style=\"text-align: center;\">En charge des secteurs de l&#8217;emploi (SEFI), de la jeunesse et des sports et des transports terrestres<\/p>\n<\/div><div class=\"fusion-clearfix\"><\/div><\/div><\/div><div class=\"fusion-layout-column fusion_builder_column fusion-builder-column-3 fusion_builder_column_1_5 1_5 fusion-one-fifth\" style=\"--awb-bg-size:cover;--awb-margin-bottom:0px;width:16.8%; margin-right: 4%;\"><div class=\"fusion-column-wrapper fusion-flex-column-wrapper-legacy\"><div class=\"fusion-text fusion-text-5\"><h2 style=\"text-align: center;\"><strong><a href=\"mailto:manola.lucas@archipels.gov.pf\">Manola LUCAS<\/a><\/strong><\/h2>\n<\/div><div class=\"fusion-text fusion-text-6\"><p style=\"text-align: center;\">En charge des secteurs de l&rsquo;artisanat, des activit\u00e9s touristiques (h\u00e9bergements, aides, etc.) et des activit\u00e9s maritimes (DPAM)<\/p>\n<\/div><div class=\"fusion-clearfix\"><\/div><\/div><\/div><div class=\"fusion-layout-column fusion_builder_column fusion-builder-column-4 fusion_builder_column_1_5 1_5 fusion-one-fifth\" style=\"--awb-bg-size:cover;--awb-margin-bottom:0px;width:16.8%; margin-right: 4%;\"><div class=\"fusion-column-wrapper fusion-flex-column-wrapper-legacy\"><div class=\"fusion-text fusion-text-7\"><h2 style=\"text-align: center;\"><a href=\"mailto:helena.rareao@archipels.gov.pf\"><strong>H\u00e9l\u00e9na <\/strong><strong>REREAO-TUNOKO<\/strong><\/a><\/h2>\n<\/div><div class=\"fusion-text fusion-text-8\"><p style=\"text-align: center;\">En charge des activit\u00e9s sur la licence de d\u00e9bit de boissons et des secteurs \u00a0agricole, de la carte professionnelle agricole et de p\u00eacheur et de la patente.<\/p>\n<\/div><div class=\"fusion-clearfix\"><\/div><\/div><\/div><div class=\"fusion-layout-column fusion_builder_column fusion-builder-column-5 fusion_builder_column_1_5 1_5 fusion-one-fifth fusion-column-last\" style=\"--awb-bg-size:cover;--awb-margin-bottom:0px;width:16.8%;\"><div class=\"fusion-column-wrapper fusion-flex-column-wrapper-legacy\"><div class=\"fusion-text fusion-text-9\"><h2 style=\"text-align: center;\"><a href=\"antennehaoctg@mail.pf\"><strong>Dorianne TEMARII<\/strong><\/a><\/h2>\n<\/div><div class=\"fusion-text fusion-text-10\"><p style=\"text-align: center;\">Responsable de l&rsquo;antenne de Hao , elle accueille le public dans son\u00a0locaux situ\u00e9 dans l&rsquo;abri de survie. Elle est \u00a0suit \u00e9galement les travaux de r\u00e9habilitation de Hao.<\/p>\n<\/div><div class=\"fusion-clearfix\"><\/div><\/div><\/div><div class=\"fusion-layout-column fusion_builder_column fusion-builder-column-6 fusion_builder_column_1_1 1_1 fusion-one-full fusion-column-first fusion-column-last fusion-column-no-min-height\" style=\"--awb-bg-size:cover;--awb-margin-bottom:0px;\"><div class=\"fusion-column-wrapper fusion-flex-column-wrapper-legacy\"><div class=\"fusion-counters-box counters-box row fusion-clearfix fusion-columns-4\" style=\"--awb-body-color:#1dc19b;--awb-border-color:#1dc19b;--awb-color:#1dc19b;--awb-border-color:#1dc19b;\"><div class=\"fusion-counter-box fusion-column col-counter-box counter-box-wrapper col-lg-3 col-md-3 col-sm-3\" data-animationOffset=\"top-into-view\"><div class=\"counter-box-container\"><div class=\"content-box-percentage content-box-counter\"><i class=\"counter-box-icon fontawesome-icon fa fa-user\" aria-hidden=\"true\"><\/i><span class=\"display-counter\" data-value=\"4\" data-direction=\"up\" data-decimals=\"0\">0<\/span><\/div><div class=\"counter-box-content\">Agents de d\u00e9veloppement<\/div><\/div><\/div><div class=\"fusion-counter-box fusion-column col-counter-box counter-box-wrapper col-lg-3 col-md-3 col-sm-3\" data-animationOffset=\"top-into-view\"><div class=\"counter-box-container\"><div class=\"content-box-percentage content-box-counter\"><i class=\"counter-box-icon fontawesome-icon fa fa-plane\" aria-hidden=\"true\"><\/i><span class=\"display-counter\" data-value=\"45\" data-direction=\"up\" data-decimals=\"0\">0<\/span><\/div><div class=\"counter-box-content\">atolls habit\u00e9s<\/div><\/div><\/div><div class=\"fusion-counter-box fusion-column col-counter-box counter-box-wrapper col-lg-3 col-md-3 col-sm-3\" data-animationOffset=\"top-into-view\"><div class=\"counter-box-container\"><div class=\"content-box-percentage content-box-counter\"><i class=\"counter-box-icon fontawesome-icon fa fa-plane\" aria-hidden=\"true\"><\/i><span class=\"display-counter\" data-value=\"17\" data-direction=\"up\" data-decimals=\"0\">0<\/span><\/div><div class=\"counter-box-content\">Commune des Tuamotu-Gambier<\/div><\/div><\/div><div class=\"fusion-counter-box fusion-column col-counter-box counter-box-wrapper col-lg-3 col-md-3 col-sm-3\" data-animationOffset=\"top-into-view\"><div class=\"counter-box-container\"><div class=\"content-box-percentage content-box-counter\"><i class=\"counter-box-icon fontawesome-icon fa fa-user-md\" aria-hidden=\"true\"><\/i><span class=\"display-counter\" data-value=\"16831\" data-direction=\"up\" data-decimals=\"0\">0<\/span><\/div><div class=\"counter-box-content\">Population (RPG 2012)<\/div><\/div><\/div><\/div><div class=\"clearfix\"><\/div><div class=\"fusion-clearfix\"><\/div><\/div><\/div><\/div><\/div>\n<div class=\"fusion-fullwidth fullwidth-box fusion-builder-row-3 nonhundred-percent-fullwidth non-hundred-percent-height-scrolling\" style=\"--awb-background-position:left top;--awb-border-radius-top-left:0px;--awb-border-radius-top-right:0px;--awb-border-radius-bottom-right:0px;--awb-border-radius-bottom-left:0px;--awb-padding-top:20px;--awb-padding-bottom:20px;--awb-border-sizes-top:0px;--awb-border-sizes-bottom:0px;--awb-flex-wrap:wrap;\" ><div class=\"fusion-builder-row fusion-row\"><div class=\"fusion-layout-column fusion_builder_column fusion-builder-column-7 fusion_builder_column_1_1 1_1 fusion-one-full fusion-column-first fusion-column-last\" style=\"--awb-bg-size:cover;\"><div class=\"fusion-column-wrapper fusion-flex-column-wrapper-legacy\"><ul style=\"--awb-size:13px;--awb-line-height:22.1px;--awb-icon-width:22.1px;--awb-icon-height:22.1px;--awb-icon-margin:9.1px;--awb-content-margin:31.2px;--awb-circlecolor:#a0ce4e;--awb-circle-yes-font-size:11.44px;\" class=\"fusion-checklist fusion-checklist-1 fusion-checklist-default type-icons\"><li class=\"fusion-li-item\" style=\"\"><span class=\"icon-wrapper circle-yes\"><i class=\"fusion-li-icon fa fa-arrow-right\" aria-hidden=\"true\"><\/i><\/span><div class=\"fusion-li-item-content\">\n<p style=\"text-align: center;\">Adresse : Rue des remparts &#8211; Papeava.BP 4584 &#8211; 98713 &#8211; Papeete<\/p>\n<\/div><\/li><li class=\"fusion-li-item\" style=\"\"><span class=\"icon-wrapper circle-yes\"><i class=\"fusion-li-icon fa fa-phone\" aria-hidden=\"true\"><\/i><\/span><div class=\"fusion-li-item-content\">\n<p style=\"text-align: center;\">T\u00e9l\u00e9phone : (689) 40 50 22 75<\/p>\n<\/div><\/li><li class=\"fusion-li-item\" style=\"\"><span class=\"icon-wrapper circle-yes\"><i class=\"fusion-li-icon fa fa-file-text-o\" aria-hidden=\"true\"><\/i><\/span><div class=\"fusion-li-item-content\">\n<p style=\"text-align: center;\">T\u00e9l\u00e9copie : (689) 40 43 36 55<\/p>\n<\/div><\/li><li class=\"fusion-li-item\" style=\"\"><span class=\"icon-wrapper circle-yes\"><i class=\"fusion-li-icon fa fa-envelope-o\" aria-hidden=\"true\"><\/i><\/span><div class=\"fusion-li-item-content\">\n<p style=\"text-align: center;\">Courriel : <a href=\"mailto:secretariat.ctg@archipels.gov.pf\">secretariat.ctg@archipels.gov.pf<\/a><\/p>\n<\/div><\/li><li class=\"fusion-li-item\" style=\"\"><span class=\"icon-wrapper circle-yes\"><i class=\"fusion-li-icon fa-laptop fas\" aria-hidden=\"true\"><\/i><\/span><div class=\"fusion-li-item-content\">\n<p style=\"text-align: center;\">Site Internet : <a href=\"https:\/\/www.service-public.pf\/ctg\/\"><strong><em>https:\/\/www.service-public.pf\/ctg\/<\/em><\/strong><\/a><\/p>\n<\/div><\/li><li class=\"fusion-li-item\" style=\"\"><span class=\"icon-wrapper circle-yes\"><i class=\"fusion-li-icon fa fa-info\" aria-hidden=\"true\"><\/i><\/span><div class=\"fusion-li-item-content\">\n<p style=\"text-align: center;\">Ouvert du lundi au vendredi<\/p>\n<p style=\"text-align: center;\">Bureau de la direction<\/p>\n<p style=\"text-align: center;\">7h00-15h30<\/p>\n<p style=\"text-align: center;\">Cellule de d\u00e9veloppement<\/p>\n<p style=\"text-align: center;\">7h30 &#8211; 12h00 &#8211; ferm\u00e9e l&rsquo;apr\u00e8s-midi<\/p>\n<\/div><\/li><li class=\"fusion-li-item\" style=\"\"><span class=\"icon-wrapper circle-yes\"><i class=\"fusion-li-icon fa fa-arrows-alt\" aria-hidden=\"true\"><\/i><\/span><div class=\"fusion-li-item-content\">\n<p style=\"text-align: center;\"><a href=\"https:\/\/www.tefenua.gov.pf\/tefenua\/?center=-149.56781,-17.542822&amp;zoom=17&amp;layers=fond,image_publique,service_public&amp;buttons=couches,position,info,connexion,partage&amp;embed=1\">Agrandir la carte<\/a> de droite en plein \u00e9cran<\/p>\n<\/div><\/li><\/ul><div class=\"fusion-clearfix\"><\/div><\/div><\/div><\/div><\/div>\n<div class=\"fusion-fullwidth fullwidth-box fusion-builder-row-4 nonhundred-percent-fullwidth non-hundred-percent-height-scrolling\" style=\"--awb-background-position:left top;--awb-border-color:#e5e4e4;--awb-border-radius-top-left:0px;--awb-border-radius-top-right:0px;--awb-border-radius-bottom-right:0px;--awb-border-radius-bottom-left:0px;--awb-padding-top:0px;--awb-padding-right:0px;--awb-padding-bottom:13px;--awb-padding-left:0px;--awb-border-sizes-top:0px;--awb-border-sizes-bottom:0px;--awb-flex-wrap:wrap;\" ><div class=\"fusion-builder-row fusion-row\"><div class=\"fusion-layout-column fusion_builder_column fusion-builder-column-8 fusion_builder_column_1_1 1_1 fusion-one-full fusion-column-first fusion-column-last fusion-column-no-min-height\" style=\"--awb-bg-size:cover;--awb-margin-bottom:0px;\"><div class=\"fusion-column-wrapper fusion-flex-column-wrapper-legacy\"><div class=\"fusion-text fusion-text-11\"><h1 style=\"text-align: center;\">D\u00e9couvrez les cartes des Tuamotu Gambier<\/h1>\n<\/div><div class=\"fusion-sep-clear\"><\/div><div class=\"fusion-separator fusion-full-width-sep\" style=\"margin-left: auto;margin-right: auto;width:100%;\"><\/div><div class=\"fusion-sep-clear\"><\/div><div class=\"fusion-clearfix\"><\/div><\/div><\/div><div class=\"fusion-layout-column fusion_builder_column fusion-builder-column-9 fusion_builder_column_1_1 1_1 fusion-one-full fusion-column-first fusion-column-last\" style=\"--awb-bg-size:cover;\"><div class=\"fusion-column-wrapper fusion-flex-column-wrapper-legacy\"><iframe src=https:\/\/www.tefenua.gov.pf\/tefenua\/?center=-142.685%2C-18.225&zoom=5&layers=fond&buttons=actualites%2Cconnexion%2Ccouches%2Ccredits%2Cdessin%2Cenvoi-erreur%2Cenvoi-toponyme%2Ciframe%2Citineraire%2Cpartage%2Cposition%2Cpreferences\" width=\"100%\" height=\"500\"><\/iframe>\n\n<div class=\"fusion-clearfix\"><\/div><\/div><\/div><\/div><\/div><\/p>\n","protected":false},"excerpt":{"rendered":"","protected":false},"author":13,"featured_media":0,"parent":0,"menu_order":0,"comment_status":"closed","ping_status":"closed","template":"","meta":{"_seopress_robots_primary_cat":"","_seopress_titles_title":"","_seopress_titles_desc":"","_seopress_robots_index":"","footnotes":""},"class_list":["post-5","page","type-page","status-publish","hentry"],"_links":{"self":[{"href":"https:\/\/www.service-public.pf\/ctg\/wp-json\/wp\/v2\/pages\/5","targetHints":{"allow":["GET"]}}],"collection":[{"href":"https:\/\/www.service-public.pf\/ctg\/wp-json\/wp\/v2\/pages"}],"about":[{"href":"https:\/\/www.service-public.pf\/ctg\/wp-json\/wp\/v2\/types\/page"}],"author":[{"embeddable":true,"href":"https:\/\/www.service-public.pf\/ctg\/wp-json\/wp\/v2\/users\/13"}],"replies":[{"embeddable":true,"href":"https:\/\/www.service-public.pf\/ctg\/wp-json\/wp\/v2\/comments?post=5"}],"version-history":[{"count":0,"href":"https:\/\/www.service-public.pf\/ctg\/wp-json\/wp\/v2\/pages\/5\/revisions"}],"wp:attachment":[{"href":"https:\/\/www.service-public.pf\/ctg\/wp-json\/wp\/v2\/media?parent=5"}],"curies":[{"name":"wp","href":"https:\/\/api.w.org\/{rel}","templated":true}]}}