{"id":914,"date":"2025-01-31T03:59:19","date_gmt":"2025-01-31T02:59:19","guid":{"rendered":"https:\/\/www.service-public.pf\/dac\/?page_id=914"},"modified":"2025-03-25T00:03:42","modified_gmt":"2025-03-24T23:03:42","slug":"mentions-legales","status":"publish","type":"page","link":"https:\/\/www.service-public.pf\/dac\/mentions-legales\/","title":{"rendered":"Mentions l\u00e9gales"},"content":{"rendered":"<p><div class=\"fusion-fullwidth fullwidth-box fusion-builder-row-1 fusion-flex-container has-pattern-background has-mask-background nonhundred-percent-fullwidth non-hundred-percent-height-scrolling\" style=\"--awb-border-radius-top-left:0px;--awb-border-radius-top-right:0px;--awb-border-radius-bottom-right:0px;--awb-border-radius-bottom-left:0px;--awb-padding-bottom-small:0px;--awb-margin-bottom-small:18px;--awb-background-color:var(--awb-color2);--awb-flex-wrap:wrap;\" ><div class=\"fusion-builder-row fusion-row fusion-flex-align-items-flex-start fusion-flex-content-wrap\" style=\"max-width:1248px;margin-left: calc(-4% \/ 2 );margin-right: calc(-4% \/ 2 );\"><div class=\"fusion-layout-column fusion_builder_column fusion-builder-column-0 fusion_builder_column_1_1 1_1 fusion-flex-column\" style=\"--awb-bg-size:cover;--awb-width-large:100%;--awb-margin-top-large:0px;--awb-spacing-right-large:1.92%;--awb-margin-bottom-large:0px;--awb-spacing-left-large:1.92%;--awb-width-medium:100%;--awb-order-medium:0;--awb-spacing-right-medium:1.92%;--awb-spacing-left-medium:1.92%;--awb-width-small:100%;--awb-order-small:0;--awb-spacing-right-small:1.92%;--awb-spacing-left-small:1.92%;\"><div class=\"fusion-column-wrapper fusion-column-has-shadow fusion-flex-justify-content-flex-start fusion-content-layout-column\"><nav class=\"fusion-breadcrumbs fusion-breadcrumbs-1\" style=\"--awb-margin-top:5px;--awb-margin-bottom:5px;--awb-margin-left:3%;--awb-font-size:12px;--awb-text-hover-color:var(--awb-color1);--awb-text-color:var(--awb-color5);--awb-breadcrumb-sep:&#039;\/&#039;;\" aria-label=\"Breadcrumb\"><ol class=\"awb-breadcrumb-list\"><li class=\"fusion-breadcrumb-item awb-breadcrumb-sep awb-home\" ><a href=\"https:\/\/www.service-public.pf\/dac\" class=\"fusion-breadcrumb-link\"><span >Home<\/span><\/a><\/li><\/ol><\/nav><\/div><\/div><\/div><\/div>\n<div class=\"fusion-fullwidth fullwidth-box fusion-builder-row-2 fusion-flex-container has-pattern-background has-mask-background nonhundred-percent-fullwidth non-hundred-percent-height-scrolling\" style=\"--awb-border-radius-top-left:0px;--awb-border-radius-top-right:0px;--awb-border-radius-bottom-right:0px;--awb-border-radius-bottom-left:0px;--awb-flex-wrap:wrap;\" ><div class=\"fusion-builder-row fusion-row fusion-flex-align-items-flex-start fusion-flex-content-wrap\" style=\"max-width:1248px;margin-left: calc(-4% \/ 2 );margin-right: calc(-4% \/ 2 );\"><div class=\"fusion-layout-column fusion_builder_column fusion-builder-column-1 fusion_builder_column_1_1 1_1 fusion-flex-column fusion-no-small-visibility\" style=\"--awb-bg-size:cover;--awb-width-large:100%;--awb-margin-top-large:70px;--awb-spacing-right-large:1.92%;--awb-margin-bottom-large:20px;--awb-spacing-left-large:1.92%;--awb-width-medium:100%;--awb-order-medium:0;--awb-spacing-right-medium:1.92%;--awb-spacing-left-medium:1.92%;--awb-width-small:100%;--awb-order-small:0;--awb-spacing-right-small:1.92%;--awb-spacing-left-small:1.92%;\"><div class=\"fusion-column-wrapper fusion-column-has-shadow fusion-flex-justify-content-center fusion-content-layout-row\"><div class=\"fusion-image-element \" style=\"--awb-margin-top:30px;--awb-margin-right:30px;--awb-caption-title-font-family:var(--h2_typography-font-family);--awb-caption-title-font-weight:var(--h2_typography-font-weight);--awb-caption-title-font-style:var(--h2_typography-font-style);--awb-caption-title-size:var(--h2_typography-font-size);--awb-caption-title-transform:var(--h2_typography-text-transform);--awb-caption-title-line-height:var(--h2_typography-line-height);--awb-caption-title-letter-spacing:var(--h2_typography-letter-spacing);\"><span class=\" fusion-imageframe imageframe-none imageframe-1 hover-type-none\"><img decoding=\"async\" width=\"168\" height=\"26\" title=\"Frise Small Gauche\" src=\"https:\/\/www.service-public.pf\/dac\/wp-content\/uploads\/sites\/7\/2025\/01\/frise_small_gauche.png\" alt class=\"img-responsive wp-image-878\"\/><\/span><\/div><div class=\"fusion-title title fusion-title-1 fusion-sep-none fusion-title-text fusion-title-size-one\" style=\"--awb-margin-top-small:0px;--awb-margin-right-small:0px;--awb-margin-bottom-small:20px;--awb-margin-left-small:0px;\"><h1 class=\"fusion-title-heading title-heading-left\" style=\"margin:0;\">Mentions l\u00e9gales<\/h1><\/div><div class=\"fusion-image-element \" style=\"--awb-margin-top:30px;--awb-margin-left:30px;--awb-caption-title-font-family:var(--h2_typography-font-family);--awb-caption-title-font-weight:var(--h2_typography-font-weight);--awb-caption-title-font-style:var(--h2_typography-font-style);--awb-caption-title-size:var(--h2_typography-font-size);--awb-caption-title-transform:var(--h2_typography-text-transform);--awb-caption-title-line-height:var(--h2_typography-line-height);--awb-caption-title-letter-spacing:var(--h2_typography-letter-spacing);\"><span class=\" fusion-imageframe imageframe-none imageframe-2 hover-type-none\"><img decoding=\"async\" width=\"168\" height=\"26\" title=\"Frise Small Droite\" src=\"https:\/\/www.service-public.pf\/dac\/wp-content\/uploads\/sites\/7\/2025\/01\/frise_small_droite.png\" alt class=\"img-responsive wp-image-877\"\/><\/span><\/div><\/div><\/div><div class=\"fusion-layout-column fusion_builder_column fusion-builder-column-2 fusion_builder_column_1_4 1_4 fusion-flex-column fusion-flex-align-self-stretch fusion-no-medium-visibility fusion-no-large-visibility\" style=\"--awb-bg-size:cover;--awb-width-large:25%;--awb-margin-top-large:0px;--awb-spacing-right-large:7.68%;--awb-margin-bottom-large:20px;--awb-spacing-left-large:7.68%;--awb-width-medium:100%;--awb-order-medium:0;--awb-spacing-right-medium:1.92%;--awb-spacing-left-medium:1.92%;--awb-width-small:50%;--awb-order-small:2;--awb-margin-top-small:20px;--awb-spacing-right-small:0%;--awb-margin-bottom-small:20px;--awb-spacing-left-small:0%;\"><div class=\"fusion-column-wrapper fusion-column-has-shadow fusion-flex-justify-content-center fusion-content-layout-column\"><div class=\"fusion-title title fusion-title-2 fusion-sep-none fusion-title-text fusion-title-size-two\" style=\"--awb-margin-top-small:0px;--awb-margin-right-small:0px;--awb-margin-bottom-small:20px;--awb-margin-left-small:0px;\"><h2 class=\"fusion-title-heading title-heading-left sm-text-align-center\" style=\"margin:0;\">Mentions l\u00e9gales<\/h2><\/div><\/div><\/div><div class=\"fusion-layout-column fusion_builder_column fusion-builder-column-3 fusion_builder_column_1_4 1_4 fusion-flex-column fusion-flex-align-self-stretch fusion-no-medium-visibility fusion-no-large-visibility\" style=\"--awb-bg-size:cover;--awb-width-large:25%;--awb-margin-top-large:0px;--awb-spacing-right-large:7.68%;--awb-margin-bottom-large:20px;--awb-spacing-left-large:7.68%;--awb-width-medium:100%;--awb-order-medium:0;--awb-spacing-right-medium:1.92%;--awb-spacing-left-medium:1.92%;--awb-width-small:25%;--awb-order-small:1;--awb-spacing-right-small:7.68%;--awb-spacing-left-small:7.68%;\"><div class=\"fusion-column-wrapper fusion-column-has-shadow fusion-flex-justify-content-center fusion-content-layout-column\"><div class=\"fusion-image-element \" style=\"--awb-caption-title-font-family:var(--h2_typography-font-family);--awb-caption-title-font-weight:var(--h2_typography-font-weight);--awb-caption-title-font-style:var(--h2_typography-font-style);--awb-caption-title-size:var(--h2_typography-font-size);--awb-caption-title-transform:var(--h2_typography-text-transform);--awb-caption-title-line-height:var(--h2_typography-line-height);--awb-caption-title-letter-spacing:var(--h2_typography-letter-spacing);\"><span class=\" fusion-imageframe imageframe-none imageframe-3 hover-type-none\"><img decoding=\"async\" width=\"168\" height=\"26\" title=\"Frise Small Gauche\" src=\"https:\/\/www.service-public.pf\/dac\/wp-content\/uploads\/sites\/7\/2025\/01\/frise_small_gauche.png\" alt class=\"img-responsive wp-image-878\"\/><\/span><\/div><\/div><\/div><div class=\"fusion-layout-column fusion_builder_column fusion-builder-column-4 fusion_builder_column_1_4 1_4 fusion-flex-column fusion-flex-align-self-stretch fusion-no-medium-visibility fusion-no-large-visibility\" style=\"--awb-bg-size:cover;--awb-width-large:25%;--awb-margin-top-large:0px;--awb-spacing-right-large:7.68%;--awb-margin-bottom-large:20px;--awb-spacing-left-large:7.68%;--awb-width-medium:100%;--awb-order-medium:0;--awb-spacing-right-medium:1.92%;--awb-spacing-left-medium:1.92%;--awb-width-small:25%;--awb-order-small:3;--awb-spacing-right-small:7.68%;--awb-spacing-left-small:7.68%;\"><div class=\"fusion-column-wrapper fusion-column-has-shadow fusion-flex-justify-content-center fusion-content-layout-column\"><div class=\"fusion-image-element \" style=\"--awb-caption-title-font-family:var(--h2_typography-font-family);--awb-caption-title-font-weight:var(--h2_typography-font-weight);--awb-caption-title-font-style:var(--h2_typography-font-style);--awb-caption-title-size:var(--h2_typography-font-size);--awb-caption-title-transform:var(--h2_typography-text-transform);--awb-caption-title-line-height:var(--h2_typography-line-height);--awb-caption-title-letter-spacing:var(--h2_typography-letter-spacing);\"><span class=\" fusion-imageframe imageframe-none imageframe-4 hover-type-none\"><img decoding=\"async\" width=\"168\" height=\"26\" title=\"Frise Small Droite\" src=\"https:\/\/www.service-public.pf\/dac\/wp-content\/uploads\/sites\/7\/2025\/01\/frise_small_droite.png\" alt class=\"img-responsive wp-image-877\"\/><\/span><\/div><\/div><\/div><\/div><\/div><div class=\"fusion-fullwidth fullwidth-box fusion-builder-row-3 fusion-flex-container has-pattern-background has-mask-background nonhundred-percent-fullwidth non-hundred-percent-height-scrolling\" style=\"--awb-border-radius-top-left:0px;--awb-border-radius-top-right:0px;--awb-border-radius-bottom-right:0px;--awb-border-radius-bottom-left:0px;--awb-flex-wrap:wrap;\" ><div class=\"fusion-builder-row fusion-row fusion-flex-align-items-flex-start fusion-flex-content-wrap\" style=\"max-width:1248px;margin-left: calc(-4% \/ 2 );margin-right: calc(-4% \/ 2 );\"><div class=\"fusion-layout-column fusion_builder_column fusion-builder-column-5 fusion_builder_column_1_1 1_1 fusion-flex-column\" style=\"--awb-bg-size:cover;--awb-width-large:100%;--awb-margin-top-large:50px;--awb-spacing-right-large:7.392%;--awb-margin-bottom-large:50px;--awb-spacing-left-large:7.392%;--awb-width-medium:100%;--awb-order-medium:0;--awb-spacing-right-medium:1.92%;--awb-spacing-left-medium:1.92%;--awb-width-small:100%;--awb-order-small:0;--awb-spacing-right-small:1.92%;--awb-spacing-left-small:1.92%;\"><div class=\"fusion-column-wrapper fusion-column-has-shadow fusion-flex-justify-content-flex-start fusion-content-layout-column\"><div class=\"fusion-title title fusion-title-3 fusion-sep-none fusion-title-text fusion-title-size-three\" style=\"--awb-margin-top:30px;--awb-margin-bottom:5px;--awb-margin-top-small:0px;--awb-margin-right-small:0px;--awb-margin-bottom-small:20px;--awb-margin-left-small:0px;\"><h3 class=\"fusion-title-heading title-heading-left\" style=\"margin:0;\">Publication<\/h3><\/div><div class=\"fusion-text fusion-text-1\" style=\"--awb-text-color:var(--awb-color8);--awb-margin-top:10px;--awb-text-font-family:&quot;Lexend Deca&quot;;--awb-text-font-style:normal;--awb-text-font-weight:300;\"><p>Direction de l&rsquo;Aviation Civile : <\/p>\n<\/p>\n<ul>\n<li>Immeuble Tefaifai, Puurai, Tahiti &#8211; Polyn\u00e9sie fran\u00e7aise<\/li>\n<li>T\u00e9l\u00e9phone : <a href=\"tel:+68940543720\">(689) 40 54 37 20<\/a><\/li>\n<li>T\u00e9l\u00e9copie : (689) 40 54 37 80<\/li>\n<li>Email : <a href=\"mailto:secretariat.dac@administration.gov.pf\">secretariat.dac@administration.gov.pf<\/a><\/li>\n<\/ul>\n<\/div><div class=\"fusion-title title fusion-title-4 fusion-sep-none fusion-title-text fusion-title-size-three\" style=\"--awb-margin-top:30px;--awb-margin-bottom:5px;--awb-margin-top-small:0px;--awb-margin-right-small:0px;--awb-margin-bottom-small:20px;--awb-margin-left-small:0px;\"><h3 class=\"fusion-title-heading title-heading-left\" style=\"margin:0;\">Conception et int\u00e9gration<\/h3><\/div><div class=\"fusion-text fusion-text-2\" style=\"--awb-text-color:var(--awb-color8);--awb-margin-top:10px;--awb-text-font-family:&quot;Lexend Deca&quot;;--awb-text-font-style:normal;--awb-text-font-weight:300;\"><p>#Prox-i, agence de communication sp\u00e9cialis\u00e9e dans la cr\u00e9ation de sites internet \u00e0 Tahiti, applications mobiles et conseil en communication digitale.<\/p>\n<ul>\n<li>Adresse : Centre Vaima \u2013 3\u00e8me \u00e9tage bureau n\u00b085, Papeete, Tahiti<\/li>\n<li>Adresse postale : BP 2866 \u2013 98713 Papeete, Tahiti<\/li>\n<li>Site web :&nbsp;<a href=\"https:\/\/www.prox-i.pf\/\" target=\"_blank\" rel=\"noopener noreferrer\">https:\/\/www.prox-i.pf<\/a><\/li>\n<li>T\u00e9l\u00e9phone :&nbsp;<a href=\"tel:+68940541145\">+689 40 54 11 45<\/a><\/li>\n<li>Courriel :&nbsp;<a href=\"mailto:contact@prox-i.pf\">contact@prox-i.pf&nbsp;<\/a><\/li>\n<\/ul>\n<\/div><div class=\"fusion-title title fusion-title-5 fusion-sep-none fusion-title-text fusion-title-size-three\" style=\"--awb-margin-top:30px;--awb-margin-bottom:5px;--awb-margin-top-small:0px;--awb-margin-right-small:0px;--awb-margin-bottom-small:20px;--awb-margin-left-small:0px;\"><h3 class=\"fusion-title-heading title-heading-left\" style=\"margin:0;\">H\u00e9bergement<\/h3><\/div><div class=\"fusion-text fusion-text-3\" style=\"--awb-text-color:var(--awb-color8);--awb-margin-top:10px;--awb-text-font-family:&quot;Lexend Deca&quot;;--awb-text-font-style:normal;--awb-text-font-weight:300;\"><p>Le site est h\u00e9berg\u00e9 par\u202fla Direction du Syst\u00e8me d\u2019Information de la Polyn\u00e9sie fran\u00e7aise :<\/p>\n<ul>\n<li>\n<p>Immeuble TORIKI \u2013 rue Dumont d\u2019Urville \u2013 BP 4574 98713 Papeete<\/p>\n<\/li>\n<li>\n<p>Courriel\u202f:&nbsp;<a href=\"mailto:secretariat.dsi@administration.gov.pf\">secretariat.dsi@administration.gov.pf<\/a><\/p>\n<\/li>\n<li>\n<p>T\u00e9l\u00e9copie\u202f: 40 43 56 22<\/p>\n<\/li>\n<li>\n<p>T\u00e9l\u00e9phone\u202f:&nbsp;<a href=\"tel:+68940544354\">40 54 43 54<\/a><\/p>\n<\/li>\n<\/ul>\n<\/div><div class=\"fusion-title title fusion-title-6 fusion-sep-none fusion-title-text fusion-title-size-three\" style=\"--awb-margin-top:30px;--awb-margin-bottom:5px;--awb-margin-top-small:0px;--awb-margin-right-small:0px;--awb-margin-bottom-small:20px;--awb-margin-left-small:0px;\"><h3 class=\"fusion-title-heading title-heading-left\" style=\"margin:0;\">Donn\u00e9es personnelles<\/h3><\/div><div class=\"fusion-text fusion-text-4\" style=\"--awb-text-color:var(--awb-color8);--awb-margin-top:10px;--awb-text-font-family:&quot;Lexend Deca&quot;;--awb-text-font-style:normal;--awb-text-font-weight:300;\"><p><span style=\"color: var(--awb-text-color);font-family: var(--awb-text-font-family);font-size: var(--awb-font-size);font-style: var(--awb-text-font-style);font-weight: var(--awb-text-font-weight);letter-spacing: var(--awb-letter-spacing);text-align: var(--awb-content-alignment);text-transform: var(--awb-text-transform);background-color: var(--awb-bg-color)\">Les informations collect\u00e9es vous concernant sont destin\u00e9es \u00e0 la <\/span>Direction de l&rsquo;Aviation Civile (DAC)<span style=\"color: var(--awb-text-color);font-family: var(--awb-text-font-family);font-size: var(--awb-font-size);font-style: var(--awb-text-font-style);font-weight: var(--awb-text-font-weight);letter-spacing: var(--awb-letter-spacing);text-align: var(--awb-content-alignment);text-transform: var(--awb-text-transform);background-color: var(--awb-bg-color)\">.<\/span><\/p>\n<p>La mise en ligne sur ce site de donn\u00e9es personnelles relatives aux professions r\u00e9glement\u00e9es est enregistr\u00e9e aupr\u00e8s de la CNIL sous le num\u00e9ro 2209234 v0 du 26 octobre 2018. Vous disposez d\u2019un droit d\u2019acc\u00e8s, de rectification et suppression des donn\u00e9es vous concernant en \u00e9crivant \u00e0 :<\/p>\n<\/p>\n<ul>\n<li>Immeuble Tefaifai, Puurai, Tahiti &#8211; Polyn\u00e9sie fran\u00e7aise<\/li>\n<li>T\u00e9l\u00e9phone : <a href=\"tel:+68940543720\">(689) 40 54 37 20<\/a><\/li>\n<li>T\u00e9l\u00e9copie : (689) 40 54 37 80<\/li>\n<li>Email : <a href=\"mailto:secretariat.dac@administration.gov.pf\">secretariat.dac@administration.gov.pf<\/a><\/li>\n<\/ul>\n<\/div><div class=\"fusion-title title fusion-title-7 fusion-sep-none fusion-title-text fusion-title-size-three\" style=\"--awb-margin-top:30px;--awb-margin-bottom:5px;--awb-margin-top-small:0px;--awb-margin-right-small:0px;--awb-margin-bottom-small:20px;--awb-margin-left-small:0px;\"><h3 class=\"fusion-title-heading title-heading-left\" style=\"margin:0;\">Contenus du site<\/h3><\/div><div class=\"fusion-text fusion-text-5\" style=\"--awb-text-color:var(--awb-color8);--awb-margin-top:10px;--awb-text-font-family:&quot;Lexend Deca&quot;;--awb-text-font-style:normal;--awb-text-font-weight:300;\"><p><b>Avertissement : la DAC se r\u00e9serve \u00e0 tout moment le droit de corriger des erreurs et inexactitudes d\u00e8s qu\u2019elles sont port\u00e9es \u00e0 sa connaissance. Les informations et documents pr\u00e9sents sur ce site peuvent donc \u00eatre mis \u00e0 jour \u00e0 tout moment.<\/b><\/p>\n<p><i>Liens : des liens vers d\u2019autres sites publics et priv\u00e9s sont propos\u00e9s par ce site pour faciliter l\u2019acc\u00e8s des internautes \u00e0 l\u2019information . Les contenus de ces autres sites publics et priv\u00e9s n\u2019engagent pas la responsabilit\u00e9 de la Polyn\u00e9sie fran\u00e7aise.<\/i><\/p>\n<\/div><\/div><\/div><\/div><\/div><\/p>\n","protected":false},"excerpt":{"rendered":"","protected":false},"author":341,"featured_media":0,"parent":0,"menu_order":0,"comment_status":"closed","ping_status":"closed","template":"100-width.php","meta":{"_seopress_robots_primary_cat":"","_seopress_titles_title":"","_seopress_titles_desc":"","_seopress_robots_index":"","footnotes":""},"class_list":["post-914","page","type-page","status-publish","hentry"],"_links":{"self":[{"href":"https:\/\/www.service-public.pf\/dac\/wp-json\/wp\/v2\/pages\/914","targetHints":{"allow":["GET"]}}],"collection":[{"href":"https:\/\/www.service-public.pf\/dac\/wp-json\/wp\/v2\/pages"}],"about":[{"href":"https:\/\/www.service-public.pf\/dac\/wp-json\/wp\/v2\/types\/page"}],"author":[{"embeddable":true,"href":"https:\/\/www.service-public.pf\/dac\/wp-json\/wp\/v2\/users\/341"}],"replies":[{"embeddable":true,"href":"https:\/\/www.service-public.pf\/dac\/wp-json\/wp\/v2\/comments?post=914"}],"version-history":[{"count":4,"href":"https:\/\/www.service-public.pf\/dac\/wp-json\/wp\/v2\/pages\/914\/revisions"}],"predecessor-version":[{"id":1185,"href":"https:\/\/www.service-public.pf\/dac\/wp-json\/wp\/v2\/pages\/914\/revisions\/1185"}],"wp:attachment":[{"href":"https:\/\/www.service-public.pf\/dac\/wp-json\/wp\/v2\/media?parent=914"}],"curies":[{"name":"wp","href":"https:\/\/api.w.org\/{rel}","templated":true}]}}