{"id":11007,"date":"2022-04-21T03:11:27","date_gmt":"2022-04-21T01:11:27","guid":{"rendered":"https:\/\/www.service-public.pf\/daf\/?page_id=11007"},"modified":"2022-11-08T01:53:15","modified_gmt":"2022-11-08T00:53:15","slug":"guide-du-patrimoine","status":"publish","type":"page","link":"https:\/\/www.service-public.pf\/daf\/domaine\/guide-du-patrimoine\/","title":{"rendered":"Guide du patrimoine"},"content":{"rendered":"<div class=\"fusion-fullwidth fullwidth-box fusion-builder-row-1 fusion-flex-container nonhundred-percent-fullwidth non-hundred-percent-height-scrolling\" style=\"--awb-border-radius-top-left:0px;--awb-border-radius-top-right:0px;--awb-border-radius-bottom-right:0px;--awb-border-radius-bottom-left:0px;--awb-flex-wrap:wrap;\" ><div class=\"fusion-builder-row fusion-row fusion-flex-align-items-flex-start fusion-flex-content-wrap\" style=\"max-width:1560px;margin-left: calc(-4% \/ 2 );margin-right: calc(-4% \/ 2 );\"><div class=\"fusion-layout-column fusion_builder_column fusion-builder-column-0 fusion_builder_column_1_1 1_1 fusion-flex-column\" style=\"--awb-bg-size:cover;--awb-width-large:100%;--awb-margin-top-large:0px;--awb-spacing-right-large:1.92%;--awb-margin-bottom-large:20px;--awb-spacing-left-large:1.92%;--awb-width-medium:100%;--awb-order-medium:0;--awb-spacing-right-medium:1.92%;--awb-spacing-left-medium:1.92%;--awb-width-small:100%;--awb-order-small:0;--awb-spacing-right-small:1.92%;--awb-spacing-left-small:1.92%;\"><div class=\"fusion-column-wrapper fusion-column-has-shadow fusion-flex-justify-content-flex-start fusion-content-layout-column\"><div class=\"fusion-text fusion-text-1\"><p class=\"_04xlpA direction-ltr align-start para-style-body\" style=\"text-align: center\"><strong><span style=\"text-decoration: underline\"><span class=\"JsGRdQ\">Le Pays s&rsquo;est engag\u00e9 dans une d\u00e9marche de r\u00e9forme de notre syst\u00e8me de gestion des finances publiques depuis 2017. Cette d\u00e9marche vise \u00e0 :<\/span><\/span><\/strong><\/p>\n<p class=\"_04xlpA direction-ltr align-start para-style-body\" style=\"text-align: center\"><span class=\"JsGRdQ\">&#8211; am\u00e9liorer la question de gestion ;<\/span><\/p>\n<p class=\"_04xlpA direction-ltr align-start para-style-body\" style=\"text-align: center\"><span class=\"JsGRdQ\">&#8211; tendre vers des normes et crit\u00e8res de qualit\u00e9 ;<\/span><\/p>\n<p class=\"_04xlpA direction-ltr align-start para-style-body\" style=\"text-align: center\"><span class=\"JsGRdQ\">&#8211; s&rsquo;appuyer sur des normes et recommandations du Fonds mon\u00e9taire international (FMI) ; l&rsquo;OCDE et l&rsquo;Organisation internationale des institutions sup\u00e9rieures de contr\u00f4le des finances publiques (INTOSAI).<\/span><\/p>\n<p class=\"_04xlpA direction-ltr align-start para-style-body\" style=\"text-align: center\"><span class=\"JsGRdQ\">De cette d\u00e9marche d\u00e9coule un plan, dont l&rsquo;une des actions concernait la r\u00e9daction d&rsquo;un guide des op\u00e9rations d&rsquo;inventaires de la Polyn\u00e9sie fran\u00e7aise.<\/span><\/p>\n<p class=\"_04xlpA direction-ltr align-start para-style-body\" style=\"text-align: center\"><span class=\"JsGRdQ\">En clair il s&rsquo;agissait de clarifier toutes les op\u00e9rations administratives et comptables relatives \u00e0 la gestion des biens de la Polyn\u00e9sie fran\u00e7aise. <\/span><\/p>\n<p class=\"_04xlpA direction-ltr align-start para-style-body\" style=\"text-align: center\"><span class=\"JsGRdQ\">Ce guide est donc l&rsquo;aboutissement du travail engag\u00e9 entre la Paierie, la Direction du budget et des finances et la Direction des affaires fonci\u00e8res. <\/span><\/p>\n<p class=\"_04xlpA direction-ltr align-start para-style-body\" style=\"text-align: center\"><span class=\"JsGRdQ\">Vou\u00e9 \u00e0 \u00eatre un v\u00e9ritable outil de travail, il a pour vocation d&rsquo;aider et d&rsquo;accompagner les services du Pays dans la gestion du patrimoine qui leur est confi\u00e9 ou dont ils ont la gestion.<\/span><\/p>\n<\/div><\/div><\/div><div class=\"fusion-layout-column fusion_builder_column fusion-builder-column-1 fusion_builder_column_1_1 1_1 fusion-flex-column\" style=\"--awb-bg-size:cover;--awb-width-large:100%;--awb-margin-top-large:0px;--awb-spacing-right-large:1.92%;--awb-margin-bottom-large:20px;--awb-spacing-left-large:1.92%;--awb-width-medium:100%;--awb-order-medium:0;--awb-spacing-right-medium:1.92%;--awb-spacing-left-medium:1.92%;--awb-width-small:100%;--awb-order-small:0;--awb-spacing-right-small:1.92%;--awb-spacing-left-small:1.92%;\"><div class=\"fusion-column-wrapper fusion-column-has-shadow fusion-flex-justify-content-flex-start fusion-content-layout-column\"><div class=\"fusion-text fusion-text-2\" style=\"--awb-margin-top:20px;\"><p style=\"text-align: center\"><span style=\"text-decoration: underline\">Veuillez retrouver le guide du patrimoine ci-dessous :<\/span><\/p>\n<\/div><div style=\"text-align:center;\"><a class=\"fusion-button button-flat fusion-button-default-size button-default fusion-button-default button-1 fusion-button-default-span fusion-button-default-type\" target=\"_self\" href=\"https:\/\/lexpol.cloud.pf\/LexpolGuidesFinancesPubliques.php\"><span class=\"fusion-button-text awb-button__text awb-button__text--default\">LE GUIDE DU PATRIMOINE <\/span><\/a><\/div><div class=\"fusion-text fusion-text-3\"><div id=\"cadre-gauche\">\n<div>\n<p style=\"text-align: center\"><b>Guide pratique sur les op\u00e9rations d\u2019inventaire de la Polyn\u00e9sie fran\u00e7aise<\/b><\/p>\n<p style=\"text-align: center\">Auteurs\u00a0: Direction du budget et des finances, Direction des affaires fonci\u00e8res, Paierie de la Polyn\u00e9sie fran\u00e7aise<br \/>\nMis \u00e0 jour au 15 mars 2022<\/p>\n<p style=\"text-align: center\"><b>LE GUIDE<\/b><\/p>\n<p style=\"text-align: center\">I &#8211; Les fondamentaux<br \/>\nII &#8211; Les principes de gestion des immobilisations<br \/>\nIII &#8211; proc\u00e9dures d&rsquo;entr\u00e9e et de sortie du patrimoine<br \/>\nIV &#8211; Les immobilisations transf\u00e9r\u00e9es par le pays &#8211; proc\u00e9dures particuli\u00e8res<br \/>\nV &#8211; Les autorisations d&rsquo;occupation du domaine public et du domaine prive<br \/>\nVI &#8211; l&rsquo;amortissement des immobilisations<br \/>\nVII &#8211; Les op\u00e9rations de r\u00e9gularisation sur immobilisations<br \/>\nIndex<br \/>\nR\u00e9f\u00e9rences r\u00e9glementaires<br \/>\nVoir le document <a href=\"https:\/\/lexpol.cloud.pf\/statique\/DBF\/1Guide_fondamentaux.pdf\" target=\"_blank\" rel=\"noopener\">T\u00e9l\u00e9charger le document<\/a><\/p>\n<p style=\"text-align: center\">TABLEAU RECAPITULATIF DES DIFFERENTES PROCEDURES D\u2019ENTREE ET DE SORTIE D\u2019UN BIEN DU PATRIMOINE<br \/>\nVoir le document <a href=\"https:\/\/lexpol.cloud.pf\/statique\/DBF\/2Guide_tab_recap.pdf\" target=\"_blank\" rel=\"noopener\">T\u00e9l\u00e9charger le document<\/a><\/p>\n<p style=\"text-align: center\"><b>MODELES DE DOCUMENTS<\/b><\/p>\n<p style=\"text-align: center\">Voir le document <a href=\"https:\/\/lexpol.cloud.pf\/statique\/DBF\/4Guide_Mod\u00e8les_de_docs.pdf\" target=\"_blank\" rel=\"noopener\">T\u00e9l\u00e9charger le document<\/a><\/p>\n<p style=\"text-align: center\"><b>FICHES PRATIQUES &#8211; BIENS IMMOBILIERS<\/b><\/p>\n<p style=\"text-align: center\">Voir le document <a href=\"https:\/\/lexpol.cloud.pf\/statique\/DBF\/3Guide_Sommaire_Fiches_pratiques.pdf\" target=\"_blank\" rel=\"noopener\">T\u00e9l\u00e9charger le document<\/a><\/p>\n<p style=\"text-align: center\"><b>LES ACTES DE DISPOSITION OPERANT ENTREE EN PATRIMOINE<\/b><\/p>\n<p style=\"text-align: center\">Fiche 1 &#8211; Les acquisitions \u00e0 titre on\u00e9reux<br \/>\nFiche 2 &#8211; Les acquisitions \u00e0 titre gratuit ou au franc symbolique<br \/>\nFiche 3 &#8211; Les \u00e9changes avec et sans soulte<br \/>\nVoir le document <a href=\"https:\/\/lexpol.cloud.pf\/statique\/DBF\/6Guide_Acte_dispo_entr\u00e9e.pdf\" target=\"_blank\" rel=\"noopener\">T\u00e9l\u00e9charger le document<\/a><\/p>\n<p style=\"text-align: center\"><b>LES ACTES DE DISPOSITION OPERANT SORTIE DE PATRIMOINE<\/b><\/p>\n<p style=\"text-align: center\">Fiche 4 &#8211; Les cessions \u00e0 titre on\u00e9reux<br \/>\nFiche 5 &#8211; Les cessions \u00e0 titre gratuit ou au franc symbolique<br \/>\nFiche 6 &#8211; Les affectations avec transfert de gestion envers un tiers<br \/>\nVoir le document <a href=\"https:\/\/lexpol.cloud.pf\/statique\/DBF\/7Guide_Acte_dispo_sortie.pdf\" target=\"_blank\" rel=\"noopener\">T\u00e9l\u00e9charger le document<\/a><\/p>\n<p style=\"text-align: center\"><b>FICHES PRATIQUES &#8211; BIENS MOBILIERS<\/b><\/p>\n<p style=\"text-align: center\">Fiche 7 &#8211; Les acquisitions \u00e0 titre on\u00e9reux<br \/>\nFiche 8 &#8211; Les acquisitions \u00e0 titre gratuit ou au franc symbolique<br \/>\nFiche 9 &#8211; La vente aux ench\u00e8res<br \/>\nFiche 10 &#8211; Les cessions \u00e0 titre gratuit ou au franc symbolique<br \/>\nVoir le document <a href=\"https:\/\/lexpol.cloud.pf\/statique\/DBF\/8Guide_Biens_mobiliers.pdf\" target=\"_blank\" rel=\"noopener\">T\u00e9l\u00e9charger le document<\/a><\/p>\n<p style=\"text-align: center\"><b>FICHES PRATIQUES &#8211; PROCEDURES CONNEXES <\/b><\/p>\n<p style=\"text-align: center\">Fiche 11 &#8211; La mise \u00e0 disposition<br \/>\nFiche 12 &#8211; La cr\u00e9ation d&rsquo;un bien dans le patrimoine de la PF<br \/>\nFiche 13 &#8211; Les bons usages \u00e0 adopter dans POLY GF<br \/>\nFiche 14 &#8211; La recherche d&rsquo;un bien dans POLY GF<br \/>\nFiche 15 &#8211; La cr\u00e9ation des supports budg\u00e9taires et la proc\u00e9dure des cr\u00e9dits automatiques<br \/>\nFiche 16 &#8211; Les donations de biens \u00e0 la PF<br \/>\nFiche 17 &#8211; Le d\u00e9classement<br \/>\nFiche 18 &#8211; La r\u00e9forme d&rsquo;un bien mobilier<br \/>\nFiche 19 &#8211; Les op\u00e9rations de r\u00e9gularisation sur immobilisations<br \/>\nFiche 20 &#8211; Les immobilisations sinistr\u00e9es<br \/>\nFiche 21 &#8211; Le transport des frais d&rsquo;\u00e9tudes (203) aux articles d&rsquo;immobilisations en cours<br \/>\nFiche 22 &#8211; Le transport des immobilisations en cours (23) aux articles d&rsquo;immobilisations en corporelles (21) ou incorporelles (205)<br \/>\nFiche 23 &#8211; L&rsquo;affectation de biens immobiliers par le pays \u00e0 ses services<br \/>\nVoir le document <a href=\"https:\/\/lexpol.cloud.pf\/statique\/DBF\/9Guide_proc\u00e9dures_connexes.pdf\" target=\"_blank\" rel=\"noopener\">T\u00e9l\u00e9charger le document<\/a><\/p>\n<\/div>\n<\/div>\n<\/div><\/div><\/div><\/div><\/div>\n","protected":false},"excerpt":{"rendered":"","protected":false},"author":102,"featured_media":0,"parent":2156,"menu_order":0,"comment_status":"closed","ping_status":"closed","template":"","meta":{"_seopress_robots_primary_cat":"","_seopress_titles_title":"","_seopress_titles_desc":"","_seopress_robots_index":"","footnotes":""},"class_list":["post-11007","page","type-page","status-publish","hentry"],"_links":{"self":[{"href":"https:\/\/www.service-public.pf\/daf\/wp-json\/wp\/v2\/pages\/11007","targetHints":{"allow":["GET"]}}],"collection":[{"href":"https:\/\/www.service-public.pf\/daf\/wp-json\/wp\/v2\/pages"}],"about":[{"href":"https:\/\/www.service-public.pf\/daf\/wp-json\/wp\/v2\/types\/page"}],"author":[{"embeddable":true,"href":"https:\/\/www.service-public.pf\/daf\/wp-json\/wp\/v2\/users\/102"}],"replies":[{"embeddable":true,"href":"https:\/\/www.service-public.pf\/daf\/wp-json\/wp\/v2\/comments?post=11007"}],"version-history":[{"count":0,"href":"https:\/\/www.service-public.pf\/daf\/wp-json\/wp\/v2\/pages\/11007\/revisions"}],"up":[{"embeddable":true,"href":"https:\/\/www.service-public.pf\/daf\/wp-json\/wp\/v2\/pages\/2156"}],"wp:attachment":[{"href":"https:\/\/www.service-public.pf\/daf\/wp-json\/wp\/v2\/media?parent=11007"}],"curies":[{"name":"wp","href":"https:\/\/api.w.org\/{rel}","templated":true}]}}