{"id":13426,"date":"2022-08-08T21:50:59","date_gmt":"2022-08-08T19:50:59","guid":{"rendered":"https:\/\/www.service-public.pf\/daf\/?page_id=13426"},"modified":"2022-08-10T00:29:15","modified_gmt":"2022-08-09T22:29:15","slug":"comment-sortir-de-lindivision","status":"publish","type":"page","link":"https:\/\/www.service-public.pf\/daf\/comment-sortir-de-lindivision\/","title":{"rendered":"Comment sortir de l&rsquo;indivision ?"},"content":{"rendered":"<div class=\"fusion-fullwidth fullwidth-box fusion-builder-row-1 fusion-flex-container nonhundred-percent-fullwidth non-hundred-percent-height-scrolling\" style=\"--awb-border-radius-top-left:0px;--awb-border-radius-top-right:0px;--awb-border-radius-bottom-right:0px;--awb-border-radius-bottom-left:0px;--awb-flex-wrap:wrap;\" ><div class=\"fusion-builder-row fusion-row fusion-flex-align-items-flex-start fusion-flex-content-wrap\" style=\"max-width:1560px;margin-left: calc(-4% \/ 2 );margin-right: calc(-4% \/ 2 );\"><div class=\"fusion-layout-column fusion_builder_column fusion-builder-column-0 fusion_builder_column_1_3 1_3 fusion-flex-column\" style=\"--awb-overflow:hidden;--awb-bg-size:cover;--awb-border-radius:5px 5px 5px 5px;--awb-width-large:33.333333333333%;--awb-margin-top-large:0px;--awb-spacing-right-large:5.76%;--awb-margin-bottom-large:20px;--awb-spacing-left-large:5.76%;--awb-width-medium:100%;--awb-order-medium:0;--awb-spacing-right-medium:1.92%;--awb-spacing-left-medium:1.92%;--awb-width-small:100%;--awb-order-small:0;--awb-spacing-right-small:1.92%;--awb-spacing-left-small:1.92%;\"><div class=\"fusion-column-wrapper fusion-column-has-shadow fusion-flex-justify-content-flex-start fusion-content-layout-column\"><div class=\"fusion-flip-boxes flip-boxes row fusion-columns-1 flip-effect-classic equal-heights\" style=\"--awb-flip-duration:0.6s;\"><div class=\"fusion-flip-box-wrapper fusion-column col-lg-12 col-md-12 col-sm-12\"><div class=\"fusion-flip-box flip-right\" tabindex=\"0\"><div class=\"flip-box-inner-wrapper\"><div class=\"flip-box-front\"><div class=\"flip-box-front-inner\"><div class=\"flip-box-grafix flip-box-image\"><img decoding=\"async\" src=\"https:\/\/www.service-public.pf\/daf\/wp-content\/uploads\/sites\/42\/2022\/07\/couple-holding-hands-in-green-meadow-scaled.jpg\" width=\"550\" height=\"366.74\" alt=\"\" \/><\/div><h2 class=\"flip-box-heading without-text\">LE PARTAGE JUDICIAIRE PAR SOUCHE <\/h2><\/div><\/div><div class=\"flip-box-back\"><div class=\"flip-box-back-inner\"><h3 class=\"flip-box-heading-back\">Qu'est ce que le partage par souche ? <\/h3>\n<p><span style=\"text-decoration: underline\">Sur cette page vous pourrez retrouver :<\/span><\/p>\n<p>1- des vid\u00e9os explicatives \u00e0 propos du partage judiciaire par souche<\/p>\n<p>2- des livrets d&rsquo;infos pratiques en version fran\u00e7aise et Tahitienne<em><br \/>\n<\/em><\/p>\n<p>3- les articles de lois correspondant au partage judiciaire par souche<\/p>\n<p>4- les avis concernant le partage judiciaire par souche<\/p>\n<p><strong>Toute personne int\u00e9ress\u00e9e \u00e0 ces partages dispos d&rsquo;un d\u00e9lai de 1 an \u00e0 compter de la derni\u00e8re des mesure de publicit\u00e9 ou d&rsquo;information pour intervenir volontairement \u00e0 l&rsquo;instance.<\/strong><\/p>\n<p><a href=\"https:\/\/www.service-public.pf\/daf\/3798-2\/partage-par-souche\/\" target=\"_blank\" rel=\"noopener\">(voir plus&#8230;)<\/a><\/p>\n<\/div><\/div><\/div><\/div><\/div><\/div><\/div><\/div><div class=\"fusion-layout-column fusion_builder_column fusion-builder-column-1 fusion_builder_column_1_3 1_3 fusion-flex-column\" style=\"--awb-overflow:hidden;--awb-bg-size:cover;--awb-border-radius:5px 5px 5px 5px;--awb-width-large:33.333333333333%;--awb-margin-top-large:0px;--awb-spacing-right-large:5.76%;--awb-margin-bottom-large:20px;--awb-spacing-left-large:5.76%;--awb-width-medium:100%;--awb-order-medium:0;--awb-spacing-right-medium:1.92%;--awb-spacing-left-medium:1.92%;--awb-width-small:100%;--awb-order-small:0;--awb-spacing-right-small:1.92%;--awb-spacing-left-small:1.92%;\"><div class=\"fusion-column-wrapper fusion-column-has-shadow fusion-flex-justify-content-flex-start fusion-content-layout-column\"><div class=\"fusion-flip-boxes flip-boxes row fusion-columns-1 flip-effect-classic equal-heights\" style=\"--awb-flip-duration:0.6s;\"><div class=\"fusion-flip-box-wrapper fusion-column col-lg-12 col-md-12 col-sm-12\"><div class=\"fusion-flip-box flip-right\" tabindex=\"0\"><div class=\"flip-box-inner-wrapper\"><div class=\"flip-box-front\"><div class=\"flip-box-front-inner\"><div class=\"flip-box-grafix flip-box-image\"><img decoding=\"async\" src=\"https:\/\/www.service-public.pf\/daf\/wp-content\/uploads\/sites\/42\/2021\/07\/RURUTU-ET-RIMATARA-Comp.png\" width=\"1165\" height=\"800\" alt=\"\" \/><\/div><h2 class=\"flip-box-heading without-text\">LE TITREMENT (RURUTU &amp; RIMATARA)<\/h2><\/div><\/div><div class=\"flip-box-back\"><div class=\"flip-box-back-inner\"><h3 class=\"flip-box-heading-back\">Qu'est ce que le Titrement de l'\u00eele de Rurutu et de Rimatara ? <\/h3><\/div><\/div><\/div><\/div><\/div><\/div><\/div><\/div><div class=\"fusion-layout-column fusion_builder_column fusion-builder-column-2 fusion_builder_column_1_3 1_3 fusion-flex-column\" style=\"--awb-overflow:hidden;--awb-bg-size:cover;--awb-border-radius:5px 5px 5px 5px;--awb-width-large:33.333333333333%;--awb-margin-top-large:0px;--awb-spacing-right-large:5.76%;--awb-margin-bottom-large:20px;--awb-spacing-left-large:5.76%;--awb-width-medium:100%;--awb-order-medium:0;--awb-spacing-right-medium:1.92%;--awb-spacing-left-medium:1.92%;--awb-width-small:100%;--awb-order-small:0;--awb-spacing-right-small:1.92%;--awb-spacing-left-small:1.92%;\"><div class=\"fusion-column-wrapper fusion-column-has-shadow fusion-flex-justify-content-flex-start fusion-content-layout-column\"><div class=\"fusion-flip-boxes flip-boxes row fusion-columns-1 flip-effect-classic equal-heights\" style=\"--awb-flip-duration:0.6s;\"><div class=\"fusion-flip-box-wrapper fusion-column col-lg-12 col-md-12 col-sm-12\"><div class=\"fusion-flip-box flip-right\" tabindex=\"0\"><div class=\"flip-box-inner-wrapper\"><div class=\"flip-box-front\"><div class=\"flip-box-front-inner\"><div class=\"flip-box-grafix flip-box-image\"><img decoding=\"async\" src=\"https:\/\/www.service-public.pf\/daf\/wp-content\/uploads\/sites\/42\/2022\/05\/AISI-Affiche-refaite-2022.png\" width=\"210\" height=\"296.97\" alt=\"\" \/><\/div><h2 class=\"flip-box-heading without-text\">L'AIDE INDIVIDUELLE \u00c0 LA SORTIE DE L'INDIVISION (AISI) ?<\/h2><\/div><\/div><div class=\"flip-box-back\"><div class=\"flip-box-back-inner\"><h3 class=\"flip-box-heading-back\">L'Aide Individuelle \u00e0 la Sortie d'Indivision (AISI) <\/h3>\n<p><span style=\"text-decoration: underline\">Sur cette page vous pourrez retrouver :<\/span><\/p>\n<p>1- une description succincte cette proc\u00e9dure avec le num\u00e9ro de t\u00e9l\u00e9phone l&rsquo;adresse e-mail pour plus d&rsquo;informations<\/p>\n<p>2- le formulaire \u00e0 remplir pour b\u00e9n\u00e9ficier de cette aide<em><br \/>\n<\/em><\/p>\n<p>3- plusieurs livrets pour vous aidez et vous informez dans vos d\u00e9marches<\/p>\n<p>4- des vid\u00e9os explicatives de la proc\u00e9dure en version fran\u00e7aise et tahitienne<\/p>\n<p><a href=\"https:\/\/www.service-public.pf\/daf\/__trashed-2\/\" target=\"_blank\" rel=\"noopener\">(voir plus\u2026)<\/a><\/p>\n<\/div><\/div><\/div><\/div><\/div><\/div><\/div><\/div><\/div><\/div>\n","protected":false},"excerpt":{"rendered":"","protected":false},"author":102,"featured_media":0,"parent":0,"menu_order":0,"comment_status":"closed","ping_status":"closed","template":"","meta":{"_seopress_robots_primary_cat":"","_seopress_titles_title":"","_seopress_titles_desc":"","_seopress_robots_index":"","footnotes":""},"class_list":["post-13426","page","type-page","status-publish","hentry"],"_links":{"self":[{"href":"https:\/\/www.service-public.pf\/daf\/wp-json\/wp\/v2\/pages\/13426","targetHints":{"allow":["GET"]}}],"collection":[{"href":"https:\/\/www.service-public.pf\/daf\/wp-json\/wp\/v2\/pages"}],"about":[{"href":"https:\/\/www.service-public.pf\/daf\/wp-json\/wp\/v2\/types\/page"}],"author":[{"embeddable":true,"href":"https:\/\/www.service-public.pf\/daf\/wp-json\/wp\/v2\/users\/102"}],"replies":[{"embeddable":true,"href":"https:\/\/www.service-public.pf\/daf\/wp-json\/wp\/v2\/comments?post=13426"}],"version-history":[{"count":0,"href":"https:\/\/www.service-public.pf\/daf\/wp-json\/wp\/v2\/pages\/13426\/revisions"}],"wp:attachment":[{"href":"https:\/\/www.service-public.pf\/daf\/wp-json\/wp\/v2\/media?parent=13426"}],"curies":[{"name":"wp","href":"https:\/\/api.w.org\/{rel}","templated":true}]}}