{"id":148,"date":"2017-09-15T20:44:02","date_gmt":"2017-09-15T18:44:02","guid":{"rendered":"https:\/\/www.service-public.pf\/daf\/?page_id=148"},"modified":"2025-03-27T14:14:02","modified_gmt":"2025-03-28T00:14:02","slug":"formulaires__trashed","status":"publish","type":"page","link":"https:\/\/www.service-public.pf\/daf\/formulaires__trashed\/","title":{"rendered":"FORMULAIRES"},"content":{"rendered":"<p><div class=\"fusion-fullwidth fullwidth-box fusion-builder-row-1 nonhundred-percent-fullwidth non-hundred-percent-height-scrolling\" style=\"--awb-border-radius-top-left:0px;--awb-border-radius-top-right:0px;--awb-border-radius-bottom-right:0px;--awb-border-radius-bottom-left:0px;--awb-flex-wrap:wrap;\" ><div class=\"fusion-builder-row fusion-row\"><div class=\"fusion-layout-column fusion_builder_column fusion-builder-column-0 fusion_builder_column_1_1 1_1 fusion-one-full fusion-column-first fusion-column-last\" style=\"--awb-bg-size:cover;\"><div class=\"fusion-column-wrapper fusion-column-has-shadow fusion-flex-column-wrapper-legacy\"><div class=\"fusion-sep-clear\"><\/div><div class=\"fusion-separator fusion-full-width-sep\" style=\"margin-left: auto;margin-right: auto;width:100%;\"><div class=\"fusion-separator-border sep-single sep-solid\" style=\"--awb-height:20px;--awb-amount:20px;--awb-sep-color:#995b00;border-color:#995b00;border-top-width:2px;\"><\/div><\/div><div class=\"fusion-sep-clear\"><\/div><div class=\"fusion-text fusion-text-1\"><h1 style=\"text-align: center;\"><span style=\"color: #995b00;\">MES D\u00c9MARCHES EN LIGNE<\/span><\/h1>\n<\/div><div class=\"fusion-sep-clear\"><\/div><div class=\"fusion-separator fusion-full-width-sep\" style=\"margin-left: auto;margin-right: auto;width:100%;\"><div class=\"fusion-separator-border sep-shadow\" style=\"--awb-height:20px;--awb-amount:20px;--awb-sep-color:#995b00;background:radial-gradient(ellipse at 50% -50% , #995b00 0px, rgba(255, 255, 255, 0) 80%) repeat scroll 0 0 rgba(0, 0, 0, 0);background:-webkit-radial-gradient(ellipse at 50% -50% , #995b00 0px, rgba(255, 255, 255, 0) 80%) repeat scroll 0 0 rgba(0, 0, 0, 0);background:-moz-radial-gradient(ellipse at 50% -50% , #995b00 0px, rgba(255, 255, 255, 0) 80%) repeat scroll 0 0 rgba(0, 0, 0, 0);background:-o-radial-gradient(ellipse at 50% -50% , #995b00 0px, rgba(255, 255, 255, 0) 80%) repeat scroll 0 0 rgba(0, 0, 0, 0);\"><\/div><\/div><div class=\"fusion-sep-clear\"><\/div><div class=\"fusion-clearfix\"><\/div><\/div><\/div><div class=\"fusion-layout-column fusion_builder_column fusion-builder-column-1 fusion_builder_column_1_1 1_1 fusion-one-full fusion-column-first fusion-column-last\" style=\"--awb-bg-size:cover;\"><div class=\"fusion-column-wrapper fusion-column-has-shadow fusion-flex-column-wrapper-legacy\"><div class=\"fusion-aligncenter\"><a class=\"fusion-button button-flat fusion-button-default-size button-default fusion-button-default button-1 fusion-button-default-span fusion-button-default-type\" style=\"--button_padding-top:20px;--button_padding-bottom:20px;--button_margin-top:10px;--button_margin-bottom:10px;\" target=\"_self\" href=\"https:\/\/www.service-public.pf\/daf\/amendes-pv\/\"><i class=\"fa-angle-right fas awb-button__icon awb-button__icon--default button-icon-left\" aria-hidden=\"true\"><\/i><span class=\"fusion-button-text awb-button__text awb-button__text--default\">PAYER MON AMENDE ROUTI\u00c8RE<\/span><\/a><\/div><div class=\"fusion-aligncenter\"><a class=\"fusion-button button-flat fusion-button-default-size button-default fusion-button-default button-2 fusion-button-default-span fusion-button-default-type\" style=\"--button_padding-top:20px;--button_padding-bottom:20px;--button_margin-top:10px;--button_margin-bottom:10px;\" target=\"_self\" href=\"https:\/\/www.service-public.pf\/daf\/?page_id=15814&amp;preview=true\"><i class=\"fa-angle-right fas awb-button__icon awb-button__icon--default button-icon-left\" aria-hidden=\"true\"><\/i><span class=\"fusion-button-text awb-button__text awb-button__text--default\">REQUISITION D&rsquo;ETAT HYPOTHECAIRE (PARTICULIER ET SOCIETE)<\/span><\/a><\/div><div class=\"fusion-aligncenter\"><a class=\"fusion-button button-flat fusion-button-default-size button-default fusion-button-default button-3 fusion-button-default-span fusion-button-default-type\" style=\"--button_padding-top:20px;--button_padding-bottom:20px;--button_margin-top:10px;--button_margin-bottom:10px;\" target=\"_self\" href=\"https:\/\/www.mes-demarches.gov.pf\/commencer\/daf-copie-acte-transcription\"><i class=\"fa-angle-right fas awb-button__icon awb-button__icon--default button-icon-left\" aria-hidden=\"true\"><\/i><span class=\"fusion-button-text awb-button__text awb-button__text--default\">DEMANDE DE COPIE(S) D&rsquo;ACTE(S) DE TRANSCRIPTION(S)<\/span><\/a><\/div><div class=\"fusion-aligncenter\"><a class=\"fusion-button button-flat fusion-button-default-size button-default fusion-button-default button-4 fusion-button-default-span fusion-button-default-type\" style=\"--button_padding-top:20px;--button_padding-bottom:20px;--button_margin-top:10px;--button_margin-bottom:10px;\" target=\"_self\" href=\"https:\/\/www.mes-demarches.gov.pf\/commencer\/sdidadfg-demande-d-informations-genealogiques-pour\"><i class=\"fa-angle-right fas awb-button__icon awb-button__icon--default button-icon-left\" aria-hidden=\"true\"><\/i><span class=\"fusion-button-text awb-button__text awb-button__text--default\">DEMANDE D&rsquo;INFORMATIONS G\u00c9N\u00c9ALOGIQUES (UNIQUEMENT POUR LES PROFESSIONNELS)<\/span><\/a><\/div><div class=\"fusion-aligncenter\"><a class=\"fusion-button button-flat fusion-button-default-size button-default fusion-button-default button-5 fusion-button-default-span fusion-button-default-type\" style=\"--button_padding-top:20px;--button_padding-bottom:20px;--button_margin-top:10px;--button_margin-bottom:10px;\" target=\"_self\" href=\"https:\/\/www.service-public.pf\/daf\/les-sites-publics-2\/\"><i class=\"fa-angle-right fas awb-button__icon awb-button__icon--default button-icon-left\" aria-hidden=\"true\"><\/i><span class=\"fusion-button-text awb-button__text awb-button__text--default\">DEMANDE D&rsquo;AUTORISATION D&rsquo;OCCUPATION TEMPORAIRE<\/span><\/a><\/div><div class=\"fusion-clearfix\"><\/div><\/div><\/div><\/div><\/div><div class=\"fusion-fullwidth fullwidth-box fusion-builder-row-2 nonhundred-percent-fullwidth non-hundred-percent-height-scrolling\" style=\"--awb-border-radius-top-left:0px;--awb-border-radius-top-right:0px;--awb-border-radius-bottom-right:0px;--awb-border-radius-bottom-left:0px;--awb-flex-wrap:wrap;\" ><div class=\"fusion-builder-row fusion-row\"><div class=\"fusion-layout-column fusion_builder_column fusion-builder-column-2 fusion_builder_column_1_1 1_1 fusion-one-full fusion-column-first fusion-column-last\" style=\"--awb-bg-size:cover;\"><div class=\"fusion-column-wrapper fusion-column-has-shadow fusion-flex-column-wrapper-legacy\"><div class=\"fusion-sep-clear\"><\/div><div class=\"fusion-separator fusion-full-width-sep\" style=\"margin-left: auto;margin-right: auto;width:100%;\"><div class=\"fusion-separator-border sep-single sep-solid\" style=\"--awb-height:20px;--awb-amount:20px;--awb-sep-color:#995b00;border-color:#995b00;border-top-width:2px;\"><\/div><\/div><div class=\"fusion-sep-clear\"><\/div><div class=\"fusion-text fusion-text-2\"><h1 style=\"text-align: center;\"><span style=\"color: #995b00;\"><strong>LES FORMULAIRES<\/strong><\/span><\/h1>\n<\/div><div class=\"fusion-sep-clear\"><\/div><div class=\"fusion-separator fusion-full-width-sep\" style=\"margin-left: auto;margin-right: auto;width:100%;\"><div class=\"fusion-separator-border sep-shadow\" style=\"--awb-height:20px;--awb-amount:20px;--awb-sep-color:#995b00;background:radial-gradient(ellipse at 50% -50% , #995b00 0px, rgba(255, 255, 255, 0) 80%) repeat scroll 0 0 rgba(0, 0, 0, 0);background:-webkit-radial-gradient(ellipse at 50% -50% , #995b00 0px, rgba(255, 255, 255, 0) 80%) repeat scroll 0 0 rgba(0, 0, 0, 0);background:-moz-radial-gradient(ellipse at 50% -50% , #995b00 0px, rgba(255, 255, 255, 0) 80%) repeat scroll 0 0 rgba(0, 0, 0, 0);background:-o-radial-gradient(ellipse at 50% -50% , #995b00 0px, rgba(255, 255, 255, 0) 80%) repeat scroll 0 0 rgba(0, 0, 0, 0);\"><\/div><\/div><div class=\"fusion-sep-clear\"><\/div><div class=\"fusion-clearfix\"><\/div><\/div><\/div><div class=\"fusion-layout-column fusion_builder_column fusion-builder-column-3 fusion_builder_column_1_1 1_1 fusion-one-full fusion-column-first fusion-column-last\" style=\"--awb-bg-size:cover;\"><div class=\"fusion-column-wrapper fusion-column-has-shadow fusion-flex-column-wrapper-legacy\"><div class=\"fusion-text fusion-text-3\"><\/div><strong>CLIQUEZ - ENREGISTREZ - REMPLIR - ENVOYEZ - PAYEZ - RECEVEZ<\/strong><div class=\"fusion-sep-clear\"><\/div><div class=\"fusion-separator fusion-full-width-sep\" style=\"margin-left: auto;margin-right: auto;width:100%;\"><div class=\"fusion-separator-border sep-shadow\" style=\"--awb-height:20px;--awb-amount:20px;--awb-sep-color:#995b00;background:radial-gradient(ellipse at 50% -50% , #995b00 0px, rgba(255, 255, 255, 0) 80%) repeat scroll 0 0 rgba(0, 0, 0, 0);background:-webkit-radial-gradient(ellipse at 50% -50% , #995b00 0px, rgba(255, 255, 255, 0) 80%) repeat scroll 0 0 rgba(0, 0, 0, 0);background:-moz-radial-gradient(ellipse at 50% -50% , #995b00 0px, rgba(255, 255, 255, 0) 80%) repeat scroll 0 0 rgba(0, 0, 0, 0);background:-o-radial-gradient(ellipse at 50% -50% , #995b00 0px, rgba(255, 255, 255, 0) 80%) repeat scroll 0 0 rgba(0, 0, 0, 0);\"><\/div><\/div><div class=\"fusion-sep-clear\"><\/div><div class=\"fusion-clearfix\"><\/div><\/div><\/div><div class=\"fusion-layout-column fusion_builder_column fusion-builder-column-4 fusion_builder_column_1_3 1_3 fusion-one-third fusion-column-first\" style=\"--awb-bg-color:#ffffff;--awb-bg-color-hover:#ffffff;--awb-bg-size:cover;width:33.333333333333%;width:calc(33.333333333333% - ( ( 4% + 4% ) * 0.33333333333333 ) );margin-right: 4%;\"><div class=\"fusion-column-wrapper fusion-flex-column-wrapper-legacy\"><div class=\"fusion-tabs fusion-tabs-1 classic nav-is-justified horizontal-tabs icon-position-left mobile-mode-accordion\" style=\"--awb-title-border-radius-top-left:0px;--awb-title-border-radius-top-right:0px;--awb-title-border-radius-bottom-right:0px;--awb-title-border-radius-bottom-left:0px;--awb-alignment:start;--awb-inactive-color:#f9f9fb;--awb-background-color:var(--awb-color1);--awb-border-color:#ebeaea;--awb-active-border-color:rgba(0,153,131,0.33);\"><div class=\"nav\"><ul class=\"nav-tabs nav-justified\" role=\"tablist\"><li class=\"active\" role=\"presentation\"><a class=\"tab-link\" data-toggle=\"tab\" role=\"tab\" aria-controls=\"tab-49c37b97e27007e23f7\" aria-selected=\"true\" id=\"fusion-tab-formulaires\" href=\"#tab-49c37b97e27007e23f7\"><h4 class=\"fusion-tab-heading\">FORMULAIRES<\/h4><\/a><\/li><\/ul><\/div><div class=\"tab-content\"><div class=\"nav fusion-mobile-tab-nav\"><ul class=\"nav-tabs nav-justified\" role=\"tablist\"><li class=\"active\" role=\"presentation\"><a class=\"tab-link\" data-toggle=\"tab\" role=\"tab\" aria-controls=\"tab-49c37b97e27007e23f7\" aria-selected=\"true\" id=\"mobile-fusion-tab-formulaires\" href=\"#tab-49c37b97e27007e23f7\"><h4 class=\"fusion-tab-heading\">FORMULAIRES<\/h4><\/a><\/li><\/ul><\/div><div class=\"tab-pane fade fusion-clearfix in active\" role=\"tabpanel\" tabindex=\"0\" aria-labelledby=\"fusion-tab-formulaires\" id=\"tab-49c37b97e27007e23f7\">\n<h2 style=\"text-align: center;\"><span style=\"color: #ff0000;\">POUR COMMANDER DES DOCUMENTS FONCIERS<\/span><\/h2>\n<h3 style=\"text-align: center;\"><span style=\"text-decoration: underline;\">Cliquez sur le formulaire souhait\u00e9 pour y acc\u00e9der :<\/span><\/h3>\n<ul>\n<li><a href=\"https:\/\/www.service-public.pf\/daf\/wp-content\/uploads\/sites\/42\/2024\/11\/Demande-de-copie-dacte.pdf\" target=\"_blank\" rel=\"noopener\">Copie d&rsquo;actes transcription\/inscription\/saisie\u00a0 (Titres de propri\u00e9t\u00e9)<\/a><\/li>\n<li><a href=\"https:\/\/www.service-public.pf\/daf\/wp-content\/uploads\/sites\/42\/2024\/11\/Demande-de-copie-de-revendications-tomite.pdf\" target=\"_blank\" rel=\"noopener\">Copie de revendication &#8211; Tomite<\/a><\/li>\n<li><a href=\"https:\/\/www.service-public.pf\/daf\/wp-content\/uploads\/sites\/42\/2022\/09\/Formulaire-copie-enregistrement.pdf....pdf\" target=\"_blank\" rel=\"noopener\">Extrait de copie du registre d&rsquo;enregistrement<\/a><\/li>\n<li><a href=\"https:\/\/www.service-public.pf\/daf\/wp-content\/uploads\/sites\/42\/2024\/09\/Demande-dinformations-genealogiques.pdf\" target=\"_blank\" rel=\"noopener\">Formulaire Fiches G\u00e9n\u00e9alogiques<\/a><\/li>\n<li><a href=\"https:\/\/www.service-public.pf\/daf\/wp-content\/uploads\/sites\/42\/2022\/12\/Formulaire-de-requisition-detat-particulier.pdf\" target=\"_blank\" rel=\"noopener\">R\u00e9quisition d&rsquo;\u00e9tat hypoth\u00e9caire (particulier)<\/a><\/li>\n<li><a href=\"https:\/\/www.service-public.pf\/daf\/wp-content\/uploads\/sites\/42\/2022\/12\/Formulaire-requisition-detat-societe.pdf\" target=\"_blank\" rel=\"noopener\">R\u00e9quisition d&rsquo;\u00e9tat hypoth\u00e9caire (soci\u00e9t\u00e9)<\/a><\/li>\n<li><a href=\"https:\/\/www.service-public.pf\/daf\/wp-content\/uploads\/sites\/42\/2024\/10\/Demande-de-document-cadastral-.pdf\" target=\"_blank\" rel=\"noopener\">Extrait de plan cadastral\/plan de situation\/PV de bornage<\/a><\/li>\n<li><a href=\"https:\/\/www.service-public.pf\/daf\/wp-content\/uploads\/sites\/42\/2022\/09\/Formulaire-de-copie-darret-de-la-Haute-Cour-Tahitienne-HCT.pdf\" target=\"_blank\" rel=\"noopener\">Copie arr\u00eat de la Haute Cour Tahitienne (H.C.T)<\/a><\/li>\n<li><a href=\"https:\/\/www.service-public.pf\/daf\/wp-content\/uploads\/sites\/42\/2022\/09\/Formulaire-dedition-dun-arbre-genealogique.pdf\" target=\"_blank\" rel=\"noopener\">\u00c9dition d&rsquo;arbres g\u00e9n\u00e9alogiques<\/a><\/li>\n<\/ul>\n<p><strong>\u00a0<\/strong><\/p>\n<\/div><\/div><\/div><div class=\"fusion-clearfix\"><\/div><\/div><\/div><div class=\"fusion-layout-column fusion_builder_column fusion-builder-column-5 fusion_builder_column_1_3 1_3 fusion-one-third\" style=\"--awb-bg-size:cover;width:33.333333333333%;width:calc(33.333333333333% - ( ( 4% + 4% ) * 0.33333333333333 ) );margin-right: 4%;\"><div class=\"fusion-column-wrapper fusion-column-has-shadow fusion-flex-column-wrapper-legacy\"><div class=\"fusion-image-element in-legacy-container\" style=\"--awb-caption-title-font-family:var(--h2_typography-font-family);--awb-caption-title-font-weight:var(--h2_typography-font-weight);--awb-caption-title-font-style:var(--h2_typography-font-style);--awb-caption-title-size:var(--h2_typography-font-size);--awb-caption-title-transform:var(--h2_typography-text-transform);--awb-caption-title-line-height:var(--h2_typography-line-height);--awb-caption-title-letter-spacing:var(--h2_typography-letter-spacing);\"><span class=\" fusion-imageframe imageframe-none imageframe-1 hover-type-none\"><img decoding=\"async\" width=\"1284\" height=\"908\" title=\"GIFT Commande En Ligne\" src=\"https:\/\/www.service-public.pf\/daf\/wp-content\/uploads\/sites\/42\/2022\/07\/GIFT-commande-en-ligne.gif\" alt class=\"img-responsive wp-image-13066\"\/><\/span><\/div><div class=\"fusion-clearfix\"><\/div><\/div><\/div><div class=\"fusion-layout-column fusion_builder_column fusion-builder-column-6 fusion_builder_column_1_3 1_3 fusion-one-third fusion-column-last\" style=\"--awb-bg-color:#ffffff;--awb-bg-color-hover:#ffffff;--awb-bg-size:cover;width:33.333333333333%;width:calc(33.333333333333% - ( ( 4% + 4% ) * 0.33333333333333 ) );\"><div class=\"fusion-column-wrapper fusion-flex-column-wrapper-legacy\"><div class=\"fusion-tabs fusion-tabs-2 classic nav-is-justified horizontal-tabs icon-position-left mobile-mode-accordion\" style=\"--awb-title-border-radius-top-left:0px;--awb-title-border-radius-top-right:0px;--awb-title-border-radius-bottom-right:0px;--awb-title-border-radius-bottom-left:0px;--awb-alignment:start;--awb-inactive-color:#f9f9fb;--awb-background-color:var(--awb-color1);--awb-border-color:#ebeaea;--awb-active-border-color:rgba(0,153,131,0.33);\"><div class=\"nav\"><ul class=\"nav-tabs nav-justified\" role=\"tablist\"><li class=\"active\" role=\"presentation\"><a class=\"tab-link\" data-toggle=\"tab\" role=\"tab\" aria-controls=\"tab-87da8f79d2aae8da048\" aria-selected=\"true\" id=\"fusion-tab-formulaires\" href=\"#tab-87da8f79d2aae8da048\"><h4 class=\"fusion-tab-heading\">FORMULAIRES<\/h4><\/a><\/li><\/ul><\/div><div class=\"tab-content\"><div class=\"nav fusion-mobile-tab-nav\"><ul class=\"nav-tabs nav-justified\" role=\"tablist\"><li class=\"active\" role=\"presentation\"><a class=\"tab-link\" data-toggle=\"tab\" role=\"tab\" aria-controls=\"tab-87da8f79d2aae8da048\" aria-selected=\"true\" id=\"mobile-fusion-tab-formulaires\" href=\"#tab-87da8f79d2aae8da048\"><h4 class=\"fusion-tab-heading\">FORMULAIRES<\/h4><\/a><\/li><\/ul><\/div><div class=\"tab-pane fade fusion-clearfix in active\" role=\"tabpanel\" tabindex=\"0\" aria-labelledby=\"fusion-tab-formulaires\" id=\"tab-87da8f79d2aae8da048\">\n<h2 style=\"text-align: center;\"><span style=\"color: #ff0000;\">POUR DES DEMANDES D&rsquo;AUTORISATION<\/span><\/h2>\n<h3 style=\"text-align: center;\"><span style=\"text-decoration: underline;\">Cliquez sur le formulaire souhait\u00e9 pour y acc\u00e9der :<\/span><\/h3>\n<ul>\n<li><a href=\"https:\/\/www.service-public.pf\/daf\/wp-content\/uploads\/sites\/42\/2022\/09\/Formulaire-pour-le-dispositif-daide-a-la-sortie-de-lindivision-1.pdf\" target=\"_blank\" rel=\"noopener\">Dispositif \u00ab\u00a0Aide Individuelle \u00e0 la Sortie d&rsquo;Indivision\u00a0\u00bb<\/a><\/li>\n<li><a href=\"https:\/\/www.service-public.pf\/daf\/wp-content\/uploads\/sites\/42\/2025\/03\/Formulaire-doccupation-du-domaine-de-la-Polynesie.pdf\" target=\"_blank\" rel=\"noopener\">Occupation du domaine de la Polyn\u00e9sie fran\u00e7aise<\/a><\/li>\n<li><a href=\"https:\/\/www.service-public.pf\/daf\/wp-content\/uploads\/sites\/42\/2022\/09\/Formulaire-genealogistes-1.pdf\" target=\"_blank\" rel=\"noopener\">G\u00e9n\u00e9alogiste<\/a><\/li>\n<li><a href=\"https:\/\/www.service-public.pf\/daf\/wp-content\/uploads\/sites\/42\/2022\/09\/Formulaire-mediateur-1.pdf\" target=\"_blank\" rel=\"noopener\">M\u00e9diateur foncier<\/a><\/li>\n<li><a href=\"https:\/\/www.service-public.pf\/daf\/wp-content\/uploads\/sites\/42\/2022\/09\/Formulaire-agent-transcription-1.pdf\" target=\"_blank\" rel=\"noopener\">Agent de transcription<\/a><\/li>\n<\/ul>\n<h3><\/h3>\n<\/div><\/div><\/div><div class=\"fusion-clearfix\"><\/div><\/div><\/div><div class=\"fusion-layout-column fusion_builder_column fusion-builder-column-7 fusion_builder_column_1_1 1_1 fusion-one-full fusion-column-first fusion-column-last\" style=\"--awb-bg-size:cover;\"><div class=\"fusion-column-wrapper fusion-column-has-shadow fusion-flex-column-wrapper-legacy\"><div class=\"fusion-tabs fusion-tabs-3 classic nav-is-justified horizontal-tabs icon-position-left mobile-mode-accordion\" style=\"--awb-title-border-radius-top-left:0px;--awb-title-border-radius-top-right:0px;--awb-title-border-radius-bottom-right:0px;--awb-title-border-radius-bottom-left:0px;--awb-inactive-color:#f9f9fb;--awb-background-color:var(--awb-color1);--awb-border-color:#ebeaea;--awb-active-border-color:rgba(0,153,131,0.33);\"><div class=\"nav\"><ul class=\"nav-tabs nav-justified\" role=\"tablist\"><li class=\"active\" role=\"presentation\"><a class=\"tab-link\" data-toggle=\"tab\" role=\"tab\" aria-controls=\"tab-fb1270abbf0baa172b4\" aria-selected=\"true\" id=\"fusion-tab-formulaire\" href=\"#tab-fb1270abbf0baa172b4\"><h4 class=\"fusion-tab-heading\">FORMULAIRE<\/h4><\/a><\/li><\/ul><\/div><div class=\"tab-content\"><div class=\"nav fusion-mobile-tab-nav\"><ul class=\"nav-tabs nav-justified\" role=\"tablist\"><li class=\"active\" role=\"presentation\"><a class=\"tab-link\" data-toggle=\"tab\" role=\"tab\" aria-controls=\"tab-fb1270abbf0baa172b4\" aria-selected=\"true\" id=\"mobile-fusion-tab-formulaire\" href=\"#tab-fb1270abbf0baa172b4\"><h4 class=\"fusion-tab-heading\">FORMULAIRE<\/h4><\/a><\/li><\/ul><\/div><div class=\"tab-pane fade fusion-clearfix in active\" role=\"tabpanel\" tabindex=\"0\" aria-labelledby=\"fusion-tab-formulaire\" id=\"tab-fb1270abbf0baa172b4\">\n<p style=\"text-align: center;\"><span style=\"color: #ff0000;\"><strong>TITREMENT DE RURUTU &amp; RIMATARA<\/strong><\/span><\/p>\n<ul>\n<li style=\"text-align: center;\"><a href=\"https:\/\/www.service-public.pf\/daf\/wp-content\/uploads\/sites\/42\/2022\/09\/Formulaire-titrement-1.pdf\" target=\"_blank\" rel=\"noopener\">Formulaire pour le titrement <strong>(DUPI)<\/strong><\/a><\/li>\n<\/ul>\n<\/div><\/div><\/div><div class=\"fusion-clearfix\"><\/div><\/div><\/div><div class=\"fusion-layout-column fusion_builder_column fusion-builder-column-8 fusion_builder_column_1_3 1_3 fusion-one-third fusion-column-first\" style=\"--awb-bg-size:cover;width:33.333333333333%;width:calc(33.333333333333% - ( ( 4% + 4% ) * 0.33333333333333 ) );margin-right: 4%;\"><div class=\"fusion-column-wrapper fusion-column-has-shadow fusion-flex-column-wrapper-legacy\"><div class=\"fusion-text fusion-text-4\"><h2 style=\"text-align: center;\"><strong>Commandez en ligne (Version TH)<\/strong><\/h2>\n<\/div><div class=\"fusion-clearfix\"><\/div><\/div><\/div><div class=\"fusion-layout-column fusion_builder_column fusion-builder-column-9 fusion_builder_column_1_3 1_3 fusion-one-third\" style=\"--awb-bg-color:#ffffff;--awb-bg-color-hover:#ffffff;--awb-bg-size:cover;width:33.333333333333%;width:calc(33.333333333333% - ( ( 4% + 4% ) * 0.33333333333333 ) );margin-right: 4%;\"><div class=\"fusion-column-wrapper fusion-flex-column-wrapper-legacy\"><div class=\"fusion-tabs fusion-tabs-4 classic nav-is-justified horizontal-tabs icon-position-left mobile-mode-accordion\" style=\"--awb-title-border-radius-top-left:0px;--awb-title-border-radius-top-right:0px;--awb-title-border-radius-bottom-right:0px;--awb-title-border-radius-bottom-left:0px;--awb-inactive-color:#f9f9fb;--awb-background-color:var(--awb-color1);--awb-border-color:#ebeaea;--awb-active-border-color:rgba(0,153,131,0.33);\"><div class=\"nav\"><ul class=\"nav-tabs nav-justified\" role=\"tablist\"><li class=\"active\" role=\"presentation\"><a class=\"tab-link\" data-toggle=\"tab\" role=\"tab\" aria-controls=\"tab-d7fc2cc8e5a3b48a533\" aria-selected=\"true\" id=\"fusion-tab-tutoriels\" href=\"#tab-d7fc2cc8e5a3b48a533\"><h4 class=\"fusion-tab-heading\">TUTORIELS<\/h4><\/a><\/li><\/ul><\/div><div class=\"tab-content\"><div class=\"nav fusion-mobile-tab-nav\"><ul class=\"nav-tabs nav-justified\" role=\"tablist\"><li class=\"active\" role=\"presentation\"><a class=\"tab-link\" data-toggle=\"tab\" role=\"tab\" aria-controls=\"tab-d7fc2cc8e5a3b48a533\" aria-selected=\"true\" id=\"mobile-fusion-tab-tutoriels\" href=\"#tab-d7fc2cc8e5a3b48a533\"><h4 class=\"fusion-tab-heading\">TUTORIELS<\/h4><\/a><\/li><\/ul><\/div><div class=\"tab-pane fade fusion-clearfix in active\" role=\"tabpanel\" tabindex=\"0\" aria-labelledby=\"fusion-tab-tutoriels\" id=\"tab-d7fc2cc8e5a3b48a533\">\n<h3 style=\"text-align: center;\"><strong><span style=\"color: #ff0000;\">TUTORIELS POUR VOS CONSULTATIONS ET COMMANDES CADASTRALES<\/span><\/strong><\/h3>\n<h3 style=\"text-align: center;\"><span style=\"text-decoration: underline;\">Cliquez sur ce que vous souhaitez :<\/span><\/h3>\n<h3 style=\"text-align: center;\"><a href=\"https:\/\/www.youtube.com\/watch?v=FlQi-huIPP8\" target=\"_blank\" rel=\"noopener noreferrer\">Comment consulter le Cadastre de la Polyn\u00e9sie fran\u00e7aise ?<\/a><\/h3>\n<h3 style=\"text-align: center;\"><a href=\"https:\/\/www.youtube.com\/watch?v=qzPPuAhW2UE\" target=\"_blank\" rel=\"noopener noreferrer\">Comment commander un document cadastral\u00a0 en ligne ?<\/a><\/h3>\n<\/div><\/div><\/div><div class=\"fusion-clearfix\"><\/div><\/div><\/div><div class=\"fusion-layout-column fusion_builder_column fusion-builder-column-10 fusion_builder_column_1_3 1_3 fusion-one-third fusion-column-last\" style=\"--awb-bg-size:cover;width:33.333333333333%;width:calc(33.333333333333% - ( ( 4% + 4% ) * 0.33333333333333 ) );\"><div class=\"fusion-column-wrapper fusion-column-has-shadow fusion-flex-column-wrapper-legacy\"><div class=\"fusion-text fusion-text-5\"><h2 style=\"text-align: center;\"><strong>Commandez en ligne (Version FR)<\/strong><\/h2>\n<\/div><div class=\"fusion-clearfix\"><\/div><\/div><\/div><\/div><\/div><\/p>\n","protected":false},"excerpt":{"rendered":"","protected":false},"author":98,"featured_media":0,"parent":0,"menu_order":0,"comment_status":"closed","ping_status":"closed","template":"","meta":{"_seopress_robots_primary_cat":"","_seopress_titles_title":"","_seopress_titles_desc":"","_seopress_robots_index":"","footnotes":""},"class_list":["post-148","page","type-page","status-publish","hentry"],"_links":{"self":[{"href":"https:\/\/www.service-public.pf\/daf\/wp-json\/wp\/v2\/pages\/148","targetHints":{"allow":["GET"]}}],"collection":[{"href":"https:\/\/www.service-public.pf\/daf\/wp-json\/wp\/v2\/pages"}],"about":[{"href":"https:\/\/www.service-public.pf\/daf\/wp-json\/wp\/v2\/types\/page"}],"author":[{"embeddable":true,"href":"https:\/\/www.service-public.pf\/daf\/wp-json\/wp\/v2\/users\/98"}],"replies":[{"embeddable":true,"href":"https:\/\/www.service-public.pf\/daf\/wp-json\/wp\/v2\/comments?post=148"}],"version-history":[{"count":9,"href":"https:\/\/www.service-public.pf\/daf\/wp-json\/wp\/v2\/pages\/148\/revisions"}],"predecessor-version":[{"id":18560,"href":"https:\/\/www.service-public.pf\/daf\/wp-json\/wp\/v2\/pages\/148\/revisions\/18560"}],"wp:attachment":[{"href":"https:\/\/www.service-public.pf\/daf\/wp-json\/wp\/v2\/media?parent=148"}],"curies":[{"name":"wp","href":"https:\/\/api.w.org\/{rel}","templated":true}]}}