{"id":18116,"date":"2024-10-28T13:25:12","date_gmt":"2024-10-28T23:25:12","guid":{"rendered":"https:\/\/www.service-public.pf\/daf\/?page_id=18116"},"modified":"2025-08-07T10:54:11","modified_gmt":"2025-08-07T20:54:11","slug":"nos-offres-demploi","status":"publish","type":"page","link":"https:\/\/www.service-public.pf\/daf\/actualites\/nos-offres-demploi\/","title":{"rendered":"Nos offres d&#8217;emploi"},"content":{"rendered":"<p><div class=\"fusion-fullwidth fullwidth-box fusion-builder-row-1 fusion-flex-container nonhundred-percent-fullwidth non-hundred-percent-height-scrolling\" style=\"--awb-border-radius-top-left:0px;--awb-border-radius-top-right:0px;--awb-border-radius-bottom-right:0px;--awb-border-radius-bottom-left:0px;--awb-margin-bottom:100px;--awb-flex-wrap:wrap;\" ><div class=\"fusion-builder-row fusion-row fusion-flex-align-items-flex-start fusion-flex-content-wrap\" style=\"max-width:1560px;margin-left: calc(-4% \/ 2 );margin-right: calc(-4% \/ 2 );\"><div class=\"fusion-layout-column fusion_builder_column fusion-builder-column-0 fusion_builder_column_1_1 1_1 fusion-flex-column\" style=\"--awb-bg-size:cover;--awb-width-large:100%;--awb-margin-top-large:0px;--awb-spacing-right-large:1.92%;--awb-margin-bottom-large:20px;--awb-spacing-left-large:1.92%;--awb-width-medium:100%;--awb-order-medium:0;--awb-spacing-right-medium:1.92%;--awb-spacing-left-medium:1.92%;--awb-width-small:100%;--awb-order-small:0;--awb-spacing-right-small:1.92%;--awb-spacing-left-small:1.92%;\"><div class=\"fusion-column-wrapper fusion-column-has-shadow fusion-flex-justify-content-flex-start fusion-content-layout-column\"><div class=\"fusion-text fusion-text-1\"><h1 style=\"text-align: center\"><span style=\"color: #995b00\"><strong>Nos offres d&#8217;emploi<\/strong><\/span><\/h1>\n<\/div><div class=\"fusion-separator fusion-full-width-sep\" style=\"align-self: center;margin-left: auto;margin-right: auto;width:100%;\"><div class=\"fusion-separator-border sep-shadow\" style=\"--awb-height:20px;--awb-amount:20px;--awb-sep-color:#995b00;background:radial-gradient(ellipse at 50% -50% , #995b00 0px, rgba(255, 255, 255, 0) 80%) repeat scroll 0 0 rgba(0, 0, 0, 0);background:-webkit-radial-gradient(ellipse at 50% -50% , #995b00 0px, rgba(255, 255, 255, 0) 80%) repeat scroll 0 0 rgba(0, 0, 0, 0);background:-moz-radial-gradient(ellipse at 50% -50% , #995b00 0px, rgba(255, 255, 255, 0) 80%) repeat scroll 0 0 rgba(0, 0, 0, 0);background:-o-radial-gradient(ellipse at 50% -50% , #995b00 0px, rgba(255, 255, 255, 0) 80%) repeat scroll 0 0 rgba(0, 0, 0, 0);\"><\/div><\/div><div class=\"fusion-text fusion-text-2\"><h3 style=\"text-align: center\"><span style=\"font-size: 18pt\">Explorez les opportunit\u00e9s de carri\u00e8re au sein de notre \u00e9quipe. <\/span><span style=\"font-size: 18pt\">Cliquez sur les offres ci-dessous pour en savoir plus et postuler.<\/span><\/h3>\n<\/div><div class=\"fusion-separator fusion-full-width-sep\" style=\"align-self: center;margin-left: auto;margin-right: auto;width:100%;\"><div class=\"fusion-separator-border sep-shadow\" style=\"--awb-height:20px;--awb-amount:20px;--awb-sep-color:#995b00;background:radial-gradient(ellipse at 50% -50% , #995b00 0px, rgba(255, 255, 255, 0) 80%) repeat scroll 0 0 rgba(0, 0, 0, 0);background:-webkit-radial-gradient(ellipse at 50% -50% , #995b00 0px, rgba(255, 255, 255, 0) 80%) repeat scroll 0 0 rgba(0, 0, 0, 0);background:-moz-radial-gradient(ellipse at 50% -50% , #995b00 0px, rgba(255, 255, 255, 0) 80%) repeat scroll 0 0 rgba(0, 0, 0, 0);background:-o-radial-gradient(ellipse at 50% -50% , #995b00 0px, rgba(255, 255, 255, 0) 80%) repeat scroll 0 0 rgba(0, 0, 0, 0);\"><\/div><\/div><div class=\"fusion-separator fusion-full-width-sep\" style=\"align-self: center;margin-left: auto;margin-right: auto;width:100%;\"><div class=\"fusion-separator-border sep-shadow\" style=\"--awb-height:20px;--awb-amount:20px;background:radial-gradient(ellipse at 50% -50% , #e0dede 0px, rgba(255, 255, 255, 0) 80%) repeat scroll 0 0 rgba(0, 0, 0, 0);background:-webkit-radial-gradient(ellipse at 50% -50% , #e0dede 0px, rgba(255, 255, 255, 0) 80%) repeat scroll 0 0 rgba(0, 0, 0, 0);background:-moz-radial-gradient(ellipse at 50% -50% , #e0dede 0px, rgba(255, 255, 255, 0) 80%) repeat scroll 0 0 rgba(0, 0, 0, 0);background:-o-radial-gradient(ellipse at 50% -50% , #e0dede 0px, rgba(255, 255, 255, 0) 80%) repeat scroll 0 0 rgba(0, 0, 0, 0);\"><\/div><\/div><\/div><\/div><\/div><\/div><div class=\"fusion-fullwidth fullwidth-box fusion-builder-row-2 fusion-flex-container nonhundred-percent-fullwidth non-hundred-percent-height-scrolling\" style=\"--awb-border-radius-top-left:0px;--awb-border-radius-top-right:0px;--awb-border-radius-bottom-right:0px;--awb-border-radius-bottom-left:0px;--awb-flex-wrap:wrap;\" ><div class=\"fusion-builder-row fusion-row fusion-flex-align-items-stretch fusion-flex-justify-content-center fusion-flex-content-wrap\" style=\"max-width:1560px;margin-left: calc(-4% \/ 2 );margin-right: calc(-4% \/ 2 );\"><div class=\"fusion-layout-column fusion_builder_column fusion-builder-column-1 fusion_builder_column_1_3 1_3 fusion-flex-column\" style=\"--awb-padding-top:20px;--awb-padding-right:20px;--awb-padding-bottom:20px;--awb-padding-left:20px;--awb-overflow:hidden;--awb-bg-color:var(--awb-color1);--awb-bg-color-hover:var(--awb-color1);--awb-bg-size:cover;--awb-box-shadow:0px 0px 5px -2px rgba(104,77,66,0.47);;--awb-border-color:var(--awb-custom12);--awb-border-top:1px;--awb-border-right:1px;--awb-border-bottom:1px;--awb-border-left:1px;--awb-border-style:solid;--awb-border-radius:10px 10px 10px 10px;--awb-width-large:33.333333333333%;--awb-margin-top-large:0px;--awb-spacing-right-large:5.76%;--awb-margin-bottom-large:20px;--awb-spacing-left-large:5.76%;--awb-width-medium:100%;--awb-order-medium:0;--awb-spacing-right-medium:1.92%;--awb-spacing-left-medium:1.92%;--awb-width-small:100%;--awb-order-small:0;--awb-spacing-right-small:1.92%;--awb-spacing-left-small:1.92%;\"><div class=\"fusion-column-wrapper fusion-column-has-shadow fusion-flex-justify-content-flex-start fusion-content-layout-column\"><div class=\"fusion-image-element \" style=\"--awb-margin-bottom:18px;--awb-caption-title-font-family:var(--h2_typography-font-family);--awb-caption-title-font-weight:var(--h2_typography-font-weight);--awb-caption-title-font-style:var(--h2_typography-font-style);--awb-caption-title-size:var(--h2_typography-font-size);--awb-caption-title-transform:var(--h2_typography-text-transform);--awb-caption-title-line-height:var(--h2_typography-line-height);--awb-caption-title-letter-spacing:var(--h2_typography-letter-spacing);\"><span class=\" fusion-imageframe imageframe-none imageframe-1 hover-type-none\"><img decoding=\"async\" width=\"663\" height=\"412\" title=\"Visuel Source Thumbnail Candidature BSI 1\" src=\"https:\/\/www.service-public.pf\/daf\/wp-content\/uploads\/sites\/42\/2025\/08\/visuel-source-thumbnail_candidature-BSI-1.png\" alt class=\"img-responsive wp-image-19353\" srcset=\"https:\/\/www.service-public.pf\/daf\/wp-content\/uploads\/sites\/42\/2025\/08\/visuel-source-thumbnail_candidature-BSI-1-200x124.png 200w, https:\/\/www.service-public.pf\/daf\/wp-content\/uploads\/sites\/42\/2025\/08\/visuel-source-thumbnail_candidature-BSI-1-400x249.png 400w, https:\/\/www.service-public.pf\/daf\/wp-content\/uploads\/sites\/42\/2025\/08\/visuel-source-thumbnail_candidature-BSI-1-600x373.png 600w, https:\/\/www.service-public.pf\/daf\/wp-content\/uploads\/sites\/42\/2025\/08\/visuel-source-thumbnail_candidature-BSI-1.png 663w\" sizes=\"(max-width: 800px) 100vw, (max-width: 800px) 100vw, 600px\" \/><\/span><\/div><div class=\"fusion-title title fusion-title-1 fusion-sep-none fusion-title-center fusion-title-text fusion-title-size-two\" style=\"--awb-margin-bottom:8px;--awb-margin-top-small:0px;--awb-margin-right-small:0px;--awb-margin-bottom-small:20px;--awb-margin-left-small:0px;\"><h2 class=\"fusion-title-heading title-heading-center\" style=\"margin:0;\"><span style=\"color: #5e1f03\">Chef de projet MOA<br \/>\n<\/span><\/h2><\/div><div class=\"fusion-text fusion-text-3\" style=\"--awb-content-alignment:center;--awb-font-size:19px;\"><p>Strat\u00e9gie de modernisation de la RCH<\/p>\n<\/div><div style=\"text-align:center;\"><a class=\"fusion-button button-flat fusion-button-default-size button-custom fusion-button-default button-1 fusion-button-span-no \" style=\"--button_bevel_color:var(--awb-color1);--button_bevel_color_hover:var(--awb-color1);--button_accent_color:var(--awb-color1);--button_accent_hover_color:var(--awb-color1);--button_border_hover_color:var(--awb-color1);--button-border-radius-top-left:10px;--button-border-radius-top-right:10px;--button-border-radius-bottom-right:10px;--button-border-radius-bottom-left:10px;--button_gradient_top_color:#ae8a68;--button_gradient_bottom_color:#ae8a68;--button_gradient_top_color_hover:#2fa6ef;--button_gradient_bottom_color_hover:#2fa6ef;--button_text_transform:capitalize;--button_font_size:17px;--button_line_height:26px;--button_padding-top:15px;--button_padding-right:18px;--button_padding-bottom:15px;--button_padding-left:18px;--button_margin-bottom:50px;\" target=\"_self\" href=\"https:\/\/api.dastra.eu\/v1\/client\/data-subject-request\/page?id=454&amp;key=9C2yjQRSM2lGliz14I0r746ZKnGsHjLcEba2YV99Exj\"><i class=\"fa-mouse-pointer fas awb-button__icon awb-button__icon--default button-icon-left\" aria-hidden=\"true\"><\/i><span class=\"fusion-button-text awb-button__text awb-button__text--default\">Faire une demande de droit ou poser une question sur l\u2019utilisation de mes donn\u00e9es<\/span><\/a><\/div>\n<\/div><\/div><\/div><\/div><\/p>\n","protected":false},"excerpt":{"rendered":"","protected":false},"author":334,"featured_media":0,"parent":4898,"menu_order":0,"comment_status":"closed","ping_status":"closed","template":"","meta":{"_seopress_robots_primary_cat":"","_seopress_titles_title":"","_seopress_titles_desc":"","_seopress_robots_index":"","footnotes":""},"class_list":["post-18116","page","type-page","status-publish","hentry"],"_links":{"self":[{"href":"https:\/\/www.service-public.pf\/daf\/wp-json\/wp\/v2\/pages\/18116","targetHints":{"allow":["GET"]}}],"collection":[{"href":"https:\/\/www.service-public.pf\/daf\/wp-json\/wp\/v2\/pages"}],"about":[{"href":"https:\/\/www.service-public.pf\/daf\/wp-json\/wp\/v2\/types\/page"}],"author":[{"embeddable":true,"href":"https:\/\/www.service-public.pf\/daf\/wp-json\/wp\/v2\/users\/334"}],"replies":[{"embeddable":true,"href":"https:\/\/www.service-public.pf\/daf\/wp-json\/wp\/v2\/comments?post=18116"}],"version-history":[{"count":20,"href":"https:\/\/www.service-public.pf\/daf\/wp-json\/wp\/v2\/pages\/18116\/revisions"}],"predecessor-version":[{"id":19358,"href":"https:\/\/www.service-public.pf\/daf\/wp-json\/wp\/v2\/pages\/18116\/revisions\/19358"}],"up":[{"embeddable":true,"href":"https:\/\/www.service-public.pf\/daf\/wp-json\/wp\/v2\/pages\/4898"}],"wp:attachment":[{"href":"https:\/\/www.service-public.pf\/daf\/wp-json\/wp\/v2\/media?parent=18116"}],"curies":[{"name":"wp","href":"https:\/\/api.w.org\/{rel}","templated":true}]}}