{"id":19541,"date":"2025-12-01T15:11:05","date_gmt":"2025-12-02T01:11:05","guid":{"rendered":"https:\/\/www.service-public.pf\/daf\/?page_id=19541"},"modified":"2025-12-01T15:17:36","modified_gmt":"2025-12-02T01:17:36","slug":"a-propos-2025","status":"publish","type":"page","link":"https:\/\/www.service-public.pf\/daf\/a-propos-2025\/","title":{"rendered":"\u00c0 propos 2025"},"content":{"rendered":"<p><div class=\"fusion-fullwidth fullwidth-box fusion-builder-row-1 fusion-flex-container has-pattern-background has-mask-background nonhundred-percent-fullwidth non-hundred-percent-height-scrolling\" style=\"--awb-border-radius-top-left:0px;--awb-border-radius-top-right:0px;--awb-border-radius-bottom-right:0px;--awb-border-radius-bottom-left:0px;--awb-flex-wrap:wrap;\" ><div class=\"fusion-builder-row fusion-row fusion-flex-align-items-flex-start fusion-flex-content-wrap\" style=\"max-width:1560px;margin-left: calc(-4% \/ 2 );margin-right: calc(-4% \/ 2 );\"><div class=\"fusion-layout-column fusion_builder_column fusion-builder-column-0 fusion_builder_column_1_1 1_1 fusion-flex-column\" style=\"--awb-bg-size:cover;--awb-width-large:100%;--awb-margin-top-large:0px;--awb-spacing-right-large:1.92%;--awb-margin-bottom-large:20px;--awb-spacing-left-large:1.92%;--awb-width-medium:100%;--awb-order-medium:0;--awb-spacing-right-medium:1.92%;--awb-spacing-left-medium:1.92%;--awb-width-small:100%;--awb-order-small:0;--awb-spacing-right-small:1.92%;--awb-spacing-left-small:1.92%;\"><div class=\"fusion-column-wrapper fusion-column-has-shadow fusion-flex-justify-content-flex-start fusion-content-layout-column\"><div class=\"fusion-text fusion-text-1\">\n<\/div><\/div><\/div><\/div><\/div><div class=\"fusion-fullwidth fullwidth-box fusion-builder-row-2 nonhundred-percent-fullwidth non-hundred-percent-height-scrolling\" style=\"--awb-border-radius-top-left:0px;--awb-border-radius-top-right:0px;--awb-border-radius-bottom-right:0px;--awb-border-radius-bottom-left:0px;--awb-flex-wrap:wrap;\" ><div class=\"fusion-builder-row fusion-row\"><div class=\"fusion-layout-column fusion_builder_column fusion-builder-column-1 fusion_builder_column_1_4 1_4 fusion-one-fourth fusion-column-first\" style=\"--awb-bg-size:cover;width:25%;width:calc(25% - ( ( 4% + 4% + 4% ) * 0.25 ) );margin-right: 4%;\"><div class=\"fusion-column-wrapper fusion-column-has-shadow fusion-flex-column-wrapper-legacy\"><div class=\"fusion-flip-boxes flip-boxes row fusion-columns-1 flip-effect-3d equal-heights\" style=\"--awb-flip-duration:0.6s;\"><div class=\"fusion-flip-box-wrapper fusion-column col-lg-12 col-md-12 col-sm-12\"><div class=\"fusion-flip-box flip-right\" tabindex=\"0\"><div class=\"flip-box-inner-wrapper\"><div class=\"flip-box-front\" style=\"--awb-border-color:#aa3b04;--awb-border-size:5px;--awb-background-color-front:#ffffff;--awb-title-front-color:#aa3b04;--awb-text-front-color:#000000;\"><div class=\"flip-box-front-inner\"><div class=\"flip-box-grafix flip-box-image\"><img decoding=\"async\" src=\"https:\/\/www.service-public.pf\/daf\/wp-content\/uploads\/sites\/42\/2020\/09\/Assistance-aux-particuliers.png\" width=\"500\" height=\"470.27\" alt=\"\" \/><\/div><h2 class=\"flip-box-heading without-text\">ASSISTANCE AUX PARTICULIERS<\/h2><\/div><\/div><div class=\"flip-box-back\" style=\"--awb-border-color:#aa3b04;--awb-border-size:5px;--awb-background-color-back:#ffffff;--awb-title-back-color:#aa3b04;--awb-text-back-color:#000000;\"><div class=\"flip-box-back-inner\"><h3 class=\"flip-box-heading-back\">SIAD<\/h3>\n<p style=\"text-align: center\"><strong><a href=\"https:\/\/www.service-public.pf\/daf\/3798-2\/\" rel=\"noopener noreferrer\">LA SECTION D\u2019INFORMATION &amp; D\u2019ACC\u00c8S AUX DOCUMENTS FONCIERS &amp; G\u00c9N\u00c9ALOGIQUES<\/a><\/strong><\/p>\n<ul style=\"list-style-type: disc\">\n<li style=\"text-align: center\">Ses missions<\/li>\n<li style=\"text-align: center\">Guichet unique et liste des documents fonciers<\/li>\n<li style=\"text-align: center\"><a href=\"https:\/\/www.service-public.pf\/daf\/__trashed-2\/\" target=\"_blank\" rel=\"noopener\">Aide Individuelle \u00e0 la Sortie d\u2019Indivision<\/a><\/li>\n<li style=\"text-align: center\"><a href=\"https:\/\/www.service-public.pf\/daf\/titrement\/\" target=\"_blank\" rel=\"noopener\">Titrement de l\u2019\u00eele de Rurutu &amp; de Rimatara<\/a><\/li>\n<li style=\"text-align: center\">Les professions du secteur<\/li>\n<li style=\"text-align: center\">Payer les amendes du code la route<\/li>\n<\/ul>\n<\/div><\/div><\/div><\/div><\/div><\/div><div class=\"clearfix\"><\/div><div class=\"fusion-clearfix\"><\/div><\/div><\/div><div class=\"fusion-layout-column fusion_builder_column fusion-builder-column-2 fusion_builder_column_1_4 1_4 fusion-one-fourth\" style=\"--awb-bg-size:cover;width:25%;width:calc(25% - ( ( 4% + 4% + 4% ) * 0.25 ) );margin-right: 4%;\"><div class=\"fusion-column-wrapper fusion-column-has-shadow fusion-flex-column-wrapper-legacy\"><div class=\"fusion-flip-boxes flip-boxes row fusion-columns-1 flip-effect-3d equal-heights\" style=\"--awb-flip-duration:0.6s;\"><div class=\"fusion-flip-box-wrapper fusion-column col-lg-12 col-md-12 col-sm-12\"><div class=\"fusion-flip-box flip-right\" tabindex=\"0\"><div class=\"flip-box-inner-wrapper\"><div class=\"flip-box-front\" style=\"--awb-border-color:#009984;--awb-border-size:5px;--awb-background-color-front:#ffffff;--awb-title-front-color:#009984;--awb-text-front-color:#000000;\"><div class=\"flip-box-front-inner\"><div class=\"flip-box-grafix flip-box-image\"><img decoding=\"async\" src=\"https:\/\/www.service-public.pf\/daf\/wp-content\/uploads\/sites\/42\/2020\/08\/D\u00c9LIMITATION-DES-TITRES-.png-VERT.png\" width=\"400\" height=\"377.24\" alt=\"\" \/><\/div><h2 class=\"flip-box-heading without-text\">D\u00c9LIMITATION DES TERRES<\/h2><\/div><\/div><div class=\"flip-box-back\" style=\"--awb-border-color:#009984;--awb-border-size:5px;--awb-background-color-back:#ffffff;--awb-title-back-color:#009984;--awb-text-back-color:#000000;\"><div class=\"flip-box-back-inner\"><h3 class=\"flip-box-heading-back\">CADASTRE-TOPOGRAPHIE<\/h3>\n<p style=\"text-align: center\"><strong><a href=\"https:\/\/www.service-public.pf\/daf\/cadastre\/?preview=true\">LA SECTION CADASTRE-TOPOGRAPHIE<\/a><\/strong><\/p>\n<ul style=\"list-style-type: disc\">\n<li style=\"text-align: center\">Ses missions<\/li>\n<li style=\"text-align: center\"><a href=\"https:\/\/www.otia.gov.pf\/cadastre-webapp\/#map.html?id=Niveau0_POLYNESIE\" target=\"_blank\" rel=\"noopener\">OTIA<\/a><\/li>\n<li style=\"text-align: center\">Plan cadastral<\/li>\n<li style=\"text-align: center\">Les mairies qui d\u00e9livrent le cadastre<\/li>\n<li style=\"text-align: center\">La <a href=\"https:\/\/www.service-public.pf\/daf\/section-topographie\/\" target=\"_blank\" rel=\"noopener\">SECTION TOPOGRAPHIE<\/a><\/li>\n<li style=\"text-align: center\">La liste des produits en vente par la cellule topographie<\/li>\n<li style=\"text-align: center\">Catalogue de cartes<\/li>\n<li style=\"text-align: center\">Demande de carte topographiques<\/li>\n<\/ul>\n<\/div><\/div><\/div><\/div><\/div><\/div><div class=\"clearfix\"><\/div><div class=\"fusion-clearfix\"><\/div><\/div><\/div><div class=\"fusion-layout-column fusion_builder_column fusion-builder-column-3 fusion_builder_column_1_4 1_4 fusion-one-fourth\" style=\"--awb-bg-size:cover;width:25%;width:calc(25% - ( ( 4% + 4% + 4% ) * 0.25 ) );margin-right: 4%;\"><div class=\"fusion-column-wrapper fusion-column-has-shadow fusion-flex-column-wrapper-legacy\"><div class=\"fusion-flip-boxes flip-boxes row fusion-columns-1 flip-effect-3d\" style=\"--awb-flip-duration:0.6s;\"><div class=\"fusion-flip-box-wrapper fusion-column col-lg-12 col-md-12 col-sm-12\"><div class=\"fusion-flip-box flip-right\" tabindex=\"0\"><div class=\"flip-box-inner-wrapper\"><div class=\"flip-box-front\" style=\"--awb-border-color:#366f82;--awb-border-size:5px;--awb-background-color-front:#ffffff;--awb-title-front-color:#366f82;--awb-text-front-color:#000000;\"><div class=\"flip-box-front-inner\"><div class=\"flip-box-grafix flip-box-image\"><img decoding=\"async\" src=\"https:\/\/www.service-public.pf\/daf\/wp-content\/uploads\/sites\/42\/2020\/09\/GESTION-DOMANIALE-.png-BLEU.png\" width=\"400\" height=\"377.24\" alt=\"\" \/><\/div><h2 class=\"flip-box-heading without-text\">GESTION DOMANIALE<\/h2><\/div><\/div><div class=\"flip-box-back\" style=\"--awb-border-color:#366f82;--awb-border-size:5px;--awb-background-color-back:#ffffff;--awb-title-back-color:#366f82;--awb-text-back-color:#000000;\"><div class=\"flip-box-back-inner\"><h3 class=\"flip-box-heading-back\">DOMAINE<\/h3>\n<p style=\"text-align: center\"><strong><a href=\"https:\/\/www.service-public.pf\/daf\/domaine\/?preview=true\">LA SECTION DU DOMAINE<\/a><\/strong><\/p>\n<ul style=\"list-style-type: disc\">\n<li style=\"text-align: center\">Ses missions<\/li>\n<li style=\"text-align: center\">Le domaine public<\/li>\n<li style=\"text-align: center\">Le domaine priv\u00e9<\/li>\n<li style=\"text-align: center\">Le domaine public maritime<\/li>\n<li style=\"text-align: center\"><a href=\"https:\/\/www.service-public.pf\/daf\/wp-content\/uploads\/sites\/42\/2020\/12\/Formulaire-doccupation-du-domaine-de-la-Polyn%C3%A9sie-DPM-LOC.pdf\" target=\"_blank\" rel=\"noopener\">Demande d\u2019occupation public maritime<\/a>\n<ul style=\"list-style-type: disc\">\n<li><a href=\"https:\/\/www.service-public.pf\/daf\/les-sites-publics-2\/\" target=\"_blank\" rel=\"noopener\">Demande d\u2019occupation de site public g\u00e9r\u00e9 par la Direction des Affaires fonci\u00e8res<\/a><\/li>\n<\/ul>\n<\/li>\n<li style=\"text-align: center\">Type de demande + contact<\/li>\n<\/ul>\n<\/div><\/div><\/div><\/div><\/div><\/div><div class=\"clearfix\"><\/div><div class=\"fusion-clearfix\"><\/div><\/div><\/div><div class=\"fusion-layout-column fusion_builder_column fusion-builder-column-4 fusion_builder_column_1_4 1_4 fusion-one-fourth fusion-column-last\" style=\"--awb-bg-size:cover;width:25%;width:calc(25% - ( ( 4% + 4% + 4% ) * 0.25 ) );\"><div class=\"fusion-column-wrapper fusion-column-has-shadow fusion-flex-column-wrapper-legacy\"><div class=\"fusion-flip-boxes flip-boxes row fusion-columns-1 flip-effect-3d\" style=\"--awb-flip-duration:0.6s;\"><div class=\"fusion-flip-box-wrapper fusion-column col-lg-12 col-md-12 col-sm-12\"><div class=\"fusion-flip-box flip-right\" tabindex=\"0\"><div class=\"flip-box-inner-wrapper\"><div class=\"flip-box-front\" style=\"--awb-border-color:#6b4d42;--awb-border-size:5px;--awb-background-color-front:#ffffff;--awb-title-front-color:#6b4d42;--awb-text-front-color:#000000;\"><div class=\"flip-box-front-inner\"><div class=\"flip-box-grafix flip-box-image\"><img decoding=\"async\" src=\"https:\/\/www.service-public.pf\/daf\/wp-content\/uploads\/sites\/42\/2020\/09\/Conservation-des-titres.png\" width=\"400\" height=\"380.54\" alt=\"\" \/><\/div><h2 class=\"flip-box-heading without-text\">CONSERVATION DES TITRES<\/h2><\/div><\/div><div class=\"flip-box-back\" style=\"--awb-border-color:#6b4d42;--awb-border-size:5px;--awb-background-color-back:#ffffff;--awb-title-back-color:#6b4d42;--awb-text-back-color:#000000;\"><div class=\"flip-box-back-inner\"><h3 class=\"flip-box-heading-back\">RCH<\/h3>\n<p style=\"text-align: center\"><strong><a href=\"https:\/\/www.service-public.pf\/daf\/recette-conservation-des-hypotheques\/?preview=true\">LA SECTION RECETTE CONSERVATION DES HYPOTH\u00c8QUES<\/a><\/strong><\/p>\n<ul>\n<li style=\"text-align: center\">Ses missions<\/li>\n<\/ul>\n<\/div><\/div><\/div><\/div><\/div><\/div><div class=\"clearfix\"><\/div><div class=\"fusion-clearfix\"><\/div><\/div><\/div><\/div><\/div>\n<div class=\"fusion-fullwidth fullwidth-box fusion-builder-row-3 fusion-flex-container nonhundred-percent-fullwidth non-hundred-percent-height-scrolling\" style=\"--awb-border-radius-top-left:0px;--awb-border-radius-top-right:0px;--awb-border-radius-bottom-right:0px;--awb-border-radius-bottom-left:0px;--awb-flex-wrap:wrap;\" ><div class=\"fusion-builder-row fusion-row fusion-flex-align-items-flex-start fusion-flex-content-wrap\" style=\"max-width:1560px;margin-left: calc(-4% \/ 2 );margin-right: calc(-4% \/ 2 );\"><div class=\"fusion-layout-column fusion_builder_column fusion-builder-column-5 fusion_builder_column_1_1 1_1 fusion-flex-column\" style=\"--awb-bg-size:cover;--awb-width-large:100%;--awb-margin-top-large:0px;--awb-spacing-right-large:1.92%;--awb-margin-bottom-large:20px;--awb-spacing-left-large:1.92%;--awb-width-medium:100%;--awb-order-medium:0;--awb-spacing-right-medium:1.92%;--awb-spacing-left-medium:1.92%;--awb-width-small:100%;--awb-order-small:0;--awb-spacing-right-small:1.92%;--awb-spacing-left-small:1.92%;\"><div class=\"fusion-column-wrapper fusion-column-has-shadow fusion-flex-justify-content-flex-start fusion-content-layout-column\"><div class=\"fusion-text fusion-text-2\"><p class=\"fusion-responsive-typography-calculated\" style=\"text-align: center\" data-fontsize=\"18\" data-lineheight=\"27px\">La\u00a0<strong>DAF<\/strong>\u00a0a \u00e9t\u00e9 cr\u00e9\u00e9e en 1997 par la\u00a0<a href=\"https:\/\/lexpol.cloud.pf\/document.php?document=190787&amp;deb=1128&amp;fin=1130&amp;titre=RMOpbGliw6lyYXRpb24gbsKwIDk3LTg3IEFQRiBkdSAyOS8wNS8xOTk3\" target=\"_blank\" rel=\"noopener noreferrer\"><strong>d\u00e9lib\u00e9ration n\u00b0\u00a097-87 APF du 29 mai 1997<\/strong><\/a>.<\/p>\n<p class=\"fusion-responsive-typography-calculated\" style=\"text-align: center\" data-fontsize=\"18\" data-lineheight=\"27px\">C\u2019est une structure unique qui rassemble toutes les fonctions administratives touchant aux questions fonci\u00e8res.<\/p>\n<p class=\"fusion-responsive-typography-calculated\" style=\"text-align: center\" data-fontsize=\"18\" data-lineheight=\"27px\">Elle est \u00e0 la fois le service des\u00a0<strong>affaires de terre<\/strong>, le service du\u00a0<strong>cadastre<\/strong>, le service des\u00a0<strong>domaines<\/strong>\u00a0et de l\u2019<strong>enregistrement<\/strong>.<\/p>\n<\/div><\/div><\/div><\/div><\/div>\n<\/p>\n","protected":false},"excerpt":{"rendered":"","protected":false},"author":334,"featured_media":0,"parent":0,"menu_order":0,"comment_status":"closed","ping_status":"closed","template":"","meta":{"_seopress_robots_primary_cat":"","_seopress_titles_title":"","_seopress_titles_desc":"","_seopress_robots_index":"","footnotes":""},"class_list":["post-19541","page","type-page","status-publish","hentry"],"_links":{"self":[{"href":"https:\/\/www.service-public.pf\/daf\/wp-json\/wp\/v2\/pages\/19541","targetHints":{"allow":["GET"]}}],"collection":[{"href":"https:\/\/www.service-public.pf\/daf\/wp-json\/wp\/v2\/pages"}],"about":[{"href":"https:\/\/www.service-public.pf\/daf\/wp-json\/wp\/v2\/types\/page"}],"author":[{"embeddable":true,"href":"https:\/\/www.service-public.pf\/daf\/wp-json\/wp\/v2\/users\/334"}],"replies":[{"embeddable":true,"href":"https:\/\/www.service-public.pf\/daf\/wp-json\/wp\/v2\/comments?post=19541"}],"version-history":[{"count":3,"href":"https:\/\/www.service-public.pf\/daf\/wp-json\/wp\/v2\/pages\/19541\/revisions"}],"predecessor-version":[{"id":19552,"href":"https:\/\/www.service-public.pf\/daf\/wp-json\/wp\/v2\/pages\/19541\/revisions\/19552"}],"wp:attachment":[{"href":"https:\/\/www.service-public.pf\/daf\/wp-json\/wp\/v2\/media?parent=19541"}],"curies":[{"name":"wp","href":"https:\/\/api.w.org\/{rel}","templated":true}]}}