{"id":4964,"date":"2021-01-27T06:59:45","date_gmt":"2021-01-27T05:59:45","guid":{"rendered":"https:\/\/www.service-public.pf\/daf\/?page_id=4964"},"modified":"2025-01-16T10:14:37","modified_gmt":"2025-01-16T20:14:37","slug":"geometres","status":"publish","type":"page","link":"https:\/\/www.service-public.pf\/daf\/reglementation\/geometres\/","title":{"rendered":"G\u00e9om\u00e8tres"},"content":{"rendered":"<p><div class=\"fusion-fullwidth fullwidth-box fusion-builder-row-1 nonhundred-percent-fullwidth non-hundred-percent-height-scrolling\" style=\"--awb-border-radius-top-left:0px;--awb-border-radius-top-right:0px;--awb-border-radius-bottom-right:0px;--awb-border-radius-bottom-left:0px;--awb-flex-wrap:wrap;\" ><div class=\"fusion-builder-row fusion-row\"><div class=\"fusion-layout-column fusion_builder_column fusion-builder-column-0 fusion_builder_column_1_1 1_1 fusion-one-full fusion-column-first fusion-column-last\" style=\"--awb-padding-top:10px;--awb-padding-right:10px;--awb-padding-bottom:10px;--awb-padding-left:10px;--awb-overflow:hidden;--awb-bg-color:#472500;--awb-bg-color-hover:#472500;--awb-bg-size:cover;--awb-border-radius:10px 10px 10px 10px;\"><div class=\"fusion-column-wrapper fusion-column-has-shadow fusion-flex-column-wrapper-legacy\"><div class=\"fusion-title title fusion-title-1 fusion-sep-none fusion-title-center fusion-title-text fusion-title-size-one\" style=\"--awb-margin-top-small:0px;--awb-margin-right-small:0px;--awb-margin-bottom-small:20px;--awb-margin-left-small:0px;\"><h1 class=\"fusion-title-heading title-heading-center\" style=\"margin:0;\"><h1 style=\"text-align: center\"><span style=\"color: #995b00\">QU&rsquo;EST CE QUE C&rsquo;EST QU&rsquo;UN G\u00c9OM\u00c8TRE ?<\/span><\/h1><\/h1><\/div><div class=\"fusion-text fusion-text-1\"><p style=\"text-align: center\"><span style=\"color: #995b00\"><strong><span style=\"text-decoration: underline\">Les g\u00e9om\u00e8tres-experts fonciers et les g\u00e9om\u00e8tres-topographes sont des techniciens exer\u00e7ant une profession lib\u00e9rale qui, en leur propre nom et sous leur responsabilit\u00e9 personnelle<\/span> :<\/strong><\/span><\/p>\n<p style=\"text-align: center\"><span style=\"color: #ffffff\">1. L\u00e8vent et dressent, \u00e0 toutes \u00e9chelles, les documents topographiques, proc\u00e8dent \u00e0 toutes op\u00e9rations techniques ou \u00e9tudes s&rsquo;y rapportant ou en d\u00e9coulant ;<\/span><\/p>\n<p style=\"text-align: center\"><span style=\"color: #ffffff\">2. Fixent les limites des biens fonciers, proc\u00e8dent \u00e0 toutes op\u00e9rations techniques ou \u00e9tudes sur l&rsquo;\u00e9valuation, le partage, la mutation ou la gestion des biens fonciers.<\/span><\/p>\n<p style=\"text-align: center\"><span style=\"color: #995b00\"><strong><span style=\"text-decoration: underline\">Les g\u00e9om\u00e8tres-experts fonciers sont seuls habilit\u00e9s \u00e0<\/span> :<\/strong><\/span><\/p>\n<p style=\"text-align: center\"><span style=\"color: #ffffff\">1. \u00c9tablir les travaux de triangulation de pr\u00e9cision \u00e0 l&rsquo;\u00e9chelle d&rsquo;une commune ou d&rsquo;une \u00eele de la Polyn\u00e9sie fran\u00e7aise ;<\/span><\/p>\n<p style=\"text-align: center\"><span style=\"color: #ffffff\">2 .Proc\u00e9der aux \u00e9tudes de placement des titres de propri\u00e9t\u00e9 (tomite) ;<\/span><\/p>\n<p style=\"text-align: center\"><span style=\"color: #ffffff\">3. Concourrir aux chantiers d&rsquo;\u00e9tudes fonci\u00e8res de la Polyn\u00e9sie fran\u00e7aise et de ses \u00e9tablissement publics.<\/span><\/p>\n<\/div><div class=\"fusion-clearfix\"><\/div><\/div><\/div><\/div><\/div><div class=\"fusion-fullwidth fullwidth-box fusion-builder-row-2 nonhundred-percent-fullwidth non-hundred-percent-height-scrolling\" style=\"--awb-border-radius-top-left:0px;--awb-border-radius-top-right:0px;--awb-border-radius-bottom-right:0px;--awb-border-radius-bottom-left:0px;--awb-flex-wrap:wrap;\" ><div class=\"fusion-builder-row fusion-row\"><div class=\"fusion-layout-column fusion_builder_column fusion-builder-column-1 fusion_builder_column_1_3 1_3 fusion-one-third fusion-column-first\" style=\"--awb-bg-size:cover;--awb-border-color:#995b00;--awb-border-style:solid;width:33.333333333333%;width:calc(33.333333333333% - ( ( 4% + 4% ) * 0.33333333333333 ) );margin-right: 4%;\"><div class=\"fusion-column-wrapper fusion-column-has-shadow fusion-flex-column-wrapper-legacy\"><div class=\"fusion-text fusion-text-2\"><p><img decoding=\"async\" class=\"alignnone wp-image-273 aligncenter\" src=\"https:\/\/www.service-public.pf\/daf\/wp-content\/uploads\/sites\/42\/2017\/10\/geometre-en-dessin-1-223x300.jpg\" alt=\"\" width=\"223\" height=\"300\" srcset=\"https:\/\/www.service-public.pf\/daf\/wp-content\/uploads\/sites\/42\/2017\/10\/geometre-en-dessin-1-200x270.jpg 200w, https:\/\/www.service-public.pf\/daf\/wp-content\/uploads\/sites\/42\/2017\/10\/geometre-en-dessin-1-223x300.jpg 223w, https:\/\/www.service-public.pf\/daf\/wp-content\/uploads\/sites\/42\/2017\/10\/geometre-en-dessin-1.jpg 270w\" sizes=\"(max-width: 223px) 100vw, 223px\" \/><\/p>\n<\/div><div class=\"fusion-clearfix\"><\/div><\/div><\/div><div class=\"fusion-layout-column fusion_builder_column fusion-builder-column-2 fusion_builder_column_1_3 1_3 fusion-one-third\" style=\"--awb-bg-size:cover;width:33.333333333333%;width:calc(33.333333333333% - ( ( 4% + 4% ) * 0.33333333333333 ) );margin-right: 4%;\"><div class=\"fusion-column-wrapper fusion-column-has-shadow fusion-flex-column-wrapper-legacy\"><div class=\"fusion-title title fusion-title-2 fusion-sep-none fusion-title-center fusion-title-text fusion-title-size-one\" style=\"--awb-margin-top-small:0px;--awb-margin-right-small:0px;--awb-margin-bottom-small:20px;--awb-margin-left-small:0px;\"><h1 class=\"fusion-title-heading title-heading-center\" style=\"margin:0;\"><h1 style=\"text-align: center\">VOUS SOUHAITEZ ?<\/h1><\/h1><\/div><div class=\"fusion-text fusion-text-3\"><h2><span style=\"color: #ffffff\">.<\/span><\/h2>\n<h2 style=\"text-align: center\"><a href=\"https:\/\/www.service-public.pf\/daf\/wp-content\/uploads\/sites\/42\/2025\/01\/TABLEAU-OGPF_30-12-2024.pdf\" target=\"_blank\" rel=\"noopener noreferrer\">&gt; Avoir la liste des g\u00e9om\u00e8tres<\/a><\/h2>\n<h2 style=\"text-align: center\"><\/h2>\n<\/div><div class=\"fusion-clearfix\"><\/div><\/div><\/div><div class=\"fusion-layout-column fusion_builder_column fusion-builder-column-3 fusion_builder_column_1_3 1_3 fusion-one-third fusion-column-last\" style=\"--awb-bg-size:cover;--awb-border-color:#995b00;--awb-border-style:solid;width:33.333333333333%;width:calc(33.333333333333% - ( ( 4% + 4% ) * 0.33333333333333 ) );\"><div class=\"fusion-column-wrapper fusion-column-has-shadow fusion-flex-column-wrapper-legacy\"><div class=\"fusion-image-element in-legacy-container\" style=\"--awb-caption-title-font-family:var(--h2_typography-font-family);--awb-caption-title-font-weight:var(--h2_typography-font-weight);--awb-caption-title-font-style:var(--h2_typography-font-style);--awb-caption-title-size:var(--h2_typography-font-size);--awb-caption-title-transform:var(--h2_typography-text-transform);--awb-caption-title-line-height:var(--h2_typography-line-height);--awb-caption-title-letter-spacing:var(--h2_typography-letter-spacing);\"><span class=\" fusion-imageframe imageframe-none imageframe-1 hover-type-none\"><img decoding=\"async\" width=\"300\" height=\"300\" title=\"Geometre Dessin 2\" src=\"https:\/\/www.service-public.pf\/daf\/wp-content\/uploads\/sites\/42\/2021\/01\/geometre-dessin-2-300x300.jpg\" alt class=\"img-responsive wp-image-5072\" srcset=\"https:\/\/www.service-public.pf\/daf\/wp-content\/uploads\/sites\/42\/2021\/01\/geometre-dessin-2-200x200.jpg 200w, https:\/\/www.service-public.pf\/daf\/wp-content\/uploads\/sites\/42\/2021\/01\/geometre-dessin-2.jpg 400w\" sizes=\"(max-width: 800px) 100vw, 300px\" \/><\/span><\/div><div class=\"fusion-clearfix\"><\/div><\/div><\/div><\/div><\/div><div class=\"fusion-fullwidth fullwidth-box fusion-builder-row-3 nonhundred-percent-fullwidth non-hundred-percent-height-scrolling\" style=\"--awb-border-radius-top-left:0px;--awb-border-radius-top-right:0px;--awb-border-radius-bottom-right:0px;--awb-border-radius-bottom-left:0px;--awb-flex-wrap:wrap;\" ><div class=\"fusion-builder-row fusion-row\"><div class=\"fusion-layout-column fusion_builder_column fusion-builder-column-4 fusion_builder_column_1_5 1_5 fusion-one-fifth fusion-column-first\" style=\"--awb-bg-size:cover;width:20%;width:calc(20% - ( ( 4% + 4% ) * 0.2 ) );margin-right: 4%;\"><div class=\"fusion-column-wrapper fusion-column-has-shadow fusion-flex-column-wrapper-legacy\"><div class=\"fusion-clearfix\"><\/div><\/div><\/div><div class=\"fusion-layout-column fusion_builder_column fusion-builder-column-5 fusion_builder_column_3_5 3_5 fusion-three-fifth\" style=\"--awb-padding-top:10px;--awb-padding-right:10px;--awb-padding-bottom:10px;--awb-padding-left:10px;--awb-overflow:hidden;--awb-bg-color:#472500;--awb-bg-color-hover:#472500;--awb-bg-size:cover;--awb-border-radius:10px 10px 10px 10px;width:60%;width:calc(60% - ( ( 4% + 4% ) * 0.6 ) );margin-right: 4%;\"><div class=\"fusion-column-wrapper fusion-column-has-shadow fusion-flex-column-wrapper-legacy\"><div class=\"fusion-text fusion-text-4\"><h2 style=\"text-align: center\"><a href=\"http:\/\/lexpol.cloud.pf\/document.php?document=315955&amp;deb=2501&amp;fin=2506&amp;titre=TG9pIGR1IFBheXMgbsKwIDIwMTQtMTYgZHUgMjUvMDYvMjAxNA==\" target=\"_blank\" rel=\"noopener noreferrer\"><span style=\"color: #ff0000\">&gt;\u009eLoi du Pays 2014-16 du 25 juin 2014<\/span><\/a><\/h2>\n<h2 style=\"text-align: center\"><a href=\"http:\/\/lexpol.cloud.pf\/document.php?document=324718&amp;deb=1416&amp;fin=1428&amp;titre=QXJyw6p0w6kgbsKwIDgxIENNIGR1IDI4LzAxLzIwMTY=\" target=\"_blank\" rel=\"noopener noreferrer\"><span style=\"color: #ff0000\">&gt;\u009eArr\u00eat\u00e9 81 CM du 28\/01\/2016<\/span><\/a><\/h2>\n<\/div><div class=\"fusion-clearfix\"><\/div><\/div><\/div><div class=\"fusion-layout-column fusion_builder_column fusion-builder-column-6 fusion_builder_column_1_5 1_5 fusion-one-fifth fusion-column-last\" style=\"--awb-bg-size:cover;width:20%;width:calc(20% - ( ( 4% + 4% ) * 0.2 ) );\"><div class=\"fusion-column-wrapper fusion-column-has-shadow fusion-flex-column-wrapper-legacy\"><div class=\"fusion-clearfix\"><\/div><\/div><\/div><\/div><\/div><\/p>\n","protected":false},"excerpt":{"rendered":"","protected":false},"author":102,"featured_media":0,"parent":125,"menu_order":0,"comment_status":"closed","ping_status":"closed","template":"","meta":{"_seopress_robots_primary_cat":"","_seopress_titles_title":"","_seopress_titles_desc":"","_seopress_robots_index":"","footnotes":""},"class_list":["post-4964","page","type-page","status-publish","hentry"],"_links":{"self":[{"href":"https:\/\/www.service-public.pf\/daf\/wp-json\/wp\/v2\/pages\/4964","targetHints":{"allow":["GET"]}}],"collection":[{"href":"https:\/\/www.service-public.pf\/daf\/wp-json\/wp\/v2\/pages"}],"about":[{"href":"https:\/\/www.service-public.pf\/daf\/wp-json\/wp\/v2\/types\/page"}],"author":[{"embeddable":true,"href":"https:\/\/www.service-public.pf\/daf\/wp-json\/wp\/v2\/users\/102"}],"replies":[{"embeddable":true,"href":"https:\/\/www.service-public.pf\/daf\/wp-json\/wp\/v2\/comments?post=4964"}],"version-history":[{"count":1,"href":"https:\/\/www.service-public.pf\/daf\/wp-json\/wp\/v2\/pages\/4964\/revisions"}],"predecessor-version":[{"id":18225,"href":"https:\/\/www.service-public.pf\/daf\/wp-json\/wp\/v2\/pages\/4964\/revisions\/18225"}],"up":[{"embeddable":true,"href":"https:\/\/www.service-public.pf\/daf\/wp-json\/wp\/v2\/pages\/125"}],"wp:attachment":[{"href":"https:\/\/www.service-public.pf\/daf\/wp-json\/wp\/v2\/media?parent=4964"}],"curies":[{"name":"wp","href":"https:\/\/api.w.org\/{rel}","templated":true}]}}