{"id":4968,"date":"2021-01-27T07:00:20","date_gmt":"2021-01-27T06:00:20","guid":{"rendered":"https:\/\/www.service-public.pf\/daf\/?page_id=4968"},"modified":"2025-06-20T07:55:43","modified_gmt":"2025-06-20T17:55:43","slug":"genealogistes-2","status":"publish","type":"page","link":"https:\/\/www.service-public.pf\/daf\/reglementation\/genealogistes-2\/","title":{"rendered":"G\u00e9n\u00e9alogistes"},"content":{"rendered":"<p><div class=\"fusion-fullwidth fullwidth-box fusion-builder-row-1 nonhundred-percent-fullwidth non-hundred-percent-height-scrolling\" style=\"--awb-border-radius-top-left:0px;--awb-border-radius-top-right:0px;--awb-border-radius-bottom-right:0px;--awb-border-radius-bottom-left:0px;--awb-flex-wrap:wrap;\" ><div class=\"fusion-builder-row fusion-row\"><div class=\"fusion-layout-column fusion_builder_column fusion-builder-column-0 fusion_builder_column_1_1 1_1 fusion-one-full fusion-column-first fusion-column-last\" style=\"--awb-padding-top:10px;--awb-padding-right:10px;--awb-padding-bottom:10px;--awb-padding-left:10px;--awb-overflow:hidden;--awb-bg-color:#472500;--awb-bg-color-hover:#472500;--awb-bg-size:cover;--awb-border-radius:10px 10px 10px 10px;\"><div class=\"fusion-column-wrapper fusion-column-has-shadow fusion-flex-column-wrapper-legacy\"><div class=\"fusion-title title fusion-title-1 fusion-sep-none fusion-title-center fusion-title-text fusion-title-size-one\" style=\"--awb-margin-top-small:0px;--awb-margin-right-small:0px;--awb-margin-bottom-small:20px;--awb-margin-left-small:0px;\"><h1 class=\"fusion-title-heading title-heading-center\" style=\"margin:0;\"><h1 style=\"text-align: center\"><span style=\"color: #995b00\">QU&rsquo;EST CE QUE C&rsquo;EST QU&rsquo;UN G\u00c9N\u00c9ALOGISTE ?<\/span><\/h1><\/h1><\/div><div class=\"fusion-text fusion-text-1\"><p style=\"text-align: center\"><span style=\"color: #ffffff\">Les\u00a0<strong>g\u00e9n\u00e9alogistes<\/strong>\u00a0r\u00e9alisent, m\u00eame \u00e0 titre accessoire, pour le compte d\u2019un tiers et moyennant r\u00e9tribution, des recherches sur l\u2019origine, les filiations et les alliances de personnes et la composition des familles.<\/span><\/p>\n<\/div><div class=\"fusion-clearfix\"><\/div><\/div><\/div><\/div><\/div><div class=\"fusion-fullwidth fullwidth-box fusion-builder-row-2 nonhundred-percent-fullwidth non-hundred-percent-height-scrolling\" style=\"--awb-border-radius-top-left:0px;--awb-border-radius-top-right:0px;--awb-border-radius-bottom-right:0px;--awb-border-radius-bottom-left:0px;--awb-flex-wrap:wrap;\" ><div class=\"fusion-builder-row fusion-row\"><div class=\"fusion-layout-column fusion_builder_column fusion-builder-column-1 fusion_builder_column_1_3 1_3 fusion-one-third fusion-column-first\" style=\"--awb-bg-size:cover;--awb-border-color:#995b00;--awb-border-style:solid;width:33.333333333333%;width:calc(33.333333333333% - ( ( 4% + 4% ) * 0.33333333333333 ) );margin-right: 4%;\"><div class=\"fusion-column-wrapper fusion-column-has-shadow fusion-flex-column-wrapper-legacy\"><div class=\"fusion-image-element fusion-image-align-center in-legacy-container\" style=\"text-align:center;--awb-caption-title-font-family:var(--h2_typography-font-family);--awb-caption-title-font-weight:var(--h2_typography-font-weight);--awb-caption-title-font-style:var(--h2_typography-font-style);--awb-caption-title-size:var(--h2_typography-font-size);--awb-caption-title-transform:var(--h2_typography-text-transform);--awb-caption-title-line-height:var(--h2_typography-line-height);--awb-caption-title-letter-spacing:var(--h2_typography-letter-spacing);\"><div class=\"imageframe-align-center\"><span class=\" fusion-imageframe imageframe-none imageframe-1 hover-type-none\"><img decoding=\"async\" width=\"300\" height=\"300\" title=\"G\u00e9nalogiste\" src=\"https:\/\/www.service-public.pf\/daf\/wp-content\/uploads\/sites\/42\/2021\/01\/family-300x300.png\" alt class=\"img-responsive wp-image-5109\" srcset=\"https:\/\/www.service-public.pf\/daf\/wp-content\/uploads\/sites\/42\/2021\/01\/family-200x200.png 200w, https:\/\/www.service-public.pf\/daf\/wp-content\/uploads\/sites\/42\/2021\/01\/family-400x400.png 400w, https:\/\/www.service-public.pf\/daf\/wp-content\/uploads\/sites\/42\/2021\/01\/family-600x600.png 600w, https:\/\/www.service-public.pf\/daf\/wp-content\/uploads\/sites\/42\/2021\/01\/family.png 626w\" sizes=\"(max-width: 800px) 100vw, 600px\" \/><\/span><\/div><\/div><div class=\"fusion-clearfix\"><\/div><\/div><\/div><div class=\"fusion-layout-column fusion_builder_column fusion-builder-column-2 fusion_builder_column_1_3 1_3 fusion-one-third\" style=\"--awb-bg-size:cover;width:33.333333333333%;width:calc(33.333333333333% - ( ( 4% + 4% ) * 0.33333333333333 ) );margin-right: 4%;\"><div class=\"fusion-column-wrapper fusion-column-has-shadow fusion-flex-column-wrapper-legacy\"><div class=\"fusion-title title fusion-title-2 fusion-sep-none fusion-title-center fusion-title-text fusion-title-size-one\" style=\"--awb-margin-top-small:0px;--awb-margin-right-small:0px;--awb-margin-bottom-small:20px;--awb-margin-left-small:0px;\"><h1 class=\"fusion-title-heading title-heading-center\" style=\"margin:0;\"><h1 style=\"text-align: center\">VOUS SOUHAITEZ ?<\/h1><\/h1><\/div><div class=\"fusion-text fusion-text-2\"><h2 style=\"text-align: center\"><strong><a href=\"https:\/\/www.service-public.pf\/daf\/wp-content\/uploads\/sites\/42\/2025\/06\/Liste-des-27-genealogistes-2025-v2.pdf\" target=\"_blank\" rel=\"noopener noreferrer\">&gt; La liste des g\u00e9n\u00e9alogistes<\/a><\/strong><\/h2>\n<h2 style=\"text-align: center\"><strong><a href=\"https:\/\/www.service-public.pf\/daf\/wp-content\/uploads\/sites\/42\/2025\/06\/Tarif-des-27-genealogistes-06.2025.pdf\" target=\"_blank\" rel=\"noopener noreferrer\">&gt; Les tarifs des g\u00e9n\u00e9alogistes<\/a><\/strong><\/h2>\n<h2 style=\"text-align: center\"><strong><a href=\"https:\/\/www.service-public.pf\/daf\/wp-content\/uploads\/sites\/42\/2021\/03\/Formulaire-genealogistes.pdf\" target=\"_blank\" rel=\"noopener noreferrer\">&gt; Le formulaire de demande d\u2019exercer la profession de g\u00e9n\u00e9alogiste<\/a><\/strong><\/h2>\n<\/div><div class=\"fusion-clearfix\"><\/div><\/div><\/div><div class=\"fusion-layout-column fusion_builder_column fusion-builder-column-3 fusion_builder_column_1_3 1_3 fusion-one-third fusion-column-last\" style=\"--awb-bg-size:cover;--awb-border-color:#995b00;--awb-border-style:solid;width:33.333333333333%;width:calc(33.333333333333% - ( ( 4% + 4% ) * 0.33333333333333 ) );\"><div class=\"fusion-column-wrapper fusion-column-has-shadow fusion-flex-column-wrapper-legacy\"><div class=\"fusion-image-element fusion-image-align-center in-legacy-container\" style=\"text-align:center;--awb-aspect-ratio:2 \/ 1;--awb-caption-title-font-family:var(--h2_typography-font-family);--awb-caption-title-font-weight:var(--h2_typography-font-weight);--awb-caption-title-font-style:var(--h2_typography-font-style);--awb-caption-title-size:var(--h2_typography-font-size);--awb-caption-title-transform:var(--h2_typography-text-transform);--awb-caption-title-line-height:var(--h2_typography-line-height);--awb-caption-title-letter-spacing:var(--h2_typography-letter-spacing);\"><div class=\"imageframe-align-center\"><span class=\" fusion-imageframe imageframe-none imageframe-2 hover-type-none has-aspect-ratio\"><img decoding=\"async\" width=\"300\" height=\"200\" title=\"Soft Focus Of An Old Book Of Local Records With List Of Residents&rsquo; Names And Information\" src=\"https:\/\/www.service-public.pf\/daf\/wp-content\/uploads\/sites\/42\/2022\/08\/Genealogistes-300x200.jpg\" class=\"img-responsive wp-image-13897 img-with-aspect-ratio\" data-parent-fit=\"cover\" data-parent-container=\".fusion-image-element\" alt srcset=\"https:\/\/www.service-public.pf\/daf\/wp-content\/uploads\/sites\/42\/2022\/08\/Genealogistes-200x133.jpg 200w, https:\/\/www.service-public.pf\/daf\/wp-content\/uploads\/sites\/42\/2022\/08\/Genealogistes-400x267.jpg 400w, https:\/\/www.service-public.pf\/daf\/wp-content\/uploads\/sites\/42\/2022\/08\/Genealogistes-600x400.jpg 600w, https:\/\/www.service-public.pf\/daf\/wp-content\/uploads\/sites\/42\/2022\/08\/Genealogistes-800x533.jpg 800w, https:\/\/www.service-public.pf\/daf\/wp-content\/uploads\/sites\/42\/2022\/08\/Genealogistes-1200x800.jpg 1200w\" sizes=\"(max-width: 800px) 100vw, 600px\" \/><\/span><\/div><\/div><div class=\"fusion-clearfix\"><\/div><\/div><\/div><\/div><\/div><\/p>\n","protected":false},"excerpt":{"rendered":"","protected":false},"author":102,"featured_media":0,"parent":125,"menu_order":0,"comment_status":"closed","ping_status":"closed","template":"","meta":{"_seopress_robots_primary_cat":"","_seopress_titles_title":"","_seopress_titles_desc":"","_seopress_robots_index":"","footnotes":""},"class_list":["post-4968","page","type-page","status-publish","hentry"],"_links":{"self":[{"href":"https:\/\/www.service-public.pf\/daf\/wp-json\/wp\/v2\/pages\/4968","targetHints":{"allow":["GET"]}}],"collection":[{"href":"https:\/\/www.service-public.pf\/daf\/wp-json\/wp\/v2\/pages"}],"about":[{"href":"https:\/\/www.service-public.pf\/daf\/wp-json\/wp\/v2\/types\/page"}],"author":[{"embeddable":true,"href":"https:\/\/www.service-public.pf\/daf\/wp-json\/wp\/v2\/users\/102"}],"replies":[{"embeddable":true,"href":"https:\/\/www.service-public.pf\/daf\/wp-json\/wp\/v2\/comments?post=4968"}],"version-history":[{"count":5,"href":"https:\/\/www.service-public.pf\/daf\/wp-json\/wp\/v2\/pages\/4968\/revisions"}],"predecessor-version":[{"id":19107,"href":"https:\/\/www.service-public.pf\/daf\/wp-json\/wp\/v2\/pages\/4968\/revisions\/19107"}],"up":[{"embeddable":true,"href":"https:\/\/www.service-public.pf\/daf\/wp-json\/wp\/v2\/pages\/125"}],"wp:attachment":[{"href":"https:\/\/www.service-public.pf\/daf\/wp-json\/wp\/v2\/media?parent=4968"}],"curies":[{"name":"wp","href":"https:\/\/api.w.org\/{rel}","templated":true}]}}