{"id":4972,"date":"2021-01-27T07:03:15","date_gmt":"2021-01-27T06:03:15","guid":{"rendered":"https:\/\/www.service-public.pf\/daf\/?page_id=4972"},"modified":"2026-03-10T09:20:53","modified_gmt":"2026-03-10T19:20:53","slug":"mediateurs-foncier","status":"publish","type":"page","link":"https:\/\/www.service-public.pf\/daf\/mediateurs-foncier\/","title":{"rendered":"M\u00e9diateurs foncier"},"content":{"rendered":"<p><div class=\"fusion-fullwidth fullwidth-box fusion-builder-row-1 nonhundred-percent-fullwidth non-hundred-percent-height-scrolling\" style=\"--awb-border-radius-top-left:0px;--awb-border-radius-top-right:0px;--awb-border-radius-bottom-right:0px;--awb-border-radius-bottom-left:0px;--awb-flex-wrap:wrap;\" ><div class=\"fusion-builder-row fusion-row\"><div class=\"fusion-layout-column fusion_builder_column fusion-builder-column-0 fusion_builder_column_1_1 1_1 fusion-one-full fusion-column-first fusion-column-last\" style=\"--awb-padding-top:10px;--awb-padding-right:10px;--awb-padding-bottom:10px;--awb-padding-left:10px;--awb-overflow:hidden;--awb-bg-color:#472500;--awb-bg-color-hover:#472500;--awb-bg-size:cover;--awb-border-radius:10px 10px 10px 10px;\"><div class=\"fusion-column-wrapper fusion-column-has-shadow fusion-flex-column-wrapper-legacy\"><div class=\"fusion-title title fusion-title-1 fusion-sep-none fusion-title-center fusion-title-text fusion-title-size-one\" style=\"--awb-margin-top-small:0px;--awb-margin-right-small:0px;--awb-margin-bottom-small:20px;--awb-margin-left-small:0px;\"><h1 class=\"fusion-title-heading title-heading-center\" style=\"margin:0;\"><h1 style=\"text-align: center\"><span style=\"color: #995b00\">QU&rsquo;EST CE QU&rsquo;UN M\u00c9DIATEUR FONCIER ?<\/span><\/h1><\/h1><\/div><div class=\"fusion-text fusion-text-1\"><p style=\"text-align: center\"><span style=\"color: #ffffff\">La\u00a0<strong>m\u00e9diation\u00a0<\/strong>fonci\u00e8re s\u2019entend, de tout processus structur\u00e9, par lequel deux ou plusieurs parties tentent de parvenir \u00e0 un accord, en dehors ou en parall\u00e8le d\u2019une proc\u00e9dure judiciaire, en vue de la r\u00e9solution amiable de tout ou partie de leurs diff\u00e9rends dans un litige entrant dans le champ de comp\u00e9tence du tribunal de premi\u00e8re instance statuant en mati\u00e8re fonci\u00e8re, avec l\u2019aide d\u2019un tiers, le m\u00e9diateur choisi par elles ou par le tribunal de premi\u00e8re instance statuant en mati\u00e8re fonci\u00e8re, et ce y compris en r\u00e9f\u00e9r\u00e9.<\/span><\/p>\n<\/div><div class=\"fusion-clearfix\"><\/div><\/div><\/div><\/div><\/div><div class=\"fusion-fullwidth fullwidth-box fusion-builder-row-2 nonhundred-percent-fullwidth non-hundred-percent-height-scrolling\" style=\"--awb-border-radius-top-left:0px;--awb-border-radius-top-right:0px;--awb-border-radius-bottom-right:0px;--awb-border-radius-bottom-left:0px;--awb-flex-wrap:wrap;\" ><div class=\"fusion-builder-row fusion-row\"><div class=\"fusion-layout-column fusion_builder_column fusion-builder-column-1 fusion_builder_column_1_3 1_3 fusion-one-third fusion-column-first\" style=\"--awb-bg-size:cover;--awb-border-color:#995b00;--awb-border-style:solid;width:33.333333333333%;width:calc(33.333333333333% - ( ( 4% + 4% ) * 0.33333333333333 ) );margin-right: 4%;\"><div class=\"fusion-column-wrapper fusion-column-has-shadow fusion-flex-column-wrapper-legacy\"><div class=\"fusion-title title fusion-title-2 fusion-sep-none fusion-title-center fusion-title-text fusion-title-size-one\" style=\"--awb-margin-top-small:0px;--awb-margin-right-small:0px;--awb-margin-bottom-small:20px;--awb-margin-left-small:0px;\"><h1 class=\"fusion-title-heading title-heading-center\" style=\"margin:0;\"><h3 style=\"text-align: center\"><strong><a href=\"http:\/\/lexpol.cloud.pf\/document.php?document=327360&amp;deb=7787&amp;fin=7790&amp;titre=TG9pIGR1IFBheXMgbsKwIDIwMTctMzcgZHUgMzAvMTEvMjAxNw==\" target=\"_blank\" rel=\"noopener noreferrer\">&gt; LP 2017-37 du 30\/11\/2017<\/a><\/strong><\/h3><\/h1><\/div><div class=\"fusion-image-element in-legacy-container\" style=\"--awb-caption-title-font-family:var(--h2_typography-font-family);--awb-caption-title-font-weight:var(--h2_typography-font-weight);--awb-caption-title-font-style:var(--h2_typography-font-style);--awb-caption-title-size:var(--h2_typography-font-size);--awb-caption-title-transform:var(--h2_typography-text-transform);--awb-caption-title-line-height:var(--h2_typography-line-height);--awb-caption-title-letter-spacing:var(--h2_typography-letter-spacing);\"><span class=\" fusion-imageframe imageframe-none imageframe-1 hover-type-zoomin\"><a class=\"fusion-no-lightbox\" href=\"http:\/\/lexpol.cloud.pf\/document.php?document=327360&amp;deb=7787&amp;fin=7790&amp;titre=TG9pIGR1IFBheXMgbsKwIDIwMTctMzcgZHUgMzAvMTEvMjAxNw==\" target=\"_blank\" aria-label=\"LP M\u00e9diateur Foncier\" rel=\"noopener noreferrer\"><img decoding=\"async\" width=\"1024\" height=\"867\" src=\"https:\/\/www.service-public.pf\/daf\/wp-content\/uploads\/sites\/42\/2021\/07\/LP-Mediateur-foncier.png\" alt class=\"img-responsive wp-image-7660\" srcset=\"https:\/\/www.service-public.pf\/daf\/wp-content\/uploads\/sites\/42\/2021\/07\/LP-Mediateur-foncier-200x169.png 200w, https:\/\/www.service-public.pf\/daf\/wp-content\/uploads\/sites\/42\/2021\/07\/LP-Mediateur-foncier-400x339.png 400w, https:\/\/www.service-public.pf\/daf\/wp-content\/uploads\/sites\/42\/2021\/07\/LP-Mediateur-foncier-600x508.png 600w, https:\/\/www.service-public.pf\/daf\/wp-content\/uploads\/sites\/42\/2021\/07\/LP-Mediateur-foncier-800x677.png 800w, https:\/\/www.service-public.pf\/daf\/wp-content\/uploads\/sites\/42\/2021\/07\/LP-Mediateur-foncier.png 1024w\" sizes=\"(max-width: 800px) 100vw, 600px\" \/><\/a><\/span><\/div><div class=\"fusion-clearfix\"><\/div><\/div><\/div><div class=\"fusion-layout-column fusion_builder_column fusion-builder-column-2 fusion_builder_column_1_3 1_3 fusion-one-third\" style=\"--awb-padding-top:10px;--awb-padding-right:10px;--awb-padding-bottom:100px;--awb-padding-left:10px;--awb-bg-size:cover;width:33.333333333333%;width:calc(33.333333333333% - ( ( 4% + 4% ) * 0.33333333333333 ) );margin-right: 4%;\"><div class=\"fusion-column-wrapper fusion-column-has-shadow fusion-flex-column-wrapper-legacy\"><div class=\"fusion-title title fusion-title-3 fusion-sep-none fusion-title-center fusion-title-text fusion-title-size-one\" style=\"--awb-margin-top-small:0px;--awb-margin-right-small:0px;--awb-margin-bottom-small:20px;--awb-margin-left-small:0px;\"><h1 class=\"fusion-title-heading title-heading-center\" style=\"margin:0;\"><h1 style=\"text-align: center\">VOUS SOUHAITEZ ?<\/h1><\/h1><\/div><div class=\"fusion-text fusion-text-2\"><h3 style=\"text-align: center\"><strong><a href=\"https:\/\/www.service-public.pf\/daf\/wp-content\/uploads\/sites\/42\/2026\/03\/Liste-des-6-mediatreurs-fonciers-MAJ-02.2024.pdf\" target=\"_blank\" rel=\"noopener noreferrer\">&gt; La liste des m\u00e9diateurs fonciers<\/a><\/strong><\/h3>\n<h3 style=\"text-align: center\"><strong><a href=\"https:\/\/www.service-public.pf\/daf\/wp-content\/uploads\/sites\/42\/2024\/02\/Assemblage-liste-des-mediatreurs-fonciers-MAJ-02.2024-1.pdf\" target=\"_blank\" rel=\"noopener noreferrer\">&gt; La liste tarifaire des m\u00e9diateurs fonciers<\/a><\/strong><\/h3>\n<h3 style=\"text-align: center\"><strong><a href=\"https:\/\/www.service-public.pf\/daf\/wp-content\/uploads\/sites\/42\/2021\/03\/Formulaire-mediateur.pdf\" target=\"_blank\" rel=\"noopener noreferrer\">&gt; Le formulaire de demande d\u2019exercer la profession de m\u00e9diateur foncier<\/a><\/strong><\/h3>\n<\/div><div class=\"fusion-image-element fusion-image-align-center in-legacy-container\" style=\"text-align:center;--awb-aspect-ratio:2 \/ 1;--awb-max-width:600px;--awb-caption-title-font-family:var(--h2_typography-font-family);--awb-caption-title-font-weight:var(--h2_typography-font-weight);--awb-caption-title-font-style:var(--h2_typography-font-style);--awb-caption-title-size:var(--h2_typography-font-size);--awb-caption-title-transform:var(--h2_typography-text-transform);--awb-caption-title-line-height:var(--h2_typography-line-height);--awb-caption-title-letter-spacing:var(--h2_typography-letter-spacing);\"><div class=\"imageframe-align-center\"><div style=\"display:inline-block;width:600px;\"><span class=\" fusion-imageframe imageframe-none imageframe-2 hover-type-none has-aspect-ratio\"><img decoding=\"async\" width=\"300\" height=\"200\" title=\"Avocat\" src=\"https:\/\/www.service-public.pf\/daf\/wp-content\/uploads\/sites\/42\/2020\/09\/avocat-300x200.jpg\" class=\"img-responsive wp-image-4006 img-with-aspect-ratio\" data-parent-fit=\"cover\" data-parent-container=\".fusion-image-element\" alt srcset=\"https:\/\/www.service-public.pf\/daf\/wp-content\/uploads\/sites\/42\/2020\/09\/avocat-200x133.jpg 200w, https:\/\/www.service-public.pf\/daf\/wp-content\/uploads\/sites\/42\/2020\/09\/avocat-400x266.jpg 400w, https:\/\/www.service-public.pf\/daf\/wp-content\/uploads\/sites\/42\/2020\/09\/avocat-600x400.jpg 600w, https:\/\/www.service-public.pf\/daf\/wp-content\/uploads\/sites\/42\/2020\/09\/avocat.jpg 626w\" sizes=\"(max-width: 800px) 100vw, 600px\" \/><\/span><\/div><\/div><\/div><div class=\"fusion-clearfix\"><\/div><\/div><\/div><div class=\"fusion-layout-column fusion_builder_column fusion-builder-column-3 fusion_builder_column_1_3 1_3 fusion-one-third fusion-column-last\" style=\"--awb-bg-size:cover;--awb-border-color:#995b00;--awb-border-style:solid;width:33.333333333333%;width:calc(33.333333333333% - ( ( 4% + 4% ) * 0.33333333333333 ) );\"><div class=\"fusion-column-wrapper fusion-column-has-shadow fusion-flex-column-wrapper-legacy\"><div class=\"fusion-title title fusion-title-4 fusion-sep-none fusion-title-center fusion-title-text fusion-title-size-one\" style=\"--awb-margin-top-small:0px;--awb-margin-right-small:0px;--awb-margin-bottom-small:20px;--awb-margin-left-small:0px;\"><h1 class=\"fusion-title-heading title-heading-center\" style=\"margin:0;\"><h3 style=\"text-align: center\"><strong><a href=\"http:\/\/lexpol.cloud.pf\/document.php?document=328859&amp;deb=1117&amp;fin=1121&amp;titre=QXJyw6p0w6kgbsKwIDM2IENNIGR1IDA1LzAxLzIwMTg=\" target=\"_blank\" rel=\"noopener noreferrer\">&gt; Arr\u00eat\u00e9 36 CM du 05\/01\/2018<\/a><\/strong><\/h3><\/h1><\/div><div class=\"fusion-image-element in-legacy-container\" style=\"--awb-caption-title-font-family:var(--h2_typography-font-family);--awb-caption-title-font-weight:var(--h2_typography-font-weight);--awb-caption-title-font-style:var(--h2_typography-font-style);--awb-caption-title-size:var(--h2_typography-font-size);--awb-caption-title-transform:var(--h2_typography-text-transform);--awb-caption-title-line-height:var(--h2_typography-line-height);--awb-caption-title-letter-spacing:var(--h2_typography-letter-spacing);\"><span class=\" fusion-imageframe imageframe-none imageframe-3 hover-type-zoomin\"><a class=\"fusion-no-lightbox\" href=\"http:\/\/lexpol.cloud.pf\/document.php?document=328859&amp;deb=1117&amp;fin=1121&amp;titre=QXJyw6p0w6kgbsKwIDM2IENNIGR1IDA1LzAxLzIwMTg=\" target=\"_blank\" aria-label=\"Arr\u00eat\u00e9 M\u00e9diateur Foncier\" rel=\"noopener noreferrer\"><img decoding=\"async\" width=\"1017\" height=\"851\" src=\"https:\/\/www.service-public.pf\/daf\/wp-content\/uploads\/sites\/42\/2021\/07\/Arrete-Mediateur-foncier.png\" alt class=\"img-responsive wp-image-7659\" srcset=\"https:\/\/www.service-public.pf\/daf\/wp-content\/uploads\/sites\/42\/2021\/07\/Arrete-Mediateur-foncier-200x167.png 200w, https:\/\/www.service-public.pf\/daf\/wp-content\/uploads\/sites\/42\/2021\/07\/Arrete-Mediateur-foncier-400x335.png 400w, https:\/\/www.service-public.pf\/daf\/wp-content\/uploads\/sites\/42\/2021\/07\/Arrete-Mediateur-foncier-600x502.png 600w, https:\/\/www.service-public.pf\/daf\/wp-content\/uploads\/sites\/42\/2021\/07\/Arrete-Mediateur-foncier-800x669.png 800w, https:\/\/www.service-public.pf\/daf\/wp-content\/uploads\/sites\/42\/2021\/07\/Arrete-Mediateur-foncier.png 1017w\" sizes=\"(max-width: 800px) 100vw, 600px\" \/><\/a><\/span><\/div><div class=\"fusion-clearfix\"><\/div><\/div><\/div><\/div><\/div><\/p>\n","protected":false},"excerpt":{"rendered":"","protected":false},"author":102,"featured_media":0,"parent":0,"menu_order":0,"comment_status":"closed","ping_status":"closed","template":"","meta":{"_seopress_robots_primary_cat":"","_seopress_titles_title":"","_seopress_titles_desc":"","_seopress_robots_index":"","footnotes":""},"class_list":["post-4972","page","type-page","status-publish","hentry"],"_links":{"self":[{"href":"https:\/\/www.service-public.pf\/daf\/wp-json\/wp\/v2\/pages\/4972","targetHints":{"allow":["GET"]}}],"collection":[{"href":"https:\/\/www.service-public.pf\/daf\/wp-json\/wp\/v2\/pages"}],"about":[{"href":"https:\/\/www.service-public.pf\/daf\/wp-json\/wp\/v2\/types\/page"}],"author":[{"embeddable":true,"href":"https:\/\/www.service-public.pf\/daf\/wp-json\/wp\/v2\/users\/102"}],"replies":[{"embeddable":true,"href":"https:\/\/www.service-public.pf\/daf\/wp-json\/wp\/v2\/comments?post=4972"}],"version-history":[{"count":1,"href":"https:\/\/www.service-public.pf\/daf\/wp-json\/wp\/v2\/pages\/4972\/revisions"}],"predecessor-version":[{"id":19725,"href":"https:\/\/www.service-public.pf\/daf\/wp-json\/wp\/v2\/pages\/4972\/revisions\/19725"}],"wp:attachment":[{"href":"https:\/\/www.service-public.pf\/daf\/wp-json\/wp\/v2\/media?parent=4972"}],"curies":[{"name":"wp","href":"https:\/\/api.w.org\/{rel}","templated":true}]}}