{"id":5371,"date":"2021-03-09T21:41:19","date_gmt":"2021-03-09T20:41:19","guid":{"rendered":"https:\/\/www.service-public.pf\/daf\/?page_id=5371"},"modified":"2026-03-10T12:54:04","modified_gmt":"2026-03-10T22:54:04","slug":"organigramme","status":"publish","type":"page","link":"https:\/\/www.service-public.pf\/daf\/a-propos\/organigramme\/","title":{"rendered":"Organigramme"},"content":{"rendered":"<p><div class=\"fusion-fullwidth fullwidth-box fusion-builder-row-1 nonhundred-percent-fullwidth non-hundred-percent-height-scrolling\" style=\"--awb-border-radius-top-left:0px;--awb-border-radius-top-right:0px;--awb-border-radius-bottom-right:0px;--awb-border-radius-bottom-left:0px;--awb-flex-wrap:wrap;\" ><div class=\"fusion-builder-row fusion-row\"><div class=\"fusion-layout-column fusion_builder_column fusion-builder-column-0 fusion_builder_column_1_1 1_1 fusion-one-full fusion-column-first fusion-column-last\" style=\"--awb-padding-top:20px;--awb-padding-right:10px;--awb-padding-bottom:10px;--awb-padding-left:10px;--awb-bg-color:#472500;--awb-bg-color-hover:#472500;--awb-bg-size:cover;\"><div class=\"fusion-column-wrapper fusion-column-has-shadow fusion-flex-column-wrapper-legacy\"><div class=\"fusion-text fusion-text-1\"><h1 style=\"text-align: center\"><span style=\"color: #ffffff\">DIRECTION<\/span><\/h1>\n<\/div><div class=\"fusion-text fusion-text-2\"><h2 style=\"text-align: center\"><span style=\"color: #ffffff\">Directrice : Loyana LEGALL<br \/>\n<\/span><\/h2>\n<h2 style=\"text-align: center\"><span style=\"color: #ffffff\"> Directrice adjointe : Vanina FARDIN<br \/>\n<\/span><\/h2>\n<p style=\"text-align: center\"><span style=\"color: #ffffff\">DIRECTION :<\/span> <a href=\"tel:40471906\">40 . 47 . 19 .06<\/a><\/p>\n<p style=\"text-align: center\"><span style=\"color: #ffffff\">STANDARD : <a href=\"tel:40471818\">40 . 47 . 18 . 18<\/a> \u00a0<\/span><\/p>\n<p style=\"text-align: center\"><span style=\"color: #ffffff\"> FAX : 40 . 47 . 19 . 17<\/span><\/p>\n<p style=\"text-align: center\"><a href=\"mailto:daf.direction@foncier.gov.pf\">daf.direction@foncier.gov.pf<\/a><\/p>\n<p style=\"text-align: center\"><span style=\"color: #ffffff\">PAPEETE (PPT)<\/span><\/p>\n<p><span style=\"color: #000000\">\u00a0<\/span><\/p>\n<\/div><div class=\"fusion-clearfix\"><\/div><\/div><\/div><\/div><\/div><div class=\"fusion-fullwidth fullwidth-box fusion-builder-row-2 nonhundred-percent-fullwidth non-hundred-percent-height-scrolling\" style=\"--awb-border-radius-top-left:0px;--awb-border-radius-top-right:0px;--awb-border-radius-bottom-right:0px;--awb-border-radius-bottom-left:0px;--awb-flex-wrap:wrap;\" ><div class=\"fusion-builder-row fusion-row\"><div class=\"fusion-layout-column fusion_builder_column fusion-builder-column-1 fusion_builder_column_1_1 1_1 fusion-one-full fusion-column-first fusion-column-last\" style=\"--awb-padding-top:20px;--awb-padding-right:10px;--awb-padding-bottom:10px;--awb-padding-left:10px;--awb-bg-color:#995b00;--awb-bg-color-hover:#995b00;--awb-bg-size:cover;\"><div class=\"fusion-column-wrapper fusion-column-has-shadow fusion-flex-column-wrapper-legacy\"><div class=\"fusion-text fusion-text-3\"><h2 style=\"text-align: center\"><strong><span style=\"color: #ffffff\">ADMINISTRATION CENTRALE<\/span><\/strong><\/h2>\n<\/div><div class=\"fusion-clearfix\"><\/div><\/div><\/div><\/div><\/div><div class=\"fusion-fullwidth fullwidth-box fusion-builder-row-3 has-pattern-background has-mask-background nonhundred-percent-fullwidth non-hundred-percent-height-scrolling fusion-equal-height-columns\" style=\"--awb-border-radius-top-left:0px;--awb-border-radius-top-right:0px;--awb-border-radius-bottom-right:0px;--awb-border-radius-bottom-left:0px;--awb-flex-wrap:wrap;\" ><div class=\"fusion-builder-row fusion-row\"><div class=\"fusion-layout-column fusion_builder_column fusion-builder-column-2 fusion_builder_column_1_6 1_6 fusion-one-sixth fusion-column-first\" style=\"--awb-padding-top:10px;--awb-padding-right:10px;--awb-padding-bottom:10px;--awb-padding-left:10px;--awb-bg-color:#8bc34a;--awb-bg-color-hover:#8bc34a;--awb-bg-size:cover;width:16.666666666667%;width:calc(16.666666666667% - ( ( 4% + 4% + 4% + 4% + 4% ) * 0.16666666666667 ) );margin-right: 4%;\"><div class=\"fusion-column-wrapper fusion-column-has-shadow fusion-flex-column-wrapper-legacy\"><div class=\"fusion-text fusion-text-4\"><h2 style=\"text-align: center\"><span style=\"color: #ffffff\">BUREAU DES RESSOURCES ET DES MOYENS<\/span><\/h2>\n<\/div><div class=\"fusion-text fusion-text-5\"><p style=\"text-align: center\">&#8211; P\u00f4le financier<\/p>\n<p style=\"text-align: center\">&#8211; P\u00f4le moyens g\u00e9n\u00e9raux et ressources humaines<\/p>\n<p style=\"text-align: center\">&#8211; P\u00f4le archivage<\/p>\n<p><span style=\"color: #8bc34a\">.<\/span><\/p>\n<p><span style=\"color: #8bc34a\">.<\/span><\/p>\n<\/div><div class=\"fusion-clearfix\"><\/div><\/div><\/div><div class=\"fusion-layout-column fusion_builder_column fusion-builder-column-3 fusion_builder_column_1_6 1_6 fusion-one-sixth\" style=\"--awb-padding-top:10px;--awb-padding-right:10px;--awb-padding-bottom:10px;--awb-padding-left:10px;--awb-bg-color:#8bc34a;--awb-bg-color-hover:#8bc34a;--awb-bg-size:cover;width:16.666666666667%;width:calc(16.666666666667% - ( ( 4% + 4% + 4% + 4% + 4% ) * 0.16666666666667 ) );margin-right: 4%;\"><div class=\"fusion-column-wrapper fusion-column-has-shadow fusion-flex-column-wrapper-legacy\"><div class=\"fusion-text fusion-text-6\"><h2 style=\"text-align: center\"><span style=\"color: #ffffff\">BUREAU DES AFFAIRES JURIDIQUES<\/span><\/h2>\n<\/div><div class=\"fusion-text fusion-text-7\"><p style=\"text-align: center\">&#8211; R\u00e9glementation<\/p>\n<p style=\"text-align: center\">&#8211; Contentieux, conseil et orientation juridique<\/p>\n<p style=\"text-align: center\">&#8211; Veille juridique<\/p>\n<p style=\"text-align: center\">&#8211; RGPD<\/p>\n<p><span style=\"color: #8bc34a\">.<\/span><\/p>\n<\/div><div class=\"fusion-clearfix\"><\/div><\/div><\/div><div class=\"fusion-layout-column fusion_builder_column fusion-builder-column-4 fusion_builder_column_1_6 1_6 fusion-one-sixth\" style=\"--awb-padding-top:10px;--awb-padding-right:10px;--awb-padding-bottom:10px;--awb-padding-left:10px;--awb-bg-color:#8bc34a;--awb-bg-color-hover:#8bc34a;--awb-bg-size:cover;width:16.666666666667%;width:calc(16.666666666667% - ( ( 4% + 4% + 4% + 4% + 4% ) * 0.16666666666667 ) );margin-right: 4%;\"><div class=\"fusion-column-wrapper fusion-column-has-shadow fusion-flex-column-wrapper-legacy\"><div class=\"fusion-text fusion-text-8\"><h2 style=\"text-align: center\"><span style=\"color: #ffffff\">BUREAU DES STRAT\u00c9GIES ET DE LA PROSPECTIVE<\/span><\/h2>\n<\/div><div class=\"fusion-text fusion-text-9\"><p style=\"text-align: center\">&#8211; Orientations strat\u00e9giques \/ Innovation en mati\u00e8re fonci\u00e8re<\/p>\n<p style=\"text-align: center\">&#8211; Soutien aux politiques sectorielles<\/p>\n<p style=\"text-align: center\">&#8211; Outils d&rsquo;\u00e9valuation\/indicateurs de performance<\/p>\n<p style=\"text-align: center\">&#8211; Gouvernance du secteur des mines<\/p>\n<p style=\"text-align: center\">&#8211; Modernisation et optimisation des services<\/p>\n<\/div><div class=\"fusion-clearfix\"><\/div><\/div><\/div><div class=\"fusion-layout-column fusion_builder_column fusion-builder-column-5 fusion_builder_column_1_6 1_6 fusion-one-sixth\" style=\"--awb-padding-top:10px;--awb-padding-right:10px;--awb-padding-bottom:10px;--awb-padding-left:10px;--awb-bg-color:#8bc34a;--awb-bg-color-hover:#8bc34a;--awb-bg-size:cover;width:16.666666666667%;width:calc(16.666666666667% - ( ( 4% + 4% + 4% + 4% + 4% ) * 0.16666666666667 ) );margin-right: 4%;\"><div class=\"fusion-column-wrapper fusion-column-has-shadow fusion-flex-column-wrapper-legacy\"><div class=\"fusion-text fusion-text-10\"><h2 style=\"text-align: center\"><span style=\"color: #ffffff\">BUREAU DU COURRIER, DE LA COORDINATION ET DE LA LOGISTIQUE<br \/>\n<\/span><\/h2>\n<\/div><div class=\"fusion-text fusion-text-11\"><p style=\"text-align: center\">&#8211; Secr\u00e9tariat de direction<\/p>\n<p style=\"text-align: center\">&#8211; Logistique<\/p>\n<p style=\"text-align: center\">&#8211; Maintenance des locaux et du mat\u00e9riel<\/p>\n<\/div><div class=\"fusion-clearfix\"><\/div><\/div><\/div><div class=\"fusion-layout-column fusion_builder_column fusion-builder-column-6 fusion_builder_column_1_6 1_6 fusion-one-sixth\" style=\"--awb-padding-top:10px;--awb-padding-right:10px;--awb-padding-bottom:10px;--awb-padding-left:10px;--awb-bg-color:#8bc34a;--awb-bg-color-hover:#8bc34a;--awb-bg-size:cover;width:16.666666666667%;width:calc(16.666666666667% - ( ( 4% + 4% + 4% + 4% + 4% ) * 0.16666666666667 ) );margin-right: 4%;\"><div class=\"fusion-column-wrapper fusion-column-has-shadow fusion-flex-column-wrapper-legacy\"><div class=\"fusion-text fusion-text-12\"><h2 style=\"text-align: center\"><span style=\"color: #ffffff\">BUREAU DE LA COMMUNICATION ET DE LA QUALITE<br \/>\n<\/span><\/h2>\n<\/div><div class=\"fusion-text fusion-text-13\"><p style=\"text-align: center\">&#8211; Mise en oeuvre des plans de communication interne et externe<\/p>\n<p style=\"text-align: center\">&#8211; Administration et gestion des outils de communication<\/p>\n<p style=\"text-align: center\">&#8211; D\u00e9ploiement des projets de d\u00e9mat\u00e9rialisation et modernisation de la relation num\u00e9rique \u00e0 l&rsquo;usager<\/p>\n<\/div><div class=\"fusion-clearfix\"><\/div><\/div><\/div><div class=\"fusion-layout-column fusion_builder_column fusion-builder-column-7 fusion_builder_column_1_6 1_6 fusion-one-sixth fusion-column-last\" style=\"--awb-padding-top:10px;--awb-padding-right:10px;--awb-padding-bottom:10px;--awb-padding-left:10px;--awb-bg-color:#8bc34a;--awb-bg-color-hover:#8bc34a;--awb-bg-size:cover;width:16.666666666667%;width:calc(16.666666666667% - ( ( 4% + 4% + 4% + 4% + 4% ) * 0.16666666666667 ) );\"><div class=\"fusion-column-wrapper fusion-column-has-shadow fusion-flex-column-wrapper-legacy\"><div class=\"fusion-text fusion-text-14\"><h2 style=\"text-align: center\"><span style=\"color: #ffffff\">BUREAU DU SYST\u00c8ME D&rsquo;INFORMATION<br \/>\n<\/span><\/h2>\n<\/div><div class=\"fusion-text fusion-text-15\"><p style=\"text-align: center\">&#8211; D\u00e9velopper l&rsquo;interop\u00e9rabilit\u00e9 du syst\u00e8me informatique existant et futur<\/p>\n<p style=\"text-align: center\">&#8211; Formalisation des besoins fonctionnels et suivi des projets informatiques<\/p>\n<p style=\"text-align: center\">&#8211; Maintenir la gestion op\u00e9rationnelle du r\u00e9seau<\/p>\n<\/div><div class=\"fusion-clearfix\"><\/div><\/div><\/div><\/div><\/div><div class=\"fusion-fullwidth fullwidth-box fusion-builder-row-4 nonhundred-percent-fullwidth non-hundred-percent-height-scrolling\" style=\"--awb-border-radius-top-left:0px;--awb-border-radius-top-right:0px;--awb-border-radius-bottom-right:0px;--awb-border-radius-bottom-left:0px;--awb-flex-wrap:wrap;\" ><div class=\"fusion-builder-row fusion-row\"><div class=\"fusion-layout-column fusion_builder_column fusion-builder-column-8 fusion_builder_column_1_1 1_1 fusion-one-full fusion-column-first fusion-column-last\" style=\"--awb-padding-top:20px;--awb-padding-right:10px;--awb-padding-bottom:10px;--awb-padding-left:10px;--awb-bg-color:#995b00;--awb-bg-color-hover:#995b00;--awb-bg-size:cover;\"><div class=\"fusion-column-wrapper fusion-column-has-shadow fusion-flex-column-wrapper-legacy\"><div class=\"fusion-text fusion-text-16\"><h2 style=\"text-align: center\"><strong><span style=\"color: #ffffff\">\u00c9CHELON D\u00c9CONCENTR\u00c9 DES \u00ceLES DU VENT<\/span><\/strong><\/h2>\n<\/div><div class=\"fusion-clearfix\"><\/div><\/div><\/div><\/div><\/div><div class=\"fusion-fullwidth fullwidth-box fusion-builder-row-5 nonhundred-percent-fullwidth non-hundred-percent-height-scrolling\" style=\"--awb-border-radius-top-left:0px;--awb-border-radius-top-right:0px;--awb-border-radius-bottom-right:0px;--awb-border-radius-bottom-left:0px;--awb-flex-wrap:wrap;\" ><div class=\"fusion-builder-row fusion-row\"><div class=\"fusion-layout-column fusion_builder_column fusion-builder-column-9 fusion_builder_column_1_6 1_6 fusion-one-sixth fusion-column-first\" style=\"--awb-padding-top:10px;--awb-bg-color:#aa3b04;--awb-bg-color-hover:#aa3b04;--awb-bg-size:cover;width:16.666666666667%;width:calc(16.666666666667% - ( ( 4% + 4% + 4% + 4% + 4% ) * 0.16666666666667 ) );margin-right: 4%;\"><div class=\"fusion-column-wrapper fusion-column-has-shadow fusion-flex-column-wrapper-legacy\"><div class=\"fusion-text fusion-text-17\"><p style=\"text-align: center\"><span style=\"color: #ffffff\"><strong>SECTION D&rsquo;INFORMATION ET D&rsquo;ACC\u00c8S AUX DOCUMENTS FONCIER ET G\u00c9N\u00c9ALOGIQUES<\/strong><\/span><\/p>\n<p style=\"text-align: center\"><span style=\"color: #ffffff\">\u00a0<\/span><\/p>\n<\/div><div class=\"fusion-text fusion-text-18\"><p style=\"text-align: center\">&#8211; Accueil<\/p>\n<p style=\"text-align: center\">&#8211; R\u00e9gie et d\u00e9livrance<\/p>\n<p style=\"text-align: center\">&#8211; Information g\u00e9n\u00e9rale<\/p>\n<\/div><div class=\"fusion-clearfix\"><\/div><\/div><\/div><div class=\"fusion-layout-column fusion_builder_column fusion-builder-column-10 fusion_builder_column_1_6 1_6 fusion-one-sixth\" style=\"--awb-padding-top:10px;--awb-bg-color:#009983;--awb-bg-color-hover:#009983;--awb-bg-size:cover;width:16.666666666667%;width:calc(16.666666666667% - ( ( 4% + 4% + 4% + 4% + 4% ) * 0.16666666666667 ) );margin-right: 4%;\"><div class=\"fusion-column-wrapper fusion-column-has-shadow fusion-flex-column-wrapper-legacy\"><div class=\"fusion-text fusion-text-19\"><p style=\"text-align: center\"><span style=\"color: #ffffff\"><strong>SECTION CADASTRE-TOPOGRAPHIE<\/strong><\/span><\/p>\n<\/div><div class=\"fusion-text fusion-text-20\"><p><span style=\"color: #009983\">.<\/span><\/p>\n<p style=\"text-align: center\">&#8211; Conservation cadastrale<\/p>\n<p style=\"text-align: center\">&#8211; Expertise Fonci\u00e8re<\/p>\n<p style=\"text-align: center\">&#8211; Topographie<\/p>\n<p><span style=\"color: #009983\">.<\/span><\/p>\n<\/div><div class=\"fusion-clearfix\"><\/div><\/div><\/div><div class=\"fusion-layout-column fusion_builder_column fusion-builder-column-11 fusion_builder_column_1_6 1_6 fusion-one-sixth\" style=\"--awb-padding-top:10px;--awb-bg-color:#366e82;--awb-bg-color-hover:#366e82;--awb-bg-size:cover;width:16.666666666667%;width:calc(16.666666666667% - ( ( 4% + 4% + 4% + 4% + 4% ) * 0.16666666666667 ) );margin-right: 4%;\"><div class=\"fusion-column-wrapper fusion-column-has-shadow fusion-flex-column-wrapper-legacy\"><div class=\"fusion-text fusion-text-21\"><p style=\"text-align: center\"><span style=\"color: #ffffff\"><strong>SECTION DU DOMAINE<\/strong><\/span><\/p>\n<\/div><div class=\"fusion-text fusion-text-22\"><p><span style=\"color: #366e82\">.<\/span><\/p>\n<p><span style=\"color: #366e82\">.<\/span><\/p>\n<p style=\"text-align: center\">&#8211; Constitution et valorisation du domaine<\/p>\n<p style=\"text-align: center\">&#8211; Gestion du domaine<\/p>\n<p><span style=\"color: #366e82\">.<\/span><\/p>\n<\/div><div class=\"fusion-clearfix\"><\/div><\/div><\/div><div class=\"fusion-layout-column fusion_builder_column fusion-builder-column-12 fusion_builder_column_1_6 1_6 fusion-one-sixth\" style=\"--awb-padding-top:10px;--awb-bg-color:#684d42;--awb-bg-color-hover:#684d42;--awb-bg-size:cover;width:16.666666666667%;width:calc(16.666666666667% - ( ( 4% + 4% + 4% + 4% + 4% ) * 0.16666666666667 ) );margin-right: 4%;\"><div class=\"fusion-column-wrapper fusion-column-has-shadow fusion-flex-column-wrapper-legacy\"><div class=\"fusion-text fusion-text-23\"><p style=\"text-align: center\"><span style=\"color: #ffffff\"><strong>SECTION RECETTE CONSERVATION DES HYPOTH\u00c8QUES<\/strong><\/span><\/p>\n<\/div><div class=\"fusion-text fusion-text-24\"><p style=\"text-align: center\">&#8211; Cellule recette<\/p>\n<p style=\"text-align: center\">&#8211; Cellule gestion comptable et financi\u00e8re<\/p>\n<p style=\"text-align: center\">&#8211; Cellule publicit\u00e9 fonci\u00e8re<\/p>\n<p style=\"text-align: center\">&#8211; Cellule curatelle<\/p>\n<\/div><div class=\"fusion-clearfix\"><\/div><\/div><\/div><div class=\"fusion-layout-column fusion_builder_column fusion-builder-column-13 fusion_builder_column_1_6 1_6 fusion-one-sixth\" style=\"--awb-padding-top:10px;--awb-bg-color:#83888c;--awb-bg-color-hover:#83888c;--awb-bg-size:cover;width:16.666666666667%;width:calc(16.666666666667% - ( ( 4% + 4% + 4% + 4% + 4% ) * 0.16666666666667 ) );margin-right: 4%;\"><div class=\"fusion-column-wrapper fusion-column-has-shadow fusion-flex-column-wrapper-legacy\"><div class=\"fusion-text fusion-text-25\"><p style=\"text-align: center\"><span style=\"color: #ffffff\"><strong>CELLULE DE TARAVAO<\/strong><\/span><\/p>\n<\/div><div class=\"fusion-text fusion-text-26\"><p><span style=\"color: #83888c\">.<\/span><\/p>\n<p>.<\/p>\n<p style=\"text-align: center\">&#8211; Accueil et informations<\/p>\n<p style=\"text-align: center\">&#8211; Gestion et valorisation du domaine<\/p>\n<p><span style=\"color: #83888c\">.<\/span><\/p>\n<\/div><div class=\"fusion-clearfix\"><\/div><\/div><\/div><div class=\"fusion-layout-column fusion_builder_column fusion-builder-column-14 fusion_builder_column_1_6 1_6 fusion-one-sixth fusion-column-last\" style=\"--awb-padding-top:10px;--awb-bg-color:#ff9800;--awb-bg-color-hover:#ff9800;--awb-bg-size:cover;width:16.666666666667%;width:calc(16.666666666667% - ( ( 4% + 4% + 4% + 4% + 4% ) * 0.16666666666667 ) );\"><div class=\"fusion-column-wrapper fusion-column-has-shadow fusion-flex-column-wrapper-legacy\"><div class=\"fusion-text fusion-text-27\"><p style=\"text-align: center\"><span style=\"color: #ffffff\"><strong>CELLULE BUREAU DES AVOCATS<\/strong><\/span><\/p>\n<\/div><div class=\"fusion-text fusion-text-28\"><p><span style=\"color: #ff9800\">.<\/span><\/p>\n<p><span style=\"color: #ff9800\">.<\/span><\/p>\n<p style=\"text-align: center\">&#8211; En charge de l&rsquo;aide juridictionnelle en mati\u00e8re fonci\u00e8re<\/p>\n<p><span style=\"color: #ff9800\">.<\/span><\/p>\n<p><span style=\"color: #ff9800\">.<\/span><\/p>\n<\/div><div class=\"fusion-clearfix\"><\/div><\/div><\/div><\/div><\/div><div class=\"fusion-fullwidth fullwidth-box fusion-builder-row-6 nonhundred-percent-fullwidth non-hundred-percent-height-scrolling\" style=\"--awb-border-radius-top-left:0px;--awb-border-radius-top-right:0px;--awb-border-radius-bottom-right:0px;--awb-border-radius-bottom-left:0px;--awb-flex-wrap:wrap;\" ><div class=\"fusion-builder-row fusion-row\"><div class=\"fusion-layout-column fusion_builder_column fusion-builder-column-15 fusion_builder_column_1_1 1_1 fusion-one-full fusion-column-first fusion-column-last\" style=\"--awb-padding-top:10px;--awb-padding-right:10px;--awb-padding-bottom:10px;--awb-padding-left:10px;--awb-bg-color:#995b00;--awb-bg-color-hover:#995b00;--awb-bg-size:cover;\"><div class=\"fusion-column-wrapper fusion-column-has-shadow fusion-flex-column-wrapper-legacy\"><div class=\"fusion-text fusion-text-29\"><h2 style=\"text-align: center\"><strong><span style=\"color: #ffffff\">SUBDIVISIONS D\u00c9CONCENTR\u00c9ES AU SEIN DES AUTRES ARCHIPELS<\/span><\/strong><\/h2>\n<\/div><div class=\"fusion-clearfix\"><\/div><\/div><\/div><div class=\"fusion-layout-column fusion_builder_column fusion-builder-column-16 fusion_builder_column_1_4 1_4 fusion-one-fourth fusion-column-first\" style=\"--awb-padding-top:10px;--awb-bg-color:#ffbf00;--awb-bg-color-hover:#ffbf00;--awb-bg-size:cover;width:25%;width:calc(25% - ( ( 4% + 4% + 4% ) * 0.25 ) );margin-right: 4%;\"><div class=\"fusion-column-wrapper fusion-column-has-shadow fusion-flex-column-wrapper-legacy\"><div class=\"fusion-text fusion-text-30\"><p style=\"text-align: center\"><span style=\"color: #ffffff\"><strong>SUBDIVISION DES \u00ceLES SOUS LE VENT<\/strong><\/span><\/p>\n<p style=\"text-align: center\"><span style=\"color: #ffffff\">(Raiatea)<\/span><\/p>\n<\/div><div class=\"fusion-text fusion-text-31\"><p style=\"text-align: center\">&#8211; Accueil et informations<\/p>\n<p style=\"text-align: center\">&#8211; Gestion et valorisation du domaine<\/p>\n<p style=\"text-align: center\">&#8211; Bureau des avocats<\/p>\n<p style=\"text-align: center\">&#8211; Entretien des espaces<\/p>\n<\/div><div class=\"fusion-clearfix\"><\/div><\/div><\/div><div class=\"fusion-layout-column fusion_builder_column fusion-builder-column-17 fusion_builder_column_1_4 1_4 fusion-one-fourth\" style=\"--awb-padding-top:10px;--awb-bg-color:#ffbf00;--awb-bg-color-hover:#ffbf00;--awb-bg-size:cover;width:25%;width:calc(25% - ( ( 4% + 4% + 4% ) * 0.25 ) );margin-right: 4%;\"><div class=\"fusion-column-wrapper fusion-column-has-shadow fusion-flex-column-wrapper-legacy\"><div class=\"fusion-text fusion-text-32\"><p style=\"text-align: center\"><span style=\"color: #ffffff\"><strong>SUBDIVISION DES \u00ceLES MARQUISES<\/strong><\/span><\/p>\n<p style=\"text-align: center\"><span style=\"color: #ffffff\">(Nuku Hiva)<\/span><\/p>\n<\/div><div class=\"fusion-text fusion-text-33\"><p style=\"text-align: center\">&#8211; Accueil et informations<\/p>\n<p style=\"text-align: center\">&#8211; Gestion et valorisation<\/p>\n<p><span style=\"color: #ffbf00\">.<\/span><\/p>\n<p><span style=\"color: #ffbf00\">.<\/span><\/p>\n<\/div><div class=\"fusion-clearfix\"><\/div><\/div><\/div><div class=\"fusion-layout-column fusion_builder_column fusion-builder-column-18 fusion_builder_column_1_4 1_4 fusion-one-fourth\" style=\"--awb-padding-top:10px;--awb-bg-color:#ffbf00;--awb-bg-color-hover:#ffbf00;--awb-bg-size:cover;width:25%;width:calc(25% - ( ( 4% + 4% + 4% ) * 0.25 ) );margin-right: 4%;\"><div class=\"fusion-column-wrapper fusion-column-has-shadow fusion-flex-column-wrapper-legacy\"><div class=\"fusion-text fusion-text-34\"><p style=\"text-align: center\"><span style=\"color: #ffffff\"><strong>SUBDIVISION DES \u00ceLES AUSTRALES<\/strong><\/span><\/p>\n<p style=\"text-align: center\"><span style=\"color: #ffffff\">(Tubuai)<\/span><\/p>\n<\/div><div class=\"fusion-text fusion-text-35\"><p style=\"text-align: center\">&#8211; Accueil et informations<\/p>\n<p style=\"text-align: center\">&#8211; Gestion et valorisation du domaine<\/p>\n<p><span style=\"color: #ffbf00\">.<\/span><\/p>\n<p><span style=\"color: #ffbf00\">.<\/span><\/p>\n<\/div><div class=\"fusion-clearfix\"><\/div><\/div><\/div><div class=\"fusion-layout-column fusion_builder_column fusion-builder-column-19 fusion_builder_column_1_4 1_4 fusion-one-fourth fusion-column-last\" style=\"--awb-padding-top:10px;--awb-padding-right:20px;--awb-padding-left:20px;--awb-bg-color:#ffbf00;--awb-bg-color-hover:#ffbf00;--awb-bg-size:cover;width:25%;width:calc(25% - ( ( 4% + 4% + 4% ) * 0.25 ) );\"><div class=\"fusion-column-wrapper fusion-column-has-shadow fusion-flex-column-wrapper-legacy\"><div class=\"fusion-text fusion-text-36\"><p style=\"text-align: center\"><span style=\"color: #ffffff\"><strong>SUBDIVISION DES \u00ceLES TUAMOTU-GAMBIER<\/strong><\/span><\/p>\n<\/div><div class=\"fusion-text fusion-text-37\"><p><span style=\"color: #ffbf00\">.<\/span><\/p>\n<p>&#8211; Missions assur\u00e9es par l&rsquo;\u00e9chelon d\u00e9concentr\u00e9 des \u00celes Du Vent <strong>(IDV)<\/strong> et par convention avec la circonscription des Tuamotu Gambier <strong>(CTG)<\/strong><\/p>\n<p><span style=\"color: #ffbf00\">.<\/span><\/p>\n<p><span style=\"color: #ffbf00\">.<\/span><\/p>\n<\/div><div class=\"fusion-clearfix\"><\/div><\/div><\/div><div class=\"fusion-layout-column fusion_builder_column fusion-builder-column-20 fusion_builder_column_1_1 1_1 fusion-one-full fusion-column-first fusion-column-last\" style=\"--awb-padding-top:10px;--awb-padding-right:10px;--awb-padding-bottom:10px;--awb-padding-left:10px;--awb-bg-color:var(--awb-color1);--awb-bg-color-hover:var(--awb-color1);--awb-bg-size:cover;\"><div class=\"fusion-column-wrapper fusion-column-has-shadow fusion-flex-column-wrapper-legacy\"><div class=\"fusion-text fusion-text-38\"><p>Vous souhaitez nous rejoindre ? Consultez le <a href=\"https:\/\/dgrhpf-career.talent-soft.com\/accueil.aspx?LCID=1036\" target=\"_blank\" rel=\"noopener\">site d&rsquo;offres d&#8217;emploi DGRH (talent-soft.com)<\/a><\/p>\n<\/div><div class=\"fusion-clearfix\"><\/div><\/div><\/div><\/div><\/div><\/p>\n","protected":false},"excerpt":{"rendered":"","protected":false},"author":102,"featured_media":0,"parent":12323,"menu_order":0,"comment_status":"closed","ping_status":"closed","template":"","meta":{"_seopress_robots_primary_cat":"","_seopress_titles_title":"","_seopress_titles_desc":"","_seopress_robots_index":"","footnotes":""},"class_list":["post-5371","page","type-page","status-publish","hentry"],"_links":{"self":[{"href":"https:\/\/www.service-public.pf\/daf\/wp-json\/wp\/v2\/pages\/5371","targetHints":{"allow":["GET"]}}],"collection":[{"href":"https:\/\/www.service-public.pf\/daf\/wp-json\/wp\/v2\/pages"}],"about":[{"href":"https:\/\/www.service-public.pf\/daf\/wp-json\/wp\/v2\/types\/page"}],"author":[{"embeddable":true,"href":"https:\/\/www.service-public.pf\/daf\/wp-json\/wp\/v2\/users\/102"}],"replies":[{"embeddable":true,"href":"https:\/\/www.service-public.pf\/daf\/wp-json\/wp\/v2\/comments?post=5371"}],"version-history":[{"count":2,"href":"https:\/\/www.service-public.pf\/daf\/wp-json\/wp\/v2\/pages\/5371\/revisions"}],"predecessor-version":[{"id":19730,"href":"https:\/\/www.service-public.pf\/daf\/wp-json\/wp\/v2\/pages\/5371\/revisions\/19730"}],"up":[{"embeddable":true,"href":"https:\/\/www.service-public.pf\/daf\/wp-json\/wp\/v2\/pages\/12323"}],"wp:attachment":[{"href":"https:\/\/www.service-public.pf\/daf\/wp-json\/wp\/v2\/media?parent=5371"}],"curies":[{"name":"wp","href":"https:\/\/api.w.org\/{rel}","templated":true}]}}