{"id":8041,"date":"2021-08-10T20:31:38","date_gmt":"2021-08-10T18:31:38","guid":{"rendered":"https:\/\/www.service-public.pf\/daf\/?page_id=8041"},"modified":"2023-04-04T10:36:07","modified_gmt":"2023-04-04T20:36:07","slug":"section-topographie","status":"publish","type":"page","link":"https:\/\/www.service-public.pf\/daf\/cadastre\/section-topographie\/","title":{"rendered":"Cellule Topographie"},"content":{"rendered":"<p><div class=\"fusion-fullwidth fullwidth-box fusion-builder-row-1 fusion-flex-container nonhundred-percent-fullwidth non-hundred-percent-height-scrolling\" style=\"--awb-border-radius-top-left:0px;--awb-border-radius-top-right:0px;--awb-border-radius-bottom-right:0px;--awb-border-radius-bottom-left:0px;--awb-flex-wrap:wrap;\" ><div class=\"fusion-builder-row fusion-row fusion-flex-align-items-flex-start fusion-flex-content-wrap\" style=\"max-width:1560px;margin-left: calc(-4% \/ 2 );margin-right: calc(-4% \/ 2 );\"><div class=\"fusion-layout-column fusion_builder_column fusion-builder-column-0 fusion_builder_column_1_1 1_1 fusion-flex-column\" style=\"--awb-bg-size:cover;--awb-width-large:100%;--awb-margin-top-large:0px;--awb-spacing-right-large:1.92%;--awb-margin-bottom-large:20px;--awb-spacing-left-large:1.92%;--awb-width-medium:100%;--awb-spacing-right-medium:1.92%;--awb-spacing-left-medium:1.92%;--awb-width-small:100%;--awb-spacing-right-small:1.92%;--awb-spacing-left-small:1.92%;\"><div class=\"fusion-column-wrapper fusion-column-has-shadow fusion-flex-justify-content-flex-start fusion-content-layout-column\"><div class=\"fusion-text fusion-text-1\"><p style=\"text-align: center\">Depuis le 1er janvier 2021 la section du cadastre de la Direction des affaires fonci\u00e8res a accueilli la topographie avec la cellule Topographie arrivant de l&rsquo;urbanisme.<\/p>\n<p style=\"text-align: center\">Cette cellule permet aux personnes le souhaitant, de b\u00e9n\u00e9ficier de carte en grand format. Ces cartes seront en vente et d\u00e9limiter par des formats ayant un certain prix.<\/p>\n<\/div><div class=\"fusion-separator fusion-full-width-sep\" style=\"align-self: center;margin-left: auto;margin-right: auto;width:100%;\"><div class=\"fusion-separator-border sep-single sep-solid\" style=\"--awb-height:20px;--awb-amount:20px;--awb-sep-color:#009983;border-color:#009983;border-top-width:2px;\"><\/div><\/div><\/div><\/div><\/div><\/div><div class=\"fusion-fullwidth fullwidth-box fusion-builder-row-2 nonhundred-percent-fullwidth non-hundred-percent-height-scrolling\" style=\"--awb-border-radius-top-left:0px;--awb-border-radius-top-right:0px;--awb-border-radius-bottom-right:0px;--awb-border-radius-bottom-left:0px;--awb-flex-wrap:wrap;\" ><div class=\"fusion-builder-row fusion-row\"><div class=\"fusion-layout-column fusion_builder_column fusion-builder-column-1 fusion_builder_column_1_3 1_3 fusion-one-third fusion-column-first\" style=\"--awb-bg-size:cover;--awb-border-color:#009983;--awb-border-style:solid;width:33.333333333333%;width:calc(33.333333333333% - ( ( 4% + 4% ) * 0.33333333333333 ) );margin-right: 4%;\"><div class=\"fusion-column-wrapper fusion-column-has-shadow fusion-flex-column-wrapper-legacy\"><div class=\"fusion-text fusion-text-2\"><p style=\"text-align: center\"><strong><span style=\"text-decoration: underline\">La liste des produits en vente par la cellule topographique<\/span> :<\/strong><\/p>\n<p style=\"text-align: center\"><a href=\"https:\/\/www.service-public.pf\/daf\/wp-content\/uploads\/sites\/42\/2021\/03\/Liste-des-documents-en-vente.xlsx\"><strong>&gt; Liste Des Documents En Vente<\/strong><\/a><\/p>\n<\/div><div class=\"fusion-clearfix\"><\/div><\/div><\/div><div class=\"fusion-layout-column fusion_builder_column fusion-builder-column-2 fusion_builder_column_1_3 1_3 fusion-one-third\" style=\"--awb-bg-size:cover;--awb-border-color:#009983;--awb-border-right:1px;--awb-border-left:1px;--awb-border-style:solid;width:33.333333333333%;width:calc(33.333333333333% - ( ( 4% + 4% ) * 0.33333333333333 ) );margin-right: 4%;\"><div class=\"fusion-column-wrapper fusion-column-has-shadow fusion-flex-column-wrapper-legacy\"><div class=\"fusion-text fusion-text-3\"><p style=\"text-align: center\"><strong><span style=\"text-decoration: underline\">La cellule Topographie est constitu\u00e9e de<\/span> :<\/strong><\/p>\n<p style=\"text-align: center\">1 Chef de cellule<\/p>\n<p style=\"text-align: center\">1 G\u00e9omaticien<\/p>\n<p style=\"text-align: center\">1 Aide g\u00e9om\u00e8tre<\/p>\n<p style=\"text-align: center\">2 G\u00e9om\u00e8tre<\/p>\n<\/div><div class=\"fusion-clearfix\"><\/div><\/div><\/div><div class=\"fusion-layout-column fusion_builder_column fusion-builder-column-3 fusion_builder_column_1_3 1_3 fusion-one-third fusion-column-last\" style=\"--awb-bg-size:cover;--awb-border-color:#009983;--awb-border-style:solid;width:33.333333333333%;width:calc(33.333333333333% - ( ( 4% + 4% ) * 0.33333333333333 ) );\"><div class=\"fusion-column-wrapper fusion-column-has-shadow fusion-flex-column-wrapper-legacy\"><div class=\"fusion-text fusion-text-4\"><p style=\"text-align: center\"><strong><span style=\"text-decoration: underline\">Vous souhaitez faire une commande group\u00e9e<\/span> ?<\/strong><\/p>\n<p style=\"text-align: center\"><a href=\"https:\/\/www.service-public.pf\/daf\/wp-content\/uploads\/sites\/42\/2021\/03\/Abbatemenets-pour-commande-groupee.xlsx\"><strong>&gt; Abattements pour commande group\u00e9e<\/strong><\/a><\/p>\n<\/div><div class=\"fusion-clearfix\"><\/div><\/div><\/div><div class=\"fusion-layout-column fusion_builder_column fusion-builder-column-4 fusion_builder_column_1_1 1_1 fusion-one-full fusion-column-first fusion-column-last\" style=\"--awb-bg-size:cover;\"><div class=\"fusion-column-wrapper fusion-column-has-shadow fusion-flex-column-wrapper-legacy\"><div class=\"fusion-sep-clear\"><\/div><div class=\"fusion-separator fusion-full-width-sep\" style=\"margin-left: auto;margin-right: auto;width:100%;\"><div class=\"fusion-separator-border sep-single sep-solid\" style=\"--awb-height:20px;--awb-amount:20px;--awb-sep-color:#009983;border-color:#009983;border-top-width:2px;\"><\/div><\/div><div class=\"fusion-sep-clear\"><\/div><div class=\"fusion-clearfix\"><\/div><\/div><\/div><div class=\"fusion-layout-column fusion_builder_column fusion-builder-column-5 fusion_builder_column_1_1 1_1 fusion-one-full fusion-column-first fusion-column-last\" style=\"--awb-bg-size:cover;\"><div class=\"fusion-column-wrapper fusion-column-has-shadow fusion-flex-column-wrapper-legacy\"><div class=\"fusion-flip-boxes flip-boxes row fusion-columns-1 flip-effect-classic\" style=\"--awb-flip-duration:0.8s;\"><div class=\"fusion-flip-box-wrapper fusion-column col-lg-12 col-md-12 col-sm-12\"><div class=\"fusion-flip-box flip-up\" tabindex=\"0\"><div class=\"flip-box-inner-wrapper\"><div class=\"flip-box-front\" style=\"--awb-border-color:#009983;--awb-title-front-color:#009983;--awb-text-front-color:#000000;\"><div class=\"flip-box-front-inner\"><h2 class=\"flip-box-heading\">VOUS SOUHAITEZ<\/h2>Faire une demande de carte Topographique ?<\/div><\/div><div class=\"flip-box-back\" style=\"--awb-border-color:#009983;--awb-title-back-color:#009983;--awb-text-back-color:##00000000;\"><div class=\"flip-box-back-inner\"><h3 class=\"flip-box-heading-back\">T\u00e9l\u00e9charger le formulaire<\/h3>\n<h3 style=\"text-align: center\"><a href=\"https:\/\/www.service-public.pf\/daf\/wp-content\/uploads\/sites\/42\/2021\/03\/Formulaire-vente-interne-topo.pdf\" target=\"_blank\" rel=\"noopener\"><strong>&gt; Formulaire de commande de carte Topographique<\/strong><\/a><\/h3>\n<p style=\"text-align: center\">1 page | 2021 | 396 ko<\/p>\n<\/div><\/div><\/div><\/div><\/div><\/div><div class=\"clearfix\"><\/div><div class=\"fusion-clearfix\"><\/div><\/div><\/div><\/div><\/div><div class=\"fusion-fullwidth fullwidth-box fusion-builder-row-3 nonhundred-percent-fullwidth non-hundred-percent-height-scrolling\" style=\"--awb-border-radius-top-left:0px;--awb-border-radius-top-right:0px;--awb-border-radius-bottom-right:0px;--awb-border-radius-bottom-left:0px;--awb-flex-wrap:wrap;\" ><div class=\"fusion-builder-row fusion-row\"><div class=\"fusion-layout-column fusion_builder_column fusion-builder-column-6 fusion_builder_column_1_3 1_3 fusion-one-third fusion-column-first\" style=\"--awb-bg-size:cover;width:33.333333333333%;width:calc(33.333333333333% - ( ( 4% + 4% ) * 0.33333333333333 ) );margin-right: 4%;\"><div class=\"fusion-column-wrapper fusion-column-has-shadow fusion-flex-column-wrapper-legacy\"><div class=\"fusion-image-element fusion-image-align-center in-legacy-container\" style=\"text-align:center;--awb-liftup-border-radius:0px;--awb-caption-title-font-family:var(--h2_typography-font-family);--awb-caption-title-font-weight:var(--h2_typography-font-weight);--awb-caption-title-font-style:var(--h2_typography-font-style);--awb-caption-title-size:var(--h2_typography-font-size);--awb-caption-title-transform:var(--h2_typography-text-transform);--awb-caption-title-line-height:var(--h2_typography-line-height);--awb-caption-title-letter-spacing:var(--h2_typography-letter-spacing);\"><div class=\"imageframe-align-center\"><div class=\"awb-image-frame awb-image-frame-1 imageframe-liftup\" style=\"max-width:300px;\"><span class=\" fusion-imageframe imageframe-none imageframe-1\"><a class=\"fusion-no-lightbox\" href=\"https:\/\/www.service-public.pf\/daf\/wp-content\/uploads\/sites\/42\/2021\/03\/CATALOGUE_DES_CARTES_TOPOGRAPHIQUES_PHOTOPLAN_CARTE_THEMATIQUE_compressed.pdf\" target=\"_blank\" aria-label=\"Catalogue 2021 Du Service De L&rsquo;Urbanisme\" rel=\"noopener noreferrer\"><img decoding=\"async\" width=\"638\" height=\"908\" src=\"https:\/\/www.service-public.pf\/daf\/wp-content\/uploads\/sites\/42\/2021\/03\/Catalogue-2021-du-Service-de-lUrbanisme.png\" alt class=\"img-responsive wp-image-5776\" srcset=\"https:\/\/www.service-public.pf\/daf\/wp-content\/uploads\/sites\/42\/2021\/03\/Catalogue-2021-du-Service-de-lUrbanisme-200x285.png 200w, https:\/\/www.service-public.pf\/daf\/wp-content\/uploads\/sites\/42\/2021\/03\/Catalogue-2021-du-Service-de-lUrbanisme-400x569.png 400w, https:\/\/www.service-public.pf\/daf\/wp-content\/uploads\/sites\/42\/2021\/03\/Catalogue-2021-du-Service-de-lUrbanisme-600x854.png 600w, https:\/\/www.service-public.pf\/daf\/wp-content\/uploads\/sites\/42\/2021\/03\/Catalogue-2021-du-Service-de-lUrbanisme.png 638w\" sizes=\"(max-width: 800px) 100vw, 600px\" \/><\/a><\/span><\/div><\/div><\/div><div class=\"fusion-text fusion-text-5\"><p style=\"text-align: center\"><strong><a href=\"https:\/\/www.service-public.pf\/daf\/wp-content\/uploads\/sites\/42\/2021\/03\/CATALOGUE_DES_CARTES_TOPOGRAPHIQUES_PHOTOPLAN_CARTE_THEMATIQUE_compressed.pdf\" target=\"_blank\" rel=\"noopener\">Le catalogue 2021 du SAU (Service de l&rsquo;urbanisme)<\/a><\/strong><\/p>\n<\/div><div class=\"fusion-clearfix\"><\/div><\/div><\/div><div class=\"fusion-layout-column fusion_builder_column fusion-builder-column-7 fusion_builder_column_1_3 1_3 fusion-one-third\" style=\"--awb-bg-size:cover;width:33.333333333333%;width:calc(33.333333333333% - ( ( 4% + 4% ) * 0.33333333333333 ) );margin-right: 4%;\"><div class=\"fusion-column-wrapper fusion-column-has-shadow fusion-flex-column-wrapper-legacy\"><div class=\"fusion-text fusion-text-6\"><p><a href=\"https:\/\/www.service-public.pf\/daf\/wp-content\/uploads\/sites\/42\/2021\/03\/COM-SECTION-CAD-TOPO1.png\"><img decoding=\"async\" class=\"wp-image-5970 aligncenter\" src=\"https:\/\/www.service-public.pf\/daf\/wp-content\/uploads\/sites\/42\/2021\/03\/COM-SECTION-CAD-TOPO1.png\" alt=\"\" width=\"711\" height=\"1006\" srcset=\"https:\/\/www.service-public.pf\/daf\/wp-content\/uploads\/sites\/42\/2021\/03\/COM-SECTION-CAD-TOPO1-200x283.png 200w, https:\/\/www.service-public.pf\/daf\/wp-content\/uploads\/sites\/42\/2021\/03\/COM-SECTION-CAD-TOPO1-212x300.png 212w, https:\/\/www.service-public.pf\/daf\/wp-content\/uploads\/sites\/42\/2021\/03\/COM-SECTION-CAD-TOPO1-400x566.png 400w, https:\/\/www.service-public.pf\/daf\/wp-content\/uploads\/sites\/42\/2021\/03\/COM-SECTION-CAD-TOPO1-600x849.png 600w, https:\/\/www.service-public.pf\/daf\/wp-content\/uploads\/sites\/42\/2021\/03\/COM-SECTION-CAD-TOPO1-724x1024.png 724w, https:\/\/www.service-public.pf\/daf\/wp-content\/uploads\/sites\/42\/2021\/03\/COM-SECTION-CAD-TOPO1-768x1086.png 768w, https:\/\/www.service-public.pf\/daf\/wp-content\/uploads\/sites\/42\/2021\/03\/COM-SECTION-CAD-TOPO1-800x1132.png 800w, https:\/\/www.service-public.pf\/daf\/wp-content\/uploads\/sites\/42\/2021\/03\/COM-SECTION-CAD-TOPO1-1086x1536.png 1086w, https:\/\/www.service-public.pf\/daf\/wp-content\/uploads\/sites\/42\/2021\/03\/COM-SECTION-CAD-TOPO1-1200x1698.png 1200w, https:\/\/www.service-public.pf\/daf\/wp-content\/uploads\/sites\/42\/2021\/03\/COM-SECTION-CAD-TOPO1-1448x2048.png 1448w, https:\/\/www.service-public.pf\/daf\/wp-content\/uploads\/sites\/42\/2021\/03\/COM-SECTION-CAD-TOPO1.png 1587w\" sizes=\"(max-width: 711px) 100vw, 711px\" \/><\/a><\/p>\n<\/div><div class=\"fusion-clearfix\"><\/div><\/div><\/div><div class=\"fusion-layout-column fusion_builder_column fusion-builder-column-8 fusion_builder_column_1_3 1_3 fusion-one-third fusion-column-last\" style=\"--awb-bg-size:cover;width:33.333333333333%;width:calc(33.333333333333% - ( ( 4% + 4% ) * 0.33333333333333 ) );\"><div class=\"fusion-column-wrapper fusion-column-has-shadow fusion-flex-column-wrapper-legacy\"><div class=\"fusion-image-element fusion-image-align-center in-legacy-container\" style=\"text-align:center;--awb-liftup-border-radius:0px;--awb-caption-title-font-family:var(--h2_typography-font-family);--awb-caption-title-font-weight:var(--h2_typography-font-weight);--awb-caption-title-font-style:var(--h2_typography-font-style);--awb-caption-title-size:var(--h2_typography-font-size);--awb-caption-title-transform:var(--h2_typography-text-transform);--awb-caption-title-line-height:var(--h2_typography-line-height);--awb-caption-title-letter-spacing:var(--h2_typography-letter-spacing);\"><div class=\"imageframe-align-center\"><div class=\"awb-image-frame awb-image-frame-2 imageframe-liftup\" style=\"max-width:300px;\"><span class=\" fusion-imageframe imageframe-none imageframe-2\"><a class=\"fusion-no-lightbox\" href=\"https:\/\/www.service-public.pf\/daf\/wp-content\/uploads\/sites\/42\/2021\/03\/SU-section-topo-brochure-2019-v.8-light-1.pdf\" target=\"_blank\" aria-label=\"CATALOGUE DES PRODUITS ET PR\u00c9SENTATION DE LA SECTION TOPOGRAPHIE DU SERVICE DE L&rsquo;URBANISME 2019\" rel=\"noopener noreferrer\"><img decoding=\"async\" width=\"640\" height=\"910\" src=\"https:\/\/www.service-public.pf\/daf\/wp-content\/uploads\/sites\/42\/2021\/03\/CATALOGUE-DES-PRODUITS-ET-PRESENTATION-DE-LA-SECTION-TOPOGRAPHIE-DU-SERVICE-DE-LURBANISME-2019.png\" alt class=\"img-responsive wp-image-5777\" srcset=\"https:\/\/www.service-public.pf\/daf\/wp-content\/uploads\/sites\/42\/2021\/03\/CATALOGUE-DES-PRODUITS-ET-PRESENTATION-DE-LA-SECTION-TOPOGRAPHIE-DU-SERVICE-DE-LURBANISME-2019-200x284.png 200w, https:\/\/www.service-public.pf\/daf\/wp-content\/uploads\/sites\/42\/2021\/03\/CATALOGUE-DES-PRODUITS-ET-PRESENTATION-DE-LA-SECTION-TOPOGRAPHIE-DU-SERVICE-DE-LURBANISME-2019-400x569.png 400w, https:\/\/www.service-public.pf\/daf\/wp-content\/uploads\/sites\/42\/2021\/03\/CATALOGUE-DES-PRODUITS-ET-PRESENTATION-DE-LA-SECTION-TOPOGRAPHIE-DU-SERVICE-DE-LURBANISME-2019-600x853.png 600w, https:\/\/www.service-public.pf\/daf\/wp-content\/uploads\/sites\/42\/2021\/03\/CATALOGUE-DES-PRODUITS-ET-PRESENTATION-DE-LA-SECTION-TOPOGRAPHIE-DU-SERVICE-DE-LURBANISME-2019.png 640w\" sizes=\"(max-width: 800px) 100vw, 600px\" \/><\/a><\/span><\/div><\/div><\/div><div class=\"fusion-text fusion-text-7\"><p style=\"text-align: center\"><strong><a href=\"https:\/\/www.service-public.pf\/daf\/wp-content\/uploads\/sites\/42\/2021\/03\/SU-section-topo-brochure-2019-v.8-light-1.pdf\" target=\"_blank\" rel=\"noopener\">Le catalogue des produits et prestations de la section topographie du Service de l&rsquo;urbanisme<\/a><\/strong><\/p>\n<\/div><div class=\"fusion-clearfix\"><\/div><\/div><\/div><\/div><\/div><\/p>\n","protected":false},"excerpt":{"rendered":"","protected":false},"author":102,"featured_media":0,"parent":2131,"menu_order":0,"comment_status":"closed","ping_status":"closed","template":"","meta":{"_seopress_robots_primary_cat":"","_seopress_titles_title":"","_seopress_titles_desc":"","_seopress_robots_index":"","footnotes":""},"class_list":["post-8041","page","type-page","status-publish","hentry"],"_links":{"self":[{"href":"https:\/\/www.service-public.pf\/daf\/wp-json\/wp\/v2\/pages\/8041","targetHints":{"allow":["GET"]}}],"collection":[{"href":"https:\/\/www.service-public.pf\/daf\/wp-json\/wp\/v2\/pages"}],"about":[{"href":"https:\/\/www.service-public.pf\/daf\/wp-json\/wp\/v2\/types\/page"}],"author":[{"embeddable":true,"href":"https:\/\/www.service-public.pf\/daf\/wp-json\/wp\/v2\/users\/102"}],"replies":[{"embeddable":true,"href":"https:\/\/www.service-public.pf\/daf\/wp-json\/wp\/v2\/comments?post=8041"}],"version-history":[{"count":0,"href":"https:\/\/www.service-public.pf\/daf\/wp-json\/wp\/v2\/pages\/8041\/revisions"}],"up":[{"embeddable":true,"href":"https:\/\/www.service-public.pf\/daf\/wp-json\/wp\/v2\/pages\/2131"}],"wp:attachment":[{"href":"https:\/\/www.service-public.pf\/daf\/wp-json\/wp\/v2\/media?parent=8041"}],"curies":[{"name":"wp","href":"https:\/\/api.w.org\/{rel}","templated":true}]}}