{"id":9373,"date":"2021-12-07T19:02:04","date_gmt":"2021-12-07T18:02:04","guid":{"rendered":"https:\/\/www.service-public.pf\/daf\/?page_id=9373"},"modified":"2022-10-01T02:15:36","modified_gmt":"2022-10-01T00:15:36","slug":"les-sites-publics-2","status":"publish","type":"page","link":"https:\/\/www.service-public.pf\/daf\/domaine\/les-sites-publics-2\/","title":{"rendered":"Les sites publics"},"content":{"rendered":"<p><div class=\"fusion-fullwidth fullwidth-box fusion-builder-row-1 fusion-flex-container nonhundred-percent-fullwidth non-hundred-percent-height-scrolling\" style=\"--awb-border-radius-top-left:0px;--awb-border-radius-top-right:0px;--awb-border-radius-bottom-right:0px;--awb-border-radius-bottom-left:0px;--awb-flex-wrap:wrap;\" ><div class=\"fusion-builder-row fusion-row fusion-flex-align-items-flex-start fusion-flex-content-wrap\" style=\"max-width:1560px;margin-left: calc(-4% \/ 2 );margin-right: calc(-4% \/ 2 );\"><div class=\"fusion-layout-column fusion_builder_column fusion-builder-column-0 fusion_builder_column_1_1 1_1 fusion-flex-column\" style=\"--awb-bg-size:cover;--awb-width-large:100%;--awb-margin-top-large:0px;--awb-spacing-right-large:1.92%;--awb-margin-bottom-large:20px;--awb-spacing-left-large:1.92%;--awb-width-medium:100%;--awb-spacing-right-medium:1.92%;--awb-spacing-left-medium:1.92%;--awb-width-small:100%;--awb-spacing-right-small:1.92%;--awb-spacing-left-small:1.92%;\"><div class=\"fusion-column-wrapper fusion-column-has-shadow fusion-flex-justify-content-flex-start fusion-content-layout-column\"><div class=\"fusion-separator fusion-full-width-sep\" style=\"align-self: center;margin-left: auto;margin-right: auto;margin-top:10px;width:100%;\"><div class=\"fusion-separator-border sep-shadow\" style=\"--awb-height:20px;--awb-amount:20px;background:radial-gradient(ellipse at 50% -50% , #e0dede 0px, rgba(255, 255, 255, 0) 80%) repeat scroll 0 0 rgba(0, 0, 0, 0);background:-webkit-radial-gradient(ellipse at 50% -50% , #e0dede 0px, rgba(255, 255, 255, 0) 80%) repeat scroll 0 0 rgba(0, 0, 0, 0);background:-moz-radial-gradient(ellipse at 50% -50% , #e0dede 0px, rgba(255, 255, 255, 0) 80%) repeat scroll 0 0 rgba(0, 0, 0, 0);background:-o-radial-gradient(ellipse at 50% -50% , #e0dede 0px, rgba(255, 255, 255, 0) 80%) repeat scroll 0 0 rgba(0, 0, 0, 0);\"><\/div><\/div><marquee><\/strong><span style=\"color: #472500;\"><b>CONSULTEZ LA CARTE + CONSULTEZ LES DISPONIBILIT\u00c9S + REMPLISSEZ LE FORMULAIRE D'AUTORISATION D'OCCUPATION TEMPORAIRE (AOT)<\/b><\/marquee><div class=\"fusion-separator fusion-full-width-sep\" style=\"align-self: center;margin-left: auto;margin-right: auto;margin-bottom:10px;width:100%;\"><div class=\"fusion-separator-border sep-shadow\" style=\"--awb-height:20px;--awb-amount:20px;background:radial-gradient(ellipse at 50% -50% , #e0dede 0px, rgba(255, 255, 255, 0) 80%) repeat scroll 0 0 rgba(0, 0, 0, 0);background:-webkit-radial-gradient(ellipse at 50% -50% , #e0dede 0px, rgba(255, 255, 255, 0) 80%) repeat scroll 0 0 rgba(0, 0, 0, 0);background:-moz-radial-gradient(ellipse at 50% -50% , #e0dede 0px, rgba(255, 255, 255, 0) 80%) repeat scroll 0 0 rgba(0, 0, 0, 0);background:-o-radial-gradient(ellipse at 50% -50% , #e0dede 0px, rgba(255, 255, 255, 0) 80%) repeat scroll 0 0 rgba(0, 0, 0, 0);\"><\/div><\/div><\/div><\/div><\/div><\/div><div class=\"fusion-fullwidth fullwidth-box fusion-builder-row-2 fusion-flex-container nonhundred-percent-fullwidth non-hundred-percent-height-scrolling\" style=\"--awb-border-radius-top-left:0px;--awb-border-radius-top-right:0px;--awb-border-radius-bottom-right:0px;--awb-border-radius-bottom-left:0px;--awb-background-color:#366e82;--awb-flex-wrap:wrap;\" ><div class=\"fusion-builder-row fusion-row fusion-flex-align-items-flex-start fusion-flex-content-wrap\" style=\"max-width:1560px;margin-left: calc(-4% \/ 2 );margin-right: calc(-4% \/ 2 );\"><div class=\"fusion-layout-column fusion_builder_column fusion-builder-column-1 fusion_builder_column_1_1 1_1 fusion-flex-column\" style=\"--awb-bg-size:cover;--awb-width-large:100%;--awb-margin-top-large:0px;--awb-spacing-right-large:1.92%;--awb-margin-bottom-large:20px;--awb-spacing-left-large:1.92%;--awb-width-medium:100%;--awb-order-medium:0;--awb-spacing-right-medium:1.92%;--awb-spacing-left-medium:1.92%;--awb-width-small:100%;--awb-order-small:0;--awb-spacing-right-small:1.92%;--awb-spacing-left-small:1.92%;\"><div class=\"fusion-column-wrapper fusion-column-has-shadow fusion-flex-justify-content-flex-start fusion-content-layout-column\"><div class=\"fusion-text fusion-text-1\"><p style=\"text-align: center\"><span style=\"color: #ffffff\">Cette page est destin\u00e9e \u00e0 permettre au grand public de pouvoir faire une\/des demande(s) d\u2019autorisation d\u2019occupation temporaire de site(s) public(s) g\u00e9r\u00e9e(s) par la DAF.<\/span><\/p>\n<p style=\"text-align: center\"><span style=\"color: #000000\"><strong>Avant toute demande d\u2019autorisation d\u2019occupation temporaire, veuillez v\u00e9rifier les disponibilit\u00e9s de la zone que vous souhaitez sur la carte ci-dessus en cliquant sur \u00ab\u00a0<a href=\"https:\/\/polynesie.maps.arcgis.com\/apps\/instant\/interactivelegend\/index.html?appid=09ff00b811f743e9aefad4c763b22eb2&amp;site=Atimaono\">Cartographie du site<\/a>\u00ab\u00a0.<br \/>\n<\/strong><\/span><\/p>\n<p style=\"text-align: center\"><span style=\"color: #000000\"><strong>Pour le moment, seul le site d\u2019ATIMAONO est disponible \u00e0 l\u2019occupation.<\/strong><\/span><\/p>\n<p style=\"text-align: center\"><span style=\"text-decoration: underline;color: #ffffff\">Pour faire une demande d\u2019autorisation, veuillez suivre les 3 \u00e9tapes ci-dessous :<\/span><\/p>\n<\/div><\/div><\/div><\/div><\/div><div class=\"fusion-fullwidth fullwidth-box fusion-builder-row-3 fusion-flex-container nonhundred-percent-fullwidth non-hundred-percent-height-scrolling\" style=\"--awb-border-radius-top-left:0px;--awb-border-radius-top-right:0px;--awb-border-radius-bottom-right:0px;--awb-border-radius-bottom-left:0px;--awb-flex-wrap:wrap;\" ><div class=\"fusion-builder-row fusion-row fusion-flex-align-items-flex-start fusion-flex-content-wrap\" style=\"max-width:1560px;margin-left: calc(-4% \/ 2 );margin-right: calc(-4% \/ 2 );\"><div class=\"fusion-layout-column fusion_builder_column fusion-builder-column-2 fusion_builder_column_1_1 1_1 fusion-flex-column\" style=\"--awb-bg-size:cover;--awb-width-large:100%;--awb-margin-top-large:0px;--awb-spacing-right-large:1.92%;--awb-margin-bottom-large:20px;--awb-spacing-left-large:1.92%;--awb-width-medium:100%;--awb-order-medium:0;--awb-spacing-right-medium:1.92%;--awb-spacing-left-medium:1.92%;--awb-width-small:100%;--awb-order-small:0;--awb-spacing-right-small:1.92%;--awb-spacing-left-small:1.92%;\"><div class=\"fusion-column-wrapper fusion-column-has-shadow fusion-flex-justify-content-flex-start fusion-content-layout-column\"><div class=\"fusion-tabs fusion-tabs-1 clean vertical-tabs icon-position-left mobile-mode-accordion\" style=\"--awb-title-border-radius-top-left:0px;--awb-title-border-radius-top-right:0px;--awb-title-border-radius-bottom-right:0px;--awb-title-border-radius-bottom-left:0px;--awb-inactive-color:#ebeaea;--awb-background-color:var(--awb-color1);--awb-border-color:#ebeaea;--awb-active-border-color:rgba(0,153,131,0.33);\"><div class=\"nav\"><ul class=\"nav-tabs\" role=\"tablist\" aria-orientation=\"vertical\"><li class=\"active\" role=\"presentation\"><a class=\"tab-link\" data-toggle=\"tab\" role=\"tab\" aria-controls=\"tab-f1a0ab42d4025f522c4\" aria-selected=\"true\" tabindex=\"0\" id=\"fusion-tab-f1a0ab42d4025f522c4\" href=\"#tab-f1a0ab42d4025f522c4\"><h4 class=\"fusion-tab-heading\"><i class=\"fontawesome-icon fa-chevron-right fas\" aria-hidden=\"true\" style=\"font-size:18px;\"><\/i>\u00c9TAPE 1 <\/h4><\/a><\/li><li  role=\"presentation\"><a class=\"tab-link\" data-toggle=\"tab\" role=\"tab\" aria-controls=\"tab-8017ea0092fae8e675f\" aria-selected=\"false\" tabindex=\"-1\" id=\"fusion-tab-8017ea0092fae8e675f\" href=\"#tab-8017ea0092fae8e675f\"><h4 class=\"fusion-tab-heading\"><i class=\"fontawesome-icon fa-chevron-right fas\" aria-hidden=\"true\" style=\"font-size:18px;\"><\/i>\u00c9TAPE 2<\/h4><\/a><\/li><li  role=\"presentation\"><a class=\"tab-link\" data-toggle=\"tab\" role=\"tab\" aria-controls=\"tab-da4959002c166d1b52f\" aria-selected=\"false\" tabindex=\"-1\" id=\"fusion-tab-da4959002c166d1b52f\" href=\"#tab-da4959002c166d1b52f\"><h4 class=\"fusion-tab-heading\"><i class=\"fontawesome-icon fa-chevron-right fas\" aria-hidden=\"true\" style=\"font-size:18px;\"><\/i>\u00c9TAPE 3<\/h4><\/a><\/li><\/ul><\/div><div class=\"tab-content\"><div class=\"nav fusion-mobile-tab-nav\"><ul class=\"nav-tabs\" role=\"tablist\" aria-orientation=\"vertical\"><li class=\"active\" role=\"presentation\"><a class=\"tab-link\" data-toggle=\"tab\" role=\"tab\" aria-controls=\"tab-f1a0ab42d4025f522c4\" aria-selected=\"true\" tabindex=\"0\" id=\"mobile-fusion-tab-f1a0ab42d4025f522c4\" href=\"#tab-f1a0ab42d4025f522c4\"><h4 class=\"fusion-tab-heading\"><i class=\"fontawesome-icon fa-chevron-right fas\" aria-hidden=\"true\" style=\"font-size:18px;\"><\/i>\u00c9TAPE 1 <\/h4><\/a><\/li><\/ul><\/div><div class=\"tab-pane fade fusion-clearfix in active\" role=\"tabpanel\" tabindex=\"0\" aria-labelledby=\"fusion-tab-f1a0ab42d4025f522c4\" id=\"tab-f1a0ab42d4025f522c4\">\n<h1 style=\"text-align: center\"><strong><span style=\"color: #366e82\">S\u00c9LECTIONNEZ LE SITE<\/span><br \/>\n<\/strong><\/h1>\n<p style=\"text-align: center\">Veuillez s\u00e9lectionner le site que vous souhaitez occuper.<\/p>\n<p style=\"text-align: center\"><strong>(Pour le moment, seul le site d\u2019ATIMAONO est disponible \u00e0 l\u2019occupation)<\/strong><\/p>\n<p style=\"text-align: center\"><u>Vous avez trois sites publics disponibles et g\u00e9r\u00e9s par la Direction des Affaires Fonci\u00e8res :<\/u><\/p>\n<ol>\n<li style=\"text-align: center\">Le site d\u2019ATIMAONO,<\/li>\n<li style=\"text-align: center\">Le site de VAITUPA<\/li>\n<li style=\"text-align: center\">Le site de VAITEPIHA<\/li>\n<\/ol>\n<\/div><div class=\"nav fusion-mobile-tab-nav\"><ul class=\"nav-tabs\" role=\"tablist\" aria-orientation=\"vertical\"><li  role=\"presentation\"><a class=\"tab-link\" data-toggle=\"tab\" role=\"tab\" aria-controls=\"tab-8017ea0092fae8e675f\" aria-selected=\"false\" tabindex=\"-1\" id=\"mobile-fusion-tab-8017ea0092fae8e675f\" href=\"#tab-8017ea0092fae8e675f\"><h4 class=\"fusion-tab-heading\"><i class=\"fontawesome-icon fa-chevron-right fas\" aria-hidden=\"true\" style=\"font-size:18px;\"><\/i>\u00c9TAPE 2<\/h4><\/a><\/li><\/ul><\/div><div class=\"tab-pane fade fusion-clearfix\" role=\"tabpanel\" tabindex=\"0\" aria-labelledby=\"fusion-tab-8017ea0092fae8e675f\" id=\"tab-8017ea0092fae8e675f\">\n<h1 style=\"text-align: center\"><strong><span style=\"color: #366e82\">V\u00c9RIFIEZ LES DISPONIBILIT\u00c9S<\/span><br \/>\n<\/strong><\/h1>\n<p style=\"text-align: center\"><strong><span class=\"tojvnm2t a6sixzi8 abs2jz4q a8s20v7p t1p8iaqh k5wvi7nf q3lfd5jv pk4s997a bipmatt0 cebpdrjk qowsmv63 owwhemhu dp1hu0rb dhp61c6y iyyx5f41\">Pour faciliter votre navigation et vos commandes, nous vous recommandons d\u2019utiliser un ordinateur<\/span>.<\/strong><\/p>\n<p style=\"text-align: center\"><strong>1- Consultez la carte<\/strong><br \/>\nAvant toute demande d\u2019autorisation d\u2019occupation, veuillez consulter la carte ci-dessus en cliquant sur \u00ab\u00a0Cartographie du site\u00a0\u00bb et v\u00e9rifiez les disponibilit\u00e9s de la zone que vous souhaitez.<\/p>\n<p style=\"text-align: center\"><strong>2- Navigation sur la carte<\/strong><br \/>\n<span style=\"color: #ff0000\"><em>(Dans le cas o\u00f9 votre commande est effectu\u00e9e via votre smartphone, nous vous recommandons de l&rsquo;orienter en mode paysage.)<\/em><\/span><\/p>\n<p style=\"text-align: center\">Cliquez sur \u201cCartographie du site\u201d puis sur \u201cUa reva\u201d.<br \/>\nFermez les onglets ouverts et cliquez sur la fl\u00e8che en bas \u00e0 gauche pour r\u00e9duire les l\u00e9gendes par rapport au statut du site.<\/p>\n<p style=\"text-align: center\"><strong>3- V\u00e9rification<\/strong><br \/>\nUne fois sur \u00ab\u00a0Cartographie du site\u00a0\u00bb, plusieurs zones seront disponibles : Zone A\/B\/C\/D\/E.<br \/>\n<span style=\"color: #ff0000\"><em>(Pour une meilleures visibilit\u00e9 de la zone \u00e0 r\u00e9server, nous vous conseillons de zoomer sur la carte)<\/em><\/span><\/p>\n<p style=\"text-align: center\"><strong>4- S\u00e9lectionnez une zone<\/strong><br \/>\nEn fin de descriptif de zone, vous trouverez les informations concernant la disponibilit\u00e9 du site (dates et heures)<\/p>\n<p style=\"text-align: center\"><strong>5- La zone est disponible ?<\/strong><br \/>\nVous pouvez passer au formulaire de demande d&rsquo;autorisation d&rsquo;occupation temporaire.<\/p>\n<\/div><div class=\"nav fusion-mobile-tab-nav\"><ul class=\"nav-tabs\" role=\"tablist\" aria-orientation=\"vertical\"><li  role=\"presentation\"><a class=\"tab-link\" data-toggle=\"tab\" role=\"tab\" aria-controls=\"tab-da4959002c166d1b52f\" aria-selected=\"false\" tabindex=\"-1\" id=\"mobile-fusion-tab-da4959002c166d1b52f\" href=\"#tab-da4959002c166d1b52f\"><h4 class=\"fusion-tab-heading\"><i class=\"fontawesome-icon fa-chevron-right fas\" aria-hidden=\"true\" style=\"font-size:18px;\"><\/i>\u00c9TAPE 3<\/h4><\/a><\/li><\/ul><\/div><div class=\"tab-pane fade fusion-clearfix\" role=\"tabpanel\" tabindex=\"0\" aria-labelledby=\"fusion-tab-da4959002c166d1b52f\" id=\"tab-da4959002c166d1b52f\">\n<h1 style=\"text-align: center\"><strong><span style=\"color: #366e82\">REMPLISSEZ VOTRE DEMANDE D&rsquo;AOT<\/span><br \/>\n<\/strong><\/h1>\n<h2 style=\"text-align: center\">(<strong>A<\/strong>utorisation d&rsquo;<strong>O<\/strong>ccupation<strong> T<\/strong>emporaire)<\/h2>\n<ul>\n<li style=\"text-align: center\">Pour \u00e9tablir votre demande, veuillez cliquer sur \u00ab\u00a0Demande d&rsquo;autorisation d&rsquo;occupation temporaire\u00a0\u00bb sur la carte ci-dessus.<\/li>\n<li style=\"text-align: center\">Cliquez sur\u00a0 \u00ab\u00a0REMPLIR LE FORMULAIRE DE DEMANDE D&rsquo;OCCUPATION TEMPORAIRE\u00a0\u00bb apr\u00e8s avoir v\u00e9rifier les disponibilit\u00e9s des dates et des heures via la cartographie du site.<\/li>\n<\/ul>\n<p style=\"text-align: center\">Remplissez le formulaire correctement puis d\u00e9posez votre dossier.<\/p>\n<p style=\"text-align: center\">Une fois que votre demande sera trait\u00e9e, vous recevrez une attestation directement dans votre bo\u00eete e-mail.<\/p>\n<p style=\"text-align: center\"><em>(Lors de votre occupation, vous serez tenue de pr\u00e9senter votre attestation aux agents du service d&rsquo;accueil et\/ou aux agents de s\u00e9curit\u00e9)<\/em><\/p>\n<p style=\"text-align: center\"><strong>Dossier accept\u00e9\/ dossier refus\u00e9<\/strong><\/p>\n<p style=\"text-align: center\"><span style=\"text-decoration: underline\"><span style=\"color: #339966\"><strong>Votre dossier est rempli correctement + dates et heures disponibles :<\/strong><\/span><\/span><\/p>\n<p style=\"text-align: center\">Votre dossier sera accept\u00e9. Une fois sur le site, un gardien v\u00e9rifiera si vous \u00eates bien autoris\u00e9 \u00e0 occuper le site\/la zone concern\u00e9(e).<\/p>\n<p style=\"text-align: center\"><span style=\"text-decoration: underline\"><strong><span style=\"color: #ff0000;text-decoration: underline\">Votre dossier n\u2019est pas rempli correctement et\/ou dates et heures non-disponibles :<\/span> <\/strong><\/span><\/p>\n<p style=\"text-align: center\">Votre dossier sera rejet\u00e9 et les raisons du rejet vous seront transmises.<\/p>\n<p style=\"text-align: center\"><a href=\"https:\/\/www.mes-demarches.gov.pf\/commencer\/daf-demande-d-autorisation-d-occupation-temporaire\" target=\"_blank\" rel=\"noopener\"><strong>&gt; REMPLIR MA DEMANDE D&rsquo;AUTORISATION D&rsquo;OCCUPATION TEMPORAIRE (AOT) &lt;<\/strong><\/a><\/p>\n<\/div><\/div><\/div><\/div><\/div><\/div><\/div><div class=\"fusion-fullwidth fullwidth-box fusion-builder-row-4 fusion-flex-container hundred-percent-fullwidth hundred-percent-height hundred-percent-height-center-content non-hundred-percent-height-scrolling\" style=\"--awb-border-radius-top-left:0px;--awb-border-radius-top-right:0px;--awb-border-radius-bottom-right:0px;--awb-border-radius-bottom-left:0px;--awb-flex-wrap:wrap;\" ><div class=\"fusion-builder-row fusion-row fusion-flex-align-items-flex-start fusion-flex-content-wrap\" style=\"width:104% !important;max-width:104% !important;margin-left: calc(-4% \/ 2 );margin-right: calc(-4% \/ 2 );\"><div class=\"fusion-layout-column fusion_builder_column fusion-builder-column-3 fusion_builder_column_1_1 1_1 fusion-flex-column\" style=\"--awb-bg-size:cover;--awb-width-large:100%;--awb-margin-top-large:0px;--awb-spacing-right-large:1.92%;--awb-margin-bottom-large:20px;--awb-spacing-left-large:1.92%;--awb-width-medium:100%;--awb-order-medium:0;--awb-spacing-right-medium:1.92%;--awb-spacing-left-medium:1.92%;--awb-width-small:100%;--awb-order-small:0;--awb-spacing-right-small:1.92%;--awb-spacing-left-small:1.92%;\"><div class=\"fusion-column-wrapper fusion-column-has-shadow fusion-flex-justify-content-flex-start fusion-content-layout-column\"><iframe src=\"https:\/\/storymaps.arcgis.com\/stories\/34cf6e810b85483f987b84294d9872b2\" width=\"100%\" height=\"900\" frameborder=\"\" style=\"border:0;\" allowfullscreen=\"on\" aria-hidden=\"false\" tabindex=\"0\"><\/iframe><\/div><\/div><\/div><\/div><div class=\"fusion-fullwidth fullwidth-box fusion-builder-row-5 fusion-flex-container nonhundred-percent-fullwidth non-hundred-percent-height-scrolling\" style=\"--awb-border-radius-top-left:0px;--awb-border-radius-top-right:0px;--awb-border-radius-bottom-right:0px;--awb-border-radius-bottom-left:0px;--awb-flex-wrap:wrap;\" ><div class=\"fusion-builder-row fusion-row fusion-flex-align-items-flex-start fusion-flex-content-wrap\" style=\"max-width:1560px;margin-left: calc(-4% \/ 2 );margin-right: calc(-4% \/ 2 );\"><div class=\"fusion-layout-column fusion_builder_column fusion-builder-column-4 fusion_builder_column_1_1 1_1 fusion-flex-column\" style=\"--awb-bg-size:cover;--awb-width-large:100%;--awb-margin-top-large:0px;--awb-spacing-right-large:1.92%;--awb-margin-bottom-large:20px;--awb-spacing-left-large:1.92%;--awb-width-medium:100%;--awb-order-medium:0;--awb-spacing-right-medium:1.92%;--awb-spacing-left-medium:1.92%;--awb-width-small:100%;--awb-order-small:0;--awb-spacing-right-small:1.92%;--awb-spacing-left-small:1.92%;\"><div class=\"fusion-column-wrapper fusion-column-has-shadow fusion-flex-justify-content-flex-start fusion-content-layout-column\"><div class=\"fusion-separator fusion-full-width-sep\" style=\"align-self: center;margin-left: auto;margin-right: auto;width:100%;\"><div class=\"fusion-separator-border sep-shadow\" style=\"--awb-height:20px;--awb-amount:20px;background:radial-gradient(ellipse at 50% -50% , #e0dede 0px, rgba(255, 255, 255, 0) 80%) repeat scroll 0 0 rgba(0, 0, 0, 0);background:-webkit-radial-gradient(ellipse at 50% -50% , #e0dede 0px, rgba(255, 255, 255, 0) 80%) repeat scroll 0 0 rgba(0, 0, 0, 0);background:-moz-radial-gradient(ellipse at 50% -50% , #e0dede 0px, rgba(255, 255, 255, 0) 80%) repeat scroll 0 0 rgba(0, 0, 0, 0);background:-o-radial-gradient(ellipse at 50% -50% , #e0dede 0px, rgba(255, 255, 255, 0) 80%) repeat scroll 0 0 rgba(0, 0, 0, 0);\"><\/div><\/div><div class=\"fusion-text fusion-text-2\"><h1 style=\"text-align: center\"><span style=\"color: #366e82\"><strong>VOUS SOUHAITEZ ?<\/strong><\/span><\/h1>\n<\/div><\/div><\/div><\/div><\/div><div class=\"fusion-fullwidth fullwidth-box fusion-builder-row-6 fusion-flex-container nonhundred-percent-fullwidth non-hundred-percent-height-scrolling\" style=\"--awb-border-radius-top-left:0px;--awb-border-radius-top-right:0px;--awb-border-radius-bottom-right:0px;--awb-border-radius-bottom-left:0px;--awb-flex-wrap:wrap;\" ><div class=\"fusion-builder-row fusion-row fusion-flex-align-items-flex-start fusion-flex-content-wrap\" style=\"max-width:1560px;margin-left: calc(-4% \/ 2 );margin-right: calc(-4% \/ 2 );\"><div class=\"fusion-layout-column fusion_builder_column fusion-builder-column-5 fusion_builder_column_1_1 1_1 fusion-flex-column fusion-flex-align-self-center\" style=\"--awb-bg-size:cover;--awb-width-large:100%;--awb-margin-top-large:0px;--awb-spacing-right-large:1.92%;--awb-margin-bottom-large:20px;--awb-spacing-left-large:1.92%;--awb-width-medium:100%;--awb-order-medium:0;--awb-spacing-right-medium:1.92%;--awb-spacing-left-medium:1.92%;--awb-width-small:100%;--awb-order-small:0;--awb-spacing-right-small:1.92%;--awb-spacing-left-small:1.92%;\"><div class=\"fusion-column-wrapper fusion-column-has-shadow fusion-flex-justify-content-center fusion-content-layout-column\"><div style=\"text-align:center;\"><a class=\"fusion-button button-flat fusion-button-default-size button-default fusion-button-default button-1 fusion-button-default-span fusion-button-default-type\" target=\"_self\" href=\"mailto:communication@foncier.gov.pf%20;%20mailto:daf.domaine@foncier.gov.pf\"><span class=\"fusion-button-text awb-button__text awb-button__text--default\">AIDE \/ ASSISTANCE<\/span><\/a><\/div><div style=\"text-align:center;\"><a class=\"fusion-button button-flat fusion-button-default-size button-default fusion-button-default button-2 fusion-button-default-span fusion-button-default-type\" target=\"_self\" href=\"https:\/\/www.service-public.pf\/sdt\/sites-touristiques-2\/\"><span class=\"fusion-button-text awb-button__text awb-button__text--default\">Consultez les sites publics de Polyn\u00e9sie fran\u00e7aise<\/span><\/a><\/div><\/div><\/div><\/div><\/div><\/p>\n","protected":false},"excerpt":{"rendered":"","protected":false},"author":102,"featured_media":0,"parent":2156,"menu_order":0,"comment_status":"closed","ping_status":"closed","template":"","meta":{"_seopress_robots_primary_cat":"","_seopress_titles_title":"","_seopress_titles_desc":"","_seopress_robots_index":"","footnotes":""},"class_list":["post-9373","page","type-page","status-publish","hentry"],"_links":{"self":[{"href":"https:\/\/www.service-public.pf\/daf\/wp-json\/wp\/v2\/pages\/9373","targetHints":{"allow":["GET"]}}],"collection":[{"href":"https:\/\/www.service-public.pf\/daf\/wp-json\/wp\/v2\/pages"}],"about":[{"href":"https:\/\/www.service-public.pf\/daf\/wp-json\/wp\/v2\/types\/page"}],"author":[{"embeddable":true,"href":"https:\/\/www.service-public.pf\/daf\/wp-json\/wp\/v2\/users\/102"}],"replies":[{"embeddable":true,"href":"https:\/\/www.service-public.pf\/daf\/wp-json\/wp\/v2\/comments?post=9373"}],"version-history":[{"count":0,"href":"https:\/\/www.service-public.pf\/daf\/wp-json\/wp\/v2\/pages\/9373\/revisions"}],"up":[{"embeddable":true,"href":"https:\/\/www.service-public.pf\/daf\/wp-json\/wp\/v2\/pages\/2156"}],"wp:attachment":[{"href":"https:\/\/www.service-public.pf\/daf\/wp-json\/wp\/v2\/media?parent=9373"}],"curies":[{"name":"wp","href":"https:\/\/api.w.org\/{rel}","templated":true}]}}