{"id":3727,"date":"2019-01-27T19:01:40","date_gmt":"2019-01-28T05:01:40","guid":{"rendered":"https:\/\/www.service-public.pf\/dag\/?page_id=3727"},"modified":"2021-10-29T14:24:07","modified_gmt":"2021-10-30T00:24:07","slug":"protection-cultures-agriculture-polynesie-francaise","status":"publish","type":"page","link":"https:\/\/www.service-public.pf\/dag\/protection-cultures-agriculture-polynesie-francaise\/","title":{"rendered":"La Protection des Cultures"},"content":{"rendered":"<div class=\"fusion-fullwidth fullwidth-box fusion-builder-row-1 nonhundred-percent-fullwidth non-hundred-percent-height-scrolling fusion-equal-height-columns\" style=\"--awb-border-radius-top-left:0px;--awb-border-radius-top-right:0px;--awb-border-radius-bottom-right:0px;--awb-border-radius-bottom-left:0px;--awb-flex-wrap:wrap;\" ><div class=\"fusion-builder-row fusion-row\"><div class=\"fusion-layout-column fusion_builder_column fusion-builder-column-0 fusion_builder_column_1_1 1_1 fusion-one-full fusion-column-first fusion-column-last\" style=\"--awb-bg-size:cover;\"><div class=\"fusion-column-wrapper fusion-flex-column-wrapper-legacy\"><div class=\"fusion-text fusion-text-1\"><p style=\"text-align: justify\">Vous trouverez ici les informations n\u00e9cessaires \u00e0 l\u2019identification des probl\u00e8mes rencontr\u00e9s dans les cultures (est-ce un insecte, un champignon, une carence, etc. ?), ainsi que les m\u00e9thodes de lutte possibles, notamment les m\u00e9thodes alternatives, et des conseils sur l\u2019utilisation des pesticides.<\/p>\n<\/div><div class=\"fusion-content-boxes content-boxes columns row fusion-columns-4 fusion-columns-total-4 fusion-content-boxes-1 content-boxes-clean-vertical content-left content-boxes-icon-on-top content_boxes_navigation\" style=\"--awb-backgroundcolor:#9e1f62;--awb-title-color:#ffffff;--awb-hover-accent-color:#9e1f62;--awb-circle-hover-accent-color:#9e1f62;\" data-animationOffset=\"top-into-view\"><div style=\"--awb-backgroundcolor:#9e1f62;border-color:rgba(255,255,255,0);\" class=\"fusion-column content-box-column content-box-column content-box-column-1 col-lg-3 col-md-3 col-sm-3 fusion-content-box-hover content-box-column-first-in-row\"><div class=\"col content-box-wrapper content-wrapper-background link-area-box link-type-text icon-hover-animation-fade\" data-link=\"https:\/\/www.service-public.pf\/dag\/protection-cultures\/les-insectes-des-plantes-cultivees\/\" data-link-target=\"_blank\" data-animationOffset=\"top-into-view\"><div class=\"heading icon-left\"><a class=\"heading-link\" href=\"https:\/\/www.service-public.pf\/dag\/protection-cultures\/les-insectes-des-plantes-cultivees\/\" target=\"_blank\" rel=\"noopener noreferrer\"><h2 class=\"content-box-heading\" style=\"--h2_typography-font-size:21px;line-height:26px;\">Les insectes des plantes cultiv\u00e9es<\/h2><\/a><\/div><\/div><\/div><div style=\"--awb-backgroundcolor:#9e1f62;border-color:rgba(255,255,255,0);\" class=\"fusion-column content-box-column content-box-column content-box-column-2 col-lg-3 col-md-3 col-sm-3 fusion-content-box-hover \"><div class=\"col content-box-wrapper content-wrapper-background link-area-box link-type-text icon-hover-animation-fade\" data-link=\"https:\/\/www.service-public.pf\/dag\/protection-cultures\/les-maladies-des-plantes-cultivees\/\" data-link-target=\"_blank\" data-animationOffset=\"top-into-view\"><div class=\"heading icon-left\"><a class=\"heading-link\" href=\"https:\/\/www.service-public.pf\/dag\/protection-cultures\/les-maladies-des-plantes-cultivees\/\" target=\"_blank\" rel=\"noopener noreferrer\"><h2 class=\"content-box-heading\" style=\"--h2_typography-font-size:21px;line-height:26px;\">Les maladies des plantes cultiv\u00e9es<\/h2><\/a><\/div><\/div><\/div><div style=\"--awb-backgroundcolor:#9e1f62;border-color:rgba(255,255,255,0);\" class=\"fusion-column content-box-column content-box-column content-box-column-3 col-lg-3 col-md-3 col-sm-3 fusion-content-box-hover \"><div class=\"col content-box-wrapper content-wrapper-background link-area-box link-type-text icon-hover-animation-fade\" data-link=\"https:\/\/www.service-public.pf\/dag\/protection-cultures\/les-methodes-de-protections-alternatives\/\" data-link-target=\"_blank\" data-animationOffset=\"top-into-view\"><div class=\"heading icon-left\"><a class=\"heading-link\" href=\"https:\/\/www.service-public.pf\/dag\/protection-cultures\/les-methodes-de-protections-alternatives\/\" target=\"_blank\" rel=\"noopener noreferrer\"><h2 class=\"content-box-heading\" style=\"--h2_typography-font-size:21px;line-height:26px;\">Les m\u00e9thodes de protections alternatives<\/h2><\/a><\/div><\/div><\/div><div style=\"--awb-backgroundcolor:#9e1f62;border-color:rgba(255,255,255,0);\" class=\"fusion-column content-box-column content-box-column content-box-column-4 col-lg-3 col-md-3 col-sm-3 fusion-content-box-hover content-box-column-last content-box-column-last-in-row\"><div class=\"col content-box-wrapper content-wrapper-background link-area-box link-type-text icon-hover-animation-fade\" data-link=\"https:\/\/www.service-public.pf\/dag\/protection-cultures\/bien-utiliser-les-pesticides\/\" data-link-target=\"_blank\" data-animationOffset=\"top-into-view\"><div class=\"heading icon-left\"><a class=\"heading-link\" href=\"https:\/\/www.service-public.pf\/dag\/protection-cultures\/bien-utiliser-les-pesticides\/\" target=\"_blank\" rel=\"noopener noreferrer\"><h2 class=\"content-box-heading\" style=\"--h2_typography-font-size:21px;line-height:26px;\">Bien utiliser les pesticides<\/h2><\/a><\/div><\/div><\/div><div class=\"fusion-clearfix\"><\/div><\/div><div class=\"fusion-text fusion-text-2\"><p style=\"text-align: justify\"><strong>Par ailleurs, divers outils existent pour aider au diagnostic des maladies et des ravageurs des cultures :<\/strong><\/p>\n<\/div><ul style=\"--awb-size:16px;--awb-line-height:27.2px;--awb-icon-width:27.2px;--awb-icon-height:27.2px;--awb-icon-margin:11.2px;--awb-content-margin:38.4px;\" class=\"fusion-checklist fusion-checklist-1 fusion-checklist-default type-icons\"><li class=\"fusion-li-item\" style=\"\"><span class=\"icon-wrapper circle-no\"><i class=\"fusion-li-icon fa-angle-right fas\" aria-hidden=\"true\"><\/i><\/span><div class=\"fusion-li-item-content\">\n<p><a href=\"http:\/\/ephytia.inra.fr\/fr\/P\/138\/Tropileg\"><img decoding=\"async\" class=\" wp-image-3735 alignright\" src=\"https:\/\/www.service-public.pf\/dag\/wp-content\/uploads\/sites\/28\/2019\/01\/tropileg.jpg\" alt=\"\" width=\"154\" height=\"154\" srcset=\"https:\/\/www.service-public.pf\/dag\/wp-content\/uploads\/sites\/28\/2019\/01\/tropileg-66x66.jpg 66w, https:\/\/www.service-public.pf\/dag\/wp-content\/uploads\/sites\/28\/2019\/01\/tropileg.jpg 90w\" sizes=\"(max-width: 154px) 100vw, 154px\" \/><\/a><\/p>\n<p style=\"text-align: justify\"><strong>L<\/strong><strong>&lsquo;application Tropileg<\/strong> vous aide \u00e0 identifier les maladies et insectes des plantes l\u00e9gumi\u00e8res et recense les m\u00e9thodes de protection alternatives dans les DROM-COM. Elle a \u00e9t\u00e9 d\u00e9velopp\u00e9e par l&rsquo;INRA et de nombreux partenaires dans les Pays et territoires d&rsquo;Outre-mer, la Direction de l&rsquo;agriculture a particip\u00e9 \u00e0 sa r\u00e9alisation. Vous pouvez consulter le site en ligne: <a href=\"http:\/\/ephytia.inra.fr\/fr\/P\/138\/Tropileg\">http:\/\/ephytia.inra.fr\/fr\/P\/138\/Tropileg<\/a> ou t\u00e9l\u00e9charger l&rsquo;application sur Google Play et App Store.<\/p>\n<\/div><\/li><li class=\"fusion-li-item\" style=\"\"><span class=\"icon-wrapper circle-no\"><i class=\"fusion-li-icon fa-angle-right fas\" aria-hidden=\"true\"><\/i><\/span><div class=\"fusion-li-item-content\">\n<p style=\"text-align: justify\"><a href=\"https:\/\/fr.calameo.com\/read\/006897934c0ec8b6e6529\" target=\"_blank\" rel=\"noopener\"><strong>Le guide de reconnaissance des insectes<\/strong><\/a> et acariens de cultures pr\u00e9sente les principaux ravageurs et auxiliaires des cultures de Polyn\u00e9sie fran\u00e7aise.<a href=\"https:\/\/fr.calameo.com\/read\/006897934c0ec8b6e6529\" target=\"_blank\" rel=\"noopener\"><img decoding=\"async\" class=\"wp-image-5749 alignright\" src=\"https:\/\/www.service-public.pf\/dag\/wp-content\/uploads\/sites\/28\/2021\/10\/Capture-2.jpg\" alt=\"\" width=\"219\" height=\"297\" srcset=\"https:\/\/www.service-public.pf\/dag\/wp-content\/uploads\/sites\/28\/2021\/10\/Capture-2-200x271.jpg 200w, https:\/\/www.service-public.pf\/dag\/wp-content\/uploads\/sites\/28\/2021\/10\/Capture-2-221x300.jpg 221w, https:\/\/www.service-public.pf\/dag\/wp-content\/uploads\/sites\/28\/2021\/10\/Capture-2-400x543.jpg 400w, https:\/\/www.service-public.pf\/dag\/wp-content\/uploads\/sites\/28\/2021\/10\/Capture-2-600x814.jpg 600w, https:\/\/www.service-public.pf\/dag\/wp-content\/uploads\/sites\/28\/2021\/10\/Capture-2.jpg 631w\" sizes=\"(max-width: 219px) 100vw, 219px\" \/><\/a><\/p>\n<\/div><\/li><li class=\"fusion-li-item\" style=\"\"><span class=\"icon-wrapper circle-no\"><i class=\"fusion-li-icon fa-angle-right fas\" aria-hidden=\"true\"><\/i><\/span><div class=\"fusion-li-item-content\">\n<p style=\"text-align: justify\"><strong>Des fiches sp\u00e9cifiques<\/strong> \u00e0 plusieurs insectes et maladies sont pr\u00e9sent\u00e9es dans les parties Insectes et Maladies<\/p>\n<\/div><\/li><li class=\"fusion-li-item\" style=\"\"><span class=\"icon-wrapper circle-no\"><i class=\"fusion-li-icon fa-angle-right fas\" aria-hidden=\"true\"><\/i><\/span><div class=\"fusion-li-item-content\">\n<p style=\"text-align: justify\">Si besoin les agriculteurs peuvent faire appel aux sp\u00e9cialistes de la Direction de l&rsquo;Agriculture en envoyant un message d\u00e9crivant les sympt\u00f4mes accompagn\u00e9 de photos de bonne qualit\u00e9 \u00e0 l&rsquo;adresse suivante: <a href=\"diagnostic@rural.gov.pf\">diagnostic@rural.gov.pf<\/a><\/p>\n<\/div><\/li><\/ul><div class=\"fusion-clearfix\"><\/div><\/div><\/div><\/div><\/div>\n","protected":false},"excerpt":{"rendered":"","protected":false},"author":98,"featured_media":0,"parent":0,"menu_order":0,"comment_status":"closed","ping_status":"closed","template":"100-width.php","meta":{"_acf_changed":false,"_seopress_robots_primary_cat":"","_seopress_titles_title":"","_seopress_titles_desc":"","_seopress_robots_index":"","footnotes":""},"class_list":["post-3727","page","type-page","status-publish","hentry"],"acf":[],"_links":{"self":[{"href":"https:\/\/www.service-public.pf\/dag\/wp-json\/wp\/v2\/pages\/3727","targetHints":{"allow":["GET"]}}],"collection":[{"href":"https:\/\/www.service-public.pf\/dag\/wp-json\/wp\/v2\/pages"}],"about":[{"href":"https:\/\/www.service-public.pf\/dag\/wp-json\/wp\/v2\/types\/page"}],"author":[{"embeddable":true,"href":"https:\/\/www.service-public.pf\/dag\/wp-json\/wp\/v2\/users\/98"}],"replies":[{"embeddable":true,"href":"https:\/\/www.service-public.pf\/dag\/wp-json\/wp\/v2\/comments?post=3727"}],"version-history":[{"count":0,"href":"https:\/\/www.service-public.pf\/dag\/wp-json\/wp\/v2\/pages\/3727\/revisions"}],"wp:attachment":[{"href":"https:\/\/www.service-public.pf\/dag\/wp-json\/wp\/v2\/media?parent=3727"}],"curies":[{"name":"wp","href":"https:\/\/api.w.org\/{rel}","templated":true}]}}