{"id":5584,"date":"2021-08-27T14:10:55","date_gmt":"2021-08-28T00:10:55","guid":{"rendered":"https:\/\/www.service-public.pf\/dag\/?page_id=5584"},"modified":"2021-08-27T14:52:46","modified_gmt":"2021-08-28T00:52:46","slug":"le-pole-agrotransformation","status":"publish","type":"page","link":"https:\/\/www.service-public.pf\/dag\/le-pole-agrotransformation\/","title":{"rendered":"Le p\u00f4le agrotransformation (en construction)"},"content":{"rendered":"<p><div class=\"fusion-fullwidth fullwidth-box fusion-builder-row-1 nonhundred-percent-fullwidth non-hundred-percent-height-scrolling\" style=\"--awb-border-radius-top-left:0px;--awb-border-radius-top-right:0px;--awb-border-radius-bottom-right:0px;--awb-border-radius-bottom-left:0px;--awb-flex-wrap:wrap;\" ><div class=\"fusion-builder-row fusion-row\"><div class=\"fusion-layout-column fusion_builder_column fusion-builder-column-0 fusion_builder_column_1_1 1_1 fusion-one-full fusion-column-first fusion-column-last\" style=\"--awb-padding-top:-1px;--awb-padding-right:-1px;--awb-padding-bottom:-1px;--awb-padding-left:-1px;--awb-bg-position:right top;--awb-bg-size:cover;--awb-margin-top:-1px;--awb-margin-bottom:-10px;\"><div class=\"fusion-column-wrapper fusion-flex-column-wrapper-legacy\"><div class=\"fusion-tabs fusion-tabs-1 classic nav-is-justified dag-flip horizontal-tabs icon-position-left mobile-mode-accordion\" style=\"--awb-title-border-radius-top-left:0px;--awb-title-border-radius-top-right:0px;--awb-title-border-radius-bottom-right:0px;--awb-title-border-radius-bottom-left:0px;--awb-inactive-color:#9e1f62;--awb-background-color:rgba(158,31,98,0.06);--awb-border-color:#9e1f62;--awb-active-border-color:#9e1f62;\"><div class=\"nav\"><ul class=\"nav-tabs nav-justified\" role=\"tablist\"><li class=\"active\" role=\"presentation\"><a class=\"tab-link\" data-toggle=\"tab\" role=\"tab\" aria-controls=\"tab-f55ad2af17966d0be54\" aria-selected=\"true\" id=\"fusion-tab-transformationdesproduitsvivriers\" href=\"#tab-f55ad2af17966d0be54\"><h4 class=\"fusion-tab-heading\"><i class=\"fontawesome-icon fa-clinic-medical fas\" aria-hidden=\"true\" style=\"font-size:13px;\"><\/i>Transformation des produits vivriers<\/h4><\/a><\/li><li role=\"presentation\"><a class=\"tab-link\" data-toggle=\"tab\" role=\"tab\" aria-controls=\"tab-397c467c9028b4f50f6\" aria-selected=\"false\" tabindex=\"-1\" id=\"fusion-tab-lesproduitsducocotier\" href=\"#tab-397c467c9028b4f50f6\"><h4 class=\"fusion-tab-heading\">Les produits du cocotier<\/h4><\/a><\/li><li role=\"presentation\"><a class=\"tab-link\" data-toggle=\"tab\" role=\"tab\" aria-controls=\"tab-79c9f4d3a34138120d2\" aria-selected=\"false\" tabindex=\"-1\" id=\"fusion-tab-transformationdesfruits\" href=\"#tab-79c9f4d3a34138120d2\"><h4 class=\"fusion-tab-heading\">Transformation des fruits<\/h4><\/a><\/li><li role=\"presentation\"><a class=\"tab-link\" data-toggle=\"tab\" role=\"tab\" aria-controls=\"tab-c14f76824e78cf09ca3\" aria-selected=\"false\" tabindex=\"-1\" id=\"fusion-tab-conservationr\u00e9frig\u00e9r\u00e9edesproductionsagricoles\" href=\"#tab-c14f76824e78cf09ca3\"><h4 class=\"fusion-tab-heading\">Conservation r\u00e9frig\u00e9r\u00e9e des productions agricoles<\/h4><\/a><\/li><li role=\"presentation\"><a class=\"tab-link\" data-toggle=\"tab\" role=\"tab\" aria-controls=\"tab-299179498712697845e\" aria-selected=\"false\" tabindex=\"-1\" id=\"fusion-tab-commercialisationdesproductionsagricoles\" href=\"#tab-299179498712697845e\"><h4 class=\"fusion-tab-heading\">Commercialisation des productions agricoles<\/h4><\/a><\/li><\/ul><\/div><div class=\"tab-content\"><div class=\"nav fusion-mobile-tab-nav\"><ul class=\"nav-tabs nav-justified\" role=\"tablist\"><li class=\"active\" role=\"presentation\"><a class=\"tab-link\" data-toggle=\"tab\" role=\"tab\" aria-controls=\"tab-f55ad2af17966d0be54\" aria-selected=\"true\" id=\"mobile-fusion-tab-transformationdesproduitsvivriers\" href=\"#tab-f55ad2af17966d0be54\"><h4 class=\"fusion-tab-heading\"><i class=\"fontawesome-icon fa-clinic-medical fas\" aria-hidden=\"true\" style=\"font-size:13px;\"><\/i>Transformation des produits vivriers<\/h4><\/a><\/li><\/ul><\/div><div class=\"tab-pane fade fusion-clearfix in active\" role=\"tabpanel\" tabindex=\"0\" aria-labelledby=\"fusion-tab-transformationdesproduitsvivriers\" id=\"tab-f55ad2af17966d0be54\">\n<p><a href=\"https:\/\/www.service-public.pf\/dag\/wp-content\/uploads\/sites\/28\/2021\/08\/uru-production-mecanise-ma-schematisation_dag-2019.pdf\" target=\"_blank\" rel=\"noopener\">Production m\u00e9canis\u00e9e du Ma<\/a><\/p>\n<p><a href=\"https:\/\/www.service-public.pf\/dag\/wp-content\/uploads\/sites\/28\/2019\/02\/uru-production-flocons-schematisation_dag-2019.pdf\" target=\"_blank\" rel=\"noopener\">Proc\u00e9d\u00e9 de fabrication de flocons de uru<\/a><\/p>\n<p><a href=\"https:\/\/www.service-public.pf\/dag\/wp-content\/uploads\/sites\/28\/2021\/08\/uru-production-mecanise-ma-schematisation_dag-2019.pdf\" target=\"\" rel=\"noopener\">Test<\/a><\/p>\n<\/div><div class=\"nav fusion-mobile-tab-nav\"><ul class=\"nav-tabs nav-justified\" role=\"tablist\"><li role=\"presentation\"><a class=\"tab-link\" data-toggle=\"tab\" role=\"tab\" aria-controls=\"tab-397c467c9028b4f50f6\" aria-selected=\"false\" tabindex=\"-1\" id=\"mobile-fusion-tab-lesproduitsducocotier\" href=\"#tab-397c467c9028b4f50f6\"><h4 class=\"fusion-tab-heading\">Les produits du cocotier<\/h4><\/a><\/li><\/ul><\/div><div class=\"tab-pane fade fusion-clearfix\" role=\"tabpanel\" tabindex=\"0\" aria-labelledby=\"fusion-tab-lesproduitsducocotier\" id=\"tab-397c467c9028b4f50f6\">\n<p>En cours de construction, le cas \u00e9ch\u00e9ant adressez votre demande de formulaire soit \u00e0 heimiti.bg@rural.gov.pf ou au 40 42 81 44.<\/p>\n<\/div><div class=\"nav fusion-mobile-tab-nav\"><ul class=\"nav-tabs nav-justified\" role=\"tablist\"><li role=\"presentation\"><a class=\"tab-link\" data-toggle=\"tab\" role=\"tab\" aria-controls=\"tab-79c9f4d3a34138120d2\" aria-selected=\"false\" tabindex=\"-1\" id=\"mobile-fusion-tab-transformationdesfruits\" href=\"#tab-79c9f4d3a34138120d2\"><h4 class=\"fusion-tab-heading\">Transformation des fruits<\/h4><\/a><\/li><\/ul><\/div><div class=\"tab-pane fade fusion-clearfix\" role=\"tabpanel\" tabindex=\"0\" aria-labelledby=\"fusion-tab-transformationdesfruits\" id=\"tab-79c9f4d3a34138120d2\">\n<div class=\"fusion-content-boxes content-boxes columns row fusion-columns-2 fusion-columns-total-2 fusion-content-boxes-1 content-boxes-icon-on-top content-left\" style=\"--awb-iconcolor:#9e1f62;--awb-hover-accent-color:#9e1f62;--awb-circle-hover-accent-color:transparent;\" data-animationOffset=\"top-into-view\"><div style=\"--awb-backgroundcolor:rgba(249,242,246,0);--awb-iconcolor:#9e1f62;\" class=\"fusion-column content-box-column content-box-column content-box-column-1 col-lg-6 col-md-6 col-sm-6 fusion-content-box-hover content-box-column-first-in-row\"><div class=\"col content-box-wrapper content-wrapper link-area-box link-type-text icon-hover-animation-fade\" data-link=\"https:\/\/www.service-public.pf\/dag\/wp-content\/uploads\/sites\/28\/2020\/01\/2017_Formulaire-demande-de-location-de-lots-agricoles.pdf\" data-link-target=\"_blank\" data-animationOffset=\"top-into-view\"><div class=\"heading heading-with-icon icon-left\"><a class=\"heading-link\" href=\"https:\/\/www.service-public.pf\/dag\/wp-content\/uploads\/sites\/28\/2020\/01\/2017_Formulaire-demande-de-location-de-lots-agricoles.pdf\" target=\"_blank\" rel=\"noopener noreferrer\"><div class=\"icon\"><i style=\"background-color:transparent;border-color:transparent;height:auto;width: 80px;line-height:normal;font-size:80px;\" aria-hidden=\"true\" class=\"fontawesome-icon fa fa-file-pdf-o circle-no\"><\/i><\/div><h2 class=\"content-box-heading\" style=\"--h2_typography-font-size:21px;line-height:26px;\">C\u2019est la premi\u00e8re fois que je demande un lot agricole &gt; t\u00e9l\u00e9charger le formulaire de demande de lot agricole ici<\/h2><\/a><\/div><\/div><\/div><div style=\"--awb-backgroundcolor:rgba(249,242,246,0);--awb-iconcolor:#9e1f62;\" class=\"fusion-column content-box-column content-box-column content-box-column-2 col-lg-6 col-md-6 col-sm-6 fusion-content-box-hover content-box-column-last content-box-column-last-in-row\"><div class=\"col content-box-wrapper content-wrapper link-area-box link-type-text icon-hover-animation-fade\" data-link=\"https:\/\/www.service-public.pf\/dag\/wp-content\/uploads\/sites\/28\/2020\/01\/2017_Formulaire-demande-de-location-de-lots-agricoles.pdf\" data-link-target=\"_blank\" data-animationOffset=\"top-into-view\"><div class=\"heading heading-with-icon icon-left\"><a class=\"heading-link\" href=\"https:\/\/www.service-public.pf\/dag\/wp-content\/uploads\/sites\/28\/2020\/01\/2017_Formulaire-demande-de-location-de-lots-agricoles.pdf\" target=\"_blank\" rel=\"noopener noreferrer\"><div class=\"icon\"><i style=\"background-color:transparent;border-color:transparent;height:auto;width: 80px;line-height:normal;font-size:80px;\" aria-hidden=\"true\" class=\"fontawesome-icon fa fa-file-pdf-o circle-no\"><\/i><\/div><h2 class=\"content-box-heading\" style=\"--h2_typography-font-size:21px;line-height:26px;\">J\u2019exploite d\u00e9j\u00e0 un lot agricole &gt; t\u00e9l\u00e9charger le formulaire de demande de lot agricole ici<\/h2><\/a><\/div><\/div><\/div><div class=\"fusion-clearfix\"><\/div><\/div>\n<\/div><div class=\"nav fusion-mobile-tab-nav\"><ul class=\"nav-tabs nav-justified\" role=\"tablist\"><li role=\"presentation\"><a class=\"tab-link\" data-toggle=\"tab\" role=\"tab\" aria-controls=\"tab-c14f76824e78cf09ca3\" aria-selected=\"false\" tabindex=\"-1\" id=\"mobile-fusion-tab-conservationr\u00e9frig\u00e9r\u00e9edesproductionsagricoles\" href=\"#tab-c14f76824e78cf09ca3\"><h4 class=\"fusion-tab-heading\">Conservation r\u00e9frig\u00e9r\u00e9e des productions agricoles<\/h4><\/a><\/li><\/ul><\/div><div class=\"tab-pane fade fusion-clearfix\" role=\"tabpanel\" tabindex=\"0\" aria-labelledby=\"fusion-tab-conservationr\u00e9frig\u00e9r\u00e9edesproductionsagricoles\" id=\"tab-c14f76824e78cf09ca3\">\n<p>\u00c0 venir, un sch\u00e9ma sur la proc\u00e9dure d&rsquo;abattage ou de d\u00e9frichement afin de vous aider dans votre d\u00e9marche. La Direction de l&rsquo;agriculture (DAG) anciennement SDR, \u00e9met un avis technique obligatoire mais c&rsquo;est la mairie qui prend la d\u00e9cision finale.<\/p>\n<div class=\"fusion-content-boxes content-boxes columns row fusion-columns-1 fusion-columns-total-1 fusion-content-boxes-2 content-boxes-icon-on-top content-left\" style=\"--awb-backgroundcolor:rgba(249,242,246,0);--awb-iconcolor:#9e1f62;--awb-hover-accent-color:#9e1f62;--awb-circle-hover-accent-color:transparent;--awb-item-margin-bottom:40px;\" data-animationOffset=\"top-into-view\"><div style=\"--awb-backgroundcolor:rgba(249,242,246,0);--awb-iconcolor:#9e1f62;\" class=\"fusion-column content-box-column content-box-column content-box-column-1 col-lg-12 col-md-12 col-sm-12 fusion-content-box-hover content-box-column-last content-box-column-last-in-row\"><div class=\"col content-box-wrapper content-wrapper link-area-box link-type-text icon-hover-animation-fade\" data-link=\"https:\/\/www.service-public.pf\/dag\/wp-content\/uploads\/sites\/28\/2018\/08\/20180808_formulaire-abattageDefrichement-arbre_dagCAR.pdf\" data-link-target=\"_blank\" data-animationOffset=\"top-into-view\"><div class=\"heading heading-with-icon icon-left\"><a class=\"heading-link\" href=\"https:\/\/www.service-public.pf\/dag\/wp-content\/uploads\/sites\/28\/2018\/08\/20180808_formulaire-abattageDefrichement-arbre_dagCAR.pdf\" target=\"_blank\" rel=\"noopener noreferrer\"><div class=\"icon\"><i style=\"background-color:transparent;border-color:transparent;height:auto;width: 80px;line-height:normal;font-size:80px;\" aria-hidden=\"true\" class=\"fontawesome-icon fa fa-file-pdf-o circle-no\"><\/i><\/div><h2 class=\"content-box-heading\" style=\"--h2_typography-font-size:21px;line-height:26px;\">T\u00e9l\u00e9chargez le formulaire de demande d\u2019abattage ou de d\u00e9frichement<\/h2><\/a><\/div><\/div><\/div><div class=\"fusion-clearfix\"><\/div><\/div>\n<\/div><div class=\"nav fusion-mobile-tab-nav\"><ul class=\"nav-tabs nav-justified\" role=\"tablist\"><li role=\"presentation\"><a class=\"tab-link\" data-toggle=\"tab\" role=\"tab\" aria-controls=\"tab-299179498712697845e\" aria-selected=\"false\" tabindex=\"-1\" id=\"mobile-fusion-tab-commercialisationdesproductionsagricoles\" href=\"#tab-299179498712697845e\"><h4 class=\"fusion-tab-heading\">Commercialisation des productions agricoles<\/h4><\/a><\/li><\/ul><\/div><div class=\"tab-pane fade fusion-clearfix\" role=\"tabpanel\" tabindex=\"0\" aria-labelledby=\"fusion-tab-commercialisationdesproductionsagricoles\" id=\"tab-299179498712697845e\">\n<p>Your Content Goes Here<\/p>\n<\/div><\/div><\/div><div class=\"fusion-clearfix\"><\/div><\/div><\/div><\/div><\/div><div class=\"fusion-fullwidth fullwidth-box fusion-builder-row-2 nonhundred-percent-fullwidth non-hundred-percent-height-scrolling\" style=\"--awb-background-position:left top;--awb-border-sizes-top:0px;--awb-border-sizes-bottom:0px;--awb-border-sizes-left:0px;--awb-border-sizes-right:0px;--awb-border-color:#eaeaea;--awb-border-radius-top-left:0px;--awb-border-radius-top-right:0px;--awb-border-radius-bottom-right:0px;--awb-border-radius-bottom-left:0px;--awb-padding-top:0px;--awb-background-color:#ffffff;--awb-flex-wrap:wrap;\" ><div class=\"fusion-builder-row fusion-row\"><div class=\"fusion-layout-column fusion_builder_column fusion-builder-column-1 fusion_builder_column_1_1 1_1 fusion-one-full fusion-column-first fusion-column-last\" style=\"--awb-bg-size:cover;\"><div class=\"fusion-column-wrapper fusion-flex-column-wrapper-legacy\"><div class=\"fusion-content-boxes content-boxes columns row fusion-columns-5 fusion-columns-total-4 fusion-content-boxes-3 content-boxes-icon-boxed content-left\" style=\"--awb-body-color:#f2f2f2;--awb-title-color:#000000;--awb-hover-accent-color:#b9397b;--awb-circle-hover-accent-color:#b9397b;\" data-animationOffset=\"top-into-view\"><div style=\"--awb-backgroundcolor:rgba(234,234,234,0.47);\" class=\"fusion-column content-box-column content-box-column-1 col-lg-2 col-md-2 col-sm-2 fusion-content-box-hover content-box-column-first-in-row\"><div class=\"col content-box-wrapper content-wrapper-background content-wrapper-boxed link-area-box link-type-button-bar icon-hover-animation-fade\" data-link=\"https:\/\/www.service-public.pf\/dag\/wp-content\/uploads\/sites\/28\/2018\/06\/2_Formulaire_Fiche-Groupement-Agricole.pdf\" data-link-target=\"_blank\" data-animationOffset=\"top-into-view\"><div class=\"heading heading-with-icon icon-left\"><a class=\"heading-link\" href=\"https:\/\/www.service-public.pf\/dag\/wp-content\/uploads\/sites\/28\/2018\/06\/2_Formulaire_Fiche-Groupement-Agricole.pdf\" target=\"_blank\" rel=\"noopener noreferrer\"><div class=\"icon\"><i style=\"border-color:#9e1f62;border-width:0px;background-color:#9e1f62;box-sizing:content-box;height:42px;width:42px;line-height:42px;top:-71px;margin-left:-21px;border-radius:50%;font-size:21px;\" aria-hidden=\"true\" class=\"fontawesome-icon fa fa-file-o circle-yes\"><\/i><\/div><h2 class=\"content-box-heading\" style=\"--h2_typography-font-size:18px;line-height:23px;\">Fiche descriptive du groupement agricole (coop\u00e9rative, association\u2026)<\/h2><\/a><\/div><div class=\"fusion-clearfix\"><\/div><a class=\" fusion-read-more fusion-button-bar\" href=\"https:\/\/www.service-public.pf\/dag\/wp-content\/uploads\/sites\/28\/2018\/06\/2_Formulaire_Fiche-Groupement-Agricole.pdf\" target=\"_blank\" rel=\"noopener noreferrer\">Voir le fichier<\/a><div class=\"fusion-clearfix\"><\/div><\/div><\/div><div style=\"--awb-backgroundcolor:rgba(234,234,234,0.47);\" class=\"fusion-column content-box-column content-box-column-2 col-lg-2 col-md-2 col-sm-2 fusion-content-box-hover \"><div class=\"col content-box-wrapper content-wrapper-background content-wrapper-boxed link-area-box link-type-button-bar icon-hover-animation-fade\" data-link=\"https:\/\/www.service-public.pf\/dag\/wp-content\/uploads\/sites\/28\/2018\/06\/2_Formulaire_Fiche-Ent-Agro_transformation.pdf\" data-link-target=\"_blank\" data-animationOffset=\"top-into-view\"><div class=\"heading heading-with-icon icon-left\"><a class=\"heading-link\" href=\"https:\/\/www.service-public.pf\/dag\/wp-content\/uploads\/sites\/28\/2018\/06\/2_Formulaire_Fiche-Ent-Agro_transformation.pdf\" target=\"_blank\" rel=\"noopener noreferrer\"><div class=\"icon\"><i style=\"border-color:#9e1f62;border-width:0px;background-color:#9e1f62;box-sizing:content-box;height:42px;width:42px;line-height:42px;top:-71px;margin-left:-21px;border-radius:50%;font-size:21px;\" aria-hidden=\"true\" class=\"fontawesome-icon fa fa-file-o circle-yes\"><\/i><\/div><h2 class=\"content-box-heading\" style=\"--h2_typography-font-size:18px;line-height:23px;\">Fiche descriptive de l'entreprise d'agro-transformation<\/h2><\/a><\/div><div class=\"fusion-clearfix\"><\/div><a class=\" fusion-read-more fusion-button-bar\" href=\"https:\/\/www.service-public.pf\/dag\/wp-content\/uploads\/sites\/28\/2018\/06\/2_Formulaire_Fiche-Ent-Agro_transformation.pdf\" target=\"_blank\" rel=\"noopener noreferrer\">Voir le fichier<\/a><div class=\"fusion-clearfix\"><\/div><\/div><\/div><div style=\"--awb-backgroundcolor:rgba(234,234,234,0.47);\" class=\"fusion-column content-box-column content-box-column-3 col-lg-2 col-md-2 col-sm-2 fusion-content-box-hover \"><div class=\"col content-box-wrapper content-wrapper-background content-wrapper-boxed link-area-box link-type-button-bar icon-hover-animation-fade\" data-link=\"https:\/\/www.service-public.pf\/dag\/wp-content\/uploads\/sites\/28\/2018\/06\/2_Formulaire_Fiche-exploitation-agricole.pdf\" data-link-target=\"_blank\" data-animationOffset=\"top-into-view\"><div class=\"heading heading-with-icon icon-left\"><a class=\"heading-link\" href=\"https:\/\/www.service-public.pf\/dag\/wp-content\/uploads\/sites\/28\/2018\/06\/2_Formulaire_Fiche-exploitation-agricole.pdf\" target=\"_blank\" rel=\"noopener noreferrer\"><div class=\"icon\"><i style=\"border-color:#9e1f62;border-width:0px;background-color:#9e1f62;box-sizing:content-box;height:42px;width:42px;line-height:42px;top:-71px;margin-left:-21px;border-radius:50%;font-size:21px;\" aria-hidden=\"true\" class=\"fontawesome-icon fa fa-file-o circle-yes\"><\/i><\/div><h2 class=\"content-box-heading\" style=\"--h2_typography-font-size:18px;line-height:23px;\">Fiche descriptive de l'exploitation agricole<\/h2><\/a><\/div><div class=\"fusion-clearfix\"><\/div><a class=\" fusion-read-more fusion-button-bar\" href=\"https:\/\/www.service-public.pf\/dag\/wp-content\/uploads\/sites\/28\/2018\/06\/2_Formulaire_Fiche-exploitation-agricole.pdf\" target=\"_blank\" rel=\"noopener noreferrer\">Voir le fichier<\/a><div class=\"fusion-clearfix\"><\/div><\/div><\/div><div style=\"--awb-backgroundcolor:rgba(234,234,234,0.47);\" class=\"fusion-column content-box-column content-box-column-4 col-lg-2 col-md-2 col-sm-2 fusion-content-box-hover content-box-column-last\"><div class=\"col content-box-wrapper content-wrapper-background content-wrapper-boxed link-area-box link-type-button-bar icon-hover-animation-fade\" data-link=\"https:\/\/www.service-public.pf\/dag\/wp-content\/uploads\/sites\/28\/2018\/06\/2_Formulaire_Fiche-projet-Exploitation-Agricole.pdf\" data-link-target=\"_blank\" data-animationOffset=\"top-into-view\"><div class=\"heading heading-with-icon icon-left\"><a class=\"heading-link\" href=\"https:\/\/www.service-public.pf\/dag\/wp-content\/uploads\/sites\/28\/2018\/06\/2_Formulaire_Fiche-projet-Exploitation-Agricole.pdf\" target=\"_blank\" rel=\"noopener noreferrer\"><div class=\"icon\"><i style=\"border-color:#9e1f62;border-width:0px;background-color:#9e1f62;box-sizing:content-box;height:42px;width:42px;line-height:42px;top:-71px;margin-left:-21px;border-radius:50%;font-size:21px;\" aria-hidden=\"true\" class=\"fontawesome-icon fa fa-file-o circle-yes\"><\/i><\/div><h2 class=\"content-box-heading\" style=\"--h2_typography-font-size:18px;line-height:23px;\">Fiche projet - Plan de d\u00e9veloppement pr\u00e9visionnel<\/h2><\/a><\/div><div class=\"fusion-clearfix\"><\/div><a class=\" fusion-read-more fusion-button-bar\" href=\"https:\/\/www.service-public.pf\/dag\/wp-content\/uploads\/sites\/28\/2018\/06\/2_Formulaire_Fiche-projet-Exploitation-Agricole.pdf\" target=\"_blank\" rel=\"noopener noreferrer\">Voir le fichier<\/a><div class=\"fusion-clearfix\"><\/div><\/div><\/div><div class=\"fusion-clearfix\"><\/div><\/div><div class=\"fusion-content-boxes content-boxes columns row fusion-columns-5 fusion-columns-total-2 fusion-content-boxes-4 content-boxes-icon-boxed content-left\" style=\"--awb-body-color:#f2f2f2;--awb-title-color:#000000;--awb-hover-accent-color:#b9397b;--awb-circle-hover-accent-color:#b9397b;\" data-animationOffset=\"top-into-view\"><div style=\"--awb-backgroundcolor:rgba(234,234,234,0.47);\" class=\"fusion-column content-box-column content-box-column-1 col-lg-2 col-md-2 col-sm-2 fusion-content-box-hover content-box-column-first-in-row\"><div class=\"col content-box-wrapper content-wrapper-background content-wrapper-boxed link-area-box link-type-button-bar icon-hover-animation-fade\" data-link=\"https:\/\/www.service-public.pf\/dag\/wp-content\/uploads\/sites\/28\/2017\/10\/4_Annexe-formulaire_attestation-fonciere.pdf\" data-link-target=\"_blank\" data-animationOffset=\"top-into-view\"><div class=\"heading heading-with-icon icon-left\"><a class=\"heading-link\" href=\"https:\/\/www.service-public.pf\/dag\/wp-content\/uploads\/sites\/28\/2017\/10\/4_Annexe-formulaire_attestation-fonciere.pdf\" target=\"_blank\" rel=\"noopener noreferrer\"><div class=\"icon\"><i style=\"border-color:#9e1f62;border-width:0px;background-color:#9e1f62;box-sizing:content-box;height:42px;width:42px;line-height:42px;top:-71px;margin-left:-21px;border-radius:50%;font-size:21px;\" aria-hidden=\"true\" class=\"fontawesome-icon fa fa-file-o circle-yes\"><\/i><\/div><h2 class=\"content-box-heading\" style=\"--h2_typography-font-size:18px;line-height:23px;\">Droits d'utilisation du foncier objet du projet<\/h2><\/a><\/div><div class=\"fusion-clearfix\"><\/div><a class=\" fusion-read-more fusion-button-bar\" href=\"https:\/\/www.service-public.pf\/dag\/wp-content\/uploads\/sites\/28\/2017\/10\/4_Annexe-formulaire_attestation-fonciere.pdf\" target=\"_blank\" rel=\"noopener noreferrer\">Voir le fichier<\/a><div class=\"fusion-clearfix\"><\/div><\/div><\/div><div style=\"--awb-backgroundcolor:rgba(234,234,234,0.47);\" class=\"fusion-column content-box-column content-box-column-2 col-lg-2 col-md-2 col-sm-2 fusion-content-box-hover content-box-column-last\"><div class=\"col content-box-wrapper content-wrapper-background content-wrapper-boxed link-area-box link-type-button-bar icon-hover-animation-fade\" data-link=\"https:\/\/www.service-public.pf\/dag\/wp-content\/uploads\/sites\/28\/2017\/10\/Guide-de-lusager_aides-ASA.pdf\" data-link-target=\"_blank\" data-animationOffset=\"top-into-view\"><div class=\"heading heading-with-icon icon-left\"><a class=\"heading-link\" href=\"https:\/\/www.service-public.pf\/dag\/wp-content\/uploads\/sites\/28\/2017\/10\/Guide-de-lusager_aides-ASA.pdf\" target=\"_blank\" rel=\"noopener noreferrer\"><div class=\"icon\"><i style=\"border-color:#9e1f62;border-width:0px;background-color:#9e1f62;box-sizing:content-box;height:42px;width:42px;line-height:42px;top:-71px;margin-left:-21px;border-radius:50%;font-size:21px;\" aria-hidden=\"true\" class=\"fontawesome-icon fa fa-file-o circle-yes\"><\/i><\/div><h2 class=\"content-box-heading\" style=\"--h2_typography-font-size:18px;line-height:23px;\">Guide du dispositif des aides \u00e0 la fili\u00e8re agricole<\/h2><\/a><\/div><div class=\"fusion-clearfix\"><\/div><a class=\" fusion-read-more fusion-button-bar\" href=\"https:\/\/www.service-public.pf\/dag\/wp-content\/uploads\/sites\/28\/2017\/10\/Guide-de-lusager_aides-ASA.pdf\" target=\"_blank\" rel=\"noopener noreferrer\">Voir le fichier<\/a><div class=\"fusion-clearfix\"><\/div><\/div><\/div><div class=\"fusion-clearfix\"><\/div><\/div><div class=\"fusion-clearfix\"><\/div><\/div><\/div><\/div><\/div><\/p>\n","protected":false},"excerpt":{"rendered":"","protected":false},"author":192,"featured_media":0,"parent":0,"menu_order":0,"comment_status":"closed","ping_status":"closed","template":"100-width.php","meta":{"_acf_changed":false,"_seopress_robots_primary_cat":"","_seopress_titles_title":"","_seopress_titles_desc":"","_seopress_robots_index":"","footnotes":""},"class_list":["post-5584","page","type-page","status-publish","hentry"],"acf":[],"_links":{"self":[{"href":"https:\/\/www.service-public.pf\/dag\/wp-json\/wp\/v2\/pages\/5584","targetHints":{"allow":["GET"]}}],"collection":[{"href":"https:\/\/www.service-public.pf\/dag\/wp-json\/wp\/v2\/pages"}],"about":[{"href":"https:\/\/www.service-public.pf\/dag\/wp-json\/wp\/v2\/types\/page"}],"author":[{"embeddable":true,"href":"https:\/\/www.service-public.pf\/dag\/wp-json\/wp\/v2\/users\/192"}],"replies":[{"embeddable":true,"href":"https:\/\/www.service-public.pf\/dag\/wp-json\/wp\/v2\/comments?post=5584"}],"version-history":[{"count":0,"href":"https:\/\/www.service-public.pf\/dag\/wp-json\/wp\/v2\/pages\/5584\/revisions"}],"wp:attachment":[{"href":"https:\/\/www.service-public.pf\/dag\/wp-json\/wp\/v2\/media?parent=5584"}],"curies":[{"name":"wp","href":"https:\/\/api.w.org\/{rel}","templated":true}]}}