{"id":13300,"date":"2020-12-05T22:14:33","date_gmt":"2020-12-06T08:14:33","guid":{"rendered":"https:\/\/www.service-public.pf\/sau\/?page_id=13300"},"modified":"2024-11-14T09:05:43","modified_gmt":"2024-11-14T19:05:43","slug":"iles-australes","status":"publish","type":"page","link":"https:\/\/www.service-public.pf\/dca\/iles-australes\/","title":{"rendered":"\u00celes Australes"},"content":{"rendered":"<div class=\"fusion-fullwidth fullwidth-box fusion-builder-row-1 fusion-flex-container nonhundred-percent-fullwidth non-hundred-percent-height-scrolling\" style=\"--awb-border-radius-top-left:0px;--awb-border-radius-top-right:0px;--awb-border-radius-bottom-right:0px;--awb-border-radius-bottom-left:0px;--awb-margin-top:50px;--awb-background-image:linear-gradient(180deg, rgba(255,255,255,0) 0%,rgba(0,0,0,0.01) 100%);--awb-flex-wrap:wrap;\" ><div class=\"fusion-builder-row fusion-row fusion-flex-align-items-flex-start fusion-flex-content-wrap\" style=\"max-width:104%;margin-left: calc(-4% \/ 2 );margin-right: calc(-4% \/ 2 );\"><div class=\"fusion-layout-column fusion_builder_column fusion-builder-column-0 fusion_builder_column_1_1 1_1 fusion-flex-column\" style=\"--awb-bg-size:cover;--awb-width-large:100%;--awb-margin-top-large:0px;--awb-spacing-right-large:1.92%;--awb-margin-bottom-large:0px;--awb-spacing-left-large:1.92%;--awb-width-medium:100%;--awb-spacing-right-medium:1.92%;--awb-spacing-left-medium:1.92%;--awb-width-small:100%;--awb-spacing-right-small:1.92%;--awb-spacing-left-small:1.92%;\"><div class=\"fusion-column-wrapper fusion-flex-justify-content-flex-start fusion-content-layout-column\"><div class=\"fusion-text fusion-text-1 fusion-text-no-margin\" style=\"--awb-margin-top:50px;--awb-margin-bottom:50px;--awb-margin-left:50px;\"><p style=\"text-align: center\"><strong style=\"font-size: 24pt;font-family: var(--awb-text-font-family);font-style: var(--awb-text-font-style);letter-spacing: var(--awb-letter-spacing);text-transform: var(--awb-text-transform);background-color: var(--awb-bg-color-hover)\">Subdivision AUSTRALES<\/strong><\/p>\n<ul>\n<li><span style=\"color: #005c7e;font-size: 14pt\">Conseil informe et accueille les usagers pour leurs d\u00e9marches d\u2019autorisation de travaux immobiliers relatifs \u00e0 l\u2019habitat individuel et aux projets de d\u00e9veloppement \u00e9conomique<\/span><\/li>\n<li><span style=\"color: #005c7e;font-size: 14pt\">Assure la recevabilit\u00e9 des demandes en mati\u00e8re d\u2019urbanisme et d\u2019hygi\u00e8ne<\/span><\/li>\n<li><span style=\"color: #005c7e;font-size: 14pt\">Instruis les demandes en mati\u00e8re d\u2019urbanisme et d\u2019hygi\u00e8ne, les notices ou \u00e9tudes d\u2019impact conform\u00e9ment \u00e0 la r\u00e9glementation en vigueur<\/span><\/li>\n<li><span style=\"color: #005c7e;font-size: 14pt\">Assure le contr\u00f4le des conformit\u00e9s des autorisations d\u00e9livr\u00e9es<\/span><\/li>\n<li><span style=\"color: #005c7e;font-size: 14pt\">R\u00e9alise les constats d\u2019infraction suites aux signalements et plaintes<\/span><\/li>\n<\/ul>\n<p><span style=\"color: #005c7e;font-size: 14pt\">Contact : T\u00e9l 40.950.108 &#8211; Fax 40.950.349<\/span><\/p>\n<\/div><\/div><\/div><\/div><\/div>\n","protected":false},"excerpt":{"rendered":"","protected":false},"author":46,"featured_media":0,"parent":0,"menu_order":0,"comment_status":"closed","ping_status":"closed","template":"","meta":{"_seopress_robots_primary_cat":"","_seopress_titles_title":"","_seopress_titles_desc":"","_seopress_robots_index":"","footnotes":""},"class_list":["post-13300","page","type-page","status-publish","hentry"],"_links":{"self":[{"href":"https:\/\/www.service-public.pf\/dca\/wp-json\/wp\/v2\/pages\/13300","targetHints":{"allow":["GET"]}}],"collection":[{"href":"https:\/\/www.service-public.pf\/dca\/wp-json\/wp\/v2\/pages"}],"about":[{"href":"https:\/\/www.service-public.pf\/dca\/wp-json\/wp\/v2\/types\/page"}],"author":[{"embeddable":true,"href":"https:\/\/www.service-public.pf\/dca\/wp-json\/wp\/v2\/users\/46"}],"replies":[{"embeddable":true,"href":"https:\/\/www.service-public.pf\/dca\/wp-json\/wp\/v2\/comments?post=13300"}],"version-history":[{"count":3,"href":"https:\/\/www.service-public.pf\/dca\/wp-json\/wp\/v2\/pages\/13300\/revisions"}],"predecessor-version":[{"id":16816,"href":"https:\/\/www.service-public.pf\/dca\/wp-json\/wp\/v2\/pages\/13300\/revisions\/16816"}],"wp:attachment":[{"href":"https:\/\/www.service-public.pf\/dca\/wp-json\/wp\/v2\/media?parent=13300"}],"curies":[{"name":"wp","href":"https:\/\/api.w.org\/{rel}","templated":true}]}}