{"id":13532,"date":"2020-12-23T15:27:15","date_gmt":"2020-12-24T01:27:15","guid":{"rendered":"https:\/\/www.service-public.pf\/sau\/?page_id=13532"},"modified":"2025-10-22T14:05:33","modified_gmt":"2025-10-23T00:05:33","slug":"pc","status":"publish","type":"page","link":"https:\/\/www.service-public.pf\/dca\/pc\/","title":{"rendered":"PC"},"content":{"rendered":"<p><div class=\"fusion-fullwidth fullwidth-box fusion-builder-row-1 has-pattern-background has-mask-background nonhundred-percent-fullwidth non-hundred-percent-height-scrolling\" style=\"--awb-border-radius-top-left:0px;--awb-border-radius-top-right:0px;--awb-border-radius-bottom-right:0px;--awb-border-radius-bottom-left:0px;--awb-background-image:linear-gradient(180deg, rgba(255,255,255,0) 0%,rgba(0,0,0,0.01) 100%);--awb-flex-wrap:wrap;\" ><div class=\"fusion-builder-row fusion-row\"><div class=\"fusion-layout-column fusion_builder_column fusion-builder-column-0 fusion_builder_column_1_1 1_1 fusion-one-full fusion-column-first fusion-column-last\" style=\"--awb-bg-size:cover;--awb-margin-bottom:0px;\"><div class=\"fusion-column-wrapper fusion-column-has-shadow fusion-flex-column-wrapper-legacy\"><div class=\"fusion-column-content-centered\"><div class=\"fusion-column-content\"><div class=\"fusion-text fusion-text-1\" style=\"--awb-margin-left:50px;\"><h1 class=\"fusion-responsive-typography-calculated\" style=\"font-weight: 300;text-align: left;padding-left: 20px;--fontsize: 34;line-height: 1.4\" data-fontsize=\"34\" data-lineheight=\"47.6px\">Formulaires et demandes<\/h1>\n<p>Sous format PDF <a title=\"T\u00e9l\u00e9chargez le programme de lecture de fichiers PDF MAIS n'oubliez pas de d\u00e9cocher les offres en option avant l'installation\" href=\"https:\/\/acrobat.adobe.com\/fr\/fr\/acrobat\/pdf-reader.html\" target=\"_blank\" rel=\"noopener noreferrer\">(Acrobat Reader)<\/a>, les formulaires et demandes sont consultables et\/ou t\u00e9l\u00e9chargeables en cliquant sur les <u>liens <\/u>:<\/p>\n<hr class=\"spip\" \/>\n<p><br class=\"autobr\" \/><b> T\u00e9l\u00e9chargements<\/b> <i>(fichiers PDF)<\/i><\/p>\n<\/div><\/div><\/div><div class=\"fusion-clearfix\"><\/div><\/div><\/div><\/div><\/div><div class=\"fusion-fullwidth fullwidth-box fusion-builder-row-2 nonhundred-percent-fullwidth non-hundred-percent-height-scrolling fusion-equal-height-columns\" style=\"--awb-border-radius-top-left:0px;--awb-border-radius-top-right:0px;--awb-border-radius-bottom-right:0px;--awb-border-radius-bottom-left:0px;--awb-background-image:linear-gradient(180deg, rgba(255,255,255,0) 0%,rgba(0,0,0,0.01) 100%);--awb-flex-wrap:wrap;\" ><div class=\"fusion-builder-row fusion-row\"><div class=\"fusion-layout-column fusion_builder_column fusion-builder-column-1 fusion_builder_column_1_2 1_2 fusion-one-half fusion-column-first\" style=\"--awb-bg-blend:overlay;--awb-bg-size:cover;--awb-margin-bottom:0px;width:48%; margin-right: 4%;\"><div class=\"fusion-column-wrapper fusion-flex-column-wrapper-legacy\"><div class=\"fusion-text fusion-text-2\"><blockquote>\n<p><strong><span style=\"vertical-align: inherit\"><span style=\"vertical-align: inherit\">Permis de construire ou d&rsquo;am\u00e9nager ou de lotir ou de groupe d&rsquo;habitations<\/span><\/span><\/strong><\/p>\n<p><strong><span style=\"vertical-align: inherit\"><span style=\"vertical-align: inherit\">Urbanisme<\/span><\/span><\/strong><\/p>\n<ul>\n<li><a title=\"T\u00e9l\u00e9charger le formulaire de demande\" href=\"https:\/\/www.service-public.pf\/dca\/wp-content\/uploads\/sites\/26\/2023\/07\/03-FPG_Formulaire_global_2023-v3.pdf\" target=\"_blank\" rel=\"noopener noreferrer\"><span style=\"vertical-align: inherit\"><span style=\"vertical-align: inherit\">Formulaire de demande de permis global (incluant les listes des pi\u00e8ces)<\/span><\/span><\/a><\/li>\n<li><a title=\"T\u00e9l\u00e9charger le formulaire de demande\" href=\"https:\/\/www.service-public.pf\/dca\/wp-content\/uploads\/sites\/26\/2023\/07\/01-FPC_Formulaire_MI_2023-1.pdf\" target=\"_blank\" rel=\"noopener noreferrer\"><span style=\"vertical-align: inherit\"><span style=\"vertical-align: inherit\">Formulaire de demande de permis Maison individuel (incluant la liste des pi\u00e8ces)<\/span><\/span><\/a><\/li>\n<li><a href=\"https:\/\/www.service-public.pf\/dca\/wp-content\/uploads\/sites\/26\/2023\/03\/06-Demande-de-prorogation.pdf\" target=\"_blank\" rel=\"noopener noreferrer\"><span style=\"vertical-align: inherit\"><span style=\"vertical-align: inherit\">Formulaire de demande de prorogation de permis de construire<\/span><\/span><\/a><\/li>\n<li><a href=\"https:\/\/www.service-public.pf\/sau\/wp-content\/uploads\/sites\/26\/2021\/04\/seing-prive.pdf\" target=\"_blank\" rel=\"noopener noreferrer\"><span style=\"vertical-align: inherit\"><span style=\"vertical-align: inherit\">Accord sous seing priv\u00e9 pour construire en limite <\/span><\/span><i><span style=\"vertical-align: inherit\"><span style=\"vertical-align: inherit\">(contigu\u00eft\u00e9)<\/span><\/span><\/i><\/a><\/li>\n<\/ul>\n<p><strong><span style=\"vertical-align: inherit\"><span style=\"vertical-align: inherit\">Aide \u00e0 l&rsquo;hygi\u00e8ne<\/span><\/span><\/strong><\/p>\n<ul>\n<li><a href=\"https:\/\/www.service-public.pf\/dca\/wp-content\/uploads\/sites\/26\/2022\/07\/Comment-choisir-sa-filiere-EU-DCA.pdf\" target=\"_blank\" rel=\"noopener noreferrer\"><span style=\"vertical-align: inherit\"><span style=\"vertical-align: inherit\">Comment choisir la fili\u00e8re \u00ab\u00a0Eaux us\u00e9es\u00a0\u00bb<\/span><\/span><\/a><\/li>\n<li><a href=\"https:\/\/www.service-public.pf\/dca\/wp-content\/uploads\/sites\/26\/2022\/07\/Filieres-traitement-Toutes-eaux.pdf\" target=\"_blank\" rel=\"noopener noreferrer\"><span style=\"vertical-align: inherit\"><span style=\"vertical-align: inherit\">Fili\u00e8res \u00ab\u00a0Traitement toutes eaux\u00a0\u00bb<\/span><\/span><\/a><\/li>\n<li><a href=\"https:\/\/www.service-public.pf\/dca\/wp-content\/uploads\/sites\/26\/2022\/07\/Ratios-EU-DCA.pdf\" target=\"_blank\" rel=\"noopener noreferrer\"><span style=\"vertical-align: inherit\"><span style=\"vertical-align: inherit\">Tableau des nouveaux ratios (dimensionnement de l&rsquo;assainissement individuel et collectif)<\/span><\/span><\/a><\/li>\n<li><a href=\"https:\/\/www.service-public.pf\/dca\/wp-content\/uploads\/sites\/26\/2024\/09\/Ventilations-hautes-permanentes-version-du-29.08.2024.png\" target=\"_blank\" rel=\"noopener noreferrer\">Fiche d&rsquo;Aide \u00e0 la Ventilation Haute Permanente<\/a><\/li>\n<\/ul>\n<p><b>S\u00e9curit\u00e9 incendie<\/b><\/p>\n<p>* Les notices de s\u00e9curit\u00e9 sont en pdf modifiables.<\/p>\n<ul>\n<li><a href=\"https:\/\/www.service-public.pf\/dca\/wp-content\/uploads\/sites\/26\/2025\/10\/Notice-1er-groupe-MAJ-15.10.2025.pdf\"><span style=\"vertical-align: inherit\"><span style=\"vertical-align: inherit\">Notice de s\u00e9curit\u00e9 G1 : Etablissements de 1\u00e8re \u00e0 4\u00e8me cat\u00e9gorie<\/span><\/span><\/a><\/li>\n<li><span style=\"vertical-align: inherit\"><span style=\"vertical-align: inherit\"><a href=\"https:\/\/www.service-public.pf\/dca\/wp-content\/uploads\/sites\/26\/2025\/10\/Notice-2eme-groupe-MAJ-le-15.10.2025.pdf\" target=\"_blank\" rel=\"noopener noreferrer\">Notice de s\u00e9curit\u00e9 G2 : Etablissements de 5\u00e8me cat\u00e9gorie<\/a><\/span><\/span><\/li>\n<li><a href=\"https:\/\/www.service-public.pf\/dca\/wp-content\/uploads\/sites\/26\/2025\/10\/Notice-de-securite-C.T.S-MAJ-15.10.2025.pdf\" target=\"_blank\" rel=\"noopener noreferrer\">Notice descriptive de s\u00e9curit\u00e9 ERP de type CTS (Chapiteaux, Tentes et Structures itin\u00e9rants ou \u00e0 implantation prolong\u00e9e)<\/a><\/li>\n<li><a href=\"https:\/\/www.service-public.pf\/dca\/wp-content\/uploads\/sites\/26\/2025\/10\/Notice-annexe-01-O-MAJ-15.10.2025.pdf\" target=\"_blank\" rel=\"noopener noreferrer\">L&rsquo;annexe type O (h\u00e9bergement)<\/a><\/li>\n<li><a href=\"https:\/\/www.service-public.pf\/dca\/wp-content\/uploads\/sites\/26\/2025\/10\/Notice-annexe-02-OB-MAJ-15.10.2025.pdf\" target=\"_blank\" rel=\"noopener noreferrer\">L&rsquo;annexe type OB (h\u00e9bergement sur l&rsquo;eau)<\/a><\/li>\n<li><a href=\"https:\/\/www.service-public.pf\/dca\/wp-content\/uploads\/sites\/26\/2025\/10\/Notice-annexe-03-PS-MAJ-15.10.2025.pdf\">L&rsquo;annexe type PS (Parking couvert)<\/a><\/li>\n<li><a href=\"https:\/\/www.service-public.pf\/dca\/wp-content\/uploads\/sites\/26\/2024\/06\/14-CTS-Attestation-bon-montage1.pdf\" target=\"_blank\" rel=\"noopener noreferrer\">Attestation de Bon Montage<\/a><\/li>\n<\/ul>\n<p id=\"REDB\">R\u00e9glementation \u00e9nerg\u00e9tique des b\u00e2timents<\/p>\n<ul>\n<li><a href=\"https:\/\/www.service-public.pf\/dca\/wp-content\/uploads\/sites\/26\/2023\/07\/REBPf-Guide-logement-individuel-version-simplifiee.pdf\">Guide logement individuel version simplifi\u00e9e<\/a><\/li>\n<li><a href=\"https:\/\/www.service-public.pf\/dca\/wp-content\/uploads\/sites\/26\/2023\/07\/REBPf-Guide-logement-individuel-version-detaillee.pdf\">Guide logement individuel version d\u00e9taill\u00e9e<\/a><\/li>\n<\/ul>\n<p>Liste des professionnels agr\u00e9\u00e9s<\/p>\n<ul>\n<li><a href=\"https:\/\/www.service-public.pf\/dca\/wp-content\/uploads\/sites\/26\/2024\/10\/lISTE-DES-DESSINATEURS-AGREES.pdf\" target=\"_blank\" rel=\"noopener noreferrer\">Liste des organismes ou personnalit\u00e9s habilit\u00e9s \u00e0 \u00e9tablir et signer toute demande de permis de construire dont le projet architectural pr\u00e9sente une surface de plancher comprise entre 250m2 et 600m2<\/a><\/li>\n<li><a href=\"https:\/\/www.service-public.pf\/dca\/wp-content\/uploads\/sites\/26\/2024\/11\/REBPf-2024-Liste-OA.pdf\" target=\"_blank\" rel=\"noopener noreferrer\">Liste des organismes agr\u00e9\u00e9s pour le contr\u00f4le de l\u2019application de la r\u00e8glementation \u00e9nerg\u00e9tique des b\u00e2timents de Polyn\u00e9sie fran\u00e7aise (REBPF)<\/a><\/li>\n<li><a href=\"https:\/\/www.service-public.pf\/dca\/wp-content\/uploads\/sites\/26\/2024\/10\/20241015-Listing-des-membres-OAPF.pdf\">Liste des membres de l&rsquo;Ordre des Architectes de Polyn\u00e9sie fran\u00e7aise<\/a><\/li>\n<li><a href=\"https:\/\/www.service-public.pf\/dca\/wp-content\/uploads\/sites\/26\/2024\/01\/20240126_Label-Electricien-qualifie-securite-garantie.pdf\">Liste des professionnels \u00e9lectriciens labellis\u00e9s<\/a><\/li>\n<\/ul>\n<\/blockquote>\n<\/div><div class=\"fusion-clearfix\"><\/div><\/div><\/div><div class=\"fusion-layout-column fusion_builder_column fusion-builder-column-2 fusion_builder_column_1_2 1_2 fusion-one-half fusion-column-last\" style=\"--awb-bg-size:cover;width:48%;\"><div class=\"fusion-column-wrapper fusion-column-has-shadow fusion-flex-column-wrapper-legacy\"><div class=\"fusion-text fusion-text-3\"><blockquote>\n<p><strong style=\"color: var(--body_typography-color);font-family: var(--body_typography-font-family);font-size: var(--body_typography-font-size);letter-spacing: var(--body_typography-letter-spacing)\">D\u00e9clarations pr\u00e9alables de travaux ou d\u2019am\u00e9nager<\/strong><\/p>\n<ul>\n<li><a title=\"T\u00e9l\u00e9charger le formulaire de demande\" href=\"https:\/\/www.service-public.pf\/dca\/wp-content\/uploads\/sites\/26\/2023\/03\/02-FDP-Formulaire-de-demande-prealable.pdf\" target=\"_blank\" rel=\"noopener noreferrer\">Formulaire de demande de d\u00e9claration globale (incluant les listes des pi\u00e8ces)<\/a><\/li>\n<\/ul>\n<p><strong>Certificat de conformit\u00e9<\/strong><\/p>\n<ul>\n<li><a href=\"https:\/\/www.service-public.pf\/dca\/wp-content\/uploads\/sites\/26\/2023\/03\/08-Declaration-douverture-de-chantier.pdf\" target=\"_blank\" rel=\"noopener noreferrer\">D\u00e9claration d\u2019ouverture de chantier<\/a><\/li>\n<li><a href=\"https:\/\/www.service-public.pf\/dca\/wp-content\/uploads\/sites\/26\/2023\/07\/09-Declaration-dachevement-des-travaux_2023_REBPF-v4.pdf\" target=\"_blank\" rel=\"noopener noreferrer\">D\u00e9claration d&rsquo;ach\u00e8vement des travaux<\/a><\/li>\n<li><a href=\"https:\/\/www.service-public.pf\/dca\/wp-content\/uploads\/sites\/26\/2022\/11\/1.58-dicp-if-sn-n011-v1-14-_proprietes_baties.pdf\">D\u00e9claration relative \u00e0 l&rsquo;imp\u00f4t foncier sur les propri\u00e9t\u00e9s b\u00e2ties<\/a><\/li>\n<li><a href=\"https:\/\/www.service-public.pf\/dca\/wp-content\/uploads\/sites\/26\/2022\/11\/2.71-dicp_-_if-sn-n002-v1-17_0.pdf\">D\u00e9claration de travaux immobiliers<\/a><\/li>\n<li><a href=\"https:\/\/www.service-public.pf\/dca\/wp-content\/uploads\/sites\/26\/2022\/11\/3.72-dicp_-_if-sn-n003-v1-17-imm_coleectif.pdf\">D\u00e9claration de travaux immobiliers (immeuble collectif)<\/a><\/li>\n<li><a href=\"https:\/\/www.service-public.pf\/dca\/wp-content\/uploads\/sites\/26\/2022\/11\/4.DICP-IF-REG-SN-N01-V1-18-Declaration-de-regularisation-a-limpot-foncier-_UNAC_.pdf\">D\u00e9claration de r\u00e9gularisation \u00e0 l&rsquo;imp\u00f4t foncier d&rsquo;une propri\u00e9t\u00e9 b\u00e2tie<\/a><\/li>\n<li><a href=\"https:\/\/www.service-public.pf\/dca\/wp-content\/uploads\/sites\/26\/2022\/11\/5.16-dicp-ifrc-sn-n025-v1-14-_if_reclamation_0.pdf\">R\u00e9clamation relative \u00e0 l&rsquo;imp\u00f4t foncier sur les propri\u00e9t\u00e9s b\u00e2ties<\/a><\/li>\n<li><a href=\"https:\/\/www.service-public.pf\/dca\/wp-content\/uploads\/sites\/26\/2022\/11\/6.70-dicp-if-sn-n001-v1-12-decla_trf_immo.pdf\">D\u00e9claration de transfert de propri\u00e9t\u00e9 immobili\u00e8re<\/a><\/li>\n<li><a href=\"https:\/\/www.service-public.pf\/dca\/wp-content\/uploads\/sites\/26\/2022\/11\/7.15-dicp-ifvl-sn-n024-v1-14-if_modif_val_loc.pdf\">Modification de la valeur locative<\/a><\/li>\n<li><a href=\"https:\/\/www.service-public.pf\/dca\/wp-content\/uploads\/sites\/26\/2022\/11\/8.17-dicp-ifrg-sn-n026-v1-14-if_rem_gracieuse.pdf\">Formulaire de demande de remise gracieuse (IF)<\/a><\/li>\n<\/ul>\n<p><strong>Note de Renseignement d\u2019Am\u00e9nagement<\/strong><\/p>\n<ul>\n<li><a href=\"https:\/\/www.service-public.pf\/dca\/wp-content\/uploads\/sites\/26\/2023\/11\/11-Formulaire-NRA.pdf\" target=\"_blank\" rel=\"noopener\">Formulaire NRA<\/a><\/li>\n<li><a href=\"https:\/\/www.service-public.pf\/dca\/wp-content\/uploads\/sites\/26\/2023\/11\/04-Annexe_avis_mairie.pdf\">Annexe Avis du maire<\/a><\/li>\n<\/ul>\n<p><strong>\u00c9tude d\u2019impact environnementale<\/strong><\/p>\n<ul>\n<li><a href=\"https:\/\/www.service-public.pf\/dca\/wp-content\/uploads\/sites\/26\/2023\/08\/Formulaire-depot-EIE-2023.pdf\" target=\"_blank\" rel=\"noopener noreferrer\">Fiche de d\u00e9p\u00f4t du document d&rsquo;EIE<\/a><\/li>\n<\/ul>\n<p><strong>Signalement<\/strong><\/p>\n<ul>\n<li><a href=\"https:\/\/www.service-public.pf\/sau\/wp-content\/uploads\/sites\/26\/2021\/12\/Signalement-1-absence-dautorisation-03-12-2021.pdf\" target=\"_blank\" rel=\"noopener noreferrer\"><span style=\"vertical-align: inherit\"><span style=\"vertical-align: inherit\">Signalement 1 : Absence d&rsquo;autorisation de travaux<\/span><\/span><\/a><span style=\"vertical-align: inherit\"><span style=\"vertical-align: inherit\"> ;<\/span><\/span><\/li>\n<li><a href=\"https:\/\/www.service-public.pf\/dca\/wp-content\/uploads\/sites\/26\/2022\/11\/2.-Formulaire-non-conforme.pdf\" target=\"_blank\" rel=\"noopener noreferrer\"><span style=\"vertical-align: inherit\"><span style=\"vertical-align: inherit\">Signalement 2 : pour non conformit\u00e9 \u00e0 l&rsquo;autorisation de travaux d\u00e9livr\u00e9e<\/span><\/span><\/a><\/li>\n<\/ul>\n<p><strong><span style=\"vertical-align: inherit\"><span style=\"vertical-align: inherit\">Copie du dossier<\/span><\/span><\/strong><\/p>\n<ul>\n<li><span style=\"vertical-align: inherit\"><span style=\"vertical-align: inherit\"><a href=\"https:\/\/www.service-public.pf\/dca\/wp-content\/uploads\/sites\/26\/2024\/12\/FORMULAIRE-DE-DEMANDE-DACCES-AUX-ARCHIVES-version-du-211124-2.pdf\" target=\"_blank\" rel=\"noopener noreferrer\">Demande de copie de dossier(s) d&rsquo;autorisation de travaux immobiliers<\/a><\/span><\/span><\/li>\n<\/ul>\n<\/blockquote>\n<\/div><div class=\"fusion-clearfix\"><\/div><\/div><\/div><\/div><\/div><\/p>\n","protected":false},"excerpt":{"rendered":"","protected":false},"author":46,"featured_media":0,"parent":0,"menu_order":0,"comment_status":"closed","ping_status":"closed","template":"100-width.php","meta":{"_seopress_robots_primary_cat":"","_seopress_titles_title":"","_seopress_titles_desc":"","_seopress_robots_index":"","footnotes":""},"class_list":["post-13532","page","type-page","status-publish","hentry"],"_links":{"self":[{"href":"https:\/\/www.service-public.pf\/dca\/wp-json\/wp\/v2\/pages\/13532","targetHints":{"allow":["GET"]}}],"collection":[{"href":"https:\/\/www.service-public.pf\/dca\/wp-json\/wp\/v2\/pages"}],"about":[{"href":"https:\/\/www.service-public.pf\/dca\/wp-json\/wp\/v2\/types\/page"}],"author":[{"embeddable":true,"href":"https:\/\/www.service-public.pf\/dca\/wp-json\/wp\/v2\/users\/46"}],"replies":[{"embeddable":true,"href":"https:\/\/www.service-public.pf\/dca\/wp-json\/wp\/v2\/comments?post=13532"}],"version-history":[{"count":17,"href":"https:\/\/www.service-public.pf\/dca\/wp-json\/wp\/v2\/pages\/13532\/revisions"}],"predecessor-version":[{"id":17081,"href":"https:\/\/www.service-public.pf\/dca\/wp-json\/wp\/v2\/pages\/13532\/revisions\/17081"}],"wp:attachment":[{"href":"https:\/\/www.service-public.pf\/dca\/wp-json\/wp\/v2\/media?parent=13532"}],"curies":[{"name":"wp","href":"https:\/\/api.w.org\/{rel}","templated":true}]}}