{"id":13605,"date":"2020-12-30T14:23:54","date_gmt":"2020-12-31T00:23:54","guid":{"rendered":"https:\/\/www.service-public.pf\/sau\/?page_id=13605"},"modified":"2024-07-25T15:03:16","modified_gmt":"2024-07-26T01:03:16","slug":"pga-de-papara","status":"publish","type":"page","link":"https:\/\/www.service-public.pf\/dca\/pga-de-papara\/","title":{"rendered":"PGA de PAPARA"},"content":{"rendered":"<div class=\"fusion-fullwidth fullwidth-box fusion-builder-row-1 fusion-flex-container nonhundred-percent-fullwidth non-hundred-percent-height-scrolling\" style=\"--awb-border-radius-top-left:0px;--awb-border-radius-top-right:0px;--awb-border-radius-bottom-right:0px;--awb-border-radius-bottom-left:0px;--awb-background-image:linear-gradient(180deg, rgba(255,255,255,0) 0%,rgba(0,0,0,0.01) 100%);--awb-flex-wrap:wrap;\" ><div class=\"fusion-builder-row fusion-row fusion-flex-align-items-flex-start fusion-flex-content-wrap\" style=\"max-width:104%;margin-left: calc(-4% \/ 2 );margin-right: calc(-4% \/ 2 );\"><div class=\"fusion-layout-column fusion_builder_column fusion-builder-column-0 fusion_builder_column_1_1 1_1 fusion-flex-column\" style=\"--awb-padding-left:50px;--awb-bg-size:cover;--awb-width-large:100%;--awb-margin-top-large:0px;--awb-spacing-right-large:1.92%;--awb-margin-bottom-large:0px;--awb-spacing-left-large:1.92%;--awb-width-medium:100%;--awb-spacing-right-medium:1.92%;--awb-spacing-left-medium:1.92%;--awb-width-small:100%;--awb-spacing-right-small:1.92%;--awb-spacing-left-small:1.92%;\"><div class=\"fusion-column-wrapper fusion-flex-justify-content-flex-start fusion-content-layout-column\"><div class=\"fusion-text fusion-text-1\"><div class=\"cartouche\">\n<h2>PGA DE PAPARA<\/h2>\n<\/div>\n<div class=\"chapo\">\n<p><a title=\"Voir ou t\u00e9l\u00e9charger le document\" href=\"http:\/\/lexpol.cloud.pf\/document.php?document=369101&amp;deb=3326&amp;fin=3356&amp;titre=QXJyw6p0w6kgbsKwIDcxMiBDTSBkdSAxNC8wNS8yMDE5\" target=\"_blank\" rel=\"noopener noreferrer\">\u00a0\u00bb\u00a0<strong>Arr\u00eat\u00e9 n\u00b0\u00a0712 CM<\/strong>\u00a0du 14 mai 2019 rendant ex\u00e9cutoire le plan g\u00e9n\u00e9ral d\u2019am\u00e9nagement r\u00e9vis\u00e9 de la commune de Papara<\/a><\/p>\n<p>&nbsp;<\/p>\n<p>\u00bb\u00a0<strong>Liste des pi\u00e8ces<\/strong><\/p>\n<blockquote>\n<ul class=\"spip\">\n<li><a href=\"https:\/\/www.service-public.pf\/sau\/wp-content\/uploads\/sites\/26\/2021\/03\/134-Plan-de-zonage-commune-20000e.pdf\" target=\"_blank\" rel=\"noopener noreferrer\">134 &#8211; Plan de zonage commune &#8211; 20000e<\/a> ;<\/li>\n<li><a href=\"https:\/\/www.service-public.pf\/sau\/wp-content\/uploads\/sites\/26\/2021\/03\/134-Ea-Zonage-secteur-est-5000e.pdf\" target=\"_blank\" rel=\"noopener noreferrer\">134 Ea Zonage Secteur Est 5000e<\/a> ;<\/li>\n<li><a href=\"https:\/\/www.service-public.pf\/sau\/wp-content\/uploads\/sites\/26\/2021\/03\/134-Eb-ER-secteur-est-5000e.pdf\" target=\"_blank\" rel=\"noopener noreferrer\">134 Eb ER Secteur Est 5000e<\/a> ;<\/li>\n<li><a href=\"https:\/\/www.service-public.pf\/sau\/wp-content\/uploads\/sites\/26\/2021\/03\/134-Oa-Zonage-secteur-ouest-5000e.pdf\" target=\"_blank\" rel=\"noopener noreferrer\">134 Oa Zonage Secteur Ouest 5000e<\/a> ;<\/li>\n<li><a href=\"https:\/\/www.service-public.pf\/sau\/wp-content\/uploads\/sites\/26\/2021\/03\/134-Ob-ER-secteur-ouest-5000e.pdf\" target=\"_blank\" rel=\"noopener noreferrer\">134 Ob ER Secteur Ouest 5000e<\/a> ;<\/li>\n<li><a href=\"https:\/\/www.service-public.pf\/sau\/wp-content\/uploads\/sites\/26\/2021\/03\/JOPF-2019-32-NS-du-17-juin-2019.pdf\" target=\"_blank\" rel=\"noopener noreferrer\">JOPF 2019 32 NS Du 17 Juin 2019<\/a> ;<\/li>\n<\/ul>\n<\/blockquote>\n<p>\u00bb\u00a0<strong>Carte interactive du PGA de Papara<\/strong>\u00a0mise \u00e0 jour en cours<\/p>\n<p>&nbsp;<\/p>\n<p>\u00bb\u00a0<strong>Les documents<\/strong><\/p>\n<blockquote>\n<ul class=\"spip\">\n<li>En format papier sont consultables \u00e0 la Direction de la Construction et de l&rsquo;Am\u00e9nagement et \u00e0 la mairie.<\/li>\n<li>Les fichiers au format PDF peuvent \u00e9galement vous \u00eatre remis \u00e0 la Direction de la Construction et de l&rsquo;Am\u00e9nagement ou \u00e0 la mairie de Papara<\/li>\n<\/ul>\n<\/blockquote>\n<hr \/>\n<p>&nbsp;<\/p>\n<p>Pour toute information compl\u00e9mentaire, veuillez contacter la mairie de Papara.<\/p>\n<\/div>\n<\/div><\/div><\/div><\/div><\/div>\n","protected":false},"excerpt":{"rendered":"","protected":false},"author":46,"featured_media":0,"parent":0,"menu_order":0,"comment_status":"closed","ping_status":"closed","template":"","meta":{"_seopress_robots_primary_cat":"","_seopress_titles_title":"","_seopress_titles_desc":"","_seopress_robots_index":"","footnotes":""},"class_list":["post-13605","page","type-page","status-publish","hentry"],"_links":{"self":[{"href":"https:\/\/www.service-public.pf\/dca\/wp-json\/wp\/v2\/pages\/13605","targetHints":{"allow":["GET"]}}],"collection":[{"href":"https:\/\/www.service-public.pf\/dca\/wp-json\/wp\/v2\/pages"}],"about":[{"href":"https:\/\/www.service-public.pf\/dca\/wp-json\/wp\/v2\/types\/page"}],"author":[{"embeddable":true,"href":"https:\/\/www.service-public.pf\/dca\/wp-json\/wp\/v2\/users\/46"}],"replies":[{"embeddable":true,"href":"https:\/\/www.service-public.pf\/dca\/wp-json\/wp\/v2\/comments?post=13605"}],"version-history":[{"count":1,"href":"https:\/\/www.service-public.pf\/dca\/wp-json\/wp\/v2\/pages\/13605\/revisions"}],"predecessor-version":[{"id":16644,"href":"https:\/\/www.service-public.pf\/dca\/wp-json\/wp\/v2\/pages\/13605\/revisions\/16644"}],"wp:attachment":[{"href":"https:\/\/www.service-public.pf\/dca\/wp-json\/wp\/v2\/media?parent=13605"}],"curies":[{"name":"wp","href":"https:\/\/api.w.org\/{rel}","templated":true}]}}