{"id":13608,"date":"2020-12-30T14:24:34","date_gmt":"2020-12-31T00:24:34","guid":{"rendered":"https:\/\/www.service-public.pf\/sau\/?page_id=13608"},"modified":"2024-07-25T15:03:33","modified_gmt":"2024-07-26T01:03:33","slug":"pga-de-papeete","status":"publish","type":"page","link":"https:\/\/www.service-public.pf\/dca\/pga-de-papeete\/","title":{"rendered":"PGA de PAPEETE"},"content":{"rendered":"<div class=\"fusion-fullwidth fullwidth-box fusion-builder-row-1 fusion-flex-container nonhundred-percent-fullwidth non-hundred-percent-height-scrolling\" style=\"--awb-border-radius-top-left:0px;--awb-border-radius-top-right:0px;--awb-border-radius-bottom-right:0px;--awb-border-radius-bottom-left:0px;--awb-background-image:linear-gradient(180deg, rgba(255,255,255,0) 0%,rgba(0,0,0,0.01) 100%);--awb-flex-wrap:wrap;\" ><div class=\"fusion-builder-row fusion-row fusion-flex-align-items-flex-start fusion-flex-content-wrap\" style=\"max-width:104%;margin-left: calc(-4% \/ 2 );margin-right: calc(-4% \/ 2 );\"><div class=\"fusion-layout-column fusion_builder_column fusion-builder-column-0 fusion_builder_column_1_1 1_1 fusion-flex-column\" style=\"--awb-padding-left:50px;--awb-bg-size:cover;--awb-width-large:100%;--awb-margin-top-large:0px;--awb-spacing-right-large:1.92%;--awb-margin-bottom-large:0px;--awb-spacing-left-large:1.92%;--awb-width-medium:100%;--awb-spacing-right-medium:1.92%;--awb-spacing-left-medium:1.92%;--awb-width-small:100%;--awb-spacing-right-small:1.92%;--awb-spacing-left-small:1.92%;\"><div class=\"fusion-column-wrapper fusion-flex-justify-content-flex-start fusion-content-layout-column\"><div class=\"fusion-text fusion-text-1\"><div class=\"cartouche\">\n<h2>PGA DE PAPEETE<\/h2>\n<\/div>\n<div class=\"chapo\">\n<p>\u00a0\u00bb\u00a0<strong>En r\u00e9vision<\/strong>\u00a0: Arr\u00eat\u00e9 n\u00b0\u00a0135 CM du 01\/02\/2018<\/p>\n<blockquote>\n<ul class=\"spip\">\n<li><a href=\"https:\/\/www.service-public.pf\/sau\/wp-content\/uploads\/sites\/26\/2021\/03\/1e-rectif-Arrete-n\u00b0-1392-CM-du-15_09_2011-2798-2847.pdf\" target=\"_blank\" rel=\"noopener noreferrer\">1\u00e8re Rectification Arr\u00eat\u00e9 N\u00b0 1392 CM Du 15\/09\/2011 (2798 2847)<\/a><\/li>\n<li><a href=\"https:\/\/www.service-public.pf\/sau\/wp-content\/uploads\/sites\/26\/2021\/03\/1e-rectif-Arrete-n\u00b0-1392-CM-du-15_09_2011-2848-2856.pdf\" target=\"_blank\" rel=\"noopener noreferrer\">1\u00e8re Rectification Arr\u00eat\u00e9 N\u00b0 1392 CM Du 15\/09\/2011 (2848 2856)<\/a><\/li>\n<li><a href=\"https:\/\/www.service-public.pf\/sau\/wp-content\/uploads\/sites\/26\/2021\/03\/2e-rectif-Arrete-n\u00b0-358-CM-du-21_03_2013.pdf\" target=\"_blank\" rel=\"noopener noreferrer\">2\u00e8me Rectification Arr\u00eat\u00e9 N\u00b0 358 CM Du 21\/03\/2013<\/a><\/li>\n<li><a href=\"https:\/\/www.service-public.pf\/sau\/wp-content\/uploads\/sites\/26\/2021\/03\/3e-rectif-Arrete-n\u00b0-344-CM-du-24-03-2017.pdf\" target=\"_blank\" rel=\"noopener noreferrer\">3\u00e8me Rectification Arr\u00eat\u00e9 N\u00b0 344 CM Du 24\/03\/2017<\/a><\/li>\n<li><a href=\"https:\/\/www.service-public.pf\/sau\/wp-content\/uploads\/sites\/26\/2021\/03\/4e-rectification-Arrete-n\u00b0-428-CM-du-15_03_2018.pdf\" target=\"_blank\" rel=\"noopener noreferrer\">4\u00e8me Rectification Arr\u00eat\u00e9 N\u00b0 428 CM Du 15\/03\/2018<\/a><\/li>\n<li><a href=\"https:\/\/www.service-public.pf\/sau\/wp-content\/uploads\/sites\/26\/2021\/03\/JOPF-2003-10-NS-219-268.pdf\" target=\"_blank\" rel=\"noopener noreferrer\">JOPF 2003-10-NS (219 268)<\/a><\/li>\n<li><a href=\"https:\/\/www.service-public.pf\/sau\/wp-content\/uploads\/sites\/26\/2021\/03\/JOPF-2003-10-NS-269-274.pdf\" target=\"_blank\" rel=\"noopener noreferrer\">JOPF 2003-10-NS (269 274)<\/a><\/li>\n<\/ul>\n<\/blockquote>\n<p>&nbsp;<\/p>\n<p>\u00bb\u00a0<strong>Liste des pi\u00e8ces<\/strong><\/p>\n<blockquote>\n<ul class=\"spip\">\n<li><a href=\"https:\/\/www.service-public.pf\/sau\/wp-content\/uploads\/sites\/26\/2021\/03\/Plan-135-1a-3r-Zonage-5000e.pdf\" target=\"_blank\" rel=\"noopener noreferrer\">Plan 135 1a 3r Zonage 5000e<\/a> ;<\/li>\n<li><a href=\"https:\/\/www.service-public.pf\/sau\/wp-content\/uploads\/sites\/26\/2021\/03\/Plan-135-1b-2R-plan-des-voiries-10000e.pdf\" target=\"_blank\" rel=\"noopener noreferrer\">Plan 135 1b 2R Plan Des Voiries 10000e<\/a><\/li>\n<li><a href=\"https:\/\/www.service-public.pf\/sau\/wp-content\/uploads\/sites\/26\/2021\/03\/Plan-135-1c-2R-Secteurs-a-renover-10000e.pdf\" target=\"_blank\" rel=\"noopener noreferrer\">Plan 135 1c 2R Secteurs \u00e0 R\u00e9nover 10000e<\/a><\/li>\n<\/ul>\n<\/blockquote>\n<p>\u00bb\u00a0<strong>Carte interactive du PGA de Papeete<\/strong>\u00a0en cours de r\u00e9alisation<\/p>\n<p>&nbsp;<\/p>\n<p>\u00bb\u00a0<strong>Les documents<\/strong><\/p>\n<blockquote>\n<ul class=\"spip\">\n<li>En format papier sont consultables \u00e0 la Direction de la Construction et de l&rsquo;Am\u00e9nagement et \u00e0 la mairie.<\/li>\n<li>Les fichiers au format PDF peuvent \u00e9galement vous \u00eatre remis \u00e0 la Direction de la Construction et de l&rsquo;Am\u00e9nagement ou \u00e0 la mairie de Papeete<\/li>\n<\/ul>\n<\/blockquote>\n<hr \/>\n<p>&nbsp;<\/p>\n<p>Pour toute information compl\u00e9mentaire, veuillez contacter la mairie de Papeete.<\/p>\n<\/div>\n<\/div><\/div><\/div><\/div><\/div>\n","protected":false},"excerpt":{"rendered":"","protected":false},"author":46,"featured_media":0,"parent":0,"menu_order":0,"comment_status":"closed","ping_status":"closed","template":"","meta":{"_seopress_robots_primary_cat":"","_seopress_titles_title":"","_seopress_titles_desc":"","_seopress_robots_index":"","footnotes":""},"class_list":["post-13608","page","type-page","status-publish","hentry"],"_links":{"self":[{"href":"https:\/\/www.service-public.pf\/dca\/wp-json\/wp\/v2\/pages\/13608","targetHints":{"allow":["GET"]}}],"collection":[{"href":"https:\/\/www.service-public.pf\/dca\/wp-json\/wp\/v2\/pages"}],"about":[{"href":"https:\/\/www.service-public.pf\/dca\/wp-json\/wp\/v2\/types\/page"}],"author":[{"embeddable":true,"href":"https:\/\/www.service-public.pf\/dca\/wp-json\/wp\/v2\/users\/46"}],"replies":[{"embeddable":true,"href":"https:\/\/www.service-public.pf\/dca\/wp-json\/wp\/v2\/comments?post=13608"}],"version-history":[{"count":1,"href":"https:\/\/www.service-public.pf\/dca\/wp-json\/wp\/v2\/pages\/13608\/revisions"}],"predecessor-version":[{"id":16645,"href":"https:\/\/www.service-public.pf\/dca\/wp-json\/wp\/v2\/pages\/13608\/revisions\/16645"}],"wp:attachment":[{"href":"https:\/\/www.service-public.pf\/dca\/wp-json\/wp\/v2\/media?parent=13608"}],"curies":[{"name":"wp","href":"https:\/\/api.w.org\/{rel}","templated":true}]}}