{"id":13620,"date":"2020-12-30T14:26:59","date_gmt":"2020-12-31T00:26:59","guid":{"rendered":"https:\/\/www.service-public.pf\/sau\/?page_id=13620"},"modified":"2024-07-25T15:05:26","modified_gmt":"2024-07-26T01:05:26","slug":"pga-de-tahaa","status":"publish","type":"page","link":"https:\/\/www.service-public.pf\/dca\/pga-de-tahaa\/","title":{"rendered":"PGA de TAHAA"},"content":{"rendered":"<div class=\"fusion-fullwidth fullwidth-box fusion-builder-row-1 fusion-flex-container nonhundred-percent-fullwidth non-hundred-percent-height-scrolling\" style=\"--awb-border-radius-top-left:0px;--awb-border-radius-top-right:0px;--awb-border-radius-bottom-right:0px;--awb-border-radius-bottom-left:0px;--awb-background-image:linear-gradient(180deg, rgba(255,255,255,0) 0%,rgba(0,0,0,0.01) 100%);--awb-flex-wrap:wrap;\" ><div class=\"fusion-builder-row fusion-row fusion-flex-align-items-flex-start fusion-flex-content-wrap\" style=\"max-width:104%;margin-left: calc(-4% \/ 2 );margin-right: calc(-4% \/ 2 );\"><div class=\"fusion-layout-column fusion_builder_column fusion-builder-column-0 fusion_builder_column_1_1 1_1 fusion-flex-column\" style=\"--awb-padding-left:50px;--awb-bg-size:cover;--awb-width-large:100%;--awb-margin-top-large:0px;--awb-spacing-right-large:1.92%;--awb-margin-bottom-large:0px;--awb-spacing-left-large:1.92%;--awb-width-medium:100%;--awb-spacing-right-medium:1.92%;--awb-spacing-left-medium:1.92%;--awb-width-small:100%;--awb-spacing-right-small:1.92%;--awb-spacing-left-small:1.92%;\"><div class=\"fusion-column-wrapper fusion-flex-justify-content-flex-start fusion-content-layout-column\"><div class=\"fusion-text fusion-text-1\"><div class=\"cartouche\">\n<h2>PGA DE TAHAA<\/h2>\n<\/div>\n<div class=\"chapo\">\n<p>\u00a0\u00bb\u00a0<a href=\"https:\/\/www.service-public.pf\/sau\/wp-content\/uploads\/sites\/26\/2021\/03\/Arrete-n\u00b0-35-CM-du-09-01-2019-publie-au-J.O.P.F.-n\u00b05-NS-du-22-janvier-2019.pdf\"><strong>Arr\u00eat\u00e9 n\u00b035 CM<\/strong><\/a>\u00a0du 9 janvier 2019 , publi\u00e9 au J.O.P.F n\u00b05 NS du 22 janvier 2019<\/p>\n<p>\u00bb\u00a0<strong>Liste des pi\u00e8ces<\/strong><\/p>\n<blockquote>\n<ul class=\"spip\">\n<li><a href=\"https:\/\/www.service-public.pf\/sau\/wp-content\/uploads\/sites\/26\/2021\/03\/P3_598_TAHAA-zones_20000e.pdf\">P3 598 TAHAA Zones 20000\u00e8me<\/a> ;<\/li>\n<li><a href=\"https:\/\/www.service-public.pf\/sau\/wp-content\/uploads\/sites\/26\/2021\/03\/P4_598-1a_TAHNIVA-zones_5000e.pdf\">P4 598 1a TAHNIVA Zones 5000\u00e8me<\/a> ;<\/li>\n<li><a href=\"https:\/\/www.service-public.pf\/sau\/wp-content\/uploads\/sites\/26\/2021\/03\/P5_598-2a_TAHNIVA-emprises-reservees_5000e.pdf\">P5 598 2a TAHNIVA Emprises R\u00e9serv\u00e9es 5000\u00e8me<\/a><\/li>\n<li><a href=\"https:\/\/www.service-public.pf\/sau\/wp-content\/uploads\/sites\/26\/2021\/03\/P6_598-1b_TAHTAPRU-zones_5000e.pdf\">P6 598 1b TAHTAPRU Zones 5000\u00e8me<\/a><\/li>\n<li><a href=\"https:\/\/www.service-public.pf\/sau\/wp-content\/uploads\/sites\/26\/2021\/03\/P7_598-2b_TAHTAPRU-emprises-reservees_5000e.pdf\">P7 598 2b TAHTAPRU Emprises R\u00e9serv\u00e9es 5000\u00e8me<\/a><\/li>\n<li><a href=\"https:\/\/www.service-public.pf\/sau\/wp-content\/uploads\/sites\/26\/2021\/03\/P8_598-1c_TAHIRHI-zones_5000e.pdf\">P8 598 1c TAHIRHI Zones 5000\u00e8me<\/a><\/li>\n<li><a href=\"https:\/\/www.service-public.pf\/sau\/wp-content\/uploads\/sites\/26\/2021\/03\/P9_598-2c_TAHIRHI-emprises-reservees_5000e.pdf\">P9 598 2c TAHIRHI Emprises R\u00e9serv\u00e9es 5000\u00e8me<\/a><\/li>\n<li><a href=\"https:\/\/www.service-public.pf\/sau\/wp-content\/uploads\/sites\/26\/2021\/03\/P10_598-1d_TAHHAFA-zones_5000e.pdf\">P10 598 1d TAHHAFA Zones 5000\u00e8me<\/a><\/li>\n<li><a href=\"https:\/\/www.service-public.pf\/sau\/wp-content\/uploads\/sites\/26\/2021\/03\/P11_598-2d_TAHHAFA-emprises-reservees_5000e.pdf\">P11 598 2d TAHHAFA Emprises R\u00e9serv\u00e9es 5000\u00e8me<\/a><\/li>\n<\/ul>\n<\/blockquote>\n<p>\u00bb Carte interactive du PGA de Tahaa : en cours de r\u00e9alisation<\/p>\n<p>\u00bb\u00a0<strong>Les documents<\/strong><\/p>\n<blockquote>\n<ul class=\"spip\">\n<li>En format papier sont consultables \u00e0 la Direction de la Construction et de l&rsquo;Am\u00e9nagement et \u00e0 la mairie.<\/li>\n<li>Les fichiers au format PDF peuvent \u00e9galement vous \u00eatre remis \u00e0 la Direction de la Construction et de l&rsquo;Am\u00e9nagement ou \u00e0 la mairie de Tahaa<\/li>\n<\/ul>\n<\/blockquote>\n<p>Pour toute information compl\u00e9mentaire, veuillez contacter la mairie de Tahaa.<\/p>\n<\/div>\n<\/div><\/div><\/div><\/div><\/div>\n","protected":false},"excerpt":{"rendered":"","protected":false},"author":46,"featured_media":0,"parent":0,"menu_order":0,"comment_status":"closed","ping_status":"closed","template":"","meta":{"_seopress_robots_primary_cat":"","_seopress_titles_title":"","_seopress_titles_desc":"","_seopress_robots_index":"","footnotes":""},"class_list":["post-13620","page","type-page","status-publish","hentry"],"_links":{"self":[{"href":"https:\/\/www.service-public.pf\/dca\/wp-json\/wp\/v2\/pages\/13620","targetHints":{"allow":["GET"]}}],"collection":[{"href":"https:\/\/www.service-public.pf\/dca\/wp-json\/wp\/v2\/pages"}],"about":[{"href":"https:\/\/www.service-public.pf\/dca\/wp-json\/wp\/v2\/types\/page"}],"author":[{"embeddable":true,"href":"https:\/\/www.service-public.pf\/dca\/wp-json\/wp\/v2\/users\/46"}],"replies":[{"embeddable":true,"href":"https:\/\/www.service-public.pf\/dca\/wp-json\/wp\/v2\/comments?post=13620"}],"version-history":[{"count":1,"href":"https:\/\/www.service-public.pf\/dca\/wp-json\/wp\/v2\/pages\/13620\/revisions"}],"predecessor-version":[{"id":16650,"href":"https:\/\/www.service-public.pf\/dca\/wp-json\/wp\/v2\/pages\/13620\/revisions\/16650"}],"wp:attachment":[{"href":"https:\/\/www.service-public.pf\/dca\/wp-json\/wp\/v2\/media?parent=13620"}],"curies":[{"name":"wp","href":"https:\/\/api.w.org\/{rel}","templated":true}]}}