{"id":13660,"date":"2020-12-30T14:42:06","date_gmt":"2020-12-31T00:42:06","guid":{"rendered":"https:\/\/www.service-public.pf\/sau\/?page_id=13660"},"modified":"2024-07-25T15:02:06","modified_gmt":"2024-07-26T01:02:06","slug":"pga-de-mahina","status":"publish","type":"page","link":"https:\/\/www.service-public.pf\/dca\/pga-de-mahina\/","title":{"rendered":"PGA de MAHINA"},"content":{"rendered":"<div class=\"fusion-fullwidth fullwidth-box fusion-builder-row-1 fusion-flex-container nonhundred-percent-fullwidth non-hundred-percent-height-scrolling\" style=\"--awb-border-radius-top-left:0px;--awb-border-radius-top-right:0px;--awb-border-radius-bottom-right:0px;--awb-border-radius-bottom-left:0px;--awb-background-image:linear-gradient(180deg, rgba(255,255,255,0) 0%,rgba(0,0,0,0.01) 100%);--awb-flex-wrap:wrap;\" ><div class=\"fusion-builder-row fusion-row fusion-flex-align-items-flex-start fusion-flex-content-wrap\" style=\"max-width:104%;margin-left: calc(-4% \/ 2 );margin-right: calc(-4% \/ 2 );\"><div class=\"fusion-layout-column fusion_builder_column fusion-builder-column-0 fusion_builder_column_1_1 1_1 fusion-flex-column\" style=\"--awb-padding-left:50px;--awb-bg-size:cover;--awb-width-large:100%;--awb-margin-top-large:0px;--awb-spacing-right-large:1.92%;--awb-margin-bottom-large:0px;--awb-spacing-left-large:1.92%;--awb-width-medium:100%;--awb-spacing-right-medium:1.92%;--awb-spacing-left-medium:1.92%;--awb-width-small:100%;--awb-spacing-right-small:1.92%;--awb-spacing-left-small:1.92%;\"><div class=\"fusion-column-wrapper fusion-flex-justify-content-flex-start fusion-content-layout-column\"><div class=\"fusion-text fusion-text-1\" style=\"--awb-text-color:#000000;\"><div class=\"cartouche\">\n<h2>PGA DE MAHINA<\/h2>\n<\/div>\n<div>\n<p>\u00bb <strong>R\u00e9f\u00e9rences<\/strong><\/p>\n<blockquote>\n<p>\n<a title=\"Voir l'Arr\u00eat\u00e9 N\u00b0 2503 CM \" href=\"https:\/\/www.service-public.pf\/dca\/wp-content\/uploads\/sites\/26\/2022\/09\/PIECE_1_Arrete_n\u00b0_2503_CM-_du-_5-_novembre-_2021.pdf\" target=\"_blank\" rel=\"noopener noreferrer\">Arr\u00eat\u00e9 N\u00b0 2503 CM Du 5 Novembre 2021<\/a>\n<\/p>\n<\/blockquote>\n<p>\u00bb <strong>Liste des pi\u00e8ces<\/strong><\/p>\n<blockquote>\n<ul>\n<li><a href=\"https:\/\/www.service-public.pf\/dca\/wp-content\/uploads\/sites\/26\/2022\/09\/PIECE_2_Reglement_aout_2021.pdf\" target=\"_blank\" rel=\"noopener noreferrer\">Reglement Aout 2021;<\/a><\/li>\n<li><a href=\"https:\/\/www.service-public.pf\/dca\/wp-content\/uploads\/sites\/26\/2022\/09\/PIECE_3_Zonage_10000.pdf\" target=\"_blank\" rel=\"noopener noreferrer\">Zonage 10000;<\/a><\/li>\n<li><a href=\"https:\/\/www.service-public.pf\/dca\/wp-content\/uploads\/sites\/26\/2022\/09\/PIECE_4_Zonage_5000.pdf\" target=\"_blank\" rel=\"noopener noreferrer\">Zonage 5000;<\/a><\/li>\n<li><a href=\"https:\/\/www.service-public.pf\/dca\/wp-content\/uploads\/sites\/26\/2022\/09\/PIECE_5_emprises_reserve_preemption_5000.pdf\" target=\"_blank\" rel=\"noopener noreferrer\">Emprises Reserve Preemption 5000;<\/a><\/li>\n<li><a href=\"https:\/\/www.service-public.pf\/dca\/wp-content\/uploads\/sites\/26\/2022\/09\/PIECE_6_emprises_reserve_preemption_5000.pdf\" target=\"_blank\" rel=\"noopener noreferrer\">Emprises Reserve Preemption 5000;<\/a><\/li>\n<li><a href=\"https:\/\/www.service-public.pf\/dca\/wp-content\/uploads\/sites\/26\/2022\/09\/PIECE_7_servitudes_operation_amenagement_5000.pdf\" target=\"_blank\" rel=\"noopener noreferrer\">Servitudes Operation Amenagement 5000;<\/a><\/li>\n<li><a href=\"https:\/\/www.service-public.pf\/dca\/wp-content\/uploads\/sites\/26\/2022\/09\/PIECE_8_servitudes_operation_amenagement_5000.pdf\" target=\"_blank\" rel=\"noopener noreferrer\">Servitudes Operation Amenagement 5000;<\/a><\/li>\n<li><a href=\"https:\/\/www.service-public.pf\/dca\/wp-content\/uploads\/sites\/26\/2022\/09\/PIECE_9_Diagnostic_juillet_2021.pdf\" target=\"_blank\" rel=\"noopener noreferrer\">Diagnostic Juillet 2021;<\/a><\/li>\n<li><a href=\"https:\/\/www.service-public.pf\/dca\/wp-content\/uploads\/sites\/26\/2022\/09\/PIECE_10_annexe2_PADD_Juillet_2021.pdf\" target=\"_blank\" rel=\"noopener noreferrer\">Annexe2 PADD Juillet 2021;<\/a><\/li>\n<li><a href=\"https:\/\/www.service-public.pf\/dca\/wp-content\/uploads\/sites\/26\/2022\/09\/PIECE_11_annexe3_OAP_juillet_2021.pdf\" target=\"_blank\" rel=\"noopener noreferrer\">Annexe3 OAP Juillet 2021;<\/a><\/li>\n<\/ul>\n<\/blockquote>\n<p>\u00bb <strong>Les documents<\/strong><\/p>\n<blockquote>\n<ul>\n<li>En format papier sont consultables \u00e0 la Direction de la Construction et de l&rsquo;Am\u00e9nagement et \u00e0 la mairie.<\/li>\n<li>Les fichiers au format PDF peuvent \u00e9galement vous \u00eatre remis \u00e0 la Direction de la Construction et de l&rsquo;Am\u00e9nagement ou \u00e0 la mairie de Mahinaa<\/li>\n<\/ul>\n<\/blockquote>\n<hr \/>\n<p>Pour toute information compl\u00e9mentaire, veuillez contacter la mairie de Mahina<\/p>\n<\/div>\n<\/div><\/div><\/div><\/div><\/div>\n","protected":false},"excerpt":{"rendered":"","protected":false},"author":46,"featured_media":0,"parent":0,"menu_order":0,"comment_status":"closed","ping_status":"closed","template":"","meta":{"_seopress_robots_primary_cat":"","_seopress_titles_title":"","_seopress_titles_desc":"","_seopress_robots_index":"","footnotes":""},"class_list":["post-13660","page","type-page","status-publish","hentry"],"_links":{"self":[{"href":"https:\/\/www.service-public.pf\/dca\/wp-json\/wp\/v2\/pages\/13660","targetHints":{"allow":["GET"]}}],"collection":[{"href":"https:\/\/www.service-public.pf\/dca\/wp-json\/wp\/v2\/pages"}],"about":[{"href":"https:\/\/www.service-public.pf\/dca\/wp-json\/wp\/v2\/types\/page"}],"author":[{"embeddable":true,"href":"https:\/\/www.service-public.pf\/dca\/wp-json\/wp\/v2\/users\/46"}],"replies":[{"embeddable":true,"href":"https:\/\/www.service-public.pf\/dca\/wp-json\/wp\/v2\/comments?post=13660"}],"version-history":[{"count":1,"href":"https:\/\/www.service-public.pf\/dca\/wp-json\/wp\/v2\/pages\/13660\/revisions"}],"predecessor-version":[{"id":16641,"href":"https:\/\/www.service-public.pf\/dca\/wp-json\/wp\/v2\/pages\/13660\/revisions\/16641"}],"wp:attachment":[{"href":"https:\/\/www.service-public.pf\/dca\/wp-json\/wp\/v2\/media?parent=13660"}],"curies":[{"name":"wp","href":"https:\/\/api.w.org\/{rel}","templated":true}]}}