{"id":14041,"date":"2021-03-19T11:54:28","date_gmt":"2021-03-19T21:54:28","guid":{"rendered":"https:\/\/www.service-public.pf\/sau\/?page_id=14041"},"modified":"2024-07-25T15:08:12","modified_gmt":"2024-07-26T01:08:12","slug":"pga-de-nukuhiva","status":"publish","type":"page","link":"https:\/\/www.service-public.pf\/dca\/pga-de-nukuhiva\/","title":{"rendered":"PGA de Nuku Hiva"},"content":{"rendered":"<div class=\"fusion-fullwidth fullwidth-box fusion-builder-row-1 fusion-flex-container nonhundred-percent-fullwidth non-hundred-percent-height-scrolling\" style=\"--awb-border-radius-top-left:0px;--awb-border-radius-top-right:0px;--awb-border-radius-bottom-right:0px;--awb-border-radius-bottom-left:0px;--awb-background-image:linear-gradient(180deg, rgba(255,255,255,0) 0%,rgba(0,0,0,0.01) 100%);--awb-flex-wrap:wrap;\" ><div class=\"fusion-builder-row fusion-row fusion-flex-align-items-flex-start fusion-flex-content-wrap\" style=\"max-width:104%;margin-left: calc(-4% \/ 2 );margin-right: calc(-4% \/ 2 );\"><div class=\"fusion-layout-column fusion_builder_column fusion-builder-column-0 fusion_builder_column_1_1 1_1 fusion-flex-column\" style=\"--awb-padding-left:50px;--awb-bg-size:cover;--awb-width-large:100%;--awb-margin-top-large:0px;--awb-spacing-right-large:1.92%;--awb-margin-bottom-large:0px;--awb-spacing-left-large:1.92%;--awb-width-medium:100%;--awb-spacing-right-medium:1.92%;--awb-spacing-left-medium:1.92%;--awb-width-small:100%;--awb-spacing-right-small:1.92%;--awb-spacing-left-small:1.92%;\"><div class=\"fusion-column-wrapper fusion-flex-justify-content-flex-start fusion-content-layout-column\"><div class=\"fusion-text fusion-text-1\"><div class=\"cartouche\">\n<h2>PGA DE NUKU HIVA<\/h2>\n<\/div>\n<div class=\"chapo\">\n<p>\u00a0\u00bb <a href=\"https:\/\/www.service-public.pf\/sau\/wp-content\/uploads\/sites\/26\/2021\/03\/JOPF-2017-1-NS.pdf\">JOPF 2017 1 NS<\/a><\/p>\n<p>\u00bb\u00a0<strong>Liste des pi\u00e8ces<\/strong><\/p>\n<blockquote>\n<ul class=\"spip\">\n<li><a href=\"https:\/\/www.service-public.pf\/sau\/wp-content\/uploads\/sites\/26\/2021\/03\/P3_N\u00b031_Zonage-Nuku-Hiva-1-25000eme-1.pdf\">P3 N\u00b031 Zonage Nuku Hiva 1\/25000\u00e8me<\/a><\/li>\n<li><a href=\"https:\/\/www.service-public.pf\/sau\/wp-content\/uploads\/sites\/26\/2021\/03\/P4_N\u00b0312-a_Zonage-Taiohae_5000e-1.pdf\">P4 N\u00b0312 A Zonage Taiohae 5000\u00e8me<\/a><\/li>\n<li><a href=\"https:\/\/www.service-public.pf\/sau\/wp-content\/uploads\/sites\/26\/2021\/03\/P5_N\u00b0312-b_Emprises-reservees-Taiohae_5000e-1.pdf\">P5 N\u00b0312 B Emprises R\u00e9serv\u00e9es Taiohae 5000\u00e8me<\/a><\/li>\n<li><a href=\"https:\/\/www.service-public.pf\/sau\/wp-content\/uploads\/sites\/26\/2021\/03\/P6_N\u00b0313-a_Zonage-Taipivai_5000e.pdf\">P6 N\u00b0313 A Zonage Taipivai 5000\u00e8me<\/a><\/li>\n<li><a href=\"https:\/\/www.service-public.pf\/sau\/wp-content\/uploads\/sites\/26\/2021\/03\/P7_N\u00b0313-b_Emprises-reservees-Taipivai_5000e.pdf\">P7 N\u00b0313 B Emprises R\u00e9serv\u00e9es Taipivai 5000\u00e8me<\/a><\/li>\n<li><a href=\"https:\/\/www.service-public.pf\/sau\/wp-content\/uploads\/sites\/26\/2021\/03\/P8_N\u00b0311-1a_Zonage-Hatiheu_5000e.pdf\">P8 N\u00b0311 1a Zonage Hatiheu 5000\u00e8me<\/a><\/li>\n<li><a href=\"https:\/\/www.service-public.pf\/sau\/wp-content\/uploads\/sites\/26\/2021\/03\/P9_N\u00b0311-1b_Emprises-reservees-Hatiheu_5000e.pdf\">P9 N\u00b0311 1b Emprises R\u00e9serv\u00e9es Hatiheu 5000\u00e8me<\/a><\/li>\n<\/ul>\n<\/blockquote>\n<p>\u00bb\u00a0<a title=\"Consulter la carte interactive du PGA de Fakarava\" href=\"http:\/\/www.urbanisme.gov.pf\/IMG\/html\/ep\/pga\/pga-sig\/fakarava-pga.html\" target=\"_blank\" rel=\"noopener noreferrer\"><strong>Carte interactive du PGA de Fakarava<\/strong><\/a><\/p>\n<p>\u00bb\u00a0<strong>L\u2019espace maritime intracommunal<\/strong>\u00a0de la commune de Fakarava est class\u00e9 en aire prot\u00e9g\u00e9e de ressources naturelles g\u00e9r\u00e9es et d\u00e9fini comme une r\u00e9serve de biosph\u00e8re par l\u2019arr\u00eat\u00e9 n\u00b0\u00a0949\/CM du 18 juillet 2016.<\/p>\n<p>\u00bb\u00a0<strong>Chaque atoll<\/strong>\u00a0de la commune de Fakarava fait l\u2019objet d\u2019un arr\u00eat\u00e9 individuel de classement d\u00e9finissant ses propres objectifs de gestion ainsi que la d\u00e9limitation et les r\u00e9gimes respectifs de ses espaces naturels prot\u00e9g\u00e9s (activit\u00e9s r\u00e9glement\u00e9es et mesures d\u2019interdiction)\u00a0:<\/p>\n<blockquote>\n<ul class=\"spip\">\n<li>Atoll de ARATIKA\u00a0: Arr\u00eat\u00e9 n\u00b0\u00a0950 CM du 18\/07\/2016<\/li>\n<li>Atoll de FAKARAVA\u00a0: Arr\u00eat\u00e9 n\u00b0\u00a0951 CM du 18\/07\/2016<\/li>\n<li>Atoll de KAUEHI\u00a0: Arr\u00eat\u00e9 n\u00b0\u00a0952 CM du 18\/07\/2016<\/li>\n<li>Atoll de NIAU\u00a0: Arr\u00eat\u00e9 n\u00b0\u00a0953 CM du 18\/07\/2016<\/li>\n<li>Atoll de RARAKA\u00a0: Arr\u00eat\u00e9 n\u00b0\u00a0954 CM du 18\/07\/2016<\/li>\n<li>Atoll de TAIARO\u00a0: Arr\u00eat\u00e9 n\u00b0\u00a0955 CM du 18\/07\/2016<\/li>\n<li>Atoll de TOAU\u00a0: Arr\u00eat\u00e9 n\u00b0\u00a0956 CM du 18\/07\/2016<\/li>\n<\/ul>\n<\/blockquote>\n<p>\u00bb\u00a0<strong>Les documents<\/strong><\/p>\n<blockquote>\n<ul class=\"spip\">\n<li>En format papier sont consultables \u00e0 la Direction de la Construction et de l&rsquo;Am\u00e9nagement et \u00e0 la mairie.<\/li>\n<li>Les fichiers au format PDF peuvent \u00e9galement vous \u00eatre remis \u00e0 la Direction de la Construction et de l&rsquo;Am\u00e9nagement ou \u00e0 la mairie de Fakarava<\/li>\n<\/ul>\n<\/blockquote>\n<p>Pour toute information compl\u00e9mentaire, veuillez contacter la mairie de Fakarava.<\/p>\n<\/div>\n<\/div><\/div><\/div><\/div><\/div>\n","protected":false},"excerpt":{"rendered":"","protected":false},"author":46,"featured_media":0,"parent":0,"menu_order":0,"comment_status":"closed","ping_status":"closed","template":"","meta":{"_seopress_robots_primary_cat":"","_seopress_titles_title":"","_seopress_titles_desc":"","_seopress_robots_index":"","footnotes":""},"class_list":["post-14041","page","type-page","status-publish","hentry"],"_links":{"self":[{"href":"https:\/\/www.service-public.pf\/dca\/wp-json\/wp\/v2\/pages\/14041","targetHints":{"allow":["GET"]}}],"collection":[{"href":"https:\/\/www.service-public.pf\/dca\/wp-json\/wp\/v2\/pages"}],"about":[{"href":"https:\/\/www.service-public.pf\/dca\/wp-json\/wp\/v2\/types\/page"}],"author":[{"embeddable":true,"href":"https:\/\/www.service-public.pf\/dca\/wp-json\/wp\/v2\/users\/46"}],"replies":[{"embeddable":true,"href":"https:\/\/www.service-public.pf\/dca\/wp-json\/wp\/v2\/comments?post=14041"}],"version-history":[{"count":1,"href":"https:\/\/www.service-public.pf\/dca\/wp-json\/wp\/v2\/pages\/14041\/revisions"}],"predecessor-version":[{"id":16655,"href":"https:\/\/www.service-public.pf\/dca\/wp-json\/wp\/v2\/pages\/14041\/revisions\/16655"}],"wp:attachment":[{"href":"https:\/\/www.service-public.pf\/dca\/wp-json\/wp\/v2\/media?parent=14041"}],"curies":[{"name":"wp","href":"https:\/\/api.w.org\/{rel}","templated":true}]}}